{"id":17707,"date":"2022-02-14T21:37:00","date_gmt":"2022-02-14T21:37:00","guid":{"rendered":"https:\/\/www.manaycpa.com\/?page_id=17707"},"modified":"2022-08-04T13:26:27","modified_gmt":"2022-08-04T13:26:27","slug":"acerca-de","status":"publish","type":"page","link":"https:\/\/www.manaycpa.com\/es\/acerca-de\/","title":{"rendered":"Sobre"},"content":{"rendered":"<div class=\"wpb-content-wrapper\"><p>[vc_row full_width=&#8221;stretch_row&#8221; video_bg=&#8221;yes&#8221; video_bg_url=&#8221;https:\/\/www.youtube.com\/watch?v=EYIc9hkeTik&amp;t=6s&#8221; kd_image_overlay_color=&#8221;rgba(0,0,0,0.7)&#8221; kd_image_overlay=&#8221;true&#8221; css=&#8221;.vc_custom_1632211525706{padding-top: 260px !important;padding-bottom: 200px !important;background-image: url(https:\/\/www.manaycpa.com\/wp-content\/uploads\/2021\/09\/about-mobil-bg-web.jpg?id=14459) !important;background-position: center !important;background-repeat: no-repeat !important;background-size: cover !important;}&#8221;][vc_column css=&#8221;.vc_custom_1513003956648{padding-top: 0px !important;}&#8221;][vc_row_inner][vc_column_inner width=&#8221;1\/6&#8243; css=&#8221;.vc_custom_1513004658055{padding-top: 50px !important;padding-left: 0px !important;}&#8221;][\/vc_column_inner][vc_column_inner width=&#8221;2\/3&#8243; css=&#8221;.vc_custom_1513008591637{padding-right: 0px !important;padding-left: 0px !important;}&#8221;]<div class=\"kd-text-rotator kd-rotatorid-69f3689e25381 text-center  \"><div class=\"kd-text-rotator-container\"><h1 class=\"rotator-single kd-rotator-item-1 last\" style=\"transition: all 0.5s 0.5s; color: #ffffff; font-size: 30px;\">Una de las firmas de CPA de m\u00e1s r\u00e1pido crecimiento en los negocios internacionales<\/h1><\/div><\/div><header class=\"kd-section-title col-lg-12 text-center    \" ><h2 class=\"separator_off\" style=\"color: #ffffff;font-size: 24px !important;\">Bienvenido a Manay CPA<\/h2><\/header>[\/vc_column_inner][vc_column_inner width=&#8221;1\/6&#8243;][\/vc_column_inner][\/vc_row_inner][\/vc_column][\/vc_row][vc_row][vc_column]<div class=\"feature-sections-wrapper kd-fsp-69f3689e2557f \">\r\n            <section class=\"feature-sections-tabs  \">\r\n              <nav class=\"kd-feature-tabs\">\r\n                <ul class=\"nav nav-tabs sticky-tabs container\">\r\n                <\/ul>\r\n              <\/nav>\r\n            <\/section>\r\n            <section id=\"kd-fss-69f3689e25685\" class=\"featured-right \"><li class=\"nav-label\"><a class=\"feature-tabs-scroll\" href=\"#kd-fss-69f3689e25685\"><i class=\"iconsmind-Quill-2 iconsmind-Education fss-nav-icon\" style=\" \"><\/i> Sobre Nosotros<\/a><\/li><div class=\"container\">\r\n                <div class=\"side-content-wrapper \" ><h2 class=\"side-content-title\" >Sobre nosotros<\/h2><h6 class=\"side-content-subtitle\" >Valoramos servir a la comunidad local e internacional y crear una diferencia positiva en la vida de las personas.<\/h6><div class=\"side-content-text\" ><\/p>\n<ul>\n<li style=\"font-weight: 400;\" aria-level=\"1\"><span style=\"font-weight: 400;\">Atendemos 50 Estados<\/span><\/li>\n<li style=\"font-weight: 400;\" aria-level=\"1\"><span style=\"font-weight: 400;\">Comunicaci\u00f3n fluida y de bajo costo<\/span><\/li>\n<li style=\"font-weight: 400;\" aria-level=\"1\"><span style=\"font-weight: 400;\">Compromiso confiable y equipo dedicado<\/span><\/li>\n<\/ul>\n<p>\n<\/div><div class=\"side-content-link sc-primary-btn\"><a href=\"https:\/\/www.manaycpa.com\/es\/acerca-de\/acerca-de\/\" target=\"_blank\" title=\"CONOZCA SOBRE NOSOTROS\" class=\"tt_button tt_primary_button btn_primary_color button-action-link\">CONOZCA SOBRE NOSOTROS<\/a><\/div><\/div><div class=\"side-featured-wrapper fss-organic-2-rotate  fss-shadow-image\" >\r\n      <div class=\"featured-image\"><img decoding=\"async\" width=\"828\" height=\"828\" src=\"https:\/\/www.manaycpa.com\/wp-content\/uploads\/2021\/02\/IMG_7388-e1614422739228.png\" class=\"attachment-full\" alt=\"\" title=\"Manay CPA Atlanta, GA Tax and Accounting\" srcset=\"https:\/\/www.manaycpa.com\/wp-content\/uploads\/2021\/02\/IMG_7388-e1614422739228.png 828w, https:\/\/www.manaycpa.com\/wp-content\/uploads\/2021\/02\/IMG_7388-e1614422739228-800x800.png 800w, https:\/\/www.manaycpa.com\/wp-content\/uploads\/2021\/02\/IMG_7388-e1614422739228-300x300.png 300w, https:\/\/www.manaycpa.com\/wp-content\/uploads\/2021\/02\/IMG_7388-e1614422739228-150x150.png 150w, https:\/\/www.manaycpa.com\/wp-content\/uploads\/2021\/02\/IMG_7388-e1614422739228-768x768.png 768w, https:\/\/www.manaycpa.com\/wp-content\/uploads\/2021\/02\/IMG_7388-e1614422739228-320x320.png 320w\" sizes=\"(max-width: 828px) 100vw, 828px\" \/><\/div>\r\n    <\/div><\/div>\r\n            <\/section><section id=\"kd-fss-69f3689e25efe\" class=\"featured-left \"><li class=\"nav-label\"><a class=\"feature-tabs-scroll\" href=\"#kd-fss-69f3689e25efe\"><i class=\"iconsmind-Light-Bulb iconsmind-Objects fss-nav-icon\" style=\" \"><\/i> Por qu\u00e9 Manay CPA<\/a><\/li><div class=\"container\">\r\n                <div class=\"side-content-wrapper \" ><h2 class=\"side-content-title\" >Por qu\u00e9 Manay CPA<\/h2><h6 class=\"side-content-subtitle\" >Tenemos las habilidades y experiencias para descubrir posibilidades y la dedicaci\u00f3n para verlas.<\/h6><div class=\"side-content-text\" ><\/p>\n<ul>\n<li style=\"font-weight: 400;\" aria-level=\"1\"><span style=\"font-weight: 400;\">Seleccionada como una de las 25 mejores peque\u00f1as empresas del a\u00f1o<\/span><\/li>\n<li style=\"font-weight: 400;\" aria-level=\"1\"><span style=\"font-weight: 400;\">Socio de la C\u00e1mara de Comercio Hispana<\/span><\/li>\n<li style=\"font-weight: 400;\" aria-level=\"1\"><span style=\"font-weight: 400;\">Socio del Consejo de Amistad Turco Estadounidense (ATFC)<\/span><\/li>\n<\/ul>\n<p>\n<\/div><div class=\"side-content-link sc-primary-btn\"><a href=\"https:\/\/www.manaycpa.com\/es\/acerca-de\/por-que-manay-cpa\/\" target=\"_blank\" title=\"VEA POR QU\u00c9 SOMOS DIFERENTES\" class=\"tt_button tt_primary_button btn_primary_color button-action-link\">VEA POR QU\u00c9 SOMOS DIFERENTES<\/a><\/div><\/div><div class=\"side-featured-wrapper fss-organic-2  fss-shadow-image\" >\r\n      <div class=\"featured-image\"><img decoding=\"async\" width=\"1600\" height=\"1066\" src=\"https:\/\/www.manaycpa.com\/wp-content\/uploads\/2021\/08\/WhatsApp-Image-2021-08-05-at-20.04.58-2-1.jpeg\" class=\"attachment-full\" alt=\"\" title=\"Manay CPA has been selected as on of the top 30 small businesses of the year\" srcset=\"https:\/\/www.manaycpa.com\/wp-content\/uploads\/2021\/08\/WhatsApp-Image-2021-08-05-at-20.04.58-2-1.jpeg 1600w, https:\/\/www.manaycpa.com\/wp-content\/uploads\/2021\/08\/WhatsApp-Image-2021-08-05-at-20.04.58-2-1-300x200.jpeg 300w, https:\/\/www.manaycpa.com\/wp-content\/uploads\/2021\/08\/WhatsApp-Image-2021-08-05-at-20.04.58-2-1-1024x682.jpeg 1024w, https:\/\/www.manaycpa.com\/wp-content\/uploads\/2021\/08\/WhatsApp-Image-2021-08-05-at-20.04.58-2-1-768x512.jpeg 768w, https:\/\/www.manaycpa.com\/wp-content\/uploads\/2021\/08\/WhatsApp-Image-2021-08-05-at-20.04.58-2-1-1536x1023.jpeg 1536w\" sizes=\"(max-width: 1600px) 100vw, 1600px\" \/><\/div>\r\n    <\/div><\/div>\r\n            <\/section><section id=\"kd-fss-69f3689e2668f\" class=\"featured-right \"><li class=\"nav-label\"><a class=\"feature-tabs-scroll\" href=\"#kd-fss-69f3689e2668f\"><i class=\"iconsmind-Business-ManWoman iconsmind-People fss-nav-icon\" style=\" \"><\/i> Conozca a nuestro equipo<\/a><\/li><div class=\"container\">\r\n                <div class=\"side-content-wrapper \" ><h2 class=\"side-content-title\" >Conozca a nuestro equipo<\/h2><h6 class=\"side-content-subtitle\" >Manay CPA cuenta con un excelente equipo que comprende a profesionales estadounidenses e internacionales.<\/h6><div class=\"side-content-text\" ><\/p>\n<ul>\n<li style=\"font-weight: 400;\" aria-level=\"1\"><span style=\"font-weight: 400;\">Sin barreras idiom\u00e1ticas con cuatro idiomas diferentes.<\/span><\/li>\n<li style=\"font-weight: 400;\" aria-level=\"1\"><span style=\"font-weight: 400;\">Experiencia avanzada en el negocio.<\/span><\/li>\n<li style=\"font-weight: 400;\" aria-level=\"1\"><span style=\"font-weight: 400;\">Siempre dispuesto a ayudar y sonriendo<\/span><\/li>\n<\/ul>\n<p>\n<\/div><div class=\"side-content-link sc-primary-btn\"><a href=\"https:\/\/www.manaycpa.com\/es\/acerca-de\/nuestro-equipo\/\" target=\"_blank\" title=\"CONOZCA A NUESTRO EQUIPO\" class=\"tt_button tt_primary_button btn_primary_color button-action-link\">CONOZCA A NUESTRO EQUIPO<\/a><\/div><\/div><div class=\"side-featured-wrapper fss-organic-2-rotate  fss-shadow-image\" >\r\n      <div class=\"featured-image\"><img decoding=\"async\" width=\"1708\" height=\"1689\" src=\"https:\/\/www.manaycpa.com\/wp-content\/uploads\/2022\/02\/our_team.jpeg\" class=\"attachment-full\" alt=\"\" title=\"our_team\" srcset=\"https:\/\/www.manaycpa.com\/wp-content\/uploads\/2022\/02\/our_team.jpeg 1708w, https:\/\/www.manaycpa.com\/wp-content\/uploads\/2022\/02\/our_team-300x297.jpeg 300w, https:\/\/www.manaycpa.com\/wp-content\/uploads\/2022\/02\/our_team-1024x1013.jpeg 1024w, https:\/\/www.manaycpa.com\/wp-content\/uploads\/2022\/02\/our_team-768x759.jpeg 768w, https:\/\/www.manaycpa.com\/wp-content\/uploads\/2022\/02\/our_team-1536x1519.jpeg 1536w\" sizes=\"(max-width: 1708px) 100vw, 1708px\" \/><\/div>\r\n    <\/div><\/div>\r\n            <\/section><section id=\"kd-fss-69f3689e26c1d\" class=\"featured-left \"><li class=\"nav-label\"><a class=\"feature-tabs-scroll\" href=\"#kd-fss-69f3689e26c1d\"><i class=\"iconsmind-Password iconsmind-Security fss-nav-icon\" style=\" \"><\/i> Oportunidades profesionales<\/a><\/li><div class=\"container\">\r\n                <div class=\"side-content-wrapper \" ><h2 class=\"side-content-title\" >Oportunidades profesionales<\/h2><h6 class=\"side-content-subtitle\" >Siendo una de las firmas de CPA de m\u00e1s r\u00e1pido crecimiento en los negocios internacionales, estamos entusiasmados de expandir nuestras operaciones a nivel mundial.<\/h6><div class=\"side-content-text\" ><\/p>\n<ul>\n<li style=\"font-weight: 400;\" aria-level=\"1\"><span style=\"font-weight: 400;\">Si eres un apasionado de los negocios<\/span><\/li>\n<li style=\"font-weight: 400;\" aria-level=\"1\"><span style=\"font-weight: 400;\">Si quieres invertir en tu carrera<\/span><\/li>\n<li style=\"font-weight: 400;\" aria-level=\"1\"><span style=\"font-weight: 400;\">Si quieres marcar la diferencia<\/span><\/li>\n<\/ul>\n<p>\n<\/div><div class=\"side-content-link sc-primary-btn\"><a href=\"https:\/\/www.manaycpa.com\/es\/acerca-de\/carreras\/\" target=\"_blank\" title=\"SE PARTE DE NUESTRO VIAJE\" class=\"tt_button tt_primary_button btn_primary_color button-action-link\">SE PARTE DE NUESTRO VIAJE<\/a><\/div><\/div><div class=\"side-featured-wrapper fss-organic-2\" >\r\n      <div class=\"featured-image\"><img decoding=\"async\" width=\"990\" height=\"532\" src=\"https:\/\/www.manaycpa.com\/wp-content\/uploads\/2021\/02\/side-section12mnyy4-e1614362974975.jpg\" class=\"attachment-full\" alt=\"\" title=\"Career Opportunities in Manay CPA\" srcset=\"https:\/\/www.manaycpa.com\/wp-content\/uploads\/2021\/02\/side-section12mnyy4-e1614362974975.jpg 990w, https:\/\/www.manaycpa.com\/wp-content\/uploads\/2021\/02\/side-section12mnyy4-e1614362974975-800x430.jpg 800w, https:\/\/www.manaycpa.com\/wp-content\/uploads\/2021\/02\/side-section12mnyy4-e1614362974975-300x161.jpg 300w, https:\/\/www.manaycpa.com\/wp-content\/uploads\/2021\/02\/side-section12mnyy4-e1614362974975-768x413.jpg 768w\" sizes=\"(max-width: 990px) 100vw, 990px\" \/><\/div>\r\n    <\/div><\/div>\r\n            <\/section>\r\n            <\/div><style type=\"text\/css\"><\/style>[\/vc_column][\/vc_row][vc_row full_width=&#8221;stretch_row&#8221; css=&#8221;.vc_custom_1619453169811{padding-top: 50px !important;}&#8221;][vc_column css=&#8221;.vc_custom_1516029502203{padding-right: 0px !important;padding-left: 0px !important;}&#8221;][vc_empty_space height=&#8221;50px&#8221;][vc_row_inner][vc_column_inner]<header class=\"kd-section-title vc_col-lg-6 vc_col-sm-8 text-center  kd-animated fadeIn   vc_custom_1644875178614\" data-animation-delay=200><h2 class=\"separator_off\" style=\"font-size: 37px !important;line-height: 44px !important;\">Lo que Dicen Nuestros Clientes<\/h2><\/header>[\/vc_column_inner][\/vc_row_inner][vc_row_inner css=&#8221;.vc_custom_1516030120585{padding-bottom: 80px !important;}&#8221;][vc_column_inner css=&#8221;.vc_custom_1516029494833{padding-right: 0px !important;padding-left: 0px !important;}&#8221;]\r\n                <div class=\"review-carousel rc-parent kd-rwc-69f3689e271f2 black-navigation nav-arrows-dots\">\r\n                    <div class=\"rc-content\">\r\n                <div class=\"key-reviews  \"  ><div class=\"rw-author-details\"><div class=\"rw_img_wrapper\">\r\n                            <div class=\"rw-authorimg\"><img decoding=\"async\" width=\"150\" height=\"150\" src=\"https:\/\/www.manaycpa.com\/wp-content\/uploads\/2022\/02\/shantia-warren-1.jpeg\" class=\"attachment-full\" alt=\"\" title=\"shantia-warren-1\" \/><\/div>\r\n                        <\/div><h5 >Shantia Warren<\/h5>\r\n                      <p ><\/p>\r\n                    <\/div><div class=\"rw_message\" >Son muy profesionales y serviciales. Necesitaba hacer mis impuestos r\u00e1pidamente, y sin dudarlo pudieron incluirme en su horario. \u00a1Gran Servicio!<\/div><div class=\"rw_rating\">\r\n                         <span class=\"fa fa-star\" style=\"color: #ffc662;\"><\/span><span class=\"fa fa-star\" style=\"color: #ffc662;\"><\/span><span class=\"fa fa-star\" style=\"color: #ffc662;\"><\/span><span class=\"fa fa-star\" style=\"color: #ffc662;\"><\/span><span class=\"fa fa-star\" style=\"color: #ffc662;\"><\/span>\r\n                      <\/div><\/div>\r\n                <div class=\"key-reviews  \"  ><div class=\"rw-author-details\"><div class=\"rw_img_wrapper\">\r\n                            <div class=\"rw-authorimg\"><img decoding=\"async\" width=\"1000\" height=\"1000\" src=\"https:\/\/www.manaycpa.com\/wp-content\/uploads\/2022\/02\/pexels-christina-morillo-1181327-1-1.png\" class=\"attachment-full\" alt=\"\" title=\"pexels-christina-morillo-1181327-1-1\" srcset=\"https:\/\/www.manaycpa.com\/wp-content\/uploads\/2022\/02\/pexels-christina-morillo-1181327-1-1.png 1000w, https:\/\/www.manaycpa.com\/wp-content\/uploads\/2022\/02\/pexels-christina-morillo-1181327-1-1-300x300.png 300w, https:\/\/www.manaycpa.com\/wp-content\/uploads\/2022\/02\/pexels-christina-morillo-1181327-1-1-150x150.png 150w, https:\/\/www.manaycpa.com\/wp-content\/uploads\/2022\/02\/pexels-christina-morillo-1181327-1-1-768x768.png 768w, https:\/\/www.manaycpa.com\/wp-content\/uploads\/2022\/02\/pexels-christina-morillo-1181327-1-1-320x320.png 320w\" sizes=\"(max-width: 1000px) 100vw, 1000px\" \/><\/div>\r\n                        <\/div><h5 >Lewanna Brown<\/h5>\r\n                      <p >Propietario de Copper Cove<\/p>\r\n                    <\/div><div class=\"rw_message\" >Manejan las cosas, que de otra manera me llevar\u00eda todo el d\u00eda y siempre me mantienen actualizado. El equipo siempre responde el tel\u00e9fono con paciencia para cada pregunta y solicitud improvisada.<\/div><div class=\"rw_rating\">\r\n                         <span class=\"fa fa-star\" style=\"color: #ffc662;\"><\/span><span class=\"fa fa-star\" style=\"color: #ffc662;\"><\/span><span class=\"fa fa-star\" style=\"color: #ffc662;\"><\/span><span class=\"fa fa-star\" style=\"color: #ffc662;\"><\/span><span class=\"fa fa-star\" style=\"color: #ffc662;\"><\/span>\r\n                      <\/div><\/div>\r\n                <div class=\"key-reviews  \"  ><div class=\"rw-author-details\"><div class=\"rw_img_wrapper\">\r\n                            <div class=\"rw-authorimg\"><img decoding=\"async\" width=\"150\" height=\"150\" src=\"https:\/\/www.manaycpa.com\/wp-content\/uploads\/2022\/02\/kim-howell.jpeg\" class=\"attachment-full\" alt=\"\" title=\"kim-howell\" \/><\/div>\r\n                        <\/div><h5 >Kim Howell<\/h5>\r\n                      <p ><\/p>\r\n                    <\/div><div class=\"rw_message\" >He usado Manay CPA durante muchos a\u00f1os, porque se que puedo confiar en ellos. Son sinceros amables y profesionales. Los recomiendo todo el tiempo a amigos, gente con las que trabajo, etc.<\/div><div class=\"rw_rating\">\r\n                         <span class=\"fa fa-star\" style=\"color: #ffc662;\"><\/span><span class=\"fa fa-star\" style=\"color: #ffc662;\"><\/span><span class=\"fa fa-star\" style=\"color: #ffc662;\"><\/span><span class=\"fa fa-star\" style=\"color: #ffc662;\"><\/span><span class=\"fa fa-star\" style=\"color: #ffc662;\"><\/span>\r\n                      <\/div><\/div>\r\n                <div class=\"key-reviews  \"  ><div class=\"rw-author-details\"><div class=\"rw_img_wrapper\">\r\n                            <div class=\"rw-authorimg\"><img decoding=\"async\" width=\"150\" height=\"150\" src=\"https:\/\/www.manaycpa.com\/wp-content\/uploads\/2022\/02\/damir-tahirovic.jpeg\" class=\"attachment-full\" alt=\"\" title=\"damir-tahirovic\" \/><\/div>\r\n                        <\/div><h5 >Damir Tahirovic<\/h5>\r\n                      <p ><\/p>\r\n                    <\/div><div class=\"rw_message\" >He estado haciendo impuestos comerciales y personales con Manay CPA durante muchos a\u00f1os. Son muy profesionales y hacen un trabajo de calidad. \u00a1Estoy seguro de que la relaci\u00f3n crecer\u00e1 a lo largo de mis pr\u00f3ximos proyectos comerciales!<\/div><div class=\"rw_rating\">\r\n                         <span class=\"fa fa-star\" style=\"color: #ffc662;\"><\/span><span class=\"fa fa-star\" style=\"color: #ffc662;\"><\/span><span class=\"fa fa-star\" style=\"color: #ffc662;\"><\/span><span class=\"fa fa-star\" style=\"color: #ffc662;\"><\/span><span class=\"fa fa-star\" style=\"color: #ffc662;\"><\/span>\r\n                      <\/div><\/div>\r\n                <div class=\"key-reviews  \"  ><div class=\"rw-author-details\"><div class=\"rw_img_wrapper\">\r\n                            <div class=\"rw-authorimg\"><img decoding=\"async\" width=\"150\" height=\"150\" src=\"https:\/\/www.manaycpa.com\/wp-content\/uploads\/2022\/02\/joseph-namioma.jpeg\" class=\"attachment-full\" alt=\"\" title=\"joseph-namioma\" \/><\/div>\r\n                        <\/div><h5 >Joseph Nesiama<\/h5>\r\n                      <p >Propietario de FON Solutions LLC<\/p>\r\n                    <\/div><div class=\"rw_message\" >Son muy profesionales y receptivos. Siempre est\u00e1n dispuestos a ayudar. Es un gran valor por lo que pagas. Como propietario de una peque\u00f1a empresa, han hecho que el funcionamiento de mi negocio sea mucho m\u00e1s f\u00e1cil.<\/div><div class=\"rw_rating\">\r\n                         <span class=\"fa fa-star\" style=\"color: #ffc662;\"><\/span><span class=\"fa fa-star\" style=\"color: #ffc662;\"><\/span><span class=\"fa fa-star\" style=\"color: #ffc662;\"><\/span><span class=\"fa fa-star\" style=\"color: #ffc662;\"><\/span><span class=\"fa fa-star\" style=\"color: #ffc662;\"><\/span>\r\n                      <\/div><\/div><\/div>\r\n                <\/div><script type=\"text\/javascript\">\r\n          \t\t\t\tjQuery(document).ready(function($){\r\n                    if ($(\".review-carousel.kd-rwc-69f3689e271f2 .rc-content\").length) {\r\n                      $(\".review-carousel.kd-rwc-69f3689e271f2 .rc-content\").owlCarousel({\r\n                        stageClass: \"owl-wrapper\",\r\n                        stageOuterClass: \"owl-wrapper-outer\",\r\n                        loadedClass: \"owl-carousel\",\r\n                        responsive:{\r\n                            0:{\r\n                                items:1,\r\n                                dots: false,\r\n                                nav: true,\r\n                                navSpeed: 500,\r\n                            },\r\n                            768:{\r\n                                items:2,\r\n                            },\r\n                            1024:{\r\n                                items:3,\r\n                            },\r\n                            1366:{\nnav: true,\r\n                                  navSpeed: 500,\r\n                                  dots: true,\r\n                                  dotsSpeed: 500,\r\n                                  dotsEach: true,}\r\n                        },loop: true,rewind: true,\r\n                        addClassActive: true,\r\n                      });\r\n                    }\r\n          \t\t\t\t});\r\n          \t\t\t<\/script>[\/vc_column_inner][\/vc_row_inner][\/vc_column][\/vc_row][vc_row css=&#8221;.vc_custom_1614250625938{padding-bottom: 100px !important;}&#8221;][vc_column width=&#8221;1\/6&#8243;][\/vc_column][vc_column width=&#8221;2\/3&#8243;][vc_custom_heading text=&#8221;Suscr\u00edbase a nuestro bolet\u00edn, reciba consejos financieros, fechas de vencimiento de impuestos y estrategias fiscales en su bandeja de entrada&#8221; font_container=&#8221;tag:h3|text_align:center&#8221; use_theme_fonts=&#8221;yes&#8221; css_animation=&#8221;fadeIn&#8221; css=&#8221;.vc_custom_1644874538390{margin-bottom: 50px !important;}&#8221;][vc_empty_space][vc_raw_js]JTNDc2NyaXB0JTIwY2hhcnNldCUzRCUyMnV0Zi04JTIyJTIwdHlwZSUzRCUyMnRleHQlMkZqYXZhc2NyaXB0JTIyJTIwc3JjJTNEJTIyJTJGJTJGanMuaHNmb3Jtcy5uZXQlMkZmb3JtcyUyRnYyLmpzJTIyJTNFJTNDJTJGc2NyaXB0JTNFJTBBJTNDc2NyaXB0JTNFJTBBJTIwJTIwaGJzcHQuZm9ybXMuY3JlYXRlJTI4JTdCJTBBJTIwJTIwJTIwJTIwcmVnaW9uJTNBJTIwJTIybmExJTIyJTJDJTBBJTIwJTIwJTIwJTIwcG9ydGFsSWQlM0ElMjAlMjI2ODU1Njc0JTIyJTJDJTBBJTIwJTIwJTIwJTIwZm9ybUlkJTNBJTIwJTIyYThlN2ViMWEtZTU4Mi00MDA3LTk2NGEtZmE3ZTdkMjY2Mjg0JTIyJTBBJTIwJTIwJTdEJTI5JTNCJTBBJTNDJTJGc2NyaXB0JTNF[\/vc_raw_js][\/vc_column][vc_column width=&#8221;1\/6&#8243;][\/vc_column][\/vc_row]<\/p>\n<\/div>","protected":false},"excerpt":{"rendered":"<p>[vc_row full_width=&#8221;stretch_row&#8221; video_bg=&#8221;yes&#8221; video_bg_url=&#8221;https:\/\/www.youtube.com\/watch?v=EYIc9hkeTik&amp;t=6s&#8221; kd_image_overlay_color=&#8221;rgba(0,0,0,0.7)&#8221; kd_image_overlay=&#8221;true&#8221; css=&#8221;.vc_custom_1632211525706{padding-top: 260px !important;padding-bottom: 200px !important;background-image: url(https:\/\/www.manaycpa.com\/wp-content\/uploads\/2021\/09\/about-mobil-bg-web.jpg?id=14459) !important;background-position: center !important;background-repeat: no-repeat !important;background-size: cover !important;}&#8221;][vc_column css=&#8221;.vc_custom_1513003956648{padding-top: 0px !important;}&#8221;][vc_row_inner][vc_column_inner width=&#8221;1\/6&#8243; css=&#8221;.vc_custom_1513004658055{padding-top: 50px !important;padding-left: 0px !important;}&#8221;][\/vc_column_inner][vc_column_inner width=&#8221;2\/3&#8243; css=&#8221;.vc_custom_1513008591637{padding-right: [&hellip;]<\/p>\n","protected":false},"author":8,"featured_media":17714,"parent":0,"menu_order":0,"comment_status":"closed","ping_status":"closed","template":"","meta":{"footnotes":""},"class_list":["post-17707","page","type-page","status-publish","has-post-thumbnail","hentry"],"_links":{"self":[{"href":"https:\/\/www.manaycpa.com\/es\/wp-json\/wp\/v2\/pages\/17707","targetHints":{"allow":["GET"]}}],"collection":[{"href":"https:\/\/www.manaycpa.com\/es\/wp-json\/wp\/v2\/pages"}],"about":[{"href":"https:\/\/www.manaycpa.com\/es\/wp-json\/wp\/v2\/types\/page"}],"author":[{"embeddable":true,"href":"https:\/\/www.manaycpa.com\/es\/wp-json\/wp\/v2\/users\/8"}],"replies":[{"embeddable":true,"href":"https:\/\/www.manaycpa.com\/es\/wp-json\/wp\/v2\/comments?post=17707"}],"version-history":[{"count":0,"href":"https:\/\/www.manaycpa.com\/es\/wp-json\/wp\/v2\/pages\/17707\/revisions"}],"wp:featuredmedia":[{"embeddable":true,"href":"https:\/\/www.manaycpa.com\/es\/wp-json\/wp\/v2\/media\/17714"}],"wp:attachment":[{"href":"https:\/\/www.manaycpa.com\/es\/wp-json\/wp\/v2\/media?parent=17707"}],"curies":[{"name":"wp","href":"https:\/\/api.w.org\/{rel}","templated":true}]}}