{"id":18399,"date":"2022-03-02T13:21:00","date_gmt":"2022-03-02T13:21:00","guid":{"rendered":"https:\/\/www.manaycpa.com\/?page_id=18399"},"modified":"2022-03-27T14:44:01","modified_gmt":"2022-03-27T14:44:01","slug":"especialista-en-contabilidad-estados-unidos","status":"publish","type":"page","link":"https:\/\/www.manaycpa.com\/es\/acerca-de\/carreras\/especialista-en-contabilidad-estados-unidos\/","title":{"rendered":"Especialista en Contabilidad Estados Unidos"},"content":{"rendered":"<div class=\"wpb-content-wrapper\"><p>[vc_row full_width=&#8221;stretch_row&#8221; css=&#8221;.vc_custom_1632849738975{margin-right: 15px !important;padding-top: 200px !important;padding-bottom: 150px !important;background-image: url(https:\/\/www.manaycpa.com\/wp-content\/uploads\/2021\/05\/pexels-sora-shimazaki-5668517-1-1.jpg?id=11801) !important;background-position: center !important;background-repeat: no-repeat !important;background-size: cover !important;}&#8221;][vc_column width=&#8221;1\/2&#8243; offset=&#8221;vc_col-lg-6 vc_col-md-12&#8243;][vc_empty_space height=&#8221;50px&#8221;]<header class=\"kd-section-title col-lg-12 text-left  kd-animated fadeIn  \" data-animation-delay=200><h6 class=\"subtitle \" style=\"color: #ffffff;font-size: 37px;\">Especialista en contabilidad<br \/>\n(Estados Unidos)<\/h6><\/header>[vc_empty_space height=&#8221;10px&#8221;][vc_column_text]<span style=\"color: #ffffff;\">Especialista en contabilidad de tiempo completo necesario para los servicios de impuestos, contabilidad y tenedur\u00eda de libros de una peque\u00f1a empresa de contadores p\u00fablicos.<br \/>\n<\/span>[\/vc_column_text][vc_empty_space height=&#8221;50px&#8221;][\/vc_column][vc_column width=&#8221;2\/12&#8243;][\/vc_column][vc_column width=&#8221;1\/12&#8243; css=&#8221;.vc_custom_1614433959368{padding-top: 50px !important;padding-right: 50px !important;padding-bottom: 23px !important;padding-left: 50px !important;}&#8221; offset=&#8221;vc_col-lg-4 vc_col-md-12&#8243; el_class=&#8221;with-shadow&#8221; el_id=&#8221;contact-form-box&#8221;][\/vc_column][\/vc_row][vc_row css=&#8221;.vc_custom_1614435120364{padding-top: 60px !important;padding-bottom: 60px !important;}&#8221;][vc_column][vc_column_text css=&#8221;.vc_custom_1646227253707{padding-bottom: 60px !important;}&#8221;]<\/p>\n<div id=\"job-details\" class=\"jobs-box__html-content jobs-description-content__text t-14 t-normal\" tabindex=\"-1\" data-artdeco-is-focused=\"true\">\n<p><span style=\"font-weight: 400;\"><strong>Nota importante: <\/strong>Proporcione una carta de presentaci\u00f3n junto con su solicitud que incluya sus objetivos profesionales y expectativas de pago.<\/span><\/p>\n<p><b>Sus responsabilidades incluir\u00e1n, entre otras, las siguientes:<\/b><\/p>\n<ul>\n<li style=\"font-weight: 400;\" aria-level=\"1\"><span style=\"font-weight: 400;\">Adquisici\u00f3n y retenci\u00f3n de clientes<\/span><\/li>\n<li style=\"font-weight: 400;\" aria-level=\"1\"><span style=\"font-weight: 400;\">Organice y actualice los registros financieros seg\u00fan sea necesario (digitales y f\u00edsicos)<\/span><\/li>\n<li style=\"font-weight: 400;\" aria-level=\"1\"><span style=\"font-weight: 400;\">Analizar transacciones y preparar informes<\/span><\/li>\n<li style=\"font-weight: 400;\" aria-level=\"1\"><span style=\"font-weight: 400;\">Realice auditor\u00edas peri\u00f3dicas y detalladas para garantizar la precisi\u00f3n de los documentos financieros, los gastos y las inversiones.<\/span><\/li>\n<li style=\"font-weight: 400;\" aria-level=\"1\"><span style=\"font-weight: 400;\">Pronostique los ingresos y analice los m\u00e1rgenes de beneficio<\/span><\/li>\n<li style=\"font-weight: 400;\" aria-level=\"1\"><span style=\"font-weight: 400;\">Supervisar la conciliaci\u00f3n del libro mayor y administrar las cuentas por pagar \/ por cobrar<\/span><\/li>\n<li style=\"font-weight: 400;\" aria-level=\"1\"><span style=\"font-weight: 400;\">Participar en los procesos de presupuestaci\u00f3n<\/span><\/li>\n<li style=\"font-weight: 400;\" aria-level=\"1\"><span style=\"font-weight: 400;\">Informar peri\u00f3dicamente a los altos ejecutivos de los clientes sobre el estado financiero de la empresa.<\/span><\/li>\n<li style=\"font-weight: 400;\" aria-level=\"1\"><span style=\"font-weight: 400;\">Supervisar las actividades de contabilidad con regularidad<\/span><\/li>\n<li style=\"font-weight: 400;\" aria-level=\"1\"><span style=\"font-weight: 400;\">Mantener la confidencialidad de la informaci\u00f3n financiera de la empresa<\/span><\/li>\n<li style=\"font-weight: 400;\" aria-level=\"1\"><span style=\"font-weight: 400;\">Establecer pol\u00edticas y procedimientos contables.<\/span><\/li>\n<li style=\"font-weight: 400;\" aria-level=\"1\"><span style=\"font-weight: 400;\">Aseg\u00farese de que los proyectos se mantengan dentro del presupuesto<\/span><\/li>\n<li style=\"font-weight: 400;\" aria-level=\"1\"><span style=\"font-weight: 400;\">Publicar estados financieros auditados<\/span><\/li>\n<li style=\"font-weight: 400;\" aria-level=\"1\"><span style=\"font-weight: 400;\">Trabajar con ejecutivos y directores ejecutivos para establecer presupuestos.<\/span><\/li>\n<li style=\"font-weight: 400;\" aria-level=\"1\"><span style=\"font-weight: 400;\">Conciliar todas las cuentas del balance; revisar la precisi\u00f3n de las entradas y preparar informes mensuales y entradas de diario, seg\u00fan sea necesario<\/span><\/li>\n<li style=\"font-weight: 400;\" aria-level=\"1\"><span style=\"font-weight: 400;\">Mantenimiento del libro mayor<\/span><\/li>\n<li style=\"font-weight: 400;\" aria-level=\"1\"><span style=\"font-weight: 400;\">Mantener los documentos comerciales requeridos<\/span><\/li>\n<li style=\"font-weight: 400;\" aria-level=\"1\"><span style=\"font-weight: 400;\">Supervisar \/ preparar 1099 anuales, declaraciones de impuestos corporativas e individuales anuales<\/span><\/li>\n<li style=\"font-weight: 400;\" aria-level=\"1\"><span style=\"font-weight: 400;\">Asistencia con el presupuesto anual y el proceso de auditor\u00eda<\/span><\/li>\n<li style=\"font-weight: 400;\" aria-level=\"1\"><span style=\"font-weight: 400;\">Mantener archivos de retenci\u00f3n de documentos financieros<\/span><\/li>\n<li style=\"font-weight: 400;\" aria-level=\"1\"><span style=\"font-weight: 400;\">Informes de dep\u00f3sitos y caja<\/span><\/li>\n<li style=\"font-weight: 400;\" aria-level=\"1\"><span style=\"font-weight: 400;\">Realizar otras tareas relacionadas que puedan ser solicitadas por el presidente y socio gerente de Manay CPA<\/span><\/li>\n<\/ul>\n<p><b>REQUISITOS:<\/b><\/p>\n<ul>\n<li style=\"font-weight: 400;\" aria-level=\"1\"><span style=\"font-weight: 400;\">Competente en software de contabilidad (experiencia m\u00ednima de 3 a\u00f1os)<\/span><\/li>\n<li style=\"font-weight: 400;\" aria-level=\"1\"><span style=\"font-weight: 400;\">Amplio conocimiento de los principios contables generalmente aceptados<\/span><\/li>\n<li style=\"font-weight: 400;\" aria-level=\"1\"><span style=\"font-weight: 400;\">3-5 a\u00f1os de experiencia en contabilidad de carga completa<\/span><\/li>\n<li style=\"font-weight: 400;\" aria-level=\"1\"><span style=\"font-weight: 400;\">La experiencia fiscal internacional es una ventaja<\/span><\/li>\n<li style=\"font-weight: 400;\" aria-level=\"1\"><span style=\"font-weight: 400;\">Capacidad para priorizar y realizar m\u00faltiples tareas en un entorno de trabajo acelerado<\/span><\/li>\n<li style=\"font-weight: 400;\" aria-level=\"1\"><span style=\"font-weight: 400;\">Altamente organizado y orientado a los detalles<\/span><\/li>\n<li style=\"font-weight: 400;\" aria-level=\"1\"><span style=\"font-weight: 400;\">Mant\u00e9ngase informado sobre los desarrollos de la industria y los cambios en las regulaciones.<\/span><\/li>\n<li style=\"font-weight: 400;\" aria-level=\"1\"><span style=\"font-weight: 400;\">Se requiere licencia de CPA activa<\/span><\/li>\n<li style=\"font-weight: 400;\" aria-level=\"1\"><span style=\"font-weight: 400;\">Habilidades de gesti\u00f3n o voluntad de capacitarse para ser gerente.<\/span><\/li>\n<li style=\"font-weight: 400;\" aria-level=\"1\"><span style=\"font-weight: 400;\">La experiencia en impuestos individuales y comerciales es imprescindible.<\/span><\/li>\n<li style=\"font-weight: 400;\" aria-level=\"1\"><span style=\"font-weight: 400;\">La experiencia sin fines de lucro es una ventaja, incluido el trabajo de auditor\u00eda de beneficios para empleados y organizaciones sin fines de lucro<\/span><\/li>\n<li style=\"font-weight: 400;\" aria-level=\"1\"><span style=\"font-weight: 400;\">Capaz de administrar proyectos de informes y contabilidad financiera con y sin fines de lucro<\/span><\/li>\n<li style=\"font-weight: 400;\" aria-level=\"1\"><span style=\"font-weight: 400;\">Capaz de completar tareas de manera precisa y oportuna con una supervisi\u00f3n m\u00ednima<\/span><\/li>\n<li style=\"font-weight: 400;\" aria-level=\"1\"><span style=\"font-weight: 400;\">Fuertes habilidades de comunicaci\u00f3n verbal y escrita.<\/span><\/li>\n<li style=\"font-weight: 400;\" aria-level=\"1\"><span style=\"font-weight: 400;\">Prospera en un entorno de oficina colaborativo y de trabajo en equipo<\/span><\/li>\n<li style=\"font-weight: 400;\" aria-level=\"1\"><span style=\"font-weight: 400;\">Capacidad para interactuar bien con el personal y los contactos externos de la Autoridad<\/span><\/li>\n<li style=\"font-weight: 400;\" aria-level=\"1\"><span style=\"font-weight: 400;\">Capacidad probada para mantener la confidencialidad<\/span><\/li>\n<li style=\"font-weight: 400;\" aria-level=\"1\"><span style=\"font-weight: 400;\">Fuertes habilidades organizativas<\/span><\/li>\n<\/ul>\n<\/div>\n<p>[\/vc_column_text][vc_raw_js]JTNDc2NyaXB0JTIwY2hhcnNldCUzRCUyMnV0Zi04JTIyJTIwdHlwZSUzRCUyMnRleHQlMkZqYXZhc2NyaXB0JTIyJTIwc3JjJTNEJTIyJTJGJTJGanMuaHNmb3Jtcy5uZXQlMkZmb3JtcyUyRnNoZWxsLmpzJTIyJTNFJTNDJTJGc2NyaXB0JTNFJTBBJTNDc2NyaXB0JTNFJTBBJTIwJTIwaGJzcHQuZm9ybXMuY3JlYXRlJTI4JTdCJTBBJTA5cmVnaW9uJTNBJTIwJTIybmExJTIyJTJDJTBBJTA5cG9ydGFsSWQlM0ElMjAlMjI2ODU1Njc0JTIyJTJDJTBBJTA5Zm9ybUlkJTNBJTIwJTIyMjg3ZDJiOGYtYzU5ZS00MGQwLThlZjAtNzk1MWVmNTk4N2VkJTIyJTBBJTdEJTI5JTNCJTBBJTNDJTJGc2NyaXB0JTNF[\/vc_raw_js][\/vc_column][\/vc_row]<\/p>\n<\/div>","protected":false},"excerpt":{"rendered":"<p>[vc_row full_width=&#8221;stretch_row&#8221; css=&#8221;.vc_custom_1632849738975{margin-right: 15px !important;padding-top: 200px !important;padding-bottom: 150px !important;background-image: url(https:\/\/www.manaycpa.com\/wp-content\/uploads\/2021\/05\/pexels-sora-shimazaki-5668517-1-1.jpg?id=11801) !important;background-position: center !important;background-repeat: no-repeat !important;background-size: cover !important;}&#8221;][vc_column width=&#8221;1\/2&#8243; offset=&#8221;vc_col-lg-6 vc_col-md-12&#8243;][vc_empty_space height=&#8221;50px&#8221;][vc_empty_space height=&#8221;10px&#8221;][vc_column_text]Especialista en contabilidad de tiempo completo necesario para los [&hellip;]<\/p>\n","protected":false},"author":8,"featured_media":17714,"parent":18366,"menu_order":0,"comment_status":"closed","ping_status":"closed","template":"","meta":{"footnotes":""},"class_list":["post-18399","page","type-page","status-publish","has-post-thumbnail","hentry"],"_links":{"self":[{"href":"https:\/\/www.manaycpa.com\/es\/wp-json\/wp\/v2\/pages\/18399","targetHints":{"allow":["GET"]}}],"collection":[{"href":"https:\/\/www.manaycpa.com\/es\/wp-json\/wp\/v2\/pages"}],"about":[{"href":"https:\/\/www.manaycpa.com\/es\/wp-json\/wp\/v2\/types\/page"}],"author":[{"embeddable":true,"href":"https:\/\/www.manaycpa.com\/es\/wp-json\/wp\/v2\/users\/8"}],"replies":[{"embeddable":true,"href":"https:\/\/www.manaycpa.com\/es\/wp-json\/wp\/v2\/comments?post=18399"}],"version-history":[{"count":0,"href":"https:\/\/www.manaycpa.com\/es\/wp-json\/wp\/v2\/pages\/18399\/revisions"}],"up":[{"embeddable":true,"href":"https:\/\/www.manaycpa.com\/es\/wp-json\/wp\/v2\/pages\/18366"}],"wp:featuredmedia":[{"embeddable":true,"href":"https:\/\/www.manaycpa.com\/es\/wp-json\/wp\/v2\/media\/17714"}],"wp:attachment":[{"href":"https:\/\/www.manaycpa.com\/es\/wp-json\/wp\/v2\/media?parent=18399"}],"curies":[{"name":"wp","href":"https:\/\/api.w.org\/{rel}","templated":true}]}}