{"id":18403,"date":"2022-03-02T13:27:34","date_gmt":"2022-03-02T13:27:34","guid":{"rendered":"https:\/\/www.manaycpa.com\/?page_id=18403"},"modified":"2022-03-27T14:44:06","modified_gmt":"2022-03-27T14:44:06","slug":"especialista-en-contabilidad-turquia","status":"publish","type":"page","link":"https:\/\/www.manaycpa.com\/es\/acerca-de\/carreras\/especialista-en-contabilidad-turquia\/","title":{"rendered":"Especialista en Contabilidad Turquia"},"content":{"rendered":"<div class=\"wpb-content-wrapper\"><p>[vc_row full_width=&#8221;stretch_row&#8221; css=&#8221;.vc_custom_1632849753157{margin-right: 15px !important;padding-top: 200px !important;padding-bottom: 150px !important;background-image: url(https:\/\/www.manaycpa.com\/wp-content\/uploads\/2021\/05\/pexels-sora-shimazaki-5668517-1-1.jpg?id=11801) !important;background-position: center !important;background-repeat: no-repeat !important;background-size: cover !important;}&#8221;][vc_column width=&#8221;1\/2&#8243; offset=&#8221;vc_col-lg-6 vc_col-md-12&#8243;][vc_empty_space height=&#8221;50px&#8221;]<header class=\"kd-section-title col-lg-12 text-left  kd-animated fadeIn  \" data-animation-delay=200><h2 class=\"separator_off\" style=\"color: #ffffff;font-size: 40px !important;line-height: 44px;\">Especialista en contabilidad<br \/>\n(Turqu\u00eda)<\/h2><\/header>[vc_empty_space height=&#8221;10px&#8221;][vc_column_text]<span style=\"color: #ffffff;\">Especialista en contabilidad de tiempo completo necesario para los servicios de impuestos, contabilidad y tenedur\u00eda de libros de una peque\u00f1a empresa de contadores p\u00fablicos.<br \/>\n<\/span>[\/vc_column_text][vc_empty_space height=&#8221;50px&#8221;][\/vc_column][vc_column width=&#8221;2\/12&#8243;][\/vc_column][vc_column width=&#8221;1\/12&#8243; css=&#8221;.vc_custom_1614433959368{padding-top: 50px !important;padding-right: 50px !important;padding-bottom: 23px !important;padding-left: 50px !important;}&#8221; offset=&#8221;vc_col-lg-4 vc_col-md-12&#8243; el_class=&#8221;with-shadow&#8221; el_id=&#8221;contact-form-box&#8221;][\/vc_column][\/vc_row][vc_row css=&#8221;.vc_custom_1614435120364{padding-top: 60px !important;padding-bottom: 60px !important;}&#8221;][vc_column][vc_column_text css=&#8221;.vc_custom_1646227616095{padding-bottom: 60px !important;}&#8221;]<b>Responsabilidades:<\/b><\/p>\n<ul>\n<li style=\"font-weight: 400;\" aria-level=\"1\"><span style=\"font-weight: 400;\">Dar la bienvenida a nuevos clientes potenciales, establecer reuniones, hacer seguimientos<\/span><\/li>\n<li style=\"font-weight: 400;\" aria-level=\"1\"><span style=\"font-weight: 400;\">Incorporaci\u00f3n de nuevos clientes<\/span><\/li>\n<li style=\"font-weight: 400;\" aria-level=\"1\"><span style=\"font-weight: 400;\">Emitir facturas a los clientes, seg\u00fan sea necesario<\/span><\/li>\n<li style=\"font-weight: 400;\" aria-level=\"1\"><span style=\"font-weight: 400;\">Recopila datos y realiza an\u00e1lisis de las ventas y la rentabilidad de la empresa,<\/span><\/li>\n<li style=\"font-weight: 400;\" aria-level=\"1\"><span style=\"font-weight: 400;\">Desarrolla m\u00e9todos para medir el desempe\u00f1o de las ventas de la empresa,<\/span><\/li>\n<li style=\"font-weight: 400;\" aria-level=\"1\"><span style=\"font-weight: 400;\">Eval\u00faa los procesos, programas y sistemas de ventas para minimizar los costos y mejorar la satisfacci\u00f3n del cliente.<\/span><\/li>\n<li style=\"font-weight: 400;\" aria-level=\"1\"><span style=\"font-weight: 400;\">Facilita el intercambio de informes y datos de ventas entre ventas, marketing y otros departamentos.<\/span><\/li>\n<\/ul>\n<p><b>Queremos que se una a nosotros mientras damos un paso hacia el futuro si:<\/b><\/p>\n<p>&nbsp;<\/p>\n<ul>\n<li><span style=\"font-weight: 400;\"> Tener un m\u00ednimo de 2 a\u00f1os de experiencia en ventas, operaciones de ventas, informaci\u00f3n empresarial y an\u00e1lisis, finanzas.<\/span><\/li>\n<li><span style=\"font-weight: 400;\"> Tener una licenciatura,<\/span><\/li>\n<li><span style=\"font-weight: 400;\"> La licencia de CPA turca (SMMM) se considerar\u00e1 una ventaja,<\/span><\/li>\n<li><span style=\"font-weight: 400;\"> La experiencia USGAAP es una gran ventaja,<\/span><\/li>\n<li><span style=\"font-weight: 400;\"> Los sistemas de software de contabilidad son una gran ventaja,<\/span><\/li>\n<li><span style=\"font-weight: 400;\"> Ser experto en una o m\u00e1s \u00e1reas funcionales como planificaci\u00f3n empresarial, productividad y preparaci\u00f3n de ventas, habilitaci\u00f3n de ventas, operaciones de ventas.<\/span><\/li>\n<li><span style=\"font-weight: 400;\"> Tener amplios conocimientos y experiencia en Microsoft Excel,<\/span><\/li>\n<li><span style=\"font-weight: 400;\"> Tener la capacidad de realizar an\u00e1lisis sofisticados y creativos de datos complejos y traducir los resultados en entregables, mensajes y presentaciones procesables.<\/span><\/li>\n<li><span style=\"font-weight: 400;\"> Tener la capacidad demostrada para implementar procesos, procedimientos y pol\u00edticas de ventas,<\/span><\/li>\n<li><span style=\"font-weight: 400;\"> Tener excelentes habilidades de comunicaci\u00f3n verbal y escrita en ingl\u00e9s de negocios,<\/span><\/li>\n<li><span style=\"font-weight: 400;\"> Tener excelentes habilidades de colaboraci\u00f3n entre grupos,<\/span><\/li>\n<li><span style=\"font-weight: 400;\"> Est\u00e1n muy organizados, tienen habilidades para realizar m\u00faltiples tareas y pueden operar en entornos ambiguos.<\/span><\/li>\n<li><span style=\"font-weight: 400;\"> Ubicaci\u00f3n: Principalmente teletrabajo &#8211; m\u00e1s oficina en Estambul<\/span><\/li>\n<li><span style=\"font-weight: 400;\"> Las horas de trabajo se basar\u00e1n en las ZONAS HORARIAS DE EE. UU.<\/span><\/li>\n<li><span style=\"font-weight: 400;\"> Puede que sea necesario viajar.<\/span><\/li>\n<\/ul>\n<p>[\/vc_column_text][vc_raw_js]JTNDc2NyaXB0JTIwY2hhcnNldCUzRCUyMnV0Zi04JTIyJTIwdHlwZSUzRCUyMnRleHQlMkZqYXZhc2NyaXB0JTIyJTIwc3JjJTNEJTIyJTJGJTJGanMuaHNmb3Jtcy5uZXQlMkZmb3JtcyUyRnNoZWxsLmpzJTIyJTNFJTNDJTJGc2NyaXB0JTNFJTBBJTNDc2NyaXB0JTNFJTBBJTIwJTIwaGJzcHQuZm9ybXMuY3JlYXRlJTI4JTdCJTBBJTA5cmVnaW9uJTNBJTIwJTIybmExJTIyJTJDJTBBJTA5cG9ydGFsSWQlM0ElMjAlMjI2ODU1Njc0JTIyJTJDJTBBJTA5Zm9ybUlkJTNBJTIwJTIyMjg3ZDJiOGYtYzU5ZS00MGQwLThlZjAtNzk1MWVmNTk4N2VkJTIyJTBBJTdEJTI5JTNCJTBBJTNDJTJGc2NyaXB0JTNF[\/vc_raw_js][\/vc_column][\/vc_row]<\/p>\n<\/div>","protected":false},"excerpt":{"rendered":"<p>[vc_row full_width=&#8221;stretch_row&#8221; css=&#8221;.vc_custom_1632849753157{margin-right: 15px !important;padding-top: 200px !important;padding-bottom: 150px !important;background-image: url(https:\/\/www.manaycpa.com\/wp-content\/uploads\/2021\/05\/pexels-sora-shimazaki-5668517-1-1.jpg?id=11801) !important;background-position: center !important;background-repeat: no-repeat !important;background-size: cover !important;}&#8221;][vc_column width=&#8221;1\/2&#8243; offset=&#8221;vc_col-lg-6 vc_col-md-12&#8243;][vc_empty_space height=&#8221;50px&#8221;][vc_empty_space height=&#8221;10px&#8221;][vc_column_text]Especialista en contabilidad de tiempo completo necesario para los [&hellip;]<\/p>\n","protected":false},"author":8,"featured_media":17714,"parent":18366,"menu_order":0,"comment_status":"closed","ping_status":"closed","template":"","meta":{"footnotes":""},"class_list":["post-18403","page","type-page","status-publish","has-post-thumbnail","hentry"],"_links":{"self":[{"href":"https:\/\/www.manaycpa.com\/es\/wp-json\/wp\/v2\/pages\/18403","targetHints":{"allow":["GET"]}}],"collection":[{"href":"https:\/\/www.manaycpa.com\/es\/wp-json\/wp\/v2\/pages"}],"about":[{"href":"https:\/\/www.manaycpa.com\/es\/wp-json\/wp\/v2\/types\/page"}],"author":[{"embeddable":true,"href":"https:\/\/www.manaycpa.com\/es\/wp-json\/wp\/v2\/users\/8"}],"replies":[{"embeddable":true,"href":"https:\/\/www.manaycpa.com\/es\/wp-json\/wp\/v2\/comments?post=18403"}],"version-history":[{"count":0,"href":"https:\/\/www.manaycpa.com\/es\/wp-json\/wp\/v2\/pages\/18403\/revisions"}],"up":[{"embeddable":true,"href":"https:\/\/www.manaycpa.com\/es\/wp-json\/wp\/v2\/pages\/18366"}],"wp:featuredmedia":[{"embeddable":true,"href":"https:\/\/www.manaycpa.com\/es\/wp-json\/wp\/v2\/media\/17714"}],"wp:attachment":[{"href":"https:\/\/www.manaycpa.com\/es\/wp-json\/wp\/v2\/media?parent=18403"}],"curies":[{"name":"wp","href":"https:\/\/api.w.org\/{rel}","templated":true}]}}