{"id":18502,"date":"2022-03-06T11:53:53","date_gmt":"2022-03-06T11:53:53","guid":{"rendered":"https:\/\/www.manaycpa.com\/?page_id=18502"},"modified":"2022-08-04T19:04:15","modified_gmt":"2022-08-04T19:04:15","slug":"servicios","status":"publish","type":"page","link":"https:\/\/www.manaycpa.com\/es\/servicios\/","title":{"rendered":"Servicios"},"content":{"rendered":"<div class=\"wpb-content-wrapper\"><p>[vc_row css=&#8221;.vc_custom_1556018461316{margin-top: -50px !important;padding-top: 0px !important;padding-bottom: 150px !important;}&#8221;][vc_column]<div class=\"feature-sections-wrapper kd-fsp-69f453907c883 \">\r\n            <section class=\"feature-sections-tabs  \">\r\n              <nav class=\"kd-feature-tabs\">\r\n                <ul class=\"nav nav-tabs sticky-tabs container\">\r\n                <\/ul>\r\n              <\/nav>\r\n            <\/section>\r\n            <section id=\"kd-fss-69f453907c965\" class=\"featured-right \"><li class=\"nav-label\"><a class=\"feature-tabs-scroll\" href=\"#kd-fss-69f453907c965\"><i class=\" fss-nav-icon\" style=\" \"><\/i> Services for Individuals<\/a><\/li><div class=\"container\">\r\n                <div class=\"side-content-wrapper kd-animated fadeInLeft\" data-animation-delay=\"200\"><i class=\" section-icon\" style=\" \"><\/i> <h2 class=\"side-content-title\" >Servicios para particulares<\/h2><h6 class=\"side-content-subtitle\" >Sabemos lo que se necesita para obtener la libertad financiera que se merece despu\u00e9s de una vida de arduo trabajo.<\/h6><div class=\"side-content-text\" ><\/p>\n<ul>\n<li><span style=\"font-weight: 400;\">Planificaci\u00f3n de jubilaci\u00f3n<\/span><\/li>\n<li><span style=\"font-weight: 400;\">Planificaci\u00f3n patrimonial<\/span><\/li>\n<li><span style=\"font-weight: 400;\">Cuidado de ancianos<\/span><\/li>\n<\/ul>\n<p>\n<\/div><div class=\"side-content-link sc-primary-btn\"><a href=\"https:\/\/www.manaycpa.com\/es\/servicios\/planificacion-financiera-personal\/\" target=\"_self\" title=\"APRENDE M\u00c1S\" class=\"tt_button tt_primary_button btn_primary_color button-action-link\">APRENDE M\u00c1S<\/a><\/div><\/div><div class=\"side-featured-wrapper fss-organic-2 kd-animated fadeInRight fss-shadow-image\" data-animation-delay=\"200\">\r\n      <div class=\"featured-image\"><a data-size=\"1024x1024\" href=https:\/\/www.manaycpa.com\/wp-content\/uploads\/2021\/05\/1-1-1024x1024.jpg><img decoding=\"async\" width=\"1080\" height=\"1080\" src=\"https:\/\/www.manaycpa.com\/wp-content\/uploads\/2021\/05\/1-1.jpg\" class=\"attachment-full\" alt=\"\" title=\"1Manay CPA Financial Services for Individuals Marietta Tax and Accounting\" srcset=\"https:\/\/www.manaycpa.com\/wp-content\/uploads\/2021\/05\/1-1.jpg 1080w, https:\/\/www.manaycpa.com\/wp-content\/uploads\/2021\/05\/1-1-300x300.jpg 300w, https:\/\/www.manaycpa.com\/wp-content\/uploads\/2021\/05\/1-1-1024x1024.jpg 1024w, https:\/\/www.manaycpa.com\/wp-content\/uploads\/2021\/05\/1-1-150x150.jpg 150w, https:\/\/www.manaycpa.com\/wp-content\/uploads\/2021\/05\/1-1-768x768.jpg 768w, https:\/\/www.manaycpa.com\/wp-content\/uploads\/2021\/05\/1-1-320x320.jpg 320w\" sizes=\"(max-width: 1080px) 100vw, 1080px\" \/><\/a><\/div>\r\n    <\/div><\/div>\r\n            <\/section><section id=\"kd-fss-69f453907d05d\" class=\"featured-left \"><li class=\"nav-label\"><a class=\"feature-tabs-scroll\" href=\"#kd-fss-69f453907d05d\"><i class=\" fss-nav-icon\" style=\" \"><\/i> Servicios de negocios<\/a><\/li><div class=\"container\">\r\n                <div class=\"side-content-wrapper kd-animated fadeInRight\" data-animation-delay=\"200\"><i class=\" section-icon\" style=\" \"><\/i> <h2 class=\"side-content-title\" >Servicios de negocios<\/h2><h6 class=\"side-content-subtitle\" >Estamos aqu\u00ed para ayudar a que su empresa prospere, desde los estados de flujo de caja hasta la gesti\u00f3n de la n\u00f3mina.<\/h6><div class=\"side-content-text\" ><\/p>\n<ul>\n<li style=\"font-weight: 400;\" aria-level=\"1\"><span style=\"font-weight: 400;\">Contabilidad de peque\u00f1as empresas<\/span><\/li>\n<li style=\"font-weight: 400;\" aria-level=\"1\"><span style=\"font-weight: 400;\">N\u00f3mina de sueldos<\/span><\/li>\n<li style=\"font-weight: 400;\" aria-level=\"1\"><span style=\"font-weight: 400;\">Formaci\u00f3n de nuevos negocios<\/span><\/li>\n<\/ul>\n<p>\n<\/div><div class=\"side-content-link sc-primary-btn\"><a href=\"https:\/\/www.manaycpa.com\/es\/servicios-para-negocios\/\" target=\"_self\" title=\"APRENDE M\u00c1S\" class=\"tt_button tt_primary_button btn_primary_color button-action-link\">APRENDE M\u00c1S<\/a><\/div><\/div><div class=\"side-featured-wrapper fss-organic-2-rotate kd-animated fadeInLeft fss-shadow-image\" data-animation-delay=\"200\">\r\n      <div class=\"featured-image\"><a data-size=\"1024x1024\" href=https:\/\/www.manaycpa.com\/wp-content\/uploads\/2021\/05\/2-1-1024x1024.jpg><img decoding=\"async\" width=\"1080\" height=\"1080\" src=\"https:\/\/www.manaycpa.com\/wp-content\/uploads\/2021\/05\/2-1.jpg\" class=\"attachment-full\" alt=\"\" title=\"Manay CPA Financial Services for Businesses Marietta Tax and Accounting\" srcset=\"https:\/\/www.manaycpa.com\/wp-content\/uploads\/2021\/05\/2-1.jpg 1080w, https:\/\/www.manaycpa.com\/wp-content\/uploads\/2021\/05\/2-1-300x300.jpg 300w, https:\/\/www.manaycpa.com\/wp-content\/uploads\/2021\/05\/2-1-1024x1024.jpg 1024w, https:\/\/www.manaycpa.com\/wp-content\/uploads\/2021\/05\/2-1-150x150.jpg 150w, https:\/\/www.manaycpa.com\/wp-content\/uploads\/2021\/05\/2-1-768x768.jpg 768w, https:\/\/www.manaycpa.com\/wp-content\/uploads\/2021\/05\/2-1-320x320.jpg 320w\" sizes=\"(max-width: 1080px) 100vw, 1080px\" \/><\/a><\/div>\r\n    <\/div><\/div>\r\n            <\/section><section id=\"kd-fss-69f453907d601\" class=\"featured-right \"><li class=\"nav-label\"><a class=\"feature-tabs-scroll\" href=\"#kd-fss-69f453907d601\"><i class=\" fss-nav-icon\" style=\" \"><\/i> Servicios de impuestos<\/a><\/li><div class=\"container\">\r\n                <div class=\"side-content-wrapper kd-animated fadeInLeft\" data-animation-delay=\"200\"><i class=\" section-icon\" style=\" \"><\/i> <h2 class=\"side-content-title\" >Servicios de impuestos<\/h2><h6 class=\"side-content-subtitle\" >Brindamos servicios tributarios completos para las pr\u00f3ximas, optimizamos las deducciones apropiadas y las oportunidades de cr\u00e9dito.<\/h6><div class=\"side-content-text\" ><\/p>\n<ul>\n<li style=\"font-weight: 400;\" aria-level=\"1\"><span style=\"font-weight: 400;\">Preparacion de impuestos<\/span><\/li>\n<li style=\"font-weight: 400;\" aria-level=\"1\"><span style=\"font-weight: 400;\">Planificaci\u00f3n fiscal<\/span><\/li>\n<li style=\"font-weight: 400;\" aria-level=\"1\"><span style=\"font-weight: 400;\">Reducci\u00f3n de impuestos<\/span><\/li>\n<\/ul>\n<p>\n<\/div><div class=\"side-content-link sc-primary-btn\"><a href=\"https:\/\/www.manaycpa.com\/es\/servicios\/servicios-de-impuestos\/\" target=\"_self\" title=\"APRENDE M\u00c1S\" class=\"tt_button tt_primary_button btn_primary_color button-action-link\">APRENDE M\u00c1S<\/a><\/div><\/div><div class=\"side-featured-wrapper fss-organic-2 kd-animated fadeInRight fss-shadow-image\" data-animation-delay=\"200\">\r\n      <div class=\"featured-image\"><a data-size=\"1024x1024\" href=https:\/\/www.manaycpa.com\/wp-content\/uploads\/2021\/05\/3-1024x1024.jpg><img decoding=\"async\" width=\"1080\" height=\"1080\" src=\"https:\/\/www.manaycpa.com\/wp-content\/uploads\/2021\/05\/3.jpg\" class=\"attachment-full\" alt=\"\" title=\"Manay CPA Tax Services Marietta Tax and Accounting\" srcset=\"https:\/\/www.manaycpa.com\/wp-content\/uploads\/2021\/05\/3.jpg 1080w, https:\/\/www.manaycpa.com\/wp-content\/uploads\/2021\/05\/3-300x300.jpg 300w, https:\/\/www.manaycpa.com\/wp-content\/uploads\/2021\/05\/3-1024x1024.jpg 1024w, https:\/\/www.manaycpa.com\/wp-content\/uploads\/2021\/05\/3-150x150.jpg 150w, https:\/\/www.manaycpa.com\/wp-content\/uploads\/2021\/05\/3-768x768.jpg 768w, https:\/\/www.manaycpa.com\/wp-content\/uploads\/2021\/05\/3-320x320.jpg 320w\" sizes=\"(max-width: 1080px) 100vw, 1080px\" \/><\/a><\/div>\r\n    <\/div><\/div>\r\n            <\/section><section id=\"kd-fss-69f453907db4f\" class=\"featured-left \"><li class=\"nav-label\"><a class=\"feature-tabs-scroll\" href=\"#kd-fss-69f453907db4f\"><i class=\" fss-nav-icon\" style=\" \"><\/i> Servicios para QuickBooks<\/a><\/li><div class=\"container\">\r\n                <div class=\"side-content-wrapper kd-animated fadeInRight\" data-animation-delay=\"200\"><i class=\" section-icon\" style=\" \"><\/i> <h2 class=\"side-content-title\" >Servicios para QuickBooks<\/h2><h6 class=\"side-content-subtitle\" >Para los propietarios de peque\u00f1as y medianas empresas, QuickBooks es el programa de contabilidad empresarial perfecto.<\/h6><div class=\"side-content-text\" ><\/p>\n<ul>\n<li style=\"font-weight: 400;\" aria-level=\"1\"><span style=\"font-weight: 400;\">Configuraci\u00f3n para QuickBooks<\/span><\/li>\n<li style=\"font-weight: 400;\" aria-level=\"1\"><span style=\"font-weight: 400;\">Capacitaci\u00f3n para QuickBooks<\/span><\/li>\n<li style=\"font-weight: 400;\" aria-level=\"1\"><span style=\"font-weight: 400;\">Respuestas a las preguntas de QuickBooks<\/span><\/li>\n<\/ul>\n<p>\n<\/div><div class=\"side-content-link sc-primary-btn\"><a href=\"https:\/\/www.manaycpa.com\/es\/servicios\/servicios-para-quickbooks\/\" target=\"_self\" title=\"APRENDE M\u00c1S\" class=\"tt_button tt_primary_button btn_primary_color button-action-link\">APRENDE M\u00c1S<\/a><\/div><\/div><div class=\"side-featured-wrapper fss-organic-2-rotate kd-animated fadeInLeft fss-shadow-image\" data-animation-delay=\"200\">\r\n      <div class=\"featured-image\"><a data-size=\"1024x1024\" href=https:\/\/www.manaycpa.com\/wp-content\/uploads\/2021\/05\/4-1024x1024.jpg><img decoding=\"async\" width=\"1080\" height=\"1080\" src=\"https:\/\/www.manaycpa.com\/wp-content\/uploads\/2021\/05\/4.jpg\" class=\"attachment-full\" alt=\"\" title=\"4Manay CPA QuickBooks Services Marietta Tax and Accounting\" srcset=\"https:\/\/www.manaycpa.com\/wp-content\/uploads\/2021\/05\/4.jpg 1080w, https:\/\/www.manaycpa.com\/wp-content\/uploads\/2021\/05\/4-300x300.jpg 300w, https:\/\/www.manaycpa.com\/wp-content\/uploads\/2021\/05\/4-1024x1024.jpg 1024w, https:\/\/www.manaycpa.com\/wp-content\/uploads\/2021\/05\/4-150x150.jpg 150w, https:\/\/www.manaycpa.com\/wp-content\/uploads\/2021\/05\/4-768x768.jpg 768w, https:\/\/www.manaycpa.com\/wp-content\/uploads\/2021\/05\/4-320x320.jpg 320w\" sizes=\"(max-width: 1080px) 100vw, 1080px\" \/><\/a><\/div>\r\n    <\/div><\/div>\r\n            <\/section><section id=\"kd-fss-69f453907e13c\" class=\"featured-right \"><li class=\"nav-label\"><a class=\"feature-tabs-scroll\" href=\"#kd-fss-69f453907e13c\"><i class=\" fss-nav-icon\" style=\" \"><\/i> Industrias<\/a><\/li><div class=\"container\">\r\n                <div class=\"side-content-wrapper kd-animated fadeInRight\" data-animation-delay=\"200\"><i class=\" section-icon\" style=\" \"><\/i> <h2 class=\"side-content-title\" >Industrias<\/h2><h6 class=\"side-content-subtitle\" >Se ha ayudado a muchos profesionales a tener \u00e9xito con nuestra experiencia avanzada y nosotros tambi\u00e9n estamos listos para brindarle apoyo.<\/h6><div class=\"side-content-text\" ><\/p>\n<ul>\n<li style=\"font-weight: 400;\" aria-level=\"1\"><span style=\"font-weight: 400;\">Construcci\u00f3n<\/span><\/li>\n<li style=\"font-weight: 400;\" aria-level=\"1\"><span style=\"font-weight: 400;\">Cuidado de la salud<\/span><\/li>\n<li style=\"font-weight: 400;\" aria-level=\"1\"><span style=\"font-weight: 400;\">Bufetes de abogados<\/span><\/li>\n<\/ul>\n<p>\n<\/div><div class=\"side-content-link sc-primary-btn\"><a href=\"https:\/\/www.manaycpa.com\/es\/industrias\/\" target=\"_self\" title=\"APRENDE M\u00c1S\" class=\"tt_button tt_primary_button btn_primary_color button-action-link\">APRENDE M\u00c1S<\/a><\/div><\/div><div class=\"side-featured-wrapper fss-organic-2-rotate kd-animated fadeInLeft fss-shadow-image\" data-animation-delay=\"200\">\r\n      <div class=\"featured-image\"><a data-size=\"1024x1024\" href=https:\/\/www.manaycpa.com\/wp-content\/uploads\/2021\/05\/5-1024x1024.jpg><img decoding=\"async\" width=\"1080\" height=\"1080\" src=\"https:\/\/www.manaycpa.com\/wp-content\/uploads\/2021\/05\/5.jpg\" class=\"attachment-full\" alt=\"\" title=\"Manay CPA Industries We Serve Marietta Tax and Accounting\" srcset=\"https:\/\/www.manaycpa.com\/wp-content\/uploads\/2021\/05\/5.jpg 1080w, https:\/\/www.manaycpa.com\/wp-content\/uploads\/2021\/05\/5-300x300.jpg 300w, https:\/\/www.manaycpa.com\/wp-content\/uploads\/2021\/05\/5-1024x1024.jpg 1024w, https:\/\/www.manaycpa.com\/wp-content\/uploads\/2021\/05\/5-150x150.jpg 150w, https:\/\/www.manaycpa.com\/wp-content\/uploads\/2021\/05\/5-768x768.jpg 768w, https:\/\/www.manaycpa.com\/wp-content\/uploads\/2021\/05\/5-320x320.jpg 320w\" sizes=\"(max-width: 1080px) 100vw, 1080px\" \/><\/a><\/div>\r\n    <\/div><\/div>\r\n            <\/section>\r\n            <\/div><style type=\"text\/css\"><\/style>[\/vc_column][\/vc_row][vc_row full_width=&#8221;stretch_row&#8221; parallax=&#8221;content-moving&#8221; parallax_speed_bg=&#8221;1.4&#8243; kd_image_overlay_color=&#8221;rgba(0,0,0,0.7)&#8221; kd_image_overlay=&#8221;true&#8221; css=&#8221;.vc_custom_1614234036417{background: #1a1a1a url(https:\/\/www.manaycpa.com\/wp-content\/uploads\/2021\/02\/team-manay-1s.jpg?id=8423);}&#8221;][vc_column css=&#8221;.vc_custom_1516095225433{padding-right: 0px !important;padding-left: 0px !important;}&#8221;][vc_row_inner css=&#8221;.vc_custom_1555673013129{padding-top: 150px !important;padding-bottom: 123px !important;}&#8221;][vc_column_inner width=&#8221;5\/12&#8243; offset=&#8221;vc_col-lg-5&#8243;]<header class=\"kd-section-title col-lg-12 text-left  kd-animated fadeIn   vc_custom_1657829796522\" data-animation-delay=200><h2 class=\"separator_off\" style=\"color: #ffffff;\">El apoyo que se merece de expertos en los que puede confiar<\/h2><h6 class=\"subtitle \" style=\"color: #eeeeee;\">Empiece a trabajar con una empresa CPA de Atlanta, GA, Manay CPA Inc., que se gan\u00f3 una excelente reputaci\u00f3n como l\u00edder financiero de la comunidad local.<\/h6><\/header>[\/vc_column_inner][vc_column_inner width=&#8221;1\/6&#8243; offset=&#8221;vc_col-lg-2&#8243;][\/vc_column_inner][vc_column_inner width=&#8221;1\/3&#8243; offset=&#8221;vc_col-lg-4&#8243;][vc_custom_heading text=&#8221;CONSULTA GRATIS&#8221; font_container=&#8221;tag:h4|text_align:left|color:%23ffffff&#8221; use_theme_fonts=&#8221;yes&#8221; css_animation=&#8221;fadeIn&#8221; css=&#8221;.vc_custom_1657829813122{margin-bottom: 30px !important;}&#8221;][vc_raw_js]JTNDc2NyaXB0JTIwY2hhcnNldCUzRCUyMnV0Zi04JTIyJTIwdHlwZSUzRCUyMnRleHQlMkZqYXZhc2NyaXB0JTIyJTIwc3JjJTNEJTIyJTJGJTJGanMuaHNmb3Jtcy5uZXQlMkZmb3JtcyUyRnYyLmpzJTIyJTNFJTNDJTJGc2NyaXB0JTNFJTBBJTNDc2NyaXB0JTNFJTBBJTIwJTIwaGJzcHQuZm9ybXMuY3JlYXRlJTI4JTdCJTBBJTIwJTIwJTIwJTIwcmVnaW9uJTNBJTIwJTIybmExJTIyJTJDJTBBJTIwJTIwJTIwJTIwcG9ydGFsSWQlM0ElMjAlMjI2ODU1Njc0JTIyJTJDJTBBJTIwJTIwJTIwJTIwZm9ybUlkJTNBJTIwJTIyYmZjOWFhMjktOGE2Yi00NGU3LTk1OTAtY2EzNzY3N2Y2MTk3JTIyJTBBJTIwJTIwJTdEJTI5JTNCJTBBJTNDJTJGc2NyaXB0JTNF[\/vc_raw_js][\/vc_column_inner][\/vc_row_inner][\/vc_column][\/vc_row][vc_row full_width=&#8221;stretch_row&#8221;][vc_column][vc_row_inner css=&#8221;.vc_custom_1511348417220{padding-top: 100px !important;padding-bottom: 100px !important;}&#8221;][vc_column_inner width=&#8221;1\/6&#8243;][\/vc_column_inner][vc_column_inner width=&#8221;2\/3&#8243;]<header class=\"kd-section-title col-lg-12 text-center  kd-animated fadeIn   vc_custom_1657829923735\" data-animation-delay=200><h2 class=\"separator_off\" >Proteger su futuro financiero nunca ha sido m\u00e1s cr\u00edtico.<\/h2><\/header><a  href=\"https:\/\/www.manaycpa.com\/es\/contactenos\/\"  target=\"_self\"  title=\"Contactenos\" class=\"tt_button tt_primary_button btn_primary_color  button-center button-action-link  kd-animated zoomIn\" data-animation-delay=200><span class=\"prim_text\">Cont\u00e1ctenos<\/span><\/a>[vc_empty_space height=&#8221;25px&#8221;][\/vc_column_inner][vc_column_inner width=&#8221;1\/6&#8243;][\/vc_column_inner][\/vc_row_inner][\/vc_column][\/vc_row]<\/p>\n<\/div>","protected":false},"excerpt":{"rendered":"<p>[vc_row css=&#8221;.vc_custom_1556018461316{margin-top: -50px !important;padding-top: 0px !important;padding-bottom: 150px !important;}&#8221;][vc_column][\/vc_column][\/vc_row][vc_row full_width=&#8221;stretch_row&#8221; parallax=&#8221;content-moving&#8221; parallax_speed_bg=&#8221;1.4&#8243; kd_image_overlay_color=&#8221;rgba(0,0,0,0.7)&#8221; kd_image_overlay=&#8221;true&#8221; css=&#8221;.vc_custom_1614234036417{background: #1a1a1a url(https:\/\/www.manaycpa.com\/wp-content\/uploads\/2021\/02\/team-manay-1s.jpg?id=8423);}&#8221;][vc_column css=&#8221;.vc_custom_1516095225433{padding-right: 0px !important;padding-left: 0px !important;}&#8221;][vc_row_inner css=&#8221;.vc_custom_1555673013129{padding-top: 150px !important;padding-bottom: 123px !important;}&#8221;][vc_column_inner width=&#8221;5\/12&#8243; offset=&#8221;vc_col-lg-5&#8243;][\/vc_column_inner][vc_column_inner width=&#8221;1\/6&#8243; offset=&#8221;vc_col-lg-2&#8243;][\/vc_column_inner][vc_column_inner [&hellip;]<\/p>\n","protected":false},"author":8,"featured_media":17942,"parent":0,"menu_order":0,"comment_status":"closed","ping_status":"closed","template":"","meta":{"footnotes":""},"class_list":["post-18502","page","type-page","status-publish","has-post-thumbnail","hentry"],"_links":{"self":[{"href":"https:\/\/www.manaycpa.com\/es\/wp-json\/wp\/v2\/pages\/18502","targetHints":{"allow":["GET"]}}],"collection":[{"href":"https:\/\/www.manaycpa.com\/es\/wp-json\/wp\/v2\/pages"}],"about":[{"href":"https:\/\/www.manaycpa.com\/es\/wp-json\/wp\/v2\/types\/page"}],"author":[{"embeddable":true,"href":"https:\/\/www.manaycpa.com\/es\/wp-json\/wp\/v2\/users\/8"}],"replies":[{"embeddable":true,"href":"https:\/\/www.manaycpa.com\/es\/wp-json\/wp\/v2\/comments?post=18502"}],"version-history":[{"count":0,"href":"https:\/\/www.manaycpa.com\/es\/wp-json\/wp\/v2\/pages\/18502\/revisions"}],"wp:featuredmedia":[{"embeddable":true,"href":"https:\/\/www.manaycpa.com\/es\/wp-json\/wp\/v2\/media\/17942"}],"wp:attachment":[{"href":"https:\/\/www.manaycpa.com\/es\/wp-json\/wp\/v2\/media?parent=18502"}],"curies":[{"name":"wp","href":"https:\/\/api.w.org\/{rel}","templated":true}]}}