{"id":19004,"date":"2022-03-14T00:02:14","date_gmt":"2022-03-14T00:02:14","guid":{"rendered":"https:\/\/www.manaycpa.com\/?page_id=19004"},"modified":"2022-10-25T19:39:50","modified_gmt":"2022-10-25T19:39:50","slug":"servicios-de-impuestos-estatales-y-locales","status":"publish","type":"page","link":"https:\/\/www.manaycpa.com\/es\/servicios-de-impuestos-estatales-y-locales\/","title":{"rendered":"Servicios de impuestos estatales y locales"},"content":{"rendered":"<div class=\"wpb-content-wrapper\"><p>[vc_row full_width=&#8221;stretch_row&#8221; css=&#8221;.vc_custom_1666726787331{margin-right: 15px !important;padding-top: 200px !important;padding-bottom: 50px !important;background-image: url(https:\/\/www.manaycpa.com\/wp-content\/uploads\/2021\/05\/Frame-48.jpg?id=12426) !important;}&#8221; top_section_title=&#8221;&#8221; bottom_section_title=&#8221;&#8221;][vc_column width=&#8221;1\/2&#8243; offset=&#8221;vc_col-lg-6 vc_col-md-12&#8243; el_class=&#8221;okan_test&#8221;][vc_empty_space height=&#8221;10px&#8221;][vc_empty_space height=&#8221;50px&#8221;]<header class=\"kd-section-title col-lg-12 text-left  kd-animated fadeIn  \" data-animation-delay=200><h1 class=\"separator_off\" style=\"color: #ffffff;font-size: 20px !important;\">Servicios de impuestos estatales y locales<\/h1><\/header><header class=\"kd-section-title col-lg-12 text-left    \" ><h2 class=\"separator_off\" style=\"color: #ffffff;font-size: 40px !important;line-height: 50px !important;\">Aproveche todos los incentivos fiscales estatales y locales disponibles<\/h2><\/header>[vc_empty_space height=&#8221;10px&#8221;][vc_column_text]<span style=\"font-weight: 400; color: #ffffff;\">Nos aseguramos de mantenernos actualizados sobre cada cambio y revisi\u00f3n de las leyes fiscales y comprender c\u00f3mo aplicar estas actualizaciones a todo tipo de peque\u00f1as y medianas empresas.<br \/>\n.<\/span>[\/vc_column_text][vc_empty_space height=&#8221;50px&#8221;][\/vc_column][vc_column width=&#8221;1\/12&#8243; offset=&#8221;vc_col-lg-1&#8243;][\/vc_column][vc_column width=&#8221;1\/12&#8243; css=&#8221;.vc_custom_1634819267851{padding-top: 50px !important;padding-right: 50px !important;padding-bottom: 23px !important;padding-left: 50px !important;background-color: #ffffff !important;border-radius: 5px !important;}&#8221; offset=&#8221;vc_col-lg-5 vc_col-md-12&#8243; el_class=&#8221;with-shadow&#8221; el_id=&#8221;contact-form-box&#8221;]<header class=\"kd-section-title col-lg-12 text-center  kd-animated fadeIn  \" data-animation-delay=200><h2 class=\"separator_off\" style=\"font-size: 19px !important;\">Para obtener una consulta gratuita o comenzar a trabajar con nosotros, complete el formulario.<\/h2><\/header>[vc_empty_space height=&#8221;20px&#8221;][vc_raw_js]JTNDc2NyaXB0JTIwY2hhcnNldCUzRCUyMnV0Zi04JTIyJTIwdHlwZSUzRCUyMnRleHQlMkZqYXZhc2NyaXB0JTIyJTIwc3JjJTNEJTIyJTJGJTJGanMuaHNmb3Jtcy5uZXQlMkZmb3JtcyUyRmVtYmVkJTJGdjIuanMlMjIlM0UlM0MlMkZzY3JpcHQlM0UlMEElM0NzY3JpcHQlM0UlMEElMjAlMjBoYnNwdC5mb3Jtcy5jcmVhdGUlMjglN0IlMEElMjAlMjAlMjAlMjByZWdpb24lM0ElMjAlMjJuYTElMjIlMkMlMEElMjAlMjAlMjAlMjBwb3J0YWxJZCUzQSUyMCUyMjY4NTU2NzQlMjIlMkMlMEElMjAlMjAlMjAlMjBmb3JtSWQlM0ElMjAlMjI2MWY3MjExNy05NzQwLTRiYjktOWQ3NC05ZTRmMmQ1MTk4MTclMjIlMEElMjAlMjAlN0QlMjklM0IlMEElM0MlMkZzY3JpcHQlM0UlMEE=[\/vc_raw_js][\/vc_column][\/vc_row][vc_row full_width=&#8221;stretch_row&#8221; parallax=&#8221;content-moving&#8221; css=&#8221;.vc_custom_1621164124955{padding-top: 100px !important;padding-bottom: 85px !important;}&#8221;][vc_column][vc_row_inner][vc_column_inner offset=&#8221;vc_col-lg-12 vc_col-md-12&#8243; css=&#8221;.vc_custom_1621164043002{padding-right: 50px !important;padding-left: 0px !important;}&#8221;]<header class=\"kd-section-title col-lg-12 text-left  kd-animated fadeIn  \" data-animation-delay=200><h2 class=\"separator_off\" style=\"font-size: 37px !important;\">Servicios de impuestos estatales y locales para empresas en todo el pa\u00eds<\/h2><\/header>[vc_empty_space height=&#8221;30px&#8221;][\/vc_column_inner][\/vc_row_inner][vc_row_inner][vc_column_inner width=&#8221;1\/2&#8243;][vc_custom_heading text=&#8221;Las regulaciones fiscales estatales y locales (SALT) cambian y evolucionan constantemente en Georgia. Calcular estos impuestos correctamente se est\u00e1 volviendo m\u00e1s dif\u00edcil para los propietarios de peque\u00f1as empresas. Ah\u00ed es donde entra en juego la firma de contadores p\u00fablicos contables Manay CPA Inc de Marietta, GA. Somos profesionales de contabilidad e impuestos que pueden ayudar a su empresa a minimizar la responsabilidad fiscal y aprovechar todos los incentivos fiscales estatales y locales disponibles.&#8221; font_container=&#8221;tag:h6|font_size:16px|text_align:left&#8221; use_theme_fonts=&#8221;yes&#8221; css_animation=&#8221;fadeIn&#8221;][\/vc_column_inner][vc_column_inner width=&#8221;1\/2&#8243;][vc_custom_heading text=&#8221;No todos los contadores fiscales del \u00e1rea de Marietta comprenden las complejidades de los impuestos estatales y locales, pero en Manay CPA Inc nos especializamos en este aspecto del c\u00f3digo fiscal. Sabemos c\u00f3mo alinear su plan fiscal y comercial para reducir las tasas impositivas efectivas y evitar pagos en exceso y multas. Ofrecemos servicios de impuestos sobre las ventas y el uso, an\u00e1lisis de incentivos fiscales, presentaciones de Nexus y una amplia variedad de otros servicios relacionados con los impuestos estatales y locales.&#8221; font_container=&#8221;tag:h6|font_size:16px|text_align:left&#8221; use_theme_fonts=&#8221;yes&#8221; css_animation=&#8221;fadeIn&#8221;][\/vc_column_inner][\/vc_row_inner][vc_row_inner css=&#8221;.vc_custom_1539607585823{margin-top: 45px !important;border-top-width: 1px !important;padding-top: 55px !important;border-top-color: rgba(132,132,132,0.15) !important;border-top-style: solid !important;}&#8221;][vc_column_inner width=&#8221;1\/5&#8243;]<div class=\"key-icon-box icon-default icon-top cont-center ib-no-effect  kd-animated fadeInUp\" style=\"background-color: transparent;\" data-animation-delay=200><i class=\"iconsmind-Money-2 iconsmind-Business-Finance\" style=\" \"><\/i> <h6 class=\"service-heading\" >Impuesto sobre las ventas y el uso<\/h6><\/div>[\/vc_column_inner][vc_column_inner width=&#8221;1\/5&#8243;]<div class=\"key-icon-box icon-default icon-top cont-center ib-no-effect  kd-animated fadeInUp\" style=\"background-color: transparent;\" data-animation-delay=200><i class=\"iconsmind-Clothing-Store iconsmind-Buildings-Landmarks\" style=\" \"><\/i> <h6 class=\"service-heading\" >Servicios de impuestos sobre franquicias<\/h6><\/div>[\/vc_column_inner][vc_column_inner width=&#8221;1\/5&#8243;]<div class=\"key-icon-box icon-default icon-top cont-center ib-no-effect  kd-animated fadeInUp\" style=\"background-color: transparent;\" data-animation-delay=200><i class=\"iconsmind-Handshake iconsmind-Business-Finance\" style=\" \"><\/i> <h6 class=\"service-heading\" >Soporte de auditor\u00eda fiscal estatal<\/h6><\/div>[\/vc_column_inner][vc_column_inner width=&#8221;1\/5&#8243;]<div class=\"key-icon-box icon-default icon-top cont-center ib-no-effect  kd-animated fadeInUp\" style=\"background-color: transparent;\" data-animation-delay=200><i class=\"iconsmind-Life-Safer iconsmind-Objects\" style=\" \"><\/i> <h6 class=\"service-heading\" >An\u00e1lisis de incentivos fiscales<\/h6><\/div>[\/vc_column_inner][vc_column_inner width=&#8221;1\/5&#8243;]<div class=\"key-icon-box icon-default icon-top cont-center ib-no-effect  kd-animated fadeInUp\" style=\"background-color: transparent;\" data-animation-delay=200><i class=\"iconsmind-Password-2shopping iconsmind-Shopping-E-commerce\" style=\" \"><\/i> <h6 class=\"service-heading\" >Planificaci\u00f3n transaccional<\/h6><\/div>[\/vc_column_inner][\/vc_row_inner][vc_row_inner css=&#8221;.vc_custom_1539607585823{margin-top: 45px !important;border-top-width: 1px !important;padding-top: 55px !important;border-top-color: rgba(132,132,132,0.15) !important;border-top-style: solid !important;}&#8221;][vc_column_inner width=&#8221;1\/5&#8243;]<div class=\"key-icon-box icon-default icon-top cont-center ib-no-effect  kd-animated fadeInUp\" style=\"background-color: transparent;\" data-animation-delay=200><i class=\"iconsmind-Timer iconsmind-Photos-Class\" style=\" \"><\/i> <h6 class=\"service-heading\" >Presentaci\u00f3n de Nexus<\/h6><\/div>[\/vc_column_inner][vc_column_inner width=&#8221;1\/5&#8243;]<div class=\"key-icon-box icon-default icon-top cont-center ib-no-effect  kd-animated fadeInUp\" style=\"background-color: transparent;\" data-animation-delay=200><i class=\"iconsmind-Financial iconsmind-Business-Finance\" style=\" \"><\/i> <h6 class=\"service-heading\" >Cr\u00e9ditos fiscales a la inversi\u00f3n<\/h6><\/div>[\/vc_column_inner][vc_column_inner width=&#8221;1\/5&#8243;]<div class=\"key-icon-box icon-default icon-top cont-center ib-no-effect  kd-animated fadeInUp\" style=\"background-color: transparent;\" data-animation-delay=200><i class=\"iconsmind-Master-Card iconsmind-Business-Finance\" style=\" \"><\/i> <h6 class=\"service-heading\" >Servicios de impuestos a la propiedad<\/h6><\/div>[\/vc_column_inner][vc_column_inner width=&#8221;1\/5&#8243;]<div class=\"key-icon-box icon-default icon-top cont-center ib-no-effect  kd-animated fadeInUp\" style=\"background-color: transparent;\" data-animation-delay=200><i class=\"iconsmind-Line-Chart iconsmind-Business-Finance\" style=\" \"><\/i> <h6 class=\"service-heading\" >Resoluci\u00f3n de problemas fiscales<\/h6><\/div>[\/vc_column_inner][vc_column_inner width=&#8221;1\/5&#8243;]<div class=\"key-icon-box icon-default icon-top cont-center ib-no-effect  kd-animated fadeInUp\" style=\"background-color: transparent;\" data-animation-delay=200><i class=\"iconsmind-File-Chart iconsmind-Files-Class\" style=\" \"><\/i> <h6 class=\"service-heading\" >Planificaci\u00f3n y cumplimiento tributario<\/h6><\/div>[\/vc_column_inner][\/vc_row_inner][\/vc_column][\/vc_row][vc_row full_width=&#8221;stretch_row&#8221; kd_top_separator_style=&#8221;rounded-down&#8221; kd_top_separator_height=&#8221;separator-height-small&#8221; kd_bottom_separator_style=&#8221;rounded-down&#8221; kd_bottom_separator_height=&#8221;separator-height-small&#8221; kd_top_separator=&#8221;true&#8221; kd_bottom_separator=&#8221;true&#8221; css=&#8221;.vc_custom_1614618129223{padding-top: 30px !important;padding-bottom: 50px !important;background-color: #545454 !important;}&#8221; kd_bottom_separator_bg=&#8221;#545454&#8243;][vc_column][vc_row_inner css=&#8221;.vc_custom_1614618103298{padding-top: 50px !important;}&#8221;][vc_column_inner width=&#8221;1\/6&#8243; offset=&#8221;vc_col-lg-2 vc_hidden-xs&#8221;][\/vc_column_inner][vc_column_inner width=&#8221;2\/3&#8243; offset=&#8221;vc_col-lg-8&#8243;]<header class=\"kd-section-title col-lg-12 text-center  kd-animated fadeIn  \" data-animation-delay=200><h2 class=\"separator_off\" style=\"color: #ffffff;font-size: 37px !important;\">\u00bfListo para comenzar?<\/h2><h6 class=\"subtitle \" style=\"color: #f3f3f3;\">\u00a1Para comenzar a trabajar con nosotros, llame al 404-900-1040!<\/h6><\/header>[vc_empty_space height=&#8221;15px&#8221;][\/vc_column_inner][vc_column_inner width=&#8221;1\/6&#8243; offset=&#8221;vc_col-lg-2 vc_hidden-xs&#8221;][\/vc_column_inner][\/vc_row_inner]<a  href=\"\/es\/reservar-una-cita\/\"  target=\"_blank\"  title=\"RESERVAR UNA CITA\" class=\"tt_button tt_primary_button btn_primary_color  button-center button-action-link\" ><span class=\"prim_text\">RESERVAR UNA CITA<\/span><\/a>[\/vc_column][\/vc_row][vc_row full_width=&#8221;stretch_row&#8221; kd_top_separator_style=&#8221;rounded-up&#8221; kd_top_separator_height=&#8221;separator-height-small&#8221; kd_bottom_separator_style=&#8221;rounded-up&#8221; kd_bottom_separator_height=&#8221;separator-height-small&#8221; kd_top_separator=&#8221;true&#8221; kd_bottom_separator=&#8221;true&#8221; css=&#8221;.vc_custom_1614617384661{padding-top: 50px !important;background-color: #f3f3f3 !important;}&#8221; kd_bottom_separator_bg=&#8221;#f3f3f3&#8243; kd_top_separator_bg=&#8221;#545454&#8243;][vc_column css=&#8221;.vc_custom_1516029502203{padding-right: 0px !important;padding-left: 0px !important;}&#8221;][vc_row_inner][vc_column_inner]<header class=\"kd-section-title vc_col-lg-6 vc_col-sm-8 text-center  kd-animated fadeIn   vc_custom_1644875178614\" data-animation-delay=200><h2 class=\"separator_off\" style=\"font-size: 37px !important;line-height: 44px !important;\">Lo que Dicen Nuestros Clientes<\/h2><\/header>[\/vc_column_inner][\/vc_row_inner][vc_row_inner css=&#8221;.vc_custom_1516030120585{padding-bottom: 80px !important;}&#8221;][vc_column_inner css=&#8221;.vc_custom_1516029494833{padding-right: 0px !important;padding-left: 0px !important;}&#8221;]\r\n                <div class=\"review-carousel rc-parent kd-rwc-69f789e44dfe3 black-navigation nav-arrows-dots\">\r\n                    <div class=\"rc-content\">\r\n                <div class=\"key-reviews  \"  ><div class=\"rw-author-details\"><div class=\"rw_img_wrapper\">\r\n                            <div class=\"rw-authorimg\"><img decoding=\"async\" width=\"150\" height=\"150\" src=\"https:\/\/www.manaycpa.com\/wp-content\/uploads\/2022\/02\/shantia-warren-1.jpeg\" class=\"attachment-full\" alt=\"\" title=\"shantia-warren-1\" \/><\/div>\r\n                        <\/div><h5 >Shantia Warren<\/h5>\r\n                      <p ><\/p>\r\n                    <\/div><div class=\"rw_message\" >Son muy profesionales y serviciales. Necesitaba hacer mis impuestos r\u00e1pidamente, y sin dudarlo pudieron incluirme en su horario. \u00a1Gran Servicio!<\/div><div class=\"rw_rating\">\r\n                         <span class=\"fa fa-star\" style=\"color: #ffc662;\"><\/span><span class=\"fa fa-star\" style=\"color: #ffc662;\"><\/span><span class=\"fa fa-star\" style=\"color: #ffc662;\"><\/span><span class=\"fa fa-star\" style=\"color: #ffc662;\"><\/span><span class=\"fa fa-star\" style=\"color: #ffc662;\"><\/span>\r\n                      <\/div><\/div>\r\n                <div class=\"key-reviews  \"  ><div class=\"rw-author-details\"><div class=\"rw_img_wrapper\">\r\n                            <div class=\"rw-authorimg\"><img decoding=\"async\" width=\"1000\" height=\"1000\" src=\"https:\/\/www.manaycpa.com\/wp-content\/uploads\/2022\/02\/pexels-christina-morillo-1181327-1-1.png\" class=\"attachment-full\" alt=\"\" title=\"pexels-christina-morillo-1181327-1-1\" srcset=\"https:\/\/www.manaycpa.com\/wp-content\/uploads\/2022\/02\/pexels-christina-morillo-1181327-1-1.png 1000w, https:\/\/www.manaycpa.com\/wp-content\/uploads\/2022\/02\/pexels-christina-morillo-1181327-1-1-300x300.png 300w, https:\/\/www.manaycpa.com\/wp-content\/uploads\/2022\/02\/pexels-christina-morillo-1181327-1-1-150x150.png 150w, https:\/\/www.manaycpa.com\/wp-content\/uploads\/2022\/02\/pexels-christina-morillo-1181327-1-1-768x768.png 768w, https:\/\/www.manaycpa.com\/wp-content\/uploads\/2022\/02\/pexels-christina-morillo-1181327-1-1-320x320.png 320w\" sizes=\"(max-width: 1000px) 100vw, 1000px\" \/><\/div>\r\n                        <\/div><h5 >Lewanna Brown<\/h5>\r\n                      <p >Propietario de Copper Cove<\/p>\r\n                    <\/div><div class=\"rw_message\" >Manejan las cosas, que de otra manera me llevar\u00eda todo el d\u00eda y siempre me mantienen actualizado. El equipo siempre responde el tel\u00e9fono con paciencia para cada pregunta y solicitud improvisada.<\/div><div class=\"rw_rating\">\r\n                         <span class=\"fa fa-star\" style=\"color: #ffc662;\"><\/span><span class=\"fa fa-star\" style=\"color: #ffc662;\"><\/span><span class=\"fa fa-star\" style=\"color: #ffc662;\"><\/span><span class=\"fa fa-star\" style=\"color: #ffc662;\"><\/span><span class=\"fa fa-star\" style=\"color: #ffc662;\"><\/span>\r\n                      <\/div><\/div>\r\n                <div class=\"key-reviews  \"  ><div class=\"rw-author-details\"><div class=\"rw_img_wrapper\">\r\n                            <div class=\"rw-authorimg\"><img decoding=\"async\" width=\"150\" height=\"150\" src=\"https:\/\/www.manaycpa.com\/wp-content\/uploads\/2022\/02\/kim-howell.jpeg\" class=\"attachment-full\" alt=\"\" title=\"kim-howell\" \/><\/div>\r\n                        <\/div><h5 >Kim Howell<\/h5>\r\n                      <p ><\/p>\r\n                    <\/div><div class=\"rw_message\" >He usado Manay CPA durante muchos a\u00f1os, porque se que puedo confiar en ellos. Son sinceros amables y profesionales. Los recomiendo todo el tiempo a amigos, gente con las que trabajo, etc.<\/div><div class=\"rw_rating\">\r\n                         <span class=\"fa fa-star\" style=\"color: #ffc662;\"><\/span><span class=\"fa fa-star\" style=\"color: #ffc662;\"><\/span><span class=\"fa fa-star\" style=\"color: #ffc662;\"><\/span><span class=\"fa fa-star\" style=\"color: #ffc662;\"><\/span><span class=\"fa fa-star\" style=\"color: #ffc662;\"><\/span>\r\n                      <\/div><\/div>\r\n                <div class=\"key-reviews  \"  ><div class=\"rw-author-details\"><div class=\"rw_img_wrapper\">\r\n                            <div class=\"rw-authorimg\"><img decoding=\"async\" width=\"150\" height=\"150\" src=\"https:\/\/www.manaycpa.com\/wp-content\/uploads\/2022\/02\/damir-tahirovic.jpeg\" class=\"attachment-full\" alt=\"\" title=\"damir-tahirovic\" \/><\/div>\r\n                        <\/div><h5 >Damir Tahirovic<\/h5>\r\n                      <p ><\/p>\r\n                    <\/div><div class=\"rw_message\" >He estado haciendo impuestos comerciales y personales con Manay CPA durante muchos a\u00f1os. Son muy profesionales y hacen un trabajo de calidad. \u00a1Estoy seguro de que la relaci\u00f3n crecer\u00e1 a lo largo de mis pr\u00f3ximos proyectos comerciales!<\/div><div class=\"rw_rating\">\r\n                         <span class=\"fa fa-star\" style=\"color: #ffc662;\"><\/span><span class=\"fa fa-star\" style=\"color: #ffc662;\"><\/span><span class=\"fa fa-star\" style=\"color: #ffc662;\"><\/span><span class=\"fa fa-star\" style=\"color: #ffc662;\"><\/span><span class=\"fa fa-star\" style=\"color: #ffc662;\"><\/span>\r\n                      <\/div><\/div>\r\n                <div class=\"key-reviews  \"  ><div class=\"rw-author-details\"><div class=\"rw_img_wrapper\">\r\n                            <div class=\"rw-authorimg\"><img decoding=\"async\" width=\"150\" height=\"150\" src=\"https:\/\/www.manaycpa.com\/wp-content\/uploads\/2022\/02\/joseph-namioma.jpeg\" class=\"attachment-full\" alt=\"\" title=\"joseph-namioma\" \/><\/div>\r\n                        <\/div><h5 >Joseph Nesiama<\/h5>\r\n                      <p >Propietario de FON Solutions LLC<\/p>\r\n                    <\/div><div class=\"rw_message\" >Son muy profesionales y receptivos. Siempre est\u00e1n dispuestos a ayudar. Es un gran valor por lo que pagas. Como propietario de una peque\u00f1a empresa, han hecho que el funcionamiento de mi negocio sea mucho m\u00e1s f\u00e1cil.<\/div><div class=\"rw_rating\">\r\n                         <span class=\"fa fa-star\" style=\"color: #ffc662;\"><\/span><span class=\"fa fa-star\" style=\"color: #ffc662;\"><\/span><span class=\"fa fa-star\" style=\"color: #ffc662;\"><\/span><span class=\"fa fa-star\" style=\"color: #ffc662;\"><\/span><span class=\"fa fa-star\" style=\"color: #ffc662;\"><\/span>\r\n                      <\/div><\/div><\/div>\r\n                <\/div><script type=\"text\/javascript\">\r\n          \t\t\t\tjQuery(document).ready(function($){\r\n                    if ($(\".review-carousel.kd-rwc-69f789e44dfe3 .rc-content\").length) {\r\n                      $(\".review-carousel.kd-rwc-69f789e44dfe3 .rc-content\").owlCarousel({\r\n                        stageClass: \"owl-wrapper\",\r\n                        stageOuterClass: \"owl-wrapper-outer\",\r\n                        loadedClass: \"owl-carousel\",\r\n                        responsive:{\r\n                            0:{\r\n                                items:1,\r\n                                dots: false,\r\n                                nav: true,\r\n                                navSpeed: 500,\r\n                            },\r\n                            768:{\r\n                                items:2,\r\n                            },\r\n                            1024:{\r\n                                items:3,\r\n                            },\r\n                            1366:{\nnav: true,\r\n                                  navSpeed: 500,\r\n                                  dots: true,\r\n                                  dotsSpeed: 500,\r\n                                  dotsEach: true,}\r\n                        },loop: true,rewind: true,\r\n                        addClassActive: true,\r\n                      });\r\n                    }\r\n          \t\t\t\t});\r\n          \t\t\t<\/script>[\/vc_column_inner][\/vc_row_inner][\/vc_column][\/vc_row]<\/p>\n<\/div>","protected":false},"excerpt":{"rendered":"<p>[vc_row full_width=&#8221;stretch_row&#8221; css=&#8221;.vc_custom_1666726787331{margin-right: 15px !important;padding-top: 200px !important;padding-bottom: 50px !important;background-image: url(https:\/\/www.manaycpa.com\/wp-content\/uploads\/2021\/05\/Frame-48.jpg?id=12426) !important;}&#8221; top_section_title=&#8221;&#8221; bottom_section_title=&#8221;&#8221;][vc_column width=&#8221;1\/2&#8243; offset=&#8221;vc_col-lg-6 vc_col-md-12&#8243; el_class=&#8221;okan_test&#8221;][vc_empty_space height=&#8221;10px&#8221;][vc_empty_space height=&#8221;50px&#8221;][vc_empty_space height=&#8221;10px&#8221;][vc_column_text]Nos aseguramos de mantenernos actualizados sobre cada cambio y revisi\u00f3n de [&hellip;]<\/p>\n","protected":false},"author":8,"featured_media":17714,"parent":0,"menu_order":0,"comment_status":"closed","ping_status":"closed","template":"","meta":{"footnotes":""},"class_list":["post-19004","page","type-page","status-publish","has-post-thumbnail","hentry"],"_links":{"self":[{"href":"https:\/\/www.manaycpa.com\/es\/wp-json\/wp\/v2\/pages\/19004","targetHints":{"allow":["GET"]}}],"collection":[{"href":"https:\/\/www.manaycpa.com\/es\/wp-json\/wp\/v2\/pages"}],"about":[{"href":"https:\/\/www.manaycpa.com\/es\/wp-json\/wp\/v2\/types\/page"}],"author":[{"embeddable":true,"href":"https:\/\/www.manaycpa.com\/es\/wp-json\/wp\/v2\/users\/8"}],"replies":[{"embeddable":true,"href":"https:\/\/www.manaycpa.com\/es\/wp-json\/wp\/v2\/comments?post=19004"}],"version-history":[{"count":0,"href":"https:\/\/www.manaycpa.com\/es\/wp-json\/wp\/v2\/pages\/19004\/revisions"}],"wp:featuredmedia":[{"embeddable":true,"href":"https:\/\/www.manaycpa.com\/es\/wp-json\/wp\/v2\/media\/17714"}],"wp:attachment":[{"href":"https:\/\/www.manaycpa.com\/es\/wp-json\/wp\/v2\/media?parent=19004"}],"curies":[{"name":"wp","href":"https:\/\/api.w.org\/{rel}","templated":true}]}}