{"id":19449,"date":"2022-03-18T16:22:35","date_gmt":"2022-03-18T16:22:35","guid":{"rendered":"https:\/\/www.manaycpa.com\/?page_id=19449"},"modified":"2025-12-02T13:49:58","modified_gmt":"2025-12-02T17:49:58","slug":"consulta-gratis","status":"publish","type":"page","link":"https:\/\/www.manaycpa.com\/es\/consulta-gratis\/","title":{"rendered":"Consulta Gratis"},"content":{"rendered":"<div class=\"wpb-content-wrapper\"><p>[vc_row full_width=&#8221;stretch_row&#8221; kd_image_overlay_color=&#8221;rgba(10,10,10,0.46)&#8221; kd_image_overlay=&#8221;true&#8221; css=&#8221;.vc_custom_1631207134902{margin-top: 100px !important;padding-top: 100px !important;padding-bottom: 100px !important;background: #1a1a1a url(https:\/\/www.manaycpa.com\/wp-content\/uploads\/2021\/09\/pexels-tae-fuller-1141853-min-scaled.jpg?id=13627) !important;background-position: center !important;background-repeat: no-repeat !important;background-size: cover !important;}&#8221; el_id=&#8221;contact-form-box&#8221;][vc_column width=&#8221;1\/2&#8243; offset=&#8221;vc_col-lg-6 vc_col-md-12&#8243; css=&#8221;.vc_custom_1631555569554{background-color: rgba(0,0,0,0.01) !important;*background-color: rgb(0,0,0) !important;}&#8221;][vc_row_inner css=&#8221;.vc_custom_1539591914827{margin-top: 30px !important;}&#8221;][vc_column_inner el_class=&#8221;yazialani&#8221; width=&#8221;5\/6&#8243; css=&#8221;.vc_custom_1631555470792{padding-right: 0px !important;padding-left: 0px !important;}&#8221; offset=&#8221;vc_col-lg-offset-0 vc_col-md-offset-0 vc_col-sm-offset-0&#8243;][vc_empty_space height=&#8221;40px&#8221; el_class=&#8221;nospace&#8221;]<header class=\"kd-section-title col-lg-12 text-left  kd-animated fadeIn  \" data-animation-delay=200><h1 class=\"separator_off\" style=\"color: #ffffff;font-size: 40px !important;line-height: 44px;\">Obtenga una consulta gratuita<\/h1><\/header>[vc_empty_space height=&#8221;20px&#8221;]<header class=\"kd-section-title col-lg-12 text-left  kd-animated fadeIn  \" data-animation-delay=200><h6 class=\"subtitle \" style=\"color: #ffffff;\">Complete el formulario ahora para obtener una consulta gratuita de 15 minutos de los expertos en impuestos y contabilidad de Manay CPA.<\/h6><\/header>[\/vc_column_inner][vc_column_inner width=&#8221;1\/6&#8243; offset=&#8221;vc_hidden-md vc_hidden-sm&#8221;][\/vc_column_inner][\/vc_row_inner][vc_row_inner css=&#8221;.vc_custom_1631555586271{margin-top: 10px !important;margin-bottom: 35px !important;background-color: rgba(0,0,0,0.01) !important;*background-color: rgb(0,0,0) !important;}&#8221; el_class=&#8221;yazialani&#8221;][vc_column_inner width=&#8221;1\/2&#8243; css=&#8221;.vc_custom_1541519907646{padding-left: 0px !important;}&#8221; offset=&#8221;vc_col-lg-offset-0 vc_col-lg-6 vc_col-md-offset-0 vc_col-md-4 vc_col-xs-12&#8243;][vc_column_text css_animation=&#8221;fadeIn&#8221;]<\/p>\n<ul style=\"color: #fff;\">\n<li>Selecci\u00f3n del tipo de entidad<\/li>\n<li>Selecci\u00f3n de estado<\/li>\n<li>N\u00f3mina de sueldos<\/li>\n<\/ul>\n<p>[\/vc_column_text][\/vc_column_inner][vc_column_inner width=&#8221;1\/2&#8243; offset=&#8221;vc_col-lg-6 vc_col-md-offset-0 vc_col-md-6 vc_col-xs-12&#8243; css=&#8221;.vc_custom_1541519911316{margin-left: -50px !important;}&#8221;][vc_column_text css_animation=&#8221;fadeIn&#8221;]<\/p>\n<ul style=\"color: #fff;\">\n<li>Tenedur\u00eda de libros<\/li>\n<li>Contabilidad<\/li>\n<li>Planificaci\u00f3n fiscal<\/li>\n<\/ul>\n<p>[\/vc_column_text][\/vc_column_inner][\/vc_row_inner][\/vc_column][vc_column width=&#8221;1\/2&#8243; css=&#8221;.vc_custom_1631207029723{padding-right: 25px !important;padding-left: 25px !important;background-color: #ffffff !important;border-radius: 1px !important;}&#8221; offset=&#8221;vc_col-lg-6 vc_col-md-12&#8243;][vc_raw_js]JTNDc2NyaXB0JTIwY2hhcnNldCUzRCUyMnV0Zi04JTIyJTIwdHlwZSUzRCUyMnRleHQlMkZqYXZhc2NyaXB0JTIyJTIwc3JjJTNEJTIyJTJGJTJGanMuaHNmb3Jtcy5uZXQlMkZmb3JtcyUyRmVtYmVkJTJGdjIuanMlMjIlM0UlM0MlMkZzY3JpcHQlM0UlMEElM0NzY3JpcHQlM0UlMEElMjAlMjBoYnNwdC5mb3Jtcy5jcmVhdGUlMjglN0IlMEElMjAlMjAlMjAlMjByZWdpb24lM0ElMjAlMjJuYTElMjIlMkMlMEElMjAlMjAlMjAlMjBwb3J0YWxJZCUzQSUyMCUyMjY4NTU2NzQlMjIlMkMlMEElMjAlMjAlMjAlMjBmb3JtSWQlM0ElMjAlMjJjMTRhYjMyMS0wMGM2LTQ1YzItYWZjOC0wNjBjODZiNzhjOTclMjIlMEElMjAlMjAlN0QlMjklM0IlMEElM0MlMkZzY3JpcHQlM0U=[\/vc_raw_js][\/vc_column][\/vc_row][vc_row full_width=&#8221;stretch_row&#8221; css=&#8221;.vc_custom_1631207394596{padding-bottom: 50px !important;background-color: #f3f3f3 !important;background-position: center !important;background-repeat: no-repeat !important;background-size: cover !important;}&#8221;][vc_column css=&#8221;.vc_custom_1516008830796{padding-right: 0px !important;padding-left: 0px !important;}&#8221;]<header class=\"kd-section-title col-lg-12 text-center     vc_custom_1647620428378\" ><h2 class=\"separator_off\" style=\"font-size: 44px !important;\">Beneficios clave<\/h2><\/header>[vc_empty_space height=&#8221;30px&#8221;][vc_row_inner equal_height=&#8221;yes&#8221; css=&#8221;.vc_custom_1647620624856{padding-top: 30px !important;padding-bottom: 30px !important;}&#8221;][vc_column_inner width=&#8221;1\/3&#8243;]<div class=\"key-icon-box icon-default icon-top cont-center ib-hover-1 with-bg-img kd-animated fadeInUp tmh320\" style=\"background-image: url(https:\/\/www.manaycpa.com\/wp-content\/uploads\/2021\/09\/18-1-1024x1024.png);;\" data-animation-delay=400><div class=\"ib-wrapper\"><i class=\"iconsmind-Hour iconsmind-Time\" style=\" color: #ffffff;\"><\/i> <h5 class=\"service-heading\" style=\"color: #ffffff;\">24\/7 DISPONIBLE<\/h5><p style=\"color: #ffffff;\">Estamos listos para responder sus preguntas las 24 horas del d\u00eda, los siete d\u00edas de la semana, para todas las transacciones fiscales y contables de su negocio en los EE. UU.<\/p><\/div><\/div>[\/vc_column_inner][vc_column_inner width=&#8221;1\/3&#8243;]<div class=\"key-icon-box icon-default icon-top cont-center ib-hover-1 with-bg-img kd-animated fadeInUp tmh320\" style=\"background-image: url(https:\/\/www.manaycpa.com\/wp-content\/uploads\/2021\/09\/15-1-1024x1024.png);;\" data-animation-delay=200><div class=\"ib-wrapper\"><i class=\"iconsmind-Bar-Chart iconsmind-Business-Finance\" style=\" color: #ffffff;\"><\/i> <h5 class=\"service-heading\" style=\"color: #ffffff;\">TE AYUDAMOS A<br \/>\nCRECER<\/h5><p style=\"color: #ffffff;\">Trabajamos con las tareas diarias, pero tambi\u00e9n le asesoramos sobre lo que debe hacer para hacer crecer y escalar su negocio.<\/p><\/div><\/div>[\/vc_column_inner][vc_column_inner width=&#8221;1\/3&#8243;]<div class=\"key-icon-box icon-default icon-top cont-center ib-hover-1 with-bg-img kd-animated fadeInUp tmh320\" style=\"background-image: url(https:\/\/www.manaycpa.com\/wp-content\/uploads\/2021\/09\/13-1-1024x1024.png);;\" data-animation-delay=400><div class=\"ib-wrapper\"><i class=\"iconsmind-Business-ManWoman iconsmind-People\" style=\" color: #ffffff;\"><\/i> <h5 class=\"service-heading\" style=\"color: #ffffff;\">ASOCIACI\u00d3N DE CONFIANZA<\/h5><p style=\"color: #ffffff;\">Valoramos nuestras relaciones y trabajamos duro para convertirnos en un socio de confianza con todos nuestros clientes, por eso crecemos juntos.<\/p><\/div><\/div>[\/vc_column_inner][\/vc_row_inner][vc_row_inner equal_height=&#8221;yes&#8221; css=&#8221;.vc_custom_1647620648741{padding-top: 30px !important;padding-bottom: 30px !important;}&#8221;][vc_column_inner width=&#8221;1\/3&#8243;]<div class=\"key-icon-box icon-default icon-top cont-center ib-hover-1 with-bg-img kd-animated fadeInUp tmh320\" style=\"background-image: url(https:\/\/www.manaycpa.com\/wp-content\/uploads\/2021\/09\/16-1024x1024.png);;\" ><div class=\"ib-wrapper\"><i class=\"iconsmind-Coins-3 iconsmind-Business-Finance\" style=\" color: #ffffff;\"><\/i> <h5 class=\"service-heading\" style=\"color: #ffffff;\">FINANZAS OPORTUNAS<\/h5><p style=\"color: #ffffff;\">Nos esforzamos por entregar sus informes financieros a tiempo, lo que le permite tomar las decisiones necesarias para hacer crecer su negocio.<\/p><\/div><\/div>[\/vc_column_inner][vc_column_inner width=&#8221;1\/3&#8243;]<div class=\"key-icon-box icon-default icon-top cont-center ib-hover-1 with-bg-img kd-animated fadeInUp tmh320\" style=\"background-image: url(https:\/\/www.manaycpa.com\/wp-content\/uploads\/2021\/09\/14-1-1024x1024.png);;\" data-animation-delay=200><div class=\"ib-wrapper\"><i class=\"iconsmind-Clouds iconsmind-Cloud-Class\" style=\" color: #ffffff;\"><\/i> <h5 class=\"service-heading\" style=\"color: #ffffff;\">TECNOLOG\u00cdA OPTIMIZADA<\/h5><p style=\"color: #ffffff;\">Estamos 100% basados en la nube y conocemos las \u00faltimas tendencias, por lo que podemos aplicar ese conocimiento a su negocio.<\/p><\/div><\/div>[\/vc_column_inner][vc_column_inner width=&#8221;1\/3&#8243;]<div class=\"key-icon-box icon-default icon-top cont-center ib-hover-1 with-bg-img kd-animated fadeInUp tmh320\" style=\"background-image: url(https:\/\/www.manaycpa.com\/wp-content\/uploads\/2021\/09\/17-1-1024x1024.png);;\" ><div class=\"ib-wrapper\"><i class=\"iconsmind-Light-Bulb iconsmind-Objects\" style=\" color: #ffffff;\"><\/i> <h5 class=\"service-heading\" style=\"color: #ffffff;\">SOLUCI\u00d3N RENTABLE<\/h5><p style=\"color: #ffffff;\">Soluciones personalizadas y rentables que le brindan un control total sobre el nivel de servicios que necesita.<\/p><\/div><\/div>[\/vc_column_inner][\/vc_row_inner]<a  href=\"#contact-form-box\" class=\"tt_button tt_primary_button btn_primary_color  button-center button-scroll-to-section btn-smooth-scroll\" ><span class=\"prim_text\">EMPEZAR<\/span><\/a>[\/vc_column][\/vc_row][vc_row full_width=&#8221;stretch_row&#8221; css=&#8221;.vc_custom_1631209527956{padding-top: 100px !important;padding-bottom: 100px !important;}&#8221;][vc_column width=&#8221;1\/2&#8243; offset=&#8221;vc_col-lg-6 vc_col-md-12 vc_col-xs-12&#8243; css=&#8221;.vc_custom_1631209575456{padding-right: 50px !important;}&#8221;][vc_empty_space height=&#8221;30px&#8221;][vc_single_image image=&#8221;19631&#8243; img_size=&#8221;full&#8221;][\/vc_column][vc_column width=&#8221;1\/2&#8243; offset=&#8221;vc_col-lg-6 vc_col-md-12 vc_col-xs-12&#8243; css=&#8221;.vc_custom_1631209719046{padding-left: 50px !important;}&#8221;][vc_row_inner][vc_column_inner css=&#8221;.vc_custom_1631209821809{padding-left: 0px !important;}&#8221;]<header class=\"kd-section-title col-lg-12 text-left     vc_custom_1647620511640\" ><h2 class=\"separator_off\" style=\"color: #545454;font-size: 37px !important;line-height: 42px;\">Burcu Bree Manay, CPA<\/h2><h6 class=\"subtitle \" style=\"color: #545454;font-size: 22px !important;\">El presidente y el socio director<\/h6><\/header>[vc_empty_space height=&#8221;20px&#8221;][\/vc_column_inner][\/vc_row_inner][vc_column_text]<\/p>\n<div id=\"NgP5lEIpzvgdn0zvGRP0nAB8iFhoxbwT\" class=\"widget widget-text\">\n<ul>\n<li style=\"font-weight: 400;\" aria-level=\"1\"><span style=\"font-weight: 400;\">Amplia experiencia en planificaci\u00f3n fiscal.<\/span><\/li>\n<li style=\"font-weight: 400;\" aria-level=\"1\"><span style=\"font-weight: 400;\">2001, Universidad de M\u00e1rmara, Estudiante de Honor en Administraci\u00f3n de Empresas<\/span><\/li>\n<li style=\"font-weight: 400;\" aria-level=\"1\"><span style=\"font-weight: 400;\">2003, Universidad de West Georgia, Programa de Maestr\u00eda, T\u00edtulo de Honor\u00a0<\/span><\/li>\n<li style=\"font-weight: 400;\" aria-level=\"1\"><span style=\"font-weight: 400;\">2004, Certificado de Autorizaci\u00f3n de Contador P\u00fablico Certificado (CPA)<\/span><\/li>\n<li style=\"font-weight: 400;\" aria-level=\"1\"><span style=\"font-weight: 400;\">Director de Finanzas y Contabilidad en Architectural Barss Company Inc. (10 a\u00f1os de experiencia)<\/span><\/li>\n<li style=\"font-weight: 400;\" aria-level=\"1\"><span style=\"font-weight: 400;\">C\u00e1mara de Comercio de Georgia, miembro del consejo de administraci\u00f3n<\/span><\/li>\n<\/ul>\n<\/div>\n<p>[\/vc_column_text]<a  href=\"#contact-form-box\" class=\"tt_button tt_primary_button btn_primary_color  pull-left button-scroll-to-section btn-smooth-scroll\" ><span class=\"prim_text\">EMPEZAR<\/span><\/a>[\/vc_column][\/vc_row][vc_row full_width=&#8221;stretch_row&#8221;][vc_column][vc_row_inner css=&#8221;.vc_custom_1621013479633{padding-top: 50px !important;padding-bottom: 100px !important;}&#8221;][vc_column_inner]<div class=\"slider clients grayscale-effect kd-client-69ea1c06a94c2 black-navigation \"><div class=\"clients-content \" ><img decoding=\"async\" width=\"234\" height=\"50\" src=\"https:\/\/www.manaycpa.com\/wp-content\/uploads\/2022\/02\/egeseramikkkke.png\" class=\"attachment-full\" alt=\"egeseramik-manaycpa\" title=\"egeseramikkkke\" \/><\/div><div class=\"clients-content \" ><img decoding=\"async\" width=\"234\" height=\"50\" src=\"https:\/\/www.manaycpa.com\/wp-content\/uploads\/2022\/02\/karsannn.png\" class=\"attachment-full\" alt=\"karsan-manaycpa\" title=\"karsannn\" \/><\/div><div class=\"clients-content \" ><img decoding=\"async\" width=\"234\" height=\"50\" src=\"https:\/\/www.manaycpa.com\/wp-content\/uploads\/2022\/02\/deco.png\" class=\"attachment-full\" alt=\"decovita-manaycpa\" title=\"deco\" \/><\/div><div class=\"clients-content \" ><img decoding=\"async\" width=\"234\" height=\"50\" src=\"https:\/\/www.manaycpa.com\/wp-content\/uploads\/2021\/04\/Frame-16-1.png\" class=\"attachment-full\" alt=\"\" title=\"ebebek Logo Manay CPA\" \/><\/div><div class=\"clients-content \" ><img decoding=\"async\" width=\"234\" height=\"50\" src=\"https:\/\/www.manaycpa.com\/wp-content\/uploads\/2022\/02\/cilekkke.png\" class=\"attachment-full\" alt=\"\u00e7ilek-manaycpa\" title=\"\u00e7ilekkke\" \/><\/div><div class=\"clients-content \" ><img decoding=\"async\" width=\"234\" height=\"50\" src=\"https:\/\/www.manaycpa.com\/wp-content\/uploads\/2021\/04\/Frame-15-1.png\" class=\"attachment-full\" alt=\"\" title=\"Ki\u011f\u0131l\u0131 Logo Manay CPA\" \/><\/div><div class=\"clients-content \" ><img decoding=\"async\" width=\"234\" height=\"50\" src=\"https:\/\/www.manaycpa.com\/wp-content\/uploads\/2022\/01\/smart-mimic-manaycpa.png\" class=\"attachment-full\" alt=\"\" title=\"smart-mimic-manaycpa\" \/><\/div><div class=\"clients-content \" ><img decoding=\"async\" width=\"234\" height=\"50\" src=\"https:\/\/www.manaycpa.com\/wp-content\/uploads\/2021\/04\/Frame-14-1.png\" class=\"attachment-full\" alt=\"\" title=\"\u015e\u00f6len Logo Manay CPA\" \/><\/div><div class=\"clients-content \" ><img decoding=\"async\" width=\"234\" height=\"50\" src=\"https:\/\/www.manaycpa.com\/wp-content\/uploads\/2021\/04\/Frame-17.png\" class=\"attachment-full\" alt=\"\" title=\"BRN Sleep Products Logo Manay CPA\" \/><\/div><div class=\"clients-content \" ><img decoding=\"async\" width=\"234\" height=\"50\" src=\"https:\/\/www.manaycpa.com\/wp-content\/uploads\/2021\/03\/Frame-1.png\" class=\"attachment-full\" alt=\"softtech Logo Manay CPA\" title=\"softtech Logo Manay CPA\" \/><\/div><div class=\"clients-content \" ><img decoding=\"async\" width=\"234\" height=\"50\" src=\"https:\/\/www.manaycpa.com\/wp-content\/uploads\/2021\/03\/Frame-3.png\" class=\"attachment-full\" alt=\"american soft linen Logo Manay CPA\" title=\"american soft linen Logo Manay CPA\" \/><\/div><div class=\"clients-content \" ><img decoding=\"async\" width=\"234\" height=\"50\" src=\"https:\/\/www.manaycpa.com\/wp-content\/uploads\/2021\/03\/Frame-5.png\" class=\"attachment-full\" alt=\"AKPA Logo Manay CPA\" title=\"AKPA Logo Manay CPA\" \/><\/div><div class=\"clients-content \" ><img decoding=\"async\" width=\"234\" height=\"50\" src=\"https:\/\/www.manaycpa.com\/wp-content\/uploads\/2021\/03\/Frame-8.png\" class=\"attachment-full\" alt=\"BOCCHI Logo Manay CPA\" title=\"BOCCHI Logo Manay CPA\" \/><\/div><div class=\"clients-content \" ><img decoding=\"async\" width=\"234\" height=\"50\" src=\"https:\/\/www.manaycpa.com\/wp-content\/uploads\/2021\/03\/Frame-9.png\" class=\"attachment-full\" alt=\"Yurtbay Seramik Logo Manay CPA\" title=\"Yurtbay Seramik Logo Manay CPA\" \/><\/div><div class=\"clients-content \" ><img decoding=\"async\" width=\"234\" height=\"50\" src=\"https:\/\/www.manaycpa.com\/wp-content\/uploads\/2021\/03\/Frame-10.png\" class=\"attachment-full\" alt=\"Mandolin Aegean Bistro Logo Manay CPA\" title=\"Mandolin Aegean Bistro Logo Manay CPA\" \/><\/div><div class=\"clients-content \" ><img decoding=\"async\" width=\"234\" height=\"50\" src=\"https:\/\/www.manaycpa.com\/wp-content\/uploads\/2021\/03\/Frame-11.png\" class=\"attachment-full\" alt=\"Sixfab Logo Manay CPA\" title=\"Sixfab Logo Manay CPA\" \/><\/div><div class=\"clients-content \" ><img decoding=\"async\" width=\"234\" height=\"50\" src=\"https:\/\/www.manaycpa.com\/wp-content\/uploads\/2021\/03\/Frame-12.png\" class=\"attachment-full\" alt=\"Quickload Logo Manay CPA\" title=\"Quickload Logo Manay CPA\" \/><\/div><div class=\"clients-content \" ><img decoding=\"async\" width=\"234\" height=\"50\" src=\"https:\/\/www.manaycpa.com\/wp-content\/uploads\/2021\/09\/Frame-30.png\" class=\"attachment-full\" alt=\"\" title=\"Smart Mimic Logo Manay CPA Clients\" \/><\/div><div class=\"clients-content \" ><img decoding=\"async\" width=\"140\" height=\"28\" src=\"https:\/\/www.manaycpa.com\/wp-content\/uploads\/2022\/02\/arkasse.png\" class=\"attachment-full\" alt=\"arkas-manaycpa\" title=\"arkasse\" \/><\/div><\/div><script type=\"text\/javascript\">\r\n              jQuery(document).ready(function($){\r\n                if ($(\".slider.clients.kd-client-69ea1c06a94c2\").length) {\r\n                  $(\".slider.clients.kd-client-69ea1c06a94c2\").owlCarousel({\r\n                    stageClass: \"owl-wrapper\",\r\n                    stageOuterClass: \"owl-wrapper-outer\",\r\n                    loadedClass: \"owl-carousel\",\r\n                    responsiveClass:true,\r\n                    responsive:{\r\n                      0:{\r\n                          items:1,nav: true,\r\n                            navSpeed: 500,\r\n                            dots: false,},\r\n                      480:{\r\n                          items:3,nav: true,\r\n                            navSpeed: 500,\r\n                            dots: false,},\r\n                      960:{\r\n                          items:6,nav: true,\r\n                              navSpeed: 500,\r\n                              dots: false,}\r\n                    },loop: true,autoplay: true,autoplayTimeout: 3000,\r\n                  });\r\n                }\r\n              });\r\n            <\/script>[\/vc_column_inner][\/vc_row_inner][\/vc_column][\/vc_row]<\/p>\n<\/div>","protected":false},"excerpt":{"rendered":"<p>[vc_row full_width=&#8221;stretch_row&#8221; kd_image_overlay_color=&#8221;rgba(10,10,10,0.46)&#8221; kd_image_overlay=&#8221;true&#8221; css=&#8221;.vc_custom_1631207134902{margin-top: 100px !important;padding-top: 100px !important;padding-bottom: 100px !important;background: #1a1a1a url(https:\/\/www.manaycpa.com\/wp-content\/uploads\/2021\/09\/pexels-tae-fuller-1141853-min-scaled.jpg?id=13627) !important;background-position: center !important;background-repeat: no-repeat !important;background-size: cover !important;}&#8221; el_id=&#8221;contact-form-box&#8221;][vc_column width=&#8221;1\/2&#8243; offset=&#8221;vc_col-lg-6 vc_col-md-12&#8243; css=&#8221;.vc_custom_1631555569554{background-color: rgba(0,0,0,0.01) !important;*background-color: rgb(0,0,0) !important;}&#8221;][vc_row_inner css=&#8221;.vc_custom_1539591914827{margin-top: [&hellip;]<\/p>\n","protected":false},"author":8,"featured_media":0,"parent":0,"menu_order":0,"comment_status":"closed","ping_status":"closed","template":"","meta":{"footnotes":""},"class_list":["post-19449","page","type-page","status-publish","hentry"],"_links":{"self":[{"href":"https:\/\/www.manaycpa.com\/es\/wp-json\/wp\/v2\/pages\/19449","targetHints":{"allow":["GET"]}}],"collection":[{"href":"https:\/\/www.manaycpa.com\/es\/wp-json\/wp\/v2\/pages"}],"about":[{"href":"https:\/\/www.manaycpa.com\/es\/wp-json\/wp\/v2\/types\/page"}],"author":[{"embeddable":true,"href":"https:\/\/www.manaycpa.com\/es\/wp-json\/wp\/v2\/users\/8"}],"replies":[{"embeddable":true,"href":"https:\/\/www.manaycpa.com\/es\/wp-json\/wp\/v2\/comments?post=19449"}],"version-history":[{"count":1,"href":"https:\/\/www.manaycpa.com\/es\/wp-json\/wp\/v2\/pages\/19449\/revisions"}],"predecessor-version":[{"id":64199,"href":"https:\/\/www.manaycpa.com\/es\/wp-json\/wp\/v2\/pages\/19449\/revisions\/64199"}],"wp:attachment":[{"href":"https:\/\/www.manaycpa.com\/es\/wp-json\/wp\/v2\/media?parent=19449"}],"curies":[{"name":"wp","href":"https:\/\/api.w.org\/{rel}","templated":true}]}}