{"id":20032,"date":"2022-03-27T06:58:49","date_gmt":"2022-03-27T06:58:49","guid":{"rendered":"https:\/\/www.manaycpa.com\/?page_id=20032"},"modified":"2022-03-27T14:40:31","modified_gmt":"2022-03-27T14:40:31","slug":"consultoria-profesional","status":"publish","type":"page","link":"https:\/\/www.manaycpa.com\/es\/consultoria-profesional\/","title":{"rendered":"Consultor\u00eda Profesional"},"content":{"rendered":"<div class=\"wpb-content-wrapper\"><p>[vc_row full_width=&#8221;stretch_row&#8221; css=&#8221;.vc_custom_1621095911522{margin-right: 15px !important;padding-top: 200px !important;padding-bottom: 120px !important;background-image: url(https:\/\/www.manaycpa.com\/wp-content\/uploads\/2021\/04\/Frame-56-1.jpg?id=12360) !important;}&#8221;][vc_column width=&#8221;1\/3&#8243; offset=&#8221;vc_col-lg-6 vc_col-md-12&#8243; el_class=&#8221;okan_test&#8221;][vc_empty_space height=&#8221;10px&#8221;][vc_empty_space height=&#8221;50px&#8221;]<header class=\"kd-section-title col-lg-12 text-left  kd-animated fadeIn  \" data-animation-delay=200><h1 class=\"separator_off\" style=\"color: #ffffff;font-size: 20px !important;\">Consultor\u00eda Profesional<br \/>\n<\/h1><\/header><header class=\"kd-section-title col-lg-12 text-left    \" ><h2 class=\"separator_off\" style=\"color: #ffffff;font-size: 40px !important;line-height: 50px !important;\">Obtenga consultor\u00eda profesional para todas sus necesidades financieras<br \/>\n<\/h2><\/header>[vc_empty_space height=&#8221;10px&#8221;][vc_column_text]<span style=\"font-weight: 400; color: #ffffff;\">Resuelva todos los problemas fiscales y contables de su negocio en los EE. UU. Programando una reuni\u00f3n ahora. Los expertos de Manay CPA tienen una profesi\u00f3n en impuestos corporativos, precios de transferencia, resoluci\u00f3n de impuestos y representaci\u00f3n del IRS, auditor\u00edas y litigios fiscales.<br \/>\n<\/span>[\/vc_column_text][vc_empty_space height=&#8221;50px&#8221;][\/vc_column][vc_column width=&#8221;1\/12&#8243;][\/vc_column][vc_column width=&#8221;1\/3&#8243; css=&#8221;.vc_custom_1631119871770{padding-top: 50px !important;padding-right: 50px !important;padding-bottom: 23px !important;padding-left: 50px !important;background-color: #ffffff !important;border-radius: 5px !important;}&#8221; offset=&#8221;vc_col-lg-5 vc_col-md-12&#8243; el_class=&#8221;with-shadow&#8221; el_id=&#8221;contact-form-box&#8221;][vc_raw_html]JTIwJTIwJTIwJTIwJTNDJTIxLS0lMjBDYWxlbmRseSUyMGlubGluZSUyMHdpZGdldCUyMGJlZ2luJTIwLS0lM0UlMEElM0NkaXYlMjBjbGFzcyUzRCUyMmNhbGVuZGx5LWlubGluZS13aWRnZXQlMjIlMjBkYXRhLXVybCUzRCUyMmh0dHBzJTNBJTJGJTJGY2FsZW5kbHkuY29tJTJGZ2d1cnVsZSUzRnByaW1hcnlfY29sb3IlM0RmYmJkMDElMjIlMjBzdHlsZSUzRCUyMm1pbi13aWR0aCUzQTMyMHB4JTNCaGVpZ2h0JTNBNjMwcHglM0IlMjIlM0UlM0MlMkZkaXYlM0UlMEElM0NzY3JpcHQlMjB0eXBlJTNEJTIydGV4dCUyRmphdmFzY3JpcHQlMjIlMjBzcmMlM0QlMjJodHRwcyUzQSUyRiUyRmFzc2V0cy5jYWxlbmRseS5jb20lMkZhc3NldHMlMkZleHRlcm5hbCUyRndpZGdldC5qcyUyMiUyMGFzeW5jJTNFJTNDJTJGc2NyaXB0JTNFJTBBJTNDJTIxLS0lMjBDYWxlbmRseSUyMGlubGluZSUyMHdpZGdldCUyMGVuZCUyMC0tJTNFJTBB[\/vc_raw_html][\/vc_column][\/vc_row][vc_row full_width=&#8221;stretch_row&#8221; css=&#8221;.vc_custom_1631119926143{padding-top: 50px !important;padding-bottom: 60px !important;}&#8221;][vc_column]<header class=\"kd-section-title col-lg-12 text-center  kd-animated fadeIn   vc_custom_1648364159096\" data-animation-delay=200><h2 class=\"separator_off\" style=\"color: #343434;font-size: 35px !important;\">Nuestros servicios<br \/>\n<\/h2><h6 class=\"subtitle \" style=\"color: #545454;\">Manay CPA Services a sus necesidades<br \/>\n<\/h6><\/header>[vc_row_inner css=&#8221;.vc_custom_1629392741459{padding-bottom: 30px !important;}&#8221;][vc_column_inner width=&#8221;1\/3&#8243;]<div class=\"key-icon-box icon-default icon-top cont-center ib-no-effect\" style=\"background-color: transparent;\" ><i class=\"iconsmind-Office iconsmind-Buildings-Landmarks\" style=\" \"><\/i> <h5 class=\"service-heading\" >Direcci\u00f3n comercial anual<br \/>\n<\/h5><p >Muestra tu oficina virtual como la direcci\u00f3n de tu empresa en EE. UU.<br \/>\n<\/p><\/div>[\/vc_column_inner][vc_column_inner width=&#8221;1\/3&#8243;]<div class=\"key-icon-box icon-default icon-top cont-center ib-no-effect\" style=\"background-color: transparent;\" ><i class=\"iconsmind-Receipt-3 iconsmind-Shopping-E-commerce\" style=\" \"><\/i> <h5 class=\"service-heading\" >N\u00famero EIN<br \/>\n<\/h5><p >Presente su declaraci\u00f3n de impuestos con su n\u00famero de identificaci\u00f3n fiscal (EIN).<br \/>\n<\/p><\/div>[\/vc_column_inner][vc_column_inner width=&#8221;1\/3&#8243;]<div class=\"key-icon-box icon-default icon-top cont-center ib-no-effect\" style=\"background-color: transparent;\" ><i class=\"iconsmind-Address-Book iconsmind-Communications-Network\" style=\" \"><\/i> <h5 class=\"service-heading\" >N\u00famero ITIN<br \/>\n<\/h5><p >Obtenga el n\u00famero ITIN obligatorio para cada empresa que paga impuestos al gobierno de los EE. UU.<br \/>\n<\/p><\/div>[\/vc_column_inner][\/vc_row_inner][vc_row_inner][vc_column_inner width=&#8221;1\/3&#8243;]<div class=\"key-icon-box icon-default icon-top cont-center ib-no-effect\" style=\"background-color: transparent;\" ><i class=\"iconsmind-Bank iconsmind-Buildings-Landmarks\" style=\" \"><\/i> <h5 class=\"service-heading\" >Cuenta bancaria en l\u00ednea<br \/>\n<\/h5><p >Cuando presente su solicitud, su cuenta bancaria en l\u00ednea se abrir\u00e1 en los EE. UU.<br \/>\n<\/p><\/div>[\/vc_column_inner][vc_column_inner width=&#8221;1\/3&#8243;]<div class=\"key-icon-box icon-default icon-top cont-center ib-no-effect\" style=\"background-color: transparent;\" ><i class=\"iconsmind-Security-Check iconsmind-Security\" style=\" \"><\/i> <h5 class=\"service-heading\" >Agente registrado<br \/>\n<\/h5><p >Tener un agente registrado es un paso obligatorio en la formaci\u00f3n de una empresa.<br \/>\n<\/p><\/div>[\/vc_column_inner][vc_column_inner width=&#8221;1\/3&#8243;]<div class=\"key-icon-box icon-default icon-top cont-center ib-no-effect\" style=\"background-color: transparent;\" ><i class=\"iconsmind-Dollar-Sign iconsmind-Business-Finance\" style=\" \"><\/i> <h5 class=\"service-heading\" >Declaraci\u00f3n de impuestos<br \/>\n<\/h5><p >Servicio de declaraci\u00f3n de impuestos y devoluci\u00f3n de impuestos para su empresa con sede en EE. UU.<br \/>\n<\/p><\/div>[\/vc_column_inner][\/vc_row_inner][\/vc_column][\/vc_row][vc_row full_width=&#8221;stretch_row&#8221; kd_top_separator_style=&#8221;rounded-down&#8221; kd_top_separator_height=&#8221;separator-height-small&#8221; kd_bottom_separator_style=&#8221;rounded-down&#8221; kd_bottom_separator_height=&#8221;separator-height-small&#8221; kd_top_separator=&#8221;true&#8221; kd_bottom_separator=&#8221;true&#8221; css=&#8221;.vc_custom_1614618129223{padding-top: 30px !important;padding-bottom: 50px !important;background-color: #545454 !important;}&#8221; kd_bottom_separator_bg=&#8221;#545454&#8243;][vc_column][vc_row_inner css=&#8221;.vc_custom_1614618103298{padding-top: 50px !important;}&#8221;][vc_column_inner width=&#8221;1\/6&#8243; offset=&#8221;vc_col-lg-2 vc_hidden-xs&#8221;][\/vc_column_inner][vc_column_inner width=&#8221;2\/3&#8243; offset=&#8221;vc_col-lg-8&#8243;]<header class=\"kd-section-title col-lg-12 text-center  kd-animated fadeIn  \" data-animation-delay=200><h2 class=\"separator_off\" style=\"color: #ffffff;font-size: 37px !important;\">\u00bfListo para comenzar?<\/h2><h6 class=\"subtitle \" style=\"color: #f3f3f3;\">\u00a1Para comenzar a trabajar con nosotros, llame al 404-900-1040!<\/h6><\/header>[vc_empty_space height=&#8221;15px&#8221;][\/vc_column_inner][vc_column_inner width=&#8221;1\/6&#8243; offset=&#8221;vc_col-lg-2 vc_hidden-xs&#8221;][\/vc_column_inner][\/vc_row_inner]<a  href=\"\/es\/reservar-una-cita\/\"  target=\"_blank\"  title=\"RESERVAR UNA CITA\" class=\"tt_button tt_primary_button btn_primary_color  button-center button-action-link\" ><span class=\"prim_text\">RESERVAR UNA CITA<\/span><\/a>[\/vc_column][\/vc_row][vc_row full_width=&#8221;stretch_row&#8221; kd_top_separator_style=&#8221;rounded-up&#8221; kd_top_separator_height=&#8221;separator-height-small&#8221; kd_bottom_separator_style=&#8221;rounded-up&#8221; kd_bottom_separator_height=&#8221;separator-height-small&#8221; kd_top_separator=&#8221;true&#8221; kd_bottom_separator=&#8221;true&#8221; css=&#8221;.vc_custom_1614617384661{padding-top: 50px !important;background-color: #f3f3f3 !important;}&#8221; kd_bottom_separator_bg=&#8221;#f3f3f3&#8243; kd_top_separator_bg=&#8221;#545454&#8243;][vc_column css=&#8221;.vc_custom_1516029502203{padding-right: 0px !important;padding-left: 0px !important;}&#8221;][vc_row_inner][vc_column_inner]<header class=\"kd-section-title vc_col-lg-6 vc_col-sm-8 text-center  kd-animated fadeIn   vc_custom_1644875178614\" data-animation-delay=200><h2 class=\"separator_off\" style=\"font-size: 37px !important;line-height: 44px !important;\">Lo que Dicen Nuestros Clientes<\/h2><\/header>[\/vc_column_inner][\/vc_row_inner][vc_row_inner css=&#8221;.vc_custom_1516030120585{padding-bottom: 80px !important;}&#8221;][vc_column_inner css=&#8221;.vc_custom_1516029494833{padding-right: 0px !important;padding-left: 0px !important;}&#8221;]\r\n                <div class=\"review-carousel rc-parent kd-rwc-69f2814003e07 black-navigation nav-arrows-dots\">\r\n                    <div class=\"rc-content\">\r\n                <div class=\"key-reviews  \"  ><div class=\"rw-author-details\"><div class=\"rw_img_wrapper\">\r\n                            <div class=\"rw-authorimg\"><img decoding=\"async\" width=\"150\" height=\"150\" src=\"https:\/\/www.manaycpa.com\/wp-content\/uploads\/2022\/02\/shantia-warren-1.jpeg\" class=\"attachment-full\" alt=\"\" title=\"shantia-warren-1\" \/><\/div>\r\n                        <\/div><h5 >Shantia Warren<\/h5>\r\n                      <p ><\/p>\r\n                    <\/div><div class=\"rw_message\" >Son muy profesionales y serviciales. Necesitaba hacer mis impuestos r\u00e1pidamente, y sin dudarlo pudieron incluirme en su horario. \u00a1Gran Servicio!<\/div><div class=\"rw_rating\">\r\n                         <span class=\"fa fa-star\" style=\"color: #ffc662;\"><\/span><span class=\"fa fa-star\" style=\"color: #ffc662;\"><\/span><span class=\"fa fa-star\" style=\"color: #ffc662;\"><\/span><span class=\"fa fa-star\" style=\"color: #ffc662;\"><\/span><span class=\"fa fa-star\" style=\"color: #ffc662;\"><\/span>\r\n                      <\/div><\/div>\r\n                <div class=\"key-reviews  \"  ><div class=\"rw-author-details\"><div class=\"rw_img_wrapper\">\r\n                            <div class=\"rw-authorimg\"><img decoding=\"async\" width=\"1000\" height=\"1000\" src=\"https:\/\/www.manaycpa.com\/wp-content\/uploads\/2022\/02\/pexels-christina-morillo-1181327-1-1.png\" class=\"attachment-full\" alt=\"\" title=\"pexels-christina-morillo-1181327-1-1\" srcset=\"https:\/\/www.manaycpa.com\/wp-content\/uploads\/2022\/02\/pexels-christina-morillo-1181327-1-1.png 1000w, https:\/\/www.manaycpa.com\/wp-content\/uploads\/2022\/02\/pexels-christina-morillo-1181327-1-1-300x300.png 300w, https:\/\/www.manaycpa.com\/wp-content\/uploads\/2022\/02\/pexels-christina-morillo-1181327-1-1-150x150.png 150w, https:\/\/www.manaycpa.com\/wp-content\/uploads\/2022\/02\/pexels-christina-morillo-1181327-1-1-768x768.png 768w, https:\/\/www.manaycpa.com\/wp-content\/uploads\/2022\/02\/pexels-christina-morillo-1181327-1-1-320x320.png 320w\" sizes=\"(max-width: 1000px) 100vw, 1000px\" \/><\/div>\r\n                        <\/div><h5 >Lewanna Brown<\/h5>\r\n                      <p >Propietario de Copper Cove<\/p>\r\n                    <\/div><div class=\"rw_message\" >Manejan las cosas, que de otra manera me llevar\u00eda todo el d\u00eda y siempre me mantienen actualizado. El equipo siempre responde el tel\u00e9fono con paciencia para cada pregunta y solicitud improvisada.<\/div><div class=\"rw_rating\">\r\n                         <span class=\"fa fa-star\" style=\"color: #ffc662;\"><\/span><span class=\"fa fa-star\" style=\"color: #ffc662;\"><\/span><span class=\"fa fa-star\" style=\"color: #ffc662;\"><\/span><span class=\"fa fa-star\" style=\"color: #ffc662;\"><\/span><span class=\"fa fa-star\" style=\"color: #ffc662;\"><\/span>\r\n                      <\/div><\/div>\r\n                <div class=\"key-reviews  \"  ><div class=\"rw-author-details\"><div class=\"rw_img_wrapper\">\r\n                            <div class=\"rw-authorimg\"><img decoding=\"async\" width=\"150\" height=\"150\" src=\"https:\/\/www.manaycpa.com\/wp-content\/uploads\/2022\/02\/kim-howell.jpeg\" class=\"attachment-full\" alt=\"\" title=\"kim-howell\" \/><\/div>\r\n                        <\/div><h5 >Kim Howell<\/h5>\r\n                      <p ><\/p>\r\n                    <\/div><div class=\"rw_message\" >He usado Manay CPA durante muchos a\u00f1os, porque se que puedo confiar en ellos. Son sinceros amables y profesionales. Los recomiendo todo el tiempo a amigos, gente con las que trabajo, etc.<\/div><div class=\"rw_rating\">\r\n                         <span class=\"fa fa-star\" style=\"color: #ffc662;\"><\/span><span class=\"fa fa-star\" style=\"color: #ffc662;\"><\/span><span class=\"fa fa-star\" style=\"color: #ffc662;\"><\/span><span class=\"fa fa-star\" style=\"color: #ffc662;\"><\/span><span class=\"fa fa-star\" style=\"color: #ffc662;\"><\/span>\r\n                      <\/div><\/div>\r\n                <div class=\"key-reviews  \"  ><div class=\"rw-author-details\"><div class=\"rw_img_wrapper\">\r\n                            <div class=\"rw-authorimg\"><img decoding=\"async\" width=\"150\" height=\"150\" src=\"https:\/\/www.manaycpa.com\/wp-content\/uploads\/2022\/02\/damir-tahirovic.jpeg\" class=\"attachment-full\" alt=\"\" title=\"damir-tahirovic\" \/><\/div>\r\n                        <\/div><h5 >Damir Tahirovic<\/h5>\r\n                      <p ><\/p>\r\n                    <\/div><div class=\"rw_message\" >He estado haciendo impuestos comerciales y personales con Manay CPA durante muchos a\u00f1os. Son muy profesionales y hacen un trabajo de calidad. \u00a1Estoy seguro de que la relaci\u00f3n crecer\u00e1 a lo largo de mis pr\u00f3ximos proyectos comerciales!<\/div><div class=\"rw_rating\">\r\n                         <span class=\"fa fa-star\" style=\"color: #ffc662;\"><\/span><span class=\"fa fa-star\" style=\"color: #ffc662;\"><\/span><span class=\"fa fa-star\" style=\"color: #ffc662;\"><\/span><span class=\"fa fa-star\" style=\"color: #ffc662;\"><\/span><span class=\"fa fa-star\" style=\"color: #ffc662;\"><\/span>\r\n                      <\/div><\/div>\r\n                <div class=\"key-reviews  \"  ><div class=\"rw-author-details\"><div class=\"rw_img_wrapper\">\r\n                            <div class=\"rw-authorimg\"><img decoding=\"async\" width=\"150\" height=\"150\" src=\"https:\/\/www.manaycpa.com\/wp-content\/uploads\/2022\/02\/joseph-namioma.jpeg\" class=\"attachment-full\" alt=\"\" title=\"joseph-namioma\" \/><\/div>\r\n                        <\/div><h5 >Joseph Nesiama<\/h5>\r\n                      <p >Propietario de FON Solutions LLC<\/p>\r\n                    <\/div><div class=\"rw_message\" >Son muy profesionales y receptivos. Siempre est\u00e1n dispuestos a ayudar. Es un gran valor por lo que pagas. Como propietario de una peque\u00f1a empresa, han hecho que el funcionamiento de mi negocio sea mucho m\u00e1s f\u00e1cil.<\/div><div class=\"rw_rating\">\r\n                         <span class=\"fa fa-star\" style=\"color: #ffc662;\"><\/span><span class=\"fa fa-star\" style=\"color: #ffc662;\"><\/span><span class=\"fa fa-star\" style=\"color: #ffc662;\"><\/span><span class=\"fa fa-star\" style=\"color: #ffc662;\"><\/span><span class=\"fa fa-star\" style=\"color: #ffc662;\"><\/span>\r\n                      <\/div><\/div><\/div>\r\n                <\/div><script type=\"text\/javascript\">\r\n          \t\t\t\tjQuery(document).ready(function($){\r\n                    if ($(\".review-carousel.kd-rwc-69f2814003e07 .rc-content\").length) {\r\n                      $(\".review-carousel.kd-rwc-69f2814003e07 .rc-content\").owlCarousel({\r\n                        stageClass: \"owl-wrapper\",\r\n                        stageOuterClass: \"owl-wrapper-outer\",\r\n                        loadedClass: \"owl-carousel\",\r\n                        responsive:{\r\n                            0:{\r\n                                items:1,\r\n                                dots: false,\r\n                                nav: true,\r\n                                navSpeed: 500,\r\n                            },\r\n                            768:{\r\n                                items:2,\r\n                            },\r\n                            1024:{\r\n                                items:3,\r\n                            },\r\n                            1366:{\nnav: true,\r\n                                  navSpeed: 500,\r\n                                  dots: true,\r\n                                  dotsSpeed: 500,\r\n                                  dotsEach: true,}\r\n                        },loop: true,rewind: true,\r\n                        addClassActive: true,\r\n                      });\r\n                    }\r\n          \t\t\t\t});\r\n          \t\t\t<\/script>[\/vc_column_inner][\/vc_row_inner][\/vc_column][\/vc_row]<\/p>\n<\/div>","protected":false},"excerpt":{"rendered":"<p>[vc_row full_width=&#8221;stretch_row&#8221; css=&#8221;.vc_custom_1621095911522{margin-right: 15px !important;padding-top: 200px !important;padding-bottom: 120px !important;background-image: url(https:\/\/www.manaycpa.com\/wp-content\/uploads\/2021\/04\/Frame-56-1.jpg?id=12360) !important;}&#8221;][vc_column width=&#8221;1\/3&#8243; offset=&#8221;vc_col-lg-6 vc_col-md-12&#8243; el_class=&#8221;okan_test&#8221;][vc_empty_space height=&#8221;10px&#8221;][vc_empty_space height=&#8221;50px&#8221;][vc_empty_space height=&#8221;10px&#8221;][vc_column_text]Resuelva todos los problemas fiscales y contables de su negocio en los EE. [&hellip;]<\/p>\n","protected":false},"author":8,"featured_media":17714,"parent":0,"menu_order":0,"comment_status":"closed","ping_status":"closed","template":"","meta":{"footnotes":""},"class_list":["post-20032","page","type-page","status-publish","has-post-thumbnail","hentry"],"_links":{"self":[{"href":"https:\/\/www.manaycpa.com\/es\/wp-json\/wp\/v2\/pages\/20032","targetHints":{"allow":["GET"]}}],"collection":[{"href":"https:\/\/www.manaycpa.com\/es\/wp-json\/wp\/v2\/pages"}],"about":[{"href":"https:\/\/www.manaycpa.com\/es\/wp-json\/wp\/v2\/types\/page"}],"author":[{"embeddable":true,"href":"https:\/\/www.manaycpa.com\/es\/wp-json\/wp\/v2\/users\/8"}],"replies":[{"embeddable":true,"href":"https:\/\/www.manaycpa.com\/es\/wp-json\/wp\/v2\/comments?post=20032"}],"version-history":[{"count":0,"href":"https:\/\/www.manaycpa.com\/es\/wp-json\/wp\/v2\/pages\/20032\/revisions"}],"wp:featuredmedia":[{"embeddable":true,"href":"https:\/\/www.manaycpa.com\/es\/wp-json\/wp\/v2\/media\/17714"}],"wp:attachment":[{"href":"https:\/\/www.manaycpa.com\/es\/wp-json\/wp\/v2\/media?parent=20032"}],"curies":[{"name":"wp","href":"https:\/\/api.w.org\/{rel}","templated":true}]}}