{"id":10113,"date":"2021-03-11T13:57:56","date_gmt":"2021-03-11T13:57:56","guid":{"rendered":"https:\/\/www.manaycpa.com\/hakkimizda\/ekibimiz\/burcin-sonmezer\/"},"modified":"2025-04-02T19:52:44","modified_gmt":"2025-04-02T19:52:44","slug":"burcin-sonmezer","status":"publish","type":"page","link":"https:\/\/www.manaycpa.com\/tr\/hakkimizda\/ekibimiz\/burcin-sonmezer\/","title":{"rendered":"Burcin Sonmezer"},"content":{"rendered":"<div class=\"wpb-content-wrapper\"><p>[vc_row full_width=&#8221;stretch_row&#8221; css=&#8221;.vc_custom_1629912948435{padding-top: 100px !important;padding-bottom: 80px !important;background-image: url(https:\/\/www.manaycpa.com\/wp-content\/uploads\/2021\/02\/team-manay-1s.jpg?id=9932) !important;}&#8221;][vc_column][vc_row_inner][vc_column_inner][vc_empty_space height=&#8221;50px&#8221;]<header class=\"kd-section-title col-lg-12 text-center  kd-animated fadeIn   vc_custom_1632165014727\" data-animation-delay=200><h2 class=\"separator_off\" style=\"color: #ffffff;font-size: 46px !important;\">Manay CPA Ekibi<\/h2><h6 class=\"subtitle \" style=\"color: #ffffff;\">\u0130\u015f d\u00fcnyas\u0131ndaki uzun y\u0131llard\u0131r s\u00fcregelen uzmanl\u0131\u011f\u0131m\u0131z ile her zaman size yard\u0131m etmeye haz\u0131r\u0131z.<\/h6><\/header>[\/vc_column_inner][\/vc_row_inner][\/vc_column][\/vc_row][vc_row][vc_column width=&#8221;1\/4&#8243; offset=&#8221;vc_col-lg-1&#8243;][\/vc_column][vc_column width=&#8221;1\/4&#8243; offset=&#8221;vc_col-lg-6&#8243;][vc_empty_space height=&#8221;70px&#8221;]<header class=\"kd-section-title col-lg-12 text-left  kd-animated fadeIn  \" data-animation-delay=200><h1 class=\"separator_off\" style=\"font-size: 37px !important;line-height: 44px;\">Bur\u00e7in S\u00f6nmezer<\/h1><h6 class=\"subtitle \" style=\"font-size: 22px;\">MBA, MSA<\/h6><\/header><header class=\"kd-section-title col-lg-12 text-left  kd-animated fadeIn  \" data-animation-delay=200><h2 class=\"separator_off\" style=\"font-size: 22px !important;line-height: 44px;\">Partner &amp; Atlanta Office Leader<\/h2><\/header>[vc_empty_space height=&#8221;20px&#8221;]<a href=\"https:\/\/www.linkedin.com\/in\/burcin-sonmezer-20923b56\/\" target=\"_blank\" title=\"https:\/\/www.linkedin.com\/in\/burcin-sonmezer-20923b56\/\" class=\"tt_button tt_primary_button btn_primary_color  pull-left button-action-link\" rel=\"nofollow noopener\"><span class=\"prim_text\">L\u0131nkedIn<\/span><\/a>[\/vc_column][vc_column width=&#8221;1\/4&#8243; offset=&#8221;vc_col-lg-4&#8243;][vc_empty_space height=&#8221;50px&#8221;][vc_single_image image=&#8221;61229&#8243; img_size=&#8221;full&#8221; style=&#8221;vc_box_shadow_border&#8221; css_animation=&#8221;fadeInLeft&#8221; css=&#8221;&#8221;][\/vc_column][vc_column width=&#8221;1\/4&#8243;][\/vc_column][\/vc_row][vc_row][vc_column width=&#8221;1\/12&#8243; offset=&#8221;vc_col-lg-1&#8243;][\/vc_column][vc_column width=&#8221;2\/3&#8243; css=&#8221;.vc_custom_1614433991959{padding-right: 25px !important;}&#8221; offset=&#8221;vc_col-lg-8 vc_col-md-12 vc_col-xs-12&#8243;][vc_empty_space height=&#8221;20px&#8221;][vc_column_text css=&#8221;&#8221;]Bur\u00e7in S\u00f6nmezer, fizik alan\u0131ndaki ge\u00e7mi\u015fine dayanarak Kennesaw State University\u2019de MBA ve Muhasebe Y\u00fcksek Lisans\u0131 yapmak i\u00e7in 2009 y\u0131l\u0131nda Amerika\u2019ya ta\u015f\u0131nd\u0131. Farkl\u0131 bir kariyer yolu izlemek istedi\u011fini bilse de, sahip oldu\u011fu analitik d\u00fc\u015f\u00fcnme, problem \u00e7\u00f6zme becerileri ve keskin muhakeme yetene\u011fi, muhasebecilik kariyerinde sa\u011flam bir temel olu\u015fturdu.<\/p>\n<p>Kariyerine bir kira m\u00fclk\u00fc y\u00f6netim \u015firketinde Muhasebe M\u00fcd\u00fcr\u00fc olarak ba\u015flad\u0131 ve finansal operasyonlar konusunda do\u011frudan deneyim kazand\u0131. Daha sonra Manay CPA&#8217;e kat\u0131larak uluslararas\u0131 ve ticari vergiler konusunda uzmanla\u015ft\u0131 ve m\u00fc\u015fterilerin karma\u015f\u0131k vergi d\u00fczenlemelerinde yollar\u0131n\u0131 bulmalar\u0131na yard\u0131mc\u0131 oldu. Manay CPA \u015eirket Orta\u011f\u0131 ve Atlanta Ofis Lideri olan Bur\u00e7in S\u00f6nmezer, Kamu Noteri (Public Notary) ve Kabul Acentesi (CAA) unvanlar\u0131na sahip olup, CPA sertifikas\u0131n\u0131 almak i\u00e7in \u00e7al\u0131\u015fmalar\u0131n\u0131 s\u00fcrd\u00fcr\u00fcyor.<\/p>\n<p>Vergi Stratejisi, Uluslararas\u0131 Vergilendirme ve Karma\u015f\u0131k Uluslararas\u0131 Muhasebe Konular\u0131 \u00fczerine uzmanla\u015fm\u0131\u015f deneyimli bir vergi profesyonelidir. K\u00fcresel vergi d\u00fczenlemelerinin karma\u015f\u0131kl\u0131\u011f\u0131n\u0131 y\u00f6netme konusunda kapsaml\u0131 bir uzmanl\u0131\u011fa sahiptir ve farkl\u0131 yarg\u0131 b\u00f6lgelerinde ge\u00e7erli olan vergi anla\u015fmalar\u0131n\u0131 kapsaml\u0131 bir \u015fekilde anlamaktad\u0131r.<\/p>\n<p>Bur\u00e7in S\u00f6nmezer, ikiz erkek \u00e7ocuk annesidir; seyahat etmeyi, okumay\u0131 ve m\u00fczi\u011fi sever ve ailesiyle ge\u00e7irdi\u011fi zamana b\u00fcy\u00fck de\u011fer verir. S\u00fcrekli geli\u015fime ba\u011fl\u0131 olan S\u00f6nmezer, m\u00fc\u015fterilerinin ba\u015far\u0131s\u0131n\u0131 desteklemeye kararl\u0131d\u0131r. ATFC\u2019nin (American Turkish Friendship Council) aktif bir g\u00f6n\u00fcll\u00fcs\u00fc olarak \u00e7e\u015fitli projelerde liderlik rol\u00fc \u00fcstlenmi\u015f ve par\u00e7as\u0131 oldu\u011fu T\u00fcrk-Amerikan toplulu\u011funa katk\u0131da bulunmaktan mutluluk duymaktad\u0131r. Topluluk i\u00e7inde daha g\u00fc\u00e7l\u00fc ba\u011flar kurmay\u0131 ve daha derin bir ba\u011flant\u0131 geli\u015ftirmeyi hedeflemektedir.[\/vc_column_text][\/vc_column][\/vc_row][vc_row full_width=&#8221;stretch_row&#8221; css=&#8221;.vc_custom_1614419641251{background-color: #ffffff !important;}&#8221;][vc_column width=&#8221;1\/6&#8243; offset=&#8221;vc_col-lg-2&#8243;][\/vc_column][vc_column width=&#8221;2\/3&#8243; css=&#8221;.vc_custom_1614419340057{padding-right: 0px !important;padding-left: 0px !important;}&#8221; offset=&#8221;vc_col-lg-8&#8243;][vc_row_inner css=&#8221;.vc_custom_1511348683940{padding-top: 100px !important;padding-bottom: 100px !important;}&#8221;][vc_column_inner offset=&#8221;vc_col-lg-12 vc_col-md-12&#8243;][vc_custom_heading text=&#8221;Finansal ipu\u00e7lar\u0131, vergilerinizin son \u00f6deme tarihleri ve di\u011fer vergi stratejileri i\u00e7in b\u00fcltenimize abone olun&#8221; font_container=&#8221;tag:h3|font_size:23px%20!important|text_align:center|line_height:44px&#8221; use_theme_fonts=&#8221;yes&#8221; css_animation=&#8221;fadeIn&#8221; css=&#8221;.vc_custom_1617476581170{margin-bottom: 0px !important;}&#8221;][vc_empty_space height=&#8221;20px&#8221;][vc_raw_js]JTNDc2NyaXB0JTIwY2hhcnNldCUzRCUyMnV0Zi04JTIyJTIwdHlwZSUzRCUyMnRleHQlMkZqYXZhc2NyaXB0JTIyJTIwc3JjJTNEJTIyJTJGJTJGanMuaHNmb3Jtcy5uZXQlMkZmb3JtcyUyRnYyLmpzJTIyJTNFJTNDJTJGc2NyaXB0JTNFJTBBJTNDc2NyaXB0JTNFJTBBJTIwJTIwaGJzcHQuZm9ybXMuY3JlYXRlJTI4JTdCJTBBJTIwJTIwJTIwJTIwcmVnaW9uJTNBJTIwJTIybmExJTIyJTJDJTBBJTIwJTIwJTIwJTIwcG9ydGFsSWQlM0ElMjAlMjI2ODU1Njc0JTIyJTJDJTBBJTIwJTIwJTIwJTIwZm9ybUlkJTNBJTIwJTIyYjZhZGFjZGQtOWQ4Ni00YWI4LWJjYjQtZWY5ZTUzMzM4ZDg2JTIyJTBBJTIwJTIwJTdEJTI5JTNCJTBBJTNDJTJGc2NyaXB0JTNF[\/vc_raw_js][\/vc_column_inner][\/vc_row_inner][\/vc_column][vc_column width=&#8221;1\/6&#8243; offset=&#8221;vc_col-lg-2&#8243;][\/vc_column][\/vc_row]<\/p>\n<\/div>","protected":false},"excerpt":{"rendered":"<p>[vc_row full_width=&#8221;stretch_row&#8221; css=&#8221;.vc_custom_1629912948435{padding-top: 100px !important;padding-bottom: 80px !important;background-image: url(https:\/\/www.manaycpa.com\/wp-content\/uploads\/2021\/02\/team-manay-1s.jpg?id=9932) !important;}&#8221;][vc_column][vc_row_inner][vc_column_inner][vc_empty_space height=&#8221;50px&#8221;][\/vc_column_inner][\/vc_row_inner][\/vc_column][\/vc_row][vc_row][vc_column width=&#8221;1\/4&#8243; offset=&#8221;vc_col-lg-1&#8243;][\/vc_column][vc_column width=&#8221;1\/4&#8243; offset=&#8221;vc_col-lg-6&#8243;][vc_empty_space height=&#8221;70px&#8221;][vc_empty_space height=&#8221;20px&#8221;][\/vc_column][vc_column width=&#8221;1\/4&#8243; offset=&#8221;vc_col-lg-4&#8243;][vc_empty_space height=&#8221;50px&#8221;][vc_single_image image=&#8221;61229&#8243; img_size=&#8221;full&#8221; style=&#8221;vc_box_shadow_border&#8221; css_animation=&#8221;fadeInLeft&#8221; css=&#8221;&#8221;][\/vc_column][vc_column width=&#8221;1\/4&#8243;][\/vc_column][\/vc_row][vc_row][vc_column width=&#8221;1\/12&#8243; offset=&#8221;vc_col-lg-1&#8243;][\/vc_column][vc_column width=&#8221;2\/3&#8243; css=&#8221;.vc_custom_1614433991959{padding-right: 25px [&hellip;]<\/p>\n","protected":false},"author":8,"featured_media":11784,"parent":9917,"menu_order":0,"comment_status":"closed","ping_status":"closed","template":"","meta":{"footnotes":""},"class_list":["post-10113","page","type-page","status-publish","has-post-thumbnail","hentry"],"_links":{"self":[{"href":"https:\/\/www.manaycpa.com\/tr\/wp-json\/wp\/v2\/pages\/10113","targetHints":{"allow":["GET"]}}],"collection":[{"href":"https:\/\/www.manaycpa.com\/tr\/wp-json\/wp\/v2\/pages"}],"about":[{"href":"https:\/\/www.manaycpa.com\/tr\/wp-json\/wp\/v2\/types\/page"}],"author":[{"embeddable":true,"href":"https:\/\/www.manaycpa.com\/tr\/wp-json\/wp\/v2\/users\/8"}],"replies":[{"embeddable":true,"href":"https:\/\/www.manaycpa.com\/tr\/wp-json\/wp\/v2\/comments?post=10113"}],"version-history":[{"count":6,"href":"https:\/\/www.manaycpa.com\/tr\/wp-json\/wp\/v2\/pages\/10113\/revisions"}],"predecessor-version":[{"id":61233,"href":"https:\/\/www.manaycpa.com\/tr\/wp-json\/wp\/v2\/pages\/10113\/revisions\/61233"}],"up":[{"embeddable":true,"href":"https:\/\/www.manaycpa.com\/tr\/wp-json\/wp\/v2\/pages\/9917"}],"wp:featuredmedia":[{"embeddable":true,"href":"https:\/\/www.manaycpa.com\/tr\/wp-json\/wp\/v2\/media\/11784"}],"wp:attachment":[{"href":"https:\/\/www.manaycpa.com\/tr\/wp-json\/wp\/v2\/media?parent=10113"}],"curies":[{"name":"wp","href":"https:\/\/api.w.org\/{rel}","templated":true}]}}