{"id":10130,"date":"2021-03-07T17:59:24","date_gmt":"2021-03-07T17:59:24","guid":{"rendered":"https:\/\/www.manaycpa.com\/leave-a-review\/"},"modified":"2022-11-03T04:21:06","modified_gmt":"2022-11-03T04:21:06","slug":"yorum-birak","status":"publish","type":"page","link":"https:\/\/www.manaycpa.com\/tr\/yorum-birak\/","title":{"rendered":"Yorum B\u0131rak"},"content":{"rendered":"<div class=\"wpb-content-wrapper\"><p>[vc_row full_width=&#8221;stretch_row&#8221; css=&#8221;.vc_custom_1614252738502{margin-right: 15px !important;padding-top: 200px !important;padding-bottom: 70px !important;background-image: url(https:\/\/www.manaycpa.com\/wp-content\/uploads\/2021\/02\/intro-section1personal.jpg?id=8162) !important;}&#8221;][vc_column width=&#8221;5\/6&#8243; offset=&#8221;vc_col-lg-10 vc_col-md-12&#8243; el_class=&#8221;okan_test&#8221;][vc_empty_space height=&#8221;10px&#8221;][vc_empty_space height=&#8221;50px&#8221;]<header class=\"kd-section-title col-lg-12 text-left  kd-animated fadeIn  \" data-animation-delay=200><h1 class=\"separator_off\" style=\"color: #ffffff;font-size: 44px !important;\">Manay CPA \u0130\u00e7in Bir Yorum B\u0131rak\u0131n<\/h1><\/header>[vc_empty_space height=&#8221;10px&#8221;][vc_column_text]<span style=\"font-weight: 400; color: #ffffff;\">M\u00fc\u015fterilerimizin yorumlar\u0131n\u0131 \u00f6nemsiyoruz. Ald\u0131\u011f\u0131n\u0131z hizmet hakk\u0131ndaki fikirlerinizi belirterek kendimizi geli\u015ftirmemize ve b\u00fcy\u00fcmemize destek olursan\u0131z mutluluk duyar\u0131z.<\/span><\/p>\n<p>[\/vc_column_text][vc_empty_space height=&#8221;50px&#8221;][\/vc_column][\/vc_row][vc_row full_width=&#8221;stretch_row&#8221; parallax=&#8221;content-moving&#8221; css=&#8221;.vc_custom_1615139946272{padding-top: 100px !important;padding-bottom: 85px !important;}&#8221;][vc_column css=&#8221;.vc_custom_1516106070544{padding-right: 0px !important;padding-left: 0px !important;}&#8221;][vc_row_inner][vc_column_inner css=&#8221;.vc_custom_1516106746836{padding-right: 0px !important;}&#8221;]\n            <div class=\"sliding_box_parent row kd-slidingbox-69f3e3765d89b \"><div class=\"sliding_box_child\" >\n                <div class=\"sb-image\"><img decoding=\"async\" width=\"1000\" height=\"1000\" src=\"https:\/\/www.manaycpa.com\/wp-content\/uploads\/2021\/03\/image-20150902-6700-t2axrz.jpeg\" class=\"attachment-full\" alt=\"Review Manay CPA on Facebook\" title=\"image-20150902-6700-t2axrz\" srcset=\"https:\/\/www.manaycpa.com\/wp-content\/uploads\/2021\/03\/image-20150902-6700-t2axrz.jpeg 1000w, https:\/\/www.manaycpa.com\/wp-content\/uploads\/2021\/03\/image-20150902-6700-t2axrz-300x300.jpeg 300w, https:\/\/www.manaycpa.com\/wp-content\/uploads\/2021\/03\/image-20150902-6700-t2axrz-150x150.jpeg 150w, https:\/\/www.manaycpa.com\/wp-content\/uploads\/2021\/03\/image-20150902-6700-t2axrz-768x768.jpeg 768w, https:\/\/www.manaycpa.com\/wp-content\/uploads\/2021\/03\/image-20150902-6700-t2axrz-320x320.jpeg 320w, https:\/\/www.manaycpa.com\/wp-content\/uploads\/2021\/03\/image-20150902-6700-t2axrz-800x800.jpeg 800w\" sizes=\"(max-width: 1000px) 100vw, 1000px\" \/><\/div>\n                <div class=\"sb_content_wrapper\" ><p >1. Google hesab\u0131n\u0131za girin.<br \/>\n2. Butona t\u0131klayarak yorum yazabilece\u011finiz sayfaya y\u00f6nlenin.<\/p><div class=\"sb-btncontainer\"><a href=\"https:\/\/www.google.com\/search?ludocid=15586718373160927727&amp;q=Manay%20CPA%20Inc%201995%20North%20Park%20Place%20Southeast%20Suite%20420%20Atlanta%2C%20Georgia%2030339&amp;authuser=1&amp;_ga=2.39541923.1433133577.1549900951-1989815197.1535556423#lrd=0x88f511a837683203:0xd84f25c7464fc1ef,3,,,\" target=\"_blank\" title=\"\" class=\"tt_button tt_secondary_button \" rel=\"nofollow noopener\">Yorum Yap<\/a><\/div><\/div>\n            <\/div><div class=\"sliding_box_child active-elem\" >\n                <div class=\"sb-image\"><img decoding=\"async\" width=\"1920\" height=\"1080\" src=\"https:\/\/www.manaycpa.com\/wp-content\/uploads\/2021\/03\/fb-hero-image-001.jpeg\" class=\"attachment-full\" alt=\"Review\" title=\"fb-hero-image-001\" srcset=\"https:\/\/www.manaycpa.com\/wp-content\/uploads\/2021\/03\/fb-hero-image-001.jpeg 1920w, https:\/\/www.manaycpa.com\/wp-content\/uploads\/2021\/03\/fb-hero-image-001-300x169.jpeg 300w, https:\/\/www.manaycpa.com\/wp-content\/uploads\/2021\/03\/fb-hero-image-001-1024x576.jpeg 1024w, https:\/\/www.manaycpa.com\/wp-content\/uploads\/2021\/03\/fb-hero-image-001-768x432.jpeg 768w, https:\/\/www.manaycpa.com\/wp-content\/uploads\/2021\/03\/fb-hero-image-001-1536x864.jpeg 1536w, https:\/\/www.manaycpa.com\/wp-content\/uploads\/2021\/03\/fb-hero-image-001-800x450.jpeg 800w\" sizes=\"(max-width: 1920px) 100vw, 1920px\" \/><\/div>\n                <div class=\"sb_content_wrapper\" ><p >1. Butona t\u0131klay\u0131n.<br \/>\n2. Sol tarafta ''yorumlar''a t\u0131klay\u0131n.<br \/>\n3. ''Tavsiye eder misiniz?'' butonunda ''Evet''i se\u00e7in.<br \/>\n4. D\u00fc\u015f\u00fcncelerinizi yaz\u0131n.<\/p><div class=\"sb-btncontainer\"><a href=\"https:\/\/www.facebook.com\/pg\/manaycpa\/reviews\/?ref=page_internal\" target=\"_blank\" title=\"\" class=\"tt_button tt_secondary_button \" rel=\"nofollow noopener\">Yorum Yap<\/a><\/div><\/div>\n            <\/div><div class=\"sliding_box_child\" >\n                <div class=\"sb-image\"><img decoding=\"async\" width=\"1920\" height=\"1080\" src=\"https:\/\/www.manaycpa.com\/wp-content\/uploads\/2021\/03\/yelp-red-1920.jpeg\" class=\"attachment-full\" alt=\"Review Manay CPA on Yelp\" title=\"yelp-red-1920\" srcset=\"https:\/\/www.manaycpa.com\/wp-content\/uploads\/2021\/03\/yelp-red-1920.jpeg 1920w, https:\/\/www.manaycpa.com\/wp-content\/uploads\/2021\/03\/yelp-red-1920-300x169.jpeg 300w, https:\/\/www.manaycpa.com\/wp-content\/uploads\/2021\/03\/yelp-red-1920-1024x576.jpeg 1024w, https:\/\/www.manaycpa.com\/wp-content\/uploads\/2021\/03\/yelp-red-1920-768x432.jpeg 768w, https:\/\/www.manaycpa.com\/wp-content\/uploads\/2021\/03\/yelp-red-1920-1536x864.jpeg 1536w, https:\/\/www.manaycpa.com\/wp-content\/uploads\/2021\/03\/yelp-red-1920-800x450.jpeg 800w\" sizes=\"(max-width: 1920px) 100vw, 1920px\" \/><\/div>\n                <div class=\"sb_content_wrapper\" ><p >1. Yelp hesab\u0131n\u0131za giri\u015f yap\u0131n.<br \/>\n2. Butona t\u0131klay\u0131n.<br \/>\n3. D\u00fc\u015f\u00fcncelerinizi yaz\u0131n.<\/p><div class=\"sb-btncontainer\"><a href=\"https:\/\/www.yelp.com\/biz\/manay-cpa-atlanta-6\" target=\"_self\" title=\"\" class=\"tt_button tt_secondary_button \" rel=\"nofollow noopener\">Yorum Yap<\/a><\/div><\/div>\n            <\/div><\/div><script type=\"text\/javascript\">\n              jQuery(document).ready(function($){\n                if ($(\".sliding_box_parent.kd-slidingbox-69f3e3765d89b\").length) {\n                  $(\".kd-slidingbox-69f3e3765d89b .sliding_box_child\").on(\"mouseenter\", function() {\n                    $(\".kd-slidingbox-69f3e3765d89b .sliding_box_child\").removeClass(\"active-elem\");\n                    $(this).addClass(\"active-elem\");\n                  });\n                }\n              });\n            <\/script>[\/vc_column_inner][\/vc_row_inner][\/vc_column][\/vc_row][vc_row full_width=&#8221;stretch_row&#8221; kd_top_separator_style=&#8221;rounded-up&#8221; kd_top_separator_height=&#8221;separator-height-small&#8221; kd_bottom_separator_style=&#8221;rounded-up&#8221; kd_bottom_separator_height=&#8221;separator-height-small&#8221; kd_top_separator=&#8221;true&#8221; kd_bottom_separator=&#8221;true&#8221; css=&#8221;.vc_custom_1614617384661{padding-top: 50px !important;background-color: #f3f3f3 !important;}&#8221; kd_bottom_separator_bg=&#8221;#f3f3f3&#8243; kd_top_separator_bg=&#8221;#545454&#8243;][vc_column css=&#8221;.vc_custom_1516029502203{padding-right: 0px !important;padding-left: 0px !important;}&#8221;][vc_row_inner][vc_column_inner]<header class=\"kd-section-title vc_col-lg-6 vc_col-sm-8 text-center  kd-animated fadeIn   vc_custom_1615561037866\" data-animation-delay=200><h2 class=\"separator_off\" style=\"font-size: 37px !important;line-height: 44px !important;\">M\u00fc\u015fterilerimiz Ne D\u00fc\u015f\u00fcn\u00fcyor<\/h2><h6 class=\"subtitle \" >\u015eirketimizin ba\u015far\u0131s\u0131n\u0131n dan\u0131\u015fanlar\u0131m\u0131z\u0131n ba\u015far\u0131l\u0131 olmas\u0131ndan ge\u00e7ti\u011fine inan\u0131yoruz. Sizin ve \u015firketinizin ihtiya\u00e7lar\u0131n\u0131 anl\u0131yoruz.<\/h6><\/header>[\/vc_column_inner][\/vc_row_inner][vc_row_inner css=&#8221;.vc_custom_1516030120585{padding-bottom: 80px !important;}&#8221;][vc_column_inner css=&#8221;.vc_custom_1516029494833{padding-right: 0px !important;padding-left: 0px !important;}&#8221;]\r\n                <div class=\"review-carousel rc-parent kd-rwc-69f3e3765ee7e black-navigation nav-arrows-dots\">\r\n                    <div class=\"rc-content\">\r\n                <div class=\"key-reviews  \"  ><div class=\"rw-author-details\"><div class=\"rw_img_wrapper\">\r\n                            <div class=\"rw-authorimg\"><img decoding=\"async\" width=\"200\" height=\"200\" src=\"https:\/\/www.manaycpa.com\/wp-content\/uploads\/2021\/05\/1581374573307.jpg\" class=\"attachment-full\" alt=\"Manay CPA M\u00fc\u015fteri Yorumlar\u0131 Amerika&#039;da T\u00fcrk CPA\" title=\"Manay CPA M\u00fc\u015fteri Yorumlar\u0131 Amerika&#039;da T\u00fcrk CPA\" srcset=\"https:\/\/www.manaycpa.com\/wp-content\/uploads\/2021\/05\/1581374573307.jpg 200w, https:\/\/www.manaycpa.com\/wp-content\/uploads\/2021\/05\/1581374573307-150x150.jpg 150w\" sizes=\"(max-width: 200px) 100vw, 200px\" \/><\/div>\r\n                        <\/div><h5 >Celal Uslu<\/h5>\r\n                      <p >Uslu LLC, Owner<\/p>\r\n                    <\/div><div class=\"rw_message\" >Manay CPA, i\u015f d\u00fcnyas\u0131n\u0131n h\u0131zla de\u011fi\u015fti\u011fi bu d\u00f6nemde, stratejik i\u015f planlamas\u0131nda i\u015fletmeme paha bi\u00e7ilmez yard\u0131mlar sa\u011fl\u0131yor.<\/div><div class=\"rw_rating\">\r\n                         <span class=\"fa fa-star\" style=\"color: #ffc662;\"><\/span><span class=\"fa fa-star\" style=\"color: #ffc662;\"><\/span><span class=\"fa fa-star\" style=\"color: #ffc662;\"><\/span><span class=\"fa fa-star\" style=\"color: #ffc662;\"><\/span><span class=\"fa fa-star\" style=\"color: #ffc662;\"><\/span>\r\n                      <\/div><\/div>\r\n                <div class=\"key-reviews  \"  ><div class=\"rw-author-details\"><div class=\"rw_img_wrapper\">\r\n                            <div class=\"rw-authorimg\"><img decoding=\"async\" width=\"200\" height=\"200\" src=\"https:\/\/www.manaycpa.com\/wp-content\/uploads\/2021\/05\/pexels-chloe-kala-1043474-1.jpg\" class=\"attachment-full\" alt=\"Manay CPA M\u00fc\u015fteri Yorumlar\u0131 Amerika&#039;da T\u00fcrk CPA\" title=\"Manay CPA M\u00fc\u015fteri Yorumlar\u0131 Amerika&#039;da T\u00fcrk CPA\" srcset=\"https:\/\/www.manaycpa.com\/wp-content\/uploads\/2021\/05\/pexels-chloe-kala-1043474-1.jpg 200w, https:\/\/www.manaycpa.com\/wp-content\/uploads\/2021\/05\/pexels-chloe-kala-1043474-1-150x150.jpg 150w\" sizes=\"(max-width: 200px) 100vw, 200px\" \/><\/div>\r\n                        <\/div><h5 >Musa Filazioglu<\/h5>\r\n                      <p >Contractor<\/p>\r\n                    <\/div><div class=\"rw_message\" >\u015eirketim hen\u00fcz tam olarak kurulmadan \u00f6nce Manay CPA, PPP'nin C Program\u0131yla sat\u0131n al\u0131ma f\u0131rsat\u0131ndan yararlanabilece\u011fimi s\u00f6yledi. \u015eimdi ikinci PPP uygulamas\u0131n\u0131n yap\u0131yorum. Te\u015fekk\u00fcrler Manay CPA.<\/div><div class=\"rw_rating\">\r\n                         <span class=\"fa fa-star\" style=\"color: #ffc662;\"><\/span><span class=\"fa fa-star\" style=\"color: #ffc662;\"><\/span><span class=\"fa fa-star\" style=\"color: #ffc662;\"><\/span><span class=\"fa fa-star\" style=\"color: #ffc662;\"><\/span><span class=\"fa fa-star\" style=\"color: #ffc662;\"><\/span>\r\n                      <\/div><\/div>\r\n                <div class=\"key-reviews  \"  ><div class=\"rw-author-details\"><div class=\"rw_img_wrapper\">\r\n                            <div class=\"rw-authorimg\"><img decoding=\"async\" width=\"200\" height=\"200\" src=\"https:\/\/www.manaycpa.com\/wp-content\/uploads\/2021\/05\/pexels-polina-zimmerman-3746939.jpg\" class=\"attachment-full\" alt=\"Manay CPA M\u00fc\u015fteri Yorumlar\u0131 Amerika&#039;da T\u00fcrk CPA\" title=\"Manay CPA M\u00fc\u015fteri Yorumlar\u0131 Amerika&#039;da T\u00fcrk CPA\" srcset=\"https:\/\/www.manaycpa.com\/wp-content\/uploads\/2021\/05\/pexels-polina-zimmerman-3746939.jpg 200w, https:\/\/www.manaycpa.com\/wp-content\/uploads\/2021\/05\/pexels-polina-zimmerman-3746939-150x150.jpg 150w\" sizes=\"(max-width: 200px) 100vw, 200px\" \/><\/div>\r\n                        <\/div><h5 >Nevin Y\u0131lmaz<\/h5>\r\n                      <p ><\/p>\r\n                    <\/div><div class=\"rw_message\" >T\u00fcrkiyede ya\u015fay\u0131p Amerika'daki \u015firketleri i\u00e7in muhasebe destegi arayanlara g\u00fcvenle \u00f6neririm. \u00c7ok yard\u0131mc\u0131lar ve olduk\u00e7a h\u0131zl\u0131lar. \u00d6zellikle Bur\u00e7in Han\u0131ma ayr\u0131ca te\u015fekk\u00fcrlerimi sunar\u0131m.<\/div><div class=\"rw_rating\">\r\n                         <span class=\"fa fa-star\" style=\"color: #ffc662;\"><\/span><span class=\"fa fa-star\" style=\"color: #ffc662;\"><\/span><span class=\"fa fa-star\" style=\"color: #ffc662;\"><\/span><span class=\"fa fa-star\" style=\"color: #ffc662;\"><\/span><span class=\"fa fa-star\" style=\"color: #ffc662;\"><\/span>\r\n                      <\/div><\/div>\r\n                <div class=\"key-reviews  \"  ><div class=\"rw-author-details\"><div class=\"rw_img_wrapper\">\r\n                            <div class=\"rw-authorimg\"><img decoding=\"async\" width=\"200\" height=\"200\" src=\"https:\/\/www.manaycpa.com\/wp-content\/uploads\/2021\/05\/pexels-andrea-piacquadio-3777564-1.jpg\" class=\"attachment-full\" alt=\"Manay CPA M\u00fc\u015fteri Yorumlar\u0131 Amerika&#039;da T\u00fcrk CPA\" title=\"Manay CPA M\u00fc\u015fteri Yorumlar\u0131 Amerika&#039;da T\u00fcrk CPA\" srcset=\"https:\/\/www.manaycpa.com\/wp-content\/uploads\/2021\/05\/pexels-andrea-piacquadio-3777564-1.jpg 200w, https:\/\/www.manaycpa.com\/wp-content\/uploads\/2021\/05\/pexels-andrea-piacquadio-3777564-1-150x150.jpg 150w\" sizes=\"(max-width: 200px) 100vw, 200px\" \/><\/div>\r\n                        <\/div><h5 >Hikmet Vahdi \u00d6zdemir<\/h5>\r\n                      <p ><\/p>\r\n                    <\/div><div class=\"rw_message\" >T\u00fcrkiyeden Amerikadaki \u015firketiniz i\u00e7in muhasebe deste\u011fi almak isteyen arkada\u015flar , g\u00f6n\u00fcl rahatl\u0131\u011f\u0131yla g\u00fcvenebilirsiniz. Kendi \u015firketleri gibi sahip \u00e7\u0131k\u0131yorlar ve \u00e7ok ilgililer.<\/div><div class=\"rw_rating\">\r\n                         <span class=\"fa fa-star\" style=\"color: #ffc662;\"><\/span><span class=\"fa fa-star\" style=\"color: #ffc662;\"><\/span><span class=\"fa fa-star\" style=\"color: #ffc662;\"><\/span><span class=\"fa fa-star\" style=\"color: #ffc662;\"><\/span><span class=\"fa fa-star\" style=\"color: #ffc662;\"><\/span>\r\n                      <\/div><\/div>\r\n                <div class=\"key-reviews  \"  ><div class=\"rw-author-details\"><div class=\"rw_img_wrapper\">\r\n                            <div class=\"rw-authorimg\"><img decoding=\"async\" width=\"200\" height=\"200\" src=\"https:\/\/www.manaycpa.com\/wp-content\/uploads\/2021\/05\/pexels-pixabay-532220-1.jpg\" class=\"attachment-full\" alt=\"Manay CPA M\u00fc\u015fteri Yorumlar\u0131 Amerika&#039;da T\u00fcrk CPA\" title=\"Manay CPA M\u00fc\u015fteri Yorumlar\u0131 Amerika&#039;da T\u00fcrk CPA\" srcset=\"https:\/\/www.manaycpa.com\/wp-content\/uploads\/2021\/05\/pexels-pixabay-532220-1.jpg 200w, https:\/\/www.manaycpa.com\/wp-content\/uploads\/2021\/05\/pexels-pixabay-532220-1-150x150.jpg 150w\" sizes=\"(max-width: 200px) 100vw, 200px\" \/><\/div>\r\n                        <\/div><h5 >Fahrettin G\u00fcnerli<\/h5>\r\n                      <p ><\/p>\r\n                    <\/div><div class=\"rw_message\" >USA'ya ta\u015f\u0131nd\u0131\u011f\u0131m\u0131zdan itibaren vergi i\u015flemlerinde desteklerini ald\u0131\u011f\u0131m\u0131z MANAY CPA INC'e ; s\u0131cakkanl\u0131, \u00e7\u00f6z\u00fcm odakl\u0131 ve de tecr\u00fcbeli personeline \u00e7ok te\u015fekk\u00fcr ederiz. Ba\u015far\u0131lar\u0131n\u0131z\u0131n devam\u0131n\u0131 dileriz.<\/div><div class=\"rw_rating\">\r\n                         <span class=\"fa fa-star\" style=\"color: #ffc662;\"><\/span><span class=\"fa fa-star\" style=\"color: #ffc662;\"><\/span><span class=\"fa fa-star\" style=\"color: #ffc662;\"><\/span><span class=\"fa fa-star\" style=\"color: #ffc662;\"><\/span><span class=\"fa fa-star\" style=\"color: #ffc662;\"><\/span>\r\n                      <\/div><\/div><\/div>\r\n                <\/div><script type=\"text\/javascript\">\r\n          \t\t\t\tjQuery(document).ready(function($){\r\n                    if ($(\".review-carousel.kd-rwc-69f3e3765ee7e .rc-content\").length) {\r\n                      $(\".review-carousel.kd-rwc-69f3e3765ee7e .rc-content\").owlCarousel({\r\n                        stageClass: \"owl-wrapper\",\r\n                        stageOuterClass: \"owl-wrapper-outer\",\r\n                        loadedClass: \"owl-carousel\",\r\n                        responsive:{\r\n                            0:{\r\n                                items:1,\r\n                                dots: false,\r\n                                nav: true,\r\n                                navSpeed: 500,\r\n                            },\r\n                            768:{\r\n                                items:2,\r\n                            },\r\n                            1024:{\r\n                                items:3,\r\n                            },\r\n                            1366:{\nnav: true,\r\n                                  navSpeed: 500,\r\n                                  dots: true,\r\n                                  dotsSpeed: 500,\r\n                                  dotsEach: true,}\r\n                        },loop: true,rewind: true,\r\n                        addClassActive: true,\r\n                      });\r\n                    }\r\n          \t\t\t\t});\r\n          \t\t\t<\/script>[\/vc_column_inner][\/vc_row_inner][\/vc_column][\/vc_row]<\/p>\n<\/div>","protected":false},"excerpt":{"rendered":"<p>[vc_row full_width=&#8221;stretch_row&#8221; css=&#8221;.vc_custom_1614252738502{margin-right: 15px !important;padding-top: 200px !important;padding-bottom: 70px !important;background-image: url(https:\/\/www.manaycpa.com\/wp-content\/uploads\/2021\/02\/intro-section1personal.jpg?id=8162) !important;}&#8221;][vc_column width=&#8221;5\/6&#8243; offset=&#8221;vc_col-lg-10 vc_col-md-12&#8243; el_class=&#8221;okan_test&#8221;][vc_empty_space height=&#8221;10px&#8221;][vc_empty_space height=&#8221;50px&#8221;][vc_empty_space height=&#8221;10px&#8221;][vc_column_text]M\u00fc\u015fterilerimizin yorumlar\u0131n\u0131 \u00f6nemsiyoruz. Ald\u0131\u011f\u0131n\u0131z hizmet hakk\u0131ndaki fikirlerinizi belirterek kendimizi geli\u015ftirmemize ve b\u00fcy\u00fcmemize destek [&hellip;]<\/p>\n","protected":false},"author":7,"featured_media":12243,"parent":0,"menu_order":0,"comment_status":"closed","ping_status":"closed","template":"","meta":{"footnotes":""},"class_list":["post-10130","page","type-page","status-publish","has-post-thumbnail","hentry"],"_links":{"self":[{"href":"https:\/\/www.manaycpa.com\/tr\/wp-json\/wp\/v2\/pages\/10130","targetHints":{"allow":["GET"]}}],"collection":[{"href":"https:\/\/www.manaycpa.com\/tr\/wp-json\/wp\/v2\/pages"}],"about":[{"href":"https:\/\/www.manaycpa.com\/tr\/wp-json\/wp\/v2\/types\/page"}],"author":[{"embeddable":true,"href":"https:\/\/www.manaycpa.com\/tr\/wp-json\/wp\/v2\/users\/7"}],"replies":[{"embeddable":true,"href":"https:\/\/www.manaycpa.com\/tr\/wp-json\/wp\/v2\/comments?post=10130"}],"version-history":[{"count":0,"href":"https:\/\/www.manaycpa.com\/tr\/wp-json\/wp\/v2\/pages\/10130\/revisions"}],"wp:featuredmedia":[{"embeddable":true,"href":"https:\/\/www.manaycpa.com\/tr\/wp-json\/wp\/v2\/media\/12243"}],"wp:attachment":[{"href":"https:\/\/www.manaycpa.com\/tr\/wp-json\/wp\/v2\/media?parent=10130"}],"curies":[{"name":"wp","href":"https:\/\/api.w.org\/{rel}","templated":true}]}}