{"id":10206,"date":"2018-10-22T13:48:22","date_gmt":"2018-10-22T13:48:22","guid":{"rendered":"https:\/\/www.manaycpa.com\/contact-us\/"},"modified":"2025-09-23T15:25:07","modified_gmt":"2025-09-23T19:25:07","slug":"iletisim","status":"publish","type":"page","link":"https:\/\/www.manaycpa.com\/tr\/iletisim\/","title":{"rendered":"\u0130leti\u015fim"},"content":{"rendered":"<div class=\"wpb-content-wrapper\"><p>[vc_row full_width=&#8221;stretch_row&#8221; css=&#8221;.vc_custom_1615542759079{padding-right: 50px !important;padding-left: 50px !important;}&#8221;][vc_column css=&#8221;.vc_custom_1516095762744{padding-right: 0px !important;padding-left: 0px !important;}&#8221;][vc_row_inner css=&#8221;.vc_custom_1758655298891{padding-bottom: 50px !important;padding-left: 30px !important;background-color: #ffffff !important;}&#8221;][vc_column_inner width=&#8221;1\/2&#8243; css=&#8221;.vc_custom_1615542775315{padding-top: 10px !important;padding-right: 80px !important;padding-left: 80px !important;}&#8221;][vc_gmaps link=&#8221;#E-8_JTNDaWZyYW1lJTIwc3JjJTNEJTIyaHR0cHMlM0ElMkYlMkZ3d3cuZ29vZ2xlLmNvbSUyRm1hcHMlMkZlbWJlZCUzRnBiJTNEJTIxMW0xOCUyMTFtMTIlMjExbTMlMjExZDMwMDcuNTg1OTYyNDA0MzQ3NCUyMTJkMjkuMDA4MzM3NDE1NDE2MjE0JTIxM2Q0MS4wNzgwNDIxNzkyOTM3NSUyMTJtMyUyMTFmMCUyMTJmMCUyMTNmMCUyMTNtMiUyMTFpMTAyNCUyMTJpNzY4JTIxNGYxMy4xJTIxM20zJTIxMW0yJTIxMXMweDE0Y2FiNzg0N2JmNzNmMzUlMjUzQTB4MjY3MDdjYzYyNzQyOGEyZCUyMTJzUmVndXMlMjUyMC0lMjUyMElzdGFuYnVsJTI1MkMlMjUyMEthbnlvbiUyMTVlMCUyMTNtMiUyMTFzZW4lMjEyc3RyJTIxNHYxNjE3MDQzMjc0MDkyJTIxNW0yJTIxMXNlbiUyMTJzdHIlMjIlMjB3aWR0aCUzRCUyMjYwMCUyMiUyMGhlaWdodCUzRCUyMjQ1MCUyMiUyMHN0eWxlJTNEJTIyYm9yZGVyJTNBMCUzQiUyMiUyMGFsbG93ZnVsbHNjcmVlbiUzRCUyMiUyMiUyMGxvYWRpbmclM0QlMjJsYXp5JTIyJTNFJTNDJTJGaWZyYW1lJTNF&#8221; size=&#8221;300px&#8221;][\/vc_column_inner][vc_column_inner el_class=&#8221;ofset4tablet&#8221; width=&#8221;5\/12&#8243; css=&#8221;.vc_custom_1631356032582{padding-top: 10px !important;padding-right: 50px !important;padding-left: 80px !important;}&#8221; offset=&#8221;vc_col-lg-6&#8243;]<header class=\"kd-section-title col-lg-12 text-left    \" ><h2 class=\"separator_off\" style=\"font-size: 37px !important;line-height: 38px !important;\">Istanbul Kanyon Office<\/h2><\/header>[vc_empty_space][vc_custom_heading text=&#8221;B\u00fcy\u00fckdere Caddesi No:185 Kat 6,<br \/>\nKanyon Ofis Binas\u0131, 34394 \u0130stanbul&#8221; font_container=&#8221;tag:h3|font_size:24px%20!important|text_align:left|color:%236d6d6d|line_height:30px%20!important&#8221; use_theme_fonts=&#8221;yes&#8221; css_animation=&#8221;fadeIn&#8221;][vc_custom_heading text=&#8221;Telefon: 0850 242 01 00<br \/>\nEmail: info@manaycpa.com&#8221; font_container=&#8221;tag:h5|text_align:left|color:%236d6d6d&#8221; use_theme_fonts=&#8221;yes&#8221; css_animation=&#8221;fadeIn&#8221; el_class=&#8221;mxwdftblt270&#8243;][\/vc_column_inner][\/vc_row_inner][vc_row_inner css=&#8221;.vc_custom_1758655308497{padding-bottom: 50px !important;padding-left: 30px !important;}&#8221;][vc_column_inner width=&#8221;1\/2&#8243; css=&#8221;.vc_custom_1615542780593{padding-right: 80px !important;padding-left: 80px !important;}&#8221;][vc_gmaps link=&#8221;#E-8_JTNDaWZyYW1lJTIwc3JjJTNEJTIyaHR0cHMlM0ElMkYlMkZ3d3cuZ29vZ2xlLmNvbSUyRm1hcHMlMkZlbWJlZCUzRnBiJTNEJTIxMW0xOCUyMTFtMTIlMjExbTMlMjExZDMzMDYuMDc0ODc1Mjg5NjA4JTIxMmQtODQuNDgwNTIyNjg0ODYxMjQlMjEzZDM0LjA0MTk1MDM4MDYwODU4JTIxMm0zJTIxMWYwJTIxMmYwJTIxM2YwJTIxM20yJTIxMWkxMDI0JTIxMmk3NjglMjE0ZjEzLjElMjEzbTMlMjExbTIlMjExczB4ODhmNTZkMjdjNzhiZjJmMSUyNTNBMHhmYTQ3YmRkZTYzYTFkNDE3JTIxMnMyNTEzJTI1MjBTaGFsbG93Zm9yZCUyNTIwUmQlMjUyMCUyNTIzMjAwJTI1MkMlMjUyME1hcmlldHRhJTI1MkMlMjUyMEdBJTI1MjAzMDA2NiUyNTJDJTI1MjBVU0ElMjE1ZTAlMjEzbTIlMjExc2VuJTIxMnN0ciUyMTR2MTYxNTU0MDk4MzMyNiUyMTVtMiUyMTFzZW4lMjEyc3RyJTIyJTIwd2lkdGglM0QlMjI2MDAlMjIlMjBoZWlnaHQlM0QlMjI0NTAlMjIlMjBzdHlsZSUzRCUyMmJvcmRlciUzQTAlM0IlMjIlMjBhbGxvd2Z1bGxzY3JlZW4lM0QlMjIlMjIlMjBsb2FkaW5nJTNEJTIybGF6eSUyMiUzRSUzQyUyRmlmcmFtZSUzRQ==&#8221; size=&#8221;300px&#8221;][\/vc_column_inner][vc_column_inner el_class=&#8221;ofset4tablet&#8221; width=&#8221;5\/12&#8243; css=&#8221;.vc_custom_1631355736062{padding-right: 50px !important;padding-left: 80px !important;}&#8221; offset=&#8221;vc_col-lg-6&#8243;]<header class=\"kd-section-title col-lg-12 text-left    \" ><h2 class=\"separator_off\" style=\"font-size: 37px !important;line-height: 38px !important;\">Marietta GA Office<\/h2><\/header>[vc_empty_space][vc_custom_heading text=&#8221;2513 Shallowford Rd<br \/>\nSuite 200<br \/>\nMarietta, GA 30066&#8243; font_container=&#8221;tag:h3|font_size:24px%20!important|text_align:left|color:%236d6d6d|line_height:30px%20!important&#8221; use_theme_fonts=&#8221;yes&#8221; css_animation=&#8221;fadeIn&#8221;][vc_custom_heading text=&#8221;Telefon: 404-900-1040<br \/>\nEmail: info@manaycpa.com&#8221; font_container=&#8221;tag:h5|text_align:left|color:%236d6d6d&#8221; use_theme_fonts=&#8221;yes&#8221; css_animation=&#8221;fadeIn&#8221; el_class=&#8221;mxwdftblt270&#8243;][\/vc_column_inner][\/vc_row_inner][vc_row_inner css=&#8221;.vc_custom_1758655332910{padding-bottom: 50px !important;padding-left: 30px !important;background-color: #ffffff !important;}&#8221;][vc_column_inner width=&#8221;1\/2&#8243; css=&#8221;.vc_custom_1615542775315{padding-top: 10px !important;padding-right: 80px !important;padding-left: 80px !important;}&#8221;][vc_gmaps link=&#8221;#E-8_JTNDaWZyYW1lJTIwc3JjJTNEJTIyaHR0cHMlM0ElMkYlMkZ3d3cuZ29vZ2xlLmNvbSUyRm1hcHMlMkZlbWJlZCUzRnBiJTNEJTIxMW0xOCUyMTFtMTIlMjExbTMlMjExZDMzMTEuMzkyNzc3NTQ0MjUwNyUyMTJkLTg0LjQ4MTU0NzQ4NDg2NDklMjEzZDMzLjkwNTI4OTI4MDY0NjE5NCUyMTJtMyUyMTFmMCUyMTJmMCUyMTNmMCUyMTNtMiUyMTFpMTAyNCUyMTJpNzY4JTIxNGYxMy4xJTIxM20zJTIxMW0yJTIxMXMweDg4ZjUxMWE4Mzc2YmI5NDclMjUzQTB4ZDQxMTEzMzZhZTczYjhmZSUyMTJzMTk5NSUyNTIwTiUyNTIwUGFyayUyNTIwUGwlMjUyMFNFJTI1MjAlMjUyMzQwMEYlMjUyQyUyNTIwQXRsYW50YSUyNTJDJTI1MjBHQSUyNTIwMzAzMzklMjUyQyUyNTIwVVNBJTIxNWUwJTIxM20yJTIxMXNlbiUyMTJzdHIlMjE0djE2MTU1NDEwMzM1ODIlMjE1bTIlMjExc2VuJTIxMnN0ciUyMiUyMHdpZHRoJTNEJTIyNjAwJTIyJTIwaGVpZ2h0JTNEJTIyNDUwJTIyJTIwc3R5bGUlM0QlMjJib3JkZXIlM0EwJTNCJTIyJTIwYWxsb3dmdWxsc2NyZWVuJTNEJTIyJTIyJTIwbG9hZGluZyUzRCUyMmxhenklMjIlM0UlM0MlMkZpZnJhbWUlM0U=&#8221; size=&#8221;300px&#8221;][\/vc_column_inner][vc_column_inner el_class=&#8221;ofset4tablet&#8221; width=&#8221;5\/12&#8243; css=&#8221;.vc_custom_1631355747974{padding-top: 10px !important;padding-right: 50px !important;padding-left: 80px !important;}&#8221; offset=&#8221;vc_col-lg-6&#8243;]<header class=\"kd-section-title col-lg-12 text-left    \" ><h2 class=\"separator_off\" style=\"font-size: 37px !important;line-height: 38px !important;\">Atlanta GA Office<\/h2><\/header>[vc_empty_space][vc_custom_heading text=&#8221;1995 North Park PL SE<br \/>\nSuite 400F<br \/>\nAtlanta, GA 30339&#8243; font_container=&#8221;tag:h3|font_size:24px%20!important|text_align:left|color:%236d6d6d|line_height:30px%20!important&#8221; use_theme_fonts=&#8221;yes&#8221; css_animation=&#8221;fadeIn&#8221;][vc_custom_heading text=&#8221;Telefon: 404-900-1040<br \/>\nEmail: info@manaycpa.com&#8221; font_container=&#8221;tag:h5|text_align:left|color:%236d6d6d&#8221; use_theme_fonts=&#8221;yes&#8221; css_animation=&#8221;fadeIn&#8221; el_class=&#8221;mxwdftblt270&#8243;][\/vc_column_inner][\/vc_row_inner][vc_row_inner css=&#8221;.vc_custom_1758655343104{padding-bottom: 50px !important;padding-left: 30px !important;background-color: #ffffff !important;}&#8221;][vc_column_inner width=&#8221;1\/2&#8243; css=&#8221;.vc_custom_1615542775315{padding-top: 10px !important;padding-right: 80px !important;padding-left: 80px !important;}&#8221;][vc_gmaps link=&#8221;#E-8_JTNDaWZyYW1lJTIwc3JjJTNEJTIyaHR0cHMlM0ElMkYlMkZ3d3cuZ29vZ2xlLmNvbSUyRm1hcHMlMkZlbWJlZCUzRnBiJTNEJTIxMW0xOCUyMTFtMTIlMjExbTMlMjExZDI5NjcuMjY2MjAzMjA4NTk1JTIxMmQtODcuOTExNTM1NSUyMTNkNDEuOTUxNjE2OTAwMDAwMDA1JTIxMm0zJTIxMWYwJTIxMmYwJTIxM2YwJTIxM20yJTIxMWkxMDI0JTIxMmk3NjglMjE0ZjEzLjElMjEzbTMlMjExbTIlMjExczB4ODgwZmI1YzE5NmEyOGY3ZCUyNTNBMHg3NGQwYjYyOGMxZWE2ZmVjJTIxMnNNYW5heSUyNTIwQ1BBJTI1MjBJbmMuJTIxNWUwJTIxM20yJTIxMXNlbiUyMTJzdXMlMjE0djE3NTgzMjIzNzIyODElMjE1bTIlMjExc2VuJTIxMnN1cyUyMiUyMHdpZHRoJTNEJTIyNjAwJTIyJTIwaGVpZ2h0JTNEJTIyNDUwJTIyJTIwc3R5bGUlM0QlMjJib3JkZXIlM0EwJTNCJTIyJTIwYWxsb3dmdWxsc2NyZWVuJTNEJTIyJTIyJTIwbG9hZGluZyUzRCUyMmxhenklMjIlMjByZWZlcnJlcnBvbGljeSUzRCUyMm5vLXJlZmVycmVyLXdoZW4tZG93bmdyYWRlJTIyJTNFJTNDJTJGaWZyYW1lJTNF&#8221; size=&#8221;300px&#8221; css=&#8221;&#8221;][\/vc_column_inner][vc_column_inner el_class=&#8221;ofset4tablet&#8221; width=&#8221;5\/12&#8243; css=&#8221;.vc_custom_1631355747974{padding-top: 10px !important;padding-right: 50px !important;padding-left: 80px !important;}&#8221; offset=&#8221;vc_col-lg-6&#8243;]<header class=\"kd-section-title col-lg-12 text-left    \" ><h2 class=\"separator_off\" style=\"font-size: 37px !important;line-height: 38px !important;\">Chicago IL Office<\/h2><\/header>[vc_empty_space][vc_custom_heading text=&#8221;11417 W Irving Park Rd.<br \/>\nSuite A23<br \/>\nFranklin Park, IL 60131&#8243; font_container=&#8221;tag:h3|font_size:24px%20!important|text_align:left|color:%236d6d6d|line_height:30px%20!important&#8221; use_theme_fonts=&#8221;yes&#8221; css_animation=&#8221;fadeIn&#8221; css=&#8221;&#8221;][vc_custom_heading text=&#8221;Telefon: 404-900-1040<br \/>\nEmail: info@manaycpa.com&#8221; font_container=&#8221;tag:h5|text_align:left|color:%236d6d6d&#8221; use_theme_fonts=&#8221;yes&#8221; css_animation=&#8221;fadeIn&#8221; el_class=&#8221;mxwdftblt270&#8243;][\/vc_column_inner][\/vc_row_inner][\/vc_column][\/vc_row][vc_row full_width=&#8221;stretch_row_content_no_spaces&#8221; css=&#8221;.vc_custom_1615542844777{margin-bottom: 40px !important;padding-top: 80px !important;padding-right: 50px !important;padding-left: 50px !important;}&#8221;][vc_column width=&#8221;1\/4&#8243; offset=&#8221;vc_col-lg-3&#8243;][\/vc_column][vc_column width=&#8221;1\/2&#8243; offset=&#8221;vc_col-lg-6&#8243;]<header class=\"kd-section-title col-lg-12 text-center    \" ><h2 class=\"separator_off\" style=\"font-size: 24px !important;line-height: 37px !important;\">Formu doldurun, en k\u0131sa s\u00fcrede sizinle ileti\u015fime ge\u00e7ece\u011fiz.<\/h2><\/header>[vc_empty_space height=&#8221;20px&#8221;][vc_raw_js]JTNDc2NyaXB0JTIwY2hhcnNldCUzRCUyMnV0Zi04JTIyJTIwdHlwZSUzRCUyMnRleHQlMkZqYXZhc2NyaXB0JTIyJTIwc3JjJTNEJTIyJTJGJTJGanMuaHNmb3Jtcy5uZXQlMkZmb3JtcyUyRnYyLmpzJTIyJTNFJTNDJTJGc2NyaXB0JTNFJTBBJTNDc2NyaXB0JTNFJTBBJTIwJTIwaGJzcHQuZm9ybXMuY3JlYXRlJTI4JTdCJTBBJTIwJTIwJTIwJTIwcmVnaW9uJTNBJTIwJTIybmExJTIyJTJDJTBBJTIwJTIwJTIwJTIwcG9ydGFsSWQlM0ElMjAlMjI2ODU1Njc0JTIyJTJDJTBBJTIwJTIwJTIwJTIwZm9ybUlkJTNBJTIwJTIyYTEyZTIzYmMtNzIzOS00NGMyLTgyOWItOThlM2NhNmEzMzk0JTIyJTBBJTIwJTIwJTdEJTI5JTNCJTBBJTNDJTJGc2NyaXB0JTNF[\/vc_raw_js][vc_custom_heading text=&#8221;Manay CPA Inc needs the contact information you provide to us to contact you about our products and services. You may unsubscribe from these communications at any time. For information on how to unsubscribe, as well as our privacy practices and commitment to protecting your privacy, please review our Privacy Policy.&#8221; font_container=&#8221;tag:h6|font_size:12px%20!important|text_align:left|line_height:20px%20!important&#8221; use_theme_fonts=&#8221;yes&#8221; css_animation=&#8221;fadeIn&#8221;][vc_empty_space height=&#8221;20px&#8221;][\/vc_column][vc_column width=&#8221;1\/4&#8243; offset=&#8221;vc_col-lg-3&#8243;][\/vc_column][\/vc_row]<\/p>\n<\/div>","protected":false},"excerpt":{"rendered":"<p>[vc_row full_width=&#8221;stretch_row&#8221; css=&#8221;.vc_custom_1615542759079{padding-right: 50px !important;padding-left: 50px !important;}&#8221;][vc_column css=&#8221;.vc_custom_1516095762744{padding-right: 0px !important;padding-left: 0px !important;}&#8221;][vc_row_inner css=&#8221;.vc_custom_1758655298891{padding-bottom: 50px !important;padding-left: 30px !important;background-color: #ffffff !important;}&#8221;][vc_column_inner width=&#8221;1\/2&#8243; css=&#8221;.vc_custom_1615542775315{padding-top: 10px !important;padding-right: 80px !important;padding-left: 80px !important;}&#8221;][vc_gmaps link=&#8221;#E-8_JTNDaWZyYW1lJTIwc3JjJTNEJTIyaHR0cHMlM0ElMkYlMkZ3d3cuZ29vZ2xlLmNvbSUyRm1hcHMlMkZlbWJlZCUzRnBiJTNEJTIxMW0xOCUyMTFtMTIlMjExbTMlMjExZDMwMDcuNTg1OTYyNDA0MzQ3NCUyMTJkMjkuMDA4MzM3NDE1NDE2MjE0JTIxM2Q0MS4wNzgwNDIxNzkyOTM3NSUyMTJtMyUyMTFmMCUyMTJmMCUyMTNmMCUyMTNtMiUyMTFpMTAyNCUyMTJpNzY4JTIxNGYxMy4xJTIxM20zJTIxMW0yJTIxMXMweDE0Y2FiNzg0N2JmNzNmMzUlMjUzQTB4MjY3MDdjYzYyNzQyOGEyZCUyMTJzUmVndXMlMjUyMC0lMjUyMElzdGFuYnVsJTI1MkMlMjUyMEthbnlvbiUyMTVlMCUyMTNtMiUyMTFzZW4lMjEyc3RyJTIxNHYxNjE3MDQzMjc0MDkyJTIxNW0yJTIxMXNlbiUyMTJzdHIlMjIlMjB3aWR0aCUzRCUyMjYwMCUyMiUyMGhlaWdodCUzRCUyMjQ1MCUyMiUyMHN0eWxlJTNEJTIyYm9yZGVyJTNBMCUzQiUyMiUyMGFsbG93ZnVsbHNjcmVlbiUzRCUyMiUyMiUyMGxvYWRpbmclM0QlMjJsYXp5JTIyJTNFJTNDJTJGaWZyYW1lJTNF&#8221; size=&#8221;300px&#8221;][\/vc_column_inner][vc_column_inner el_class=&#8221;ofset4tablet&#8221; [&hellip;]<\/p>\n","protected":false},"author":8,"featured_media":10207,"parent":0,"menu_order":0,"comment_status":"closed","ping_status":"closed","template":"","meta":{"footnotes":""},"class_list":["post-10206","page","type-page","status-publish","has-post-thumbnail","hentry"],"_links":{"self":[{"href":"https:\/\/www.manaycpa.com\/tr\/wp-json\/wp\/v2\/pages\/10206","targetHints":{"allow":["GET"]}}],"collection":[{"href":"https:\/\/www.manaycpa.com\/tr\/wp-json\/wp\/v2\/pages"}],"about":[{"href":"https:\/\/www.manaycpa.com\/tr\/wp-json\/wp\/v2\/types\/page"}],"author":[{"embeddable":true,"href":"https:\/\/www.manaycpa.com\/tr\/wp-json\/wp\/v2\/users\/8"}],"replies":[{"embeddable":true,"href":"https:\/\/www.manaycpa.com\/tr\/wp-json\/wp\/v2\/comments?post=10206"}],"version-history":[{"count":3,"href":"https:\/\/www.manaycpa.com\/tr\/wp-json\/wp\/v2\/pages\/10206\/revisions"}],"predecessor-version":[{"id":63162,"href":"https:\/\/www.manaycpa.com\/tr\/wp-json\/wp\/v2\/pages\/10206\/revisions\/63162"}],"wp:featuredmedia":[{"embeddable":true,"href":"https:\/\/www.manaycpa.com\/tr\/wp-json\/wp\/v2\/media\/10207"}],"wp:attachment":[{"href":"https:\/\/www.manaycpa.com\/tr\/wp-json\/wp\/v2\/media?parent=10206"}],"curies":[{"name":"wp","href":"https:\/\/api.w.org\/{rel}","templated":true}]}}