{"id":10208,"date":"2018-10-22T13:46:13","date_gmt":"2018-10-22T13:46:13","guid":{"rendered":"https:\/\/www.manaycpa.com\/services\/"},"modified":"2025-10-01T11:03:42","modified_gmt":"2025-10-01T15:03:42","slug":"hizmetlerimiz","status":"publish","type":"page","link":"https:\/\/www.manaycpa.com\/tr\/hizmetlerimiz\/","title":{"rendered":"Hizmetler"},"content":{"rendered":"<div class=\"wpb-content-wrapper\"><p>[vc_row css=&#8221;.vc_custom_1556018461316{margin-top: -50px !important;padding-top: 0px !important;padding-bottom: 150px !important;}&#8221;][vc_column]<div class=\"feature-sections-wrapper kd-fsp-69f6320450cc5 \">\r\n            <section class=\"feature-sections-tabs  \">\r\n              <nav class=\"kd-feature-tabs\">\r\n                <ul class=\"nav nav-tabs sticky-tabs container\">\r\n                <\/ul>\r\n              <\/nav>\r\n            <\/section>\r\n            <section id=\"kd-fss-69f6320450dad\" class=\"featured-right \"><li class=\"nav-label\"><a class=\"feature-tabs-scroll\" href=\"#kd-fss-69f6320450dad\"><i class=\" fss-nav-icon\" style=\" \"><\/i> Bireysel Hizmetler<\/a><\/li><div class=\"container\">\r\n                <div class=\"side-content-wrapper kd-animated fadeInLeft\" data-animation-delay=\"200\"><i class=\" section-icon\" style=\" \"><\/i> <h2 class=\"side-content-title\" >Bireysel Hizmetler<\/h2><h6 class=\"side-content-subtitle\" >\u00d6m\u00fcr boyu verdi\u011finiz emeklerin sonunda, hak etti\u011finiz finansal \u00f6zg\u00fcrl\u00fc\u011fe ula\u015fmak i\u00e7in ne gerekti\u011fini biliyoruz.<\/h6><div class=\"side-content-text\" ><\/p>\n<ul>\n<li style=\"font-weight: 400;\" aria-level=\"1\"><span style=\"font-weight: 400;\">Mali Planlama<\/span><\/li>\n<li style=\"font-weight: 400;\" aria-level=\"1\"><span style=\"font-weight: 400;\">Emeklilik Plan\u0131<\/span><\/li>\n<li style=\"font-weight: 400;\" aria-level=\"1\"><span style=\"font-weight: 400;\">Gayrimenkul Planlamas\u0131<\/span><\/li>\n<\/ul>\n<p>\n<\/div><div class=\"side-content-link sc-primary-btn\"><a href=\"https:\/\/www.manaycpa.com\/tr\/hizmetlerimiz\/amerikada-bireysel-vergi-muhasebe\/\" target=\"_self\" title=\"\u0130ncele\" class=\"tt_button tt_primary_button btn_primary_color button-action-link\">\u0130ncele<\/a><\/div><\/div><div class=\"side-featured-wrapper fss-organic-2 kd-animated fadeInRight fss-shadow-image\" data-animation-delay=\"200\">\r\n      <div class=\"featured-image\"><img decoding=\"async\" width=\"1080\" height=\"1080\" src=\"https:\/\/www.manaycpa.com\/wp-content\/uploads\/2021\/05\/1-1.jpg\" class=\"attachment-full\" alt=\"Manay CPA Financial Services for Individuals Marietta Tax and Accounting\" title=\"1\" srcset=\"https:\/\/www.manaycpa.com\/wp-content\/uploads\/2021\/05\/1-1.jpg 1080w, https:\/\/www.manaycpa.com\/wp-content\/uploads\/2021\/05\/1-1-300x300.jpg 300w, https:\/\/www.manaycpa.com\/wp-content\/uploads\/2021\/05\/1-1-1024x1024.jpg 1024w, https:\/\/www.manaycpa.com\/wp-content\/uploads\/2021\/05\/1-1-150x150.jpg 150w, https:\/\/www.manaycpa.com\/wp-content\/uploads\/2021\/05\/1-1-768x768.jpg 768w, https:\/\/www.manaycpa.com\/wp-content\/uploads\/2021\/05\/1-1-320x320.jpg 320w\" sizes=\"(max-width: 1080px) 100vw, 1080px\" \/><\/div>\r\n    <\/div><\/div>\r\n            <\/section><section id=\"kd-fss-69f63204514da\" class=\"featured-left \"><li class=\"nav-label\"><a class=\"feature-tabs-scroll\" href=\"#kd-fss-69f63204514da\"><i class=\" fss-nav-icon\" style=\" \"><\/i> Kurumsal Hizmetler<\/a><\/li><div class=\"container\">\r\n                <div class=\"side-content-wrapper kd-animated fadeInRight\" data-animation-delay=\"200\"><i class=\" section-icon\" style=\" \"><\/i> <h2 class=\"side-content-title\" >Kurumsal Hizmetler<\/h2><h6 class=\"side-content-subtitle\" >\u015eirketinizin maksimum oranda kar elde etmesini sa\u011flamak i\u00e7in buraday\u0131z.<\/h6><div class=\"side-content-text\" ><\/p>\n<ul>\n<li style=\"font-weight: 400;\" aria-level=\"1\"><span style=\"font-weight: 400;\">K\u00fc\u00e7\u00fck \u0130\u015fletme Muhasebesi<\/span><\/li>\n<li style=\"font-weight: 400;\" aria-level=\"1\"><span style=\"font-weight: 400;\">Bordrolama\u00a0<\/span><\/li>\n<li style=\"font-weight: 400;\" aria-level=\"1\"><span style=\"font-weight: 400;\">Yeni \u015eirket Olu\u015fturma<\/span><\/li>\n<\/ul>\n<p>\n<\/div><div class=\"side-content-link sc-primary-btn\"><a href=\"https:\/\/www.manaycpa.com\/tr\/hizmetlerimiz\/amerikada-kucuk-isletme-muhasebesi\/\" target=\"_self\" title=\"\u0130ncele\" class=\"tt_button tt_primary_button btn_primary_color button-action-link\">\u0130ncele<\/a><\/div><\/div><div class=\"side-featured-wrapper fss-organic-2-rotate kd-animated fadeInLeft fss-shadow-image\" data-animation-delay=\"200\">\r\n      <div class=\"featured-image\"><img decoding=\"async\" width=\"1080\" height=\"1080\" src=\"https:\/\/www.manaycpa.com\/wp-content\/uploads\/2021\/05\/2-1.jpg\" class=\"attachment-full\" alt=\"Manay CPA Tax Services Marietta Tax and Accounting\" title=\"2\" srcset=\"https:\/\/www.manaycpa.com\/wp-content\/uploads\/2021\/05\/2-1.jpg 1080w, https:\/\/www.manaycpa.com\/wp-content\/uploads\/2021\/05\/2-1-300x300.jpg 300w, https:\/\/www.manaycpa.com\/wp-content\/uploads\/2021\/05\/2-1-1024x1024.jpg 1024w, https:\/\/www.manaycpa.com\/wp-content\/uploads\/2021\/05\/2-1-150x150.jpg 150w, https:\/\/www.manaycpa.com\/wp-content\/uploads\/2021\/05\/2-1-768x768.jpg 768w, https:\/\/www.manaycpa.com\/wp-content\/uploads\/2021\/05\/2-1-320x320.jpg 320w\" sizes=\"(max-width: 1080px) 100vw, 1080px\" \/><\/div>\r\n    <\/div><\/div>\r\n            <\/section><section id=\"kd-fss-69f63204519ad\" class=\"featured-right \"><li class=\"nav-label\"><a class=\"feature-tabs-scroll\" href=\"#kd-fss-69f63204519ad\"><i class=\" fss-nav-icon\" style=\" \"><\/i> Vergi Hizmetleri<\/a><\/li><div class=\"container\">\r\n                <div class=\"side-content-wrapper kd-animated fadeInLeft\" data-animation-delay=\"200\"><i class=\" section-icon\" style=\" \"><\/i> <h2 class=\"side-content-title\" >Vergi Hizmetleri<\/h2><h6 class=\"side-content-subtitle\" >Vergi y\u00fck\u00fcn\u00fc azaltmak i\u00e7in gereken stratejileri sizin i\u00e7in olu\u015fturuyoruz.<\/h6><div class=\"side-content-text\" ><\/p>\n<ul>\n<li style=\"font-weight: 400;\" aria-level=\"1\"><span style=\"font-weight: 400;\">Bireysel Vergi Plan\u0131<\/span><\/li>\n<li style=\"font-weight: 400;\" aria-level=\"1\"><span style=\"font-weight: 400;\">Kurumsal Vergi Plan\u0131<\/span><\/li>\n<li style=\"font-weight: 400;\" aria-level=\"1\"><span style=\"font-weight: 400;\">Vergi Muafiyeti<\/span><\/li>\n<\/ul>\n<p>\n<\/div><div class=\"side-content-link sc-primary-btn\"><a href=\"https:\/\/www.manaycpa.com\/tr\/hizmetlerimiz\/amerika-vergi-hizmetleri\/\" target=\"_self\" title=\"\u0130ncele\" class=\"tt_button tt_primary_button btn_primary_color button-action-link\">\u0130ncele<\/a><\/div><\/div><div class=\"side-featured-wrapper fss-organic-2 kd-animated fadeInRight fss-shadow-image\" data-animation-delay=\"200\">\r\n      <div class=\"featured-image\"><img decoding=\"async\" width=\"1080\" height=\"1080\" src=\"https:\/\/www.manaycpa.com\/wp-content\/uploads\/2021\/05\/3.jpg\" class=\"attachment-full\" alt=\"Manay CPA Tax Services Marietta Tax and Accounting\" title=\"3\" srcset=\"https:\/\/www.manaycpa.com\/wp-content\/uploads\/2021\/05\/3.jpg 1080w, https:\/\/www.manaycpa.com\/wp-content\/uploads\/2021\/05\/3-300x300.jpg 300w, https:\/\/www.manaycpa.com\/wp-content\/uploads\/2021\/05\/3-1024x1024.jpg 1024w, https:\/\/www.manaycpa.com\/wp-content\/uploads\/2021\/05\/3-150x150.jpg 150w, https:\/\/www.manaycpa.com\/wp-content\/uploads\/2021\/05\/3-768x768.jpg 768w, https:\/\/www.manaycpa.com\/wp-content\/uploads\/2021\/05\/3-320x320.jpg 320w\" sizes=\"(max-width: 1080px) 100vw, 1080px\" \/><\/div>\r\n    <\/div><\/div>\r\n            <\/section><section id=\"kd-fss-69f6320451ee8\" class=\"featured-left \"><li class=\"nav-label\"><a class=\"feature-tabs-scroll\" href=\"#kd-fss-69f6320451ee8\"><i class=\" fss-nav-icon\" style=\" \"><\/i> QuickBooks Hizmetleri<\/a><\/li><div class=\"container\">\r\n                <div class=\"side-content-wrapper kd-animated fadeInRight\" data-animation-delay=\"200\"><i class=\" section-icon\" style=\" \"><\/i> <h2 class=\"side-content-title\" >QuickBooks Hizmetleri<\/h2><h6 class=\"side-content-subtitle\" >K\u00fc\u00e7\u00fck veya orta \u00f6l\u00e7ekli i\u015fletmeler i\u00e7in tasarlanm\u0131\u015f muhasebe program\u0131n\u0131 kuruyoruz.<\/h6><div class=\"side-content-text\" ><\/p>\n<ul>\n<li style=\"font-weight: 400;\" aria-level=\"1\"><span style=\"font-weight: 400;\">QuickBooks Kurulumu<\/span><\/li>\n<li style=\"font-weight: 400;\" aria-level=\"1\"><span style=\"font-weight: 400;\">QuickBooks E\u011fitimi<\/span><\/li>\n<li style=\"font-weight: 400;\" aria-level=\"1\"><span style=\"font-weight: 400;\">QuickBooks SSS<\/span><\/li>\n<\/ul>\n<p>\n<\/div><div class=\"side-content-link sc-primary-btn\"><a href=\"https:\/\/www.manaycpa.com\/tr\/hizmetlerimiz\/quickbooks\/\" target=\"_self\" title=\"\u0130ncele\" class=\"tt_button tt_primary_button btn_primary_color button-action-link\">\u0130ncele<\/a><\/div><\/div><div class=\"side-featured-wrapper fss-organic-2-rotate kd-animated fadeInLeft fss-shadow-image\" data-animation-delay=\"200\">\r\n      <div class=\"featured-image\"><img decoding=\"async\" width=\"1080\" height=\"1080\" src=\"https:\/\/www.manaycpa.com\/wp-content\/uploads\/2021\/05\/4.jpg\" class=\"attachment-full\" alt=\"Manay CPA QuickBooks Services Marietta Tax and Accounting\" title=\"4\" srcset=\"https:\/\/www.manaycpa.com\/wp-content\/uploads\/2021\/05\/4.jpg 1080w, https:\/\/www.manaycpa.com\/wp-content\/uploads\/2021\/05\/4-300x300.jpg 300w, https:\/\/www.manaycpa.com\/wp-content\/uploads\/2021\/05\/4-1024x1024.jpg 1024w, https:\/\/www.manaycpa.com\/wp-content\/uploads\/2021\/05\/4-150x150.jpg 150w, https:\/\/www.manaycpa.com\/wp-content\/uploads\/2021\/05\/4-768x768.jpg 768w, https:\/\/www.manaycpa.com\/wp-content\/uploads\/2021\/05\/4-320x320.jpg 320w\" sizes=\"(max-width: 1080px) 100vw, 1080px\" \/><\/div>\r\n    <\/div><\/div>\r\n            <\/section><section id=\"kd-fss-69f63204523be\" class=\"featured-right \"><li class=\"nav-label\"><a class=\"feature-tabs-scroll\" href=\"#kd-fss-69f63204523be\"><i class=\" fss-nav-icon\" style=\" \"><\/i> Sekt\u00f6rler<\/a><\/li><div class=\"container\">\r\n                <div class=\"side-content-wrapper kd-animated fadeInRight\" data-animation-delay=\"200\"><i class=\" section-icon\" style=\" \"><\/i> <h2 class=\"side-content-title\" >Sekt\u00f6rler<\/h2><h6 class=\"side-content-subtitle\" >Geli\u015fmi\u015f uzmanl\u0131\u011f\u0131m\u0131zla farkl\u0131 sekt\u00f6rlerden bir\u00e7ok profesyonelin ba\u015far\u0131l\u0131 olmas\u0131na yard\u0131m ettik. \u015eimdi s\u0131ra sizde.<\/h6><div class=\"side-content-text\" ><\/p>\n<ul>\n<li style=\"font-weight: 400;\" aria-level=\"1\"><span style=\"font-weight: 400;\">\u0130n\u015faat<\/span><\/li>\n<li style=\"font-weight: 400;\" aria-level=\"1\"><span style=\"font-weight: 400;\">Sa\u011fl\u0131k Sekt\u00f6r\u00fc<\/span><\/li>\n<li style=\"font-weight: 400;\" aria-level=\"1\"><span style=\"font-weight: 400;\">Hukuk B\u00fcrosu<\/span><\/li>\n<\/ul>\n<p>\n<\/div><div class=\"side-content-link sc-primary-btn\"><a href=\"https:\/\/www.manaycpa.com\/tr\/sektorler\/\" target=\"_self\" title=\"\u0130ncele\" class=\"tt_button tt_primary_button btn_primary_color button-action-link\">\u0130ncele<\/a><\/div><\/div><div class=\"side-featured-wrapper fss-organic-2-rotate kd-animated fadeInLeft fss-shadow-image\" data-animation-delay=\"200\">\r\n      <div class=\"featured-image\"><img decoding=\"async\" width=\"1080\" height=\"1080\" src=\"https:\/\/www.manaycpa.com\/wp-content\/uploads\/2021\/05\/5.jpg\" class=\"attachment-full\" alt=\"Manay CPA Industries We Serve Marietta Tax and Accounting\" title=\"5\" srcset=\"https:\/\/www.manaycpa.com\/wp-content\/uploads\/2021\/05\/5.jpg 1080w, https:\/\/www.manaycpa.com\/wp-content\/uploads\/2021\/05\/5-300x300.jpg 300w, https:\/\/www.manaycpa.com\/wp-content\/uploads\/2021\/05\/5-1024x1024.jpg 1024w, https:\/\/www.manaycpa.com\/wp-content\/uploads\/2021\/05\/5-150x150.jpg 150w, https:\/\/www.manaycpa.com\/wp-content\/uploads\/2021\/05\/5-768x768.jpg 768w, https:\/\/www.manaycpa.com\/wp-content\/uploads\/2021\/05\/5-320x320.jpg 320w\" sizes=\"(max-width: 1080px) 100vw, 1080px\" \/><\/div>\r\n    <\/div><\/div>\r\n            <\/section>\r\n            <\/div><style type=\"text\/css\"><\/style>[\/vc_column][\/vc_row][vc_row full_width=&#8221;stretch_row&#8221; parallax=&#8221;content-moving&#8221; parallax_speed_bg=&#8221;1.4&#8243; kd_image_overlay_color=&#8221;rgba(10,10,10,0.31)&#8221; kd_image_overlay=&#8221;true&#8221; css=&#8221;.vc_custom_1619113780579{background-image: url(https:\/\/www.manaycpa.com\/wp-content\/uploads\/2021\/02\/team-manay-1s.jpg?id=9932) !important;}&#8221;][vc_column css=&#8221;.vc_custom_1516095225433{padding-right: 0px !important;padding-left: 0px !important;}&#8221;][vc_row_inner css=&#8221;.vc_custom_1555673013129{padding-top: 150px !important;padding-bottom: 123px !important;}&#8221;][vc_column_inner width=&#8221;5\/12&#8243; offset=&#8221;vc_col-lg-5&#8243;]<header class=\"kd-section-title col-lg-12 text-left  kd-animated fadeIn   vc_custom_1617132167967\" data-animation-delay=200><h2 class=\"separator_off\" style=\"color: #ffffff;\">\u00dccretsiz dan\u0131\u015fmanl\u0131k almak i\u00e7in hemen formu doldurun!<\/h2><h6 class=\"subtitle \" style=\"color: #eeeeee;\">\u00d6l\u00e7\u00fclebilir sonu\u00e7lar \u00fcreten muhasebe hizmeti ve vergi stratejileri i\u00e7in Manay CPA ile \u00e7al\u0131\u015fmaya ba\u015flay\u0131n!<\/h6><\/header>[\/vc_column_inner][vc_column_inner width=&#8221;1\/6&#8243; offset=&#8221;vc_col-lg-2&#8243;][\/vc_column_inner][vc_column_inner width=&#8221;1\/3&#8243; offset=&#8221;vc_col-lg-4&#8243; css=&#8221;.vc_custom_1659772092851{padding-top: 10px !important;padding-right: 5% !important;padding-bottom: 10px !important;padding-left: 5% !important;background-color: #ffffff !important;}&#8221;][vc_custom_heading text=&#8221;\u00dccretsiz Dan\u0131\u015fmanl\u0131k Al&#8221; font_container=&#8221;tag:h4|text_align:left&#8221; use_theme_fonts=&#8221;yes&#8221; css_animation=&#8221;fadeIn&#8221; css=&#8221;.vc_custom_1659772043121{margin-bottom: 30px !important;}&#8221;][vc_raw_js]JTNDc2NyaXB0JTIwY2hhcnNldCUzRCUyMnV0Zi04JTIyJTIwdHlwZSUzRCUyMnRleHQlMkZqYXZhc2NyaXB0JTIyJTIwc3JjJTNEJTIyJTJGJTJGanMuaHNmb3Jtcy5uZXQlMkZmb3JtcyUyRnYyLmpzJTIyJTNFJTNDJTJGc2NyaXB0JTNFJTBBJTNDc2NyaXB0JTNFJTBBJTIwJTIwaGJzcHQuZm9ybXMuY3JlYXRlJTI4JTdCJTBBJTIwJTIwJTIwJTIwcmVnaW9uJTNBJTIwJTIybmExJTIyJTJDJTBBJTIwJTIwJTIwJTIwcG9ydGFsSWQlM0ElMjAlMjI2ODU1Njc0JTIyJTJDJTBBJTIwJTIwJTIwJTIwZm9ybUlkJTNBJTIwJTIyYTEyZTIzYmMtNzIzOS00NGMyLTgyOWItOThlM2NhNmEzMzk0JTIyJTBBJTIwJTIwJTdEJTI5JTNCJTBBJTNDJTJGc2NyaXB0JTNF[\/vc_raw_js][\/vc_column_inner][\/vc_row_inner][\/vc_column][\/vc_row][vc_row full_width=&#8221;stretch_row&#8221;][vc_column][vc_row_inner css=&#8221;.vc_custom_1511348417220{padding-top: 100px !important;padding-bottom: 100px !important;}&#8221;][vc_column_inner width=&#8221;1\/6&#8243;][\/vc_column_inner][vc_column_inner width=&#8221;2\/3&#8243;]<header class=\"kd-section-title col-lg-12 text-center  kd-animated fadeIn   vc_custom_1616837584243\" data-animation-delay=200><h2 class=\"separator_off\" >Gelece\u011finiz i\u00e7in mali durum planlamas\u0131 yapmaya ba\u015flaman\u0131n tam zaman\u0131!<\/h2><\/header><a  href=\"https:\/\/www.manaycpa.com\/tr\/iletisim\/\"  target=\"_self\"  title=\"Bize Ula\u015f\" class=\"tt_button tt_primary_button btn_primary_color  button-center button-action-link  kd-animated zoomIn\" data-animation-delay=200><span class=\"prim_text\">Bize Ula\u015f<\/span><\/a>[vc_empty_space height=&#8221;25px&#8221;][\/vc_column_inner][vc_column_inner width=&#8221;1\/6&#8243;][\/vc_column_inner][\/vc_row_inner][\/vc_column][\/vc_row]<\/p>\n<\/div>","protected":false},"excerpt":{"rendered":"<p>[vc_row css=&#8221;.vc_custom_1556018461316{margin-top: -50px !important;padding-top: 0px !important;padding-bottom: 150px !important;}&#8221;][vc_column][\/vc_column][\/vc_row][vc_row full_width=&#8221;stretch_row&#8221; parallax=&#8221;content-moving&#8221; parallax_speed_bg=&#8221;1.4&#8243; kd_image_overlay_color=&#8221;rgba(10,10,10,0.31)&#8221; kd_image_overlay=&#8221;true&#8221; css=&#8221;.vc_custom_1619113780579{background-image: url(https:\/\/www.manaycpa.com\/wp-content\/uploads\/2021\/02\/team-manay-1s.jpg?id=9932) !important;}&#8221;][vc_column css=&#8221;.vc_custom_1516095225433{padding-right: 0px !important;padding-left: 0px !important;}&#8221;][vc_row_inner css=&#8221;.vc_custom_1555673013129{padding-top: 150px !important;padding-bottom: 123px !important;}&#8221;][vc_column_inner width=&#8221;5\/12&#8243; offset=&#8221;vc_col-lg-5&#8243;][\/vc_column_inner][vc_column_inner width=&#8221;1\/6&#8243; offset=&#8221;vc_col-lg-2&#8243;][\/vc_column_inner][vc_column_inner [&hellip;]<\/p>\n","protected":false},"author":8,"featured_media":9932,"parent":0,"menu_order":0,"comment_status":"closed","ping_status":"closed","template":"","meta":{"footnotes":""},"class_list":["post-10208","page","type-page","status-publish","has-post-thumbnail","hentry"],"_links":{"self":[{"href":"https:\/\/www.manaycpa.com\/tr\/wp-json\/wp\/v2\/pages\/10208","targetHints":{"allow":["GET"]}}],"collection":[{"href":"https:\/\/www.manaycpa.com\/tr\/wp-json\/wp\/v2\/pages"}],"about":[{"href":"https:\/\/www.manaycpa.com\/tr\/wp-json\/wp\/v2\/types\/page"}],"author":[{"embeddable":true,"href":"https:\/\/www.manaycpa.com\/tr\/wp-json\/wp\/v2\/users\/8"}],"replies":[{"embeddable":true,"href":"https:\/\/www.manaycpa.com\/tr\/wp-json\/wp\/v2\/comments?post=10208"}],"version-history":[{"count":3,"href":"https:\/\/www.manaycpa.com\/tr\/wp-json\/wp\/v2\/pages\/10208\/revisions"}],"predecessor-version":[{"id":63267,"href":"https:\/\/www.manaycpa.com\/tr\/wp-json\/wp\/v2\/pages\/10208\/revisions\/63267"}],"wp:featuredmedia":[{"embeddable":true,"href":"https:\/\/www.manaycpa.com\/tr\/wp-json\/wp\/v2\/media\/9932"}],"wp:attachment":[{"href":"https:\/\/www.manaycpa.com\/tr\/wp-json\/wp\/v2\/media?parent=10208"}],"curies":[{"name":"wp","href":"https:\/\/api.w.org\/{rel}","templated":true}]}}