{"id":12539,"date":"2021-05-29T13:21:17","date_gmt":"2021-05-29T13:21:17","guid":{"rendered":"https:\/\/www.manaycpa.com\/?page_id=12539"},"modified":"2022-11-03T04:13:46","modified_gmt":"2022-11-03T04:13:46","slug":"basin-medya-kaynaklari","status":"publish","type":"page","link":"https:\/\/www.manaycpa.com\/tr\/basin-medya-kaynaklari\/","title":{"rendered":"Bas\u0131n &#038; Medya Kaynaklar\u0131"},"content":{"rendered":"<div class=\"wpb-content-wrapper\"><p>[vc_row full_width=&#8221;stretch_row_content_no_spaces&#8221; kd_image_overlay_color=&#8221;rgba(10,10,10,0.21)&#8221; kd_bottom_separator_style=&#8221;rounded-down&#8221; kd_bottom_separator_height=&#8221;separator-height-medium&#8221; kd_image_overlay=&#8221;true&#8221; kd_bottom_separator=&#8221;true&#8221; css=&#8221;.vc_custom_1621187421834{padding-top: 200px !important;padding-bottom: 100px !important;background-image: url(https:\/\/www.manaycpa.com\/wp-content\/uploads\/2021\/05\/Frame-63.jpg?id=12439) !important;}&#8221; kd_bottom_separator_bg=&#8221;#ffffff&#8221;][vc_column][vc_row_inner el_class=&#8221;container&#8221; css=&#8221;.vc_custom_1621170676975{margin-bottom: 30px !important;}&#8221;][vc_column_inner width=&#8221;1\/4&#8243; offset=&#8221;vc_col-lg-1 vc_hidden-sm&#8221;][\/vc_column_inner][vc_column_inner width=&#8221;5\/6&#8243; offset=&#8221;vc_col-lg-10 vc_col-md-12&#8243;]<header class=\"kd-section-title col-lg-12 text-center  kd-animated fadeIn   vc_custom_1632174391922\" data-animation-delay=200><h1 class=\"separator_off\" style=\"color: #ffffff;font-size: 42px !important;\">Manay CPA Bas\u0131n &amp; Medya Kaynaklar\u0131<\/h1><\/header>[vc_empty_space]<header class=\"kd-section-title col-lg-12 text-center  kd-animated fadeIn  \" data-animation-delay=200><h6 class=\"subtitle \" style=\"color: #eeeeee;\">Manay CPA \u2018yi bas\u0131n ve medya b\u00fcltenlerinde kullan\u0131rken yararlanabilece\u011finiz kaynaklar\u0131 a\u015fa\u011f\u0131da bulabilirsiniz. Daha fazlas\u0131 ve sorular\u0131n\u0131z i\u00e7in press@manaycpa.com'a ula\u015fabilirsiniz.<\/h6><\/header>[\/vc_column_inner][vc_column_inner width=&#8221;1\/4&#8243; offset=&#8221;vc_col-lg-1 vc_hidden-sm&#8221;][\/vc_column_inner][\/vc_row_inner][\/vc_column][\/vc_row][vc_row full_width=&#8221;stretch_row&#8221; css=&#8221;.vc_custom_1536060448074{padding-top: 100px !important;}&#8221;][vc_column css=&#8221;.vc_custom_1515686761275{padding-right: 0px !important;padding-left: 0px !important;}&#8221;][vc_row_inner][vc_column_inner]<header class=\"kd-section-title col-lg-12 text-center    \" ><h2 class=\"separator_off\" style=\"font-size: 44px !important;\">Logolar<\/h2><\/header>[\/vc_column_inner][\/vc_row_inner][vc_empty_space height=&#8221;50px&#8221;][vc_row_inner css=&#8221;.vc_custom_1536060444089{padding-bottom: 100px !important;}&#8221;][vc_column_inner css=&#8221;.vc_custom_1515686674776{padding-right: 15px !important;}&#8221;]\r\n                <div class=\"photobox-carousel pbc-parent black-navigation kd-pbc-69d227323b317 nav-arrows-dots\">\r\n                    <div class=\"pbc-content\"><div class=\"kd-photobox kd-animated fadeInUp \" ><div class=\"photobox-img\"><a href=\"https:\/\/f.hubspotusercontent20.net\/hubfs\/6855674\/2021%20Logo%20Files\/manay-yellow-gray-png.png\" target=\"_blank\" title=\"\" rel=\"nofollow noopener\"><img decoding=\"async\" width=\"1400\" height=\"1000\" src=\"https:\/\/www.manaycpa.com\/wp-content\/uploads\/2021\/05\/branding-identity-mockup-scene.png\" class=\"attachment-full\" alt=\"Manay CPA Logo Branding Guide\" title=\"branding-identity-mockup-scene\" srcset=\"https:\/\/www.manaycpa.com\/wp-content\/uploads\/2021\/05\/branding-identity-mockup-scene.png 1400w, https:\/\/www.manaycpa.com\/wp-content\/uploads\/2021\/05\/branding-identity-mockup-scene-300x214.png 300w, https:\/\/www.manaycpa.com\/wp-content\/uploads\/2021\/05\/branding-identity-mockup-scene-1024x731.png 1024w, https:\/\/www.manaycpa.com\/wp-content\/uploads\/2021\/05\/branding-identity-mockup-scene-768x549.png 768w\" sizes=\"(max-width: 1400px) 100vw, 1400px\" \/><\/a><\/div><div class=\"phb-content text-left \" ><h5 >Standart Manay CPA Logo<\/h5><div class=\"phb-btncontainer\">\r\n                      <a href=\"https:\/\/f.hubspotusercontent20.net\/hubfs\/6855674\/2021%20Logo%20Files\/manay-yellow-gray-png.png\" target=\"_blank\" title=\"\" class=\"tt_button tt_primary_button btn_primary_color\" rel=\"nofollow noopener\">PNG \u0131nd\u0131r<\/a>\r\n                  <\/div><\/div><\/div><div class=\"kd-photobox kd-animated fadeInUp \" data-animation-delay=200><div class=\"photobox-img\"><a href=\"https:\/\/f.hubspotusercontent20.net\/hubfs\/6855674\/2021%20Logo%20Files\/manay-yellow-white-png.png\" title=\"\" rel=\"nofollow noopener\" target=\"_blank\"><img decoding=\"async\" width=\"1400\" height=\"1000\" src=\"https:\/\/www.manaycpa.com\/wp-content\/uploads\/2021\/05\/branding-identity-mockup-scene-1.png\" class=\"attachment-full\" alt=\"Manay CPA Logo Branding Guide\" title=\"branding-identity-mockup-scene (1)\" srcset=\"https:\/\/www.manaycpa.com\/wp-content\/uploads\/2021\/05\/branding-identity-mockup-scene-1.png 1400w, https:\/\/www.manaycpa.com\/wp-content\/uploads\/2021\/05\/branding-identity-mockup-scene-1-300x214.png 300w, https:\/\/www.manaycpa.com\/wp-content\/uploads\/2021\/05\/branding-identity-mockup-scene-1-1024x731.png 1024w, https:\/\/www.manaycpa.com\/wp-content\/uploads\/2021\/05\/branding-identity-mockup-scene-1-768x549.png 768w\" sizes=\"(max-width: 1400px) 100vw, 1400px\" \/><\/a><\/div><div class=\"phb-content text-left \" ><h5 >Koyu Arka Plan \u0130\u00e7in Logo<\/h5><div class=\"phb-btncontainer\">\r\n                      <a href=\"https:\/\/f.hubspotusercontent20.net\/hubfs\/6855674\/2021%20Logo%20Files\/manay-yellow-white-png.png\" title=\"\" class=\"tt_button tt_primary_button btn_primary_color\" rel=\"nofollow noopener\" target=\"_blank\">PNG \u0131nd\u0131r<\/a>\r\n                  <\/div><\/div><\/div><div class=\"kd-photobox kd-animated fadeInUp \" data-animation-delay=400><div class=\"photobox-img\"><a href=\"https:\/\/f.hubspotusercontent20.net\/hubfs\/6855674\/2021%20Logo%20Files\/manay-white-png.png\" title=\"\" rel=\"nofollow noopener\" target=\"_blank\"><img decoding=\"async\" width=\"1400\" height=\"1000\" src=\"https:\/\/www.manaycpa.com\/wp-content\/uploads\/2021\/05\/branding-identity-mockup-scene-2.png\" class=\"attachment-full\" alt=\"Manay CPA Logo Branding Guide\" title=\"branding-identity-mockup-scene (2)\" srcset=\"https:\/\/www.manaycpa.com\/wp-content\/uploads\/2021\/05\/branding-identity-mockup-scene-2.png 1400w, https:\/\/www.manaycpa.com\/wp-content\/uploads\/2021\/05\/branding-identity-mockup-scene-2-300x214.png 300w, https:\/\/www.manaycpa.com\/wp-content\/uploads\/2021\/05\/branding-identity-mockup-scene-2-1024x731.png 1024w, https:\/\/www.manaycpa.com\/wp-content\/uploads\/2021\/05\/branding-identity-mockup-scene-2-768x549.png 768w\" sizes=\"(max-width: 1400px) 100vw, 1400px\" \/><\/a><\/div><div class=\"phb-content text-left \" ><h5 >Foto\u011fraf Arka Plan \u0130\u00e7in Logo<\/h5><div class=\"phb-btncontainer\">\r\n                      <a href=\"https:\/\/f.hubspotusercontent20.net\/hubfs\/6855674\/2021%20Logo%20Files\/manay-white-png.png\" title=\"\" class=\"tt_button tt_primary_button btn_primary_color\" rel=\"nofollow noopener\" target=\"_blank\">PNG \u0131nd\u0131r<\/a>\r\n                  <\/div><\/div><\/div><div class=\"kd-photobox kd-animated fadeInUp \" ><div class=\"photobox-img\"><a href=\"https:\/\/f.hubspotusercontent20.net\/hubfs\/6855674\/2021%20Logo%20Files\/manay-yellow-gray-svg.svg\" target=\"_blank\" title=\"\" rel=\"nofollow noopener\"><img decoding=\"async\" width=\"1400\" height=\"1000\" src=\"https:\/\/www.manaycpa.com\/wp-content\/uploads\/2021\/05\/branding-identity-mockup-scene.png\" class=\"attachment-full\" alt=\"Manay CPA Logo Branding Guide\" title=\"branding-identity-mockup-scene\" srcset=\"https:\/\/www.manaycpa.com\/wp-content\/uploads\/2021\/05\/branding-identity-mockup-scene.png 1400w, https:\/\/www.manaycpa.com\/wp-content\/uploads\/2021\/05\/branding-identity-mockup-scene-300x214.png 300w, https:\/\/www.manaycpa.com\/wp-content\/uploads\/2021\/05\/branding-identity-mockup-scene-1024x731.png 1024w, https:\/\/www.manaycpa.com\/wp-content\/uploads\/2021\/05\/branding-identity-mockup-scene-768x549.png 768w\" sizes=\"(max-width: 1400px) 100vw, 1400px\" \/><\/a><\/div><div class=\"phb-content text-left \" ><h5 >Standart Manay CPA Logo<\/h5><div class=\"phb-btncontainer\">\r\n                      <a href=\"https:\/\/f.hubspotusercontent20.net\/hubfs\/6855674\/2021%20Logo%20Files\/manay-yellow-gray-svg.svg\" target=\"_blank\" title=\"\" class=\"tt_button tt_primary_button btn_primary_color\" rel=\"nofollow noopener\">SVG \u0131nd\u0131r<\/a>\r\n                  <\/div><\/div><\/div><div class=\"kd-photobox kd-animated fadeInUp \" data-animation-delay=200><div class=\"photobox-img\"><a href=\"https:\/\/f.hubspotusercontent20.net\/hubfs\/6855674\/2021%20Logo%20Files\/manay-yellow-white-svg.svg\" title=\"\" rel=\"nofollow noopener\" target=\"_blank\"><img decoding=\"async\" width=\"1400\" height=\"1000\" src=\"https:\/\/www.manaycpa.com\/wp-content\/uploads\/2021\/05\/branding-identity-mockup-scene-1.png\" class=\"attachment-full\" alt=\"Manay CPA Logo Branding Guide\" title=\"branding-identity-mockup-scene (1)\" srcset=\"https:\/\/www.manaycpa.com\/wp-content\/uploads\/2021\/05\/branding-identity-mockup-scene-1.png 1400w, https:\/\/www.manaycpa.com\/wp-content\/uploads\/2021\/05\/branding-identity-mockup-scene-1-300x214.png 300w, https:\/\/www.manaycpa.com\/wp-content\/uploads\/2021\/05\/branding-identity-mockup-scene-1-1024x731.png 1024w, https:\/\/www.manaycpa.com\/wp-content\/uploads\/2021\/05\/branding-identity-mockup-scene-1-768x549.png 768w\" sizes=\"(max-width: 1400px) 100vw, 1400px\" \/><\/a><\/div><div class=\"phb-content text-left \" ><h5 >Koyu Arka Plan \u0130\u00e7in Logo<\/h5><div class=\"phb-btncontainer\">\r\n                      <a href=\"https:\/\/f.hubspotusercontent20.net\/hubfs\/6855674\/2021%20Logo%20Files\/manay-yellow-white-svg.svg\" title=\"\" class=\"tt_button tt_primary_button btn_primary_color\" rel=\"nofollow noopener\" target=\"_blank\">SVG \u0131nd\u0131r<\/a>\r\n                  <\/div><\/div><\/div><div class=\"kd-photobox kd-animated fadeInUp \" data-animation-delay=400><div class=\"photobox-img\"><a href=\"https:\/\/f.hubspotusercontent20.net\/hubfs\/6855674\/2021%20Logo%20Files\/manay-white-svg.svg\" title=\"\" rel=\"nofollow noopener\" target=\"_blank\"><img decoding=\"async\" width=\"1400\" height=\"1000\" src=\"https:\/\/www.manaycpa.com\/wp-content\/uploads\/2021\/05\/branding-identity-mockup-scene-2.png\" class=\"attachment-full\" alt=\"Manay CPA Logo Branding Guide\" title=\"branding-identity-mockup-scene (2)\" srcset=\"https:\/\/www.manaycpa.com\/wp-content\/uploads\/2021\/05\/branding-identity-mockup-scene-2.png 1400w, https:\/\/www.manaycpa.com\/wp-content\/uploads\/2021\/05\/branding-identity-mockup-scene-2-300x214.png 300w, https:\/\/www.manaycpa.com\/wp-content\/uploads\/2021\/05\/branding-identity-mockup-scene-2-1024x731.png 1024w, https:\/\/www.manaycpa.com\/wp-content\/uploads\/2021\/05\/branding-identity-mockup-scene-2-768x549.png 768w\" sizes=\"(max-width: 1400px) 100vw, 1400px\" \/><\/a><\/div><div class=\"phb-content text-left \" ><h5 >Foto\u011fraf Arka Plan \u0130\u00e7in Logo<\/h5><div class=\"phb-btncontainer\">\r\n                      <a href=\"https:\/\/f.hubspotusercontent20.net\/hubfs\/6855674\/2021%20Logo%20Files\/manay-white-svg.svg\" title=\"\" class=\"tt_button tt_primary_button btn_primary_color\" rel=\"nofollow noopener\" target=\"_blank\">SVG \u0131nd\u0131r<\/a>\r\n                  <\/div><\/div><\/div><\/div>\r\n                <\/div><script type=\"text\/javascript\">\r\n          \t\t\t\tjQuery(document).ready(function($){\r\n                    if ($(\".photobox-carousel.kd-pbc-69d227323b317 .pbc-content\").length) {\r\n                      $(\".photobox-carousel.kd-pbc-69d227323b317 .pbc-content\").owlCarousel({\r\n                          stageClass: \"owl-wrapper\",\r\n                          stageOuterClass: \"owl-wrapper-outer\",\r\n                          loadedClass: \"owl-carousel\",\r\n                          responsive:{\r\n                              0:{\r\n                                  items:1,\r\n                                  dots: false,\r\n                                  nav: true,\r\n                                  navSpeed: 500,\r\n                              },\r\n                              768:{\r\n                                  items:2,\r\n                              },\r\n                              1199:{\r\n                                  items:3,\r\n                              },\r\n                              1366:{\r\n                                  items:3,\ndots: true,\r\n                                    dotsEach: true,\r\n                                    dotsSpeed: 500,\r\n                                    nav: true,\r\n                                    navSpeed: 500,}\r\n                          },\r\n                          rewind: true,\nloop: true,\nautoplay: false,\nautoplayHoverPause: false,addClassActive: true,\r\n                      });\r\n                    }\r\n          \t\t\t\t});\r\n          \t\t\t<\/script>[\/vc_column_inner][\/vc_row_inner][\/vc_column][\/vc_row][vc_row full_width=&#8221;stretch_row&#8221; kd_image_overlay_color=&#8221;rgba(0,0,0,0.48)&#8221; kd_image_overlay=&#8221;true&#8221; css=&#8221;.vc_custom_1621193617754{background: #1a1a1a url(https:\/\/www.manaycpa.com\/wp-content\/uploads\/2021\/05\/Frame-39.jpg?id=12504) !important;}&#8221;][vc_column css=&#8221;.vc_custom_1515686965699{padding-right: 0px !important;}&#8221;][vc_row_inner css=&#8221;.vc_custom_1511348683940{padding-top: 100px !important;padding-bottom: 100px !important;}&#8221;][vc_column_inner css=&#8221;.vc_custom_1515686937192{padding-right: 0px !important;padding-left: 0px !important;}&#8221;]\n            <div class=\"sliding_box_parent row kd-slidingbox-69d227323c6eb \"><div class=\"sliding_box_child\" >\n                <div class=\"sb-image\"><img decoding=\"async\" width=\"1080\" height=\"1080\" src=\"https:\/\/www.manaycpa.com\/wp-content\/uploads\/2021\/05\/Adsiz-tasarim.jpg\" class=\"attachment-full\" alt=\"Manay CPA Branding Guideline\" title=\"Ads\u0131z tasar\u0131m\" srcset=\"https:\/\/www.manaycpa.com\/wp-content\/uploads\/2021\/05\/Adsiz-tasarim.jpg 1080w, https:\/\/www.manaycpa.com\/wp-content\/uploads\/2021\/05\/Adsiz-tasarim-300x300.jpg 300w, https:\/\/www.manaycpa.com\/wp-content\/uploads\/2021\/05\/Adsiz-tasarim-1024x1024.jpg 1024w, https:\/\/www.manaycpa.com\/wp-content\/uploads\/2021\/05\/Adsiz-tasarim-150x150.jpg 150w, https:\/\/www.manaycpa.com\/wp-content\/uploads\/2021\/05\/Adsiz-tasarim-768x768.jpg 768w, https:\/\/www.manaycpa.com\/wp-content\/uploads\/2021\/05\/Adsiz-tasarim-320x320.jpg 320w\" sizes=\"(max-width: 1080px) 100vw, 1080px\" \/><\/div>\n                <div class=\"sb_content_wrapper\" ><h4 >Branding Guideline<\/h4><p >Kullanmadan \u00f6nce l\u00fctfen branding guideline'\u0131 inceleyin.<\/p><div class=\"sb-btncontainer\"><a href=\"https:\/\/f.hubspotusercontent20.net\/hubfs\/6855674\/2021%20Logo%20Files\/Manay%20Logo%20Guidline%20(3).pdf\" target=\"_self\" title=\"\" class=\"tt_button tt_secondary_button \" rel=\"nofollow noopener\">G\u00d6R\u00dcNT\u00dcLE<\/a><\/div><\/div>\n            <\/div><div class=\"sliding_box_child active-elem\" >\n                <div class=\"sb-image\"><img decoding=\"async\" width=\"1080\" height=\"1080\" src=\"https:\/\/www.manaycpa.com\/wp-content\/uploads\/2021\/05\/18.jpg\" class=\"attachment-full\" alt=\"Burcu Bree Manay CPA\" title=\"18\" srcset=\"https:\/\/www.manaycpa.com\/wp-content\/uploads\/2021\/05\/18.jpg 1080w, https:\/\/www.manaycpa.com\/wp-content\/uploads\/2021\/05\/18-300x300.jpg 300w, https:\/\/www.manaycpa.com\/wp-content\/uploads\/2021\/05\/18-1024x1024.jpg 1024w, https:\/\/www.manaycpa.com\/wp-content\/uploads\/2021\/05\/18-150x150.jpg 150w, https:\/\/www.manaycpa.com\/wp-content\/uploads\/2021\/05\/18-768x768.jpg 768w, https:\/\/www.manaycpa.com\/wp-content\/uploads\/2021\/05\/18-320x320.jpg 320w\" sizes=\"(max-width: 1080px) 100vw, 1080px\" \/><\/div>\n                <div class=\"sb_content_wrapper\" ><h4 >Burcu Bree Manay'\u0131n Foto\u011fraf\u0131<\/h4><p >Bas\u0131n b\u00fcltenlerinde kullanman\u0131z i\u00e7in Burcu Manay'\u0131n foto\u011fraflar\u0131.<\/p><div class=\"sb-btncontainer\"><a href=\"https:\/\/f.hubspotusercontent20.net\/hubfs\/6855674\/2021%20Logo%20Files\/1586790735191.jpeg\" target=\"_self\" title=\"\" class=\"tt_button tt_secondary_button \" rel=\"nofollow noopener\">G\u00d6R\u00dcNT\u00dcLE<\/a><\/div><\/div>\n            <\/div><div class=\"sliding_box_child\" >\n                <div class=\"sb-image\"><img decoding=\"async\" width=\"1080\" height=\"1080\" src=\"https:\/\/www.manaycpa.com\/wp-content\/uploads\/2021\/05\/19.jpg\" class=\"attachment-full\" alt=\"Manay CPA Office Photos\" title=\"19\" srcset=\"https:\/\/www.manaycpa.com\/wp-content\/uploads\/2021\/05\/19.jpg 1080w, https:\/\/www.manaycpa.com\/wp-content\/uploads\/2021\/05\/19-300x300.jpg 300w, https:\/\/www.manaycpa.com\/wp-content\/uploads\/2021\/05\/19-1024x1024.jpg 1024w, https:\/\/www.manaycpa.com\/wp-content\/uploads\/2021\/05\/19-150x150.jpg 150w, https:\/\/www.manaycpa.com\/wp-content\/uploads\/2021\/05\/19-768x768.jpg 768w, https:\/\/www.manaycpa.com\/wp-content\/uploads\/2021\/05\/19-320x320.jpg 320w\" sizes=\"(max-width: 1080px) 100vw, 1080px\" \/><\/div>\n                <div class=\"sb_content_wrapper\" ><h4 >Ofis Foto\u011fraf\u0131<\/h4><p >Manay CPA Marietta GA Ofis Binas\u0131<\/p><div class=\"sb-btncontainer\"><a href=\"https:\/\/f.hubspotusercontent20.net\/hubfs\/6855674\/2021%20Logo%20Files\/WhatsApp%20Image%202021-03-06%20at%2020.56%203.jpg\" target=\"_self\" title=\"\" class=\"tt_button tt_secondary_button \" rel=\"nofollow noopener\">G\u00d6R\u00dcNT\u00dcLE<\/a><\/div><\/div>\n            <\/div><\/div><script type=\"text\/javascript\">\n              jQuery(document).ready(function($){\n                if ($(\".sliding_box_parent.kd-slidingbox-69d227323c6eb\").length) {\n                  $(\".kd-slidingbox-69d227323c6eb .sliding_box_child\").on(\"mouseenter\", function() {\n                    $(\".kd-slidingbox-69d227323c6eb .sliding_box_child\").removeClass(\"active-elem\");\n                    $(this).addClass(\"active-elem\");\n                  });\n                }\n              });\n            <\/script>[\/vc_column_inner][\/vc_row_inner][\/vc_column][\/vc_row][vc_row full_width=&#8221;stretch_row&#8221;][vc_column css=&#8221;.vc_custom_1516008622141{padding-right: 0px !important;padding-left: 0px !important;}&#8221;][vc_row_inner css=&#8221;.vc_custom_1511348417220{padding-top: 100px !important;padding-bottom: 100px !important;}&#8221;][vc_column_inner width=&#8221;1\/3&#8243; css=&#8221;.vc_custom_1516008627643{padding-right: 0px !important;padding-left: 0px !important;}&#8221;]<div class=\"key-icon-box icon-default icon-top cont-center ib-hover-2  kd-animated fadeInUp\" style=\"background-color: transparent;\" ><a href=\"https:\/\/www.manaycpa.com\/tr\/hakkimizda\/\" target=\"\"><div class=\"ib-wrapper\"><i class=\"iconsmind-Quotes-2 iconsmind-Signs-Symbols\" style=\"font-size: 64px; \"><\/i> <h5 class=\"service-heading\" >Manay CPA Hakk\u0131nda<\/h5><\/div><\/a><\/div>[\/vc_column_inner][vc_column_inner width=&#8221;1\/3&#8243; css=&#8221;.vc_custom_1516008633082{padding-right: 0px !important;padding-left: 0px !important;}&#8221;]<div class=\"key-icon-box icon-default icon-top cont-center ib-hover-2  kd-animated fadeInUp\" style=\"background-color: transparent;\" data-animation-delay=200><a href=\"https:\/\/www.manaycpa.com\/tr\/hakkimizda\/ekibimiz\/\" target=\"\"><div class=\"ib-wrapper\"><i class=\"iconsmind-Business-ManWoman iconsmind-People\" style=\"font-size: 64px; \"><\/i> <h5 class=\"service-heading\" >Manay CPA Ekibi<\/h5><\/div><\/a><\/div>[\/vc_column_inner][vc_column_inner width=&#8221;1\/3&#8243; css=&#8221;.vc_custom_1516008639819{padding-right: 0px !important;padding-left: 0px !important;}&#8221;]<div class=\"key-icon-box icon-default icon-top cont-center ib-hover-2  kd-animated fadeInUp\" style=\"background-color: transparent;\" data-animation-delay=400><a href=\"https:\/\/www.manaycpa.com\/tr\/hakkimizda\/musteri-gorusleri\/\" target=\"\"><div class=\"ib-wrapper\"><i class=\"iconsmind-Handshake iconsmind-Business-Finance\" style=\"font-size: 64px; \"><\/i> <h5 class=\"service-heading\" >Manay CPA'n\u0131n M\u00fc\u015fterileri<\/h5><\/div><\/a><\/div>[\/vc_column_inner][\/vc_row_inner][\/vc_column][\/vc_row]<\/p>\n<\/div>","protected":false},"excerpt":{"rendered":"<p>[vc_row full_width=&#8221;stretch_row_content_no_spaces&#8221; kd_image_overlay_color=&#8221;rgba(10,10,10,0.21)&#8221; kd_bottom_separator_style=&#8221;rounded-down&#8221; kd_bottom_separator_height=&#8221;separator-height-medium&#8221; kd_image_overlay=&#8221;true&#8221; kd_bottom_separator=&#8221;true&#8221; css=&#8221;.vc_custom_1621187421834{padding-top: 200px !important;padding-bottom: 100px !important;background-image: url(https:\/\/www.manaycpa.com\/wp-content\/uploads\/2021\/05\/Frame-63.jpg?id=12439) !important;}&#8221; kd_bottom_separator_bg=&#8221;#ffffff&#8221;][vc_column][vc_row_inner el_class=&#8221;container&#8221; css=&#8221;.vc_custom_1621170676975{margin-bottom: 30px !important;}&#8221;][vc_column_inner width=&#8221;1\/4&#8243; offset=&#8221;vc_col-lg-1 vc_hidden-sm&#8221;][\/vc_column_inner][vc_column_inner width=&#8221;5\/6&#8243; offset=&#8221;vc_col-lg-10 vc_col-md-12&#8243;][vc_empty_space][\/vc_column_inner][vc_column_inner width=&#8221;1\/4&#8243; offset=&#8221;vc_col-lg-1 vc_hidden-sm&#8221;][\/vc_column_inner][\/vc_row_inner][\/vc_column][\/vc_row][vc_row full_width=&#8221;stretch_row&#8221; css=&#8221;.vc_custom_1536060448074{padding-top: [&hellip;]<\/p>\n","protected":false},"author":7,"featured_media":12243,"parent":0,"menu_order":0,"comment_status":"closed","ping_status":"closed","template":"","meta":{"footnotes":""},"class_list":["post-12539","page","type-page","status-publish","has-post-thumbnail","hentry"],"_links":{"self":[{"href":"https:\/\/www.manaycpa.com\/tr\/wp-json\/wp\/v2\/pages\/12539","targetHints":{"allow":["GET"]}}],"collection":[{"href":"https:\/\/www.manaycpa.com\/tr\/wp-json\/wp\/v2\/pages"}],"about":[{"href":"https:\/\/www.manaycpa.com\/tr\/wp-json\/wp\/v2\/types\/page"}],"author":[{"embeddable":true,"href":"https:\/\/www.manaycpa.com\/tr\/wp-json\/wp\/v2\/users\/7"}],"replies":[{"embeddable":true,"href":"https:\/\/www.manaycpa.com\/tr\/wp-json\/wp\/v2\/comments?post=12539"}],"version-history":[{"count":0,"href":"https:\/\/www.manaycpa.com\/tr\/wp-json\/wp\/v2\/pages\/12539\/revisions"}],"wp:featuredmedia":[{"embeddable":true,"href":"https:\/\/www.manaycpa.com\/tr\/wp-json\/wp\/v2\/media\/12243"}],"wp:attachment":[{"href":"https:\/\/www.manaycpa.com\/tr\/wp-json\/wp\/v2\/media?parent=12539"}],"curies":[{"name":"wp","href":"https:\/\/api.w.org\/{rel}","templated":true}]}}