{"id":12792,"date":"2021-08-16T21:13:42","date_gmt":"2021-08-16T21:13:42","guid":{"rendered":"https:\/\/www.manaycpa.com\/?page_id=12792"},"modified":"2022-11-03T04:01:17","modified_gmt":"2022-11-03T04:01:17","slug":"transfer-fiyatlandirma","status":"publish","type":"page","link":"https:\/\/www.manaycpa.com\/tr\/transfer-fiyatlandirma\/","title":{"rendered":"Transfer Fiyatland\u0131rma"},"content":{"rendered":"<div class=\"wpb-content-wrapper\"><p>[vc_row full_width=&#8221;stretch_row&#8221; css=&#8221;.vc_custom_1629146421870{margin-right: 15px !important;padding-top: 200px !important;padding-bottom: 50px !important;background-image: url(https:\/\/www.manaycpa.com\/wp-content\/uploads\/2021\/02\/Frame-55-2.jpg?id=12357) !important;}&#8221;][vc_column width=&#8221;1\/2&#8243; offset=&#8221;vc_col-lg-6 vc_col-md-12&#8243;][vc_empty_space height=&#8221;10px&#8221;][vc_empty_space height=&#8221;50px&#8221;]<header class=\"kd-section-title col-lg-12 text-left  kd-animated fadeIn  \" data-animation-delay=200><h1 class=\"separator_off\" style=\"color: #ffffff;font-size: 20px !important;\">Transfer Fiyatland\u0131rma<\/h1><\/header><header class=\"kd-section-title col-lg-12 text-left  kd-animated fadeIn  \" data-animation-delay=200><h2 class=\"separator_off\" style=\"color: #ffffff;font-size: 40px !important;line-height: 50px !important;\">Manay CPA ile Amerika Vergi Y\u00fck\u00fcn\u00fcz\u00fc Hafifletin<\/h2><\/header>[vc_empty_space height=&#8221;10px&#8221;][vc_column_text]<span style=\"font-weight: 400; color: #ffffff;\">Internal Revenue Service&#8217;e g\u00f6re, \u015firketinizin Amerika ve farkl\u0131 \u00fclkeler aras\u0131 i\u015flemlerinde transfer fiyatland\u0131rmas\u0131, i\u015flemin \u015firket d\u0131\u015f\u0131nda ger\u00e7ekle\u015fti\u011finde olaca\u011f\u0131 gibi, birbirleri ile ayn\u0131 olmal\u0131d\u0131r.<\/span>[\/vc_column_text][vc_empty_space height=&#8221;50px&#8221;][\/vc_column][vc_column width=&#8221;1\/12&#8243; offset=&#8221;vc_col-lg-1&#8243;][\/vc_column][vc_column width=&#8221;1\/12&#8243; css=&#8221;.vc_custom_1634842972405{padding-top: 50px !important;padding-right: 50px !important;padding-bottom: 23px !important;padding-left: 50px !important;background-color: #ffffff !important;border-radius: 5px !important;}&#8221; offset=&#8221;vc_col-lg-5 vc_col-md-12&#8243; el_class=&#8221;with-shadow&#8221; el_id=&#8221;contact-form-box&#8221;]<header class=\"kd-section-title col-lg-12 text-center  kd-animated fadeIn  \" data-animation-delay=200><h2 class=\"separator_off\" style=\"font-size: 27px;\">\u00dccretsiz dan\u0131\u015fmanl\u0131k almak i\u00e7in formu doldurun.<\/h2><\/header>[vc_empty_space height=&#8221;20px&#8221;][vc_raw_js]JTNDc2NyaXB0JTIwY2hhcnNldCUzRCUyMnV0Zi04JTIyJTIwdHlwZSUzRCUyMnRleHQlMkZqYXZhc2NyaXB0JTIyJTIwc3JjJTNEJTIyJTJGJTJGanMuaHNmb3Jtcy5uZXQlMkZmb3JtcyUyRnNoZWxsLmpzJTIyJTNFJTNDJTJGc2NyaXB0JTNFJTBBJTNDc2NyaXB0JTNFJTBBJTIwJTIwaGJzcHQuZm9ybXMuY3JlYXRlJTI4JTdCJTBBJTA5cmVnaW9uJTNBJTIwJTIybmExJTIyJTJDJTBBJTA5cG9ydGFsSWQlM0ElMjAlMjI2ODU1Njc0JTIyJTJDJTBBJTA5Zm9ybUlkJTNBJTIwJTIyNDdjYmJlNDQtYzJlNC00ZWRkLThiY2MtNTJkMmJlYTQ2NTBlJTIyJTBBJTdEJTI5JTNCJTBBJTNDJTJGc2NyaXB0JTNF[\/vc_raw_js][\/vc_column][\/vc_row][vc_row css=&#8221;.vc_custom_1664213005881{padding-top: 50px !important;}&#8221; top_section_title=&#8221;&#8221; bottom_section_title=&#8221;&#8221;][vc_column][vc_row_inner][vc_column_inner width=&#8221;1\/2&#8243;][vc_column_text]<span style=\"font-weight: 400; color: #545454;\">Transfer fiyatland\u0131rmas\u0131, \u015firketlerin orta\u011f\u0131 veya sahibi oldu\u011fu yan kurulu\u015flar aras\u0131ndaki i\u015flemlerin fiyatland\u0131rmas\u0131na olanak tan\u0131yan bir muhasebe ve vergi stratejisidir. Transfer fiyatland\u0131rmas\u0131, hem uluslararas\u0131 hem de Amerika i\u00e7indeki i\u015flemler i\u00e7in ge\u00e7erlidir.<\/span>[\/vc_column_text][\/vc_column_inner][vc_column_inner width=&#8221;1\/2&#8243;][vc_column_text]<span style=\"font-weight: 400; color: #545454;\">IRS&#8217;ye g\u00f6re, \u015firketin finansal i\u015flemi \u00fc\u00e7\u00fcnc\u00fc bir taraf veya m\u00fc\u015fteri ile yap\u0131lm\u0131\u015f olsa bile, ger\u00e7ekle\u015ftirilen i\u015flemler i\u00e7in transfer fiyatland\u0131rmas\u0131 ayn\u0131 olmal\u0131d\u0131r. S\u0131k\u0131 kanunlar\u0131 vard\u0131r ve Internal Revenue Service taraf\u0131ndan detayl\u0131 kontrol edilir.<\/span>[\/vc_column_text][\/vc_column_inner][\/vc_row_inner][\/vc_column][\/vc_row][vc_row][vc_column width=&#8221;1\/4&#8243;]<div class=\"key-icon-box icon-default icon-top cont-center ib-no-effect\" style=\"background-color: transparent;\" ><i class=\"iconsmind-Master-Card iconsmind-Business-Finance\" style=\" \"><\/i> <h5 class=\"service-heading\" >Grup \u0130\u00e7i \u0130\u015flemlerin Kontrol\u00fc<\/h5><\/div>[\/vc_column][vc_column width=&#8221;1\/4&#8243;]<div class=\"key-icon-box icon-default icon-top cont-center ib-no-effect\" style=\"background-color: transparent;\" ><i class=\"iconsmind-File-Bookmark iconsmind-Files-Class\" style=\" \"><\/i> <h5 class=\"service-heading\" >Prosed\u00fcr ve Ko\u015fullar\u0131n \u0130ncelenmesi<\/h5><\/div>[\/vc_column][vc_column width=&#8221;1\/4&#8243;]<div class=\"key-icon-box icon-default icon-top cont-center ib-no-effect\" style=\"background-color: transparent;\" ><i class=\"iconsmind-Inbox-Forward iconsmind-Emails\" style=\" \"><\/i> <h5 class=\"service-heading\" >Yeni Y\u00f6ntemler Geli\u015ftirilmesi<\/h5><\/div>[\/vc_column][vc_column width=&#8221;1\/4&#8243;]<div class=\"key-icon-box icon-default icon-top cont-center ib-no-effect\" style=\"background-color: transparent;\" ><i class=\"iconsmind-Financial iconsmind-Business-Finance\" style=\" \"><\/i> <h5 class=\"service-heading\" >Transfer Fiyat\u0131n\u0131n Tespit Edilmesi<\/h5><\/div>[\/vc_column][\/vc_row][vc_row full_width=&#8221;stretch_row&#8221; kd_top_separator_style=&#8221;rounded-down&#8221; kd_top_separator_height=&#8221;separator-height-small&#8221; kd_bottom_separator_style=&#8221;rounded-down&#8221; kd_bottom_separator_height=&#8221;separator-height-small&#8221; kd_top_separator=&#8221;true&#8221; kd_bottom_separator=&#8221;true&#8221; css=&#8221;.vc_custom_1614618129223{padding-top: 30px !important;padding-bottom: 50px !important;background-color: #545454 !important;}&#8221; kd_bottom_separator_bg=&#8221;#545454&#8243;][vc_column][vc_row_inner css=&#8221;.vc_custom_1614618103298{padding-top: 50px !important;}&#8221;][vc_column_inner width=&#8221;1\/6&#8243; offset=&#8221;vc_col-lg-2 vc_hidden-xs&#8221;][\/vc_column_inner][vc_column_inner width=&#8221;2\/3&#8243; offset=&#8221;vc_col-lg-8&#8243;]<header class=\"kd-section-title col-lg-12 text-center  kd-animated fadeIn  \" data-animation-delay=200><h2 class=\"separator_off\" style=\"color: #ffffff;font-size: 37px !important;\">Gelece\u011finize Yat\u0131r\u0131m Yap\u0131n<\/h2><h6 class=\"subtitle \" style=\"color: #f3f3f3;\">\u015eimdi 404-900-1040'\u0131 arayarak ya da \u00fccretsiz dan\u0131\u015fmanl\u0131k alarak Manay CPA tecr\u00fcbesiyle \u00e7al\u0131\u015fmaya ba\u015flay\u0131n!<\/h6><\/header>[vc_empty_space height=&#8221;15px&#8221;][\/vc_column_inner][vc_column_inner width=&#8221;1\/6&#8243; offset=&#8221;vc_col-lg-2 vc_hidden-xs&#8221;][\/vc_column_inner][\/vc_row_inner]<a  href=\"https:\/\/www.manaycpa.com\/tr\/randevu-al\/\"  target=\"_blank\"  title=\"\u00dccretsiz Randevu Al\" class=\"tt_button tt_primary_button btn_primary_color  button-center button-action-link\" ><span class=\"prim_text\">\u00dccretsiz Randevu Al<\/span><\/a>[\/vc_column][\/vc_row][vc_row full_width=&#8221;stretch_row&#8221; kd_top_separator_style=&#8221;rounded-up&#8221; kd_top_separator_height=&#8221;separator-height-small&#8221; kd_bottom_separator_style=&#8221;rounded-up&#8221; kd_bottom_separator_height=&#8221;separator-height-small&#8221; kd_top_separator=&#8221;true&#8221; kd_bottom_separator=&#8221;true&#8221; css=&#8221;.vc_custom_1614617384661{padding-top: 50px !important;background-color: #f3f3f3 !important;}&#8221; kd_bottom_separator_bg=&#8221;#f3f3f3&#8243; kd_top_separator_bg=&#8221;#545454&#8243;][vc_column css=&#8221;.vc_custom_1516029502203{padding-right: 0px !important;padding-left: 0px !important;}&#8221;][vc_row_inner][vc_column_inner]<header class=\"kd-section-title vc_col-lg-6 vc_col-sm-8 text-center  kd-animated fadeIn   vc_custom_1630505402524\" data-animation-delay=200><h2 class=\"separator_off\" style=\"font-size: 37px !important;line-height: 44px !important;\">M\u00fc\u015fterilerimiz Ne D\u00fc\u015f\u00fcn\u00fcyor<\/h2><h6 class=\"subtitle \" >\u015eirketimizin ba\u015far\u0131s\u0131n\u0131n, dan\u0131\u015fanlar\u0131m\u0131z\u0131n ba\u015far\u0131l\u0131 olmas\u0131ndan ge\u00e7ti\u011fine inan\u0131yoruz. Sizin ve \u015firketinizin ihtiya\u00e7lar\u0131n\u0131 anl\u0131yoruz.<\/h6><\/header>[\/vc_column_inner][\/vc_row_inner][vc_row_inner css=&#8221;.vc_custom_1516030120585{padding-bottom: 80px !important;}&#8221;][vc_column_inner css=&#8221;.vc_custom_1516029494833{padding-right: 0px !important;padding-left: 0px !important;}&#8221;]\r\n                <div class=\"review-carousel rc-parent kd-rwc-69e135b8ac744 black-navigation nav-arrows-dots\">\r\n                    <div class=\"rc-content\">\r\n                <div class=\"key-reviews  \"  ><div class=\"rw-author-details\"><div class=\"rw_img_wrapper\">\r\n                            <div class=\"rw-authorimg\"><img decoding=\"async\" width=\"200\" height=\"200\" src=\"https:\/\/www.manaycpa.com\/wp-content\/uploads\/2021\/05\/1581374573307.jpg\" class=\"attachment-full\" alt=\"Manay CPA M\u00fc\u015fteri Yorumlar\u0131 Amerika&#039;da T\u00fcrk CPA\" title=\"Manay CPA M\u00fc\u015fteri Yorumlar\u0131 Amerika&#039;da T\u00fcrk CPA\" srcset=\"https:\/\/www.manaycpa.com\/wp-content\/uploads\/2021\/05\/1581374573307.jpg 200w, https:\/\/www.manaycpa.com\/wp-content\/uploads\/2021\/05\/1581374573307-150x150.jpg 150w\" sizes=\"(max-width: 200px) 100vw, 200px\" \/><\/div>\r\n                        <\/div><h5 >Celal Uslu<\/h5>\r\n                      <p >Uslu LLC, Owner<\/p>\r\n                    <\/div><div class=\"rw_message\" >Manay CPA, i\u015f d\u00fcnyas\u0131n\u0131n h\u0131zla de\u011fi\u015fti\u011fi bu d\u00f6nemde, stratejik i\u015f planlamas\u0131nda i\u015fletmeme paha bi\u00e7ilmez yard\u0131mlar sa\u011fl\u0131yor.<\/div><div class=\"rw_rating\">\r\n                         <span class=\"fa fa-star\" style=\"color: #ffc662;\"><\/span><span class=\"fa fa-star\" style=\"color: #ffc662;\"><\/span><span class=\"fa fa-star\" style=\"color: #ffc662;\"><\/span><span class=\"fa fa-star\" style=\"color: #ffc662;\"><\/span><span class=\"fa fa-star\" style=\"color: #ffc662;\"><\/span>\r\n                      <\/div><\/div>\r\n                <div class=\"key-reviews  \"  ><div class=\"rw-author-details\"><div class=\"rw_img_wrapper\">\r\n                            <div class=\"rw-authorimg\"><img decoding=\"async\" width=\"200\" height=\"200\" src=\"https:\/\/www.manaycpa.com\/wp-content\/uploads\/2021\/05\/pexels-chloe-kala-1043474-1.jpg\" class=\"attachment-full\" alt=\"Manay CPA M\u00fc\u015fteri Yorumlar\u0131 Amerika&#039;da T\u00fcrk CPA\" title=\"Manay CPA M\u00fc\u015fteri Yorumlar\u0131 Amerika&#039;da T\u00fcrk CPA\" srcset=\"https:\/\/www.manaycpa.com\/wp-content\/uploads\/2021\/05\/pexels-chloe-kala-1043474-1.jpg 200w, https:\/\/www.manaycpa.com\/wp-content\/uploads\/2021\/05\/pexels-chloe-kala-1043474-1-150x150.jpg 150w\" sizes=\"(max-width: 200px) 100vw, 200px\" \/><\/div>\r\n                        <\/div><h5 >Musa Filazioglu<\/h5>\r\n                      <p >Contractor<\/p>\r\n                    <\/div><div class=\"rw_message\" >\u015eirketim hen\u00fcz tam olarak kurulmadan \u00f6nce Manay CPA, PPP'nin C Program\u0131yla sat\u0131n al\u0131ma f\u0131rsat\u0131ndan yararlanabilece\u011fimi s\u00f6yledi. \u015eimdi ikinci PPP uygulamas\u0131n\u0131n yap\u0131yorum. Te\u015fekk\u00fcrler Manay CPA.<\/div><div class=\"rw_rating\">\r\n                         <span class=\"fa fa-star\" style=\"color: #ffc662;\"><\/span><span class=\"fa fa-star\" style=\"color: #ffc662;\"><\/span><span class=\"fa fa-star\" style=\"color: #ffc662;\"><\/span><span class=\"fa fa-star\" style=\"color: #ffc662;\"><\/span><span class=\"fa fa-star\" style=\"color: #ffc662;\"><\/span>\r\n                      <\/div><\/div>\r\n                <div class=\"key-reviews  \"  ><div class=\"rw-author-details\"><div class=\"rw_img_wrapper\">\r\n                            <div class=\"rw-authorimg\"><img decoding=\"async\" width=\"200\" height=\"200\" src=\"https:\/\/www.manaycpa.com\/wp-content\/uploads\/2021\/05\/pexels-polina-zimmerman-3746939.jpg\" class=\"attachment-full\" alt=\"Manay CPA M\u00fc\u015fteri Yorumlar\u0131 Amerika&#039;da T\u00fcrk CPA\" title=\"Manay CPA M\u00fc\u015fteri Yorumlar\u0131 Amerika&#039;da T\u00fcrk CPA\" srcset=\"https:\/\/www.manaycpa.com\/wp-content\/uploads\/2021\/05\/pexels-polina-zimmerman-3746939.jpg 200w, https:\/\/www.manaycpa.com\/wp-content\/uploads\/2021\/05\/pexels-polina-zimmerman-3746939-150x150.jpg 150w\" sizes=\"(max-width: 200px) 100vw, 200px\" \/><\/div>\r\n                        <\/div><h5 >Nevin Y\u0131lmaz<\/h5>\r\n                      <p ><\/p>\r\n                    <\/div><div class=\"rw_message\" >T\u00fcrkiyede ya\u015fay\u0131p Amerika'daki \u015firketleri i\u00e7in muhasebe destegi arayanlara g\u00fcvenle \u00f6neririm. \u00c7ok yard\u0131mc\u0131lar ve olduk\u00e7a h\u0131zl\u0131lar. \u00d6zellikle Bur\u00e7in Han\u0131ma ayr\u0131ca te\u015fekk\u00fcrlerimi sunar\u0131m.<\/div><div class=\"rw_rating\">\r\n                         <span class=\"fa fa-star\" style=\"color: #ffc662;\"><\/span><span class=\"fa fa-star\" style=\"color: #ffc662;\"><\/span><span class=\"fa fa-star\" style=\"color: #ffc662;\"><\/span><span class=\"fa fa-star\" style=\"color: #ffc662;\"><\/span><span class=\"fa fa-star\" style=\"color: #ffc662;\"><\/span>\r\n                      <\/div><\/div>\r\n                <div class=\"key-reviews  \"  ><div class=\"rw-author-details\"><div class=\"rw_img_wrapper\">\r\n                            <div class=\"rw-authorimg\"><img decoding=\"async\" width=\"200\" height=\"200\" src=\"https:\/\/www.manaycpa.com\/wp-content\/uploads\/2021\/05\/pexels-andrea-piacquadio-3777564-1.jpg\" class=\"attachment-full\" alt=\"Manay CPA M\u00fc\u015fteri Yorumlar\u0131 Amerika&#039;da T\u00fcrk CPA\" title=\"Manay CPA M\u00fc\u015fteri Yorumlar\u0131 Amerika&#039;da T\u00fcrk CPA\" srcset=\"https:\/\/www.manaycpa.com\/wp-content\/uploads\/2021\/05\/pexels-andrea-piacquadio-3777564-1.jpg 200w, https:\/\/www.manaycpa.com\/wp-content\/uploads\/2021\/05\/pexels-andrea-piacquadio-3777564-1-150x150.jpg 150w\" sizes=\"(max-width: 200px) 100vw, 200px\" \/><\/div>\r\n                        <\/div><h5 >Hikmet Vahdi \u00d6zdemir<\/h5>\r\n                      <p ><\/p>\r\n                    <\/div><div class=\"rw_message\" >T\u00fcrkiyeden Amerikadaki \u015firketiniz i\u00e7in muhasebe deste\u011fi almak isteyen arkada\u015flar , g\u00f6n\u00fcl rahatl\u0131\u011f\u0131yla g\u00fcvenebilirsiniz. Kendi \u015firketleri gibi sahip \u00e7\u0131k\u0131yorlar ve \u00e7ok ilgililer.<\/div><div class=\"rw_rating\">\r\n                         <span class=\"fa fa-star\" style=\"color: #ffc662;\"><\/span><span class=\"fa fa-star\" style=\"color: #ffc662;\"><\/span><span class=\"fa fa-star\" style=\"color: #ffc662;\"><\/span><span class=\"fa fa-star\" style=\"color: #ffc662;\"><\/span><span class=\"fa fa-star\" style=\"color: #ffc662;\"><\/span>\r\n                      <\/div><\/div>\r\n                <div class=\"key-reviews  \"  ><div class=\"rw-author-details\"><div class=\"rw_img_wrapper\">\r\n                            <div class=\"rw-authorimg\"><img decoding=\"async\" width=\"200\" height=\"200\" src=\"https:\/\/www.manaycpa.com\/wp-content\/uploads\/2021\/05\/pexels-pixabay-532220-1.jpg\" class=\"attachment-full\" alt=\"Manay CPA M\u00fc\u015fteri Yorumlar\u0131 Amerika&#039;da T\u00fcrk CPA\" title=\"Manay CPA M\u00fc\u015fteri Yorumlar\u0131 Amerika&#039;da T\u00fcrk CPA\" srcset=\"https:\/\/www.manaycpa.com\/wp-content\/uploads\/2021\/05\/pexels-pixabay-532220-1.jpg 200w, https:\/\/www.manaycpa.com\/wp-content\/uploads\/2021\/05\/pexels-pixabay-532220-1-150x150.jpg 150w\" sizes=\"(max-width: 200px) 100vw, 200px\" \/><\/div>\r\n                        <\/div><h5 >Fahrettin G\u00fcnerli<\/h5>\r\n                      <p ><\/p>\r\n                    <\/div><div class=\"rw_message\" >USA'ya ta\u015f\u0131nd\u0131\u011f\u0131m\u0131zdan itibaren vergi i\u015flemlerinde desteklerini ald\u0131\u011f\u0131m\u0131z MANAY CPA INC'e ; s\u0131cakkanl\u0131, \u00e7\u00f6z\u00fcm odakl\u0131 ve de tecr\u00fcbeli personeline \u00e7ok te\u015fekk\u00fcr ederiz. Ba\u015far\u0131lar\u0131n\u0131z\u0131n devam\u0131n\u0131 dileriz.<\/div><div class=\"rw_rating\">\r\n                         <span class=\"fa fa-star\" style=\"color: #ffc662;\"><\/span><span class=\"fa fa-star\" style=\"color: #ffc662;\"><\/span><span class=\"fa fa-star\" style=\"color: #ffc662;\"><\/span><span class=\"fa fa-star\" style=\"color: #ffc662;\"><\/span><span class=\"fa fa-star\" style=\"color: #ffc662;\"><\/span>\r\n                      <\/div><\/div><\/div>\r\n                <\/div><script type=\"text\/javascript\">\r\n          \t\t\t\tjQuery(document).ready(function($){\r\n                    if ($(\".review-carousel.kd-rwc-69e135b8ac744 .rc-content\").length) {\r\n                      $(\".review-carousel.kd-rwc-69e135b8ac744 .rc-content\").owlCarousel({\r\n                        stageClass: \"owl-wrapper\",\r\n                        stageOuterClass: \"owl-wrapper-outer\",\r\n                        loadedClass: \"owl-carousel\",\r\n                        responsive:{\r\n                            0:{\r\n                                items:1,\r\n                                dots: false,\r\n                                nav: true,\r\n                                navSpeed: 500,\r\n                            },\r\n                            768:{\r\n                                items:2,\r\n                            },\r\n                            1024:{\r\n                                items:3,\r\n                            },\r\n                            1366:{\nnav: true,\r\n                                  navSpeed: 500,\r\n                                  dots: true,\r\n                                  dotsSpeed: 500,\r\n                                  dotsEach: true,}\r\n                        },loop: true,rewind: true,\r\n                        addClassActive: true,\r\n                      });\r\n                    }\r\n          \t\t\t\t});\r\n          \t\t\t<\/script>[\/vc_column_inner][\/vc_row_inner][\/vc_column][\/vc_row]<\/p>\n<\/div>","protected":false},"excerpt":{"rendered":"<p>[vc_row full_width=&#8221;stretch_row&#8221; css=&#8221;.vc_custom_1629146421870{margin-right: 15px !important;padding-top: 200px !important;padding-bottom: 50px !important;background-image: url(https:\/\/www.manaycpa.com\/wp-content\/uploads\/2021\/02\/Frame-55-2.jpg?id=12357) !important;}&#8221;][vc_column width=&#8221;1\/2&#8243; offset=&#8221;vc_col-lg-6 vc_col-md-12&#8243;][vc_empty_space height=&#8221;10px&#8221;][vc_empty_space height=&#8221;50px&#8221;][vc_empty_space height=&#8221;10px&#8221;][vc_column_text]Internal Revenue Service&#8217;e g\u00f6re, \u015firketinizin Amerika ve farkl\u0131 \u00fclkeler aras\u0131 i\u015flemlerinde transfer fiyatland\u0131rmas\u0131, i\u015flemin [&hellip;]<\/p>\n","protected":false},"author":7,"featured_media":11784,"parent":0,"menu_order":0,"comment_status":"closed","ping_status":"closed","template":"","meta":{"footnotes":""},"class_list":["post-12792","page","type-page","status-publish","has-post-thumbnail","hentry"],"_links":{"self":[{"href":"https:\/\/www.manaycpa.com\/tr\/wp-json\/wp\/v2\/pages\/12792","targetHints":{"allow":["GET"]}}],"collection":[{"href":"https:\/\/www.manaycpa.com\/tr\/wp-json\/wp\/v2\/pages"}],"about":[{"href":"https:\/\/www.manaycpa.com\/tr\/wp-json\/wp\/v2\/types\/page"}],"author":[{"embeddable":true,"href":"https:\/\/www.manaycpa.com\/tr\/wp-json\/wp\/v2\/users\/7"}],"replies":[{"embeddable":true,"href":"https:\/\/www.manaycpa.com\/tr\/wp-json\/wp\/v2\/comments?post=12792"}],"version-history":[{"count":0,"href":"https:\/\/www.manaycpa.com\/tr\/wp-json\/wp\/v2\/pages\/12792\/revisions"}],"wp:featuredmedia":[{"embeddable":true,"href":"https:\/\/www.manaycpa.com\/tr\/wp-json\/wp\/v2\/media\/11784"}],"wp:attachment":[{"href":"https:\/\/www.manaycpa.com\/tr\/wp-json\/wp\/v2\/media?parent=12792"}],"curies":[{"name":"wp","href":"https:\/\/api.w.org\/{rel}","templated":true}]}}