{"id":12833,"date":"2021-08-19T16:33:27","date_gmt":"2021-08-19T16:33:27","guid":{"rendered":"https:\/\/www.manaycpa.com\/?page_id=12833"},"modified":"2023-02-11T22:37:09","modified_gmt":"2023-02-11T22:37:09","slug":"amazon-amerikada-satis-yap","status":"publish","type":"page","link":"https:\/\/www.manaycpa.com\/tr\/amazon-amerikada-satis-yap\/","title":{"rendered":"Amazon Amerika&#8217;da Sat\u0131\u015f Yap"},"content":{"rendered":"<div class=\"wpb-content-wrapper\"><p>[vc_row full_width=&#8221;stretch_row&#8221; css=&#8221;.vc_custom_1631682403733{margin-right: 15px !important;padding-top: 200px !important;padding-bottom: 70px !important;background-image: url(https:\/\/www.manaycpa.com\/wp-content\/uploads\/2021\/02\/intro-section1personal.jpg?id=8162) !important;}&#8221; el_class=&#8221;tblath700&#8243;][vc_column width=&#8221;1\/2&#8243; offset=&#8221;vc_col-lg-6 vc_col-md-12&#8243; el_class=&#8221;okan_test&#8221;][vc_empty_space height=&#8221;10px&#8221;][vc_empty_space height=&#8221;50px&#8221;]<header class=\"kd-section-title col-lg-12 text-left  kd-animated fadeIn  \" data-animation-delay=200><h1 class=\"separator_off\" style=\"color: #ffffff;font-size: 20px !important;\">Amazon E-Ticaret \u0130\u00e7in \u015eirket Kurulumu<\/h1><\/header><header class=\"kd-section-title col-lg-12 text-left    \" ><h2 class=\"separator_off\" style=\"color: #ffffff;font-size: 40px !important;line-height: 50px !important;\">Amazon Amerika\u2019da Sat\u0131\u015f Yapmak \u0130\u00e7in A\u2019dan Z\u2019ye Dan\u0131\u015fmanl\u0131k<\/h2><\/header>[vc_empty_space height=&#8221;10px&#8221;][vc_column_text]<span style=\"font-weight: 400; color: #ffffff;\">Amazon Amerika pazar\u0131nda yerinizi al\u0131rken yap\u0131lan en s\u0131k hatalara d\u00fc\u015fmeyin. G\u00fcvenilir i\u015f orta\u011f\u0131n\u0131z olarak size destek olmak i\u00e7in buraday\u0131z!<\/span>[\/vc_column_text][vc_empty_space height=&#8221;50px&#8221;][\/vc_column][vc_column width=&#8221;1\/12&#8243; offset=&#8221;vc_col-lg-1&#8243;][\/vc_column][vc_column width=&#8221;1\/12&#8243; css=&#8221;.vc_custom_1634842542029{padding-top: 50px !important;padding-right: 50px !important;padding-bottom: 23px !important;padding-left: 50px !important;background-color: #ffffff !important;border-radius: 5px !important;}&#8221; offset=&#8221;vc_col-lg-5 vc_col-md-12&#8243; el_class=&#8221;with-shadow&#8221; el_id=&#8221;contact-form-box&#8221;]<header class=\"kd-section-title col-lg-12 text-center  kd-animated fadeIn  \" data-animation-delay=200><h2 class=\"separator_off\" style=\"font-size: 19px !important;\">\u00dccretsiz Dan\u0131\u015fmanl\u0131k Almak \u0130\u00e7in Formu Doldurun<\/h2><\/header>[vc_empty_space height=&#8221;20px&#8221;][vc_raw_js]JTNDc2NyaXB0JTIwY2hhcnNldCUzRCUyMnV0Zi04JTIyJTIwdHlwZSUzRCUyMnRleHQlMkZqYXZhc2NyaXB0JTIyJTIwc3JjJTNEJTIyJTJGJTJGanMuaHNmb3Jtcy5uZXQlMkZmb3JtcyUyRnNoZWxsLmpzJTIyJTNFJTNDJTJGc2NyaXB0JTNFJTBBJTNDc2NyaXB0JTNFJTBBJTIwJTIwaGJzcHQuZm9ybXMuY3JlYXRlJTI4JTdCJTBBJTA5cmVnaW9uJTNBJTIwJTIybmExJTIyJTJDJTBBJTA5cG9ydGFsSWQlM0ElMjAlMjI2ODU1Njc0JTIyJTJDJTBBJTA5Zm9ybUlkJTNBJTIwJTIyNDdjYmJlNDQtYzJlNC00ZWRkLThiY2MtNTJkMmJlYTQ2NTBlJTIyJTBBJTdEJTI5JTNCJTBBJTNDJTJGc2NyaXB0JTNF[\/vc_raw_js][\/vc_column][\/vc_row][vc_row full_width=&#8221;stretch_row&#8221; css=&#8221;.vc_custom_1539011586550{padding-top: 100px !important;}&#8221;][vc_column css=&#8221;.vc_custom_1515766787287{padding-right: 0px !important;padding-left: 0px !important;}&#8221;][vc_row_inner css=&#8221;.vc_custom_1539014020306{padding-top: 0px !important;padding-bottom: 70px !important;}&#8221;][vc_column_inner]\r\n            <div class=\"kd-process-steps process_four_elem process-checkbox-template \">\r\n                <ul>\r\n                <li class=\"pss-item kd-animated fadeIn \"  >\r\n                    <div class=\"pss-container\"><div class=\"pss-step-number\"><span >1<\/span><\/div><div class=\"pss-text-area\">\r\n                            <h5 >\u00d6n Kay\u0131t Olu\u015fturun<\/h5>\r\n                            <p >\u00d6n kay\u0131t formunu doldurarak 15 dakika \u00fccretsiz dan\u0131\u015fmanl\u0131k talebinde bulunun.<\/p><\/div>\r\n                    <\/div>\r\n                <\/li>\r\n                <li class=\"pss-item kd-animated fadeIn \"  data-animation-delay=200>\r\n                    <div class=\"pss-container\"><div class=\"pss-step-number\"><span >2<\/span><\/div><div class=\"pss-text-area\">\r\n                            <h5 >Size \u00d6zel Teklifinizi Al\u0131n<\/h5>\r\n                            <p >Teklifinizi inceledikten sonra \u015firket kurulu\u015funuz i\u00e7in gereken bilgileri iletin.<\/p><\/div>\r\n                    <\/div>\r\n                <\/li>\r\n                <li class=\"pss-item kd-animated fadeIn \"  data-animation-delay=400>\r\n                    <div class=\"pss-container\"><div class=\"pss-step-number\"><span >3<\/span><\/div><div class=\"pss-text-area\">\r\n                            <h5 >D\u00f6k\u00fcmanlar\u0131n\u0131z\u0131 \u0130mzalay\u0131n<\/h5>\r\n                            <p >Belirtmi\u015f oldu\u011funuz bilgiler \u0131\u015f\u0131\u011f\u0131nda haz\u0131rlanan kurulu\u015f evra\u011f\u0131n\u0131z\u0131 kontrol edip, imzalay\u0131n.<\/p><\/div>\r\n                    <\/div>\r\n                <\/li>\r\n                <li class=\"pss-item kd-animated fadeIn \"  data-animation-delay=600>\r\n                    <div class=\"pss-container\"><div class=\"pss-step-number\"><span >4<\/span><\/div><div class=\"pss-text-area\">\r\n                            <h5 >Tebrikler! \u015eirketiniz Haz\u0131r<\/h5>\r\n                            <p >D\u00fcnyan\u0131n her yerinden online olarak Amerika\u2019daki \u015firketinizin muhasebesini y\u00f6netmeye ba\u015flayabilirsiniz.<\/p><\/div>\r\n                    <\/div>\r\n                <\/li><\/ul>\r\n            <\/div>[\/vc_column_inner][\/vc_row_inner][\/vc_column][\/vc_row][vc_row full_width=&#8221;stretch_row&#8221; css=&#8221;.vc_custom_1629393533086{padding-top: 50px !important;padding-bottom: 70px !important;background-color: #f3f3f3 !important;}&#8221;][vc_column][vc_row_inner css=&#8221;.vc_custom_1629392769630{padding-top: 20px !important;padding-bottom: 40px !important;}&#8221;][vc_column_inner css=&#8221;.vc_custom_1629393480026{padding-bottom: 15px !important;}&#8221;]<header class=\"kd-section-title col-lg-12 text-center    \" ><h2 class=\"separator_off\" style=\"font-size: 37px !important;\">Amerika Pazar\u0131nda Hizmet<br \/>\nVerdi\u011fimiz Baz\u0131 M\u00fc\u015fterilerimiz<\/h2><\/header>[\/vc_column_inner][\/vc_row_inner][vc_row_inner css=&#8221;.vc_custom_1631167581162{padding-bottom: 20px !important;}&#8221; el_class=&#8221;mobtxtcenter&#8221;][vc_column_inner width=&#8221;1\/5&#8243;][vc_single_image image=&#8221;11486&#8243;][\/vc_column_inner][vc_column_inner width=&#8221;1\/5&#8243;][vc_single_image image=&#8221;49039&#8243;][\/vc_column_inner][vc_column_inner width=&#8221;1\/5&#8243;][vc_single_image image=&#8221;9514&#8243;][\/vc_column_inner][vc_column_inner width=&#8221;1\/5&#8243;][vc_single_image image=&#8221;11484&#8243;][\/vc_column_inner][vc_column_inner width=&#8221;1\/5&#8243;][vc_single_image image=&#8221;12837&#8243;][\/vc_column_inner][\/vc_row_inner][vc_row_inner css=&#8221;.vc_custom_1631167587512{padding-bottom: 30px !important;}&#8221; el_class=&#8221;mobtxtcenter&#8221;][vc_column_inner width=&#8221;1\/4&#8243;][vc_single_image image=&#8221;9503&#8243;][\/vc_column_inner][vc_column_inner width=&#8221;1\/4&#8243;][vc_single_image image=&#8221;9495&#8243;][\/vc_column_inner][vc_column_inner width=&#8221;1\/4&#8243;][vc_single_image image=&#8221;11482&#8243;][\/vc_column_inner][vc_column_inner width=&#8221;1\/4&#8243;][vc_single_image image=&#8221;9501&#8243;][\/vc_column_inner][\/vc_row_inner][vc_row_inner css=&#8221;.vc_custom_1631167587512{padding-bottom: 30px !important;}&#8221; el_class=&#8221;mobtxtcenter&#8221;][vc_column_inner width=&#8221;1\/5&#8243;][\/vc_column_inner][vc_column_inner width=&#8221;1\/5&#8243;][vc_single_image image=&#8221;9509&#8243;][\/vc_column_inner][vc_column_inner width=&#8221;1\/5&#8243;][vc_single_image image=&#8221;49026&#8243;][\/vc_column_inner][vc_column_inner width=&#8221;1\/5&#8243;][vc_single_image image=&#8221;49029&#8243;][\/vc_column_inner][vc_column_inner width=&#8221;1\/5&#8243;][\/vc_column_inner][\/vc_row_inner][\/vc_column][\/vc_row][vc_row full_width=&#8221;stretch_row&#8221;][vc_column][vc_row_inner css=&#8221;.vc_custom_1511348417220{padding-top: 100px !important;padding-bottom: 100px !important;}&#8221;][vc_column_inner css=&#8221;.vc_custom_1541419137341{padding-top: 50px !important;padding-right: 50px !important;padding-left: 50px !important;}&#8221; offset=&#8221;vc_col-lg-offset-0 vc_col-lg-6 vc_col-md-offset-1 vc_col-sm-offset-1&#8243;]<header class=\"kd-section-title col-lg-12 text-left  kd-animated fadeIn  \" data-animation-delay=200><h2 class=\"separator_off\" style=\"font-size: 35px !important;\">Amazon'da Sat\u0131\u015f Yolculu\u011funuzu Riske Atmay\u0131n<\/h2><\/header>[vc_empty_space height=&#8221;30px&#8221;][vc_column_text]<span style=\"font-weight: 400; font-family: Montserrat; font-size: 18px;\">\u015eirket kurulu\u015funuzun, banka hesaplar\u0131n\u0131z\u0131n, dok\u00fcmanlar\u0131n\u0131z\u0131n ve beyannamelerinizin takibini tek bir platformdan online olarak yap\u0131n.<br \/>\n<\/span>[\/vc_column_text][vc_empty_space height=&#8221;30px&#8221;]<a  href=\"#contact-form-box\" class=\"tt_button tt_secondary_button btn_primary_color  pull-left button-scroll-to-section  kd-animated zoomIn btn-smooth-scroll\" data-animation-delay=200><span class=\"prim_text\">H\u0131zl\u0131 Randevu Al<\/span><\/a>[\/vc_column_inner][vc_column_inner css=&#8221;.vc_custom_1629386405856{padding-right: 45px !important;padding-left: 0px !important;}&#8221; offset=&#8221;vc_col-lg-6&#8243;]<div class=\"video-container play-button-center\" ><img decoding=\"async\" width=\"753\" height=\"465\" src=\"https:\/\/www.manaycpa.com\/wp-content\/uploads\/2021\/08\/Screenshot-2021-08-19-183010-1.png\" class=\"attachment-full\" alt=\"\" title=\"Screenshot 2021-08-19 183010\" srcset=\"https:\/\/www.manaycpa.com\/wp-content\/uploads\/2021\/08\/Screenshot-2021-08-19-183010-1.png 753w, https:\/\/www.manaycpa.com\/wp-content\/uploads\/2021\/08\/Screenshot-2021-08-19-183010-1-300x185.png 300w\" sizes=\"(max-width: 753px) 100vw, 753px\" \/><a data-toggle=\"modal\" data-target=\"#video-modal-kd-video-modal-69f768b487676\" data-src=\"https:\/\/www.youtube.com\/embed\/kD8ImqYlb5I\" data-backdrop=\"true\" class=\"\"><span class=\"play-video\"><span class=\"fas fa-play\"><\/span><\/span><\/a><\/div><div class=\"modal fade video-modal\" id=\"video-modal-kd-video-modal-69f768b487676\" role=\"dialog\">\n                            <div class=\"modal-content\">\n                            <button type=\"button\" class=\"close\" data-dismiss=\"modal\">\u00d7<\/button>\n                            <div class=\"row\"><iframe width=\"1024\" height=\"576\" allow=\"accelerometer; autoplay; encrypted-media; gyroscope; picture-in-picture\" allowfullscreen><\/iframe><\/div>\n                            <\/div>\n                        <\/div>[\/vc_column_inner][\/vc_row_inner][\/vc_column][\/vc_row][vc_row full_width=&#8221;stretch_row&#8221;][vc_column][vc_row_inner css=&#8221;.vc_custom_1629386397373{padding-top: 40px !important;padding-bottom: 100px !important;}&#8221;][vc_column_inner css=&#8221;.vc_custom_1541419127566{padding-right: 45px !important;padding-left: 0px !important;}&#8221; offset=&#8221;vc_col-lg-6&#8243;][vc_single_image image=&#8221;12842&#8243; img_size=&#8221;400&#215;400&#8243; alignment=&#8221;center&#8221;][\/vc_column_inner][vc_column_inner css=&#8221;.vc_custom_1629386555768{padding-top: 50px !important;padding-right: 50px !important;padding-left: 50px !important;}&#8221; offset=&#8221;vc_col-lg-offset-0 vc_col-lg-6 vc_col-md-offset-1 vc_col-sm-offset-1&#8243;]<header class=\"kd-section-title col-lg-12 text-left  kd-animated fadeIn   vc_custom_1629392370614\" data-animation-delay=200><h2 class=\"separator_off\" style=\"font-size: 35px !important;\">T\u00fcm dosya ve i\u015flemlerinizi tek ekranda g\u00f6r\u00fcnt\u00fcleyin.<\/h2><\/header>[vc_empty_space height=&#8221;30px&#8221;][vc_column_text]<\/p>\n<ul>\n<li><span style=\"font-weight: 400; font-family: Montserrat; font-size: 20px;\">Client Portal<\/span><\/li>\n<li><span style=\"font-weight: 400; font-family: Montserrat; font-size: 20px;\">G\u00fcvenli Dosyalama<\/span><\/li>\n<li><span style=\"font-weight: 400; font-family: Montserrat; font-size: 20px;\">E-imza<\/span><\/li>\n<\/ul>\n<p>[\/vc_column_text][vc_empty_space height=&#8221;30px&#8221;]<a  href=\"#contact-form-box\" class=\"tt_button tt_secondary_button btn_primary_color  pull-left button-scroll-to-section  kd-animated zoomIn btn-smooth-scroll\" data-animation-delay=200><span class=\"prim_text\">H\u0131zl\u0131 Randevu Al<\/span><\/a>[\/vc_column_inner][\/vc_row_inner][\/vc_column][\/vc_row][vc_row full_width=&#8221;stretch_row&#8221; css=&#8221;.vc_custom_1629394969664{padding-top: 50px !important;padding-bottom: 30px !important;background-color: #f3f3f3 !important;}&#8221;][vc_column]<header class=\"kd-section-title col-lg-12 text-center  kd-animated fadeIn   vc_custom_1629394781472\" data-animation-delay=200><h2 class=\"separator_off\" style=\"color: #343434;font-size: 35px !important;\">Hizmetlerimiz<\/h2><h6 class=\"subtitle \" style=\"color: #545454;\">\u0130htiyac\u0131n\u0131za g\u00f6re Manay CPA Hizmetleri<\/h6><\/header>[vc_row_inner css=&#8221;.vc_custom_1629392741459{padding-bottom: 30px !important;}&#8221;][vc_column_inner width=&#8221;1\/3&#8243;]<div class=\"key-icon-box icon-default icon-top cont-center ib-no-effect\" style=\"background-color: transparent;\" ><i class=\"iconsmind-Office iconsmind-Buildings-Landmarks\" style=\" \"><\/i> <h5 class=\"service-heading\" >Y\u0131ll\u0131k \u015eirket Adresi<\/h5><p >Amerika\u2019da fiziki ofisiniz olmadan, sanal ofisinizi \u015firket adresiniz olarak g\u00f6sterin<\/p><\/div>[\/vc_column_inner][vc_column_inner width=&#8221;1\/3&#8243;]<div class=\"key-icon-box icon-default icon-top cont-center ib-no-effect\" style=\"background-color: transparent;\" ><i class=\"iconsmind-Receipt-3 iconsmind-Shopping-E-commerce\" style=\" \"><\/i> <h5 class=\"service-heading\" >EIN Numaras\u0131<\/h5><p >Amerikan vergi kimlik numaran\u0131zla (EIN) vergi beyan\u0131n\u0131z\u0131 ve raporlaman\u0131z\u0131 yap\u0131n.<\/p><\/div>[\/vc_column_inner][vc_column_inner width=&#8221;1\/3&#8243;]<div class=\"key-icon-box icon-default icon-top cont-center ib-no-effect\" style=\"background-color: transparent;\" ><i class=\"iconsmind-Address-Book iconsmind-Communications-Network\" style=\" \"><\/i> <h5 class=\"service-heading\" >ITIN Numaras\u0131<\/h5><p >Amerika devletine vergi \u00f6deyen her \u015firket i\u00e7in zorunlu olan ITIN numaras\u0131n\u0131 edinin.<\/p><\/div>[\/vc_column_inner][\/vc_row_inner][vc_row_inner][vc_column_inner width=&#8221;1\/3&#8243;]<div class=\"key-icon-box icon-default icon-top cont-center ib-no-effect\" style=\"background-color: transparent;\" ><i class=\"iconsmind-Bank iconsmind-Buildings-Landmarks\" style=\" \"><\/i> <h5 class=\"service-heading\" >Online Banka Hesap A\u00e7\u0131l\u0131\u015f\u0131<\/h5><p >Ba\u015fvuruda bulunman\u0131z halinde Amerika'da online banka hesab\u0131n\u0131z a\u00e7\u0131l\u0131r.<\/p><\/div>[\/vc_column_inner][vc_column_inner width=&#8221;1\/3&#8243;]<div class=\"key-icon-box icon-default icon-top cont-center ib-no-effect\" style=\"background-color: transparent;\" ><i class=\"iconsmind-Security-Check iconsmind-Security\" style=\" \"><\/i> <h5 class=\"service-heading\" >Yasal Temsilcilik<\/h5><p >Bir 'Yasal Temsilciye' sahip olmak \u015firket kurma a\u015famas\u0131nda zorunlu bir ad\u0131md\u0131r.<\/p><\/div>[\/vc_column_inner][vc_column_inner width=&#8221;1\/3&#8243;]<div class=\"key-icon-box icon-default icon-top cont-center ib-no-effect\" style=\"background-color: transparent;\" ><i class=\"iconsmind-Dollar-Sign iconsmind-Business-Finance\" style=\" \"><\/i> <h5 class=\"service-heading\" >Vergi Beyan\u0131<\/h5><p >Amerika'da kurulu \u015firketiniz i\u00e7in vergi beyan\u0131 ve iade hizmeti.<\/p><\/div>[\/vc_column_inner][\/vc_row_inner][\/vc_column][\/vc_row][vc_row full_width=&#8221;stretch_row&#8221; kd_top_separator_style=&#8221;rounded-down&#8221; kd_top_separator_height=&#8221;separator-height-small&#8221; kd_bottom_separator_style=&#8221;rounded-down&#8221; kd_bottom_separator_height=&#8221;separator-height-small&#8221; kd_top_separator=&#8221;true&#8221; kd_bottom_separator=&#8221;true&#8221; css=&#8221;.vc_custom_1629393590308{padding-top: 30px !important;padding-bottom: 50px !important;background-color: #545454 !important;}&#8221; kd_bottom_separator_bg=&#8221;#545454&#8243; kd_top_separator_bg=&#8221;#f3f3f3&#8243;][vc_column][vc_row_inner css=&#8221;.vc_custom_1617472967235{padding-top: 50px !important;}&#8221;][vc_column_inner width=&#8221;1\/6&#8243; offset=&#8221;vc_col-lg-2 vc_hidden-xs&#8221;][\/vc_column_inner][vc_column_inner width=&#8221;2\/3&#8243; offset=&#8221;vc_col-lg-8&#8243;]<header class=\"kd-section-title col-lg-12 text-center  kd-animated fadeIn  \" data-animation-delay=200><h2 class=\"separator_off\" style=\"color: #ffffff;font-size: 35px !important;\">Amazon Depolama ve Fulfillment Servisleri<\/h2><h6 class=\"subtitle \" style=\"color: #f3f3f3;\">\u0130\u015f d\u00fcnyas\u0131ndaki 20 y\u0131l\u0131 a\u015fk\u0131n deneyimimiz ile binlerce \u015firkete de\u011fer katt\u0131k, \u015fimdi s\u0131ra sizde! Amazon\u2019da sat\u0131\u015f yolculu\u011funuzda destek olmak i\u00e7in haz\u0131r\u0131z!<\/h6><\/header>[vc_empty_space height=&#8221;15px&#8221;][\/vc_column_inner][vc_column_inner width=&#8221;1\/6&#8243; offset=&#8221;vc_col-lg-2 vc_hidden-xs&#8221;][\/vc_column_inner][\/vc_row_inner]<a  href=\"https:\/\/www.manaycpa.com\/tr\/hizmetlerimiz\/amazon-fulfillment\/\"  target=\"_blank\"  title=\"Book An Appointment\" class=\"tt_button tt_primary_button btn_primary_color  button-center button-action-link\" ><span class=\"prim_text\">Bilgi Al<\/span><\/a>[\/vc_column][\/vc_row][vc_row full_width=&#8221;stretch_row&#8221; css=&#8221;.vc_custom_1676154117315{padding-top: 50px !important;}&#8221;][vc_column css=&#8221;.vc_custom_1516029502203{padding-right: 0px !important;padding-left: 0px !important;}&#8221;][vc_row_inner][vc_column_inner]<header class=\"kd-section-title vc_col-lg-6 vc_col-sm-8 text-center  kd-animated fadeIn   vc_custom_1630504193502\" data-animation-delay=200><h2 class=\"separator_off\" style=\"font-size: 37px !important;line-height: 44px !important;\">M\u00fc\u015fterilerimiz Ne D\u00fc\u015f\u00fcn\u00fcyor<\/h2><h6 class=\"subtitle \" >\u015eirketimizin ba\u015far\u0131s\u0131n\u0131n, dan\u0131\u015fanlar\u0131m\u0131z\u0131n ba\u015far\u0131l\u0131 olmas\u0131ndan ge\u00e7ti\u011fine inan\u0131yoruz. Sizin ve \u015firketinizin ihtiya\u00e7lar\u0131n\u0131 anl\u0131yoruz.<\/h6><\/header>[\/vc_column_inner][\/vc_row_inner][vc_row_inner css=&#8221;.vc_custom_1676153671949{padding-bottom: 50px !important;}&#8221;][vc_column_inner css=&#8221;.vc_custom_1516029043443{padding-right: 0px !important;padding-left: 0px !important;}&#8221;]<div class=\"slider testimonials black-navigation kd-testimonial-69f768b487d2f  without-image\" ><div class=\"tt-content \">\n              <div class=\"tt-content-inner\">\n                <div class=\"tt-container\" style=\" \">\n                    <h6 style=\" \"\">''Manay CPA, i\u015f d\u00fcnyas\u0131n\u0131n h\u0131zla de\u011fi\u015fti\u011fi bu d\u00f6nemde, stratejik i\u015f planlamas\u0131nda i\u015fletmeme paha bi\u00e7ilmez yard\u0131mlar sa\u011fl\u0131yor.''<\/h6>\n                    <span class=\"author\" >Celal Uslu<\/span>\n                    <span class=\"content\" >Uslu LLC, Owner<\/span>\n                <\/div>\n                <div class=\"tt-image\"><\/div>\n                <\/div>\n            <\/div><div class=\"tt-content \">\n              <div class=\"tt-content-inner\">\n                <div class=\"tt-container\" style=\" \">\n                    <h6 style=\" \"\">''\u015eirketim hen\u00fcz tam olarak kurulmadan \u00f6nce Manay CPA, PPP'nin C Program\u0131yla sat\u0131n al\u0131ma f\u0131rsat\u0131ndan yararlanabilece\u011fimi s\u00f6yledi. \u015eimdi ikinci PPP uygulamas\u0131n\u0131n yap\u0131yorum. Te\u015fekk\u00fcrler Manay CPA.''<\/h6>\n                    <span class=\"author\" >Musa Filazioglu<\/span>\n                    <span class=\"content\" >Contractor<\/span>\n                <\/div>\n                <div class=\"tt-image\"><\/div>\n                <\/div>\n            <\/div><div class=\"tt-content \">\n              <div class=\"tt-content-inner\">\n                <div class=\"tt-container\" style=\" \">\n                    <h6 style=\" \"\">''T\u00fcrkiyede ya\u015fay\u0131p Amerika'daki \u015firketleri i\u00e7in muhasebe destegi arayanlara g\u00fcvenle \u00f6neririm. \u00c7ok yard\u0131mc\u0131lar ve olduk\u00e7a h\u0131zl\u0131lar. \u00d6zellikle Bur\u00e7in Han\u0131ma ayr\u0131ca te\u015fekk\u00fcrlerimi sunar\u0131m.''<\/h6>\n                    <span class=\"author\" >Nevin Y\u0131lmaz<\/span>\n                    <span class=\"content\" >Owner of FON Solutions LLC<\/span>\n                <\/div>\n                <div class=\"tt-image\"><\/div>\n                <\/div>\n            <\/div><div class=\"tt-content \">\n              <div class=\"tt-content-inner\">\n                <div class=\"tt-container\" style=\" \">\n                    <h6 style=\" \"\">''T\u00fcrkiyeden Amerikadaki \u015firketiniz i\u00e7in muhasebe deste\u011fi almak isteyen arkada\u015flar , g\u00f6n\u00fcl rahatl\u0131\u011f\u0131yla g\u00fcvenebilirsiniz. Kendi \u015firketleri gibi sahip \u00e7\u0131k\u0131yorlar ve \u00e7ok ilgililer.''<\/h6>\n                    <span class=\"author\" >Hikmet Vahdi \u00d6zdemir<\/span>\n                    <span class=\"content\" ><\/span>\n                <\/div>\n                <div class=\"tt-image\"><\/div>\n                <\/div>\n            <\/div><div class=\"tt-content \">\n              <div class=\"tt-content-inner\">\n                <div class=\"tt-container\" style=\" \">\n                    <h6 style=\" \"\">''USA'ya ta\u015f\u0131nd\u0131\u011f\u0131m\u0131zdan itibaren vergi i\u015flemlerinde desteklerini ald\u0131\u011f\u0131m\u0131z MANAY CPA INC'e ; s\u0131cakkanl\u0131, \u00e7\u00f6z\u00fcm odakl\u0131 ve de tecr\u00fcbeli personeline \u00e7ok te\u015fekk\u00fcr ederiz. Ba\u015far\u0131lar\u0131n\u0131z\u0131n devam\u0131n\u0131 dileriz.''<\/h6>\n                    <span class=\"author\" >Fahrettin G\u00fcnerli<\/span>\n                    <span class=\"content\" ><\/span>\n                <\/div>\n                <div class=\"tt-image\"><\/div>\n                <\/div>\n            <\/div><\/div><script type=\"text\/javascript\">\n              jQuery(document).ready(function($){\n                if ($(\".slider.testimonials.kd-testimonial-69f768b487d2f\").length) {\n                  $(\".slider.testimonials.kd-testimonial-69f768b487d2f\").owlCarousel({\n                    stageClass: \"owl-wrapper\",\n                    stageOuterClass: \"owl-wrapper-outer\",\n                    loadedClass: \"owl-carousel\",\n                    responsive:{\n                        0:{\n                            dots: false,\n                            nav: true,\n                            navSpeed: 500,\n                        },\n                        960:{\nnav: true,\n                              navSpeed: 500,\n                              dots: true,\n                              dotsSpeed: 500,\n                              dotsEach: true,}\n                    },\n                    items: 1,\n                    rewind: true,\n                    loop: true,autoplay: false,autoplayHoverPause: false,\n                  });\n                }\n              });\n            <\/script>[\/vc_column_inner][\/vc_row_inner][\/vc_column][\/vc_row]<\/p>\n<\/div>","protected":false},"excerpt":{"rendered":"<p>[vc_row full_width=&#8221;stretch_row&#8221; css=&#8221;.vc_custom_1631682403733{margin-right: 15px !important;padding-top: 200px !important;padding-bottom: 70px !important;background-image: url(https:\/\/www.manaycpa.com\/wp-content\/uploads\/2021\/02\/intro-section1personal.jpg?id=8162) !important;}&#8221; el_class=&#8221;tblath700&#8243;][vc_column width=&#8221;1\/2&#8243; offset=&#8221;vc_col-lg-6 vc_col-md-12&#8243; el_class=&#8221;okan_test&#8221;][vc_empty_space height=&#8221;10px&#8221;][vc_empty_space height=&#8221;50px&#8221;][vc_empty_space height=&#8221;10px&#8221;][vc_column_text]Amazon Amerika pazar\u0131nda yerinizi al\u0131rken yap\u0131lan en s\u0131k hatalara d\u00fc\u015fmeyin. G\u00fcvenilir i\u015f [&hellip;]<\/p>\n","protected":false},"author":7,"featured_media":11784,"parent":0,"menu_order":0,"comment_status":"closed","ping_status":"closed","template":"","meta":{"footnotes":""},"class_list":["post-12833","page","type-page","status-publish","has-post-thumbnail","hentry"],"_links":{"self":[{"href":"https:\/\/www.manaycpa.com\/tr\/wp-json\/wp\/v2\/pages\/12833","targetHints":{"allow":["GET"]}}],"collection":[{"href":"https:\/\/www.manaycpa.com\/tr\/wp-json\/wp\/v2\/pages"}],"about":[{"href":"https:\/\/www.manaycpa.com\/tr\/wp-json\/wp\/v2\/types\/page"}],"author":[{"embeddable":true,"href":"https:\/\/www.manaycpa.com\/tr\/wp-json\/wp\/v2\/users\/7"}],"replies":[{"embeddable":true,"href":"https:\/\/www.manaycpa.com\/tr\/wp-json\/wp\/v2\/comments?post=12833"}],"version-history":[{"count":0,"href":"https:\/\/www.manaycpa.com\/tr\/wp-json\/wp\/v2\/pages\/12833\/revisions"}],"wp:featuredmedia":[{"embeddable":true,"href":"https:\/\/www.manaycpa.com\/tr\/wp-json\/wp\/v2\/media\/11784"}],"wp:attachment":[{"href":"https:\/\/www.manaycpa.com\/tr\/wp-json\/wp\/v2\/media?parent=12833"}],"curies":[{"name":"wp","href":"https:\/\/api.w.org\/{rel}","templated":true}]}}