{"id":14776,"date":"2021-10-06T19:14:49","date_gmt":"2021-10-06T19:14:49","guid":{"rendered":"https:\/\/www.manaycpa.com\/?page_id=14776"},"modified":"2023-03-08T21:59:36","modified_gmt":"2023-03-08T21:59:36","slug":"annual-registration","status":"publish","type":"page","link":"https:\/\/www.manaycpa.com\/tr\/annual-registration\/","title":{"rendered":"Annual Registration"},"content":{"rendered":"<div class=\"wpb-content-wrapper\"><p>[vc_row full_width=&#8221;stretch_row&#8221; kd_image_overlay_color=&#8221;rgba(10,10,10,0.5)&#8221; kd_image_overlay=&#8221;true&#8221; css=&#8221;.vc_custom_1634765108030{padding-top: 200px !important;padding-bottom: 50px !important;background-image: url(https:\/\/www.manaycpa.com\/wp-content\/uploads\/2021\/10\/pexels-fauxels-3183197-min-scaled.jpg?id=14792) !important;background-position: center !important;background-repeat: no-repeat !important;background-size: cover !important;}&#8221;][vc_column width=&#8221;1\/3&#8243; css=&#8221;.vc_custom_1522312130885{padding-right: 50px !important;}&#8221; offset=&#8221;vc_col-lg-6 vc_col-md-12&#8243;][vc_empty_space height=&#8221;40px&#8221;]<header class=\"kd-section-title col-lg-12 text-left    \" ><h1 class=\"separator_off\" style=\"color: #ffffff;font-size: 20px !important;\">Annual Registration<\/h1><h6 class=\"subtitle \" style=\"color: #ffffff;font-size: 40px !important;\">Amerika'daki \u015eirketinizin Yasal Varl\u0131\u011f\u0131n\u0131 Koruyun<\/h6><\/header>[vc_empty_space height=&#8221;20px&#8221;][vc_custom_heading text=&#8221;Ait oldu\u011funuz eyalette \u015firket lisans\u0131n\u0131z\u0131 yenileyerek, \u015firketinizin yasal varl\u0131\u011f\u0131n\u0131 koruyun. \u015eimdi formu doldurarak size \u00f6zel teklifi al\u0131n.&#8221; font_container=&#8221;tag:p|font_size:16|text_align:left|color:%23ffffff&#8221; use_theme_fonts=&#8221;yes&#8221; css_animation=&#8221;fadeIn&#8221; css=&#8221;.vc_custom_1633547666717{margin-top: -10px !important;margin-bottom: 30px !important;}&#8221;][\/vc_column][vc_column width=&#8221;1\/3&#8243; offset=&#8221;vc_col-lg-1&#8243;][\/vc_column][vc_column width=&#8221;5\/12&#8243; offset=&#8221;vc_col-lg-4 vc_col-md-12&#8243; css=&#8221;.vc_custom_1634765820659{margin-left: 50px !important;padding-top: 30px !important;padding-bottom: 30px !important;background-color: #ffffff !important;}&#8221;]<header class=\"kd-section-title col-lg-12 text-center     vc_custom_1633548005453\" ><h2 class=\"separator_off\" style=\"font-size: 22px !important;\">Annual Registration Yenileme \u0130\u00e7in Formu Doldurun<\/h2><\/header>[vc_raw_js]JTNDc2NyaXB0JTIwY2hhcnNldCUzRCUyMnV0Zi04JTIyJTIwdHlwZSUzRCUyMnRleHQlMkZqYXZhc2NyaXB0JTIyJTIwc3JjJTNEJTIyJTJGJTJGanMuaHNmb3Jtcy5uZXQlMkZmb3JtcyUyRnNoZWxsLmpzJTIyJTNFJTNDJTJGc2NyaXB0JTNFJTBBJTNDc2NyaXB0JTNFJTBBJTIwJTIwaGJzcHQuZm9ybXMuY3JlYXRlJTI4JTdCJTBBJTA5cmVnaW9uJTNBJTIwJTIybmExJTIyJTJDJTBBJTA5cG9ydGFsSWQlM0ElMjAlMjI2ODU1Njc0JTIyJTJDJTBBJTA5Zm9ybUlkJTNBJTIwJTIyMjYwMTVjODUtNmNhZi00ODcxLWE4YmEtM2QyN2QzZmE0MjkxJTIyJTBBJTdEJTI5JTNCJTBBJTNDJTJGc2NyaXB0JTNF[\/vc_raw_js][\/vc_column][\/vc_row][vc_row full_width=&#8221;stretch_row&#8221;][vc_column css=&#8221;.vc_custom_1516095014613{padding-right: 0px !important;padding-left: 0px !important;}&#8221;][vc_row_inner css=&#8221;.vc_custom_1516095068213{padding-top: 100px !important;padding-bottom: 100px !important;}&#8221;][vc_column_inner width=&#8221;1\/6&#8243; offset=&#8221;vc_col-lg-2 vc_hidden-md vc_hidden-sm vc_hidden-xs&#8221;][\/vc_column_inner][vc_column_inner offset=&#8221;vc_col-lg-8&#8243;][vc_custom_heading text=&#8221;Finansal ipu\u00e7lar\u0131, vergilerinizin son \u00f6deme tarihleri ve di\u011fer vergi stratejileri i\u00e7in b\u00fcltenimize abone olun&#8221; font_container=&#8221;tag:h3|text_align:center&#8221; use_theme_fonts=&#8221;yes&#8221; css_animation=&#8221;fadeIn&#8221; css=&#8221;.vc_custom_1617457767275{margin-bottom: 50px !important;}&#8221;][\/vc_column_inner][vc_column_inner width=&#8221;1\/4&#8243; offset=&#8221;vc_col-lg-2 vc_hidden-md vc_hidden-sm vc_hidden-xs&#8221;][\/vc_column_inner][\/vc_row_inner][\/vc_column][\/vc_row][vc_row full_width=&#8221;stretch_row&#8221;][vc_column][vc_row_inner css=&#8221;.vc_custom_1645916469766{padding-bottom: 20px !important;}&#8221;][vc_column_inner]<div class=\"slider clients grayscale-effect kd-client-69f2682474099 black-navigation \"><div class=\"clients-content \" ><img decoding=\"async\" width=\"150\" height=\"50\" src=\"https:\/\/www.manaycpa.com\/wp-content\/uploads\/2022\/07\/Untitled-design-31.png\" class=\"attachment-full\" alt=\"\" title=\"Untitled design (31)\" \/><\/div><div class=\"clients-content \" ><img decoding=\"async\" width=\"234\" height=\"50\" src=\"https:\/\/www.manaycpa.com\/wp-content\/uploads\/2022\/02\/ege-seramik-manaycpa-1.png\" class=\"attachment-full\" alt=\"\" title=\"ege-seramik-manaycpa\" \/><\/div><div class=\"clients-content \" ><img decoding=\"async\" width=\"150\" height=\"50\" src=\"https:\/\/www.manaycpa.com\/wp-content\/uploads\/2023\/03\/Client-Logo-3.png\" class=\"attachment-full\" alt=\"dorak-holding-manaycpa\" title=\"Client Logo (3)\" \/><\/div><div class=\"clients-content \" ><img decoding=\"async\" width=\"234\" height=\"50\" src=\"https:\/\/www.manaycpa.com\/wp-content\/uploads\/2022\/02\/karsan-manaycpa-1.png\" class=\"attachment-full\" alt=\"\" title=\"karsan-manaycpa\" \/><\/div><div class=\"clients-content \" ><img decoding=\"async\" width=\"150\" height=\"50\" src=\"https:\/\/www.manaycpa.com\/wp-content\/uploads\/2023\/03\/Client-Logo-2.png\" class=\"attachment-full\" alt=\"zeplin-manaycpa\" title=\"Client Logo (2)\" \/><\/div><div class=\"clients-content \" ><img decoding=\"async\" width=\"234\" height=\"50\" src=\"https:\/\/www.manaycpa.com\/wp-content\/uploads\/2022\/02\/dekovita-manaycpa-1.png\" class=\"attachment-full\" alt=\"\" title=\"dekovita-manaycpa\" \/><\/div><div class=\"clients-content \" ><img decoding=\"async\" width=\"150\" height=\"50\" src=\"https:\/\/www.manaycpa.com\/wp-content\/uploads\/2023\/03\/Client-Logo-5.png\" class=\"attachment-full\" alt=\"tekfen-manaycpa\" title=\"Client Logo (5)\" \/><\/div><div class=\"clients-content \" ><img decoding=\"async\" width=\"150\" height=\"50\" src=\"https:\/\/www.manaycpa.com\/wp-content\/uploads\/2022\/07\/Untitled-design-34.png\" class=\"attachment-full\" alt=\"\" title=\"Untitled design (34)\" \/><\/div><div class=\"clients-content \" ><img decoding=\"async\" width=\"150\" height=\"50\" src=\"https:\/\/www.manaycpa.com\/wp-content\/uploads\/2023\/03\/Client-Logo-4.png\" class=\"attachment-full\" alt=\"genlab-manaycpa\" title=\"Client Logo (4)\" \/><\/div><div class=\"clients-content \" ><img decoding=\"async\" width=\"234\" height=\"50\" src=\"https:\/\/www.manaycpa.com\/wp-content\/uploads\/2021\/04\/Frame-16-1.png\" class=\"attachment-full\" alt=\"ebebek Logo Manay CPA\" title=\"Frame 16\" \/><\/div><div class=\"clients-content \" ><img decoding=\"async\" width=\"234\" height=\"50\" src=\"https:\/\/www.manaycpa.com\/wp-content\/uploads\/2021\/04\/Frame-15-1.png\" class=\"attachment-full\" alt=\"Ki\u011f\u0131l\u0131 Logo Manay CPA\" title=\"Frame 15\" \/><\/div><div class=\"clients-content \" ><img decoding=\"async\" width=\"150\" height=\"50\" src=\"https:\/\/www.manaycpa.com\/wp-content\/uploads\/2022\/07\/Untitled-design-35.png\" class=\"attachment-full\" alt=\"\" title=\"Untitled design (35)\" \/><\/div><div class=\"clients-content \" ><img decoding=\"async\" width=\"234\" height=\"50\" src=\"https:\/\/www.manaycpa.com\/wp-content\/uploads\/2022\/01\/smart-mimic-manaycpa.png\" class=\"attachment-full\" alt=\"smart-mimic-manaycpa\" title=\"smart-mimic-manaycpa\" \/><\/div><div class=\"clients-content \" ><\/div><div class=\"clients-content \" ><img decoding=\"async\" width=\"234\" height=\"50\" src=\"https:\/\/www.manaycpa.com\/wp-content\/uploads\/2021\/04\/Frame-14-1.png\" class=\"attachment-full\" alt=\"\u015e\u00f6len Logo Manay CPA\" title=\"Frame 14\" \/><\/div><div class=\"clients-content \" ><img decoding=\"async\" width=\"234\" height=\"50\" src=\"https:\/\/www.manaycpa.com\/wp-content\/uploads\/2021\/04\/Frame-17.png\" class=\"attachment-full\" alt=\"BRN Sleep Products Logo Manay CPA\" title=\"Frame 17\" \/><\/div><div class=\"clients-content \" ><img decoding=\"async\" width=\"234\" height=\"50\" src=\"https:\/\/www.manaycpa.com\/wp-content\/uploads\/2021\/03\/Frame-1.png\" class=\"attachment-full\" alt=\"softtech Logo Manay CPA\" title=\"Frame 1\" \/><\/div><div class=\"clients-content \" ><img decoding=\"async\" width=\"234\" height=\"50\" src=\"https:\/\/www.manaycpa.com\/wp-content\/uploads\/2021\/03\/Frame-3.png\" class=\"attachment-full\" alt=\"american  Logo Manay CPA\" title=\"Frame 3\" \/><\/div><div class=\"clients-content \" ><img decoding=\"async\" width=\"234\" height=\"50\" src=\"https:\/\/www.manaycpa.com\/wp-content\/uploads\/2021\/03\/Frame-4.png\" class=\"attachment-full\" alt=\"Madame Coco Logo Manay CPA\" title=\"Frame 4\" \/><\/div><div class=\"clients-content \" ><img decoding=\"async\" width=\"234\" height=\"50\" src=\"https:\/\/www.manaycpa.com\/wp-content\/uploads\/2021\/03\/Frame-5.png\" class=\"attachment-full\" alt=\"AKPA Logo Manay CPA\" title=\"Frame 5\" \/><\/div><div class=\"clients-content \" ><img decoding=\"async\" width=\"234\" height=\"50\" src=\"https:\/\/www.manaycpa.com\/wp-content\/uploads\/2021\/03\/Frame-8.png\" class=\"attachment-full\" alt=\"BOCCHI Logo Manay CPA\" title=\"Frame 8\" \/><\/div><div class=\"clients-content \" ><img decoding=\"async\" width=\"234\" height=\"50\" src=\"https:\/\/www.manaycpa.com\/wp-content\/uploads\/2021\/03\/Frame-9.png\" class=\"attachment-full\" alt=\"Yurtbay Seramik Logo Manay CPA\" title=\"Frame 9\" \/><\/div><div class=\"clients-content \" ><img decoding=\"async\" width=\"234\" height=\"50\" src=\"https:\/\/www.manaycpa.com\/wp-content\/uploads\/2021\/03\/Frame-10.png\" class=\"attachment-full\" alt=\"Mandolin Aegean Bistro Logo Manay CPA\" title=\"Frame 10\" \/><\/div><div class=\"clients-content \" ><img decoding=\"async\" width=\"234\" height=\"50\" src=\"https:\/\/www.manaycpa.com\/wp-content\/uploads\/2021\/03\/Frame-11.png\" class=\"attachment-full\" alt=\"Sixfab Logo Manay CPA\" title=\"Frame 11\" \/><\/div><div class=\"clients-content \" ><img decoding=\"async\" width=\"234\" height=\"50\" src=\"https:\/\/www.manaycpa.com\/wp-content\/uploads\/2021\/03\/Frame-12.png\" class=\"attachment-full\" alt=\"Quickload Logo Manay CPA\" title=\"Frame 12\" \/><\/div><div class=\"clients-content \" ><img decoding=\"async\" width=\"234\" height=\"50\" src=\"https:\/\/www.manaycpa.com\/wp-content\/uploads\/2021\/09\/Frame-30.png\" class=\"attachment-full\" alt=\"Smart Mimic Logo Manay CPA Clients\" title=\"Frame 30\" \/><\/div><div class=\"clients-content \" ><img decoding=\"async\" width=\"140\" height=\"28\" src=\"https:\/\/www.manaycpa.com\/wp-content\/uploads\/2022\/02\/arkasse.png\" class=\"attachment-full\" alt=\"arkas-manaycpa\" title=\"arkasse\" \/><\/div><\/div><script type=\"text\/javascript\">\r\n              jQuery(document).ready(function($){\r\n                if ($(\".slider.clients.kd-client-69f2682474099\").length) {\r\n                  $(\".slider.clients.kd-client-69f2682474099\").owlCarousel({\r\n                    stageClass: \"owl-wrapper\",\r\n                    stageOuterClass: \"owl-wrapper-outer\",\r\n                    loadedClass: \"owl-carousel\",\r\n                    responsiveClass:true,\r\n                    responsive:{\r\n                      0:{\r\n                          items:1,nav: true,\r\n                            navSpeed: 500,\r\n                            dots: false,},\r\n                      480:{\r\n                          items:3,nav: true,\r\n                            navSpeed: 500,\r\n                            dots: false,},\r\n                      960:{\r\n                          items:6,nav: true,\r\n                              navSpeed: 500,\r\n                              dots: false,}\r\n                    },loop: true,autoplay: true,autoplayTimeout: 3000,\r\n                  });\r\n                }\r\n              });\r\n            <\/script>[\/vc_column_inner][\/vc_row_inner][vc_row_inner][vc_column_inner offset=&#8221;vc_hidden-sm vc_hidden-xs&#8221;][vc_empty_space height=&#8221;50px&#8221;][\/vc_column_inner][\/vc_row_inner][\/vc_column][\/vc_row]<\/p>\n<\/div>","protected":false},"excerpt":{"rendered":"<p>[vc_row full_width=&#8221;stretch_row&#8221; kd_image_overlay_color=&#8221;rgba(10,10,10,0.5)&#8221; kd_image_overlay=&#8221;true&#8221; css=&#8221;.vc_custom_1634765108030{padding-top: 200px !important;padding-bottom: 50px !important;background-image: url(https:\/\/www.manaycpa.com\/wp-content\/uploads\/2021\/10\/pexels-fauxels-3183197-min-scaled.jpg?id=14792) !important;background-position: center !important;background-repeat: no-repeat !important;background-size: cover !important;}&#8221;][vc_column width=&#8221;1\/3&#8243; css=&#8221;.vc_custom_1522312130885{padding-right: 50px !important;}&#8221; offset=&#8221;vc_col-lg-6 vc_col-md-12&#8243;][vc_empty_space height=&#8221;40px&#8221;][vc_empty_space height=&#8221;20px&#8221;][vc_custom_heading text=&#8221;Ait oldu\u011funuz eyalette \u015firket lisans\u0131n\u0131z\u0131 [&hellip;]<\/p>\n","protected":false},"author":7,"featured_media":11784,"parent":0,"menu_order":0,"comment_status":"closed","ping_status":"closed","template":"","meta":{"footnotes":""},"class_list":["post-14776","page","type-page","status-publish","has-post-thumbnail","hentry"],"_links":{"self":[{"href":"https:\/\/www.manaycpa.com\/tr\/wp-json\/wp\/v2\/pages\/14776","targetHints":{"allow":["GET"]}}],"collection":[{"href":"https:\/\/www.manaycpa.com\/tr\/wp-json\/wp\/v2\/pages"}],"about":[{"href":"https:\/\/www.manaycpa.com\/tr\/wp-json\/wp\/v2\/types\/page"}],"author":[{"embeddable":true,"href":"https:\/\/www.manaycpa.com\/tr\/wp-json\/wp\/v2\/users\/7"}],"replies":[{"embeddable":true,"href":"https:\/\/www.manaycpa.com\/tr\/wp-json\/wp\/v2\/comments?post=14776"}],"version-history":[{"count":0,"href":"https:\/\/www.manaycpa.com\/tr\/wp-json\/wp\/v2\/pages\/14776\/revisions"}],"wp:featuredmedia":[{"embeddable":true,"href":"https:\/\/www.manaycpa.com\/tr\/wp-json\/wp\/v2\/media\/11784"}],"wp:attachment":[{"href":"https:\/\/www.manaycpa.com\/tr\/wp-json\/wp\/v2\/media?parent=14776"}],"curies":[{"name":"wp","href":"https:\/\/api.w.org\/{rel}","templated":true}]}}