{"id":18060,"date":"2022-02-21T21:33:02","date_gmt":"2022-02-21T21:33:02","guid":{"rendered":"https:\/\/www.manaycpa.com\/?page_id=18060"},"modified":"2025-03-04T15:29:06","modified_gmt":"2025-03-04T15:29:06","slug":"calisan-adayi-kvkk","status":"publish","type":"page","link":"https:\/\/www.manaycpa.com\/tr\/hakkimizda\/kariyer\/calisan-adayi-kvkk\/","title":{"rendered":"\u00c7al\u0131\u015fan Aday\u0131 Ayd\u0131nlatma Metni"},"content":{"rendered":"<div class=\"wpb-content-wrapper\"><p>[vc_row full_width=&#8221;stretch_row&#8221; kd_image_overlay_color=&#8221;rgba(10,10,10,0.31)&#8221; kd_image_overlay=&#8221;true&#8221; css=&#8221;.vc_custom_1622902452639{padding-top: 230px !important;padding-bottom: 80px !important;background-image: url(https:\/\/www.manaycpa.com\/wp-content\/uploads\/2021\/05\/pexels-sora-shimazaki-5668517-1-1.jpg?id=11802) !important;background-position: center !important;background-repeat: no-repeat !important;background-size: cover !important;}&#8221;][vc_column css=&#8221;.vc_custom_1513003956648{padding-top: 0px !important;}&#8221;][vc_row_inner][vc_column_inner width=&#8221;2\/3&#8243; css=&#8221;.vc_custom_1614437087047{padding-top: 20px !important;padding-bottom: 30px !important;padding-left: 0px !important;}&#8221; offset=&#8221;vc_col-lg-8&#8243;]<header class=\"kd-section-title col-lg-12 text-left  kd-animated fadeIn  \" data-animation-delay=200><h1 class=\"separator_off\" style=\"color: #ffffff;font-size: 42px;\">\u00c7ALI\u015eAN ADAYI AYDINLATMA METN\u0130<\/h1><\/header>[\/vc_column_inner][\/vc_row_inner][\/vc_column][\/vc_row][vc_row][vc_column][vc_empty_space][\/vc_column][\/vc_row][vc_row][vc_column][vc_column_text css=&#8221;&#8221;]MANAY CPA INC. (&#8220;<strong>\u015eirket<\/strong>&#8220;) olarak; 6698 say\u0131l\u0131 Ki\u015fisel Verilerin Korunmas\u0131 Hakk\u0131nda Kanun (\u201cKVKK\u201d) uyar\u0131nca veri sorumlusu s\u0131fat\u0131yla; \u00e7al\u0131\u015fan adaylar\u0131m\u0131z\u0131n a\u015fa\u011f\u0131da \u00f6rnekleri verilen ki\u015fisel verileri i\u015flenmektedir.<\/p>\n<ul>\n<li><strong><u>Kimlik Verisi:<\/u><\/strong> Ad\u0131, soyad\u0131, do\u011fum tarihi, do\u011fdu\u011fu \u00fclke, do\u011fdu\u011fu \u015fehir, cinsiyet, medeni durumu, milliyeti, T.C. kimlik kart\u0131 bilgileri (TCKN seri no., c\u00fczdan no., baba ad\u0131, anne ad\u0131, do\u011fum yeri, il, il\u00e7e, mahalle, cilt no., aile s\u0131ra no., s\u0131ra no., hane no., sayfa no., kay\u0131t no., verildi\u011fi yer, verili\u015f nedeni, verili\u015f tarihi, \u00f6nceki soyad\u0131), n\u00fcfus c\u00fczdan\u0131 sureti,<\/li>\n<li><strong><u>\u0130leti\u015fim Verisi:<\/u><\/strong> Telefon numaras\u0131, a\u00e7\u0131k adres bilgisi, e-posta adresi,<\/li>\n<li><strong><u>\u00d6zel Nitelikli Ki\u015fisel Veri:<\/u><\/strong> Dernek\/vak\u0131f \u00fcyelikleri; kan grubu, sa\u011fl\u0131k verileri<\/li>\n<li><strong><u>E\u011fitim Verisi:<\/u><\/strong> \u00d6\u011frenim durumu, sertifika ve diploma bilgileri, yabanc\u0131 dil bilgileri, e\u011fitim ve beceriler, CV, ald\u0131\u011f\u0131 kurslar,<\/li>\n<li><strong><u>\u00d6zl\u00fck:<\/u><\/strong> Askerlik Durumu, Ehliyet Bilgisi, Yabanc\u0131 Dil Bilgisi,<\/li>\n<li><strong><u>G\u00f6rsel ve \u0130\u015fitsel Veri:<\/u><\/strong> Foto\u011fraf, video ve kamera kay\u0131tlar\u0131<\/li>\n<\/ul>\n<p><strong><u>K\u0130\u015e\u0130SEL VER\u0130LER\u0130N\u0130Z\u0130N TOPLANMA Y\u00d6NTEM\u0130 <\/u><\/strong><\/p>\n<p>Ki\u015fisel verileriniz, \u015eirket ile aran\u0131zda kurulmas\u0131 hedeflenen hukuki ili\u015fki \u00e7er\u00e7evesinde e-posta, kargo, referans veya benzeri y\u00f6ntemlerle ula\u015ft\u0131rd\u0131\u011f\u0131n\u0131z \u00f6zge\u00e7mi\u015finizle; veya web sitesi \u00fczerinden ve\/veya e-posta ile yapaca\u011f\u0131n\u0131z ba\u015fvurular\u0131n sistemlerimize kaydedilmesi ile; istihdam\/dan\u0131\u015fmanl\u0131k \u015firketleri, ki\u015fisel verilerinizi alenile\u015ftirdi\u011finiz kariyer platformlar\u0131 veya sosyal medya platformlar\u0131 vas\u0131tas\u0131yla elektronik ve\/veya fiziki ortamlarda, ve sosyal \u00a0ve i\u015fyeri g\u00fcvenli\u011fini sa\u011flayan kameralar arac\u0131l\u0131\u011f\u0131 ile toplanabilir.<\/p>\n<p>Toplanan ki\u015fisel verileriniz; KVKK\u2019n\u0131n 5.ve 6.maddelerinde d\u00fczenlenen, bir hakk\u0131n tesisi, kullan\u0131lmas\u0131 veya korunmas\u0131, s\u00f6zle\u015fmenin kurulmas\u0131 veya ifas\u0131, me\u015fru menfaatler veya hukuki y\u00fck\u00fcml\u00fcl\u00fcklerimizin yerine getirilmesi sebeplerinden bir veya birka\u00e7\u0131na dayal\u0131 olarak i\u015flenebilir.<\/p>\n<p><strong><u>K\u0130\u015e\u0130SEL VER\u0130LER\u0130N\u0130Z\u0130N \u0130\u015eLENME AMA\u00c7LARI<\/u><\/strong><\/p>\n<p>Ki\u015fisel verileriniz a\u015fa\u011f\u0131da belirtilen ama\u00e7 ve hukuki sebepler gibi ancak bunlarla s\u0131n\u0131rl\u0131 olmayan benzer ama\u00e7 ve sebeplerle i\u015flenebilir.<\/p>\n<ul>\n<li>\u0130\u015fe al\u0131m ve de\u011ferlendirme s\u00fcre\u00e7lerinin y\u00fcr\u00fct\u00fclmesi ile ba\u015fvurdu\u011fum pozisyona ili\u015fkin i\u015fe yatk\u0131nl\u0131\u011f\u0131n \u00f6l\u00e7\u00fclebilmesi amac\u0131yla;<\/li>\n<li>Referans kontrollerin ger\u00e7ekle\u015ftirilmesi amac\u0131yla;<\/li>\n<li>\u0130leride a\u00e7\u0131lacak size uygun pozisyonlar\u0131n de\u011ferlendirilmesi ve ileti\u015fime ge\u00e7ilmesi amac\u0131yla;<\/li>\n<li>Fiziksel mekan g\u00fcvenli\u011fi sa\u011flanmas\u0131 amac\u0131yla i\u015flenebilir.<\/li>\n<\/ul>\n<p>Bu ki\u015fisel veriler ilgili mevzuatta belirtilen veya i\u015flendikleri ama\u00e7 i\u00e7in gerekli olan azami s\u00fcre ve herhalde kanuni zamana\u015f\u0131m\u0131 s\u00fcreleri kadar muhafaza edilecektir.<\/p>\n<p><strong><u>K\u0130\u015e\u0130SEL VER\u0130LER\u0130N\u0130Z\u0130N YURT \u0130\u00c7\u0130NDEK\u0130 \u00dc\u00c7\u00dcNC\u00dc K\u0130\u015e\u0130LERLE PAYLA\u015eILMASI<\/u><\/strong><\/p>\n<p>&nbsp;<\/p>\n<p>Referans kontrollerin ger\u00e7ekle\u015ftirilmesi amac\u0131yla; ki\u015fisel verileriniz yurt i\u00e7indeki \u00fc\u00e7\u00fcnc\u00fc ki\u015filerle payla\u015f\u0131labilmektedir.<\/p>\n<p><strong><u>K\u0130\u015e\u0130SEL VER\u0130LER\u0130N\u0130Z\u0130N YURT DI\u015eINDAK\u0130 \u00dc\u00c7\u00dcNC\u00dc K\u0130\u015e\u0130LERLE PAYLA\u015eILMASI<\/u><\/strong><\/p>\n<p>R\u0131za g\u00f6stermeniz halinde ki\u015fisel verileriniz, i\u015fe al\u0131m s\u00fcre\u00e7lerinin y\u00f6netilmesi ve verilerin depolanmas\u0131 amac\u0131yla \u00a0yurt d\u0131\u015f\u0131ndaki merkezimiz ve\/veya irtibat ofisimizle payla\u015f\u0131labilmektedir.<\/p>\n<p><strong><u>K\u0130\u015e\u0130SEL VER\u0130LER\u0130N\u0130Z KONUSUNDAK\u0130 HAKLARINIZ<\/u><\/strong><\/p>\n<p>KVKK&#8217;n\u0131n 11. maddesi gere\u011fi;<\/p>\n<ul>\n<li>\u015eirket&#8217;in hakk\u0131n\u0131zda ki\u015fisel veri i\u015fleyip i\u015flemedi\u011fini \u00f6\u011frenmek, e\u011fer i\u015flemi\u015fse, buna ili\u015fkin bilgi talep etmek,<\/li>\n<li>Ki\u015fisel verilerinizin i\u015flenme amac\u0131n\u0131 ve bunlar\u0131n amac\u0131na uygun kullan\u0131l\u0131p kullan\u0131lmad\u0131\u011f\u0131 \u00f6\u011frenmek,<\/li>\n<li>Ki\u015fisel verilerin yurti\u00e7i veya yurtd\u0131\u015f\u0131na aktar\u0131l\u0131p aktar\u0131lmad\u0131\u011f\u0131 ve kimlere aktar\u0131ld\u0131\u011f\u0131n\u0131 \u00f6\u011frenmek,<\/li>\n<li>Yanl\u0131\u015f ve eksik ki\u015fisel verilerinizin d\u00fczeltilmesini ve verilerinin aktar\u0131ld\u0131\u011f\u0131 veya aktar\u0131lm\u0131\u015f olabilece\u011fi al\u0131c\u0131lar\u0131n bilgilendirilmesini talep etmek,<\/li>\n<li>Verilerinizin imha edilmesini (silinmesini, yok edilmesini veya anonim hale getirilmesini)<\/li>\n<li>ki\u015filerin s\u00f6z konusu imha talebiniz ile ilgili bilgilendirilmesini,<\/li>\n<li>Ki\u015fisel verilerinizin kanuna ayk\u0131r\u0131 olarak i\u015flenmesi sebebiyle zarara u\u011framan\u0131z halinde zarar\u0131n giderilmesini talep haklar\u0131na sahipsiniz.<\/li>\n<\/ul>\n<p>Ba\u015fvurunuzda yer alan talepleriniz, talebin niteli\u011fine g\u00f6re en ge\u00e7 otuz g\u00fcn i\u00e7inde sonu\u00e7land\u0131r\u0131lacakt\u0131r. Yukar\u0131da say\u0131lan haklar\u0131n\u0131za ili\u015fkin olarak yapaca\u011f\u0131n\u0131z ba\u015fvurular\u0131n\u0131z\u0131 \u201c<em>Veri Sorumlusuna Ba\u015fvuru Usul ve Esaslar\u0131 Hakk\u0131nda Tebli\u011fe<\/em>\u201dne uygun, yaz\u0131l\u0131 ve \u0131slak imzal\u0131 olarak \u015firket adresimiz olan \u201c <em>B\u00fcy\u00fckdere Caddesi No.185 K.6 Kanyon Ofis Binas\u0131, 34294 \u0130stanbul<\/em>\u201d adresine bizzat elden iletebilir, noter kanal\u0131yla g\u00f6nderebilir veya \u201chr@manaycpa.com\u201d e-posta adresine iletebilirsiniz.<\/p>\n<p style=\"text-align: center;\"><span style=\"text-decoration: underline;\"><strong>K\u0130\u015e\u0130SEL VER\u0130LER\u0130N KULLANIMINA \u0130L\u0130\u015eK\u0130N \u00c7ALI\u015eAN ADAYLARI A\u00c7IK RIZA METN\u0130<\/strong><\/span><\/p>\n<p>MANAY CPA INC. T\u00dcRK\u0130YE \u0130RT\u0130BAT B\u00dcROSU\u2019na <em>(\u201c\u015eirket\/Veri Sorumlusu\u201d)<\/em> yapt\u0131\u011f\u0131m i\u015f ba\u015fvurusu ve de\u011ferlendirme s\u00fcreci kapsam\u0131nda, \u015eirket taraf\u0131ndan 6698 say\u0131l\u0131 Ki\u015fisel Verilerin Korunmas\u0131 Kanunu\u2019ndaki veri sorumlusunun ayd\u0131nlatma y\u00fck\u00fcml\u00fcl\u00fc\u011f\u00fc uyar\u0131nca web sitesinde bulunan \u201c<em>Ki\u015fisel Verilerin Korunmas\u0131 Hakk\u0131nda \u00c7al\u0131\u015fan Aday\u0131 Ayd\u0131nlatma Metni\u201d <\/em>arac\u0131l\u0131\u011f\u0131yla i\u015flenen ki\u015fisel verilerim hakk\u0131nda bilgilendirildim.<\/p>\n<p>\u015eirket ile mevcut ili\u015fkimiz kapsam\u0131nda;<\/p>\n<p><strong><u>\u0130\u015fe al\u0131m s\u00fcre\u00e7lerinin y\u00fcr\u00fct\u00fclmesi ve ba\u015fvurdu\u011fum pozisyona ili\u015fkin i\u015fe yatk\u0131nl\u0131\u011f\u0131n \u00f6l\u00e7\u00fclebilmesi amac\u0131yla; <\/u><\/strong><\/p>\n<p>Kimlik verileri, ileti\u015fim verileri, e\u011fitim, mesleki deneyim bilgileri, i\u015f ve profesyonel ya\u015fama ili\u015fkin veriler ile ba\u015fvuru belgemin i\u00e7erisinde yer almas\u0131 halinde dernek \u00fcyeli\u011fi\/vak\u0131f \u00fcyeli\u011fi bilgilerimi, \u00f6zl\u00fck bilgilerimi, kan grubu ve sa\u011fl\u0131k verilerimi i\u00e7eren \u00f6zel nitelikli ki\u015fisel verilerimin ve foto\u011fraf\u0131m\u0131n, video veya kamera kay\u0131tlar\u0131m\u0131n,<\/p>\n<p><strong><u>Referans kontrollerin ger\u00e7ekle\u015ftirilmesi amac\u0131yla;<\/u><\/strong><\/p>\n<p>Kimlik verileri, ileti\u015fim verileri, e\u011fitim, mesleki deneyim verileri, i\u015f ve profesyonel ya\u015fama ili\u015fkin verilerimin,<\/p>\n<p><strong><u>\u0130leride a\u00e7\u0131lacak uygun pozisyonlar\u0131n de\u011ferlendirilmesi ve ileti\u015fime ge\u00e7ilmesi amac\u0131yla;<\/u><\/strong><\/p>\n<p>Kimlik verileri, ileti\u015fim verileri, e\u011fitim, mesleki deneyim bilgileri, i\u015f ve profesyonel ya\u015fama ili\u015fkin verilerimin,<\/p>\n<p><strong><u>Fiziksel mekan g\u00fcvenli\u011fi sa\u011flanmas\u0131 amac\u0131yla<\/u><\/strong><strong><u>;<\/u><\/strong><\/p>\n<p>Foto\u011fraf, kamera kay\u0131tlar\u0131n\u0131 i\u00e7eren g\u00f6rsel ve i\u015fitsel verileri,<\/p>\n<p>Mevzuatta \u00f6ng\u00f6r\u00fclen veya i\u015flendikleri ama\u00e7 i\u00e7in gerekli olan s\u00fcre kadar muhafaza edilme ilkesine uygun olmak \u00fczere i\u015flenmesini ve i\u015fbu ki\u015fisel verilerimin, yukar\u0131da belirtilen ama\u00e7larla ba\u011fl\u0131 kalmak kayd\u0131yla;<\/p>\n<p>\u015eirket\u00a0\u00e7al\u0131\u015fanlar\u0131na, hissedarlar\u0131na, faaliyetlerinin y\u00fcr\u00fct\u00fclmesi i\u00e7in\u00a0yurti\u00e7inde ve\/veya yurtd\u0131\u015f\u0131nda bulunan hizmet ald\u0131\u011f\u0131 veya birlikte \u00e7al\u0131\u015ft\u0131\u011f\u0131 i\u015f ortaklar\u0131na veya hizmet sa\u011flay\u0131c\u0131lar\u0131na veya verileri i\u015fleyenlere aktar\u0131labilece\u011fini; bu hususta a\u00e7\u0131k r\u0131zam oldu\u011funu onayl\u0131yorum.<\/p>\n<p><strong>G\u00f6r\u00fc\u015fme Kay\u0131tlar\u0131n\u0131n G\u00fcvenli \u0130\u015flenmesi ve Saklanmas\u0131<\/strong><\/p>\n<p>\u015eirketimiz, i\u015fe al\u0131m ve de\u011ferlendirme s\u00fcre\u00e7lerinin daha verimli ve nitelikli ge\u00e7mesini sa\u011flamak amac\u0131yla yapay zeka destekli analiz ara\u00e7lar\u0131 kullanabilir. Bu ara\u00e7lar, g\u00f6r\u00fc\u015fmelerin belirli kalite standartlar\u0131nda y\u00fcr\u00fct\u00fclmesini sa\u011flamak, geri bildirim s\u00fcre\u00e7lerini optimize etmek ve i\u015fe al\u0131m kararlar\u0131n\u0131 desteklemek amac\u0131yla kullan\u0131lmaktad\u0131r.<\/p>\n<p>Bu kapsamda, g\u00f6r\u00fc\u015fmeler s\u0131ras\u0131nda i\u015flenen veriler yaln\u0131zca yetkili ki\u015filerin eri\u015fimine a\u00e7\u0131k olup, ilgili mevzuat ve g\u00fcvenlik standartlar\u0131na uygun \u015fekilde korunmaktad\u0131r. Kay\u0131tlar, belirlenen yasal ve operasyonel gereklilikler \u00e7er\u00e7evesinde s\u0131n\u0131rl\u0131 bir s\u00fcre saklanmakta ve yaln\u0131zca i\u015f s\u00fcre\u00e7lerinin geli\u015ftirilmesi amac\u0131yla i\u015flenmektedir.<\/p>\n<p>T\u00fcm veriler, gizlilik politikam\u0131z ve y\u00fcr\u00fcrl\u00fckteki veri koruma mevzuat\u0131na uygun \u015fekilde i\u015flenmekte olup, yetkisiz eri\u015fime kar\u015f\u0131 geli\u015fmi\u015f g\u00fcvenlik \u00f6nlemleriyle korunmaktad\u0131r.[\/vc_column_text][\/vc_column][\/vc_row]<\/p>\n<\/div>","protected":false},"excerpt":{"rendered":"<p>[vc_row full_width=&#8221;stretch_row&#8221; kd_image_overlay_color=&#8221;rgba(10,10,10,0.31)&#8221; kd_image_overlay=&#8221;true&#8221; css=&#8221;.vc_custom_1622902452639{padding-top: 230px !important;padding-bottom: 80px !important;background-image: url(https:\/\/www.manaycpa.com\/wp-content\/uploads\/2021\/05\/pexels-sora-shimazaki-5668517-1-1.jpg?id=11802) !important;background-position: center !important;background-repeat: no-repeat !important;background-size: cover !important;}&#8221;][vc_column css=&#8221;.vc_custom_1513003956648{padding-top: 0px !important;}&#8221;][vc_row_inner][vc_column_inner width=&#8221;2\/3&#8243; css=&#8221;.vc_custom_1614437087047{padding-top: 20px !important;padding-bottom: 30px !important;padding-left: 0px !important;}&#8221; offset=&#8221;vc_col-lg-8&#8243;][\/vc_column_inner][\/vc_row_inner][\/vc_column][\/vc_row][vc_row][vc_column][vc_empty_space][\/vc_column][\/vc_row][vc_row][vc_column][vc_column_text css=&#8221;&#8221;]MANAY [&hellip;]<\/p>\n","protected":false},"author":7,"featured_media":0,"parent":9959,"menu_order":0,"comment_status":"closed","ping_status":"closed","template":"","meta":{"footnotes":""},"class_list":["post-18060","page","type-page","status-publish","hentry"],"_links":{"self":[{"href":"https:\/\/www.manaycpa.com\/tr\/wp-json\/wp\/v2\/pages\/18060","targetHints":{"allow":["GET"]}}],"collection":[{"href":"https:\/\/www.manaycpa.com\/tr\/wp-json\/wp\/v2\/pages"}],"about":[{"href":"https:\/\/www.manaycpa.com\/tr\/wp-json\/wp\/v2\/types\/page"}],"author":[{"embeddable":true,"href":"https:\/\/www.manaycpa.com\/tr\/wp-json\/wp\/v2\/users\/7"}],"replies":[{"embeddable":true,"href":"https:\/\/www.manaycpa.com\/tr\/wp-json\/wp\/v2\/comments?post=18060"}],"version-history":[{"count":3,"href":"https:\/\/www.manaycpa.com\/tr\/wp-json\/wp\/v2\/pages\/18060\/revisions"}],"predecessor-version":[{"id":60407,"href":"https:\/\/www.manaycpa.com\/tr\/wp-json\/wp\/v2\/pages\/18060\/revisions\/60407"}],"up":[{"embeddable":true,"href":"https:\/\/www.manaycpa.com\/tr\/wp-json\/wp\/v2\/pages\/9959"}],"wp:attachment":[{"href":"https:\/\/www.manaycpa.com\/tr\/wp-json\/wp\/v2\/media?parent=18060"}],"curies":[{"name":"wp","href":"https:\/\/api.w.org\/{rel}","templated":true}]}}