{"id":19076,"date":"2022-03-15T18:53:23","date_gmt":"2022-03-15T18:53:23","guid":{"rendered":"https:\/\/www.manaycpa.com\/?page_id=19076"},"modified":"2025-09-17T06:59:24","modified_gmt":"2025-09-17T10:59:24","slug":"vizyon-misyon-degerler","status":"publish","type":"page","link":"https:\/\/www.manaycpa.com\/tr\/vizyon-misyon-degerler\/","title":{"rendered":"Vizyon, Misyon ve De\u011ferler"},"content":{"rendered":"<div class=\"wpb-content-wrapper\"><p>[vc_row full_width=&#8221;stretch_row&#8221; kd_image_overlay_color=&#8221;rgba(10,6,6,0.51)&#8221; kd_image_overlay=&#8221;true&#8221; css=&#8221;.vc_custom_1647297226522{margin-top: 130px !important;padding-top: 100px !important;padding-bottom: 100px !important;background: #0f0909 url(https:\/\/www.manaycpa.com\/wp-content\/uploads\/2022\/03\/11bd30c4-07e3-453f-8927-4fae850bb3ad.webp?id=19049) !important;background-position: center !important;background-repeat: no-repeat !important;background-size: cover !important;}&#8221;][vc_column width=&#8221;1\/2&#8243; offset=&#8221;vc_col-lg-6 vc_col-md-12 vc_col-xs-12&#8243;][vc_row_inner][vc_column_inner css=&#8221;.vc_custom_1541519678532{padding-left: 0px !important;}&#8221;]<header class=\"kd-section-title col-lg-12 text-left  kd-animated fadeIn   vc_custom_1647370060142\" data-animation-delay=200><h2 class=\"separator_off\" style=\"color: #ffffff;\">Manay CPA K\u00fclt\u00fcr\u00fc:<\/h2><\/header><header class=\"kd-section-title col-lg-12 text-left  kd-animated fadeIn  \" data-animation-delay=200><h1 class=\"separator_off\" style=\"color: #ffffff;\">Mutlulu\u011fu Payla\u015ft\u0131\u011f\u0131m\u0131z Bir \u015eirket<\/h1><\/header>[\/vc_column_inner][\/vc_row_inner][\/vc_column][vc_column width=&#8221;1\/6&#8243;][\/vc_column][vc_column width=&#8221;1\/3&#8243; offset=&#8221;vc_col-lg-4 vc_col-md-12 vc_col-xs-12&#8243; css=&#8221;.vc_custom_1516103198991{padding-right: 0px !important;}&#8221;]<div class=\"kd-photobox kd-animated fadeInUp \" data-animation-delay=200><a href=\"https:\/\/www.manaycpa.com\/tr\/hakkimizda\/ekibimiz\/\" target=\"_blank\" title=\"https:\/\/www.manaycpa.com\/tr\/hakkimizda\/ekibimiz\/\"><div class=\"photobox-img\"><\/div><div class=\"phb-content text-left no-image\" style=\"background-color: #ffb71b;\">\n                  <h5 style=\"color: #ffffff;\">T\u00fcrkiye\u2019deki \u015firketleri d\u00fcnyan\u0131n en b\u00fcy\u00fck pazar\u0131 Amerika\u2019ya a\u00e7\u0131yor ve burada ba\u015far\u0131l\u0131 olmalar\u0131n\u0131 sa\u011fl\u0131yoruz.<\/h5>\n                  <p style=\"color: #ffffff;\">Ekibimizi Yak\u0131ndan Tan\u0131y\u0131n<\/p><\/div><\/a><\/div>[\/vc_column][\/vc_row][vc_row][vc_column]<div class=\"feature-sections-wrapper kd-fsp-6a056d65eac50 \">\r\n            <section class=\"feature-sections-tabs  \">\r\n              <nav class=\"kd-feature-tabs\">\r\n                <ul class=\"nav nav-tabs sticky-tabs container\">\r\n                <\/ul>\r\n              <\/nav>\r\n            <\/section>\r\n            <section id=\"kd-fss-6a056d65ead4d\" class=\"featured-right \"><li class=\"nav-label\"><a class=\"feature-tabs-scroll\" href=\"#kd-fss-6a056d65ead4d\"><i class=\"iconsmind-Ribbon-2 iconsmind-Signs-Symbols fss-nav-icon\" style=\" \"><\/i> Vizyonumuz<\/a><\/li><div class=\"container\">\r\n                <div class=\"side-content-wrapper \" ><i class=\"iconsmind-Ribbon-2 iconsmind-Signs-Symbols section-icon\" style=\" \"><\/i> <h2 class=\"side-content-title\" >Manay CPA<br \/>\n\u015eirket Vizyonu.<\/h2><h6 class=\"side-content-subtitle\" >B\u00fcy\u00fcmekte olan giri\u015fimciler, \u015firketler, yeni kurulan \u015firketler ve i\u015fletmeler i\u00e7in d\u00fcnyan\u0131n b\u00fct\u00fcnleyici orta\u011f\u0131 ve k\u0131lavuzu olmak.<\/h6><\/div><div class=\"side-featured-wrapper fss-rectangle\" >\r\n      <div class=\"featured-image\"><img decoding=\"async\" width=\"700\" height=\"456\" src=\"https:\/\/www.manaycpa.com\/wp-content\/uploads\/2022\/07\/Vision-1.png\" class=\"attachment-full\" alt=\"Manay CPA Company Vision\" title=\"Manay CPA Company Vision\" srcset=\"https:\/\/www.manaycpa.com\/wp-content\/uploads\/2022\/07\/Vision-1.png 700w, https:\/\/www.manaycpa.com\/wp-content\/uploads\/2022\/07\/Vision-1-300x195.png 300w\" sizes=\"(max-width: 700px) 100vw, 700px\" \/><\/div>\r\n    <\/div><\/div>\r\n            <\/section><section id=\"kd-fss-6a056d65eb29f\" class=\"featured-left \"><li class=\"nav-label\"><a class=\"feature-tabs-scroll\" href=\"#kd-fss-6a056d65eb29f\"><i class=\"iconsmind-Idea iconsmind-Design fss-nav-icon\" style=\" \"><\/i> Misyonumuz<\/a><\/li><div class=\"container\">\r\n                <div class=\"side-content-wrapper \" ><i class=\"iconsmind-Idea iconsmind-Design section-icon\" style=\" \"><\/i> <h2 class=\"side-content-title\" >Misyon.<br \/>\nLokal Ruh, Global Zihniyet!<\/h2><h6 class=\"side-content-subtitle\" >Lokal ruhumuz ve k\u00fcresel yeteneklerimizle, geni\u015f m\u00fc\u015fteri taban\u0131m\u0131za samimi, uzun s\u00fcreli ve s\u00fcrekli ili\u015fkiler kurarken, en y\u00fcksek potansiyellerine ula\u015fmalar\u0131 i\u00e7in onlara rehberlik etmek i\u00e7in var\u0131z.<\/h6><\/div><div class=\"side-featured-wrapper\" >\r\n      <div class=\"entry-video\">\r\n        <div class=\"video-cover\">\r\n            <div class=\"background-video-image\"><img decoding=\"async\" width=\"800\" height=\"600\" src=\"https:\/\/www.manaycpa.com\/wp-content\/uploads\/2024\/03\/Why-Manay-CPA.jpg\" class=\"attachment-full\" alt=\"\" title=\"Why-Manay-CPA\" srcset=\"https:\/\/www.manaycpa.com\/wp-content\/uploads\/2024\/03\/Why-Manay-CPA.jpg 800w, https:\/\/www.manaycpa.com\/wp-content\/uploads\/2024\/03\/Why-Manay-CPA-300x225.jpg 300w, https:\/\/www.manaycpa.com\/wp-content\/uploads\/2024\/03\/Why-Manay-CPA-768x576.jpg 768w\" sizes=\"(max-width: 800px) 100vw, 800px\" \/><\/div>\r\n          <div class=\"play-video kd-animate \"><span class=\"fa fa-play\"><\/span><\/div>\r\n          <iframe title=\"Burcu Manay ve Manay CPA Ekibi ile Tan\u0131\u015f\u0131n: Finansal Ba\u015far\u0131n\u0131z i\u00e7in ABD\u2019deki \u00c7\u00f6z\u00fcm Orta\u011f\u0131n\u0131z\" width=\"500\" height=\"281\" src=\"https:\/\/www.youtube.com\/embed\/JiAq21_4iOU?feature=oembed\" frameborder=\"0\" allow=\"accelerometer; autoplay; clipboard-write; encrypted-media; gyroscope; picture-in-picture; web-share\" referrerpolicy=\"strict-origin-when-cross-origin\" allowfullscreen><\/iframe>\r\n        <\/div>\r\n      <\/div>\r\n    <\/div><\/div>\r\n            <\/section><section id=\"kd-fss-6a056d65ec1bf\" class=\"featured-right \"><li class=\"nav-label\"><a class=\"feature-tabs-scroll\" href=\"#kd-fss-6a056d65ec1bf\"><i class=\"iconsmind-Life-Safer iconsmind-Objects fss-nav-icon\" style=\" \"><\/i> De\u011ferlerimiz<\/a><\/li><div class=\"container\">\r\n                <div class=\"side-content-wrapper \" ><i class=\"iconsmind-Life-Safer iconsmind-Objects section-icon\" style=\" \"><\/i> <h2 class=\"side-content-title\" >De\u011ferler.<br \/>\n\u00c7al\u0131\u015fan Memnuniyeti, M\u00fc\u015fteri Tatmini!<\/h2><h6 class=\"side-content-subtitle\" >De\u011ferlerimizin merkezinde \u00e7al\u0131\u015fanlar\u0131m\u0131z ve m\u00fc\u015fterilerimiz yer al\u0131r.<\/h6><div class=\"side-content-text\" ><\/p>\n<ul>\n<li>B\u00fct\u00fcnl\u00fck<\/li>\n<li>Ba\u011fl\u0131l\u0131k &amp; G\u00fcvenilirlik<\/li>\n<li>Etkili \u0130leti\u015fim<\/li>\n<li>Ki\u015fisel Ba\u015far\u0131<\/li>\n<\/ul>\n<p>\n<\/div><\/div><script type=\"text\/javascript\">\r\n      jQuery(document).ready(function($){\r\n        if ($(\".kd-featured-gallery-6a056d65ed178 .featured-gallery\").length) {\r\n          $(\".kd-featured-gallery-6a056d65ed178 .featured-gallery\").owlCarousel({\r\n            stageClass: \"owl-wrapper\",\r\n            stageOuterClass: \"owl-wrapper-outer\",\r\n            loadedClass: \"owl-carousel\",\r\n            items: 1,\r\n            rewind: true,\r\n            dots: true,\r\n            nav: false,\r\n            dotsSpeed: 500,autoplay: true,autoplayTimeout: 10000,\r\n            addClassActive: true,\r\n          });\r\n        }\r\n      });\r\n    <\/script><div class=\"side-featured-wrapper kd-featured-gallery-6a056d65ed178\" >\r\n      <div class=\"featured-gallery\"><img decoding=\"async\" width=\"650\" height=\"450\" src=\"https:\/\/www.manaycpa.com\/wp-content\/uploads\/2024\/05\/1-min.png\" class=\"ffs-gallery-img attachment-full\" alt=\"\" title=\"1-min\" srcset=\"https:\/\/www.manaycpa.com\/wp-content\/uploads\/2024\/05\/1-min.png 650w, https:\/\/www.manaycpa.com\/wp-content\/uploads\/2024\/05\/1-min-300x208.png 300w\" sizes=\"(max-width: 650px) 100vw, 650px\" \/><img decoding=\"async\" width=\"650\" height=\"450\" src=\"https:\/\/www.manaycpa.com\/wp-content\/uploads\/2024\/05\/5-min.png\" class=\"ffs-gallery-img attachment-full\" alt=\"\" title=\"5-min\" srcset=\"https:\/\/www.manaycpa.com\/wp-content\/uploads\/2024\/05\/5-min.png 650w, https:\/\/www.manaycpa.com\/wp-content\/uploads\/2024\/05\/5-min-300x208.png 300w\" sizes=\"(max-width: 650px) 100vw, 650px\" \/><img decoding=\"async\" width=\"650\" height=\"450\" src=\"https:\/\/www.manaycpa.com\/wp-content\/uploads\/2024\/05\/4-min.png\" class=\"ffs-gallery-img attachment-full\" alt=\"\" title=\"4-min\" srcset=\"https:\/\/www.manaycpa.com\/wp-content\/uploads\/2024\/05\/4-min.png 650w, https:\/\/www.manaycpa.com\/wp-content\/uploads\/2024\/05\/4-min-300x208.png 300w\" sizes=\"(max-width: 650px) 100vw, 650px\" \/><img decoding=\"async\" width=\"650\" height=\"450\" src=\"https:\/\/www.manaycpa.com\/wp-content\/uploads\/2024\/05\/3-min.png\" class=\"ffs-gallery-img attachment-full\" alt=\"\" title=\"3-min\" srcset=\"https:\/\/www.manaycpa.com\/wp-content\/uploads\/2024\/05\/3-min.png 650w, https:\/\/www.manaycpa.com\/wp-content\/uploads\/2024\/05\/3-min-300x208.png 300w\" sizes=\"(max-width: 650px) 100vw, 650px\" \/><img decoding=\"async\" width=\"650\" height=\"450\" src=\"https:\/\/www.manaycpa.com\/wp-content\/uploads\/2024\/05\/2-min.png\" class=\"ffs-gallery-img attachment-full\" alt=\"\" title=\"2-min\" srcset=\"https:\/\/www.manaycpa.com\/wp-content\/uploads\/2024\/05\/2-min.png 650w, https:\/\/www.manaycpa.com\/wp-content\/uploads\/2024\/05\/2-min-300x208.png 300w\" sizes=\"(max-width: 650px) 100vw, 650px\" \/><\/div>\r\n    <\/div><\/div>\r\n            <\/section>\r\n            <\/div><style type=\"text\/css\"><\/style>[\/vc_column][\/vc_row][vc_row][vc_column][vc_empty_space height=&#8221;50px&#8221;][\/vc_column][\/vc_row]<\/p>\n<\/div>","protected":false},"excerpt":{"rendered":"<p>[vc_row full_width=&#8221;stretch_row&#8221; kd_image_overlay_color=&#8221;rgba(10,6,6,0.51)&#8221; kd_image_overlay=&#8221;true&#8221; css=&#8221;.vc_custom_1647297226522{margin-top: 130px !important;padding-top: 100px !important;padding-bottom: 100px !important;background: #0f0909 url(https:\/\/www.manaycpa.com\/wp-content\/uploads\/2022\/03\/11bd30c4-07e3-453f-8927-4fae850bb3ad.webp?id=19049) !important;background-position: center !important;background-repeat: no-repeat !important;background-size: cover !important;}&#8221;][vc_column width=&#8221;1\/2&#8243; offset=&#8221;vc_col-lg-6 vc_col-md-12 vc_col-xs-12&#8243;][vc_row_inner][vc_column_inner css=&#8221;.vc_custom_1541519678532{padding-left: 0px !important;}&#8221;][\/vc_column_inner][\/vc_row_inner][\/vc_column][vc_column width=&#8221;1\/6&#8243;][\/vc_column][vc_column width=&#8221;1\/3&#8243; offset=&#8221;vc_col-lg-4 [&hellip;]<\/p>\n","protected":false},"author":8,"featured_media":0,"parent":0,"menu_order":0,"comment_status":"closed","ping_status":"closed","template":"","meta":{"footnotes":""},"class_list":["post-19076","page","type-page","status-publish","hentry"],"_links":{"self":[{"href":"https:\/\/www.manaycpa.com\/tr\/wp-json\/wp\/v2\/pages\/19076","targetHints":{"allow":["GET"]}}],"collection":[{"href":"https:\/\/www.manaycpa.com\/tr\/wp-json\/wp\/v2\/pages"}],"about":[{"href":"https:\/\/www.manaycpa.com\/tr\/wp-json\/wp\/v2\/types\/page"}],"author":[{"embeddable":true,"href":"https:\/\/www.manaycpa.com\/tr\/wp-json\/wp\/v2\/users\/8"}],"replies":[{"embeddable":true,"href":"https:\/\/www.manaycpa.com\/tr\/wp-json\/wp\/v2\/comments?post=19076"}],"version-history":[{"count":7,"href":"https:\/\/www.manaycpa.com\/tr\/wp-json\/wp\/v2\/pages\/19076\/revisions"}],"predecessor-version":[{"id":58624,"href":"https:\/\/www.manaycpa.com\/tr\/wp-json\/wp\/v2\/pages\/19076\/revisions\/58624"}],"wp:attachment":[{"href":"https:\/\/www.manaycpa.com\/tr\/wp-json\/wp\/v2\/media?parent=19076"}],"curies":[{"name":"wp","href":"https:\/\/api.w.org\/{rel}","templated":true}]}}