{"id":19415,"date":"2022-03-17T21:53:27","date_gmt":"2022-03-17T21:53:27","guid":{"rendered":"https:\/\/www.manaycpa.com\/?page_id=19415"},"modified":"2025-09-24T11:33:07","modified_gmt":"2025-09-24T15:33:07","slug":"odeme-sayfasi","status":"publish","type":"page","link":"https:\/\/www.manaycpa.com\/tr\/odeme-sayfasi\/","title":{"rendered":"\u00d6deme Sayfas\u0131"},"content":{"rendered":"<div class=\"wpb-content-wrapper\"><p>[vc_row full_width=&#8221;stretch_row&#8221; css=&#8221;.vc_custom_1647557328708{margin-right: 15px !important;padding-top: 200px !important;padding-bottom: 150px !important;background-image: url(https:\/\/www.manaycpa.com\/wp-content\/uploads\/2022\/03\/Green-Apple-Twitter-Header-1920-\u00d7-720-px.jpg?id=19433) !important;}&#8221;][vc_column width=&#8221;1\/2&#8243; offset=&#8221;vc_col-lg-5 vc_col-md-12&#8243;][vc_empty_space height=&#8221;150px&#8221;]<header class=\"kd-section-title col-lg-12 text-left  kd-animated fadeIn  \" data-animation-delay=200><h1 class=\"separator_off\" style=\"color: #ffffff;font-size: 42px;\">Kolay. H\u0131zl\u0131. G\u00fcvenilir.<\/h1><h4 class=\"subtitle \" style=\"color: #ffffff;\">\u00d6demelerinizi Banka Kart\u0131 veya Kredi Kart\u0131 ile Kolayca Yap\u0131n<\/h4><\/header>[vc_empty_space height=&#8221;10px&#8221;][vc_empty_space height=&#8221;50px&#8221;][\/vc_column][vc_column width=&#8221;7\/12&#8243;][vc_raw_html css=&#8221;&#8221;]JTNDJTIxLS0lMjBTdGFydCUyMG9mJTIwUGF5bWVudHMlMjBFbWJlZCUyMFNjcmlwdCUyMC0tJTNFJTBBJTNDZGl2JTIwY2xhc3MlM0QlMjJwYXltZW50cy1pZnJhbWUtY29udGFpbmVyJTIyJTIwZGF0YS1zcmMlM0QlMjJodHRwcyUzQSUyRiUyRmFwcC5odWJzcG90LmNvbSUyRnBheW1lbnRzJTJGNkpZcmNnS2Q5JTNGcmVmZXJyZXIlM0RQQVlNRU5UX0xJTktfRU1CRUQlMjZsYXlvdXQlM0RlbWJlZC1mdWxsJTIyJTNFJTNDJTJGZGl2JTNFJTBBJTNDc2NyaXB0JTIwdHlwZSUzRCUyMnRleHQlMkZqYXZhc2NyaXB0JTIyJTIwc3JjJTNEJTIyaHR0cHMlM0ElMkYlMkZzdGF0aWMuaHNhcHBzdGF0aWMubmV0JTJGcGF5bWVudHMtZW1iZWQlMkZleCUyRlBheW1lbnRzRW1iZWRDb2RlLmpzJTIyJTNFJTNDJTJGc2NyaXB0JTNFJTBBJTNDJTIxLS0lMjBFbmQlMjBvZiUyMFBheW1lbnRzJTIwRW1iZWQlMjBTY3JpcHQlMjAtLSUzRQ==[\/vc_raw_html][\/vc_column][\/vc_row][vc_row full_width=&#8221;stretch_row&#8221; css=&#8221;.vc_custom_1647557351316{background-color: #ffffff !important;}&#8221;][vc_column css=&#8221;.vc_custom_1516008777154{padding-right: 0px !important;padding-left: 0px !important;}&#8221;]<header class=\"kd-section-title col-lg-8 vc_col-sm-8 text-center     vc_custom_1647553753045\" ><h5 class=\"separator_off\" style=\"font-size: 40px;\">Di\u011fer Hizmetlerimize G\u00f6z At\u0131n<\/h5><h6 class=\"subtitle \" >Gelece\u011finiz ve bug\u00fcn\u00fcn\u00fcz i\u00e7in, uygun maliyetli \u00fcr\u00fcnlerimiz ve profesyonel ekibimizle hizmetinizdeyiz. Hizmetlerimiz ve nas\u0131l yard\u0131m edebilece\u011fimizi \u00f6\u011frenmek i\u00e7in herhangi birinin \u00fczerine t\u0131klay\u0131n.<\/h6><\/header>[vc_row_inner css=&#8221;.vc_custom_1647557357927{margin-bottom: 30px !important;background-color: #ffffff !important;}&#8221; el_class=&#8221;icons_part15&#8243;][vc_column_inner width=&#8221;1\/4&#8243;]<div class=\"key-icon-box icon-default icon-top cont-left ib-hover-2  kd-animated fadeInUp\" style=\"background-color: #ffffff;\" ><a href=\"https:\/\/www.manaycpa.com\/tr\/hizmetlerimiz\/amerikada-bireysel-vergi-muhasebe\/\" target=\"_blank\"><div class=\"ib-wrapper\"><i class=\"iconsmind-Align-Center iconsmind-Alignment-Paragraph\" style=\" \"><\/i> <h5 class=\"service-heading\" >Bireysel Hizmetler<\/h5><p >Mal varl\u0131klar\u0131n\u0131z\u0131 korumak i\u00e7in gereken her \u015feyi yap\u0131yoruz.<\/p><\/div><\/a><\/div>[\/vc_column_inner][vc_column_inner width=&#8221;1\/4&#8243;]<div class=\"key-icon-box icon-default icon-top cont-left ib-hover-2  kd-animated fadeInUp\" style=\"background-color: #ffffff;\" data-animation-delay=200><a href=\"https:\/\/www.manaycpa.com\/tr\/hizmetlerimiz\/amerikada-kucuk-isletme-muhasebesi\/\" target=\"_blank\"><div class=\"ib-wrapper\"><i class=\"iconsmind-Business-Man iconsmind-People\" style=\" \"><\/i> <h5 class=\"service-heading\" >Kurumsal Hizmetler<\/h5><p >\u015eirketinizin maksimum kar elde etmesini sa\u011flamak i\u00e7in buraday\u0131z.<\/p><\/div><\/a><\/div>[\/vc_column_inner][vc_column_inner width=&#8221;1\/4&#8243;]<div class=\"key-icon-box icon-default icon-top cont-left ib-hover-2  kd-animated fadeInUp\" style=\"background-color: #ffffff;\" data-animation-delay=400><a href=\"https:\/\/www.manaycpa.com\/tr\/hizmetlerimiz\/amerika-vergi-hizmetleri\/\" target=\"_blank\"><div class=\"ib-wrapper\"><i class=\"iconsmind-File-ClipboardFileText iconsmind-Files-Class\" style=\" \"><\/i> <h5 class=\"service-heading\" >Vergi<\/h5><p >Vergi y\u00fck\u00fcn\u00fcz\u00fc azaltmak i\u00e7in gereken stratejileri sizin i\u00e7in olu\u015fturuyoruz.<\/p><\/div><\/a><\/div>[\/vc_column_inner][vc_column_inner width=&#8221;1\/4&#8243;]<div class=\"key-icon-box icon-default icon-top cont-left ib-hover-2  kd-animated fadeInUp\" style=\"background-color: #ffffff;\" data-animation-delay=600><a href=\"https:\/\/www.manaycpa.com\/tr\/hizmetlerimiz\/quickbooks\/\" target=\"_blank\"><div class=\"ib-wrapper\"><i class=\"iconsmind-Computer-Secure iconsmind-Security\" style=\" \"><\/i> <h5 class=\"service-heading\" >QuickBooks Hizmetleri<\/h5><p >K\u00fc\u00e7\u00fck veya orta \u00f6l\u00e7ekli i\u015fletmeler i\u00e7in tasarlanm\u0131\u015f muhasebe program\u0131n\u0131 kuruyoruz.<\/p><\/div><\/a><\/div>[\/vc_column_inner][\/vc_row_inner][vc_row_inner css=&#8221;.vc_custom_1647557363895{padding-top: 50px !important;padding-bottom: 100px !important;background-color: #ffffff !important;}&#8221; el_class=&#8221;icons_part15&#8243;][vc_column_inner width=&#8221;1\/4&#8243;]<div class=\"key-icon-box icon-default icon-top cont-left ib-hover-2  kd-animated fadeInUp\" style=\"background-color: #ffffff;\" ><a href=\"https:\/\/www.manaycpa.com\/tr\/hizmetlerimiz\/amerikada-kucuk-isletme-muhasebesi\/\" target=\"_blank\"><div class=\"ib-wrapper\"><i class=\"iconsmind-Business-ManWoman iconsmind-People\" style=\" \"><\/i> <h5 class=\"service-heading\" >K\u00fc\u00e7\u00fck \u0130\u015fletme Muhasebesi<\/h5><p >Ek \u00fccret \u00f6demeden t\u00fcm i\u015flerinizi muhasebe uzmanlar\u0131m\u0131z ile \u00e7\u00f6z\u00fcme kavu\u015fturun.<\/p><\/div><\/a><\/div>[\/vc_column_inner][vc_column_inner width=&#8221;1\/4&#8243;]<div class=\"key-icon-box icon-default icon-top cont-left ib-hover-2  kd-animated fadeInUp\" style=\"background-color: #ffffff;\" data-animation-delay=200><a href=\"https:\/\/www.manaycpa.com\/tr\/hizmetlerimiz\/amerika-on-muhasebe\/\" target=\"_blank\"><div class=\"ib-wrapper\"><i class=\"iconsmind-Address-Book2 iconsmind-Communications-Network\" style=\" \"><\/i> <h5 class=\"service-heading\" >\u00d6n Muhasebe Hizmetleri<\/h5><p >Size \u00f6zel haz\u0131rlanan, son teknoloji uygulama ve hizmetlerden faydalan\u0131n.<\/p><\/div><\/a><\/div>[\/vc_column_inner][vc_column_inner width=&#8221;1\/4&#8243;]<div class=\"key-icon-box icon-default icon-top cont-left ib-hover-2  kd-animated fadeInUp\" style=\"background-color: #ffffff;\" data-animation-delay=400><a href=\"https:\/\/www.manaycpa.com\/tr\/hizmetlerimiz\/amerikada-bordrolandirma\/\" target=\"_blank\"><div class=\"ib-wrapper\"><i class=\"iconsmind-Money iconsmind-Business-Finance\" style=\" \"><\/i> <h5 class=\"service-heading\" >Bordrolama<\/h5><p >Enerjinizi \u015firketinizi b\u00fcy\u00fctmek yerine, bordroland\u0131rma ile harcamayacaks\u0131n\u0131z!<\/p><\/div><\/a><\/div>[\/vc_column_inner][vc_column_inner width=&#8221;1\/4&#8243;]<div class=\"key-icon-box icon-default icon-top cont-left ib-hover-2  kd-animated fadeInUp\" style=\"background-color: #ffffff;\" data-animation-delay=600><a href=\"https:\/\/www.manaycpa.com\/tr\/hizmetlerimiz\/amerika-vergilendirme-plani\/\" target=\"_blank\"><div class=\"ib-wrapper\"><i class=\"iconsmind-File-HorizontalText iconsmind-Files-Class\" style=\" \"><\/i> <h5 class=\"service-heading\" >Vergi Plan\u0131<\/h5><p >\u015eirketiniz ve sizin ihtiya\u00e7lar\u0131n\u0131z\u0131 anl\u0131yoruz. Vergi muafiyetleri i\u00e7in size \u00f6zel planlamalar!<\/p><\/div><\/a><\/div>[\/vc_column_inner][\/vc_row_inner][\/vc_column][\/vc_row]<\/p>\n<\/div>","protected":false},"excerpt":{"rendered":"<p>[vc_row full_width=&#8221;stretch_row&#8221; css=&#8221;.vc_custom_1647557328708{margin-right: 15px !important;padding-top: 200px !important;padding-bottom: 150px !important;background-image: url(https:\/\/www.manaycpa.com\/wp-content\/uploads\/2022\/03\/Green-Apple-Twitter-Header-1920-\u00d7-720-px.jpg?id=19433) !important;}&#8221;][vc_column width=&#8221;1\/2&#8243; offset=&#8221;vc_col-lg-5 vc_col-md-12&#8243;][vc_empty_space height=&#8221;150px&#8221;][vc_empty_space height=&#8221;10px&#8221;][vc_empty_space height=&#8221;50px&#8221;][\/vc_column][vc_column width=&#8221;7\/12&#8243;][vc_raw_html css=&#8221;&#8221;]JTNDJTIxLS0lMjBTdGFydCUyMG9mJTIwUGF5bWVudHMlMjBFbWJlZCUyMFNjcmlwdCUyMC0tJTNFJTBBJTNDZGl2JTIwY2xhc3MlM0QlMjJwYXltZW50cy1pZnJhbWUtY29udGFpbmVyJTIyJTIwZGF0YS1zcmMlM0QlMjJodHRwcyUzQSUyRiUyRmFwcC5odWJzcG90LmNvbSUyRnBheW1lbnRzJTJGNkpZcmNnS2Q5JTNGcmVmZXJyZXIlM0RQQVlNRU5UX0xJTktfRU1CRUQlMjZsYXlvdXQlM0RlbWJlZC1mdWxsJTIyJTNFJTNDJTJGZGl2JTNFJTBBJTNDc2NyaXB0JTIwdHlwZSUzRCUyMnRleHQlMkZqYXZhc2NyaXB0JTIyJTIwc3JjJTNEJTIyaHR0cHMlM0ElMkYlMkZzdGF0aWMuaHNhcHBzdGF0aWMubmV0JTJGcGF5bWVudHMtZW1iZWQlMkZleCUyRlBheW1lbnRzRW1iZWRDb2RlLmpzJTIyJTNFJTNDJTJGc2NyaXB0JTNFJTBBJTNDJTIxLS0lMjBFbmQlMjBvZiUyMFBheW1lbnRzJTIwRW1iZWQlMjBTY3JpcHQlMjAtLSUzRQ==[\/vc_raw_html][\/vc_column][\/vc_row][vc_row full_width=&#8221;stretch_row&#8221; css=&#8221;.vc_custom_1647557351316{background-color: #ffffff !important;}&#8221;][vc_column css=&#8221;.vc_custom_1516008777154{padding-right: 0px !important;padding-left: 0px !important;}&#8221;][vc_row_inner css=&#8221;.vc_custom_1647557357927{margin-bottom: 30px [&hellip;]<\/p>\n","protected":false},"author":8,"featured_media":0,"parent":0,"menu_order":0,"comment_status":"closed","ping_status":"closed","template":"","meta":{"footnotes":""},"class_list":["post-19415","page","type-page","status-publish","hentry"],"_links":{"self":[{"href":"https:\/\/www.manaycpa.com\/tr\/wp-json\/wp\/v2\/pages\/19415","targetHints":{"allow":["GET"]}}],"collection":[{"href":"https:\/\/www.manaycpa.com\/tr\/wp-json\/wp\/v2\/pages"}],"about":[{"href":"https:\/\/www.manaycpa.com\/tr\/wp-json\/wp\/v2\/types\/page"}],"author":[{"embeddable":true,"href":"https:\/\/www.manaycpa.com\/tr\/wp-json\/wp\/v2\/users\/8"}],"replies":[{"embeddable":true,"href":"https:\/\/www.manaycpa.com\/tr\/wp-json\/wp\/v2\/comments?post=19415"}],"version-history":[{"count":4,"href":"https:\/\/www.manaycpa.com\/tr\/wp-json\/wp\/v2\/pages\/19415\/revisions"}],"predecessor-version":[{"id":63173,"href":"https:\/\/www.manaycpa.com\/tr\/wp-json\/wp\/v2\/pages\/19415\/revisions\/63173"}],"wp:attachment":[{"href":"https:\/\/www.manaycpa.com\/tr\/wp-json\/wp\/v2\/media?parent=19415"}],"curies":[{"name":"wp","href":"https:\/\/api.w.org\/{rel}","templated":true}]}}