{"id":19877,"date":"2022-03-24T21:29:39","date_gmt":"2022-03-24T21:29:39","guid":{"rendered":"https:\/\/www.manaycpa.com\/?page_id=19877"},"modified":"2026-01-30T17:58:36","modified_gmt":"2026-01-30T21:58:36","slug":"manaycpa-danismanlik","status":"publish","type":"page","link":"https:\/\/www.manaycpa.com\/tr\/manaycpa-danismanlik\/","title":{"rendered":"ManayCPA Dan\u0131\u015fmanl\u0131k"},"content":{"rendered":"<div class=\"wpb-content-wrapper\"><p>[vc_row full_width=&#8221;stretch_row_content&#8221; css=&#8221;.vc_custom_1648151586629{margin-top: 100px !important;padding-top: 100px !important;padding-bottom: 100px !important;}&#8221;][vc_column css=&#8221;.vc_custom_1648151453405{padding-right: 0px !important;padding-left: 0px !important;}&#8221;][vc_row_inner][vc_column_inner width=&#8221;1\/4&#8243;][\/vc_column_inner][vc_column_inner width=&#8221;1\/2&#8243;][vc_empty_space][vc_empty_space]<div class=\"kd-text-rotator kd-rotatorid-69db9ef4ae23c text-center fours-text-rotator \"><div class=\"kd-text-rotator-container\"><h1 class=\"rotator-single kd-rotator-item-1 \" style=\" color: #000000;\">\u0130htiya\u00e7lar\u0131n\u0131z\u0131 ve hedeflerinizi belirlemek i\u00e7in buraday\u0131z.<\/h1><h1 class=\"rotator-single kd-rotator-item-2 last\" style=\"transition: all 0.5s 5s; color: #000000;\">Sizi dinliyor ve e\u015fsiz bir hizmet sunmak i\u00e7in birlikte \u00e7al\u0131\u015f\u0131yoruz.<\/h1><\/div><\/div>[vc_empty_space][vc_empty_space][vc_custom_heading text=&#8221;Manay CPA ekibi olarak sizlere daha faydal\u0131 olabilmek i\u00e7in \u00fccretli ve \u00fccretsiz dan\u0131\u015fmanl\u0131k servislerimiz ile tecr\u00fcbelerimizi ve bilgimizi payla\u015f\u0131yoruz.&#8221; font_container=&#8221;tag:p|font_size:16|text_align:center|color:%23000000&#8243; use_theme_fonts=&#8221;yes&#8221; css=&#8221;.vc_custom_1648163100242{margin-top: -10px !important;margin-bottom: 30px !important;}&#8221;][\/vc_column_inner][vc_column_inner width=&#8221;1\/4&#8243;][\/vc_column_inner][\/vc_row_inner][\/vc_column][\/vc_row][vc_row][vc_column][vc_row_inner][vc_column_inner width=&#8221;1\/2&#8243;]<div class=\"team-member design-classic kd-animated fadeInUp socials-disabled enable-contact-effect\" data-animation-delay=200>\r\n                    <div class=\"team-content\">\r\n                        <div class=\"team-image-overlay\"><\/div>\r\n                        <div class=\"team-image\"><a href=\"https:\/\/www.manaycpa.com\/tr\/ucretsiz-danismanlik\/\" target=\"_blank\"><img decoding=\"async\" width=\"500\" height=\"500\" src=\"https:\/\/www.manaycpa.com\/wp-content\/uploads\/2023\/06\/Office.png\" class=\"attachment-full\" alt=\"\" title=\"Office\" srcset=\"https:\/\/www.manaycpa.com\/wp-content\/uploads\/2023\/06\/Office.png 500w, https:\/\/www.manaycpa.com\/wp-content\/uploads\/2023\/06\/Office-300x300.png 300w, https:\/\/www.manaycpa.com\/wp-content\/uploads\/2023\/06\/Office-150x150.png 150w, https:\/\/www.manaycpa.com\/wp-content\/uploads\/2023\/06\/Office-320x320.png 320w\" sizes=\"(max-width: 500px) 100vw, 500px\" \/><\/a><\/div>\r\n                        <div class=\"team-content-text\" >\r\n                        <div class=\"team-content-text-inner\">\r\n                        <h5 >Manay CPA Ekibi<\/h5>\r\n                        <span class=\"team-subtitle\" >\u015eirket Kurulumu, Vergi, Muhasebe<\/span>\r\n                        <p >Amerika'da \u015firket kurulumu, vergi ve muhasebe konular\u0131yla ilgili ihtiya\u00e7lar\u0131n\u0131z\u0131 dinliyor, 15 dakikal\u0131k \u00fccretsiz dan\u0131\u015fmanl\u0131kla yol haritan\u0131z\u0131 belirliyoruz.<\/p><p class=\"team-link\"><a href=\"https:\/\/www.manaycpa.com\/tr\/ucretsiz-danismanlik\/\" target=\"_blank\">\u00dccretsiz Dan\u0131\u015fmanl\u0131k<\/a><\/p><div class=\"kd-team-contact\"><div class=\"kd-team-email\"><a href=\"mailto:info@manaycpa.com\"><span class=\"fa fa-envelope\"><\/span>info@manaycpa.com<\/a><\/div><\/div><\/div><\/div>\r\n                    <\/div>\r\n                <\/div>[\/vc_column_inner][vc_column_inner width=&#8221;1\/2&#8243;]<div class=\"team-member design-classic kd-animated fadeInUp socials-disabled enable-contact-effect\" data-animation-delay=200>\r\n                    <div class=\"team-content\">\r\n                        <div class=\"team-image-overlay\"><\/div>\r\n                        <div class=\"team-image\"><a href=\"https:\/\/app.hubspot.com\/payments\/3QnZE6gYTA?referrer=PAYMENT_LINK\" target=\"_blank\" rel=\"nofollow noopener\"><img decoding=\"async\" width=\"500\" height=\"500\" src=\"https:\/\/www.manaycpa.com\/wp-content\/uploads\/2023\/09\/Gulcin-Gurule.png\" class=\"attachment-full\" alt=\"Gu\u0308lc\u0327in Gu\u0308ru\u0308le\" title=\"Gu\u0308lc\u0327in Gu\u0308ru\u0308le\" srcset=\"https:\/\/www.manaycpa.com\/wp-content\/uploads\/2023\/09\/Gulcin-Gurule.png 500w, https:\/\/www.manaycpa.com\/wp-content\/uploads\/2023\/09\/Gulcin-Gurule-300x300.png 300w, https:\/\/www.manaycpa.com\/wp-content\/uploads\/2023\/09\/Gulcin-Gurule-150x150.png 150w, https:\/\/www.manaycpa.com\/wp-content\/uploads\/2023\/09\/Gulcin-Gurule-320x320.png 320w\" sizes=\"(max-width: 500px) 100vw, 500px\" \/><\/a><\/div>\r\n                        <div class=\"team-content-text\" >\r\n                        <div class=\"team-content-text-inner\">\r\n                        <h5 >G\u00fcl\u00e7in Gurule<\/h5>\r\n                        <span class=\"team-subtitle\" >Partner &amp; California Office Leader<\/span>\r\n                        <p >Kurumsal \u015firketlerin Uluslararas\u0131 Vergi, Post Incorporation veya Transfer Pricing gibi ABD pazar\u0131ndaki en kritik s\u00fcre\u00e7lerle ilgili dan\u0131\u015fmanl\u0131k hizmeti.<\/p><p class=\"team-link\"><a href=\"https:\/\/app.hubspot.com\/payments\/3QnZE6gYTA?referrer=PAYMENT_LINK\" target=\"_blank\" rel=\"nofollow noopener\">Dan\u0131\u015fmanl\u0131k Hizmeti - $450<\/a><\/p><div class=\"kd-team-contact\"><div class=\"kd-team-email\"><a href=\"mailto:ggurule@manaycpa.com\"><span class=\"fa fa-envelope\"><\/span>ggurule@manaycpa.com<\/a><\/div><\/div><\/div><\/div>\r\n                    <\/div>\r\n                <\/div>[\/vc_column_inner][\/vc_row_inner][\/vc_column][\/vc_row][vc_row full_width=&#8221;stretch_row&#8221;][vc_column css=&#8221;.vc_custom_1516095014613{padding-right: 0px !important;padding-left: 0px !important;}&#8221;][vc_row_inner css=&#8221;.vc_custom_1516095068213{padding-top: 100px !important;padding-bottom: 100px !important;}&#8221;][vc_column_inner width=&#8221;1\/6&#8243; offset=&#8221;vc_col-lg-2 vc_hidden-md vc_hidden-sm vc_hidden-xs&#8221;][\/vc_column_inner][vc_column_inner offset=&#8221;vc_col-lg-8&#8243;][vc_custom_heading text=&#8221;Finansal ipu\u00e7lar\u0131, vergilerinizin son \u00f6deme tarihleri ve di\u011fer vergi stratejileri i\u00e7in b\u00fcltenimize abone olun&#8221; font_container=&#8221;tag:h3|text_align:center&#8221; use_theme_fonts=&#8221;yes&#8221; css_animation=&#8221;fadeIn&#8221; css=&#8221;.vc_custom_1617457767275{margin-bottom: 50px !important;}&#8221;][vc_empty_space][vc_raw_js]JTNDc2NyaXB0JTIwY2hhcnNldCUzRCUyMnV0Zi04JTIyJTIwdHlwZSUzRCUyMnRleHQlMkZqYXZhc2NyaXB0JTIyJTIwc3JjJTNEJTIyJTJGJTJGanMuaHNmb3Jtcy5uZXQlMkZmb3JtcyUyRmVtYmVkJTJGdjIuanMlMjIlM0UlM0MlMkZzY3JpcHQlM0UlMEElM0NzY3JpcHQlM0UlMEElMjAlMjBoYnNwdC5mb3Jtcy5jcmVhdGUlMjglN0IlMEElMjAlMjAlMjAlMjByZWdpb24lM0ElMjAlMjJuYTElMjIlMkMlMEElMjAlMjAlMjAlMjBwb3J0YWxJZCUzQSUyMCUyMjY4NTU2NzQlMjIlMkMlMEElMjAlMjAlMjAlMjBmb3JtSWQlM0ElMjAlMjJhMTJlMjNiYy03MjM5LTQ0YzItODI5Yi05OGUzY2E2YTMzOTQlMjIlMEElMjAlMjAlN0QlMjklM0IlMEElM0MlMkZzY3JpcHQlM0U=[\/vc_raw_js][\/vc_column_inner][vc_column_inner width=&#8221;1\/4&#8243; offset=&#8221;vc_col-lg-2 vc_hidden-md vc_hidden-sm vc_hidden-xs&#8221;][\/vc_column_inner][\/vc_row_inner][\/vc_column][\/vc_row]<\/p>\n<\/div>","protected":false},"excerpt":{"rendered":"<p>[vc_row full_width=&#8221;stretch_row_content&#8221; css=&#8221;.vc_custom_1648151586629{margin-top: 100px !important;padding-top: 100px !important;padding-bottom: 100px !important;}&#8221;][vc_column css=&#8221;.vc_custom_1648151453405{padding-right: 0px !important;padding-left: 0px !important;}&#8221;][vc_row_inner][vc_column_inner width=&#8221;1\/4&#8243;][\/vc_column_inner][vc_column_inner width=&#8221;1\/2&#8243;][vc_empty_space][vc_empty_space][vc_empty_space][vc_empty_space][vc_custom_heading text=&#8221;Manay CPA ekibi olarak sizlere daha faydal\u0131 olabilmek i\u00e7in \u00fccretli ve \u00fccretsiz dan\u0131\u015fmanl\u0131k servislerimiz [&hellip;]<\/p>\n","protected":false},"author":8,"featured_media":0,"parent":0,"menu_order":0,"comment_status":"closed","ping_status":"closed","template":"","meta":{"footnotes":""},"class_list":["post-19877","page","type-page","status-publish","hentry"],"_links":{"self":[{"href":"https:\/\/www.manaycpa.com\/tr\/wp-json\/wp\/v2\/pages\/19877","targetHints":{"allow":["GET"]}}],"collection":[{"href":"https:\/\/www.manaycpa.com\/tr\/wp-json\/wp\/v2\/pages"}],"about":[{"href":"https:\/\/www.manaycpa.com\/tr\/wp-json\/wp\/v2\/types\/page"}],"author":[{"embeddable":true,"href":"https:\/\/www.manaycpa.com\/tr\/wp-json\/wp\/v2\/users\/8"}],"replies":[{"embeddable":true,"href":"https:\/\/www.manaycpa.com\/tr\/wp-json\/wp\/v2\/comments?post=19877"}],"version-history":[{"count":5,"href":"https:\/\/www.manaycpa.com\/tr\/wp-json\/wp\/v2\/pages\/19877\/revisions"}],"predecessor-version":[{"id":64818,"href":"https:\/\/www.manaycpa.com\/tr\/wp-json\/wp\/v2\/pages\/19877\/revisions\/64818"}],"wp:attachment":[{"href":"https:\/\/www.manaycpa.com\/tr\/wp-json\/wp\/v2\/media?parent=19877"}],"curies":[{"name":"wp","href":"https:\/\/api.w.org\/{rel}","templated":true}]}}