{"id":50573,"date":"2022-11-02T14:20:43","date_gmt":"2022-11-02T14:20:43","guid":{"rendered":"https:\/\/www.manaycpa.com\/?page_id=50573"},"modified":"2025-02-13T16:22:24","modified_gmt":"2025-02-13T16:22:24","slug":"al-meyers","status":"publish","type":"page","link":"https:\/\/www.manaycpa.com\/tr\/hakkimizda\/ekibimiz\/al-meyers\/","title":{"rendered":"Al Meyers, CPA, MBA"},"content":{"rendered":"<div class=\"wpb-content-wrapper\"><p>[vc_row full_width=&#8221;stretch_row&#8221; css=&#8221;.vc_custom_1629916042978{padding-top: 100px !important;padding-bottom: 80px !important;background-image: url(https:\/\/www.manaycpa.com\/wp-content\/uploads\/2021\/02\/team-manay-1s.jpg?id=9932) !important;}&#8221;][vc_column][vc_row_inner][vc_column_inner][vc_empty_space height=&#8221;50px&#8221;]<header class=\"kd-section-title col-lg-12 text-center  kd-animated fadeIn   vc_custom_1632144895164\" data-animation-delay=200><h2 class=\"separator_off\" style=\"color: #ffffff;font-size: 46px !important;\">Manay CPA Ekibi<\/h2><h6 class=\"subtitle \" style=\"color: #ffffff;\">\u0130\u015f d\u00fcnyas\u0131ndaki uzun y\u0131llard\u0131r s\u00fcregelen uzmanl\u0131\u011f\u0131m\u0131z ile her zaman size yard\u0131m etmeye haz\u0131r\u0131z.<\/h6><\/header>[\/vc_column_inner][\/vc_row_inner][\/vc_column][\/vc_row][vc_row][vc_column width=&#8221;1\/4&#8243; offset=&#8221;vc_col-lg-1&#8243;][\/vc_column][vc_column width=&#8221;1\/4&#8243; offset=&#8221;vc_col-lg-6&#8243;][vc_empty_space height=&#8221;70px&#8221;]<header class=\"kd-section-title col-lg-12 text-left  kd-animated fadeIn  \" data-animation-delay=200><h1 class=\"separator_off\" style=\"font-size: 37px !important;line-height: 44px;\">Al Meyers, CPA, MBA <sup>TR<\/sup><\/h1><\/header><header class=\"kd-section-title col-lg-12 text-left  kd-animated fadeIn  \" data-animation-delay=200><h2 class=\"separator_off\" style=\"font-size: 22px !important;line-height: 44px;\">Sr. Director of Tax Services &amp; Strategic Planning<\/h2><\/header>[vc_empty_space height=&#8221;20px&#8221;]<a href=\"https:\/\/www.linkedin.com\/in\/almeyers\/\" target=\"_blank\" title=\"https:\/\/www.linkedin.com\/in\/almeyers\/\" class=\"tt_button tt_primary_button btn_primary_color  pull-left button-action-link\" rel=\"nofollow noopener\"><span class=\"prim_text\">L\u0131nkedIn<\/span><\/a>[\/vc_column][vc_column width=&#8221;1\/4&#8243; offset=&#8221;vc_col-lg-4&#8243;][vc_empty_space height=&#8221;50px&#8221;][vc_single_image image=&#8221;56338&#8243; img_size=&#8221;full&#8221; style=&#8221;vc_box_shadow_border&#8221; css_animation=&#8221;fadeInLeft&#8221;][\/vc_column][vc_column width=&#8221;1\/4&#8243;][\/vc_column][\/vc_row][vc_row][vc_column width=&#8221;1\/12&#8243; offset=&#8221;vc_col-lg-1&#8243;][\/vc_column][vc_column width=&#8221;2\/3&#8243; css=&#8221;.vc_custom_1614418963997{padding-right: 25px !important;}&#8221; offset=&#8221;vc_col-lg-8 vc_col-md-12 vc_col-xs-12&#8243;][vc_empty_space height=&#8221;20px&#8221;][vc_column_text css=&#8221;&#8221;]<\/p>\n<h3><b>Profesyonel Deneyimleri<\/b><\/h3>\n<p>Al Meyers, Yeminli Mali M\u00fc\u015favir ve g\u00fcvenilir bir vergi ve i\u015fletme dan\u0131\u015fman\u0131d\u0131r. Al&#8217;in son deneyimi, ulusal bir vergi haz\u0131rl\u0131\u011f\u0131, finansal hizmetler ve k\u00fc\u00e7\u00fck i\u015fletme \u00e7\u00f6z\u00fcmleri sa\u011flay\u0131c\u0131s\u0131 i\u00e7in bireysel ve ticari vergi haz\u0131rl\u0131\u011f\u0131, dan\u0131\u015fmanl\u0131k ve uyumluluk hizmetlerini i\u00e7erir. Al, otuz y\u0131ll\u0131k kariyeri boyunca \u015firketlerin pazar bo\u015fluklar\u0131n\u0131 belirlemesine ve f\u0131rsatlar\u0131 \u00f6l\u00e7eklenebilir i\u015fletmelere d\u00f6n\u00fc\u015ft\u00fcrmesine yard\u0131mc\u0131 olmu\u015ftur.<\/p>\n<p>Profesyonel kariyerine Ernst &amp; Young&#8217;da denet\u00e7i olarak ba\u015flad\u0131ktan sonra Al, \u00e7o\u011fu Turner Broadcasting&#8217;de ge\u00e7irilen medya ve e\u011flence end\u00fcstrisinde 20 y\u0131ldan fazla zaman ge\u00e7irdi. Meyers ayr\u0131ca Atlanta&#8217;daki iki tane kar amac\u0131 g\u00fctmeyen kurulu\u015fun kurucusudur: TEDxPeachtree (TEDxAtlanta olarak birle\u015ftirildi) ve Atlanta M\u00fczik Projesi.<\/p>\n<p>Al&#8217;\u0131n profesyonel yetkinlikleri \u015funlar\u0131 i\u00e7erir:<br \/>\n\u2022 bireysel ve ticari vergi haz\u0131rlama, dan\u0131\u015fmanl\u0131k ve uyum hizmetleri<br \/>\n\u2022 finansal planlama ve analiz<br \/>\n\u2022 proforma finansal modelleme<br \/>\n\u2022 stratejik planlama<br \/>\n\u2022 kurumsal\/i\u015f geli\u015ftirme<br \/>\n\u2022 birle\u015fme ve devralmalar<br \/>\n\u2022 i\u015f kolu ba\u015flang\u0131\u00e7 \u200b\u200bolu\u015fturma ve dan\u0131\u015fmanl\u0131k hizmetleri<br \/>\n\u2022 kurumsal de\u011ferleme<br \/>\n\u2022 kar amac\u0131 g\u00fctmeyen y\u00f6netim<\/p>\n<p>Al, lisans derecesini Pennsylvania \u00dcniversitesi&#8217;ndeki Wharton \u0130\u015fletme Okulu&#8217;ndan ve \u0130\u015fletme Y\u00fcksek Lisans derecesini New York \u00dcniversitesi&#8217;ndeki Leonard Stern \u0130\u015fletme Okulu&#8217;ndan ald\u0131.<\/p>\n<h3><b>Manay CPA&#8217;deki Yeri<\/b><\/h3>\n<p>Manay CPA\u2019in m\u00fc\u015fterileri ve potansiyel m\u00fc\u015fterileri ile ili\u015fkileri ve koordinasyonu geli\u015ftirmekten sorumlu oldu\u011fu Manay\u2019\u0131n Atlanta ofisinde Director, Tax Services olarak \u00e7al\u0131\u015fmaktad\u0131r.<\/p>\n<p>\u2022 defter tutma<br \/>\n\u2022 yerel ve uluslararas\u0131 vergi haz\u0131rl\u0131\u011f\u0131<br \/>\n\u2022 dan\u0131\u015fmanl\u0131k ve uyumluluk hizmetleri<br \/>\n\u2022 mali dan\u0131\u015fmanl\u0131k<\/p>\n<h3><b>Sosyal Hayatta<\/b><\/h3>\n<p>Al, All-State lise futbol kalecisi ve All-IVY Division I Kolej Beyzbol oyuncusu oldu\u011fu g\u00fcnlerinden kaynaklanan, \u00f6zellikle beyzbol ve futbol olmak \u00fczere \u00e7o\u011fu sporu oynamay\u0131 ve izlemeyi sever. Al ayn\u0131 zamanda Penn Mezunlar M\u00fclakat Program\u0131n\u0131n E\u015f Ba\u015fkan\u0131d\u0131r Metro Atlanta&#8217;n\u0131n bir \u00fcyesidir ve gen\u00e7 \u00f6\u011frencilere ve \u00f6\u011frenci-sporculara rehberlik etmekten ho\u015flan\u0131r. En \u00f6nemlisi, Al e\u015fi ve iki \u00e7ocu\u011fuyla ailece vakit ge\u00e7irmekten ho\u015flan\u0131r.[\/vc_column_text][\/vc_column][\/vc_row][vc_row full_width=&#8221;stretch_row&#8221; css=&#8221;.vc_custom_1614419641251{background-color: #ffffff !important;}&#8221;][vc_column width=&#8221;1\/6&#8243; offset=&#8221;vc_col-lg-2&#8243;][\/vc_column][vc_column width=&#8221;2\/3&#8243; css=&#8221;.vc_custom_1614419340057{padding-right: 0px !important;padding-left: 0px !important;}&#8221; offset=&#8221;vc_col-lg-8&#8243;][vc_row_inner css=&#8221;.vc_custom_1511348683940{padding-top: 100px !important;padding-bottom: 100px !important;}&#8221;][vc_column_inner offset=&#8221;vc_col-lg-12 vc_col-md-12&#8243;][vc_custom_heading text=&#8221;Finansal ipu\u00e7lar\u0131, vergilerinizin son \u00f6deme tarihleri ve di\u011fer vergi stratejileri i\u00e7in b\u00fcltenimize abone olun&#8221; font_container=&#8221;tag:h3|font_size:23px%20!important|text_align:center|line_height:44px&#8221; use_theme_fonts=&#8221;yes&#8221; css_animation=&#8221;fadeIn&#8221; css=&#8221;.vc_custom_1617487578282{margin-bottom: 0px !important;}&#8221;][vc_empty_space height=&#8221;20px&#8221;][vc_raw_js]JTNDc2NyaXB0JTIwY2hhcnNldCUzRCUyMnV0Zi04JTIyJTIwdHlwZSUzRCUyMnRleHQlMkZqYXZhc2NyaXB0JTIyJTIwc3JjJTNEJTIyJTJGJTJGanMuaHNmb3Jtcy5uZXQlMkZmb3JtcyUyRnYyLmpzJTIyJTNFJTNDJTJGc2NyaXB0JTNFJTBBJTNDc2NyaXB0JTNFJTBBJTIwJTIwaGJzcHQuZm9ybXMuY3JlYXRlJTI4JTdCJTBBJTIwJTIwJTIwJTIwcmVnaW9uJTNBJTIwJTIybmExJTIyJTJDJTBBJTIwJTIwJTIwJTIwcG9ydGFsSWQlM0ElMjAlMjI2ODU1Njc0JTIyJTJDJTBBJTIwJTIwJTIwJTIwZm9ybUlkJTNBJTIwJTIyYjZhZGFjZGQtOWQ4Ni00YWI4LWJjYjQtZWY5ZTUzMzM4ZDg2JTIyJTBBJTIwJTIwJTdEJTI5JTNCJTBBJTNDJTJGc2NyaXB0JTNF[\/vc_raw_js][\/vc_column_inner][\/vc_row_inner][\/vc_column][vc_column width=&#8221;1\/6&#8243; offset=&#8221;vc_col-lg-2&#8243;][\/vc_column][\/vc_row]<\/p>\n<\/div>","protected":false},"excerpt":{"rendered":"<p>[vc_row full_width=&#8221;stretch_row&#8221; css=&#8221;.vc_custom_1629916042978{padding-top: 100px !important;padding-bottom: 80px !important;background-image: url(https:\/\/www.manaycpa.com\/wp-content\/uploads\/2021\/02\/team-manay-1s.jpg?id=9932) !important;}&#8221;][vc_column][vc_row_inner][vc_column_inner][vc_empty_space height=&#8221;50px&#8221;][\/vc_column_inner][\/vc_row_inner][\/vc_column][\/vc_row][vc_row][vc_column width=&#8221;1\/4&#8243; offset=&#8221;vc_col-lg-1&#8243;][\/vc_column][vc_column width=&#8221;1\/4&#8243; offset=&#8221;vc_col-lg-6&#8243;][vc_empty_space height=&#8221;70px&#8221;][vc_empty_space height=&#8221;20px&#8221;][\/vc_column][vc_column width=&#8221;1\/4&#8243; offset=&#8221;vc_col-lg-4&#8243;][vc_empty_space height=&#8221;50px&#8221;][vc_single_image image=&#8221;56338&#8243; img_size=&#8221;full&#8221; style=&#8221;vc_box_shadow_border&#8221; css_animation=&#8221;fadeInLeft&#8221;][\/vc_column][vc_column width=&#8221;1\/4&#8243;][\/vc_column][\/vc_row][vc_row][vc_column width=&#8221;1\/12&#8243; offset=&#8221;vc_col-lg-1&#8243;][\/vc_column][vc_column width=&#8221;2\/3&#8243; css=&#8221;.vc_custom_1614418963997{padding-right: 25px !important;}&#8221; [&hellip;]<\/p>\n","protected":false},"author":8,"featured_media":0,"parent":9917,"menu_order":0,"comment_status":"closed","ping_status":"closed","template":"","meta":{"footnotes":""},"class_list":["post-50573","page","type-page","status-publish","hentry"],"_links":{"self":[{"href":"https:\/\/www.manaycpa.com\/tr\/wp-json\/wp\/v2\/pages\/50573","targetHints":{"allow":["GET"]}}],"collection":[{"href":"https:\/\/www.manaycpa.com\/tr\/wp-json\/wp\/v2\/pages"}],"about":[{"href":"https:\/\/www.manaycpa.com\/tr\/wp-json\/wp\/v2\/types\/page"}],"author":[{"embeddable":true,"href":"https:\/\/www.manaycpa.com\/tr\/wp-json\/wp\/v2\/users\/8"}],"replies":[{"embeddable":true,"href":"https:\/\/www.manaycpa.com\/tr\/wp-json\/wp\/v2\/comments?post=50573"}],"version-history":[{"count":9,"href":"https:\/\/www.manaycpa.com\/tr\/wp-json\/wp\/v2\/pages\/50573\/revisions"}],"predecessor-version":[{"id":60244,"href":"https:\/\/www.manaycpa.com\/tr\/wp-json\/wp\/v2\/pages\/50573\/revisions\/60244"}],"up":[{"embeddable":true,"href":"https:\/\/www.manaycpa.com\/tr\/wp-json\/wp\/v2\/pages\/9917"}],"wp:attachment":[{"href":"https:\/\/www.manaycpa.com\/tr\/wp-json\/wp\/v2\/media?parent=50573"}],"curies":[{"name":"wp","href":"https:\/\/api.w.org\/{rel}","templated":true}]}}