{"id":51773,"date":"2022-12-21T21:59:55","date_gmt":"2022-12-21T21:59:55","guid":{"rendered":"https:\/\/www.manaycpa.com\/?page_id=51773"},"modified":"2024-02-22T16:16:27","modified_gmt":"2024-02-22T16:16:27","slug":"elif-guvenir","status":"publish","type":"page","link":"https:\/\/www.manaycpa.com\/tr\/hakkimizda\/ekibimiz\/elif-guvenir\/","title":{"rendered":"Elif G\u00fcvenir"},"content":{"rendered":"<div class=\"wpb-content-wrapper\"><p>[vc_row full_width=&#8221;stretch_row&#8221; css=&#8221;.vc_custom_1629916042978{padding-top: 100px !important;padding-bottom: 80px !important;background-image: url(https:\/\/www.manaycpa.com\/wp-content\/uploads\/2021\/02\/team-manay-1s.jpg?id=9932) !important;}&#8221;][vc_column][vc_row_inner][vc_column_inner][vc_empty_space height=&#8221;50px&#8221;]<header class=\"kd-section-title col-lg-12 text-center  kd-animated fadeIn   vc_custom_1632144895164\" data-animation-delay=200><h2 class=\"separator_off\" style=\"color: #ffffff;font-size: 46px !important;\">Manay CPA Ekibi<\/h2><h6 class=\"subtitle \" style=\"color: #ffffff;\">\u0130\u015f d\u00fcnyas\u0131ndaki uzun y\u0131llard\u0131r s\u00fcregelen uzmanl\u0131\u011f\u0131m\u0131z ile her zaman size yard\u0131m etmeye haz\u0131r\u0131z.<\/h6><\/header>[\/vc_column_inner][\/vc_row_inner][\/vc_column][\/vc_row][vc_row][vc_column width=&#8221;1\/4&#8243; offset=&#8221;vc_col-lg-1&#8243;][\/vc_column][vc_column width=&#8221;1\/4&#8243; offset=&#8221;vc_col-lg-6&#8243;][vc_empty_space height=&#8221;70px&#8221;]<header class=\"kd-section-title col-lg-12 text-left  kd-animated fadeIn  \" data-animation-delay=200><h1 class=\"separator_off\" style=\"font-size: 37px !important;line-height: 44px;\">Elif G\u00fcvenir<\/h1><\/header><header class=\"kd-section-title col-lg-12 text-left  kd-animated fadeIn  \" data-animation-delay=200><h2 class=\"separator_off\" style=\"font-size: 22px !important;line-height: 44px;\">Executive Assistant Supervisor<\/h2><\/header>[vc_empty_space height=&#8221;20px&#8221;]<a href=\"https:\/\/www.linkedin.com\/in\/elif-aky%C3%BCrek-g%C3%BCvenir\/\" target=\"_blank\" title=\"https:\/\/www.linkedin.com\/in\/elif-aky%C3%BCrek-g%C3%BCvenir\/\" class=\"tt_button tt_primary_button btn_primary_color  pull-left button-action-link\" rel=\"nofollow noopener\"><span class=\"prim_text\">L\u0131nkedIn<\/span><\/a>[\/vc_column][vc_column width=&#8221;1\/4&#8243; offset=&#8221;vc_col-lg-4&#8243;][vc_empty_space height=&#8221;50px&#8221;][vc_single_image image=&#8221;56422&#8243; img_size=&#8221;full&#8221; style=&#8221;vc_box_shadow_border&#8221; css_animation=&#8221;fadeInLeft&#8221;][\/vc_column][vc_column width=&#8221;1\/4&#8243;][\/vc_column][\/vc_row][vc_row][vc_column width=&#8221;1\/12&#8243; offset=&#8221;vc_col-lg-1&#8243;][\/vc_column][vc_column width=&#8221;2\/3&#8243; css=&#8221;.vc_custom_1614418963997{padding-right: 25px !important;}&#8221; offset=&#8221;vc_col-lg-8 vc_col-md-12 vc_col-xs-12&#8243;][vc_empty_space height=&#8221;20px&#8221;][vc_column_text]<\/p>\n<h3><b>Profesyonel Deneyimleri<\/b><\/h3>\n<p>Elif, 2015 y\u0131l\u0131nda Bilkent \u00dcniversitesi Uluslararas\u0131 \u0130li\u015fkiler B\u00f6l\u00fcm\u00fc&#8217;nden mezun oldu ve profesyonel hayat\u0131nda \u00e7e\u015fitli sekt\u00f6rlerde \u00e7al\u0131\u015ft\u0131. Kariyerine Manay CPA&#8217;de ba\u015flamadan \u00f6nce farkl\u0131 \u015firketlerde pazarlama uzman\u0131, idari koordinat\u00f6r, proje asistan\u0131 ve proje y\u00f6neticisi olarak \u00e7al\u0131\u015ft\u0131.<\/p>\n<h3><b>Manay CPA&#8217;deki Yeri<\/b><\/h3>\n<p>Elif, Manay CPA&#8217;de Y\u00f6netici Asistan\u0131 (Executive Assistant Supervisor) olarak \u00e7al\u0131\u015f\u0131yor; CEO&#8217;ya ve y\u00f6netici liderlik ekibine i\u015f ve ki\u015fisel d\u00fczeyde destek, takvim ve toplant\u0131 y\u00f6netimi, seyahat ve lojistik koordinasyonu, idari g\u00f6rev y\u00f6netimi, ar\u015fivleme ve belge haz\u0131rlama b\u00fcrokrasi g\u00f6revleri ve daha fazlas\u0131ndan sorumludur.<\/p>\n<h3><b>Sosyal Hayatta<\/b><\/h3>\n<p>Elif do\u011fada vakit ge\u00e7irmeyi sever. Okumay\u0131, yogay\u0131, sanat\u0131 ve seyahat etmeyi \u00e7ok seviyor ve bo\u015f zamanlar\u0131nda bunlara vakit ay\u0131rmaya \u00e7al\u0131\u015f\u0131yor.[\/vc_column_text][\/vc_column][\/vc_row][vc_row full_width=&#8221;stretch_row&#8221; css=&#8221;.vc_custom_1614419641251{background-color: #ffffff !important;}&#8221;][vc_column width=&#8221;1\/6&#8243; offset=&#8221;vc_col-lg-2&#8243;][\/vc_column][vc_column width=&#8221;2\/3&#8243; css=&#8221;.vc_custom_1614419340057{padding-right: 0px !important;padding-left: 0px !important;}&#8221; offset=&#8221;vc_col-lg-8&#8243;][vc_row_inner css=&#8221;.vc_custom_1511348683940{padding-top: 100px !important;padding-bottom: 100px !important;}&#8221;][vc_column_inner offset=&#8221;vc_col-lg-12 vc_col-md-12&#8243;][vc_custom_heading text=&#8221;Finansal ipu\u00e7lar\u0131, vergilerinizin son \u00f6deme tarihleri ve di\u011fer vergi stratejileri i\u00e7in b\u00fcltenimize abone olun&#8221; font_container=&#8221;tag:h3|font_size:23px%20!important|text_align:center|line_height:44px&#8221; use_theme_fonts=&#8221;yes&#8221; css_animation=&#8221;fadeIn&#8221; css=&#8221;.vc_custom_1617487578282{margin-bottom: 0px !important;}&#8221;][vc_empty_space height=&#8221;20px&#8221;][vc_raw_js]JTNDc2NyaXB0JTIwY2hhcnNldCUzRCUyMnV0Zi04JTIyJTIwdHlwZSUzRCUyMnRleHQlMkZqYXZhc2NyaXB0JTIyJTIwc3JjJTNEJTIyJTJGJTJGanMuaHNmb3Jtcy5uZXQlMkZmb3JtcyUyRnYyLmpzJTIyJTNFJTNDJTJGc2NyaXB0JTNFJTBBJTNDc2NyaXB0JTNFJTBBJTIwJTIwaGJzcHQuZm9ybXMuY3JlYXRlJTI4JTdCJTBBJTIwJTIwJTIwJTIwcmVnaW9uJTNBJTIwJTIybmExJTIyJTJDJTBBJTIwJTIwJTIwJTIwcG9ydGFsSWQlM0ElMjAlMjI2ODU1Njc0JTIyJTJDJTBBJTIwJTIwJTIwJTIwZm9ybUlkJTNBJTIwJTIyYjZhZGFjZGQtOWQ4Ni00YWI4LWJjYjQtZWY5ZTUzMzM4ZDg2JTIyJTBBJTIwJTIwJTdEJTI5JTNCJTBBJTNDJTJGc2NyaXB0JTNF[\/vc_raw_js][\/vc_column_inner][\/vc_row_inner][\/vc_column][vc_column width=&#8221;1\/6&#8243; offset=&#8221;vc_col-lg-2&#8243;][\/vc_column][\/vc_row]<\/p>\n<\/div>","protected":false},"excerpt":{"rendered":"<p>[vc_row full_width=&#8221;stretch_row&#8221; css=&#8221;.vc_custom_1629916042978{padding-top: 100px !important;padding-bottom: 80px !important;background-image: url(https:\/\/www.manaycpa.com\/wp-content\/uploads\/2021\/02\/team-manay-1s.jpg?id=9932) !important;}&#8221;][vc_column][vc_row_inner][vc_column_inner][vc_empty_space height=&#8221;50px&#8221;][\/vc_column_inner][\/vc_row_inner][\/vc_column][\/vc_row][vc_row][vc_column width=&#8221;1\/4&#8243; offset=&#8221;vc_col-lg-1&#8243;][\/vc_column][vc_column width=&#8221;1\/4&#8243; offset=&#8221;vc_col-lg-6&#8243;][vc_empty_space height=&#8221;70px&#8221;][vc_empty_space height=&#8221;20px&#8221;][\/vc_column][vc_column width=&#8221;1\/4&#8243; offset=&#8221;vc_col-lg-4&#8243;][vc_empty_space height=&#8221;50px&#8221;][vc_single_image image=&#8221;56422&#8243; img_size=&#8221;full&#8221; style=&#8221;vc_box_shadow_border&#8221; css_animation=&#8221;fadeInLeft&#8221;][\/vc_column][vc_column width=&#8221;1\/4&#8243;][\/vc_column][\/vc_row][vc_row][vc_column width=&#8221;1\/12&#8243; offset=&#8221;vc_col-lg-1&#8243;][\/vc_column][vc_column width=&#8221;2\/3&#8243; css=&#8221;.vc_custom_1614418963997{padding-right: 25px !important;}&#8221; [&hellip;]<\/p>\n","protected":false},"author":8,"featured_media":0,"parent":9917,"menu_order":0,"comment_status":"closed","ping_status":"closed","template":"","meta":{"footnotes":""},"class_list":["post-51773","page","type-page","status-publish","hentry"],"_links":{"self":[{"href":"https:\/\/www.manaycpa.com\/tr\/wp-json\/wp\/v2\/pages\/51773","targetHints":{"allow":["GET"]}}],"collection":[{"href":"https:\/\/www.manaycpa.com\/tr\/wp-json\/wp\/v2\/pages"}],"about":[{"href":"https:\/\/www.manaycpa.com\/tr\/wp-json\/wp\/v2\/types\/page"}],"author":[{"embeddable":true,"href":"https:\/\/www.manaycpa.com\/tr\/wp-json\/wp\/v2\/users\/8"}],"replies":[{"embeddable":true,"href":"https:\/\/www.manaycpa.com\/tr\/wp-json\/wp\/v2\/comments?post=51773"}],"version-history":[{"count":4,"href":"https:\/\/www.manaycpa.com\/tr\/wp-json\/wp\/v2\/pages\/51773\/revisions"}],"predecessor-version":[{"id":56925,"href":"https:\/\/www.manaycpa.com\/tr\/wp-json\/wp\/v2\/pages\/51773\/revisions\/56925"}],"up":[{"embeddable":true,"href":"https:\/\/www.manaycpa.com\/tr\/wp-json\/wp\/v2\/pages\/9917"}],"wp:attachment":[{"href":"https:\/\/www.manaycpa.com\/tr\/wp-json\/wp\/v2\/media?parent=51773"}],"curies":[{"name":"wp","href":"https:\/\/api.w.org\/{rel}","templated":true}]}}