{"id":52991,"date":"2023-03-15T12:35:41","date_gmt":"2023-03-15T12:35:41","guid":{"rendered":"https:\/\/www.manaycpa.com\/?page_id=52991"},"modified":"2023-03-15T12:36:23","modified_gmt":"2023-03-15T12:36:23","slug":"sirket-kaydi-yenileme-formu","status":"publish","type":"page","link":"https:\/\/www.manaycpa.com\/tr\/sirket-kaydi-yenileme-formu\/","title":{"rendered":"\u015eirket Kayd\u0131 Yenileme Formu"},"content":{"rendered":"<div class=\"wpb-content-wrapper\"><p>[vc_row full_width=&#8221;stretch_row_content&#8221; css=&#8221;.vc_custom_1678829394503{padding-top: 300px !important;}&#8221;][vc_column]<header class=\"kd-section-title col-lg-12 text-center    \" ><h1 class=\"separator_off\" style=\"color: #393939;\">\u015eirketinizin Y\u0131ll\u0131k Kayd\u0131n\u0131<br \/>\nYenilemek \u0130\u00e7in Formu Doldurun<\/h1><\/header>[\/vc_column][\/vc_row][vc_row equal_height=&#8221;yes&#8221; css=&#8221;.vc_custom_1676902179986{background-color: #ffffff !important;}&#8221;][vc_column width=&#8221;1\/3&#8243;][\/vc_column][vc_column width=&#8221;1\/3&#8243;][vc_empty_space height=&#8221;100px&#8221;][vc_raw_js]JTNDc2NyaXB0JTIwY2hhcnNldCUzRCUyMnV0Zi04JTIyJTIwdHlwZSUzRCUyMnRleHQlMkZqYXZhc2NyaXB0JTIyJTIwc3JjJTNEJTIyJTJGJTJGanMuaHNmb3Jtcy5uZXQlMkZmb3JtcyUyRmVtYmVkJTJGdjIuanMlMjIlM0UlM0MlMkZzY3JpcHQlM0UlMEElM0NzY3JpcHQlM0UlMEElMjAlMjBoYnNwdC5mb3Jtcy5jcmVhdGUlMjglN0IlMEElMjAlMjAlMjAlMjByZWdpb24lM0ElMjAlMjJuYTElMjIlMkMlMEElMjAlMjAlMjAlMjBwb3J0YWxJZCUzQSUyMCUyMjY4NTU2NzQlMjIlMkMlMEElMjAlMjAlMjAlMjBmb3JtSWQlM0ElMjAlMjJiODU3MzM0OC03NzA1LTRjMWItOWI1Ni1kZGJjM2JlMjA1ZjUlMjIlMEElMjAlMjAlN0QlMjklM0IlMEElM0MlMkZzY3JpcHQlM0U=[\/vc_raw_js][\/vc_column][vc_column width=&#8221;1\/3&#8243;][\/vc_column][\/vc_row][vc_row][vc_column][vc_row_inner][vc_column_inner][vc_empty_space height=&#8221;100px&#8221;][\/vc_column_inner][\/vc_row_inner][\/vc_column][\/vc_row][vc_row full_width=&#8221;stretch_row&#8221; css=&#8221;.vc_custom_1631120810299{padding-top: 50px !important;background-color: #f3f3f3 !important;}&#8221;][vc_column css=&#8221;.vc_custom_1516029502203{padding-right: 0px !important;padding-left: 0px !important;}&#8221;][vc_row_inner][vc_column_inner]<header class=\"kd-section-title vc_col-lg-6 vc_col-sm-8 text-center  kd-animated fadeIn   vc_custom_1678883722439\" data-animation-delay=200><h2 class=\"separator_off\" style=\"font-size: 37px !important;line-height: 44px !important;\">M\u00fc\u015fterilerimiz Ne D\u00fc\u015f\u00fcn\u00fcyor<\/h2><h6 class=\"subtitle \" >\u015eirketimizin ba\u015far\u0131s\u0131n\u0131n, dan\u0131\u015fanlar\u0131m\u0131z\u0131n ba\u015far\u0131l\u0131 olmas\u0131ndan ge\u00e7ti\u011fine inan\u0131yoruz. Sizin ve \u015firketinizin ihtiya\u00e7lar\u0131n\u0131 anl\u0131yoruz.<\/h6><\/header>[\/vc_column_inner][\/vc_row_inner][vc_row_inner css=&#8221;.vc_custom_1676153671949{padding-bottom: 50px !important;}&#8221;][vc_column_inner css=&#8221;.vc_custom_1516029043443{padding-right: 0px !important;padding-left: 0px !important;}&#8221;]<div class=\"slider testimonials black-navigation kd-testimonial-69d9d66006b21  without-image\" ><div class=\"tt-content \">\n              <div class=\"tt-content-inner\">\n                <div class=\"tt-container\" style=\" \">\n                    <h6 style=\" \"\">''Manay CPA, i\u015f d\u00fcnyas\u0131n\u0131n h\u0131zla de\u011fi\u015fti\u011fi bu d\u00f6nemde, stratejik i\u015f planlamas\u0131nda i\u015fletmeme paha bi\u00e7ilmez yard\u0131mlar sa\u011fl\u0131yor.''<\/h6>\n                    <span class=\"author\" >Celal Uslu<\/span>\n                    <span class=\"content\" >Uslu LLC, Owner<\/span>\n                <\/div>\n                <div class=\"tt-image\"><\/div>\n                <\/div>\n            <\/div><div class=\"tt-content \">\n              <div class=\"tt-content-inner\">\n                <div class=\"tt-container\" style=\" \">\n                    <h6 style=\" \"\">''\u015eirketim hen\u00fcz tam olarak kurulmadan \u00f6nce Manay CPA, PPP'nin C Program\u0131yla sat\u0131n al\u0131ma f\u0131rsat\u0131ndan yararlanabilece\u011fimi s\u00f6yledi. \u015eimdi ikinci PPP uygulamas\u0131n\u0131n yap\u0131yorum. Te\u015fekk\u00fcrler Manay CPA.''<\/h6>\n                    <span class=\"author\" >Musa Filazioglu<\/span>\n                    <span class=\"content\" >Contractor<\/span>\n                <\/div>\n                <div class=\"tt-image\"><\/div>\n                <\/div>\n            <\/div><div class=\"tt-content \">\n              <div class=\"tt-content-inner\">\n                <div class=\"tt-container\" style=\" \">\n                    <h6 style=\" \"\">''T\u00fcrkiyede ya\u015fay\u0131p Amerika'daki \u015firketleri i\u00e7in muhasebe destegi arayanlara g\u00fcvenle \u00f6neririm. \u00c7ok yard\u0131mc\u0131lar ve olduk\u00e7a h\u0131zl\u0131lar. \u00d6zellikle Bur\u00e7in Han\u0131ma ayr\u0131ca te\u015fekk\u00fcrlerimi sunar\u0131m.''<\/h6>\n                    <span class=\"author\" >Nevin Y\u0131lmaz<\/span>\n                    <span class=\"content\" >Owner of FON Solutions LLC<\/span>\n                <\/div>\n                <div class=\"tt-image\"><\/div>\n                <\/div>\n            <\/div><div class=\"tt-content \">\n              <div class=\"tt-content-inner\">\n                <div class=\"tt-container\" style=\" \">\n                    <h6 style=\" \"\">''T\u00fcrkiyeden Amerikadaki \u015firketiniz i\u00e7in muhasebe deste\u011fi almak isteyen arkada\u015flar , g\u00f6n\u00fcl rahatl\u0131\u011f\u0131yla g\u00fcvenebilirsiniz. Kendi \u015firketleri gibi sahip \u00e7\u0131k\u0131yorlar ve \u00e7ok ilgililer.''<\/h6>\n                    <span class=\"author\" >Hikmet Vahdi \u00d6zdemir<\/span>\n                    <span class=\"content\" ><\/span>\n                <\/div>\n                <div class=\"tt-image\"><\/div>\n                <\/div>\n            <\/div><div class=\"tt-content \">\n              <div class=\"tt-content-inner\">\n                <div class=\"tt-container\" style=\" \">\n                    <h6 style=\" \"\">''USA'ya ta\u015f\u0131nd\u0131\u011f\u0131m\u0131zdan itibaren vergi i\u015flemlerinde desteklerini ald\u0131\u011f\u0131m\u0131z MANAY CPA INC'e ; s\u0131cakkanl\u0131, \u00e7\u00f6z\u00fcm odakl\u0131 ve de tecr\u00fcbeli personeline \u00e7ok te\u015fekk\u00fcr ederiz. Ba\u015far\u0131lar\u0131n\u0131z\u0131n devam\u0131n\u0131 dileriz.''<\/h6>\n                    <span class=\"author\" >Fahrettin G\u00fcnerli<\/span>\n                    <span class=\"content\" ><\/span>\n                <\/div>\n                <div class=\"tt-image\"><\/div>\n                <\/div>\n            <\/div><\/div><script type=\"text\/javascript\">\n              jQuery(document).ready(function($){\n                if ($(\".slider.testimonials.kd-testimonial-69d9d66006b21\").length) {\n                  $(\".slider.testimonials.kd-testimonial-69d9d66006b21\").owlCarousel({\n                    stageClass: \"owl-wrapper\",\n                    stageOuterClass: \"owl-wrapper-outer\",\n                    loadedClass: \"owl-carousel\",\n                    responsive:{\n                        0:{\n                            dots: false,\n                            nav: true,\n                            navSpeed: 500,\n                        },\n                        960:{\nnav: true,\n                              navSpeed: 500,\n                              dots: true,\n                              dotsSpeed: 500,\n                              dotsEach: true,}\n                    },\n                    items: 1,\n                    rewind: true,\n                    loop: true,autoplay: false,autoplayHoverPause: false,\n                  });\n                }\n              });\n            <\/script>[\/vc_column_inner][\/vc_row_inner][\/vc_column][\/vc_row]<\/p>\n<\/div>","protected":false},"excerpt":{"rendered":"<p>[vc_row full_width=&#8221;stretch_row_content&#8221; css=&#8221;.vc_custom_1678829394503{padding-top: 300px !important;}&#8221;][vc_column][\/vc_column][\/vc_row][vc_row equal_height=&#8221;yes&#8221; css=&#8221;.vc_custom_1676902179986{background-color: #ffffff !important;}&#8221;][vc_column width=&#8221;1\/3&#8243;][\/vc_column][vc_column width=&#8221;1\/3&#8243;][vc_empty_space height=&#8221;100px&#8221;][vc_raw_js]JTNDc2NyaXB0JTIwY2hhcnNldCUzRCUyMnV0Zi04JTIyJTIwdHlwZSUzRCUyMnRleHQlMkZqYXZhc2NyaXB0JTIyJTIwc3JjJTNEJTIyJTJGJTJGanMuaHNmb3Jtcy5uZXQlMkZmb3JtcyUyRmVtYmVkJTJGdjIuanMlMjIlM0UlM0MlMkZzY3JpcHQlM0UlMEElM0NzY3JpcHQlM0UlMEElMjAlMjBoYnNwdC5mb3Jtcy5jcmVhdGUlMjglN0IlMEElMjAlMjAlMjAlMjByZWdpb24lM0ElMjAlMjJuYTElMjIlMkMlMEElMjAlMjAlMjAlMjBwb3J0YWxJZCUzQSUyMCUyMjY4NTU2NzQlMjIlMkMlMEElMjAlMjAlMjAlMjBmb3JtSWQlM0ElMjAlMjJiODU3MzM0OC03NzA1LTRjMWItOWI1Ni1kZGJjM2JlMjA1ZjUlMjIlMEElMjAlMjAlN0QlMjklM0IlMEElM0MlMkZzY3JpcHQlM0U=[\/vc_raw_js][\/vc_column][vc_column width=&#8221;1\/3&#8243;][\/vc_column][\/vc_row][vc_row][vc_column][vc_row_inner][vc_column_inner][vc_empty_space height=&#8221;100px&#8221;][\/vc_column_inner][\/vc_row_inner][\/vc_column][\/vc_row][vc_row full_width=&#8221;stretch_row&#8221; css=&#8221;.vc_custom_1631120810299{padding-top: 50px !important;background-color: #f3f3f3 !important;}&#8221;][vc_column css=&#8221;.vc_custom_1516029502203{padding-right: 0px !important;padding-left: 0px !important;}&#8221;][vc_row_inner][vc_column_inner][\/vc_column_inner][\/vc_row_inner][vc_row_inner css=&#8221;.vc_custom_1676153671949{padding-bottom: 50px !important;}&#8221;][vc_column_inner css=&#8221;.vc_custom_1516029043443{padding-right: 0px [&hellip;]<\/p>\n","protected":false},"author":8,"featured_media":0,"parent":0,"menu_order":0,"comment_status":"closed","ping_status":"closed","template":"","meta":{"footnotes":""},"class_list":["post-52991","page","type-page","status-publish","hentry"],"_links":{"self":[{"href":"https:\/\/www.manaycpa.com\/tr\/wp-json\/wp\/v2\/pages\/52991","targetHints":{"allow":["GET"]}}],"collection":[{"href":"https:\/\/www.manaycpa.com\/tr\/wp-json\/wp\/v2\/pages"}],"about":[{"href":"https:\/\/www.manaycpa.com\/tr\/wp-json\/wp\/v2\/types\/page"}],"author":[{"embeddable":true,"href":"https:\/\/www.manaycpa.com\/tr\/wp-json\/wp\/v2\/users\/8"}],"replies":[{"embeddable":true,"href":"https:\/\/www.manaycpa.com\/tr\/wp-json\/wp\/v2\/comments?post=52991"}],"version-history":[{"count":0,"href":"https:\/\/www.manaycpa.com\/tr\/wp-json\/wp\/v2\/pages\/52991\/revisions"}],"wp:attachment":[{"href":"https:\/\/www.manaycpa.com\/tr\/wp-json\/wp\/v2\/media?parent=52991"}],"curies":[{"name":"wp","href":"https:\/\/api.w.org\/{rel}","templated":true}]}}