{"id":56175,"date":"2024-01-21T15:09:51","date_gmt":"2024-01-21T15:09:51","guid":{"rendered":"https:\/\/www.manaycpa.com\/?page_id=56175"},"modified":"2025-01-25T15:06:11","modified_gmt":"2025-01-25T15:06:11","slug":"mert-bektas","status":"publish","type":"page","link":"https:\/\/www.manaycpa.com\/tr\/hakkimizda\/ekibimiz\/mert-bektas\/","title":{"rendered":"Mert Bekta\u015f"},"content":{"rendered":"<div class=\"wpb-content-wrapper\"><p>[vc_row full_width=&#8221;stretch_row&#8221; css=&#8221;.vc_custom_1629916042978{padding-top: 100px !important;padding-bottom: 80px !important;background-image: url(https:\/\/www.manaycpa.com\/wp-content\/uploads\/2021\/02\/team-manay-1s.jpg?id=9932) !important;}&#8221;][vc_column][vc_row_inner][vc_column_inner][vc_empty_space height=&#8221;50px&#8221;]<header class=\"kd-section-title col-lg-12 text-center  kd-animated fadeIn   vc_custom_1632144895164\" data-animation-delay=200><h2 class=\"separator_off\" style=\"color: #ffffff;font-size: 46px !important;\">Manay CPA Ekibi<\/h2><h6 class=\"subtitle \" style=\"color: #ffffff;\">\u0130\u015f d\u00fcnyas\u0131ndaki uzun y\u0131llard\u0131r s\u00fcregelen uzmanl\u0131\u011f\u0131m\u0131z ile her zaman size yard\u0131m etmeye haz\u0131r\u0131z.<\/h6><\/header>[\/vc_column_inner][\/vc_row_inner][\/vc_column][\/vc_row][vc_row][vc_column width=&#8221;1\/4&#8243; offset=&#8221;vc_col-lg-1&#8243;][\/vc_column][vc_column width=&#8221;1\/4&#8243; offset=&#8221;vc_col-lg-6&#8243;][vc_empty_space height=&#8221;70px&#8221;]<header class=\"kd-section-title col-lg-12 text-left  kd-animated fadeIn  \" data-animation-delay=200><h1 class=\"separator_off\" style=\"font-size: 37px !important;line-height: 44px;\">Mert Bekta\u015f<\/h1><\/header><header class=\"kd-section-title col-lg-12 text-left  kd-animated fadeIn  \" data-animation-delay=200><h2 class=\"separator_off\" style=\"font-size: 22px !important;line-height: 44px;\">Sales &amp; Business Development Manager<\/h2><\/header>[vc_empty_space height=&#8221;20px&#8221;]<a href=\"https:\/\/www.linkedin.com\/in\/mert-bekta\u015f-907ba1170\/\" target=\"_blank\" title=\"https:\/\/www.linkedin.com\/in\/mert-bekta\u015f-907ba1170\/\" class=\"tt_button tt_primary_button btn_primary_color  pull-left button-action-link\" rel=\"nofollow noopener\"><span class=\"prim_text\">L\u0131nkedIn<\/span><\/a>[\/vc_column][vc_column width=&#8221;1\/4&#8243; offset=&#8221;vc_col-lg-4&#8243;][vc_empty_space height=&#8221;50px&#8221;][vc_single_image image=&#8221;56461&#8243; img_size=&#8221;full&#8221; style=&#8221;vc_box_shadow_border&#8221; css_animation=&#8221;fadeInLeft&#8221;][\/vc_column][vc_column width=&#8221;1\/4&#8243;][\/vc_column][\/vc_row][vc_row][vc_column width=&#8221;1\/12&#8243; offset=&#8221;vc_col-lg-1&#8243;][\/vc_column][vc_column width=&#8221;2\/3&#8243; css=&#8221;.vc_custom_1614418963997{padding-right: 25px !important;}&#8221; offset=&#8221;vc_col-lg-8 vc_col-md-12 vc_col-xs-12&#8243;][vc_empty_space height=&#8221;20px&#8221;][vc_column_text]<\/p>\n<h3><b>Profesyonel Deneyimleri<\/b><\/h3>\n<p><span data-contrast=\"none\">Mert, Y\u0131ld\u0131z Teknik \u00dcniversitesi Metalurji ve Malzeme M\u00fchendisli\u011fi B\u00f6l\u00fcm\u00fc&#8217;nden mezun olmu\u015ftur. Gebze Teknik \u00dcniversitesi&#8217;nde \u0130\u015fletme Y\u00fcksek Lisans\u0131na devam etmektedir.\u00a0<\/span><span data-ccp-props=\"{&quot;201341983&quot;:0,&quot;335559739&quot;:160,&quot;335559740&quot;:259}\">\u00a0<\/span><\/p>\n<p><span data-contrast=\"none\">Mert, kariyerine otomotiv sekt\u00f6r\u00fcnde Eku Fren&#8217;de kalite departman\u0131nda m\u00fchendis olarak ba\u015flad\u0131. Bir \u015firkette kalite sistemi kurma ve denetleme konular\u0131nda deneyim kazand\u0131. \u0130ki y\u0131l sonra k\u0131demli proje ve metot m\u00fchendisi olarak terfi etti. Proje y\u00f6netimi, m\u00fc\u015fteri teknik deste\u011fi, metot \u00e7al\u0131\u015fmalar\u0131 ve maliyet k\u0131r\u0131l\u0131m\u0131 ve analizi konular\u0131nda deneyim kazand\u0131. 2 y\u0131l sonra sat\u0131\u015f uzman\u0131 olarak sat\u0131\u015f ekibine kat\u0131ld\u0131. Teknik ge\u00e7mi\u015fini m\u00fc\u015fteri hizmetleri, fiyatland\u0131rma, Avrupa b\u00f6lgesindeki m\u00fc\u015fteriler ve t\u00fcm d\u00fcnyadaki Orijinal Ekipman \u00dcreticileri i\u00e7in potansiyel m\u00fc\u015fteri \u00e7al\u0131\u015fmalar\u0131 ile birle\u015ftirdi. Bu rol, Mert&#8217;in k\u00fcresel olarak m\u00fc\u015fterilerle ileti\u015fim kurmas\u0131n\u0131, hizmet vermesini ve \u00e7\u00f6z\u00fcmler bulmas\u0131n\u0131 sa\u011flad\u0131.<\/span><span data-ccp-props=\"{&quot;201341983&quot;:0,&quot;335559739&quot;:160,&quot;335559740&quot;:259}\">\u00a0<\/span><\/p>\n<h3><b>Manay CPA&#8217;deki Yeri<\/b><\/h3>\n<p><span class=\"TextRun SCXW64860974 BCX0\" lang=\"EN-US\" xml:lang=\"EN-US\" data-contrast=\"none\"><span class=\"NormalTextRun SCXW64860974 BCX0\">Mert, <\/span><span class=\"NormalTextRun SpellingErrorV2Themed SCXW64860974 BCX0\">muhasebe<\/span> <span class=\"NormalTextRun SpellingErrorV2Themed SCXW64860974 BCX0\">operasyon<\/span> <span class=\"NormalTextRun SpellingErrorV2Themed SCXW64860974 BCX0\">ekibimizde<\/span> <span class=\"NormalTextRun SpellingErrorV2Themed SCXW64860974 BCX0\">yer<\/span> <span class=\"NormalTextRun SpellingErrorV2Themed SCXW64860974 BCX0\">almakta<\/span> <span class=\"NormalTextRun SpellingErrorV2Themed SCXW64860974 BCX0\">ve<\/span><span class=\"NormalTextRun SCXW64860974 BCX0\"> Yeni <\/span><span class=\"NormalTextRun SpellingErrorV2Themed SCXW64860974 BCX0\">M\u00fc\u015fterilerin<\/span> <span class=\"NormalTextRun SpellingErrorV2Themed SCXW64860974 BCX0\">\u0130\u015fe<\/span> <span class=\"NormalTextRun SpellingErrorV2Themed SCXW64860974 BCX0\">Al\u0131nmas\u0131<\/span><span class=\"NormalTextRun SCXW64860974 BCX0\">, Yeni <\/span><span class=\"NormalTextRun SpellingErrorV2Themed SCXW64860974 BCX0\">\u0130\u015f<\/span> <span class=\"NormalTextRun SpellingErrorV2Themed SCXW64860974 BCX0\">Kurulumu<\/span><span class=\"NormalTextRun SCXW64860974 BCX0\">, <\/span><span class=\"NormalTextRun SpellingErrorV2Themed SCXW64860974 BCX0\">Faturalar\u0131n<\/span> <span class=\"NormalTextRun SpellingErrorV2Themed SCXW64860974 BCX0\">D\u00fczenlenmesi<\/span><span class=\"NormalTextRun SCXW64860974 BCX0\">, <\/span><span class=\"NormalTextRun SpellingErrorV2Themed SCXW64860974 BCX0\">Amortisman<\/span> <span class=\"NormalTextRun SpellingErrorV2Themed SCXW64860974 BCX0\">\u00c7izelgeleri<\/span><span class=\"NormalTextRun SCXW64860974 BCX0\">, <\/span><span class=\"NormalTextRun SpellingErrorV2Themed SCXW64860974 BCX0\">GAAP&#8217;ye<\/span> <span class=\"NormalTextRun SpellingErrorV2Themed SCXW64860974 BCX0\">g\u00f6re<\/span><span class=\"NormalTextRun SCXW64860974 BCX0\"> Mali <\/span><span class=\"NormalTextRun SCXW64860974 BCX0\">Tablolar<\/span><span class=\"NormalTextRun SCXW64860974 BCX0\">, her <\/span><span class=\"NormalTextRun SpellingErrorV2Themed SCXW64860974 BCX0\">t\u00fcrl\u00fc<\/span><span class=\"NormalTextRun SCXW64860974 BCX0\"> Vergi <\/span><span class=\"NormalTextRun SpellingErrorV2Themed SCXW64860974 BCX0\">Beyannamesi<\/span><span class=\"NormalTextRun SCXW64860974 BCX0\">, Vergi <\/span><span class=\"NormalTextRun SpellingErrorV2Themed SCXW64860974 BCX0\">Ara\u015ft\u0131rmas\u0131<\/span> <span class=\"NormalTextRun SpellingErrorV2Themed SCXW64860974 BCX0\">ve<\/span><span class=\"NormalTextRun SCXW64860974 BCX0\"> Vergi <\/span><span class=\"NormalTextRun SpellingErrorV2Themed SCXW64860974 BCX0\">Dan\u0131\u015fmanl\u0131\u011f\u0131<\/span><span class=\"NormalTextRun SCXW64860974 BCX0\">, hem <\/span><span class=\"NormalTextRun SpellingErrorV2Themed SCXW64860974 BCX0\">bireyler<\/span><span class=\"NormalTextRun SCXW64860974 BCX0\"> hem de <\/span><span class=\"NormalTextRun SpellingErrorV2Themed SCXW64860974 BCX0\">\u015firketler<\/span> <span class=\"NormalTextRun SpellingErrorV2Themed SCXW64860974 BCX0\">i\u00e7in<\/span> <span class=\"NormalTextRun SpellingErrorV2Themed SCXW64860974 BCX0\">Bordro<\/span> <span class=\"NormalTextRun SpellingErrorV2Themed SCXW64860974 BCX0\">ve<\/span> <span class=\"NormalTextRun SpellingErrorV2Themed SCXW64860974 BCX0\">gerekti\u011finde<\/span> <span class=\"NormalTextRun SpellingErrorV2Themed SCXW64860974 BCX0\">di\u011fer<\/span> <span class=\"NormalTextRun SpellingErrorV2Themed SCXW64860974 BCX0\">muhasebe<\/span> <span class=\"NormalTextRun SpellingErrorV2Themed SCXW64860974 BCX0\">ve<\/span> <span class=\"NormalTextRun SpellingErrorV2Themed SCXW64860974 BCX0\">sat\u0131\u015f<\/span> <span class=\"NormalTextRun SpellingErrorV2Themed SCXW64860974 BCX0\">g\u00f6revleri<\/span> <span class=\"NormalTextRun SpellingErrorV2Themed SCXW64860974 BCX0\">dahil<\/span> <span class=\"NormalTextRun SpellingErrorV2Themed SCXW64860974 BCX0\">olmak<\/span> <span class=\"NormalTextRun SpellingErrorV2Themed SCXW64860974 BCX0\">\u00fczere<\/span> <span class=\"NormalTextRun SpellingErrorV2Themed SCXW64860974 BCX0\">ba\u015fl\u0131ca<\/span> <span class=\"NormalTextRun SpellingErrorV2Themed SCXW64860974 BCX0\">finansal<\/span> <span class=\"NormalTextRun SpellingErrorV2Themed SCXW64860974 BCX0\">muhasebe<\/span> <span class=\"NormalTextRun SpellingErrorV2Themed SCXW64860974 BCX0\">alanlar\u0131na<\/span> <span class=\"NormalTextRun SpellingErrorV2Themed SCXW64860974 BCX0\">muhasebe<\/span> <span class=\"NormalTextRun SpellingErrorV2Themed SCXW64860974 BCX0\">deste\u011fi<\/span> <span class=\"NormalTextRun SpellingErrorV2Themed SCXW64860974 BCX0\">sa\u011flamaktad\u0131r<\/span><span class=\"NormalTextRun SCXW64860974 BCX0\">.<\/span><\/span><span class=\"EOP SCXW64860974 BCX0\" data-ccp-props=\"{&quot;201341983&quot;:0,&quot;335559739&quot;:160,&quot;335559740&quot;:259}\">\u00a0<\/span><\/p>\n<h3><b>Sosyal Hayatta<\/b><\/h3>\n<p><span class=\"TextRun SCXW158036174 BCX0\" lang=\"EN-US\" xml:lang=\"EN-US\" data-contrast=\"auto\"><span class=\"NormalTextRun SCXW158036174 BCX0\">Mert <\/span><span class=\"NormalTextRun SpellingErrorV2Themed SCXW158036174 BCX0\">basketbol<\/span> <span class=\"NormalTextRun SpellingErrorV2Themed SCXW158036174 BCX0\">oynuyor<\/span> <span class=\"NormalTextRun SpellingErrorV2Themed SCXW158036174 BCX0\">ve<\/span><span class=\"NormalTextRun SCXW158036174 BCX0\"> NBA <\/span><span class=\"NormalTextRun SpellingErrorV2Themed SCXW158036174 BCX0\">ve<\/span><span class=\"NormalTextRun SCXW158036174 BCX0\"> NFL <\/span><span class=\"NormalTextRun SpellingErrorV2Themed SCXW158036174 BCX0\">ma\u00e7lar\u0131n\u0131<\/span> <span class=\"NormalTextRun SpellingErrorV2Themed SCXW158036174 BCX0\">izlemeyi<\/span> <span class=\"NormalTextRun SpellingErrorV2Themed SCXW158036174 BCX0\">seviyor<\/span><span class=\"NormalTextRun SCXW158036174 BCX0\">. <\/span><span class=\"NormalTextRun SpellingErrorV2Themed SCXW158036174 BCX0\">Farkl\u0131<\/span> <span class=\"NormalTextRun SpellingErrorV2Themed SCXW158036174 BCX0\">k\u00fclt\u00fcrler<\/span> <span class=\"NormalTextRun SpellingErrorV2Themed SCXW158036174 BCX0\">ve<\/span> <span class=\"NormalTextRun SpellingErrorV2Themed SCXW158036174 BCX0\">mutfaklar<\/span> <span class=\"NormalTextRun SpellingErrorV2Themed SCXW158036174 BCX0\">hakk\u0131nda<\/span> <span class=\"NormalTextRun SpellingErrorV2Themed SCXW158036174 BCX0\">bilgi<\/span> <span class=\"NormalTextRun SpellingErrorV2Themed SCXW158036174 BCX0\">edinmek<\/span> <span class=\"NormalTextRun SpellingErrorV2Themed SCXW158036174 BCX0\">i\u00e7in<\/span> <span class=\"NormalTextRun SpellingErrorV2Themed SCXW158036174 BCX0\">d\u00fcnyay\u0131<\/span> <span class=\"NormalTextRun SpellingErrorV2Themed SCXW158036174 BCX0\">gezmeyi<\/span> <span class=\"NormalTextRun SpellingErrorV2Themed SCXW158036174 BCX0\">seviyor<\/span><span class=\"NormalTextRun SCXW158036174 BCX0\">. <\/span><span class=\"NormalTextRun SpellingErrorV2Themed SCXW158036174 BCX0\">Ayr\u0131ca<\/span><span class=\"NormalTextRun SCXW158036174 BCX0\"> rock <\/span><span class=\"NormalTextRun SpellingErrorV2Themed SCXW158036174 BCX0\">konserlerine<\/span> <span class=\"NormalTextRun SpellingErrorV2Themed SCXW158036174 BCX0\">ve<\/span> <span class=\"NormalTextRun SpellingErrorV2Themed SCXW158036174 BCX0\">m\u00fczik<\/span> <span class=\"NormalTextRun SpellingErrorV2Themed SCXW158036174 BCX0\">festivallerine<\/span> <span class=\"NormalTextRun SpellingErrorV2Themed SCXW158036174 BCX0\">gitmeyi<\/span> <span class=\"NormalTextRun SpellingErrorV2Themed SCXW158036174 BCX0\">seviyor<\/span><span class=\"NormalTextRun SCXW158036174 BCX0\">. Sinema <\/span><span class=\"NormalTextRun SpellingErrorV2Themed SCXW158036174 BCX0\">onun<\/span> <span class=\"NormalTextRun SpellingErrorV2Themed SCXW158036174 BCX0\">i\u00e7in<\/span> <span class=\"NormalTextRun SpellingErrorV2Themed SCXW158036174 BCX0\">bir<\/span> <span class=\"NormalTextRun SpellingErrorV2Themed SCXW158036174 BCX0\">tutku<\/span><span class=\"NormalTextRun SCXW158036174 BCX0\">. Son <\/span><span class=\"NormalTextRun SpellingErrorV2Themed SCXW158036174 BCX0\">olarak<\/span><span class=\"NormalTextRun SCXW158036174 BCX0\">, <\/span><span class=\"NormalTextRun SpellingErrorV2Themed SCXW158036174 BCX0\">\u00f6zellikle<\/span> <span class=\"NormalTextRun SpellingErrorV2Themed SCXW158036174 BCX0\">bilimkurgu<\/span> <span class=\"NormalTextRun SpellingErrorV2Themed SCXW158036174 BCX0\">klasikleri<\/span> <span class=\"NormalTextRun SpellingErrorV2Themed SCXW158036174 BCX0\">olmak<\/span> <span class=\"NormalTextRun SpellingErrorV2Themed SCXW158036174 BCX0\">\u00fczere<\/span><span class=\"NormalTextRun SCXW158036174 BCX0\"> roman <\/span><span class=\"NormalTextRun SpellingErrorV2Themed SCXW158036174 BCX0\">okumay\u0131<\/span> <span class=\"NormalTextRun SpellingErrorV2Themed SCXW158036174 BCX0\">seviyor<\/span><span class=\"NormalTextRun SCXW158036174 BCX0\">.<\/span><\/span><span class=\"EOP SCXW158036174 BCX0\" data-ccp-props=\"{&quot;201341983&quot;:0,&quot;335559739&quot;:160,&quot;335559740&quot;:259}\">\u00a0<\/span>[\/vc_column_text][\/vc_column][\/vc_row][vc_row full_width=&#8221;stretch_row&#8221; css=&#8221;.vc_custom_1614419641251{background-color: #ffffff !important;}&#8221;][vc_column width=&#8221;1\/6&#8243; offset=&#8221;vc_col-lg-2&#8243;][\/vc_column][vc_column width=&#8221;2\/3&#8243; css=&#8221;.vc_custom_1614419340057{padding-right: 0px !important;padding-left: 0px !important;}&#8221; offset=&#8221;vc_col-lg-8&#8243;][vc_row_inner css=&#8221;.vc_custom_1511348683940{padding-top: 100px !important;padding-bottom: 100px !important;}&#8221;][vc_column_inner offset=&#8221;vc_col-lg-12 vc_col-md-12&#8243;][vc_custom_heading text=&#8221;Finansal ipu\u00e7lar\u0131, vergilerinizin son \u00f6deme tarihleri ve di\u011fer vergi stratejileri i\u00e7in b\u00fcltenimize abone olun&#8221; font_container=&#8221;tag:h3|font_size:23px%20!important|text_align:center|line_height:44px&#8221; use_theme_fonts=&#8221;yes&#8221; css_animation=&#8221;fadeIn&#8221; css=&#8221;.vc_custom_1617487578282{margin-bottom: 0px !important;}&#8221;][vc_empty_space height=&#8221;20px&#8221;][vc_raw_js]JTNDc2NyaXB0JTIwY2hhcnNldCUzRCUyMnV0Zi04JTIyJTIwdHlwZSUzRCUyMnRleHQlMkZqYXZhc2NyaXB0JTIyJTIwc3JjJTNEJTIyJTJGJTJGanMuaHNmb3Jtcy5uZXQlMkZmb3JtcyUyRnYyLmpzJTIyJTNFJTNDJTJGc2NyaXB0JTNFJTBBJTNDc2NyaXB0JTNFJTBBJTIwJTIwaGJzcHQuZm9ybXMuY3JlYXRlJTI4JTdCJTBBJTIwJTIwJTIwJTIwcmVnaW9uJTNBJTIwJTIybmExJTIyJTJDJTBBJTIwJTIwJTIwJTIwcG9ydGFsSWQlM0ElMjAlMjI2ODU1Njc0JTIyJTJDJTBBJTIwJTIwJTIwJTIwZm9ybUlkJTNBJTIwJTIyYjZhZGFjZGQtOWQ4Ni00YWI4LWJjYjQtZWY5ZTUzMzM4ZDg2JTIyJTBBJTIwJTIwJTdEJTI5JTNCJTBBJTNDJTJGc2NyaXB0JTNF[\/vc_raw_js][\/vc_column_inner][\/vc_row_inner][\/vc_column][vc_column width=&#8221;1\/6&#8243; offset=&#8221;vc_col-lg-2&#8243;][\/vc_column][\/vc_row]<\/p>\n<\/div>","protected":false},"excerpt":{"rendered":"<p>[vc_row full_width=&#8221;stretch_row&#8221; css=&#8221;.vc_custom_1629916042978{padding-top: 100px !important;padding-bottom: 80px !important;background-image: url(https:\/\/www.manaycpa.com\/wp-content\/uploads\/2021\/02\/team-manay-1s.jpg?id=9932) !important;}&#8221;][vc_column][vc_row_inner][vc_column_inner][vc_empty_space height=&#8221;50px&#8221;][\/vc_column_inner][\/vc_row_inner][\/vc_column][\/vc_row][vc_row][vc_column width=&#8221;1\/4&#8243; offset=&#8221;vc_col-lg-1&#8243;][\/vc_column][vc_column width=&#8221;1\/4&#8243; offset=&#8221;vc_col-lg-6&#8243;][vc_empty_space height=&#8221;70px&#8221;][vc_empty_space height=&#8221;20px&#8221;][\/vc_column][vc_column width=&#8221;1\/4&#8243; offset=&#8221;vc_col-lg-4&#8243;][vc_empty_space height=&#8221;50px&#8221;][vc_single_image image=&#8221;56461&#8243; img_size=&#8221;full&#8221; style=&#8221;vc_box_shadow_border&#8221; css_animation=&#8221;fadeInLeft&#8221;][\/vc_column][vc_column width=&#8221;1\/4&#8243;][\/vc_column][\/vc_row][vc_row][vc_column width=&#8221;1\/12&#8243; offset=&#8221;vc_col-lg-1&#8243;][\/vc_column][vc_column width=&#8221;2\/3&#8243; css=&#8221;.vc_custom_1614418963997{padding-right: 25px !important;}&#8221; [&hellip;]<\/p>\n","protected":false},"author":19,"featured_media":0,"parent":9917,"menu_order":0,"comment_status":"closed","ping_status":"closed","template":"","meta":{"footnotes":""},"class_list":["post-56175","page","type-page","status-publish","hentry"],"_links":{"self":[{"href":"https:\/\/www.manaycpa.com\/tr\/wp-json\/wp\/v2\/pages\/56175","targetHints":{"allow":["GET"]}}],"collection":[{"href":"https:\/\/www.manaycpa.com\/tr\/wp-json\/wp\/v2\/pages"}],"about":[{"href":"https:\/\/www.manaycpa.com\/tr\/wp-json\/wp\/v2\/types\/page"}],"author":[{"embeddable":true,"href":"https:\/\/www.manaycpa.com\/tr\/wp-json\/wp\/v2\/users\/19"}],"replies":[{"embeddable":true,"href":"https:\/\/www.manaycpa.com\/tr\/wp-json\/wp\/v2\/comments?post=56175"}],"version-history":[{"count":7,"href":"https:\/\/www.manaycpa.com\/tr\/wp-json\/wp\/v2\/pages\/56175\/revisions"}],"predecessor-version":[{"id":60142,"href":"https:\/\/www.manaycpa.com\/tr\/wp-json\/wp\/v2\/pages\/56175\/revisions\/60142"}],"up":[{"embeddable":true,"href":"https:\/\/www.manaycpa.com\/tr\/wp-json\/wp\/v2\/pages\/9917"}],"wp:attachment":[{"href":"https:\/\/www.manaycpa.com\/tr\/wp-json\/wp\/v2\/media?parent=56175"}],"curies":[{"name":"wp","href":"https:\/\/api.w.org\/{rel}","templated":true}]}}