{"id":56608,"date":"2024-02-02T10:10:01","date_gmt":"2024-02-02T10:10:01","guid":{"rendered":"https:\/\/www.manaycpa.com\/?page_id=56608"},"modified":"2025-01-25T15:04:41","modified_gmt":"2025-01-25T15:04:41","slug":"buse-derdemez","status":"publish","type":"page","link":"https:\/\/www.manaycpa.com\/tr\/hakkimizda\/ekibimiz\/buse-derdemez\/","title":{"rendered":"Buse Derdemez"},"content":{"rendered":"<div class=\"wpb-content-wrapper\"><p>[vc_row full_width=&#8221;stretch_row&#8221; css=&#8221;.vc_custom_1629916042978{padding-top: 100px !important;padding-bottom: 80px !important;background-image: url(https:\/\/www.manaycpa.com\/wp-content\/uploads\/2021\/02\/team-manay-1s.jpg?id=9932) !important;}&#8221;][vc_column][vc_row_inner][vc_column_inner][vc_empty_space height=&#8221;50px&#8221;]<header class=\"kd-section-title col-lg-12 text-center  kd-animated fadeIn   vc_custom_1632144895164\" data-animation-delay=200><h2 class=\"separator_off\" style=\"color: #ffffff;font-size: 46px !important;\">Manay CPA Ekibi<\/h2><h6 class=\"subtitle \" style=\"color: #ffffff;\">\u0130\u015f d\u00fcnyas\u0131ndaki uzun y\u0131llard\u0131r s\u00fcregelen uzmanl\u0131\u011f\u0131m\u0131z ile her zaman size yard\u0131m etmeye haz\u0131r\u0131z.<\/h6><\/header>[\/vc_column_inner][\/vc_row_inner][\/vc_column][\/vc_row][vc_row][vc_column width=&#8221;1\/4&#8243; offset=&#8221;vc_col-lg-1&#8243;][\/vc_column][vc_column width=&#8221;1\/4&#8243; offset=&#8221;vc_col-lg-6&#8243;][vc_empty_space height=&#8221;70px&#8221;]<header class=\"kd-section-title col-lg-12 text-left  kd-animated fadeIn  \" data-animation-delay=200><h1 class=\"separator_off\" style=\"font-size: 37px !important;line-height: 44px;\">Buse Derdemez <sup>TR<\/sup><\/h1><\/header><header class=\"kd-section-title col-lg-12 text-left  kd-animated fadeIn  \" data-animation-delay=200><h2 class=\"separator_off\" style=\"font-size: 22px !important;line-height: 44px;\">Associate<\/h2><\/header>[vc_empty_space height=&#8221;20px&#8221;]<a href=\"https:\/\/www.linkedin.com\/in\/buse-derdemez-122a9519a\/\" target=\"_blank\" title=\"#\" class=\"tt_button tt_primary_button btn_primary_color  pull-left button-action-link\" rel=\"nofollow noopener\"><span class=\"prim_text\">L\u0131nkedIn<\/span><\/a>[\/vc_column][vc_column width=&#8221;1\/4&#8243; offset=&#8221;vc_col-lg-4&#8243;][vc_empty_space height=&#8221;50px&#8221;][vc_single_image image=&#8221;56383&#8243; img_size=&#8221;full&#8221; style=&#8221;vc_box_shadow_border&#8221; css_animation=&#8221;fadeInLeft&#8221;][\/vc_column][vc_column width=&#8221;1\/4&#8243;][\/vc_column][\/vc_row][vc_row][vc_column width=&#8221;1\/12&#8243; offset=&#8221;vc_col-lg-1&#8243;][\/vc_column][vc_column width=&#8221;2\/3&#8243; css=&#8221;.vc_custom_1614418963997{padding-right: 25px !important;}&#8221; offset=&#8221;vc_col-lg-8 vc_col-md-12 vc_col-xs-12&#8243;][vc_empty_space height=&#8221;20px&#8221;][vc_column_text]<\/p>\n<div class=\"page\" title=\"Page 1\">\n<div class=\"layoutArea\">\n<div class=\"column\">\n<div class=\"page\" title=\"Page 2\">\n<div class=\"layoutArea\">\n<div class=\"column\">\n<h3>Profesyonel Deneyimleri<\/h3>\n<p>Buse, \u0130stanbul \u00dcniversitesi \u0130ktisat B\u00f6l\u00fcm\u00fc&#8217;nden mezun oldu. \u00dcniversitenin son y\u0131l\u0131nda, \u0130zmirli Tar\u0131m \u015eirketi&#8217;nde &#8220;Finans Asistan\u0131&#8221; olarak \u00e7al\u0131\u015fmaya ba\u015flad\u0131. Mezuniyetinin ard\u0131ndan, Yupana Inc.&#8217;te yabanc\u0131 projelerde (Almanya ve ABD) &#8220;Proje Mali Kontrol&#8221; g\u00f6revinde \u00e7al\u0131\u015ft\u0131 ve \u015firket giderlerinin muhasebesinde AP ekibine destek sa\u011flad\u0131. Bu s\u00fcre\u00e7te, hesap kontrolleri, uluslararas\u0131 muhasebe ve devlete sunulan proje mali raporlar\u0131n\u0131n haz\u0131rlanmas\u0131 konular\u0131nda deneyim kazand\u0131 ve kendini geli\u015ftirdi.<\/p>\n<div class=\"page\" title=\"Page 2\">\n<div class=\"layoutArea\">\n<div class=\"column\">\n<h3>Manay CPA\u2019deki Yeri<\/h3>\n<p>Buse, Manay CPA&#8217;de Jr. Associate pozisyonunda \u00e7al\u0131\u015fmaktad\u0131r. Yeni m\u00fc\u015fterilerin onboard edilmesinden, yeni i\u015fletme olu\u015fumuna; GAAP&#8217;e uygun mali tablolardan, \u00e7e\u015fitli vergi iadelerine; vergi ara\u015ft\u0131rmalar\u0131ndan, vergi dan\u0131\u015fmanl\u0131\u011f\u0131na ve bireyler ile kurumlara maa\u015f bordrolar\u0131na kadar bir\u00e7ok konuda sorumludur.<\/p>\n<\/div>\n<div class=\"page\" title=\"Page 2\">\n<div class=\"layoutArea\">\n<div class=\"column\">\n<h3>Sosyal Hayatta<\/h3>\n<p>Bo\u015f zamanlar\u0131n\u0131 ailesi ve arkada\u015flar\u0131yla ge\u00e7irmekten, kamp yapmaktan, kitap okumaktan, oyun oynamaktan ve yeni yerler ke\u015ffetmekten ho\u015flan\u0131r.<\/p>\n<\/div>\n<\/div>\n<\/div>\n<\/div>\n<\/div>\n<\/div>\n<\/div>\n<\/div>\n<\/div>\n<\/div>\n<\/div>\n<p>[\/vc_column_text][\/vc_column][\/vc_row][vc_row full_width=&#8221;stretch_row&#8221; css=&#8221;.vc_custom_1614419641251{background-color: #ffffff !important;}&#8221;][vc_column width=&#8221;1\/6&#8243; offset=&#8221;vc_col-lg-2&#8243;][\/vc_column][vc_column width=&#8221;2\/3&#8243; css=&#8221;.vc_custom_1614419340057{padding-right: 0px !important;padding-left: 0px !important;}&#8221; offset=&#8221;vc_col-lg-8&#8243;][vc_row_inner css=&#8221;.vc_custom_1511348683940{padding-top: 100px !important;padding-bottom: 100px !important;}&#8221;][vc_column_inner offset=&#8221;vc_col-lg-12 vc_col-md-12&#8243;][vc_custom_heading text=&#8221;Finansal ipu\u00e7lar\u0131, vergilerinizin son \u00f6deme tarihleri ve di\u011fer vergi stratejileri i\u00e7in b\u00fcltenimize abone olun&#8221; font_container=&#8221;tag:h3|font_size:23px%20!important|text_align:center|line_height:44px&#8221; use_theme_fonts=&#8221;yes&#8221; css_animation=&#8221;fadeIn&#8221; css=&#8221;.vc_custom_1617487578282{margin-bottom: 0px !important;}&#8221;][vc_empty_space height=&#8221;20px&#8221;][vc_raw_js]JTNDc2NyaXB0JTIwY2hhcnNldCUzRCUyMnV0Zi04JTIyJTIwdHlwZSUzRCUyMnRleHQlMkZqYXZhc2NyaXB0JTIyJTIwc3JjJTNEJTIyJTJGJTJGanMuaHNmb3Jtcy5uZXQlMkZmb3JtcyUyRnYyLmpzJTIyJTNFJTNDJTJGc2NyaXB0JTNFJTBBJTNDc2NyaXB0JTNFJTBBJTIwJTIwaGJzcHQuZm9ybXMuY3JlYXRlJTI4JTdCJTBBJTIwJTIwJTIwJTIwcmVnaW9uJTNBJTIwJTIybmExJTIyJTJDJTBBJTIwJTIwJTIwJTIwcG9ydGFsSWQlM0ElMjAlMjI2ODU1Njc0JTIyJTJDJTBBJTIwJTIwJTIwJTIwZm9ybUlkJTNBJTIwJTIyYjZhZGFjZGQtOWQ4Ni00YWI4LWJjYjQtZWY5ZTUzMzM4ZDg2JTIyJTBBJTIwJTIwJTdEJTI5JTNCJTBBJTNDJTJGc2NyaXB0JTNF[\/vc_raw_js][\/vc_column_inner][\/vc_row_inner][\/vc_column][vc_column width=&#8221;1\/6&#8243; offset=&#8221;vc_col-lg-2&#8243;][\/vc_column][\/vc_row]<\/p>\n<\/div>","protected":false},"excerpt":{"rendered":"<p>[vc_row full_width=&#8221;stretch_row&#8221; css=&#8221;.vc_custom_1629916042978{padding-top: 100px !important;padding-bottom: 80px !important;background-image: url(https:\/\/www.manaycpa.com\/wp-content\/uploads\/2021\/02\/team-manay-1s.jpg?id=9932) !important;}&#8221;][vc_column][vc_row_inner][vc_column_inner][vc_empty_space height=&#8221;50px&#8221;][\/vc_column_inner][\/vc_row_inner][\/vc_column][\/vc_row][vc_row][vc_column width=&#8221;1\/4&#8243; offset=&#8221;vc_col-lg-1&#8243;][\/vc_column][vc_column width=&#8221;1\/4&#8243; offset=&#8221;vc_col-lg-6&#8243;][vc_empty_space height=&#8221;70px&#8221;][vc_empty_space height=&#8221;20px&#8221;][\/vc_column][vc_column width=&#8221;1\/4&#8243; offset=&#8221;vc_col-lg-4&#8243;][vc_empty_space height=&#8221;50px&#8221;][vc_single_image image=&#8221;56383&#8243; img_size=&#8221;full&#8221; style=&#8221;vc_box_shadow_border&#8221; css_animation=&#8221;fadeInLeft&#8221;][\/vc_column][vc_column width=&#8221;1\/4&#8243;][\/vc_column][\/vc_row][vc_row][vc_column width=&#8221;1\/12&#8243; offset=&#8221;vc_col-lg-1&#8243;][\/vc_column][vc_column width=&#8221;2\/3&#8243; css=&#8221;.vc_custom_1614418963997{padding-right: 25px !important;}&#8221; [&hellip;]<\/p>\n","protected":false},"author":7,"featured_media":0,"parent":9917,"menu_order":0,"comment_status":"closed","ping_status":"closed","template":"","meta":{"footnotes":""},"class_list":["post-56608","page","type-page","status-publish","hentry"],"_links":{"self":[{"href":"https:\/\/www.manaycpa.com\/tr\/wp-json\/wp\/v2\/pages\/56608","targetHints":{"allow":["GET"]}}],"collection":[{"href":"https:\/\/www.manaycpa.com\/tr\/wp-json\/wp\/v2\/pages"}],"about":[{"href":"https:\/\/www.manaycpa.com\/tr\/wp-json\/wp\/v2\/types\/page"}],"author":[{"embeddable":true,"href":"https:\/\/www.manaycpa.com\/tr\/wp-json\/wp\/v2\/users\/7"}],"replies":[{"embeddable":true,"href":"https:\/\/www.manaycpa.com\/tr\/wp-json\/wp\/v2\/comments?post=56608"}],"version-history":[{"count":5,"href":"https:\/\/www.manaycpa.com\/tr\/wp-json\/wp\/v2\/pages\/56608\/revisions"}],"predecessor-version":[{"id":60140,"href":"https:\/\/www.manaycpa.com\/tr\/wp-json\/wp\/v2\/pages\/56608\/revisions\/60140"}],"up":[{"embeddable":true,"href":"https:\/\/www.manaycpa.com\/tr\/wp-json\/wp\/v2\/pages\/9917"}],"wp:attachment":[{"href":"https:\/\/www.manaycpa.com\/tr\/wp-json\/wp\/v2\/media?parent=56608"}],"curies":[{"name":"wp","href":"https:\/\/api.w.org\/{rel}","templated":true}]}}