{"id":57299,"date":"2024-03-30T14:48:08","date_gmt":"2024-03-30T14:48:08","guid":{"rendered":"https:\/\/www.manaycpa.com\/?page_id=57299"},"modified":"2024-03-30T14:48:08","modified_gmt":"2024-03-30T14:48:08","slug":"fatima-hasnain","status":"publish","type":"page","link":"https:\/\/www.manaycpa.com\/tr\/hakkimizda\/ekibimiz\/fatima-hasnain\/","title":{"rendered":"Fatima Hasnain"},"content":{"rendered":"<div class=\"wpb-content-wrapper\"><p>[vc_row full_width=&#8221;stretch_row&#8221; css=&#8221;.vc_custom_1629916042978{padding-top: 100px !important;padding-bottom: 80px !important;background-image: url(https:\/\/www.manaycpa.com\/wp-content\/uploads\/2021\/02\/team-manay-1s.jpg?id=9932) !important;}&#8221;][vc_column][vc_row_inner][vc_column_inner][vc_empty_space height=&#8221;50px&#8221;]<header class=\"kd-section-title col-lg-12 text-center  kd-animated fadeIn   vc_custom_1632144895164\" data-animation-delay=200><h2 class=\"separator_off\" style=\"color: #ffffff;font-size: 46px !important;\">Manay CPA Ekibi<\/h2><h6 class=\"subtitle \" style=\"color: #ffffff;\">\u0130\u015f d\u00fcnyas\u0131ndaki uzun y\u0131llard\u0131r s\u00fcregelen uzmanl\u0131\u011f\u0131m\u0131z ile her zaman size yard\u0131m etmeye haz\u0131r\u0131z.<\/h6><\/header>[\/vc_column_inner][\/vc_row_inner][\/vc_column][\/vc_row][vc_row][vc_column width=&#8221;1\/4&#8243; offset=&#8221;vc_col-lg-1&#8243;][\/vc_column][vc_column width=&#8221;1\/4&#8243; offset=&#8221;vc_col-lg-6&#8243;][vc_empty_space height=&#8221;70px&#8221;]<header class=\"kd-section-title col-lg-12 text-left  kd-animated fadeIn  \" data-animation-delay=200><h1 class=\"separator_off\" style=\"font-size: 37px !important;line-height: 44px;\">Fatima Hasnain <sup>TR<\/sup><\/h1><\/header><header class=\"kd-section-title col-lg-12 text-left  kd-animated fadeIn  \" data-animation-delay=200><h2 class=\"separator_off\" style=\"font-size: 22px !important;line-height: 44px;\">HR Consultant<\/h2><\/header>[vc_empty_space height=&#8221;20px&#8221;]<a href=\"https:\/\/www.linkedin.com\/in\/fatima-hasnain-0701b51\" target=\"_blank\" title=\"https:\/\/www.linkedin.com\/in\/fatima-hasnain-0701b51\" class=\"tt_button tt_primary_button btn_primary_color  pull-left button-action-link\" rel=\"nofollow noopener\"><span class=\"prim_text\">L\u0131nkedIn<\/span><\/a>[\/vc_column][vc_column width=&#8221;1\/4&#8243; offset=&#8221;vc_col-lg-4&#8243;][vc_empty_space height=&#8221;50px&#8221;][vc_single_image image=&#8221;57295&#8243; img_size=&#8221;full&#8221; style=&#8221;vc_box_shadow_border&#8221; css_animation=&#8221;fadeInLeft&#8221;][\/vc_column][vc_column width=&#8221;1\/4&#8243;][\/vc_column][\/vc_row][vc_row][vc_column width=&#8221;1\/12&#8243; offset=&#8221;vc_col-lg-1&#8243;][\/vc_column][vc_column width=&#8221;2\/3&#8243; css=&#8221;.vc_custom_1614418963997{padding-right: 25px !important;}&#8221; offset=&#8221;vc_col-lg-8 vc_col-md-12 vc_col-xs-12&#8243;][vc_empty_space height=&#8221;20px&#8221;][vc_column_text]<\/p>\n<h3><b>Profesyonel Deneyimleri<\/b><\/h3>\n<p>Fatima, global i\u015fe al\u0131m alan\u0131nda d\u00f6rt y\u0131ll\u0131k deneyime sahip tecr\u00fcbeli bir \u0130nsan Kaynaklar\u0131 profesyoneli. Deneyimi Amerika Birle\u015fik Devletleri, \u0130ngiltere, Almanya, \u0130spanya, \u0130talya ve Fransa gibi \u00e7e\u015fitli b\u00f6lgeleri kapsamaktad\u0131r. Y\u00f6netici i\u015fe al\u0131m\u0131nda \u00f6nc\u00fc olan Fatima, C ve V d\u00fczeyindeki y\u00f6neticileri Amerika Birle\u015fik Devletleri genelinde yerle\u015ftirmede \u00f6nemli bir rol oynam\u0131\u015f ve i\u015f liderlerine g\u00fcvenilen bir dan\u0131\u015fman olarak itibar kazanm\u0131\u015ft\u0131r. Yetkinlikleri \u0130nsan Kaynaklar\u0131 uygulamalar\u0131n\u0131 optimize etme, i\u015f birimleri aras\u0131nda i\u015f birli\u011fini geli\u015ftirme ve genel kurumsal performans\u0131 art\u0131rma konular\u0131nda yatmaktad\u0131r.<\/p>\n<h3><b>Manay CPA&#8217;deki Yeri<\/b><\/h3>\n<p>Manay CPA&#8217;de bir \u0130K dan\u0131\u015fman\u0131 olarak, Fatima i\u015fletmeleri d\u00f6n\u00fc\u015ft\u00fcrme ve \u0130nsan Kaynaklar\u0131 fonksiyonlar\u0131n\u0131 optimize etme tutkusunu getiriyor. Rol\u00fc, performans\u0131 art\u0131rma, bo\u015fluklar\u0131 kapatma ve Manay CPA&#8217;nin genel ba\u015far\u0131s\u0131na katk\u0131da bulunma odakl\u0131 olarak \u00e7e\u015fitli \u0130K y\u00f6nlerinde dan\u0131\u015fmanl\u0131k yapmay\u0131 i\u00e7eriyor. Fatima, tak\u0131m\u0131n kapasitesine ve Manay CPA&#8217;nin genel ba\u015far\u0131s\u0131na \u00f6nemli \u00f6l\u00e7\u00fcde katk\u0131da bulunmay\u0131 \u00f6ng\u00f6r\u00fcyor. \u015eirketle i\u015fbirli\u011fi i\u00e7inde olmay\u0131, katk\u0131lar\u0131n\u0131 art\u0131rmak ve uzmanl\u0131\u011f\u0131n\u0131 firman\u0131n stratejik hedefleriyle uyumlu hale getirmek i\u00e7in kar\u015f\u0131l\u0131kl\u0131 destek sa\u011flamay\u0131 umuyor.<\/p>\n<h3><b>Sosyal Hayatta<\/b><\/h3>\n<p>Profesyonel kariyerin \u00f6tesinde, Fatima seyahat ederek yeni yerler ke\u015ffetmekten, tarihi roman okumaktan, e\u015fit i\u015f f\u0131rsatlar\u0131n\u0131 savunma, \u00e7al\u0131\u015fan refah\u0131n\u0131 destekleme ve bilin\u00e7li bir ya\u015fam tarz\u0131 s\u00fcrd\u00fcrmekten keyif al\u0131yor. Bu ki\u015fisel ilgi alanlar\u0131, hem mesleki hem de ki\u015fisel olarak dengeli bir karaktere ve b\u00fct\u00fcnsel refaha olan ba\u011fl\u0131l\u0131\u011f\u0131n\u0131 yans\u0131t\u0131yor.[\/vc_column_text][\/vc_column][\/vc_row][vc_row full_width=&#8221;stretch_row&#8221; css=&#8221;.vc_custom_1614419641251{background-color: #ffffff !important;}&#8221;][vc_column width=&#8221;1\/6&#8243; offset=&#8221;vc_col-lg-2&#8243;][\/vc_column][vc_column width=&#8221;2\/3&#8243; css=&#8221;.vc_custom_1614419340057{padding-right: 0px !important;padding-left: 0px !important;}&#8221; offset=&#8221;vc_col-lg-8&#8243;][vc_row_inner css=&#8221;.vc_custom_1511348683940{padding-top: 100px !important;padding-bottom: 100px !important;}&#8221;][vc_column_inner offset=&#8221;vc_col-lg-12 vc_col-md-12&#8243;][vc_custom_heading text=&#8221;Finansal ipu\u00e7lar\u0131, vergilerinizin son \u00f6deme tarihleri ve di\u011fer vergi stratejileri i\u00e7in b\u00fcltenimize abone olun&#8221; font_container=&#8221;tag:h3|font_size:23px%20!important|text_align:center|line_height:44px&#8221; use_theme_fonts=&#8221;yes&#8221; css_animation=&#8221;fadeIn&#8221; css=&#8221;.vc_custom_1617487578282{margin-bottom: 0px !important;}&#8221;][vc_empty_space height=&#8221;20px&#8221;][vc_raw_js]JTNDc2NyaXB0JTIwY2hhcnNldCUzRCUyMnV0Zi04JTIyJTIwdHlwZSUzRCUyMnRleHQlMkZqYXZhc2NyaXB0JTIyJTIwc3JjJTNEJTIyJTJGJTJGanMuaHNmb3Jtcy5uZXQlMkZmb3JtcyUyRnYyLmpzJTIyJTNFJTNDJTJGc2NyaXB0JTNFJTBBJTNDc2NyaXB0JTNFJTBBJTIwJTIwaGJzcHQuZm9ybXMuY3JlYXRlJTI4JTdCJTBBJTIwJTIwJTIwJTIwcmVnaW9uJTNBJTIwJTIybmExJTIyJTJDJTBBJTIwJTIwJTIwJTIwcG9ydGFsSWQlM0ElMjAlMjI2ODU1Njc0JTIyJTJDJTBBJTIwJTIwJTIwJTIwZm9ybUlkJTNBJTIwJTIyYjZhZGFjZGQtOWQ4Ni00YWI4LWJjYjQtZWY5ZTUzMzM4ZDg2JTIyJTBBJTIwJTIwJTdEJTI5JTNCJTBBJTNDJTJGc2NyaXB0JTNF[\/vc_raw_js][\/vc_column_inner][\/vc_row_inner][\/vc_column][vc_column width=&#8221;1\/6&#8243; offset=&#8221;vc_col-lg-2&#8243;][\/vc_column][\/vc_row]<\/p>\n<\/div>","protected":false},"excerpt":{"rendered":"<p>[vc_row full_width=&#8221;stretch_row&#8221; css=&#8221;.vc_custom_1629916042978{padding-top: 100px !important;padding-bottom: 80px !important;background-image: url(https:\/\/www.manaycpa.com\/wp-content\/uploads\/2021\/02\/team-manay-1s.jpg?id=9932) !important;}&#8221;][vc_column][vc_row_inner][vc_column_inner][vc_empty_space height=&#8221;50px&#8221;][\/vc_column_inner][\/vc_row_inner][\/vc_column][\/vc_row][vc_row][vc_column width=&#8221;1\/4&#8243; offset=&#8221;vc_col-lg-1&#8243;][\/vc_column][vc_column width=&#8221;1\/4&#8243; offset=&#8221;vc_col-lg-6&#8243;][vc_empty_space height=&#8221;70px&#8221;][vc_empty_space height=&#8221;20px&#8221;][\/vc_column][vc_column width=&#8221;1\/4&#8243; offset=&#8221;vc_col-lg-4&#8243;][vc_empty_space height=&#8221;50px&#8221;][vc_single_image image=&#8221;57295&#8243; img_size=&#8221;full&#8221; style=&#8221;vc_box_shadow_border&#8221; css_animation=&#8221;fadeInLeft&#8221;][\/vc_column][vc_column width=&#8221;1\/4&#8243;][\/vc_column][\/vc_row][vc_row][vc_column width=&#8221;1\/12&#8243; offset=&#8221;vc_col-lg-1&#8243;][\/vc_column][vc_column width=&#8221;2\/3&#8243; css=&#8221;.vc_custom_1614418963997{padding-right: 25px !important;}&#8221; [&hellip;]<\/p>\n","protected":false},"author":19,"featured_media":0,"parent":9917,"menu_order":0,"comment_status":"closed","ping_status":"closed","template":"","meta":{"footnotes":""},"class_list":["post-57299","page","type-page","status-publish","hentry"],"_links":{"self":[{"href":"https:\/\/www.manaycpa.com\/tr\/wp-json\/wp\/v2\/pages\/57299","targetHints":{"allow":["GET"]}}],"collection":[{"href":"https:\/\/www.manaycpa.com\/tr\/wp-json\/wp\/v2\/pages"}],"about":[{"href":"https:\/\/www.manaycpa.com\/tr\/wp-json\/wp\/v2\/types\/page"}],"author":[{"embeddable":true,"href":"https:\/\/www.manaycpa.com\/tr\/wp-json\/wp\/v2\/users\/19"}],"replies":[{"embeddable":true,"href":"https:\/\/www.manaycpa.com\/tr\/wp-json\/wp\/v2\/comments?post=57299"}],"version-history":[{"count":4,"href":"https:\/\/www.manaycpa.com\/tr\/wp-json\/wp\/v2\/pages\/57299\/revisions"}],"predecessor-version":[{"id":57303,"href":"https:\/\/www.manaycpa.com\/tr\/wp-json\/wp\/v2\/pages\/57299\/revisions\/57303"}],"up":[{"embeddable":true,"href":"https:\/\/www.manaycpa.com\/tr\/wp-json\/wp\/v2\/pages\/9917"}],"wp:attachment":[{"href":"https:\/\/www.manaycpa.com\/tr\/wp-json\/wp\/v2\/media?parent=57299"}],"curies":[{"name":"wp","href":"https:\/\/api.w.org\/{rel}","templated":true}]}}