{"id":58279,"date":"2024-04-18T18:31:36","date_gmt":"2024-04-18T18:31:36","guid":{"rendered":"https:\/\/www.manaycpa.com\/?page_id=58279"},"modified":"2024-09-25T20:09:11","modified_gmt":"2024-09-25T20:09:11","slug":"webinar-amerikada-sirket-kurulusu-kurulus-sonrasi-surecler-vergilendirme-ve-insan-kaynaklari","status":"publish","type":"page","link":"https:\/\/www.manaycpa.com\/tr\/webinar-amerikada-sirket-kurulusu-kurulus-sonrasi-surecler-vergilendirme-ve-insan-kaynaklari\/","title":{"rendered":"Webinar &#8211; Amerika\u2019da \u015eirket Kurulu\u015fu, Kurulu\u015f Sonras\u0131 S\u00fcre\u00e7ler, Vergilendirme ve \u0130nsan Kaynaklar\u0131"},"content":{"rendered":"<div class=\"wpb-content-wrapper\"><p>[vc_row full_width=&#8221;stretch_row&#8221; content_placement=&#8221;middle&#8221; css=&#8221;.vc_custom_1713465022338{padding-top: 100px !important;padding-bottom: 40px !important;background-color: #eeeeee !important;}&#8221; el_class=&#8221;okan_test&#8221;][vc_column width=&#8221;1\/2&#8243; offset=&#8221;vc_col-lg-6 vc_col-md-12&#8243;][vc_row_inner css=&#8221;.vc_custom_1539591907369{margin-top: 30px !important;}&#8221;][vc_column_inner css=&#8221;.vc_custom_1707937967671{padding-right: 0px !important;padding-left: 0px !important;}&#8221; offset=&#8221;vc_col-lg-offset-0 vc_col-lg-12 vc_col-md-offset-1 vc_col-md-12 vc_col-sm-offset-0&#8243;][vc_single_image image=&#8221;58280&#8243; img_size=&#8221;full&#8221; alignment=&#8221;center&#8221; css_animation=&#8221;fadeIn&#8221; css=&#8221;.vc_custom_1713464820496{margin-bottom: 0px !important;}&#8221;][\/vc_column_inner][\/vc_row_inner][\/vc_column][vc_column width=&#8221;1\/2&#8243; css=&#8221;.vc_custom_1539591979391{padding-left: 0px !important;}&#8221; offset=&#8221;vc_col-lg-6 vc_col-md-12&#8243;][vc_row_inner content_placement=&#8221;middle&#8221; css=&#8221;.vc_custom_1707938103074{padding-top: 100px !important;}&#8221;][vc_column_inner width=&#8221;5\/6&#8243; css=&#8221;.vc_custom_1707938047102{padding-right: 0px !important;padding-left: 0px !important;}&#8221; offset=&#8221;vc_col-lg-offset-2 vc_col-lg-10 vc_col-md-offset-2 vc_col-md-10&#8243;]<header class=\"kd-section-title col-lg-12 text-left  kd-animated fadeIn  \" data-animation-delay=200><h2 class=\"separator_off\" >\u0130zlemek \u0130\u00e7in Formu Doldurun<\/h2><\/header>[vc_raw_js]JTNDc2NyaXB0JTIwY2hhcnNldCUzRCUyMnV0Zi04JTIyJTIwdHlwZSUzRCUyMnRleHQlMkZqYXZhc2NyaXB0JTIyJTIwc3JjJTNEJTIyJTJGJTJGanMuaHNmb3Jtcy5uZXQlMkZmb3JtcyUyRmVtYmVkJTJGdjIuanMlMjIlM0UlM0MlMkZzY3JpcHQlM0UlMEElM0NzY3JpcHQlM0UlMEElMjAlMjBoYnNwdC5mb3Jtcy5jcmVhdGUlMjglN0IlMEElMjAlMjAlMjAlMjByZWdpb24lM0ElMjAlMjJuYTElMjIlMkMlMEElMjAlMjAlMjAlMjBwb3J0YWxJZCUzQSUyMCUyMjY4NTU2NzQlMjIlMkMlMEElMjAlMjAlMjAlMjBmb3JtSWQlM0ElMjAlMjI4NTJlNTQzYi03NjA4LTQyMTYtODlhZi1jNThkYWFjYTY0N2MlMjIlMEElMjAlMjAlN0QlMjklM0IlMEElM0MlMkZzY3JpcHQlM0U=[\/vc_raw_js][\/vc_column_inner][\/vc_row_inner][\/vc_column][\/vc_row][vc_row full_width=&#8221;stretch_row&#8221; css=&#8221;.vc_custom_1707938357558{padding-top: 40px !important;padding-bottom: 40px !important;}&#8221;][vc_column width=&#8221;1\/2&#8243; offset=&#8221;vc_col-lg-12 vc_col-md-12&#8243;][vc_row_inner css=&#8221;.vc_custom_1539591907369{margin-top: 30px !important;}&#8221;][vc_column_inner css=&#8221;.vc_custom_1707936513652{padding-right: 0px !important;padding-left: 0px !important;}&#8221; offset=&#8221;vc_col-lg-offset-0 vc_col-lg-12 vc_col-md-offset-1 vc_col-md-12 vc_col-sm-offset-0&#8243;]<header class=\"kd-section-title col-lg-12 text-left  kd-animated fadeIn  \" data-animation-delay=200><h2 class=\"separator_off\" >Amerika\u2019da \u015eirket Kurulu\u015fu, Kurulu\u015f Sonras\u0131 S\u00fcre\u00e7ler, Vergilendirme ve \u0130nsan Kaynaklar\u0131<\/h2><\/header>[\/vc_column_inner][\/vc_row_inner][vc_row_inner css=&#8221;.vc_custom_1513613877158{margin-top: 10px !important;margin-bottom: 35px !important;}&#8221;][vc_column_inner css=&#8221;.vc_custom_1707936191448{padding-left: 0px !important;}&#8221; offset=&#8221;vc_col-lg-offset-0 vc_col-lg-12 vc_col-md-offset-1 vc_col-md-12 vc_col-xs-12&#8243;][vc_column_text]30 Nisan 2024 Sal\u0131 g\u00fcn\u00fc saat 18.00\u2019de, T\u00fcrkiye\u2019nin se\u00e7kin dan\u0131\u015fmanl\u0131k firmalar\u0131ndan biri olan Sistem Global Dan\u0131\u015fmanl\u0131k A.\u015e. ile Amerika\u2019da \u00e7\u00f6z\u00fcm orta\u011f\u0131 olarak i\u015f birli\u011fimizin ilk etkinli\u011fi \u201cAmerika\u2019da \u015eirket Kurulu\u015fu, Kurulu\u015f Sonras\u0131 S\u00fcre\u00e7ler, Vergilendirme ve \u0130nsan Kaynaklar\u0131\u201d isimli \u00fccretsiz canl\u0131 webinar\u2019\u0131m\u0131za davetlisiniz!<\/p>\n<p>Sistem Global\u2019de \u0130hracat ve Uluslararas\u0131 B\u00fcy\u00fcme Servisleri K\u0131demli M\u00fcd\u00fcr\u00fc Hazal Bedir\u2019in moderat\u00f6rl\u00fc\u011f\u00fcnde ve Manay CPA \u015eirket Orta\u011f\u0131 ve Kaliforniya Ofis Lideri G\u00fcl\u00e7in Gurule\u2019nin konu\u015fmac\u0131 oldu\u011fu webinar&#8217;da Amerika pazar\u0131na a\u00e7\u0131lmak i\u00e7in gerekli ad\u0131mlar ve s\u00fcre\u00e7ler ele al\u0131nacak.<\/p>\n<p><strong>Webinar&#8217;da Hangi Konulara De\u011finilecek?<\/strong><\/p>\n<ul>\n<li>Amerika pazar\u0131na a\u00e7\u0131lmak neden \u00f6nemli?<\/li>\n<li>Amerika pazar\u0131na giri\u015fte do\u011fru \u015firket t\u00fcr\u00fc ve eyalet se\u00e7imi nas\u0131l yap\u0131lmal\u0131?<\/li>\n<li>\u015eirket kurulu\u015fu sonras\u0131 izlenmesi gereken ad\u0131mlar nelerdir?<\/li>\n<li>Amerika\u2019da vergilendirme s\u00fcre\u00e7leri,<\/li>\n<li>Amerika\u2019da insan kaynaklar\u0131 s\u00fcre\u00e7leri,<\/li>\n<\/ul>\n<p>Amerika pazar\u0131nda ba\u015far\u0131l\u0131 bir \u015fekilde yer alman\u0131z i\u00e7in gerekli bilgileri sa\u011flayacak bu kapsaml\u0131 webinar&#8217;\u0131 formu doldurarak \u015fimdi \u00fccretsiz bir \u015fekilde izleyebilirsiniz.[\/vc_column_text][\/vc_column_inner][\/vc_row_inner][\/vc_column][\/vc_row]<\/p>\n<\/div>","protected":false},"excerpt":{"rendered":"<p>[vc_row full_width=&#8221;stretch_row&#8221; content_placement=&#8221;middle&#8221; css=&#8221;.vc_custom_1713465022338{padding-top: 100px !important;padding-bottom: 40px !important;background-color: #eeeeee !important;}&#8221; el_class=&#8221;okan_test&#8221;][vc_column width=&#8221;1\/2&#8243; offset=&#8221;vc_col-lg-6 vc_col-md-12&#8243;][vc_row_inner css=&#8221;.vc_custom_1539591907369{margin-top: 30px !important;}&#8221;][vc_column_inner css=&#8221;.vc_custom_1707937967671{padding-right: 0px !important;padding-left: 0px !important;}&#8221; offset=&#8221;vc_col-lg-offset-0 vc_col-lg-12 vc_col-md-offset-1 vc_col-md-12 vc_col-sm-offset-0&#8243;][vc_single_image image=&#8221;58280&#8243; img_size=&#8221;full&#8221; alignment=&#8221;center&#8221; [&hellip;]<\/p>\n","protected":false},"author":19,"featured_media":58280,"parent":0,"menu_order":0,"comment_status":"closed","ping_status":"closed","template":"","meta":{"footnotes":""},"class_list":["post-58279","page","type-page","status-publish","has-post-thumbnail","hentry"],"_links":{"self":[{"href":"https:\/\/www.manaycpa.com\/tr\/wp-json\/wp\/v2\/pages\/58279","targetHints":{"allow":["GET"]}}],"collection":[{"href":"https:\/\/www.manaycpa.com\/tr\/wp-json\/wp\/v2\/pages"}],"about":[{"href":"https:\/\/www.manaycpa.com\/tr\/wp-json\/wp\/v2\/types\/page"}],"author":[{"embeddable":true,"href":"https:\/\/www.manaycpa.com\/tr\/wp-json\/wp\/v2\/users\/19"}],"replies":[{"embeddable":true,"href":"https:\/\/www.manaycpa.com\/tr\/wp-json\/wp\/v2\/comments?post=58279"}],"version-history":[{"count":5,"href":"https:\/\/www.manaycpa.com\/tr\/wp-json\/wp\/v2\/pages\/58279\/revisions"}],"predecessor-version":[{"id":58949,"href":"https:\/\/www.manaycpa.com\/tr\/wp-json\/wp\/v2\/pages\/58279\/revisions\/58949"}],"wp:featuredmedia":[{"embeddable":true,"href":"https:\/\/www.manaycpa.com\/tr\/wp-json\/wp\/v2\/media\/58280"}],"wp:attachment":[{"href":"https:\/\/www.manaycpa.com\/tr\/wp-json\/wp\/v2\/media?parent=58279"}],"curies":[{"name":"wp","href":"https:\/\/api.w.org\/{rel}","templated":true}]}}