{"id":59185,"date":"2024-09-10T13:29:41","date_gmt":"2024-09-10T13:29:41","guid":{"rendered":"https:\/\/www.manaycpa.com\/?page_id=59185"},"modified":"2024-09-20T09:44:54","modified_gmt":"2024-09-20T09:44:54","slug":"webinar-uzatilmis-vergi-beyannamesi","status":"publish","type":"page","link":"https:\/\/www.manaycpa.com\/tr\/webinar-uzatilmis-vergi-beyannamesi\/","title":{"rendered":"Amerika&#8217;da Bireysel ve C-Corporation Vergi Beyanlar\u0131: Uzatma S\u00fcrecindeki Vergi Beyanlar\u0131 \u0130\u00e7in Son Haz\u0131rl\u0131klar"},"content":{"rendered":"<div class=\"wpb-content-wrapper\"><p>[vc_row full_width=&#8221;stretch_row&#8221; content_placement=&#8221;middle&#8221; css=&#8221;.vc_custom_1725908848263{margin-top: 10px !important;padding-top: 100px !important;padding-bottom: 40px !important;background-color: #eeeeee !important;}&#8221; el_class=&#8221;okan_test&#8221;][vc_column width=&#8221;1\/2&#8243; offset=&#8221;vc_col-lg-6 vc_col-md-12&#8243;][vc_row_inner css=&#8221;.vc_custom_1539591907369{margin-top: 30px !important;}&#8221;][vc_column_inner css=&#8221;.vc_custom_1707937967671{padding-right: 0px !important;padding-left: 0px !important;}&#8221; offset=&#8221;vc_col-lg-offset-0 vc_col-lg-12 vc_col-md-offset-1 vc_col-md-12 vc_col-sm-offset-0&#8243;][vc_single_image image=&#8221;59212&#8243; img_size=&#8221;full&#8221; alignment=&#8221;center&#8221; css_animation=&#8221;fadeIn&#8221; css=&#8221;.vc_custom_1725974503985{margin-bottom: 0px !important;}&#8221;][\/vc_column_inner][\/vc_row_inner][\/vc_column][vc_column width=&#8221;1\/2&#8243; css=&#8221;.vc_custom_1539591979391{padding-left: 0px !important;}&#8221; offset=&#8221;vc_col-lg-6 vc_col-md-12&#8243;][vc_row_inner content_placement=&#8221;middle&#8221; css=&#8221;.vc_custom_1707938103074{padding-top: 100px !important;}&#8221;][vc_column_inner width=&#8221;5\/6&#8243; css=&#8221;.vc_custom_1707938047102{padding-right: 0px !important;padding-left: 0px !important;}&#8221; offset=&#8221;vc_col-lg-offset-2 vc_col-lg-10 vc_col-md-offset-2 vc_col-md-10&#8243;]<header class=\"kd-section-title col-lg-12 text-left  kd-animated fadeIn  \" data-animation-delay=200><h2 class=\"separator_off\" >\u0130zlemek i\u00e7in Formu Doldurun<\/h2><\/header>[vc_raw_js]JTNDc2NyaXB0JTIwY2hhcnNldCUzRCUyMnV0Zi04JTIyJTIwdHlwZSUzRCUyMnRleHQlMkZqYXZhc2NyaXB0JTIyJTIwc3JjJTNEJTIyJTJGJTJGanMuaHNmb3Jtcy5uZXQlMkZmb3JtcyUyRmVtYmVkJTJGdjIuanMlMjIlM0UlM0MlMkZzY3JpcHQlM0UlMEElM0NzY3JpcHQlM0UlMEElMjAlMjBoYnNwdC5mb3Jtcy5jcmVhdGUlMjglN0IlMEElMjAlMjAlMjAlMjByZWdpb24lM0ElMjAlMjJuYTElMjIlMkMlMEElMjAlMjAlMjAlMjBwb3J0YWxJZCUzQSUyMCUyMjY4NTU2NzQlMjIlMkMlMEElMjAlMjAlMjAlMjBmb3JtSWQlM0ElMjAlMjI2YjE0NWU5Ni1hNjZiLTRmZGQtOTE3OS03ODc0M2IyYjA4MTklMjIlMEElMjAlMjAlN0QlMjklM0IlMEElM0MlMkZzY3JpcHQlM0U=[\/vc_raw_js][\/vc_column_inner][\/vc_row_inner][\/vc_column][\/vc_row][vc_row full_width=&#8221;stretch_row&#8221; css=&#8221;.vc_custom_1707938357558{padding-top: 40px !important;padding-bottom: 40px !important;}&#8221;][vc_column width=&#8221;1\/2&#8243; offset=&#8221;vc_col-lg-12 vc_col-md-12&#8243;][vc_row_inner css=&#8221;.vc_custom_1539591907369{margin-top: 30px !important;}&#8221;][vc_column_inner css=&#8221;.vc_custom_1707936513652{padding-right: 0px !important;padding-left: 0px !important;}&#8221; offset=&#8221;vc_col-lg-offset-0 vc_col-lg-12 vc_col-md-offset-1 vc_col-md-12 vc_col-sm-offset-0&#8243;]<header class=\"kd-section-title col-lg-12 text-left  kd-animated fadeIn  \" data-animation-delay=200><h2 class=\"separator_off\" >Bireysel ve C Corporation Vergi Beyannameleri: Uzatma Ba\u015fvurusunda Bulunulmu\u015f Vergi Beyanlar\u0131 \u0130\u00e7in Son Dakika Haz\u0131rl\u0131klar\u0131<\/h2><p class=\"subtitle \" >Amerika'da 2023 vergi beyanlar\u0131n\u0131n ger\u00e7ekle\u015fti\u011fi bu \u00f6nemli d\u00f6nemde, vergi haz\u0131rl\u0131klar\u0131n\u0131z\u0131 eksiksiz ve do\u011fru bir \u015fekilde yapabilmek i\u00e7in a\u015fa\u011f\u0131daki sorular\u0131n ve benzerlerinin yan\u0131tlar\u0131n\u0131 bilmek gerekir.<\/p><\/header>[\/vc_column_inner][\/vc_row_inner][vc_row_inner css=&#8221;.vc_custom_1513613877158{margin-top: 10px !important;margin-bottom: 35px !important;}&#8221;][vc_column_inner css=&#8221;.vc_custom_1707936191448{padding-left: 0px !important;}&#8221; offset=&#8221;vc_col-lg-offset-0 vc_col-lg-12 vc_col-md-offset-1 vc_col-md-12 vc_col-xs-12&#8243;][vc_column_text css=&#8221;&#8221;]Manay CPA Sat\u0131\u015f Uzman\u0131 Meltem Cerci&#8217;in moderat\u00f6rl\u00fc\u011f\u00fcnde, Manay CPA Tak\u0131m Y\u00f6neticisi Bar\u0131\u015f Day, Uzat\u0131lm\u0131\u015f ABD vergi beyannamelerinde dikkat edilmesi gerekenler hakk\u0131nda kapsaml\u0131 bilgiler sunuyor.[\/vc_column_text][vc_column_text css_animation=&#8221;fadeIn&#8221; css=&#8221;&#8221;]<\/p>\n<ul>\n<li>Kimler Amerika&#8217;da Vergi Beyan\u0131 yapmal\u0131?<\/li>\n<li>Uzatma ba\u015fvurusunda bulunanlar i\u00e7in hangi ad\u0131mlar at\u0131lmal\u0131?<\/li>\n<li>Vergi beyannamesi haz\u0131rlarken nelere dikkat edilmeli?<\/li>\n<li>Uzatma ba\u015fvurusunda bulunulmu\u015f beyanname s\u00fcrecinde ka\u00e7\u0131r\u0131lmamas\u0131 gereken son tarihler nelerdir?<\/li>\n<\/ul>\n<p>[\/vc_column_text][vc_column_text css=&#8221;.vc_custom_1725908528784{padding-top: 10px !important;}&#8221;]T\u00fcm bu ve benzeri sorular\u0131n\u0131za cevap bulmak ve vergi beyan d\u00f6neminde bilinmesi gereken \u00f6nemli noktalar\u0131 \u00f6\u011frenmek i\u00e7in \u015fimdi webinar&#8217;\u0131 izleyebilirsiniz.[\/vc_column_text][\/vc_column_inner][\/vc_row_inner][\/vc_column][\/vc_row][vc_row][vc_column][vc_column_text]<\/p>\n<div class=\"article\" style=\"max-height: 300px; overflow-y: scroll; text-align: center; overflow-x: hidden; padding: 0 5px;\">\n<h1>Amerika&#8217;da Vergi Beyan\u0131 Hakk\u0131nda Bilmeniz Gerekenler<\/h1>\n<h2 style=\"text-align: left;\">EIN numaram 3 g\u00fcn \u00f6nce geldi. Bu sene herhangi bir beyan\u0131m \/ \u00f6demem var m\u0131?<\/h2>\n<p style=\"text-align: left;\">\u015eirket t\u00fcr\u00fcn\u00fcze g\u00f6re 2025 y\u0131l\u0131nda; 2024 vergi beyan d\u00f6neminden sorumlu olacaks\u0131n\u0131z. Eyalet taraf\u0131nda durumunuz veya kurulu\u015f tarihiniz farkl\u0131 olabilir, bu nedenle daha detayl\u0131 bilgi i\u00e7in bizlere ula\u015fabilirsiniz.<\/p>\n<h2 style=\"text-align: left;\">LLC sahipleri vergi beyan\u0131 i\u00e7in ITIN almak zorunda m\u0131d\u0131r?<\/h2>\n<p style=\"text-align: left;\">ITIN almak zorunda de\u011filsiniz, ancak ITIN numaran\u0131z oldu\u011funda vergi beyan\u0131n\u0131z\u0131 elektronik olarak beyan edebiliyorsunuz. ITIN numaras\u0131 banka hesap a\u00e7\u0131l\u0131\u015f\u0131nda da avantaj sa\u011flamaktad\u0131r. ITIN numaran\u0131z yoksa vergi beyan\u0131n\u0131 posta yoluyla yapabiliyorsunuz, olas\u0131 bir vergi \u00e7\u0131kmas\u0131 durumunda \u00f6demesini check yoluyla ger\u00e7ekle\u015ftirebilirsiniz.<\/p>\n<h2 style=\"text-align: left;\">ABD&#8217;den emekli olan beyanname vermeli mi?<\/h2>\n<p style=\"text-align: left;\">E\u011fer sadece ge\u00e7im kayna\u011f\u0131 Social Security maa\u015f\u0131ndan geliyorsa vergi beyan\u0131 yapmas\u0131na gerek yok; fakat bunun d\u0131\u015f\u0131ndaki t\u00fcm emeklilerin ya\u015f fark\u0131 fark etmeksizin vergi beyan\u0131 yapmalar\u0131 gerekiyor.<\/p>\n<h2 style=\"text-align: left;\">Merhaba aktif ticareti olmayan firmalar i\u00e7in vergi beyan\u0131 nas\u0131l yap\u0131lmal\u0131d\u0131r (Georgia)<\/h2>\n<p style=\"text-align: left;\">\u015eirkette gelir olmam\u0131\u015f olsa da EIN numaran\u0131z aktif oldu\u011fu s\u00fcrece vergi beyan\u0131 verme konusunda sorumlusunuzdur.<\/p>\n<h2 style=\"text-align: left;\">Amazon \u00fcr\u00fcnlerimizi farkl\u0131 eyaletlere da\u011f\u0131tt\u0131\u011f\u0131 zaman her yerde ayr\u0131 ayr\u0131 vergi kayd\u0131m\u0131z\u0131n olmas\u0131 mi laz\u0131m?<\/h2>\n<p style=\"text-align: left;\">Amazon da hesap a\u00e7arken doldurdu\u011funuz formlara g\u00f6re de\u011fi\u015fmektedir. Genellikle Amazon, sat\u0131\u015flar\u0131n\u0131n yap\u0131ld\u0131\u011f\u0131 eyaletlerde sales tax (sat\u0131\u015f vergisi) toplay\u0131p beyan etmektedir. B\u00f6yle bir durumda sat\u0131lan \u00fcr\u00fcnler i\u00e7in ayr\u0131ca eyaletlerde sales tax beyan\u0131 yapman\u0131za gerek yok. \u015eirketinizin \u00e7al\u0131\u015fanlar\u0131 ba\u015fka bir eyalette ikamet ediyorsa ya da ba\u015fka bir \u015fubeniz varsa o zaman o eyaletlerde de vergi beyan\u0131 yapman\u0131z gerekebilir. Durumunuz \u00f6zelinizde de\u011ferlendirilmesi gerekmektedir.<\/p>\n<h2 style=\"text-align: left;\">\u200b\u200bUtility Bill konusunda yard\u0131mc\u0131 oluyor musunuz?<\/h2>\n<p style=\"text-align: left;\">\u015eirketiniz Georgia eyaletinde ise evet utility bill konusunda yard\u0131mc\u0131 olmaktay\u0131z.<\/p>\n<h2 style=\"text-align: left;\">Muhasebecimize Amazon hesab\u0131m\u0131zdan ald\u0131\u011f\u0131m\u0131z 1099K formunu vermemiz yeterli midir? Yoksa daha ba\u015fka beyan t\u00fcrleri var m\u0131d\u0131r?<\/h2>\n<p style=\"text-align: left;\">Vergi beyan\u0131 i\u00e7in; \u015firketin kurulu\u015f dok\u00fcmanlar\u0131 , \u015firketin yap\u0131s\u0131, ortakl\u0131k durumlar\u0131 ve \u015firketten yap\u0131lan harcamalar i\u00e7in ekstra belgeler ile birlikte y\u0131l i\u00e7indeki harcamalar\u0131 g\u00f6steren b\u00fct\u00fcn belgeleri muhasebecinize vermeniz gerekebilir.<\/p>\n<h2 style=\"text-align: left;\">Wyoming&#8217;in avantaj\u0131 nedir?<\/h2>\n<p style=\"text-align: left;\">Wyoming genel olarak reg\u00fclatif eyalet \u00fccretleri\u00a0 konusunda daha avantajl\u0131d\u0131r, ayr\u0131ca Wyoming eyaletinde gelir vergisi\u00a0 bulunmamaktad\u0131r.<\/p>\n<h2 style=\"text-align: left;\">Her y\u0131l IRS\u2019e 1120 ve 5472 ve 1040NR &amp; Schedule C Formlar\u0131n\u0131 g\u00f6ndermemiz gerekir mi?<\/h2>\n<p style=\"text-align: left;\">E\u011fer foreign (yabanc\u0131) ve Single Member LLC sahibiyseniz evet bu formlar\u0131 beyan etmeniz gerekmektedir.<\/p>\n<h2 style=\"text-align: left;\">\u200b\u200bAmazon vergi beyan\u0131 ile ilgili k\u0131saca bilgi verebilir misiniz?<\/h2>\n<p style=\"text-align: left;\">Burada \u00f6nemli olan konu \u015firketin yap\u0131s\u0131 ve \u015firket sahiplerinin foreign (yabanc\u0131) olup olmamas\u0131d\u0131r, e\u011fer Single Member LLC ve sahibi foreign ise Amazon\u2019dan gelen 1099-K formu ile birlikte Proforma 1120, 5472 ve 1040NR &amp; Schedule C Formlar\u0131n\u0131 g\u00f6ndermeniz gerekir.<\/p>\n<h2 style=\"text-align: left;\">Green Card elimize ge\u00e7ti\u011fi zaman ilk kez vergi m\u00fckellefi olunca yap\u0131lmas\u0131 gereken i\u015flemler nelerdir? ABD hazinesine Green Card al\u0131nd\u0131\u011f\u0131 andaki mal beyan\u0131 veya T\u00fcrkiye\u2019deki hesap beyan\u0131 yapmak gerekiyor mu?<\/h2>\n<p style=\"text-align: left;\">\u00d6nemli olan al\u0131nd\u0131\u011f\u0131 an de\u011fil, 31 Aral\u0131k tarihindeki durumunuzdur. Green Card al\u0131nd\u0131\u011f\u0131 y\u0131l itibariyle yapaca\u011f\u0131n\u0131z vergi beyan\u0131nda y\u0131l i\u00e7indeki varl\u0131klar\u0131n\u0131z\u0131 beyan etmeniz gerekmektedir.<\/p>\n<h2 style=\"text-align: left;\">Ocak 2024\u2019de kurulan tek ortakl\u0131 LLC \u015firket i\u00e7in son vergi \u00f6deme zaman\u0131 nedir?<\/h2>\n<p style=\"text-align: left;\">Ocak 2024\u2019te kurulan Single Member LLC\u2019lerin vergi beyan i\u00e7in deadline\u2019\u0131 15 Nisan 2025 olacakt\u0131r.<\/p>\n<h2 style=\"text-align: left;\">\u200b\u200bMerhaba Burcin Han\u0131m, gelir beyan\u0131na konu olabilen gidenler nelerdir, neleri gider yazmak uygun de\u011fildir, bahsedebilirseniz memnun olurum. Te\u015fekk\u00fcr ederim<\/h2>\n<p style=\"text-align: left;\">Merhaba, \u015firketiniz varsa \u015firket ile ilgili yapt\u0131\u011f\u0131n\u0131z harcamalar\u0131 gider olarak g\u00f6sterebilirsiniz. E\u011fer individual (birey) ya da Green Card Holder (Green Card Sahibi) iseniz mortgage interest, sa\u011fl\u0131k harcamalar\u0131; evden \u00e7al\u0131\u015f\u0131yorsan\u0131z home office harcamalar\u0131 gibi kalemleri gider g\u00f6sterebilirsiniz, ancak bunlarda belirli limitler vardir gelirinize gore degerlendirilmesi gerekmektedir.<\/p>\n<h2 style=\"text-align: left;\">\u200b\u200bIRS \u00fczerinden vergi \u00f6deyecektik, sisteme bilgileri giriyoruz ama \u00f6deme yapam\u0131yoruz. \u015eirketimiz kurulal\u0131 3.d\u00f6nem vergimiz daha \u00f6ncesinde k\u00e2rda de\u011fildi, gelir vergisi \u00f6demedik sadece eyalet vergisi \u00f6dedik.<\/h2>\n<p style=\"text-align: left;\">Yapaca\u011f\u0131n\u0131z \u00f6deme \u015firketin yap\u0131s\u0131na g\u00f6re de\u011fi\u015fiklik g\u00f6sterebilir. Bu link \u00fczerinden \u00f6deme yapabilirsiniz. <a href=\"https:\/\/www.irs.gov\/payments\" rel=\"nofollow noopener\" target=\"_blank\">https:\/\/www.irs.gov\/payments<\/a><\/p>\n<h2 style=\"text-align: left;\">\u200b\u200bBu sene ITIN numaram\u0131z geldi, sistem ge\u00e7mi\u015f ITIN bilgisi istiyor. \u015eimdi nas\u0131l \u00f6deme yapmam\u0131z laz\u0131m?<\/h2>\n<p style=\"text-align: left;\">Vergi \u00f6demenizi IRS\u2019e routing number ve account number bildirerek hesab\u0131n\u0131za \u00f6denecek miktar\u0131 yat\u0131rman\u0131z gerekmektedir. Bazen IRS ITIN ile e\u015fle\u015fme yapamayabiliyor, bu durumda telefon ile \u00f6deme yapma se\u00e7ene\u011fini de\u011ferlendirebilirsiniz.<\/p>\n<p style=\"text-align: left;\">ITIN hakk\u0131nda daha fazla bilgi i\u00e7in <a href=\"https:\/\/www.manaycpa.com\/tr\/itin-nedir\/\">https:\/\/www.manaycpa.com\/tr\/itin-nedir\/<\/a><\/p>\n<h2 style=\"text-align: left;\">Muhasebeci vergi dairesine yollanacak evraklara vergimiz kadar bakiyeyi hesapta tutun o hesaptan \u00e7ekerler dedi, account ve routing number yazarak b\u00f6yle bir i\u015flem yeterli olur mu ?<\/h2>\n<p style=\"text-align: left;\">ITIN numaran\u0131z varsa evet bu \u015fekilde hesab\u0131n\u0131zdan gerekli vergi tutar\u0131 \u00e7ekilebilir. Ancak e\u011fer hesaptan al\u0131nmas\u0131n\u0131 talep etti\u011finiz tarih ge\u00e7mi\u015fse, \u00f6deme al\u0131namam\u0131\u015f olabilir. IRS ile irtibata ge\u00e7meniz gerekebilir.<\/p>\n<h2 style=\"text-align: left;\">1040 NR i\u00e7in bir muafiyet var m\u0131? \u00d6rne\u011fin 2 dolar temett\u00fc elde ettiysem yine de doldurmam gerekli mi?<\/h2>\n<p style=\"text-align: left;\">\u00a0Amerika\u2019da kazan\u0131lan her 1 dolar\u2019\u0131n vergi beyan\u0131n\u0131n yap\u0131lmas\u0131 gerekmektedir. Non-Residentlar i\u00e7in baz\u0131 muafiyetler olabilir, m\u00fc\u015fteri \u00f6zelinde de\u011ferlendirilmesi gerekmektedir.<\/p>\n<h2 style=\"text-align: left;\">\u200b\u200bO\u011flum TC &amp; ABD vatanda\u015f\u0131 olup T\u00fcrkiye&#8217;de ya\u015f\u0131yor ve M\u00fchendis olarak Ankara&#8217;da bir T\u00fcrk \u015firketinde \u00e7al\u0131\u015f\u0131yor. ABD&#8217;den geldi\u011fimiz 1994&#8217;den beri hi\u00e7 ABD&#8217;de bulunmad\u0131 ve state\/federal vergi beyan etmedi. O\u011flumun ne yapmas\u0131 gerekir?<\/h2>\n<p style=\"text-align: left;\">US vatanda\u015flar\u0131n\u0131n vergi beyanlar\u0131n\u0131 yapmalar\u0131 gerekmektedir. Geriye d\u00f6n\u00fck 6 y\u0131ll\u0131k beyan yap\u0131labilmektedir.<\/p>\n<h2 style=\"text-align: left;\">1040NR sorumlular\u0131 i\u00e7in de son g\u00fcn 15 Nisan m\u0131d\u0131r? T\u00fcm eyaletler i\u00e7in tarih ayn\u0131 m\u0131d\u0131r?<\/h2>\n<p style=\"text-align: left;\">Single Member LLC ve C-Corplar i\u00e7in 15 Nisan son g\u00fcnd\u00fcr. Partnership ve S-Corplar i\u00e7in ise 15 Mart. Dolay\u0131s\u0131yla \u015firketinizin tek sahibi var ise 15 Nisan, ortakl\u0131 yap\u0131 ise 15 Mart son g\u00fcn olarak de\u011ferlendirmeniz gerekir. Eyalet bazl\u0131 tarih de\u011fi\u015fikli\u011fi bulunmamaktad\u0131r.<\/p>\n<h2 style=\"text-align: left;\">Single Member LLC sahipleri vergi beyan\u0131 i\u00e7in ITIN almak zorunda m\u0131d\u0131r?<\/h2>\n<p style=\"text-align: left;\">ITIN almak zorunda de\u011filsiniz, ancak ITIN numaran\u0131z oldu\u011funda vergi beyan\u0131n\u0131z\u0131 elektronik olarak beyan edebiliyorsunuz. ITIN numaras\u0131 banka hesap a\u00e7\u0131l\u0131\u015f\u0131nda da avantaj sa\u011flamaktad\u0131r. ITIN numaran\u0131z yoksa vergi beyan\u0131n\u0131 posta yoluyla yapabiliyorsunuz, olas\u0131 bir vergi \u00e7\u0131kmas\u0131 durumunda \u00f6demesini check yoluyla ger\u00e7ekle\u015ftirebilirsiniz.<\/p>\n<h2 style=\"text-align: left;\">\u200b\u200b1 sene sonra 15 Nisan m\u0131 yoksa Ocakta kurulan \u015firket ayn\u0131 sene i\u00e7erisinde mi beyanda bulunacak?<\/h2>\n<p style=\"text-align: left;\">Ocak 2024\u2019te kurulduysan\u0131z ve Single Member LLC \u015firketiniz varsa vergi beyan\u0131n\u0131z 15 Nisan 2025 olacakt\u0131r.<\/p>\n<h2 style=\"text-align: left;\">Non-Resident ve yaz\u0131l\u0131m dan\u0131\u015fmanl\u0131k i\u015fi yapan bir LLC \u015firketi sahibi olarak hangi vergi oranlar\u0131 benim i\u00e7in ge\u00e7erli olacakt\u0131r? Hisse karlar\u0131 nas\u0131l vergilendirilir bu durumda birisi i\u00e7in?<\/h2>\n<p style=\"text-align: left;\">Merhaba \u015firket yap\u0131s\u0131na g\u00f6re de\u011fi\u015febilmektedir.\u00a0 irs.gov sitesine girerek tax bracket konusunda bilgi alabilirsiniz, daha detayl\u0131 bilgi i\u00e7in bize ula\u015fabilirsiniz.<\/p>\n<h2 style=\"text-align: left;\">Merhaba, H4 vize t\u00fcr\u00fcne sahipler de vergi beyan\u0131 yapmal\u0131 m\u0131?<\/h2>\n<p style=\"text-align: left;\">Evet, H4 vizesine sahip ki\u015filerin e\u015flerinin \u00e7al\u0131\u015fma vizeleri nedeni ile vergi beyan\u0131 yapmalar\u0131 gerekiyor.<\/p>\n<h2 style=\"text-align: left;\">31 Aral\u0131k\u2019tan sonra elimize gecen Green Card i\u00e7in 2023\u2019te bir y\u00fck\u00fcml\u00fcl\u00fc\u011f\u00fcm\u00fcz bulunuyor mu, yoksa 2024 de m\u0131 vergi beyan\u0131n\u0131 2025 Nisan\u2019\u0131na kadar vermemiz gerekecek?<\/h2>\n<p style=\"text-align: left;\">2023 y\u0131l\u0131 i\u00e7in Green Card y\u00fck\u00fcml\u00fcl\u00fc\u011f\u00fcn\u00fcz bulunmamaktad\u0131r. 2024 ve daha sonras\u0131 i\u00e7in vergi beyan\u0131nda ge\u00e7erli olacakt\u0131r.<\/p>\n<h2 style=\"text-align: left;\">\u200b\u200bNJ&#8217;de lojistik \u015firketimiz var, Delaware&#8217;de D\u0131\u015f Ticaret \u015firketi kurmak istiyoruz. \u015eirket kurulumu i\u00e7in neler yapmal\u0131y\u0131z?<\/h2>\n<p style=\"text-align: left;\">\u00d6ncelikle eyalet taraf\u0131nda kurulu\u015funuzun tamamlanmas\u0131, daha sonras\u0131nda da federal tarafta EIN numaran\u0131z i\u00e7in ba\u015fvuru yap\u0131lmas\u0131 gerekiyor. \u015eirket kurulu\u015fu i\u015flemleri i\u00e7in her zaman bizlere ula\u015fabilirsiniz.<\/p>\n<h2 style=\"text-align: left;\">\u00a0USA d\u0131\u015f\u0131nda ya\u015fayan ve hi\u00e7 gelir kaydetmedi\u011fi y\u0131llarda, ya da 10.000 USD alt\u0131nda geliri olanlar 18+ ya\u015fta olanlar her y\u0131l beyanda bulunacaklar m\u0131?<\/h2>\n<p style=\"text-align: left;\">E\u011fer US vatanda\u015f\u0131 ise beyanda bulunulmas\u0131 gerekmektedir.<\/p>\n<h2 style=\"text-align: left;\">Yapt\u0131\u011f\u0131m\u0131z masraflar\u0131 gider g\u00f6stermek i\u00e7in Amerika hesab\u0131m\u0131zdan m\u0131 \u00f6demi\u015f olmam\u0131z gerekiyor?<\/h2>\n<p style=\"text-align: left;\">\u015eirket i\u00e7in yap\u0131lm\u0131\u015f bir harcama ise farkl\u0131 \u00fclkelerden de \u00f6deme yapabilirsiniz. Ancak bunlar\u0131n ayr\u0131ca beyan edilmesi gerekmektedir.<\/p>\n<h2 style=\"text-align: left;\">Bir ki\u015fiye ait LLC firmalar i\u00e7in isime kesilen faturalar gider olarak g\u00f6sterilebilir mi<\/h2>\n<p style=\"text-align: left;\">E\u011fer \u015firketin yapt\u0131\u011f\u0131 harcamalar i\u00e7in kesilmi\u015f bir fatura ise gider g\u00f6sterilebilir.<\/p>\n<h2 style=\"text-align: left;\">2023&#8242; de kurulan Multi-Member bir LLC&#8217; miz var. Maalesef ITIN al\u0131nmas\u0131 gerekti\u011fini bilmiyorduk ve dolay\u0131s\u0131 ile ba\u015fvuru yapamad\u0131k. Ba\u015fvuru yapsak bile 15 Mart&#8217; a kadar yeti\u015fmeyece\u011finden ITIN alam\u0131yoruz. Bu durumda nas\u0131l vergi beyan\u0131nda bulunabiliriz? \u200b\u200bHi\u00e7 vergi beyan\u0131nda bulunmazsak ceza tutar\u0131 belli midir? Bu arada \u015firkette hi\u00e7bir i\u015flem olmad\u0131.<\/h2>\n<p style=\"text-align: left;\">Vergi beyan\u0131n\u0131z\u0131 beyan ederken de ITIN ba\u015fvurusunda bulunabilirsiniz. 15 Mart\u2019a ITIN numaran\u0131z\u0131n yeti\u015fmesine gerek yoktur, beyan\u0131n\u0131z\u0131n eksiksiz olarak yap\u0131lm\u0131\u015f olmas\u0131 \u00f6nemlidir. Vergi beyan\u0131 ile birlikte ITIN al\u0131nmas\u0131 konusunda bizlere ula\u015fabilirsiniz.<\/p>\n<h2 style=\"text-align: left;\">Type of Entity Disregarded Entity, terimini a\u00e7\u0131klayabilir misiniz?<\/h2>\n<p style=\"text-align: left;\">Single Member LLC t\u00fcrleri IRS\u2019in g\u00f6z\u00fcnde \u201cdisregarded entity\u201d olarak g\u00f6r\u00fclmektedir; tek ortak sizseniz \u015firketiniz kendinizden ayr\u0131 bir kurum olarak g\u00f6r\u00fclmemektedir.<\/p>\n<h2 style=\"text-align: left;\">Single Member LLC sahipleri vergi beyan\u0131 i\u00e7in ITIN almak zorunda m\u0131d\u0131r? Yoksa muhasebeci onun yerine halleder mi?<\/h2>\n<p style=\"text-align: left;\">ITIN almak zorunda de\u011filsiniz, ancak ITIN numaran\u0131z oldu\u011funda vergi beyan\u0131n\u0131z\u0131 elektronik olarak beyan edebiliyorsunuz. ITIN numaras\u0131 banka hesap a\u00e7\u0131l\u0131\u015f\u0131nda da avantaj sa\u011flamaktad\u0131r. ITIN numaran\u0131z yoksa vergi beyan\u0131n\u0131 posta yoluyla yapabiliyorsunuz, olas\u0131 bir vergi \u00e7\u0131kmas\u0131 durumunda \u00f6demesini check yoluyla ger\u00e7ekle\u015ftirebilirsiniz. Muhasebeciler konu hakk\u0131nda yard\u0131mc\u0131 olabilir fakat ki\u015fi ad\u0131na al\u0131nd\u0131\u011f\u0131 i\u00e7in sadece muhasebeci taraf\u0131ndan yap\u0131lamaz.<\/p>\n<h2 style=\"text-align: left;\">\u200b\u200bId.me kayd\u0131n\u0131 ge\u00e7en T\u00fcrkiye\u2019de ikamet edenler, neden IRS online i\u015flemlere giremiyor?<\/h2>\n<p style=\"text-align: left;\">Id.me belirli kurulu\u015flarda ge\u00e7erlili\u011fi olsa da IRS taraf\u0131nda Amerika vatanda\u015f\u0131 olmayanlar belgelerinde \u0131slak imza istedi\u011finden online olarak kabul edilemiyor. IRS online i\u015flemlerini SSN i olan ki\u015filere a\u00e7\u0131k olarak yap\u0131yor.<\/p>\n<h2 style=\"text-align: left;\">SSN varsa ayr\u0131ca ITIN almak gerekiyor mu ? \u200b\u200bGreen Card dan sonra o 20 sene \u00f6nce al\u0131nan SSN i kullanabiliyor muyuz ? Yoksa Green Card ile yeni bir SSN ve \/ veya ITIN almak gerekiyor mu ?<\/h2>\n<p style=\"text-align: left;\">\u00a0SSN bir kez al\u0131n\u0131p ge\u00e7erlili\u011fi bitmeyen bir numarad\u0131r. Dolay\u0131s\u0131yla tekrar SSN veya ITIN alma ihtiyac\u0131n\u0131z bulunmamaktad\u0131r.<\/p>\n<h2 style=\"text-align: left;\">Ben \u00f6\u011frenciyken 2006 senesinde SSN alm\u0131\u015ft\u0131m ama kaybettim tekrardan nas\u0131l elde edebilirim? Vergi dairesi vermiyor.<\/h2>\n<p style=\"text-align: left;\">Amerika Sosyal G\u00fcvenlik Kurumuna ba\u015fvuru yaparak talep edebilirsiniz.<\/p>\n<\/div>\n<p>[\/vc_column_text][\/vc_column][\/vc_row]<\/p>\n<\/div>","protected":false},"excerpt":{"rendered":"<p>[vc_row full_width=&#8221;stretch_row&#8221; content_placement=&#8221;middle&#8221; css=&#8221;.vc_custom_1725908848263{margin-top: 10px !important;padding-top: 100px !important;padding-bottom: 40px !important;background-color: #eeeeee !important;}&#8221; el_class=&#8221;okan_test&#8221;][vc_column width=&#8221;1\/2&#8243; offset=&#8221;vc_col-lg-6 vc_col-md-12&#8243;][vc_row_inner css=&#8221;.vc_custom_1539591907369{margin-top: 30px !important;}&#8221;][vc_column_inner css=&#8221;.vc_custom_1707937967671{padding-right: 0px !important;padding-left: 0px !important;}&#8221; offset=&#8221;vc_col-lg-offset-0 vc_col-lg-12 vc_col-md-offset-1 vc_col-md-12 vc_col-sm-offset-0&#8243;][vc_single_image image=&#8221;59212&#8243; [&hellip;]<\/p>\n","protected":false},"author":7,"featured_media":0,"parent":0,"menu_order":0,"comment_status":"closed","ping_status":"closed","template":"","meta":{"footnotes":""},"class_list":["post-59185","page","type-page","status-publish","hentry"],"_links":{"self":[{"href":"https:\/\/www.manaycpa.com\/tr\/wp-json\/wp\/v2\/pages\/59185","targetHints":{"allow":["GET"]}}],"collection":[{"href":"https:\/\/www.manaycpa.com\/tr\/wp-json\/wp\/v2\/pages"}],"about":[{"href":"https:\/\/www.manaycpa.com\/tr\/wp-json\/wp\/v2\/types\/page"}],"author":[{"embeddable":true,"href":"https:\/\/www.manaycpa.com\/tr\/wp-json\/wp\/v2\/users\/7"}],"replies":[{"embeddable":true,"href":"https:\/\/www.manaycpa.com\/tr\/wp-json\/wp\/v2\/comments?post=59185"}],"version-history":[{"count":9,"href":"https:\/\/www.manaycpa.com\/tr\/wp-json\/wp\/v2\/pages\/59185\/revisions"}],"predecessor-version":[{"id":59291,"href":"https:\/\/www.manaycpa.com\/tr\/wp-json\/wp\/v2\/pages\/59185\/revisions\/59291"}],"wp:attachment":[{"href":"https:\/\/www.manaycpa.com\/tr\/wp-json\/wp\/v2\/media?parent=59185"}],"curies":[{"name":"wp","href":"https:\/\/api.w.org\/{rel}","templated":true}]}}