{"id":59258,"date":"2024-09-15T14:50:08","date_gmt":"2024-09-15T14:50:08","guid":{"rendered":"https:\/\/www.manaycpa.com\/?page_id=59258"},"modified":"2025-01-25T15:06:43","modified_gmt":"2025-01-25T15:06:43","slug":"meltem-cerci","status":"publish","type":"page","link":"https:\/\/www.manaycpa.com\/tr\/hakkimizda\/ekibimiz\/meltem-cerci\/","title":{"rendered":"Meltem \u00c7erci"},"content":{"rendered":"<div class=\"wpb-content-wrapper\"><p>[vc_row full_width=&#8221;stretch_row&#8221; css=&#8221;.vc_custom_1629916042978{padding-top: 100px !important;padding-bottom: 80px !important;background-image: url(https:\/\/www.manaycpa.com\/wp-content\/uploads\/2021\/02\/team-manay-1s.jpg?id=9932) !important;}&#8221;][vc_column][vc_row_inner][vc_column_inner][vc_empty_space height=&#8221;50px&#8221;]<header class=\"kd-section-title col-lg-12 text-center  kd-animated fadeIn   vc_custom_1632144895164\" data-animation-delay=200><h2 class=\"separator_off\" style=\"color: #ffffff;font-size: 46px !important;\">Manay CPA Ekibi<\/h2><h6 class=\"subtitle \" style=\"color: #ffffff;\">\u0130\u015f d\u00fcnyas\u0131ndaki uzun y\u0131llard\u0131r s\u00fcregelen uzmanl\u0131\u011f\u0131m\u0131z ile her zaman size yard\u0131m etmeye haz\u0131r\u0131z.<\/h6><\/header>[\/vc_column_inner][\/vc_row_inner][\/vc_column][\/vc_row][vc_row][vc_column width=&#8221;1\/4&#8243; offset=&#8221;vc_col-lg-1&#8243;][\/vc_column][vc_column width=&#8221;1\/4&#8243; offset=&#8221;vc_col-lg-6&#8243;][vc_empty_space height=&#8221;70px&#8221;]<header class=\"kd-section-title col-lg-12 text-left  kd-animated fadeIn  \" data-animation-delay=200><h1 class=\"separator_off\" style=\"font-size: 37px !important;line-height: 44px;\">Meltem \u00c7erci<\/h1><\/header><header class=\"kd-section-title col-lg-12 text-left  kd-animated fadeIn  \" data-animation-delay=200><h2 class=\"separator_off\" style=\"font-size: 22px !important;line-height: 44px;\">Sr. Sales Associate<\/h2><\/header>[vc_empty_space height=&#8221;20px&#8221;]<a href=\"https:\/\/www.linkedin.com\/in\/mahide-meltem-%C3%A7erci-b86792110\/\" target=\"_blank\" title=\"https:\/\/www.linkedin.com\/in\/mahide-meltem-%C3%A7erci-b86792110\/\" class=\"tt_button tt_primary_button btn_primary_color  pull-left button-action-link\" rel=\"nofollow noopener\"><span class=\"prim_text\">L\u0131nkedIn<\/span><\/a>[\/vc_column][vc_column width=&#8221;1\/4&#8243; offset=&#8221;vc_col-lg-4&#8243;][vc_empty_space height=&#8221;50px&#8221;][vc_single_image image=&#8221;59237&#8243; img_size=&#8221;full&#8221; style=&#8221;vc_box_shadow_border&#8221; css_animation=&#8221;fadeInLeft&#8221; css=&#8221;&#8221;][\/vc_column][vc_column width=&#8221;1\/4&#8243;][\/vc_column][\/vc_row][vc_row][vc_column width=&#8221;1\/12&#8243; offset=&#8221;vc_col-lg-1&#8243;][\/vc_column][vc_column width=&#8221;2\/3&#8243; css=&#8221;.vc_custom_1614418963997{padding-right: 25px !important;}&#8221; offset=&#8221;vc_col-lg-8 vc_col-md-12 vc_col-xs-12&#8243;][vc_empty_space height=&#8221;20px&#8221;][vc_column_text css=&#8221;&#8221;]<\/p>\n<h3><b>Profesyonel Deneyimleri<\/b><\/h3>\n<p>Meltem, Eski\u015fehir Osmangazi \u00dcniversitesi Uluslararas\u0131 \u0130li\u015fkiler B\u00f6l\u00fcm\u00fc&#8217;nden mezun oldu.<\/p>\n<p>Kariyerine Ayaz Otomat&#8217;ta D\u0131\u015f Ticaret Uzman\u0131 olarak ba\u015flad\u0131. Burada \u00e7al\u0131\u015f\u0131rken ithalat ve ihracat s\u00fcre\u00e7lerinin y\u00f6netilmesi, \u015firketin gerektirdi\u011fi ithalat-ihracat mevzuatlar\u0131n\u0131n yerine getirilmesi i\u00e7in resm\u00ee kurumlar nezdinde s\u00fcre\u00e7lerin y\u00f6netilmesi konular\u0131nda deneyim kazand\u0131. Daha sonra Hermarkam D\u0131\u015f Ticaret Limited \u015eirketinde E-Ticaret ve Pazarlama Uzman\u0131 olarak \u00e7al\u0131\u015ft\u0131. E-Ticaret alan\u0131nda, e-ticaret platformlar\u0131nda sat\u0131\u015f hacminin art\u0131r\u0131lmas\u0131na y\u00f6nelik Pazar, \u00fcr\u00fcn ve rakip ara\u015ft\u0131rmalar\u0131, Kategori Y\u00f6netimi, Tedarik\u00e7ilere ayl\u0131k ziyaretler yap\u0131lmas\u0131 ve g\u00fc\u00e7l\u00fc ili\u015fkilerin s\u00fcrd\u00fcr\u00fclmesi gibi konularda deneyim kazand\u0131, \u015eirketin sat\u0131\u015f stratejilerinin geli\u015ftirilmesinde ve uygulanmas\u0131nda liderlik sa\u011flad\u0131. Meltem, Hermarkam&#8217;da 2 y\u0131l \u00e7al\u0131\u015ft\u0131ktan sonra Yata\u015f Grubu&#8217;nda<br \/>\nUluslararas\u0131 Sat\u0131\u015f ve \u0130\u015f Geli\u015ftirme Uzman\u0131 olarak \u00e7al\u0131\u015fmaya ba\u015flad\u0131. Bu rol onun \u00fc\u00e7 b\u00f6lgenin sat\u0131\u015f\u0131nda uzmanla\u015fmas\u0131na olanak sa\u011flad\u0131; Amerika Birle\u015fik Devletleri, Rusya ve Avrupa.<\/p>\n<h3><b>Manay CPA&#8217;deki Yeri<\/b><\/h3>\n<p>Meltem Sat\u0131\u015f ekibinin bir par\u00e7as\u0131d\u0131r ve ola\u011fan\u00fcst\u00fc m\u00fc\u015fteri hizmetleri, \u00fcr\u00fcn bilgisi ve uyarlanabilirlik sa\u011flar.<\/p>\n<h3><b>Sosyal Hayatta<\/b><\/h3>\n<p>Meltem, i\u015f d\u0131\u015f\u0131nda d\u00f6nem kitaplar\u0131n\u0131, \u00f6zellikle de \u0130ngiliz Edebiyat\u0131 ve Yazar Charles Dickens\u2019i okumay\u0131 seviyor. Arkada\u015flar\u0131yla d\u0131\u015far\u0131 \u00e7\u0131kmay\u0131, yeni kafeler ke\u015ffetmeyi, kahve i\u00e7meyi ve yeni tatl\u0131lar denemeyi seviyor. Ayr\u0131ca seyahat etmeyi ve farkl\u0131 k\u00fclt\u00fcrlerden insanlarla tan\u0131\u015fmay\u0131 da seviyor.[\/vc_column_text][\/vc_column][\/vc_row][vc_row full_width=&#8221;stretch_row&#8221; css=&#8221;.vc_custom_1614419641251{background-color: #ffffff !important;}&#8221;][vc_column width=&#8221;1\/6&#8243; offset=&#8221;vc_col-lg-2&#8243;][\/vc_column][vc_column width=&#8221;2\/3&#8243; css=&#8221;.vc_custom_1614419340057{padding-right: 0px !important;padding-left: 0px !important;}&#8221; offset=&#8221;vc_col-lg-8&#8243;][vc_row_inner css=&#8221;.vc_custom_1511348683940{padding-top: 100px !important;padding-bottom: 100px !important;}&#8221;][vc_column_inner offset=&#8221;vc_col-lg-12 vc_col-md-12&#8243;][vc_custom_heading text=&#8221;Finansal ipu\u00e7lar\u0131, vergilerinizin son \u00f6deme tarihleri ve di\u011fer vergi stratejileri i\u00e7in b\u00fcltenimize abone olun&#8221; font_container=&#8221;tag:h3|font_size:23px%20!important|text_align:center|line_height:44px&#8221; use_theme_fonts=&#8221;yes&#8221; css_animation=&#8221;fadeIn&#8221; css=&#8221;.vc_custom_1617487578282{margin-bottom: 0px !important;}&#8221;][vc_empty_space height=&#8221;20px&#8221;][vc_raw_js]JTNDc2NyaXB0JTIwY2hhcnNldCUzRCUyMnV0Zi04JTIyJTIwdHlwZSUzRCUyMnRleHQlMkZqYXZhc2NyaXB0JTIyJTIwc3JjJTNEJTIyJTJGJTJGanMuaHNmb3Jtcy5uZXQlMkZmb3JtcyUyRnYyLmpzJTIyJTNFJTNDJTJGc2NyaXB0JTNFJTBBJTNDc2NyaXB0JTNFJTBBJTIwJTIwaGJzcHQuZm9ybXMuY3JlYXRlJTI4JTdCJTBBJTIwJTIwJTIwJTIwcmVnaW9uJTNBJTIwJTIybmExJTIyJTJDJTBBJTIwJTIwJTIwJTIwcG9ydGFsSWQlM0ElMjAlMjI2ODU1Njc0JTIyJTJDJTBBJTIwJTIwJTIwJTIwZm9ybUlkJTNBJTIwJTIyYjZhZGFjZGQtOWQ4Ni00YWI4LWJjYjQtZWY5ZTUzMzM4ZDg2JTIyJTBBJTIwJTIwJTdEJTI5JTNCJTBBJTNDJTJGc2NyaXB0JTNF[\/vc_raw_js][\/vc_column_inner][\/vc_row_inner][\/vc_column][vc_column width=&#8221;1\/6&#8243; offset=&#8221;vc_col-lg-2&#8243;][\/vc_column][\/vc_row]<\/p>\n<\/div>","protected":false},"excerpt":{"rendered":"<p>[vc_row full_width=&#8221;stretch_row&#8221; css=&#8221;.vc_custom_1629916042978{padding-top: 100px !important;padding-bottom: 80px !important;background-image: url(https:\/\/www.manaycpa.com\/wp-content\/uploads\/2021\/02\/team-manay-1s.jpg?id=9932) !important;}&#8221;][vc_column][vc_row_inner][vc_column_inner][vc_empty_space height=&#8221;50px&#8221;][\/vc_column_inner][\/vc_row_inner][\/vc_column][\/vc_row][vc_row][vc_column width=&#8221;1\/4&#8243; offset=&#8221;vc_col-lg-1&#8243;][\/vc_column][vc_column width=&#8221;1\/4&#8243; offset=&#8221;vc_col-lg-6&#8243;][vc_empty_space height=&#8221;70px&#8221;][vc_empty_space height=&#8221;20px&#8221;][\/vc_column][vc_column width=&#8221;1\/4&#8243; offset=&#8221;vc_col-lg-4&#8243;][vc_empty_space height=&#8221;50px&#8221;][vc_single_image image=&#8221;59237&#8243; img_size=&#8221;full&#8221; style=&#8221;vc_box_shadow_border&#8221; css_animation=&#8221;fadeInLeft&#8221; css=&#8221;&#8221;][\/vc_column][vc_column width=&#8221;1\/4&#8243;][\/vc_column][\/vc_row][vc_row][vc_column width=&#8221;1\/12&#8243; offset=&#8221;vc_col-lg-1&#8243;][\/vc_column][vc_column width=&#8221;2\/3&#8243; css=&#8221;.vc_custom_1614418963997{padding-right: 25px [&hellip;]<\/p>\n","protected":false},"author":8,"featured_media":0,"parent":9917,"menu_order":0,"comment_status":"closed","ping_status":"closed","template":"","meta":{"footnotes":""},"class_list":["post-59258","page","type-page","status-publish","hentry"],"_links":{"self":[{"href":"https:\/\/www.manaycpa.com\/tr\/wp-json\/wp\/v2\/pages\/59258","targetHints":{"allow":["GET"]}}],"collection":[{"href":"https:\/\/www.manaycpa.com\/tr\/wp-json\/wp\/v2\/pages"}],"about":[{"href":"https:\/\/www.manaycpa.com\/tr\/wp-json\/wp\/v2\/types\/page"}],"author":[{"embeddable":true,"href":"https:\/\/www.manaycpa.com\/tr\/wp-json\/wp\/v2\/users\/8"}],"replies":[{"embeddable":true,"href":"https:\/\/www.manaycpa.com\/tr\/wp-json\/wp\/v2\/comments?post=59258"}],"version-history":[{"count":3,"href":"https:\/\/www.manaycpa.com\/tr\/wp-json\/wp\/v2\/pages\/59258\/revisions"}],"predecessor-version":[{"id":60143,"href":"https:\/\/www.manaycpa.com\/tr\/wp-json\/wp\/v2\/pages\/59258\/revisions\/60143"}],"up":[{"embeddable":true,"href":"https:\/\/www.manaycpa.com\/tr\/wp-json\/wp\/v2\/pages\/9917"}],"wp:attachment":[{"href":"https:\/\/www.manaycpa.com\/tr\/wp-json\/wp\/v2\/media?parent=59258"}],"curies":[{"name":"wp","href":"https:\/\/api.w.org\/{rel}","templated":true}]}}