{"id":59330,"date":"2024-10-10T12:55:57","date_gmt":"2024-10-10T12:55:57","guid":{"rendered":"https:\/\/www.manaycpa.com\/?page_id=59330"},"modified":"2024-10-10T13:02:55","modified_gmt":"2024-10-10T13:02:55","slug":"abdde-isletme-ruhsati-almak-gereksinimler-ve-surec-yonetimi","status":"publish","type":"page","link":"https:\/\/www.manaycpa.com\/tr\/abdde-isletme-ruhsati-almak-gereksinimler-ve-surec-yonetimi\/","title":{"rendered":"ABD&#8217;de \u0130\u015fletme Ruhsat\u0131 Almak: Gereksinimler ve S\u00fcre\u00e7 Y\u00f6netimi"},"content":{"rendered":"<div class=\"wpb-content-wrapper\"><p>[vc_row full_width=&#8221;stretch_row&#8221; content_placement=&#8221;middle&#8221; css=&#8221;.vc_custom_1725908848263{margin-top: 10px !important;padding-top: 100px !important;padding-bottom: 40px !important;background-color: #eeeeee !important;}&#8221; el_class=&#8221;okan_test&#8221;][vc_column width=&#8221;1\/2&#8243; offset=&#8221;vc_col-lg-6 vc_col-md-12&#8243;][vc_row_inner css=&#8221;.vc_custom_1539591907369{margin-top: 30px !important;}&#8221;][vc_column_inner css=&#8221;.vc_custom_1707937967671{padding-right: 0px !important;padding-left: 0px !important;}&#8221; offset=&#8221;vc_col-lg-offset-0 vc_col-lg-12 vc_col-md-offset-1 vc_col-md-12 vc_col-sm-offset-0&#8243;][vc_single_image image=&#8221;59333&#8243; img_size=&#8221;full&#8221; alignment=&#8221;center&#8221; css_animation=&#8221;fadeIn&#8221; css=&#8221;.vc_custom_1728565033191{margin-bottom: 0px !important;}&#8221;][\/vc_column_inner][\/vc_row_inner][\/vc_column][vc_column width=&#8221;1\/2&#8243; css=&#8221;.vc_custom_1539591979391{padding-left: 0px !important;}&#8221; offset=&#8221;vc_col-lg-6 vc_col-md-12&#8243;][vc_row_inner content_placement=&#8221;middle&#8221; css=&#8221;.vc_custom_1707938103074{padding-top: 100px !important;}&#8221;][vc_column_inner width=&#8221;5\/6&#8243; css=&#8221;.vc_custom_1707938047102{padding-right: 0px !important;padding-left: 0px !important;}&#8221; offset=&#8221;vc_col-lg-offset-2 vc_col-lg-10 vc_col-md-offset-2 vc_col-md-10&#8243;]<header class=\"kd-section-title col-lg-12 text-left  kd-animated fadeIn  \" data-animation-delay=200><h2 class=\"separator_off\" >Webinara Kat\u0131lmak i\u00e7in Formu Doldurun<\/h2><\/header>[vc_raw_js]JTNDc2NyaXB0JTIwY2hhcnNldCUzRCUyMnV0Zi04JTIyJTIwdHlwZSUzRCUyMnRleHQlMkZqYXZhc2NyaXB0JTIyJTIwc3JjJTNEJTIyJTJGJTJGanMuaHNmb3Jtcy5uZXQlMkZmb3JtcyUyRmVtYmVkJTJGdjIuanMlMjIlM0UlM0MlMkZzY3JpcHQlM0UlMEElM0NzY3JpcHQlM0UlMEElMjAlMjBoYnNwdC5mb3Jtcy5jcmVhdGUlMjglN0IlMEElMjAlMjAlMjAlMjByZWdpb24lM0ElMjAlMjJuYTElMjIlMkMlMEElMjAlMjAlMjAlMjBwb3J0YWxJZCUzQSUyMCUyMjY4NTU2NzQlMjIlMkMlMEElMjAlMjAlMjAlMjBmb3JtSWQlM0ElMjAlMjI0YWZiYWY2YS00NGZlLTQ3YTUtOGFmYy1lYTg1YjFhMzQxOTAlMjIlMEElMjAlMjAlN0QlMjklM0IlMEElM0MlMkZzY3JpcHQlM0U=[\/vc_raw_js][\/vc_column_inner][\/vc_row_inner][\/vc_column][\/vc_row][vc_row full_width=&#8221;stretch_row&#8221; css=&#8221;.vc_custom_1707938357558{padding-top: 40px !important;padding-bottom: 40px !important;}&#8221;][vc_column width=&#8221;1\/2&#8243; offset=&#8221;vc_col-lg-12 vc_col-md-12&#8243;][vc_row_inner css=&#8221;.vc_custom_1539591907369{margin-top: 30px !important;}&#8221;][vc_column_inner css=&#8221;.vc_custom_1707936513652{padding-right: 0px !important;padding-left: 0px !important;}&#8221; offset=&#8221;vc_col-lg-offset-0 vc_col-lg-12 vc_col-md-offset-1 vc_col-md-12 vc_col-sm-offset-0&#8243;]<header class=\"kd-section-title col-lg-12 text-left  kd-animated fadeIn  \" data-animation-delay=200><h2 class=\"separator_off\" >\u00dccretsiz Canl\u0131 Webinar: ABD'de \u0130\u015fletme Ruhsat\u0131 Almak: Gereksinimler ve S\u00fcre\u00e7 Y\u00f6netimi<\/h2><p class=\"subtitle \" >Amerika\u2019da bir \u015firket kurmay\u0131 m\u0131 d\u00fc\u015f\u00fcn\u00fcyorsunuz? Ya da mevcut i\u015finizi b\u00fcy\u00fcterek uluslararas\u0131 arenada yerinizi mi almak istiyorsunuz? ABD\u2019de ba\u015far\u0131l\u0131 bir i\u015f y\u00fcr\u00fctmenin ilk ad\u0131m\u0131 i\u015fletme ruhsat\u0131 almaktan ge\u00e7er. Ancak bu s\u00fcre\u00e7te kar\u015f\u0131la\u015fabilece\u011finiz karma\u015f\u0131kl\u0131klar\u0131n fark\u0131nday\u0131z ve bu konudaki bilgi birikimimizi sizlerle payla\u015fmak i\u00e7in \u00f6zel bir webinar d\u00fczenliyoruz.<\/p><\/header>[\/vc_column_inner][\/vc_row_inner][vc_row_inner css=&#8221;.vc_custom_1513613877158{margin-top: 10px !important;margin-bottom: 35px !important;}&#8221;][vc_column_inner css=&#8221;.vc_custom_1707936191448{padding-left: 0px !important;}&#8221; offset=&#8221;vc_col-lg-offset-0 vc_col-lg-12 vc_col-md-offset-1 vc_col-md-12 vc_col-xs-12&#8243;][vc_column_text css=&#8221;&#8221;]<\/p>\n<div>\ud83d\udcc5\u00a0Tarih: 24 Ekim 2024, Per\u015fembe<\/div>\n<div>\ud83d\udd55\u00a0Saat: 18:00 (T\u00fcrkiye Saati)<\/div>\n<p>[\/vc_column_text][vc_column_text css=&#8221;&#8221;]<\/p>\n<div class=\"elementToProof\">Manay CPA olarak d\u00fczenledi\u011fimiz bu \u00fccretsiz, canl\u0131 webinarda sizi neler bekliyor?<\/div>\n<p>[\/vc_column_text][vc_column_text css=&#8221;&#8221;]<\/p>\n<div>Webinar boyunca Manay CPA Ekip Lideri Z\u00fcbeyde Kaya, ABD\u2019de i\u015f kurmay\u0131 planlayanlar, mevcut \u015firket sahipleri ve uluslararas\u0131 yat\u0131r\u0131mc\u0131 vizeleri (E2 Yat\u0131r\u0131mc\u0131 Vizesi) ile ilgilenenler i\u00e7in de\u011ferli bilgiler sunacak, ve bu s\u00fcre\u00e7lerde kar\u015f\u0131la\u015f\u0131lan zorluklar\u0131 ve ba\u015far\u0131ya ula\u015fmak i\u00e7in gerekli stratejileri aktaracak.<\/div>\n<p>[\/vc_column_text][vc_column_text css=&#8221;&#8221;]<\/p>\n<div>Webinarda Ele Al\u0131nacak Konular:<\/div>\n<ul>\n<li>ABD&#8217;de i\u015fletme ruhsat\u0131 alman\u0131n temel gereksinimleri ve ba\u015fvuru s\u00fcreci<\/li>\n<li>Eyaletler aras\u0131ndaki d\u00fczenlemeler ve uyum s\u00fcre\u00e7leri<\/li>\n<li>E2 Yat\u0131r\u0131mc\u0131 Vizesi ile Amerika\u2019da \u015firket kurman\u0131n sundu\u011fu f\u0131rsatlar<\/li>\n<li>Mevcut \u015firket sahipleri i\u00e7in ruhsat yenileme ve yasal uyum ad\u0131mlar\u0131<\/li>\n<li>Ba\u015fvuru s\u00fcrecinde dikkat edilmesi gereken \u00f6nemli hususlar<\/li>\n<li>Soru-Cevap oturumu ile do\u011frudan uzman g\u00f6r\u00fc\u015f\u00fc ve \u00f6neriler<\/li>\n<\/ul>\n<p>[\/vc_column_text][vc_column_text css=&#8221;&#8221;]<\/p>\n<div>Bu webinara kat\u0131larak ABD&#8217;de i\u015fletme ruhsat\u0131 alman\u0131n p\u00fcf noktalar\u0131n\u0131 \u00f6\u011frenecek, s\u00fcreci daha kolay ve sorunsuz bir \u015fekilde y\u00f6netmenin yollar\u0131n\u0131 ke\u015ffedeceksiniz.<\/div>\n<p>[\/vc_column_text][vc_column_text css=&#8221;&#8221;]<\/p>\n<div>Webinara \u00fccretsiz kat\u0131lmak i\u00e7in formu doldurmay\u0131 unutmay\u0131n!<\/div>\n<p>[\/vc_column_text][\/vc_column_inner][\/vc_row_inner][\/vc_column][\/vc_row]<\/p>\n<\/div>","protected":false},"excerpt":{"rendered":"<p>[vc_row full_width=&#8221;stretch_row&#8221; content_placement=&#8221;middle&#8221; css=&#8221;.vc_custom_1725908848263{margin-top: 10px !important;padding-top: 100px !important;padding-bottom: 40px !important;background-color: #eeeeee !important;}&#8221; el_class=&#8221;okan_test&#8221;][vc_column width=&#8221;1\/2&#8243; offset=&#8221;vc_col-lg-6 vc_col-md-12&#8243;][vc_row_inner css=&#8221;.vc_custom_1539591907369{margin-top: 30px !important;}&#8221;][vc_column_inner css=&#8221;.vc_custom_1707937967671{padding-right: 0px !important;padding-left: 0px !important;}&#8221; offset=&#8221;vc_col-lg-offset-0 vc_col-lg-12 vc_col-md-offset-1 vc_col-md-12 vc_col-sm-offset-0&#8243;][vc_single_image image=&#8221;59333&#8243; [&hellip;]<\/p>\n","protected":false},"author":19,"featured_media":0,"parent":0,"menu_order":0,"comment_status":"closed","ping_status":"closed","template":"","meta":{"footnotes":""},"class_list":["post-59330","page","type-page","status-publish","hentry"],"_links":{"self":[{"href":"https:\/\/www.manaycpa.com\/tr\/wp-json\/wp\/v2\/pages\/59330","targetHints":{"allow":["GET"]}}],"collection":[{"href":"https:\/\/www.manaycpa.com\/tr\/wp-json\/wp\/v2\/pages"}],"about":[{"href":"https:\/\/www.manaycpa.com\/tr\/wp-json\/wp\/v2\/types\/page"}],"author":[{"embeddable":true,"href":"https:\/\/www.manaycpa.com\/tr\/wp-json\/wp\/v2\/users\/19"}],"replies":[{"embeddable":true,"href":"https:\/\/www.manaycpa.com\/tr\/wp-json\/wp\/v2\/comments?post=59330"}],"version-history":[{"count":7,"href":"https:\/\/www.manaycpa.com\/tr\/wp-json\/wp\/v2\/pages\/59330\/revisions"}],"predecessor-version":[{"id":59340,"href":"https:\/\/www.manaycpa.com\/tr\/wp-json\/wp\/v2\/pages\/59330\/revisions\/59340"}],"wp:attachment":[{"href":"https:\/\/www.manaycpa.com\/tr\/wp-json\/wp\/v2\/media?parent=59330"}],"curies":[{"name":"wp","href":"https:\/\/api.w.org\/{rel}","templated":true}]}}