{"id":59544,"date":"2024-11-08T18:37:27","date_gmt":"2024-11-08T18:37:27","guid":{"rendered":"https:\/\/www.manaycpa.com\/?page_id=59544"},"modified":"2024-11-08T19:00:10","modified_gmt":"2024-11-08T19:00:10","slug":"amerikan-vatandasi-ve-greencard-sahiplerinin-vergi-yukumlulukleri","status":"publish","type":"page","link":"https:\/\/www.manaycpa.com\/tr\/amerikan-vatandasi-ve-greencard-sahiplerinin-vergi-yukumlulukleri\/","title":{"rendered":"Amerikan Vatanda\u015f\u0131 ve Greencard Sahiplerinin Vergi Y\u00fck\u00fcml\u00fcl\u00fckleri Webinar\u0131"},"content":{"rendered":"<div class=\"wpb-content-wrapper\"><p>[vc_row full_width=&#8221;stretch_row&#8221; content_placement=&#8221;middle&#8221; css=&#8221;.vc_custom_1725908848263{margin-top: 10px !important;padding-top: 100px !important;padding-bottom: 40px !important;background-color: #eeeeee !important;}&#8221; el_class=&#8221;okan_test&#8221;][vc_column width=&#8221;1\/2&#8243; offset=&#8221;vc_col-lg-6 vc_col-md-12&#8243;][vc_row_inner css=&#8221;.vc_custom_1539591907369{margin-top: 30px !important;}&#8221;][vc_column_inner css=&#8221;.vc_custom_1707937967671{padding-right: 0px !important;padding-left: 0px !important;}&#8221; offset=&#8221;vc_col-lg-offset-0 vc_col-lg-12 vc_col-md-offset-1 vc_col-md-12 vc_col-sm-offset-0&#8243;][vc_single_image image=&#8221;59545&#8243; img_size=&#8221;full&#8221; alignment=&#8221;center&#8221; css_animation=&#8221;fadeIn&#8221; css=&#8221;.vc_custom_1731090990522{margin-bottom: 0px !important;}&#8221;][\/vc_column_inner][\/vc_row_inner][\/vc_column][vc_column width=&#8221;1\/2&#8243; css=&#8221;.vc_custom_1539591979391{padding-left: 0px !important;}&#8221; offset=&#8221;vc_col-lg-6 vc_col-md-12&#8243;][vc_row_inner content_placement=&#8221;middle&#8221; css=&#8221;.vc_custom_1707938103074{padding-top: 100px !important;}&#8221;][vc_column_inner width=&#8221;5\/6&#8243; css=&#8221;.vc_custom_1707938047102{padding-right: 0px !important;padding-left: 0px !important;}&#8221; offset=&#8221;vc_col-lg-offset-2 vc_col-lg-10 vc_col-md-offset-2 vc_col-md-10&#8243;]<header class=\"kd-section-title col-lg-12 text-left  kd-animated fadeIn  \" data-animation-delay=200><h2 class=\"separator_off\" >Webinara Kat\u0131lmak i\u00e7in Formu Doldurun<\/h2><\/header>[vc_raw_js]JTNDc2NyaXB0JTIwY2hhcnNldCUzRCUyMnV0Zi04JTIyJTIwdHlwZSUzRCUyMnRleHQlMkZqYXZhc2NyaXB0JTIyJTIwc3JjJTNEJTIyJTJGJTJGanMuaHNmb3Jtcy5uZXQlMkZmb3JtcyUyRmVtYmVkJTJGdjIuanMlMjIlM0UlM0MlMkZzY3JpcHQlM0UlMEElM0NzY3JpcHQlM0UlMEElMjAlMjBoYnNwdC5mb3Jtcy5jcmVhdGUlMjglN0IlMEElMjAlMjAlMjAlMjBwb3J0YWxJZCUzQSUyMCUyMjY4NTU2NzQlMjIlMkMlMEElMjAlMjAlMjAlMjBmb3JtSWQlM0ElMjAlMjIzZTE1NWU2OC02YjA2LTQxYWItOTA3Zi02N2VhOTZkZjIxMmElMjIlMEElMjAlMjAlN0QlMjklM0IlMEElM0MlMkZzY3JpcHQlM0U=[\/vc_raw_js][\/vc_column_inner][\/vc_row_inner][\/vc_column][\/vc_row][vc_row full_width=&#8221;stretch_row&#8221; css=&#8221;.vc_custom_1707938357558{padding-top: 40px !important;padding-bottom: 40px !important;}&#8221;][vc_column width=&#8221;1\/2&#8243; offset=&#8221;vc_col-lg-12 vc_col-md-12&#8243;][vc_row_inner css=&#8221;.vc_custom_1539591907369{margin-top: 30px !important;}&#8221;][vc_column_inner css=&#8221;.vc_custom_1707936513652{padding-right: 0px !important;padding-left: 0px !important;}&#8221; offset=&#8221;vc_col-lg-offset-0 vc_col-lg-12 vc_col-md-offset-1 vc_col-md-12 vc_col-sm-offset-0&#8243;]<header class=\"kd-section-title col-lg-12 text-left  kd-animated fadeIn  \" data-animation-delay=200><h2 class=\"separator_off\" >\u00dccretsiz Canl\u0131 Webinar: Amerikan Vatanda\u015f\u0131 ve Greencard Sahiplerinin Vergi Y\u00fck\u00fcml\u00fcl\u00fckleri Webinar\u0131<\/h2><p class=\"subtitle \" >Amerika vatanda\u015f\u0131 veya Greencard sahibi olarak vergi y\u00fck\u00fcml\u00fcl\u00fcklerinizi eksiksiz yerine getirmek mi istiyorsunuz? Gelir beyan\u0131 ve vergi \u00f6deme s\u00fcre\u00e7lerinden \u00e7ifte vergilendirme \u00f6nlemlerine, IRS uyumlulu\u011fundan FBAR ve FATCA raporlama gereksinimlerine kadar t\u00fcm kritik bilgileri ele alaca\u011f\u0131m\u0131z bu \u00fccretsiz webinarda yerinizi ay\u0131rt\u0131n!<\/p><\/header>[\/vc_column_inner][\/vc_row_inner][vc_row_inner css=&#8221;.vc_custom_1513613877158{margin-top: 10px !important;margin-bottom: 35px !important;}&#8221;][vc_column_inner css=&#8221;.vc_custom_1707936191448{padding-left: 0px !important;}&#8221; offset=&#8221;vc_col-lg-offset-0 vc_col-lg-12 vc_col-md-offset-1 vc_col-md-12 vc_col-xs-12&#8243;][vc_column_text css=&#8221;&#8221;]\ud83d\udcc5 <strong>Tarih<\/strong>: <span style=\"font-weight: 400;\">20 Kas\u0131m 2024, \u00c7ar\u015famba<\/span><\/p>\n<p>\ud83d\udd55 <strong>Saat<\/strong>: <span style=\"font-weight: 400;\">19.00<\/span> (T\u00fcrkiye Saati), <span style=\"font-weight: 400;\">11<\/span>:00 AM (Eastern Time)<\/p>\n<p><strong>Konu\u015fmac\u0131lar<\/strong>:<\/p>\n<ul>\n<li>K\u00fcbra \u00c7etinta\u015f Eker &#8211; Manay CPA Sat\u0131\u015f ve Operasyon M\u00fcd\u00fcr\u00fc<\/li>\n<li>Moderat\u00f6r: Meltem \u00c7er\u00e7i &#8211; Manay CPA Sat\u0131\u015f Uzman\u0131<\/li>\n<\/ul>\n<div><\/div>\n<p>[\/vc_column_text][vc_column_text css=&#8221;&#8221;]<\/p>\n<h2><b>Webinarda Neler \u00d6\u011freneceksiniz?<\/b><\/h2>\n<p>[\/vc_column_text][vc_column_text css=&#8221;&#8221;]<b>\ud83d\uddfd<\/b><b> Amerika vatanda\u015flar\u0131 ve greencard sahipleri i\u00e7in gelir beyan\u0131 ve vergi \u00f6deme s\u00fcre\u00e7leri<\/b><b><br \/>\n<\/b><span style=\"font-weight: 400;\">ABD\u2019de ya\u015fayan vatanda\u015flar\u0131n ve greencard sahiplerinin gelir beyan\u0131 ile vergi \u00f6deme y\u00fck\u00fcml\u00fcl\u00fcklerini kapsaml\u0131 \u015fekilde \u00f6\u011freneceksiniz.<\/span><\/p>\n<p><b>\ud83d\udcb2<\/b><b> Yurtd\u0131\u015f\u0131nda gelir elde eden veya uluslararas\u0131 yat\u0131r\u0131m yapan bireyler i\u00e7in vergi y\u00fck\u00fcml\u00fcl\u00fcklerinin detaylar\u0131 ve \u00e7ifte vergilendirme anla\u015fmalar\u0131<\/b><b><br \/>\n<\/b><span style=\"font-weight: 400;\">Global gelir elde eden bireyler i\u00e7in ge\u00e7erli olan vergi y\u00fck\u00fcml\u00fcl\u00fcklerini ve \u00e7ifte vergilendirme anla\u015fmalar\u0131ndan nas\u0131l yararlanabilece\u011finizi ke\u015ffedeceksiniz.<\/span><\/p>\n<p><b>\u2753<\/b><b> IRS (ABD Gelir \u0130daresi) ile olan y\u00fck\u00fcml\u00fcl\u00fckler ve vergi ceza risklerinden ka\u00e7\u0131nma yollar\u0131<\/b><b><br \/>\n<\/b><span style=\"font-weight: 400;\">ABD\u2019de vergi cezas\u0131 riskini en aza indirmek i\u00e7in IRS uyumlulu\u011funuzu nas\u0131l koruyabilece\u011finizi \u00f6\u011freneceksiniz.<\/span><\/p>\n<p><b>\u2705<\/b><b> FBAR ve FATCA gibi raporlama gerekliliklerine uyum sa\u011flama y\u00f6ntemleri<\/b><b><br \/>\n<\/b><span style=\"font-weight: 400;\">Yurt d\u0131\u015f\u0131ndaki banka hesaplar\u0131 ve varl\u0131k bildirimlerine ili\u015fkin FBAR ve FATCA gereklilikleri hakk\u0131nda bilgi edineceksiniz.<\/span><\/p>\n<p><b>\ud83d\udd0e<\/b><b> Manay CPA Sat\u0131\u015f ve Operasyon M\u00fcd\u00fcr\u00fc K\u00fcbra \u00c7etinta\u015f Eker ile soru-cevap oturumu<\/b><b><br \/>\n<\/b><span style=\"font-weight: 400;\">Webinar sonunda, akl\u0131n\u0131zdaki sorular\u0131 K\u00fcbra \u00c7etinta\u015f Eker\u2019e sorma f\u0131rsat\u0131 bulacaks\u0131n\u0131z.<\/span>[\/vc_column_text][vc_column_text css=&#8221;&#8221;]<\/p>\n<h2><b>Kimler Kat\u0131lmal\u0131?<\/b><\/h2>\n<p>[\/vc_column_text][vc_column_text css=&#8221;&#8221;]<\/p>\n<ul>\n<li><span style=\"font-weight: 400;\">ABD&#8217;de ya\u015fayan veya ABD vatanda\u015f\u0131\/Greencard sahibi olan bireyler<\/span><\/li>\n<li style=\"font-weight: 400;\" aria-level=\"1\"><span style=\"font-weight: 400;\">Amerika\u2019da vergi y\u00fck\u00fcml\u00fcl\u00fckleri hakk\u0131nda bilgi sahibi olmak isteyenler<\/span><\/li>\n<li style=\"font-weight: 400;\" aria-level=\"1\"><span style=\"font-weight: 400;\">Uluslararas\u0131 gelir elde eden veya yurtd\u0131\u015f\u0131nda varl\u0131klar\u0131 bulunanlar<\/span><\/li>\n<li style=\"font-weight: 400;\" aria-level=\"1\"><span style=\"font-weight: 400;\">Vergi avantajlar\u0131ndan nas\u0131l yararlanabilece\u011fini merak edenler<\/span><\/li>\n<\/ul>\n<p>[\/vc_column_text][\/vc_column_inner][\/vc_row_inner][\/vc_column][\/vc_row]<\/p>\n<\/div>","protected":false},"excerpt":{"rendered":"<p>[vc_row full_width=&#8221;stretch_row&#8221; content_placement=&#8221;middle&#8221; css=&#8221;.vc_custom_1725908848263{margin-top: 10px !important;padding-top: 100px !important;padding-bottom: 40px !important;background-color: #eeeeee !important;}&#8221; el_class=&#8221;okan_test&#8221;][vc_column width=&#8221;1\/2&#8243; offset=&#8221;vc_col-lg-6 vc_col-md-12&#8243;][vc_row_inner css=&#8221;.vc_custom_1539591907369{margin-top: 30px !important;}&#8221;][vc_column_inner css=&#8221;.vc_custom_1707937967671{padding-right: 0px !important;padding-left: 0px !important;}&#8221; offset=&#8221;vc_col-lg-offset-0 vc_col-lg-12 vc_col-md-offset-1 vc_col-md-12 vc_col-sm-offset-0&#8243;][vc_single_image image=&#8221;59545&#8243; [&hellip;]<\/p>\n","protected":false},"author":31,"featured_media":0,"parent":0,"menu_order":0,"comment_status":"closed","ping_status":"closed","template":"","meta":{"footnotes":""},"class_list":["post-59544","page","type-page","status-publish","hentry"],"_links":{"self":[{"href":"https:\/\/www.manaycpa.com\/tr\/wp-json\/wp\/v2\/pages\/59544","targetHints":{"allow":["GET"]}}],"collection":[{"href":"https:\/\/www.manaycpa.com\/tr\/wp-json\/wp\/v2\/pages"}],"about":[{"href":"https:\/\/www.manaycpa.com\/tr\/wp-json\/wp\/v2\/types\/page"}],"author":[{"embeddable":true,"href":"https:\/\/www.manaycpa.com\/tr\/wp-json\/wp\/v2\/users\/31"}],"replies":[{"embeddable":true,"href":"https:\/\/www.manaycpa.com\/tr\/wp-json\/wp\/v2\/comments?post=59544"}],"version-history":[{"count":3,"href":"https:\/\/www.manaycpa.com\/tr\/wp-json\/wp\/v2\/pages\/59544\/revisions"}],"predecessor-version":[{"id":59550,"href":"https:\/\/www.manaycpa.com\/tr\/wp-json\/wp\/v2\/pages\/59544\/revisions\/59550"}],"wp:attachment":[{"href":"https:\/\/www.manaycpa.com\/tr\/wp-json\/wp\/v2\/media?parent=59544"}],"curies":[{"name":"wp","href":"https:\/\/api.w.org\/{rel}","templated":true}]}}