{"id":59959,"date":"2024-12-19T13:53:42","date_gmt":"2024-12-19T13:53:42","guid":{"rendered":"https:\/\/www.manaycpa.com\/?page_id=59959"},"modified":"2024-12-19T13:53:42","modified_gmt":"2024-12-19T13:53:42","slug":"ayca-aykutlu","status":"publish","type":"page","link":"https:\/\/www.manaycpa.com\/tr\/hakkimizda\/ekibimiz\/ayca-aykutlu\/","title":{"rendered":"Ay\u00e7a Aykutlu"},"content":{"rendered":"<div class=\"wpb-content-wrapper\"><p>[vc_row full_width=&#8221;stretch_row&#8221; css=&#8221;.vc_custom_1629916042978{padding-top: 100px !important;padding-bottom: 80px !important;background-image: url(https:\/\/www.manaycpa.com\/wp-content\/uploads\/2021\/02\/team-manay-1s.jpg?id=9932) !important;}&#8221;][vc_column][vc_row_inner][vc_column_inner][vc_empty_space height=&#8221;50px&#8221;]<header class=\"kd-section-title col-lg-12 text-center  kd-animated fadeIn   vc_custom_1632144895164\" data-animation-delay=200><h2 class=\"separator_off\" style=\"color: #ffffff;font-size: 46px !important;\">Manay CPA Ekibi<\/h2><h6 class=\"subtitle \" style=\"color: #ffffff;\">\u0130\u015f d\u00fcnyas\u0131ndaki uzun y\u0131llard\u0131r s\u00fcregelen uzmanl\u0131\u011f\u0131m\u0131z ile her zaman size yard\u0131m etmeye haz\u0131r\u0131z.<\/h6><\/header>[\/vc_column_inner][\/vc_row_inner][\/vc_column][\/vc_row][vc_row][vc_column width=&#8221;1\/4&#8243; offset=&#8221;vc_col-lg-1&#8243;][\/vc_column][vc_column width=&#8221;1\/4&#8243; offset=&#8221;vc_col-lg-6&#8243;][vc_empty_space height=&#8221;70px&#8221;]<header class=\"kd-section-title col-lg-12 text-left  kd-animated fadeIn  \" data-animation-delay=200><h1 class=\"separator_off\" style=\"font-size: 37px !important;line-height: 44px;\">Ay\u00e7a Aykutlu<\/h1><\/header><header class=\"kd-section-title col-lg-12 text-left  kd-animated fadeIn  \" data-animation-delay=200><h2 class=\"separator_off\" style=\"font-size: 22px !important;line-height: 44px;\">Jr. Associate<\/h2><\/header>[vc_empty_space height=&#8221;20px&#8221;]<a  href=\"\"   class=\"tt_button tt_primary_button btn_primary_color  pull-left button-action-link\" ><span class=\"prim_text\">L\u0131nkedIn<\/span><\/a>[\/vc_column][vc_column width=&#8221;1\/4&#8243; offset=&#8221;vc_col-lg-4&#8243;][vc_empty_space height=&#8221;50px&#8221;][vc_single_image image=&#8221;59956&#8243; img_size=&#8221;full&#8221; style=&#8221;vc_box_shadow_border&#8221; css_animation=&#8221;fadeInLeft&#8221; css=&#8221;&#8221;][\/vc_column][vc_column width=&#8221;1\/4&#8243;][\/vc_column][\/vc_row][vc_row][vc_column width=&#8221;1\/12&#8243; offset=&#8221;vc_col-lg-1&#8243;][\/vc_column][vc_column width=&#8221;2\/3&#8243; css=&#8221;.vc_custom_1614418963997{padding-right: 25px !important;}&#8221; offset=&#8221;vc_col-lg-8 vc_col-md-12 vc_col-xs-12&#8243;][vc_empty_space height=&#8221;20px&#8221;][vc_column_text css=&#8221;&#8221;]<\/p>\n<h3><b>Profesyonel Deneyimleri<\/b><\/h3>\n<p>Ay\u00e7a, Ko\u00e7 \u00dcniversitesi Ekonomi B\u00f6l\u00fcm\u00fc\u2019nden mezun olduktan sonra profesyonel kariyerine iki farkl\u0131 stajla ad\u0131m att\u0131. \u0130lk olarak Bloomberg TV\u2019de \u00e7evirmen olarak g\u00f6rev yapt\u0131 ve ekonomiyle ilgili haberlerin \u00e7evirisini ger\u00e7ekle\u015ftirdi. Bu deneyim, Ay\u00e7a\u2019n\u0131n hem \u00e7eviri becerilerini geli\u015ftirmesine hem de ekonomi alan\u0131ndaki g\u00fcncel bilgilere hakimiyetini art\u0131rmas\u0131na olanak sa\u011flad\u0131. Daha sonra, Ya\u015far D\u0131\u015f Ticaret A.\u015e.\u2019de Finans Stajyeri olarak \u00e7al\u0131\u015ft\u0131. Bu staj, Ay\u00e7a\u2019ya finansal s\u00fcre\u00e7lerin y\u00f6netimi ve ticari i\u015flemler hakk\u0131nda derinlemesine bilgi kazand\u0131rarak analitik d\u00fc\u015f\u00fcnme ve organizasyon becerilerini g\u00fc\u00e7lendirdi.<\/p>\n<h3><b>Manay CPA&#8217;deki Yeri<\/b><\/h3>\n<p>Ay\u00e7a, Manay CPA\u2019de Junior Accounting Associate pozisyonunda \u00e7al\u0131\u015fmaktad\u0131r. Yeni m\u00fc\u015fterilerin onboarding s\u00fcre\u00e7lerini desteklemenin yan\u0131 s\u0131ra, muhasebe kay\u0131tlar\u0131n\u0131n tutulmas\u0131, mali raporlar\u0131n haz\u0131rlanmas\u0131 ve \u00e7e\u015fitli vergi beyannamelerinin haz\u0131rlanmas\u0131nda yard\u0131mc\u0131 olmaktad\u0131r.<\/p>\n<h3><b>Sosyal Hayatta<\/b><\/h3>\n<p>\u0130\u015f hayat\u0131n\u0131n d\u0131\u015f\u0131nda, Ay\u00e7a bo\u015f zamanlar\u0131nda yeni diller ve k\u00fclt\u00fcrler \u00f6\u011frenmekten, seramikle u\u011fra\u015fmaktan, do\u011fa y\u00fcr\u00fcy\u00fc\u015flerine \u00e7\u0131kmaktan ve yemek yapmaktan keyif al\u0131r.[\/vc_column_text][\/vc_column][\/vc_row][vc_row full_width=&#8221;stretch_row&#8221; css=&#8221;.vc_custom_1614419641251{background-color: #ffffff !important;}&#8221;][vc_column width=&#8221;1\/6&#8243; offset=&#8221;vc_col-lg-2&#8243;][\/vc_column][vc_column width=&#8221;2\/3&#8243; css=&#8221;.vc_custom_1614419340057{padding-right: 0px !important;padding-left: 0px !important;}&#8221; offset=&#8221;vc_col-lg-8&#8243;][vc_row_inner css=&#8221;.vc_custom_1511348683940{padding-top: 100px !important;padding-bottom: 100px !important;}&#8221;][vc_column_inner offset=&#8221;vc_col-lg-12 vc_col-md-12&#8243;][vc_custom_heading text=&#8221;Finansal ipu\u00e7lar\u0131, vergilerinizin son \u00f6deme tarihleri ve di\u011fer vergi stratejileri i\u00e7in b\u00fcltenimize abone olun&#8221; font_container=&#8221;tag:h3|font_size:23px%20!important|text_align:center|line_height:44px&#8221; use_theme_fonts=&#8221;yes&#8221; css_animation=&#8221;fadeIn&#8221; css=&#8221;.vc_custom_1617487578282{margin-bottom: 0px !important;}&#8221;][vc_empty_space height=&#8221;20px&#8221;][vc_raw_js]JTNDc2NyaXB0JTIwY2hhcnNldCUzRCUyMnV0Zi04JTIyJTIwdHlwZSUzRCUyMnRleHQlMkZqYXZhc2NyaXB0JTIyJTIwc3JjJTNEJTIyJTJGJTJGanMuaHNmb3Jtcy5uZXQlMkZmb3JtcyUyRnYyLmpzJTIyJTNFJTNDJTJGc2NyaXB0JTNFJTBBJTNDc2NyaXB0JTNFJTBBJTIwJTIwaGJzcHQuZm9ybXMuY3JlYXRlJTI4JTdCJTBBJTIwJTIwJTIwJTIwcmVnaW9uJTNBJTIwJTIybmExJTIyJTJDJTBBJTIwJTIwJTIwJTIwcG9ydGFsSWQlM0ElMjAlMjI2ODU1Njc0JTIyJTJDJTBBJTIwJTIwJTIwJTIwZm9ybUlkJTNBJTIwJTIyYjZhZGFjZGQtOWQ4Ni00YWI4LWJjYjQtZWY5ZTUzMzM4ZDg2JTIyJTBBJTIwJTIwJTdEJTI5JTNCJTBBJTNDJTJGc2NyaXB0JTNF[\/vc_raw_js][\/vc_column_inner][\/vc_row_inner][\/vc_column][vc_column width=&#8221;1\/6&#8243; offset=&#8221;vc_col-lg-2&#8243;][\/vc_column][\/vc_row]<\/p>\n<\/div>","protected":false},"excerpt":{"rendered":"<p>[vc_row full_width=&#8221;stretch_row&#8221; css=&#8221;.vc_custom_1629916042978{padding-top: 100px !important;padding-bottom: 80px !important;background-image: url(https:\/\/www.manaycpa.com\/wp-content\/uploads\/2021\/02\/team-manay-1s.jpg?id=9932) !important;}&#8221;][vc_column][vc_row_inner][vc_column_inner][vc_empty_space height=&#8221;50px&#8221;][\/vc_column_inner][\/vc_row_inner][\/vc_column][\/vc_row][vc_row][vc_column width=&#8221;1\/4&#8243; offset=&#8221;vc_col-lg-1&#8243;][\/vc_column][vc_column width=&#8221;1\/4&#8243; offset=&#8221;vc_col-lg-6&#8243;][vc_empty_space height=&#8221;70px&#8221;][vc_empty_space height=&#8221;20px&#8221;][\/vc_column][vc_column width=&#8221;1\/4&#8243; offset=&#8221;vc_col-lg-4&#8243;][vc_empty_space height=&#8221;50px&#8221;][vc_single_image image=&#8221;59956&#8243; img_size=&#8221;full&#8221; style=&#8221;vc_box_shadow_border&#8221; css_animation=&#8221;fadeInLeft&#8221; css=&#8221;&#8221;][\/vc_column][vc_column width=&#8221;1\/4&#8243;][\/vc_column][\/vc_row][vc_row][vc_column width=&#8221;1\/12&#8243; offset=&#8221;vc_col-lg-1&#8243;][\/vc_column][vc_column width=&#8221;2\/3&#8243; css=&#8221;.vc_custom_1614418963997{padding-right: 25px [&hellip;]<\/p>\n","protected":false},"author":19,"featured_media":0,"parent":9917,"menu_order":0,"comment_status":"closed","ping_status":"closed","template":"","meta":{"footnotes":""},"class_list":["post-59959","page","type-page","status-publish","hentry"],"_links":{"self":[{"href":"https:\/\/www.manaycpa.com\/tr\/wp-json\/wp\/v2\/pages\/59959","targetHints":{"allow":["GET"]}}],"collection":[{"href":"https:\/\/www.manaycpa.com\/tr\/wp-json\/wp\/v2\/pages"}],"about":[{"href":"https:\/\/www.manaycpa.com\/tr\/wp-json\/wp\/v2\/types\/page"}],"author":[{"embeddable":true,"href":"https:\/\/www.manaycpa.com\/tr\/wp-json\/wp\/v2\/users\/19"}],"replies":[{"embeddable":true,"href":"https:\/\/www.manaycpa.com\/tr\/wp-json\/wp\/v2\/comments?post=59959"}],"version-history":[{"count":2,"href":"https:\/\/www.manaycpa.com\/tr\/wp-json\/wp\/v2\/pages\/59959\/revisions"}],"predecessor-version":[{"id":59961,"href":"https:\/\/www.manaycpa.com\/tr\/wp-json\/wp\/v2\/pages\/59959\/revisions\/59961"}],"up":[{"embeddable":true,"href":"https:\/\/www.manaycpa.com\/tr\/wp-json\/wp\/v2\/pages\/9917"}],"wp:attachment":[{"href":"https:\/\/www.manaycpa.com\/tr\/wp-json\/wp\/v2\/media?parent=59959"}],"curies":[{"name":"wp","href":"https:\/\/api.w.org\/{rel}","templated":true}]}}