{"id":60034,"date":"2025-01-02T18:24:22","date_gmt":"2025-01-02T18:24:22","guid":{"rendered":"https:\/\/www.manaycpa.com\/?page_id=60034"},"modified":"2025-10-15T09:14:20","modified_gmt":"2025-10-15T13:14:20","slug":"sertac-tuzcuoglu","status":"publish","type":"page","link":"https:\/\/www.manaycpa.com\/tr\/hakkimizda\/ekibimiz\/sertac-tuzcuoglu\/","title":{"rendered":"Serta\u00e7 Tuzcuo\u011flu"},"content":{"rendered":"<div class=\"wpb-content-wrapper\"><p>[vc_row full_width=&#8221;stretch_row&#8221; css=&#8221;.vc_custom_1629916042978{padding-top: 100px !important;padding-bottom: 80px !important;background-image: url(https:\/\/www.manaycpa.com\/wp-content\/uploads\/2021\/02\/team-manay-1s.jpg?id=9932) !important;}&#8221;][vc_column][vc_row_inner][vc_column_inner][vc_empty_space height=&#8221;50px&#8221;]<header class=\"kd-section-title col-lg-12 text-center  kd-animated fadeIn   vc_custom_1632144895164\" data-animation-delay=200><h2 class=\"separator_off\" style=\"color: #ffffff;font-size: 46px !important;\">Manay CPA Ekibi<\/h2><h6 class=\"subtitle \" style=\"color: #ffffff;\">\u0130\u015f d\u00fcnyas\u0131ndaki uzun y\u0131llard\u0131r s\u00fcregelen uzmanl\u0131\u011f\u0131m\u0131z ile her zaman size yard\u0131m etmeye haz\u0131r\u0131z.<\/h6><\/header>[\/vc_column_inner][\/vc_row_inner][\/vc_column][\/vc_row][vc_row][vc_column width=&#8221;1\/4&#8243; offset=&#8221;vc_col-lg-1&#8243;][\/vc_column][vc_column width=&#8221;1\/4&#8243; offset=&#8221;vc_col-lg-6&#8243;][vc_empty_space height=&#8221;70px&#8221;]<header class=\"kd-section-title col-lg-12 text-left  kd-animated fadeIn  \" data-animation-delay=200><h1 class=\"separator_off\" style=\"font-size: 37px !important;line-height: 44px;\">Serta\u00e7 Tuzcuo\u011flu<\/h1><\/header><header class=\"kd-section-title col-lg-12 text-left  kd-animated fadeIn  \" data-animation-delay=200><h2 class=\"separator_off\" style=\"font-size: 22px !important;line-height: 44px;\">Sr. Sales &amp; Business Development Associate<\/h2><\/header>[vc_empty_space height=&#8221;20px&#8221;]<a href=\"https:\/\/www.linkedin.com\/in\/stuzcuoglu\/\" target=\"_blank\" title=\"https:\/\/www.linkedin.com\/in\/stuzcuoglu\/\" class=\"tt_button tt_primary_button btn_primary_color  pull-left button-action-link\" rel=\"nofollow noopener\"><span class=\"prim_text\">L\u0131nkedIn<\/span><\/a>[\/vc_column][vc_column width=&#8221;1\/4&#8243; offset=&#8221;vc_col-lg-4&#8243;][vc_empty_space height=&#8221;50px&#8221;][vc_single_image image=&#8221;63659&#8243; img_size=&#8221;full&#8221; style=&#8221;vc_box_shadow_border&#8221; css_animation=&#8221;fadeInLeft&#8221; css=&#8221;&#8221;][\/vc_column][vc_column width=&#8221;1\/4&#8243;][\/vc_column][\/vc_row][vc_row][vc_column width=&#8221;1\/12&#8243; offset=&#8221;vc_col-lg-1&#8243;][\/vc_column][vc_column width=&#8221;2\/3&#8243; css=&#8221;.vc_custom_1614418963997{padding-right: 25px !important;}&#8221; offset=&#8221;vc_col-lg-8 vc_col-md-12 vc_col-xs-12&#8243;][vc_empty_space height=&#8221;20px&#8221;][vc_column_text css=&#8221;&#8221;]<\/p>\n<h3><b>Profesyonel Deneyimleri<\/b><\/h3>\n<p>Serta\u00e7, \u0130stanbul Bilgi \u00dcniversitesi \u0130\u015fletme Y\u00fcksek Lisans\u0131 ve Marmara \u00dcniversitesi \u0130ktisat Lisans\u0131na sahiptir. 2010 y\u0131l\u0131ndan beri T\u00fcrkiye\u2019de sat\u0131\u015f, i\u015f geli\u015ftirme ve pazarlama alanlar\u0131nda \u00e7e\u015fitli \u015firketlerde \u00e7al\u0131\u015fm\u0131\u015f; dijital pazarlama ve b\u00fcy\u00fcme stratejileri \u00fczerine start-up\u2019lara dan\u0131\u015fmanl\u0131k yapmaktad\u0131r. \u0130\u015f hayat\u0131na H\u00fcrriyet Gazetesi Avrupa Bask\u0131lar\u0131 sorumlusu olarak ba\u015flam\u0131\u015f, T\u00fcrkiye\u2019nin dijitale ge\u00e7i\u015f s\u00fcrecine tan\u0131kl\u0131k etmi\u015ftir. \u00d6zellikle medya sekt\u00f6r\u00fcnde H\u00fcrriyet, LOG, Onedio, GirlsAskGuys, Mediaworks ve Webtekno gibi \u015firketlerde \u00e7e\u015fitli pozisyonlarda g\u00f6rev alm\u0131\u015ft\u0131r. 10 y\u0131l\u0131 a\u015fk\u0131n s\u00fcredir sat\u0131\u015f, m\u00fc\u015fteri y\u00f6netimi, dijital pazarlama ve i\u015f geli\u015ftirme alanlar\u0131nda uzmanla\u015fm\u0131\u015ft\u0131r. Son olarak, Webtekno Genel M\u00fcd\u00fcrl\u00fc\u011f\u00fc g\u00f6revini \u00fcstlenmi\u015f, d\u00f6rt y\u0131l boyunca ekip y\u00f6netimi, finansal planlama, stratejik i\u015f geli\u015ftirme ve \u015firketin vizyon misyon d\u00f6n\u00fc\u015f\u00fcm s\u00fcre\u00e7lerine liderlik etmi\u015ftir. Bu s\u00fcre\u00e7te \u015firketin sat\u0131\u015f\u0131na \u00f6nemli katk\u0131lar sa\u011flam\u0131\u015ft\u0131r.<\/p>\n<h3><b>Manay CPA&#8217;deki Yeri<\/b><\/h3>\n<p>Serta\u00e7, Manay CPA\u2019de Sat\u0131\u015f, \u0130\u015f Geli\u015ftirme ve Pazarlama ekibinde yer almakta, yeni marka ve m\u00fc\u015fterilerin kazan\u0131m\u0131, sat\u0131\u015f y\u00f6netimi, pazar ara\u015ft\u0131rmas\u0131 ve \u00e7e\u015fitli pazarlama projelerinin y\u00f6netiminden sorumludur. Manay CPA\u2019y\u0131 uluslararas\u0131 alanda en iyi \u015fekilde temsil etmekten ve \u015firketin b\u00fcy\u00fcmesine katk\u0131da bulunmaktan gurur ve mutluluk duymaktad\u0131r.<\/p>\n<h3><b>Sosyal Hayatta<\/b><\/h3>\n<p>Serta\u00e7, i\u015f hayat\u0131 d\u0131\u015f\u0131nda en b\u00fcy\u00fck de\u011feri olan o\u011fluyla vakit ge\u00e7irmeyi, yeni \u00fclkeler ke\u015ffetmeyi ve farkl\u0131 k\u00fclt\u00fcrleri tan\u0131may\u0131 \u00e7ok sever. \u00d6zellikle ki\u015fisel geli\u015fim, psikoloji ve felsefe alan\u0131nda okumaktan keyif al\u0131r ve hayat\u0131n anlam\u0131n\u0131 sorgulamay\u0131 bir tutku haline getirmi\u015ftir. Kahveye olan ilgisiyle farkl\u0131 kahve \u00e7ekirdeklerinin tad\u0131n\u0131 ke\u015ffetmekten ve m\u00fczikle ruhunu beslemekten keyif al\u0131r. Uzun y\u0131llar profesyonel olarak sporla ilgilenmi\u015f, ancak ya\u015fad\u0131\u011f\u0131 sakatl\u0131k sonras\u0131 spor tutkusunu Galatasaray\u2019\u0131 destekleyerek s\u00fcrd\u00fcrmektedir. Maviden huzur bulur, ye\u015filden nefes al\u0131r, turuncudan ise cesaret toplar. Hayat mottosu: \u201cHer insan e\u015fit ama farkl\u0131d\u0131r.\u201d[\/vc_column_text][\/vc_column][\/vc_row][vc_row full_width=&#8221;stretch_row&#8221; css=&#8221;.vc_custom_1614419641251{background-color: #ffffff !important;}&#8221;][vc_column width=&#8221;1\/6&#8243; offset=&#8221;vc_col-lg-2&#8243;][\/vc_column][vc_column width=&#8221;2\/3&#8243; css=&#8221;.vc_custom_1614419340057{padding-right: 0px !important;padding-left: 0px !important;}&#8221; offset=&#8221;vc_col-lg-8&#8243;][vc_row_inner css=&#8221;.vc_custom_1511348683940{padding-top: 100px !important;padding-bottom: 100px !important;}&#8221;][vc_column_inner offset=&#8221;vc_col-lg-12 vc_col-md-12&#8243;][vc_custom_heading text=&#8221;Finansal ipu\u00e7lar\u0131, vergilerinizin son \u00f6deme tarihleri ve di\u011fer vergi stratejileri i\u00e7in b\u00fcltenimize abone olun&#8221; font_container=&#8221;tag:h3|font_size:23px%20!important|text_align:center|line_height:44px&#8221; use_theme_fonts=&#8221;yes&#8221; css_animation=&#8221;fadeIn&#8221; css=&#8221;.vc_custom_1617487578282{margin-bottom: 0px !important;}&#8221;][vc_empty_space height=&#8221;20px&#8221;][vc_raw_js]JTNDc2NyaXB0JTIwY2hhcnNldCUzRCUyMnV0Zi04JTIyJTIwdHlwZSUzRCUyMnRleHQlMkZqYXZhc2NyaXB0JTIyJTIwc3JjJTNEJTIyJTJGJTJGanMuaHNmb3Jtcy5uZXQlMkZmb3JtcyUyRnYyLmpzJTIyJTNFJTNDJTJGc2NyaXB0JTNFJTBBJTNDc2NyaXB0JTNFJTBBJTIwJTIwaGJzcHQuZm9ybXMuY3JlYXRlJTI4JTdCJTBBJTIwJTIwJTIwJTIwcmVnaW9uJTNBJTIwJTIybmExJTIyJTJDJTBBJTIwJTIwJTIwJTIwcG9ydGFsSWQlM0ElMjAlMjI2ODU1Njc0JTIyJTJDJTBBJTIwJTIwJTIwJTIwZm9ybUlkJTNBJTIwJTIyYjZhZGFjZGQtOWQ4Ni00YWI4LWJjYjQtZWY5ZTUzMzM4ZDg2JTIyJTBBJTIwJTIwJTdEJTI5JTNCJTBBJTNDJTJGc2NyaXB0JTNF[\/vc_raw_js][\/vc_column_inner][\/vc_row_inner][\/vc_column][vc_column width=&#8221;1\/6&#8243; offset=&#8221;vc_col-lg-2&#8243;][\/vc_column][\/vc_row]<\/p>\n<\/div>","protected":false},"excerpt":{"rendered":"<p>[vc_row full_width=&#8221;stretch_row&#8221; css=&#8221;.vc_custom_1629916042978{padding-top: 100px !important;padding-bottom: 80px !important;background-image: url(https:\/\/www.manaycpa.com\/wp-content\/uploads\/2021\/02\/team-manay-1s.jpg?id=9932) !important;}&#8221;][vc_column][vc_row_inner][vc_column_inner][vc_empty_space height=&#8221;50px&#8221;][\/vc_column_inner][\/vc_row_inner][\/vc_column][\/vc_row][vc_row][vc_column width=&#8221;1\/4&#8243; offset=&#8221;vc_col-lg-1&#8243;][\/vc_column][vc_column width=&#8221;1\/4&#8243; offset=&#8221;vc_col-lg-6&#8243;][vc_empty_space height=&#8221;70px&#8221;][vc_empty_space height=&#8221;20px&#8221;][\/vc_column][vc_column width=&#8221;1\/4&#8243; offset=&#8221;vc_col-lg-4&#8243;][vc_empty_space height=&#8221;50px&#8221;][vc_single_image image=&#8221;63659&#8243; img_size=&#8221;full&#8221; style=&#8221;vc_box_shadow_border&#8221; css_animation=&#8221;fadeInLeft&#8221; css=&#8221;&#8221;][\/vc_column][vc_column width=&#8221;1\/4&#8243;][\/vc_column][\/vc_row][vc_row][vc_column width=&#8221;1\/12&#8243; offset=&#8221;vc_col-lg-1&#8243;][\/vc_column][vc_column width=&#8221;2\/3&#8243; css=&#8221;.vc_custom_1614418963997{padding-right: 25px [&hellip;]<\/p>\n","protected":false},"author":19,"featured_media":0,"parent":9917,"menu_order":0,"comment_status":"closed","ping_status":"closed","template":"","meta":{"footnotes":""},"class_list":["post-60034","page","type-page","status-publish","hentry"],"_links":{"self":[{"href":"https:\/\/www.manaycpa.com\/tr\/wp-json\/wp\/v2\/pages\/60034","targetHints":{"allow":["GET"]}}],"collection":[{"href":"https:\/\/www.manaycpa.com\/tr\/wp-json\/wp\/v2\/pages"}],"about":[{"href":"https:\/\/www.manaycpa.com\/tr\/wp-json\/wp\/v2\/types\/page"}],"author":[{"embeddable":true,"href":"https:\/\/www.manaycpa.com\/tr\/wp-json\/wp\/v2\/users\/19"}],"replies":[{"embeddable":true,"href":"https:\/\/www.manaycpa.com\/tr\/wp-json\/wp\/v2\/comments?post=60034"}],"version-history":[{"count":5,"href":"https:\/\/www.manaycpa.com\/tr\/wp-json\/wp\/v2\/pages\/60034\/revisions"}],"predecessor-version":[{"id":63662,"href":"https:\/\/www.manaycpa.com\/tr\/wp-json\/wp\/v2\/pages\/60034\/revisions\/63662"}],"up":[{"embeddable":true,"href":"https:\/\/www.manaycpa.com\/tr\/wp-json\/wp\/v2\/pages\/9917"}],"wp:attachment":[{"href":"https:\/\/www.manaycpa.com\/tr\/wp-json\/wp\/v2\/media?parent=60034"}],"curies":[{"name":"wp","href":"https:\/\/api.w.org\/{rel}","templated":true}]}}