{"id":60096,"date":"2025-01-17T13:38:03","date_gmt":"2025-01-17T13:38:03","guid":{"rendered":"https:\/\/www.manaycpa.com\/?page_id=60096"},"modified":"2025-01-17T13:40:50","modified_gmt":"2025-01-17T13:40:50","slug":"abdde-yasayan-turkler-icin-vergi-yukumlulukleri","status":"publish","type":"page","link":"https:\/\/www.manaycpa.com\/tr\/webinar\/abdde-yasayan-turkler-icin-vergi-yukumlulukleri\/","title":{"rendered":"ABD&#8217;de Ya\u015fayan T\u00fcrkler \u0130\u00e7in Vergi Y\u00fck\u00fcml\u00fcl\u00fckleri Webinar\u0131"},"content":{"rendered":"<div class=\"wpb-content-wrapper\"><p>[vc_row full_width=&#8221;stretch_row&#8221; content_placement=&#8221;middle&#8221; css=&#8221;.vc_custom_1725908848263{margin-top: 10px !important;padding-top: 100px !important;padding-bottom: 40px !important;background-color: #eeeeee !important;}&#8221; el_class=&#8221;okan_test&#8221;][vc_column width=&#8221;1\/2&#8243; offset=&#8221;vc_col-lg-6 vc_col-md-12&#8243;][vc_row_inner css=&#8221;.vc_custom_1539591907369{margin-top: 30px !important;}&#8221;][vc_column_inner css=&#8221;.vc_custom_1707937967671{padding-right: 0px !important;padding-left: 0px !important;}&#8221; offset=&#8221;vc_col-lg-offset-0 vc_col-lg-12 vc_col-md-offset-1 vc_col-md-12 vc_col-sm-offset-0&#8243;][vc_single_image image=&#8221;60098&#8243; img_size=&#8221;full&#8221; alignment=&#8221;center&#8221; css_animation=&#8221;fadeIn&#8221; css=&#8221;.vc_custom_1737121128980{margin-bottom: 0px !important;}&#8221;][\/vc_column_inner][\/vc_row_inner][\/vc_column][vc_column width=&#8221;1\/2&#8243; css=&#8221;.vc_custom_1539591979391{padding-left: 0px !important;}&#8221; offset=&#8221;vc_col-lg-6 vc_col-md-12&#8243;][vc_row_inner content_placement=&#8221;middle&#8221; css=&#8221;.vc_custom_1707938103074{padding-top: 100px !important;}&#8221;][vc_column_inner width=&#8221;5\/6&#8243; css=&#8221;.vc_custom_1707938047102{padding-right: 0px !important;padding-left: 0px !important;}&#8221; offset=&#8221;vc_col-lg-offset-2 vc_col-lg-10 vc_col-md-offset-2 vc_col-md-10&#8243;]<header class=\"kd-section-title col-lg-12 text-left  kd-animated fadeIn  \" data-animation-delay=200><h2 class=\"separator_off\" >Webinara Kat\u0131lmak i\u00e7in Formu Doldurun<\/h2><\/header>[vc_raw_js]JTNDc2NyaXB0JTIwY2hhcnNldCUzRCUyMnV0Zi04JTIyJTIwdHlwZSUzRCUyMnRleHQlMkZqYXZhc2NyaXB0JTIyJTIwc3JjJTNEJTIyJTJGJTJGanMuaHNmb3Jtcy5uZXQlMkZmb3JtcyUyRmVtYmVkJTJGdjIuanMlMjIlM0UlM0MlMkZzY3JpcHQlM0UlMEElM0NzY3JpcHQlM0UlMEElQzIlQTAlMjBoYnNwdC5mb3Jtcy5jcmVhdGUlMjglN0IlMEElQzIlQTAlQzIlQTAlQzIlQTAlMjBwb3J0YWxJZCUzQSUyMCUyMjY4NTU2NzQlMjIlMkMlMEElQzIlQTAlQzIlQTAlQzIlQTAlMjBmb3JtSWQlM0ElMjAlMjI0MzEzYmI5Mi05MGQ5LTQ1MWEtYTAyNC01ZWRjN2ZjODRhNWQlMjIlMEElQzIlQTAlMjAlN0QlMjklM0IlMEElM0MlMkZzY3JpcHQlM0U=[\/vc_raw_js][\/vc_column_inner][\/vc_row_inner][\/vc_column][\/vc_row][vc_row full_width=&#8221;stretch_row&#8221; css=&#8221;.vc_custom_1707938357558{padding-top: 40px !important;padding-bottom: 40px !important;}&#8221;][vc_column width=&#8221;1\/2&#8243; offset=&#8221;vc_col-lg-12 vc_col-md-12&#8243;][vc_row_inner css=&#8221;.vc_custom_1539591907369{margin-top: 30px !important;}&#8221;][vc_column_inner css=&#8221;.vc_custom_1707936513652{padding-right: 0px !important;padding-left: 0px !important;}&#8221; offset=&#8221;vc_col-lg-offset-0 vc_col-lg-12 vc_col-md-offset-1 vc_col-md-12 vc_col-sm-offset-0&#8243;]<header class=\"kd-section-title col-lg-12 text-left  kd-animated fadeIn  \" data-animation-delay=200><h2 class=\"separator_off\" >ABD'de Ya\u015fayan T\u00fcrkler \u0130\u00e7in Vergi Y\u00fck\u00fcml\u00fcl\u00fckleri Webinar\u0131<\/h2><p class=\"subtitle \" >2025 ABD Vergi D\u00f6nemi'ne haz\u0131r m\u0131s\u0131n\u0131z? Yeni d\u00fczenlemeler, muafiyetler ve indirimler hakk\u0131nda bilgi edinmek, vergisel avantajlardan maksimum fayda sa\u011flamak ve etkili vergi planlama stratejileri \u00f6\u011frenmek i\u00e7in \u00fccretsiz webinara kat\u0131l\u0131n. Uzmanlar\u0131m\u0131zdan t\u00fcm sorular\u0131n\u0131za yan\u0131t bulabilece\u011finiz bu f\u0131rsat\u0131 ka\u00e7\u0131rmay\u0131n!<\/p><\/header>[\/vc_column_inner][\/vc_row_inner][vc_row_inner css=&#8221;.vc_custom_1513613877158{margin-top: 10px !important;margin-bottom: 35px !important;}&#8221;][vc_column_inner css=&#8221;.vc_custom_1707936191448{padding-left: 0px !important;}&#8221; offset=&#8221;vc_col-lg-offset-0 vc_col-lg-12 vc_col-md-offset-1 vc_col-md-12 vc_col-xs-12&#8243;][vc_column_text css=&#8221;&#8221;]\ud83d\udcc5 <strong>Tarih<\/strong>: 30 Ocak 2025, Per\u015fembe<span style=\"font-weight: 400;\"><br \/>\n<\/span><\/p>\n<p>\ud83d\udd55 <strong>Saat<\/strong>: T\u00fcrkiye Saati ile 16.00 \/ Eastern Saati ile 8.00 AM<\/p>\n<p><strong>Konu\u015fmac\u0131lar<\/strong>:<\/p>\n<ul>\n<li>Eda Oktay \u2013 Manay CPA K\u0131demli Ekip Lideri<\/li>\n<li>Meltem \u00c7er\u00e7i \u2013 Manay CPA K\u0131demli Sat\u0131\u015f Uzman\u0131<\/li>\n<\/ul>\n<div><\/div>\n<p>[\/vc_column_text][vc_column_text css=&#8221;&#8221;]<\/p>\n<h2><b>Webinarda Neler \u00d6\u011freneceksiniz?<\/b><\/h2>\n<p>[\/vc_column_text][vc_column_text css=&#8221;&#8221;]<span style=\"font-weight: 400;\">\ud83d\udcdc<\/span> <b>Amerika\u2019da Ya\u015fayan T\u00fcrk Vatanda\u015flar\u0131 i\u00e7in Vergi Y\u00fck\u00fcml\u00fcl\u00fckleri<\/b><span style=\"font-weight: 400;\"><br \/>\n<\/span><span style=\"font-weight: 400;\">Amerika Birle\u015fik Devletlerinde ikamet eden T\u00fcrk vatanda\u015flar\u0131n\u0131n, d\u00fcnya genelindeki gelirlerini beyan etme zorunlulu\u011fu ve T\u00fcrkiye&#8217;deki gelirlerin ABD&#8217;de nas\u0131l vergilendirildi\u011fi hakk\u0131nda detayl\u0131 bilgiler.<\/span><\/p>\n<p><span style=\"font-weight: 400;\">\ud83d\udca1<\/span> <b>\u00c7ifte Vergilendirmeyi \u00d6nleme Stratejileri<\/b><span style=\"font-weight: 400;\"><br \/>\n<\/span><span style=\"font-weight: 400;\">ABD ve T\u00fcrkiye aras\u0131ndaki \u00e7ifte vergilendirmeyi \u00f6nleme anla\u015fmas\u0131n\u0131n nas\u0131l \u00e7al\u0131\u015ft\u0131\u011f\u0131 ve bu anla\u015fmadan nas\u0131l yararlanabilece\u011finiz konusunda rehberlik.<\/span><\/p>\n<p><span style=\"font-weight: 400;\">\ud83d\udcbb<\/span> <b>Vergi Planlamas\u0131 i\u00e7in \u0130pu\u00e7lar\u0131 ve Dijital Ara\u00e7lar<\/b><span style=\"font-weight: 400;\"><br \/>\n<\/span><span style=\"font-weight: 400;\">Vergi y\u00fck\u00fcml\u00fcl\u00fcklerinizi etkin bir \u015fekilde y\u00f6netmek i\u00e7in kullanabilece\u011finiz stratejiler ve dijital ara\u00e7lar hakk\u0131nda pratik \u00f6neriler.<\/span><\/p>\n<p><span style=\"font-weight: 400;\">\u2753<\/span> <b>Canl\u0131 Soru-Cevap Oturumu ile Uzman Deste\u011fi<\/b><span style=\"font-weight: 400;\"><br \/>\n<\/span><span style=\"font-weight: 400;\">Webinar sonunda, Manay CPA K\u0131demli Ekip Lideri Eda Oktay&#8217;a do\u011frudan sorular\u0131n\u0131z\u0131 y\u00f6neltebilece\u011finiz interaktif bir oturum.<\/span>[\/vc_column_text][vc_column_text css=&#8221;&#8221;]<\/p>\n<h2><b>Kimler Kat\u0131lmal\u0131?<\/b><\/h2>\n<p>[\/vc_column_text][vc_column_text css=&#8221;&#8221;]<\/p>\n<ul>\n<li style=\"font-weight: 400;\" aria-level=\"1\"><span style=\"font-weight: 400;\">ABD&#8217;de ya\u015fayan ve gelir beyan\u0131nda bulunmas\u0131 gereken T\u00fcrk vatanda\u015flar\u0131 ve i\u015fletme sahipleri.<\/span><\/li>\n<li style=\"font-weight: 400;\" aria-level=\"1\"><span style=\"font-weight: 400;\">\u00c7ifte vergilendirme anla\u015fmalar\u0131n\u0131 anlamak ve uygulamak isteyenler.<\/span><\/li>\n<li style=\"font-weight: 400;\" aria-level=\"1\"><span style=\"font-weight: 400;\">Vergi planlamas\u0131yla s\u00fcre\u00e7lerini optimize etmeyi hedefleyen bireyler ve \u015firketler.<\/span><\/li>\n<\/ul>\n<p><b>Hemen formu doldurun ve \u00fccretsiz kayd\u0131n\u0131z\u0131 tamamlayarak, Amerika\u2019daki vergi y\u00fck\u00fcml\u00fcl\u00fcklerinizi do\u011fru bir \u015fekilde yerine getirmek i\u00e7in uzman deste\u011finden faydalan\u0131n!<\/b>[\/vc_column_text][\/vc_column_inner][\/vc_row_inner][\/vc_column][\/vc_row]<\/p>\n<\/div>","protected":false},"excerpt":{"rendered":"<p>[vc_row full_width=&#8221;stretch_row&#8221; content_placement=&#8221;middle&#8221; css=&#8221;.vc_custom_1725908848263{margin-top: 10px !important;padding-top: 100px !important;padding-bottom: 40px !important;background-color: #eeeeee !important;}&#8221; el_class=&#8221;okan_test&#8221;][vc_column width=&#8221;1\/2&#8243; offset=&#8221;vc_col-lg-6 vc_col-md-12&#8243;][vc_row_inner css=&#8221;.vc_custom_1539591907369{margin-top: 30px !important;}&#8221;][vc_column_inner css=&#8221;.vc_custom_1707937967671{padding-right: 0px !important;padding-left: 0px !important;}&#8221; offset=&#8221;vc_col-lg-offset-0 vc_col-lg-12 vc_col-md-offset-1 vc_col-md-12 vc_col-sm-offset-0&#8243;][vc_single_image image=&#8221;60098&#8243; [&hellip;]<\/p>\n","protected":false},"author":19,"featured_media":0,"parent":57104,"menu_order":0,"comment_status":"closed","ping_status":"closed","template":"","meta":{"footnotes":""},"class_list":["post-60096","page","type-page","status-publish","hentry"],"_links":{"self":[{"href":"https:\/\/www.manaycpa.com\/tr\/wp-json\/wp\/v2\/pages\/60096","targetHints":{"allow":["GET"]}}],"collection":[{"href":"https:\/\/www.manaycpa.com\/tr\/wp-json\/wp\/v2\/pages"}],"about":[{"href":"https:\/\/www.manaycpa.com\/tr\/wp-json\/wp\/v2\/types\/page"}],"author":[{"embeddable":true,"href":"https:\/\/www.manaycpa.com\/tr\/wp-json\/wp\/v2\/users\/19"}],"replies":[{"embeddable":true,"href":"https:\/\/www.manaycpa.com\/tr\/wp-json\/wp\/v2\/comments?post=60096"}],"version-history":[{"count":2,"href":"https:\/\/www.manaycpa.com\/tr\/wp-json\/wp\/v2\/pages\/60096\/revisions"}],"predecessor-version":[{"id":60101,"href":"https:\/\/www.manaycpa.com\/tr\/wp-json\/wp\/v2\/pages\/60096\/revisions\/60101"}],"up":[{"embeddable":true,"href":"https:\/\/www.manaycpa.com\/tr\/wp-json\/wp\/v2\/pages\/57104"}],"wp:attachment":[{"href":"https:\/\/www.manaycpa.com\/tr\/wp-json\/wp\/v2\/media?parent=60096"}],"curies":[{"name":"wp","href":"https:\/\/api.w.org\/{rel}","templated":true}]}}