{"id":60215,"date":"2025-02-02T19:50:38","date_gmt":"2025-02-02T19:50:38","guid":{"rendered":"https:\/\/www.manaycpa.com\/?page_id=60215"},"modified":"2026-01-19T16:18:11","modified_gmt":"2026-01-19T20:18:11","slug":"online-brosur","status":"publish","type":"page","link":"https:\/\/www.manaycpa.com\/tr\/online-brosur\/","title":{"rendered":"Manay CPA &#8211; Bro\u015f\u00fcr"},"content":{"rendered":"<div class=\"wpb-content-wrapper\"><p>[vc_row css=&#8221;.vc_custom_1768853827595{margin-top: 80px !important;border-top-width: 80px !important;padding-top: 80px !important;}&#8221; top_section_title=&#8221;&#8221; bottom_section_title=&#8221;&#8221;][vc_column css=&#8221;.vc_custom_1766070289144{padding-top: 20px !important;padding-bottom: 80px !important;}&#8221;][vc_row_inner][vc_column_inner][vc_column_text css=&#8221;&#8221;]<div class=\"_df_book df-lite\" id=\"df_60200\"  _slug=\"manay-cpa-turkce-brosur\" data-title=\"manay-cpa-turkce-brosur\" wpoptions=\"true\" thumbtype=\"\" ><\/div><script class=\"df-shortcode-script\" nowprocket type=\"application\/javascript\">window.option_df_60200 = {\"outline\":[],\"autoEnableOutline\":\"false\",\"autoEnableThumbnail\":\"false\",\"overwritePDFOutline\":\"false\",\"direction\":\"1\",\"pageSize\":\"0\",\"source\":\"https:\\\/\\\/www.manaycpa.com\\\/wp-content\\\/uploads\\\/2026\\\/01\\\/manay-cpa-brochure-2025-en-tr.pdf\",\"wpOptions\":\"true\"}; if(window.DFLIP && window.DFLIP.parseBooks){window.DFLIP.parseBooks();}<\/script>[\/vc_column_text][\/vc_column_inner][\/vc_row_inner][\/vc_column][\/vc_row][vc_row full_width=&#8221;stretch_row&#8221; kd_image_overlay_color=&#8221;rgba(10,10,10,0.46)&#8221; kd_image_overlay=&#8221;true&#8221; css=&#8221;.vc_custom_1768853846108{margin-top: 40px !important;padding-top: 100px !important;padding-bottom: 100px !important;background: #1a1a1a url(https:\/\/www.manaycpa.com\/wp-content\/uploads\/2021\/09\/pexels-tae-fuller-1141853-min-scaled.jpg?id=13627) !important;background-position: center !important;background-repeat: no-repeat !important;background-size: cover !important;}&#8221; el_id=&#8221;contact-form-box&#8221; top_section_title=&#8221;&#8221; bottom_section_title=&#8221;&#8221;][vc_column width=&#8221;1\/2&#8243; offset=&#8221;vc_col-lg-6 vc_col-md-12&#8243; css=&#8221;.vc_custom_1631554736951{background-color: rgba(0,0,0,0.01) !important;*background-color: rgb(0,0,0) !important;}&#8221;][vc_row_inner css=&#8221;.vc_custom_1631554822282{margin-top: 30px !important;background-color: rgba(0,0,0,0.01) !important;*background-color: rgb(0,0,0) !important;}&#8221;][vc_column_inner el_class=&#8221;yazialani&#8221; width=&#8221;5\/6&#8243; css=&#8221;.vc_custom_1631554940976{padding-right: 0px !important;padding-left: 0px !important;}&#8221; offset=&#8221;vc_col-lg-offset-0 vc_col-md-offset-0 vc_col-sm-offset-0&#8243;][vc_empty_space height=&#8221;40px&#8221;]<header class=\"kd-section-title col-lg-12 text-left  kd-animated fadeIn  \" data-animation-delay=200><h1 class=\"separator_off\" style=\"color: #ffffff;font-size: 40px !important;line-height: 44px;\">\u00dccretsiz Dan\u0131\u015fmanl\u0131k Al<\/h1><\/header>[vc_empty_space height=&#8221;20px&#8221;]<header class=\"kd-section-title col-lg-12 text-left  kd-animated fadeIn  \" data-animation-delay=200><h6 class=\"subtitle \" style=\"color: #ffffff;\">Manay CPA'n\u0131n vergi ve muhasebe uzmanlar\u0131ndan 15 dakikal\u0131k \u00fccretsiz dan\u0131\u015fmanl\u0131k almak i\u00e7in \u015fimdi formu doldurun.<\/h6><\/header>[\/vc_column_inner][vc_column_inner width=&#8221;1\/6&#8243; offset=&#8221;vc_hidden-md vc_hidden-sm&#8221;][\/vc_column_inner][\/vc_row_inner][vc_row_inner css=&#8221;.vc_custom_1631555358945{margin-top: 10px !important;margin-bottom: 35px !important;}&#8221; el_class=&#8221;yazialani&#8221;][vc_column_inner width=&#8221;1\/2&#8243; css=&#8221;.vc_custom_1541519907646{padding-left: 0px !important;}&#8221; offset=&#8221;vc_col-lg-offset-0 vc_col-lg-6 vc_col-md-offset-0 vc_col-md-4 vc_col-xs-12&#8243;][vc_column_text css_animation=&#8221;fadeIn&#8221;]<\/p>\n<ul style=\"color: #fff;\">\n<li>Amerikada \u015eirket Kurulumu<\/li>\n<li>Yabanc\u0131 Sermaye, Te\u015fvik<\/li>\n<li>Muhasebe Hizmetleri<\/li>\n<\/ul>\n<p>[\/vc_column_text][\/vc_column_inner][vc_column_inner width=&#8221;1\/2&#8243; offset=&#8221;vc_col-lg-6 vc_col-md-offset-0 vc_col-md-6 vc_col-xs-12&#8243; css=&#8221;.vc_custom_1541519911316{margin-left: -50px !important;}&#8221;][vc_column_text css_animation=&#8221;fadeIn&#8221;]<\/p>\n<ul style=\"color: #fff;\">\n<li>Ki\u015fisel ve Kurumsal Vergi<\/li>\n<li>Bordrolama<\/li>\n<li>Kurumsal Dan\u0131\u015fmanl\u0131k<\/li>\n<\/ul>\n<p>[\/vc_column_text][\/vc_column_inner][\/vc_row_inner][\/vc_column][vc_column width=&#8221;1\/2&#8243; css=&#8221;.vc_custom_1631207029723{padding-right: 25px !important;padding-left: 25px !important;background-color: #ffffff !important;border-radius: 1px !important;}&#8221; offset=&#8221;vc_col-lg-6 vc_col-md-12&#8243;][vc_raw_js]JTNDc2NyaXB0JTIwY2hhcnNldCUzRCUyMnV0Zi04JTIyJTIwdHlwZSUzRCUyMnRleHQlMkZqYXZhc2NyaXB0JTIyJTIwc3JjJTNEJTIyJTJGJTJGanMuaHNmb3Jtcy5uZXQlMkZmb3JtcyUyRnNoZWxsLmpzJTIyJTNFJTNDJTJGc2NyaXB0JTNFJTBBJTNDc2NyaXB0JTNFJTBBJTIwJTIwaGJzcHQuZm9ybXMuY3JlYXRlJTI4JTdCJTBBJTA5cmVnaW9uJTNBJTIwJTIybmExJTIyJTJDJTBBJTA5cG9ydGFsSWQlM0ElMjAlMjI2ODU1Njc0JTIyJTJDJTBBJTA5Zm9ybUlkJTNBJTIwJTIyZGMxYTNlY2EtNmMyNC00MDdiLTljODQtZTZlODkzNWMxOTlkJTIyJTBBJTdEJTI5JTNCJTBBJTNDJTJGc2NyaXB0JTNF[\/vc_raw_js][\/vc_column][\/vc_row][vc_row full_width=&#8221;stretch_row&#8221; css=&#8221;.vc_custom_1631209527956{padding-top: 100px !important;padding-bottom: 100px !important;}&#8221;][vc_column width=&#8221;1\/2&#8243; offset=&#8221;vc_col-lg-6 vc_col-md-12 vc_col-xs-12&#8243; css=&#8221;.vc_custom_1631209575456{padding-right: 50px !important;}&#8221;][vc_empty_space height=&#8221;30px&#8221;][vc_single_image image=&#8221;13654&#8243; img_size=&#8221;full&#8221;][\/vc_column][vc_column width=&#8221;1\/2&#8243; offset=&#8221;vc_col-lg-6 vc_col-md-12 vc_col-xs-12&#8243; css=&#8221;.vc_custom_1631209719046{padding-left: 50px !important;}&#8221;][vc_row_inner][vc_column_inner css=&#8221;.vc_custom_1631209821809{padding-left: 0px !important;}&#8221;]<header class=\"kd-section-title col-lg-12 text-left     vc_custom_1631210636749\" ><h2 class=\"separator_off\" style=\"color: #545454;font-size: 37px !important;line-height: 42px;\">Burcu Bree Manay, CPA<\/h2><h6 class=\"subtitle \" style=\"color: #545454;font-size: 22px !important;\">Kurucu ve Y\u00f6netici Ortak<\/h6><\/header>[vc_empty_space height=&#8221;20px&#8221;][\/vc_column_inner][\/vc_row_inner][vc_column_text]<\/p>\n<div id=\"NgP5lEIpzvgdn0zvGRP0nAB8iFhoxbwT\" class=\"widget widget-text\">\n<ul>\n<li>A wide range of expertise in tax planning.<\/li>\n<li>2001, Marmara \u00dcniversitesi,<br \/>\n\u0130\u015fletme Fak\u00fcltesi&#8217;nde \u00fcst\u00fcn ba\u015far\u0131<\/li>\n<li>2003, West Georgia Eyalet \u00dcniversitesi,<br \/>\nMaster Program\u0131, Onur Derecesi<\/li>\n<li>2004, y\u0131l\u0131nda Certified Public Accountant (CPA)<br \/>\nyetki belgesine hak kazand\u0131<\/li>\n<li>Architectural Barss Company Inc.&#8217;de<br \/>\nFinans ve Muhasebe Direkt\u00f6rl\u00fc\u011f\u00fc (10 Y\u0131ll\u0131k Tecr\u00fcbe)<\/li>\n<li>Georgia Eyaleti Ticaret Odas\u0131<br \/>\nY\u00f6netim Kurulu \u00dcyesidir.<\/li>\n<\/ul>\n<\/div>\n<p>[\/vc_column_text]<a  href=\"#contact-form-box\" class=\"tt_button tt_primary_button btn_primary_color  pull-left button-scroll-to-section btn-smooth-scroll\" ><span class=\"prim_text\">\u00dccretsiz Dan\u0131\u015fmanl\u0131k Al<\/span><\/a>[\/vc_column][\/vc_row][vc_row full_width=&#8221;stretch_row&#8221;][vc_column][vc_row_inner css=&#8221;.vc_custom_1645916469766{padding-bottom: 20px !important;}&#8221;][vc_column_inner]<div class=\"slider clients grayscale-effect kd-client-69e17c6133f6c black-navigation \"><div class=\"clients-content \" ><img decoding=\"async\" width=\"150\" height=\"50\" src=\"https:\/\/www.manaycpa.com\/wp-content\/uploads\/2022\/07\/Untitled-design-31.png\" class=\"attachment-full\" alt=\"\" title=\"Untitled design (31)\" \/><\/div><div class=\"clients-content \" ><img decoding=\"async\" width=\"234\" height=\"50\" src=\"https:\/\/www.manaycpa.com\/wp-content\/uploads\/2022\/02\/ege-seramik-manaycpa-1.png\" class=\"attachment-full\" alt=\"\" title=\"ege-seramik-manaycpa\" \/><\/div><div class=\"clients-content \" ><img decoding=\"async\" width=\"150\" height=\"50\" src=\"https:\/\/www.manaycpa.com\/wp-content\/uploads\/2023\/03\/Client-Logo-3.png\" class=\"attachment-full\" alt=\"dorak-holding-manaycpa\" title=\"Client Logo (3)\" \/><\/div><div class=\"clients-content \" ><img decoding=\"async\" width=\"234\" height=\"50\" src=\"https:\/\/www.manaycpa.com\/wp-content\/uploads\/2022\/02\/karsan-manaycpa-1.png\" class=\"attachment-full\" alt=\"\" title=\"karsan-manaycpa\" \/><\/div><div class=\"clients-content \" ><img decoding=\"async\" width=\"150\" height=\"50\" src=\"https:\/\/www.manaycpa.com\/wp-content\/uploads\/2023\/03\/Client-Logo-2.png\" class=\"attachment-full\" alt=\"zeplin-manaycpa\" title=\"Client Logo (2)\" \/><\/div><div class=\"clients-content \" ><img decoding=\"async\" width=\"234\" height=\"50\" src=\"https:\/\/www.manaycpa.com\/wp-content\/uploads\/2022\/02\/dekovita-manaycpa-1.png\" class=\"attachment-full\" alt=\"\" title=\"dekovita-manaycpa\" \/><\/div><div class=\"clients-content \" ><img decoding=\"async\" width=\"150\" height=\"50\" src=\"https:\/\/www.manaycpa.com\/wp-content\/uploads\/2023\/03\/Client-Logo-5.png\" class=\"attachment-full\" alt=\"tekfen-manaycpa\" title=\"Client Logo (5)\" \/><\/div><div class=\"clients-content \" ><img decoding=\"async\" width=\"150\" height=\"50\" src=\"https:\/\/www.manaycpa.com\/wp-content\/uploads\/2022\/07\/Untitled-design-34.png\" class=\"attachment-full\" alt=\"\" title=\"Untitled design (34)\" \/><\/div><div class=\"clients-content \" ><img decoding=\"async\" width=\"150\" height=\"50\" src=\"https:\/\/www.manaycpa.com\/wp-content\/uploads\/2023\/03\/Client-Logo-4.png\" class=\"attachment-full\" alt=\"genlab-manaycpa\" title=\"Client Logo (4)\" \/><\/div><div class=\"clients-content \" ><img decoding=\"async\" width=\"234\" height=\"50\" src=\"https:\/\/www.manaycpa.com\/wp-content\/uploads\/2021\/04\/Frame-16-1.png\" class=\"attachment-full\" alt=\"ebebek Logo Manay CPA\" title=\"Frame 16\" \/><\/div><div class=\"clients-content \" ><img decoding=\"async\" width=\"234\" height=\"50\" src=\"https:\/\/www.manaycpa.com\/wp-content\/uploads\/2021\/04\/Frame-15-1.png\" class=\"attachment-full\" alt=\"Ki\u011f\u0131l\u0131 Logo Manay CPA\" title=\"Frame 15\" \/><\/div><div class=\"clients-content \" ><img decoding=\"async\" width=\"150\" height=\"50\" src=\"https:\/\/www.manaycpa.com\/wp-content\/uploads\/2022\/07\/Untitled-design-35.png\" class=\"attachment-full\" alt=\"\" title=\"Untitled design (35)\" \/><\/div><div class=\"clients-content \" ><img decoding=\"async\" width=\"234\" height=\"50\" src=\"https:\/\/www.manaycpa.com\/wp-content\/uploads\/2022\/01\/smart-mimic-manaycpa.png\" class=\"attachment-full\" alt=\"smart-mimic-manaycpa\" title=\"smart-mimic-manaycpa\" \/><\/div><div class=\"clients-content \" ><\/div><div class=\"clients-content \" ><img decoding=\"async\" width=\"234\" height=\"50\" src=\"https:\/\/www.manaycpa.com\/wp-content\/uploads\/2021\/04\/Frame-14-1.png\" class=\"attachment-full\" alt=\"\u015e\u00f6len Logo Manay CPA\" title=\"Frame 14\" \/><\/div><div class=\"clients-content \" ><img decoding=\"async\" width=\"234\" height=\"50\" src=\"https:\/\/www.manaycpa.com\/wp-content\/uploads\/2021\/04\/Frame-17.png\" class=\"attachment-full\" alt=\"BRN Sleep Products Logo Manay CPA\" title=\"Frame 17\" \/><\/div><div class=\"clients-content \" ><img decoding=\"async\" width=\"234\" height=\"50\" src=\"https:\/\/www.manaycpa.com\/wp-content\/uploads\/2021\/03\/Frame-1.png\" class=\"attachment-full\" alt=\"softtech Logo Manay CPA\" title=\"Frame 1\" \/><\/div><div class=\"clients-content \" ><img decoding=\"async\" width=\"234\" height=\"50\" src=\"https:\/\/www.manaycpa.com\/wp-content\/uploads\/2021\/03\/Frame-3.png\" class=\"attachment-full\" alt=\"american  Logo Manay CPA\" title=\"Frame 3\" \/><\/div><div class=\"clients-content \" ><img decoding=\"async\" width=\"234\" height=\"50\" src=\"https:\/\/www.manaycpa.com\/wp-content\/uploads\/2021\/03\/Frame-8.png\" class=\"attachment-full\" alt=\"BOCCHI Logo Manay CPA\" title=\"Frame 8\" \/><\/div><div class=\"clients-content \" ><img decoding=\"async\" width=\"234\" height=\"50\" src=\"https:\/\/www.manaycpa.com\/wp-content\/uploads\/2021\/03\/Frame-9.png\" class=\"attachment-full\" alt=\"Yurtbay Seramik Logo Manay CPA\" title=\"Frame 9\" \/><\/div><div class=\"clients-content \" ><img decoding=\"async\" width=\"234\" height=\"50\" src=\"https:\/\/www.manaycpa.com\/wp-content\/uploads\/2021\/03\/Frame-10.png\" class=\"attachment-full\" alt=\"Mandolin Aegean Bistro Logo Manay CPA\" title=\"Frame 10\" \/><\/div><div class=\"clients-content \" ><img decoding=\"async\" width=\"234\" height=\"50\" src=\"https:\/\/www.manaycpa.com\/wp-content\/uploads\/2021\/03\/Frame-11.png\" class=\"attachment-full\" alt=\"Sixfab Logo Manay CPA\" title=\"Frame 11\" \/><\/div><div class=\"clients-content \" ><img decoding=\"async\" width=\"234\" height=\"50\" src=\"https:\/\/www.manaycpa.com\/wp-content\/uploads\/2021\/03\/Frame-12.png\" class=\"attachment-full\" alt=\"Quickload Logo Manay CPA\" title=\"Frame 12\" \/><\/div><div class=\"clients-content \" ><img decoding=\"async\" width=\"140\" height=\"28\" src=\"https:\/\/www.manaycpa.com\/wp-content\/uploads\/2022\/02\/arkasse.png\" class=\"attachment-full\" alt=\"arkas-manaycpa\" title=\"arkasse\" \/><\/div><div class=\"clients-content \" ><img decoding=\"async\" width=\"73\" height=\"50\" src=\"https:\/\/www.manaycpa.com\/wp-content\/uploads\/2025\/12\/ttc.png\" class=\"attachment-full\" alt=\"\" title=\"ttc\" \/><\/div><div class=\"clients-content \" ><img decoding=\"async\" width=\"89\" height=\"50\" src=\"https:\/\/www.manaycpa.com\/wp-content\/uploads\/2025\/12\/tls.png\" class=\"attachment-full\" alt=\"\" title=\"tls\" \/><\/div><\/div><script type=\"text\/javascript\">\r\n              jQuery(document).ready(function($){\r\n                if ($(\".slider.clients.kd-client-69e17c6133f6c\").length) {\r\n                  $(\".slider.clients.kd-client-69e17c6133f6c\").owlCarousel({\r\n                    stageClass: \"owl-wrapper\",\r\n                    stageOuterClass: \"owl-wrapper-outer\",\r\n                    loadedClass: \"owl-carousel\",\r\n                    responsiveClass:true,\r\n                    responsive:{\r\n                      0:{\r\n                          items:1,nav: true,\r\n                            navSpeed: 500,\r\n                            dots: false,},\r\n                      480:{\r\n                          items:3,nav: true,\r\n                            navSpeed: 500,\r\n                            dots: false,},\r\n                      960:{\r\n                          items:6,nav: true,\r\n                              navSpeed: 500,\r\n                              dots: false,}\r\n                    },loop: true,autoplay: true,autoplayTimeout: 3000,\r\n                  });\r\n                }\r\n              });\r\n            <\/script>[\/vc_column_inner][\/vc_row_inner][vc_row_inner][vc_column_inner offset=&#8221;vc_hidden-sm vc_hidden-xs&#8221;][vc_empty_space height=&#8221;50px&#8221;][\/vc_column_inner][\/vc_row_inner][\/vc_column][\/vc_row]<\/p>\n<\/div>","protected":false},"excerpt":{"rendered":"<p>[vc_row css=&#8221;.vc_custom_1768853827595{margin-top: 80px !important;border-top-width: 80px !important;padding-top: 80px !important;}&#8221; top_section_title=&#8221;&#8221; bottom_section_title=&#8221;&#8221;][vc_column css=&#8221;.vc_custom_1766070289144{padding-top: 20px !important;padding-bottom: 80px !important;}&#8221;][vc_row_inner][vc_column_inner][vc_column_text css=&#8221;&#8221;][\/vc_column_text][\/vc_column_inner][\/vc_row_inner][\/vc_column][\/vc_row][vc_row full_width=&#8221;stretch_row&#8221; kd_image_overlay_color=&#8221;rgba(10,10,10,0.46)&#8221; kd_image_overlay=&#8221;true&#8221; css=&#8221;.vc_custom_1768853846108{margin-top: 40px !important;padding-top: 100px !important;padding-bottom: 100px !important;background: #1a1a1a url(https:\/\/www.manaycpa.com\/wp-content\/uploads\/2021\/09\/pexels-tae-fuller-1141853-min-scaled.jpg?id=13627) !important;background-position: center [&hellip;]<\/p>\n","protected":false},"author":19,"featured_media":60251,"parent":0,"menu_order":0,"comment_status":"closed","ping_status":"closed","template":"","meta":{"footnotes":""},"class_list":["post-60215","page","type-page","status-publish","has-post-thumbnail","hentry"],"_links":{"self":[{"href":"https:\/\/www.manaycpa.com\/tr\/wp-json\/wp\/v2\/pages\/60215","targetHints":{"allow":["GET"]}}],"collection":[{"href":"https:\/\/www.manaycpa.com\/tr\/wp-json\/wp\/v2\/pages"}],"about":[{"href":"https:\/\/www.manaycpa.com\/tr\/wp-json\/wp\/v2\/types\/page"}],"author":[{"embeddable":true,"href":"https:\/\/www.manaycpa.com\/tr\/wp-json\/wp\/v2\/users\/19"}],"replies":[{"embeddable":true,"href":"https:\/\/www.manaycpa.com\/tr\/wp-json\/wp\/v2\/comments?post=60215"}],"version-history":[{"count":12,"href":"https:\/\/www.manaycpa.com\/tr\/wp-json\/wp\/v2\/pages\/60215\/revisions"}],"predecessor-version":[{"id":64627,"href":"https:\/\/www.manaycpa.com\/tr\/wp-json\/wp\/v2\/pages\/60215\/revisions\/64627"}],"wp:featuredmedia":[{"embeddable":true,"href":"https:\/\/www.manaycpa.com\/tr\/wp-json\/wp\/v2\/media\/60251"}],"wp:attachment":[{"href":"https:\/\/www.manaycpa.com\/tr\/wp-json\/wp\/v2\/media?parent=60215"}],"curies":[{"name":"wp","href":"https:\/\/api.w.org\/{rel}","templated":true}]}}