{"id":60429,"date":"2025-03-04T21:07:21","date_gmt":"2025-03-04T21:07:21","guid":{"rendered":"https:\/\/www.manaycpa.com\/?page_id=60429"},"modified":"2025-03-05T13:33:29","modified_gmt":"2025-03-05T13:33:29","slug":"llc-c-corp-s-corp-vergi-yukumlulukleri","status":"publish","type":"page","link":"https:\/\/www.manaycpa.com\/tr\/webinar\/llc-c-corp-s-corp-vergi-yukumlulukleri\/","title":{"rendered":"LLC, C-Corp ve S-Corp \u015eirketlerinin Vergi Y\u00fck\u00fcml\u00fcl\u00fckleri Webinar\u0131"},"content":{"rendered":"<div class=\"wpb-content-wrapper\"><p>[vc_row full_width=&#8221;stretch_row&#8221; content_placement=&#8221;middle&#8221; css=&#8221;.vc_custom_1725908848263{margin-top: 10px !important;padding-top: 100px !important;padding-bottom: 40px !important;background-color: #eeeeee !important;}&#8221; el_class=&#8221;okan_test&#8221;][vc_column width=&#8221;1\/2&#8243; offset=&#8221;vc_col-lg-6 vc_col-md-12&#8243;][vc_row_inner css=&#8221;.vc_custom_1539591907369{margin-top: 30px !important;}&#8221;][vc_column_inner css=&#8221;.vc_custom_1707937967671{padding-right: 0px !important;padding-left: 0px !important;}&#8221; offset=&#8221;vc_col-lg-offset-0 vc_col-lg-12 vc_col-md-offset-1 vc_col-md-12 vc_col-sm-offset-0&#8243;][vc_single_image image=&#8221;60430&#8243; img_size=&#8221;full&#8221; alignment=&#8221;center&#8221; css_animation=&#8221;fadeIn&#8221; css=&#8221;.vc_custom_1741122079364{margin-bottom: 0px !important;}&#8221;][\/vc_column_inner][\/vc_row_inner][\/vc_column][vc_column width=&#8221;1\/2&#8243; css=&#8221;.vc_custom_1539591979391{padding-left: 0px !important;}&#8221; offset=&#8221;vc_col-lg-6 vc_col-md-12&#8243;][vc_row_inner content_placement=&#8221;middle&#8221; css=&#8221;.vc_custom_1707938103074{padding-top: 100px !important;}&#8221;][vc_column_inner width=&#8221;5\/6&#8243; css=&#8221;.vc_custom_1707938047102{padding-right: 0px !important;padding-left: 0px !important;}&#8221; offset=&#8221;vc_col-lg-offset-2 vc_col-lg-10 vc_col-md-offset-2 vc_col-md-10&#8243;]<header class=\"kd-section-title col-lg-12 text-left  kd-animated fadeIn  \" data-animation-delay=200><h2 class=\"separator_off\" >Webinara Kat\u0131lmak i\u00e7in Formu Doldurun<\/h2><\/header>[vc_raw_js]JTNDc2NyaXB0JTIwY2hhcnNldCUzRCUyMnV0Zi04JTIyJTIwdHlwZSUzRCUyMnRleHQlMkZqYXZhc2NyaXB0JTIyJTIwc3JjJTNEJTIyJTJGJTJGanMuaHNmb3Jtcy5uZXQlMkZmb3JtcyUyRmVtYmVkJTJGdjIuanMlMjIlM0UlM0MlMkZzY3JpcHQlM0UlMEElM0NzY3JpcHQlM0UlMEElMjAlMjBoYnNwdC5mb3Jtcy5jcmVhdGUlMjglN0IlMEElMjAlMjAlMjAlMjBwb3J0YWxJZCUzQSUyMCUyMjY4NTU2NzQlMjIlMkMlMEElMjAlMjAlMjAlMjBmb3JtSWQlM0ElMjAlMjI3OTQ5MjJlYS05YmZlLTQzYjItOGQwYS0wNTU2ZDQ3NDE4NGIlMjIlMkMlMEElMjAlMjAlMjAlMjByZWdpb24lM0ElMjAlMjJuYTElMjIlMEElMjAlMjAlN0QlMjklM0IlMEElM0MlMkZzY3JpcHQlM0UlMEE=[\/vc_raw_js][\/vc_column_inner][\/vc_row_inner][\/vc_column][\/vc_row][vc_row full_width=&#8221;stretch_row&#8221; css=&#8221;.vc_custom_1707938357558{padding-top: 40px !important;padding-bottom: 40px !important;}&#8221;][vc_column width=&#8221;1\/2&#8243; offset=&#8221;vc_col-lg-12 vc_col-md-12&#8243;][vc_row_inner css=&#8221;.vc_custom_1539591907369{margin-top: 30px !important;}&#8221;][vc_column_inner css=&#8221;.vc_custom_1707936513652{padding-right: 0px !important;padding-left: 0px !important;}&#8221; offset=&#8221;vc_col-lg-offset-0 vc_col-lg-12 vc_col-md-offset-1 vc_col-md-12 vc_col-sm-offset-0&#8243;]<header class=\"kd-section-title col-lg-12 text-left  kd-animated fadeIn  \" data-animation-delay=200><h2 class=\"separator_off\" >LLC, C-Corp ve S-Corp \u015eirketlerinin Vergi Y\u00fck\u00fcml\u00fcl\u00fckleri Webinar\u0131<\/h2><\/header>[\/vc_column_inner][\/vc_row_inner][vc_row_inner css=&#8221;.vc_custom_1513613877158{margin-top: 10px !important;margin-bottom: 35px !important;}&#8221;][vc_column_inner css=&#8221;.vc_custom_1707936191448{padding-left: 0px !important;}&#8221; offset=&#8221;vc_col-lg-offset-0 vc_col-lg-12 vc_col-md-offset-1 vc_col-md-12 vc_col-xs-12&#8243;][vc_column_text css=&#8221;&#8221;]<strong>Amerika\u2019daki Vergi Beyan\u0131n\u0131z\u0131 Son Tarihleri Ka\u00e7\u0131rmadan Tamamlay\u0131n!<\/strong><\/p>\n<p>Amerika\u2019da vergi d\u00f6nemi h\u0131zla ilerliyor! <strong>LLC, C-Corp ve S-Corp<\/strong> \u015firket sahipleri olarak <strong>vergi beyan\u0131 s\u00fcre\u00e7lerini do\u011fru y\u00f6netmek ve son tarihlere uygun hareket etmek<\/strong> b\u00fcy\u00fck \u00f6nem ta\u015f\u0131yor.<\/p>\n<p>Bu \u00fccretsiz webinarda, <strong>Manay CPA K\u0131demli Sat\u0131\u015f ve Operasyon M\u00fcd\u00fcr\u00fc K\u00fcbra \u00c7etinta\u015f Eker<\/strong>, Manay CPA K\u0131demli Sat\u0131\u015f Uzman\u0131 Meltem \u00c7er\u00e7i\u2019nin moderat\u00f6rl\u00fc\u011f\u00fcnde Amerika\u2019daki \u015firket t\u00fcrlerinin <strong>vergi y\u00fck\u00fcml\u00fcl\u00fckleri, avantajlar\u0131 ve uyumluluk gereklilikleri<\/strong> hakk\u0131nda de\u011ferli bilgiler payla\u015facak.<\/p>\n<p>\ud83d\udcc5 <strong>Tarih<\/strong>: 13 Mart 2025, Per\u015fembe<span style=\"font-weight: 400;\"><br \/>\n<\/span><\/p>\n<p>\ud83d\udd55 <strong>Saat<\/strong>: 16:00 (T\u00fcrkiye Saati) \/ 09:00 AM (ET)[\/vc_column_text][vc_column_text css=&#8221;&#8221;]<\/p>\n<h2>Webinarda Neler \u00d6\u011freneceksiniz?<\/h2>\n<p>[\/vc_column_text][vc_column_text css=&#8221;&#8221;]\ud83d\udcdc <strong>LLC, C-Corp ve S-Corp i\u00e7in Vergi Beyan\u0131 S\u00fcre\u00e7leri<\/strong><br \/>\nHangi \u015firket yap\u0131s\u0131na sahipsiniz? Vergi y\u00fck\u00fcml\u00fcl\u00fcklerinizin neler oldu\u011funu \u00f6\u011frenin.<\/p>\n<p>\u23f3 <strong>Vergi D\u00f6neminin Kritik Son Tarihleri ve Uyum Gereklilikleri<\/strong><br \/>\nSon beyan tarihlerini ka\u00e7\u0131rmadan vergisel y\u00fck\u00fcml\u00fcl\u00fcklerinizi nas\u0131l yerine getirece\u011finizi \u00f6\u011frenin.<\/p>\n<p>\ud83d\udcb0 <strong>\u015eirket T\u00fcrlerine G\u00f6re Vergi Avantajlar\u0131 ve Muafiyetler<\/strong><br \/>\nLLC, C-Corp ve S-Corp yap\u0131lar\u0131n\u0131n sundu\u011fu farkl\u0131 vergi avantajlar\u0131n\u0131 \u00f6\u011frenin ve \u015firketinize en uygun \u00e7\u00f6z\u00fcmler ile ilgili bilgilenin.<\/p>\n<p>\u26a0\ufe0f <strong>Amerika\u2019daki Vergi Beyan\u0131nda En S\u0131k Yap\u0131lan Hatalar ve Ka\u00e7\u0131nma Y\u00f6ntemleri<\/strong><br \/>\nVergi s\u00fcrecinde yayg\u0131n hatalardan nas\u0131l ka\u00e7\u0131naca\u011f\u0131n\u0131z\u0131 \u00f6\u011frenerek ceza risklerini en aza indirin.<\/p>\n<p>\u2753 <strong>Canl\u0131 Soru-Cevap Oturumu<\/strong><br \/>\nManay CPA K\u0131demli Sat\u0131\u015f ve Operasyon M\u00fcd\u00fcr\u00fc K\u00fcbra \u00c7etinta\u015f Eker\u2019e do\u011frudan sorular\u0131n\u0131z\u0131 sorma f\u0131rsat\u0131n\u0131 ka\u00e7\u0131rmay\u0131n![\/vc_column_text][vc_column_text css=&#8221;&#8221;]<\/p>\n<h2><b>Kimler Kat\u0131lmal\u0131?<\/b><\/h2>\n<p>[\/vc_column_text][vc_column_text css=&#8221;&#8221;]\u2705 Amerika\u2019daki LLC, C-Corp veya S-Corp \u015firketine sahip olan \u015firket sahipleri<br \/>\n\u2705 Amerika\u2019daki \u015firket yap\u0131s\u0131n\u0131 ve vergi y\u00fck\u00fcml\u00fcl\u00fcklerini daha iyi anlamak isteyen giri\u015fimciler<br \/>\n\u2705 Vergi s\u00fcre\u00e7lerini do\u011fru y\u00f6neterek cezalardan ka\u00e7\u0131nmak isteyen Amerika\u2019daki \u015firket sahipleri<br \/>\n\u2705 Amerika\u2019daki \u015firketine en uygun vergi avantajlar\u0131n\u0131 \u00f6\u011frenmek isteyen profesyoneller<\/p>\n<p>Amerika\u2019daki vergi beyan\u0131n\u0131z\u0131 zaman\u0131nda ve do\u011fru bir \u015fekilde yaparak \u015firketinizi finansal a\u00e7\u0131dan g\u00fcvence alt\u0131na almak i\u00e7in bu \u00f6nemli webinara kat\u0131l\u0131n!<\/p>\n<p>Hemen formu doldurun ve \u00fccretsiz kayd\u0131n\u0131z\u0131 tamamlay\u0131n![\/vc_column_text][\/vc_column_inner][\/vc_row_inner][\/vc_column][\/vc_row]<\/p>\n<\/div>","protected":false},"excerpt":{"rendered":"<p>[vc_row full_width=&#8221;stretch_row&#8221; content_placement=&#8221;middle&#8221; css=&#8221;.vc_custom_1725908848263{margin-top: 10px !important;padding-top: 100px !important;padding-bottom: 40px !important;background-color: #eeeeee !important;}&#8221; el_class=&#8221;okan_test&#8221;][vc_column width=&#8221;1\/2&#8243; offset=&#8221;vc_col-lg-6 vc_col-md-12&#8243;][vc_row_inner css=&#8221;.vc_custom_1539591907369{margin-top: 30px !important;}&#8221;][vc_column_inner css=&#8221;.vc_custom_1707937967671{padding-right: 0px !important;padding-left: 0px !important;}&#8221; offset=&#8221;vc_col-lg-offset-0 vc_col-lg-12 vc_col-md-offset-1 vc_col-md-12 vc_col-sm-offset-0&#8243;][vc_single_image image=&#8221;60430&#8243; [&hellip;]<\/p>\n","protected":false},"author":31,"featured_media":60430,"parent":57104,"menu_order":0,"comment_status":"closed","ping_status":"closed","template":"","meta":{"footnotes":""},"class_list":["post-60429","page","type-page","status-publish","has-post-thumbnail","hentry"],"_links":{"self":[{"href":"https:\/\/www.manaycpa.com\/tr\/wp-json\/wp\/v2\/pages\/60429","targetHints":{"allow":["GET"]}}],"collection":[{"href":"https:\/\/www.manaycpa.com\/tr\/wp-json\/wp\/v2\/pages"}],"about":[{"href":"https:\/\/www.manaycpa.com\/tr\/wp-json\/wp\/v2\/types\/page"}],"author":[{"embeddable":true,"href":"https:\/\/www.manaycpa.com\/tr\/wp-json\/wp\/v2\/users\/31"}],"replies":[{"embeddable":true,"href":"https:\/\/www.manaycpa.com\/tr\/wp-json\/wp\/v2\/comments?post=60429"}],"version-history":[{"count":5,"href":"https:\/\/www.manaycpa.com\/tr\/wp-json\/wp\/v2\/pages\/60429\/revisions"}],"predecessor-version":[{"id":60453,"href":"https:\/\/www.manaycpa.com\/tr\/wp-json\/wp\/v2\/pages\/60429\/revisions\/60453"}],"up":[{"embeddable":true,"href":"https:\/\/www.manaycpa.com\/tr\/wp-json\/wp\/v2\/pages\/57104"}],"wp:featuredmedia":[{"embeddable":true,"href":"https:\/\/www.manaycpa.com\/tr\/wp-json\/wp\/v2\/media\/60430"}],"wp:attachment":[{"href":"https:\/\/www.manaycpa.com\/tr\/wp-json\/wp\/v2\/media?parent=60429"}],"curies":[{"name":"wp","href":"https:\/\/api.w.org\/{rel}","templated":true}]}}