{"id":60514,"date":"2025-03-10T15:57:50","date_gmt":"2025-03-10T15:57:50","guid":{"rendered":"https:\/\/www.manaycpa.com\/?page_id=60514"},"modified":"2025-05-28T15:03:15","modified_gmt":"2025-05-28T15:03:15","slug":"yasemin-oztekin","status":"publish","type":"page","link":"https:\/\/www.manaycpa.com\/tr\/hakkimizda\/ekibimiz\/yasemin-oztekin\/","title":{"rendered":"Yasemin \u00d6ztekin"},"content":{"rendered":"<div class=\"wpb-content-wrapper\"><p>[vc_row full_width=&#8221;stretch_row&#8221; css=&#8221;.vc_custom_1629917069344{padding-top: 100px !important;padding-bottom: 80px !important;background-image: url(https:\/\/www.manaycpa.com\/wp-content\/uploads\/2021\/02\/team-manay-1s.jpg?id=8423) !important;}&#8221;][vc_column][vc_row_inner][vc_column_inner][vc_empty_space height=&#8221;50px&#8221;]<header class=\"kd-section-title col-lg-12 text-center  kd-animated fadeIn   vc_custom_1742997639599\" data-animation-delay=200><h2 class=\"separator_off\" style=\"color: #ffffff;font-size: 46px !important;\">Manay CPA Ekibi<\/h2><h6 class=\"subtitle \" style=\"color: #ffffff;\">\u0130\u015f d\u00fcnyas\u0131ndaki uzun y\u0131llard\u0131r s\u00fcregelen uzmanl\u0131\u011f\u0131m\u0131z ile her zaman size yard\u0131m etmeye haz\u0131r\u0131z.<\/h6><\/header>[\/vc_column_inner][\/vc_row_inner][\/vc_column][\/vc_row][vc_row][vc_column width=&#8221;1\/4&#8243; offset=&#8221;vc_col-lg-1&#8243;][\/vc_column][vc_column width=&#8221;1\/4&#8243; offset=&#8221;vc_col-lg-6&#8243;][vc_empty_space height=&#8221;50px&#8221;]<header class=\"kd-section-title col-lg-12 text-left  kd-animated fadeIn  \" data-animation-delay=200><h1 class=\"separator_off\" style=\"font-size: 37px !important;line-height: 44px;\">Yasemin \u00d6ztekin<\/h1><\/header><header class=\"kd-section-title col-lg-12 text-left  kd-animated fadeIn  \" data-animation-delay=200><h2 class=\"separator_off\" style=\"font-size: 22px !important;line-height: 44px;\">Multimedia Designer<\/h2><\/header>[vc_empty_space height=&#8221;20px&#8221;]<a href=\"https:\/\/www.linkedin.com\/in\/yasemin-demirkol-%C3%B6ztekin-25ba31174\/\" target=\"_blank\" title=\"https:\/\/www.linkedin.com\/in\/yasemin-demirkol-%C3%B6ztekin-25ba31174\/\" class=\"tt_button tt_primary_button btn_primary_color  pull-left button-action-link\" rel=\"nofollow noopener\"><span class=\"prim_text\">L\u0131nkedIn<\/span><\/a>[\/vc_column][vc_column width=&#8221;1\/4&#8243; offset=&#8221;vc_col-lg-4&#8243;][vc_empty_space height=&#8221;50px&#8221;][vc_single_image image=&#8221;60457&#8243; img_size=&#8221;full&#8221; style=&#8221;vc_box_shadow_border&#8221; css_animation=&#8221;fadeInLeft&#8221; css=&#8221;&#8221;][\/vc_column][vc_column width=&#8221;1\/4&#8243;][\/vc_column][\/vc_row][vc_row css=&#8221;.vc_custom_1613295464983{padding-top: 100px !important;}&#8221;][vc_column width=&#8221;1\/12&#8243; offset=&#8221;vc_col-lg-1&#8243;][\/vc_column][vc_column width=&#8221;2\/3&#8243; css=&#8221;.vc_custom_1614418963997{padding-right: 25px !important;}&#8221; offset=&#8221;vc_col-lg-8 vc_col-md-12 vc_col-xs-12&#8243;][vc_column_text css=&#8221;&#8221;]<\/p>\n<h3><b>Profesyonel Deneyim<\/b><\/h3>\n<p>Yasemin \u00d6ztekin, Grafik Tasar\u0131m alan\u0131nda g\u00fc\u00e7l\u00fc bir ge\u00e7mi\u015fe sahip olup, sosyal medya pazarlamas\u0131 ve UX\/UI Tasar\u0131m\u0131 konular\u0131nda geni\u015f deneyime sahiptir. Y\u0131llar i\u00e7inde \u00e7e\u015fitli rollerde \u00e7al\u0131\u015farak sosyal medya pazarlamas\u0131 konusunda uzmanl\u0131k kazanm\u0131\u015ft\u0131r. Manay CPA&#8217;ya kat\u0131lmadan \u00f6nce, Yasemin Radity\u2019de UX\/UI tasar\u0131mlar\u0131 olu\u015fturma konusunda \u00f6nemli bir rol oynam\u0131\u015ft\u0131r. Ayr\u0131ca, bir reklam ajans\u0131nda \u00e7al\u0131\u015farak \u00e7e\u015fitli sosyal medya platformlar\u0131 i\u00e7in g\u00f6rseller tasarlam\u0131\u015f ve pazarlama ama\u00e7l\u0131 bas\u0131l\u0131 materyaller haz\u0131rlam\u0131\u015ft\u0131r.<\/p>\n<h3><b>Manay CPA&#8217;deki Rol\u00fc<\/b><\/h3>\n<p>Manay CPA\u2019da Yasemin, Multimedya Tasar\u0131mc\u0131s\u0131 olarak g\u00f6rev yapmaktad\u0131r. Dijital ve bas\u0131l\u0131 materyaller i\u00e7in g\u00f6rsel tasar\u0131mlar olu\u015fturmaktan sorumlu olup, do\u011fruluk ve verimlili\u011fi sa\u011flamaktad\u0131r. Geni\u015f bilgi ve becerilerini kullanarak, \u015firketin mesajlar\u0131n\u0131 hedef kitlesine etkili bir \u015fekilde ula\u015ft\u0131rmas\u0131na yard\u0131mc\u0131 olmaktad\u0131r.<\/p>\n<h3><b>Ki\u015fisel \u0130lgi Alanlar\u0131<\/b><\/h3>\n<p>Profesyonel hayat\u0131n\u0131n d\u0131\u015f\u0131nda, Yasemin okumaktan ve puzzle yapmaktan keyif al\u0131r, ayr\u0131ca su\u00e7 belgeselleri izlemeyi sever. Grafik tasar\u0131m\u0131n \u00f6tesinde, s\u00fcrekli \u00f6\u011frenmeye olan tutkusu, onu ki\u015fisel bir blog i\u00e7in i\u00e7erik \u00fcretmeye y\u00f6nlendirmektedir. Ayr\u0131ca, farkl\u0131 ge\u00e7mi\u015flere sahip insanlarla ileti\u015fim kurmaktan keyif al\u0131r ve k\u00fclt\u00fcrel etkile\u015fim f\u0131rsatlar\u0131n\u0131 memnuniyetle kar\u015f\u0131lar. \u0130\u015f ve \u00f6zel hayat aras\u0131nda denge kurarak, yarat\u0131c\u0131l\u0131\u011f\u0131n \u00f6nemine inan\u0131r.[\/vc_column_text][\/vc_column][\/vc_row][vc_row full_width=&#8221;stretch_row&#8221; css=&#8221;.vc_custom_1614419641251{background-color: #ffffff !important;}&#8221;][vc_column width=&#8221;1\/6&#8243; offset=&#8221;vc_col-lg-2&#8243;][\/vc_column][vc_column width=&#8221;2\/3&#8243; css=&#8221;.vc_custom_1614419340057{padding-right: 0px !important;padding-left: 0px !important;}&#8221; offset=&#8221;vc_col-lg-8&#8243;][vc_row_inner css=&#8221;.vc_custom_1511348683940{padding-top: 100px !important;padding-bottom: 100px !important;}&#8221;][vc_column_inner offset=&#8221;vc_col-lg-12 vc_col-md-12&#8243;][vc_custom_heading text=&#8221;Finansal ipu\u00e7lar\u0131, vergilerinizin son \u00f6deme tarihleri ve di\u011fer vergi stratejileri i\u00e7in b\u00fcltenimize abone olun&#8221; font_container=&#8221;tag:h3|font_size:23px%20!important|text_align:center|line_height:44px&#8221; use_theme_fonts=&#8221;yes&#8221; css_animation=&#8221;fadeIn&#8221; css=&#8221;.vc_custom_1617487578282{margin-bottom: 0px !important;}&#8221;][vc_empty_space height=&#8221;20px&#8221;][vc_raw_js]JTNDc2NyaXB0JTIwY2hhcnNldCUzRCUyMnV0Zi04JTIyJTIwdHlwZSUzRCUyMnRleHQlMkZqYXZhc2NyaXB0JTIyJTIwc3JjJTNEJTIyJTJGJTJGanMuaHNmb3Jtcy5uZXQlMkZmb3JtcyUyRnYyLmpzJTIyJTNFJTNDJTJGc2NyaXB0JTNFJTBBJTNDc2NyaXB0JTNFJTBBJTIwJTIwaGJzcHQuZm9ybXMuY3JlYXRlJTI4JTdCJTBBJTIwJTIwJTIwJTIwcmVnaW9uJTNBJTIwJTIybmExJTIyJTJDJTBBJTIwJTIwJTIwJTIwcG9ydGFsSWQlM0ElMjAlMjI2ODU1Njc0JTIyJTJDJTBBJTIwJTIwJTIwJTIwZm9ybUlkJTNBJTIwJTIyYjZhZGFjZGQtOWQ4Ni00YWI4LWJjYjQtZWY5ZTUzMzM4ZDg2JTIyJTBBJTIwJTIwJTdEJTI5JTNCJTBBJTNDJTJGc2NyaXB0JTNF[\/vc_raw_js][\/vc_column_inner][\/vc_row_inner][\/vc_column][vc_column width=&#8221;1\/6&#8243; offset=&#8221;vc_col-lg-2&#8243;][\/vc_column][\/vc_row]<\/p>\n<\/div>","protected":false},"excerpt":{"rendered":"<p>[vc_row full_width=&#8221;stretch_row&#8221; css=&#8221;.vc_custom_1629917069344{padding-top: 100px !important;padding-bottom: 80px !important;background-image: url(https:\/\/www.manaycpa.com\/wp-content\/uploads\/2021\/02\/team-manay-1s.jpg?id=8423) !important;}&#8221;][vc_column][vc_row_inner][vc_column_inner][vc_empty_space height=&#8221;50px&#8221;][\/vc_column_inner][\/vc_row_inner][\/vc_column][\/vc_row][vc_row][vc_column width=&#8221;1\/4&#8243; offset=&#8221;vc_col-lg-1&#8243;][\/vc_column][vc_column width=&#8221;1\/4&#8243; offset=&#8221;vc_col-lg-6&#8243;][vc_empty_space height=&#8221;50px&#8221;][vc_empty_space height=&#8221;20px&#8221;][\/vc_column][vc_column width=&#8221;1\/4&#8243; offset=&#8221;vc_col-lg-4&#8243;][vc_empty_space height=&#8221;50px&#8221;][vc_single_image image=&#8221;60457&#8243; img_size=&#8221;full&#8221; style=&#8221;vc_box_shadow_border&#8221; css_animation=&#8221;fadeInLeft&#8221; css=&#8221;&#8221;][\/vc_column][vc_column width=&#8221;1\/4&#8243;][\/vc_column][\/vc_row][vc_row css=&#8221;.vc_custom_1613295464983{padding-top: 100px !important;}&#8221;][vc_column width=&#8221;1\/12&#8243; offset=&#8221;vc_col-lg-1&#8243;][\/vc_column][vc_column [&hellip;]<\/p>\n","protected":false},"author":19,"featured_media":0,"parent":9917,"menu_order":0,"comment_status":"closed","ping_status":"closed","template":"","meta":{"footnotes":""},"class_list":["post-60514","page","type-page","status-publish","hentry"],"_links":{"self":[{"href":"https:\/\/www.manaycpa.com\/tr\/wp-json\/wp\/v2\/pages\/60514","targetHints":{"allow":["GET"]}}],"collection":[{"href":"https:\/\/www.manaycpa.com\/tr\/wp-json\/wp\/v2\/pages"}],"about":[{"href":"https:\/\/www.manaycpa.com\/tr\/wp-json\/wp\/v2\/types\/page"}],"author":[{"embeddable":true,"href":"https:\/\/www.manaycpa.com\/tr\/wp-json\/wp\/v2\/users\/19"}],"replies":[{"embeddable":true,"href":"https:\/\/www.manaycpa.com\/tr\/wp-json\/wp\/v2\/comments?post=60514"}],"version-history":[{"count":5,"href":"https:\/\/www.manaycpa.com\/tr\/wp-json\/wp\/v2\/pages\/60514\/revisions"}],"predecessor-version":[{"id":61748,"href":"https:\/\/www.manaycpa.com\/tr\/wp-json\/wp\/v2\/pages\/60514\/revisions\/61748"}],"up":[{"embeddable":true,"href":"https:\/\/www.manaycpa.com\/tr\/wp-json\/wp\/v2\/pages\/9917"}],"wp:attachment":[{"href":"https:\/\/www.manaycpa.com\/tr\/wp-json\/wp\/v2\/media?parent=60514"}],"curies":[{"name":"wp","href":"https:\/\/api.w.org\/{rel}","templated":true}]}}