{"id":60560,"date":"2025-03-10T19:35:58","date_gmt":"2025-03-10T19:35:58","guid":{"rendered":"https:\/\/www.manaycpa.com\/?page_id=60560"},"modified":"2025-04-28T15:46:37","modified_gmt":"2025-04-28T15:46:37","slug":"yaprak-sakar","status":"publish","type":"page","link":"https:\/\/www.manaycpa.com\/tr\/hakkimizda\/ekibimiz\/yaprak-sakar\/","title":{"rendered":"Misya Yaprak \u015eakar"},"content":{"rendered":"<div class=\"wpb-content-wrapper\"><p>[vc_row full_width=&#8221;stretch_row&#8221; css=&#8221;.vc_custom_1629917069344{padding-top: 100px !important;padding-bottom: 80px !important;background-image: url(https:\/\/www.manaycpa.com\/wp-content\/uploads\/2021\/02\/team-manay-1s.jpg?id=8423) !important;}&#8221;][vc_column][vc_row_inner][vc_column_inner][vc_empty_space height=&#8221;50px&#8221;]<header class=\"kd-section-title col-lg-12 text-center  kd-animated fadeIn   vc_custom_1741635721994\" data-animation-delay=200><h2 class=\"separator_off\" style=\"color: #ffffff;font-size: 46px !important;\">Manay CPA Ekibi<\/h2><h6 class=\"subtitle \" style=\"color: #ffffff;\">\u0130\u015f d\u00fcnyas\u0131ndaki uzun y\u0131llard\u0131r s\u00fcregelen uzmanl\u0131\u011f\u0131m\u0131z ile her zaman size yard\u0131m etmeye haz\u0131r\u0131z.<\/h6><\/header>[\/vc_column_inner][\/vc_row_inner][\/vc_column][\/vc_row][vc_row][vc_column width=&#8221;1\/4&#8243; offset=&#8221;vc_col-lg-1&#8243;][\/vc_column][vc_column width=&#8221;1\/4&#8243; offset=&#8221;vc_col-lg-6&#8243;][vc_empty_space height=&#8221;50px&#8221;]<header class=\"kd-section-title col-lg-12 text-left  kd-animated fadeIn  \" data-animation-delay=200><h1 class=\"separator_off\" style=\"font-size: 37px !important;line-height: 44px;\">Misya Yaprak \u015eakar<\/h1><\/header><header class=\"kd-section-title col-lg-12 text-left  kd-animated fadeIn  \" data-animation-delay=200><h2 class=\"separator_off\" style=\"font-size: 22px !important;line-height: 44px;\">Jr. Executive Assistant<\/h2><\/header>[vc_empty_space height=&#8221;20px&#8221;]<a href=\"https:\/\/www.linkedin.com\/in\/yaprak-%C5%9Fakar-29099a1b9\/\" target=\"_blank\" title=\"https:\/\/www.linkedin.com\/in\/yaprak-%C5%9Fakar-29099a1b9\/\" class=\"tt_button tt_primary_button btn_primary_color  pull-left button-action-link\" rel=\"nofollow noopener\"><span class=\"prim_text\">L\u0131nkedIn<\/span><\/a>[\/vc_column][vc_column width=&#8221;1\/4&#8243; offset=&#8221;vc_col-lg-4&#8243;][vc_empty_space height=&#8221;50px&#8221;][vc_single_image image=&#8221;60499&#8243; img_size=&#8221;full&#8221; style=&#8221;vc_box_shadow_border&#8221; css_animation=&#8221;fadeInLeft&#8221; css=&#8221;&#8221;][\/vc_column][vc_column width=&#8221;1\/4&#8243;][\/vc_column][\/vc_row][vc_row css=&#8221;.vc_custom_1613295464983{padding-top: 100px !important;}&#8221;][vc_column width=&#8221;1\/12&#8243; offset=&#8221;vc_col-lg-1&#8243;][\/vc_column][vc_column width=&#8221;2\/3&#8243; css=&#8221;.vc_custom_1614418963997{padding-right: 25px !important;}&#8221; offset=&#8221;vc_col-lg-8 vc_col-md-12 vc_col-xs-12&#8243;][vc_column_text css=&#8221;&#8221;]<\/p>\n<h3><b>Profesyonel Deneyim\u00a0<\/b><\/h3>\n<p>Yaprak, 2023 y\u0131l\u0131nda Orta Do\u011fu Teknik \u00dcniversitesi&#8217;nden Sosyoloji b\u00f6l\u00fcm\u00fcnden y\u00fcksek onur derecesiyle mezun oldu. \u015eu an ayn\u0131 kurumda, \u015eehir Politikas\u0131 Planlamas\u0131 ve Yerel Y\u00f6netimler Y\u00fcksek Lisans\u0131&#8217;na devam ediyor. Kariyerine Konak Belediyesi Sosyal Yard\u0131m M\u00fcd\u00fcrl\u00fc\u011f\u00fc\u2019nde sosyal destek projelerinde \u00e7al\u0131\u015farak ba\u015flad\u0131, ard\u0131ndan Otsimo&#8217;da insan kaynaklar\u0131 ve topluluk y\u00f6netimi alanlar\u0131nda staj yapt\u0131. Akademik ve profesyonel deneyimleri, Yaprak\u2019\u0131 idari g\u00f6revlerde de\u011ferli bir ekip arkada\u015f\u0131 yapan g\u00fc\u00e7l\u00fc analitik ve organizasyonel becerilerle donatt\u0131.<\/p>\n<h3><b>Manay CPA&#8217;deki Rol\u00fc<\/b><\/h3>\n<p>Manay CPA\u2019da Jr. Y\u00f6netici Asistan\u0131 olarak CEO ve Ortaklara hem i\u015f hem de ki\u015fisel konularda kapsaml\u0131 destek sa\u011fl\u0131yor. G\u00fcnl\u00fck ve haftal\u0131k aktiviteleri y\u00f6netmek, ki\u015fisel ve i\u015f takvimlerini koordine etmek, toplant\u0131lar\u0131 d\u00fczenlemek ve seyahat lojistiklerini organize etmek gibi g\u00f6revleri \u00fcstleniyor. Randevulara haz\u0131rl\u0131k yaparak gerekli materyalleri haz\u0131rl\u0131yor ve toplant\u0131 sonras\u0131nda aksiyon maddelerinin takibini yap\u0131yor. Ayr\u0131ca e-posta kutular\u0131n\u0131 y\u00f6netiyor, LinkedIn hesaplar\u0131n\u0131 d\u00fczenliyor ve CRM sisteminde m\u00fc\u015fteri bilgilerini g\u00fcncel tutuyor. Dinamik bir ekibin par\u00e7as\u0131 olmaktan heyecan duyan Yaprak, deneyimini geli\u015ftirmeyi ve \u015firketin ba\u015far\u0131s\u0131na katk\u0131 sa\u011flamay\u0131 sab\u0131rs\u0131zl\u0131kla bekliyor.<\/p>\n<h3><b>Ki\u015fisel \u0130lgi Alanlar\u0131<\/b><\/h3>\n<p>Profesyonel \u00e7al\u0131\u015fmalar\u0131n\u0131n d\u0131\u015f\u0131nda, Yaprak sanatlarla ilgileniyor ve s\u00fcrekli \u00f6\u011frenmeye b\u00fcy\u00fck bir tutku duyuyor. Resim yapmay\u0131, gitar \u00e7almay\u0131 seviyor ve yeni diller \u00f6\u011frenmeye hevesli; \u0130ngilizce, \u0130spanyolca ve ba\u015flang\u0131\u00e7 seviyesinde Frans\u0131zca bilgisine sahip. Ayr\u0131ca bisiklet s\u00fcrmeyi seven Yaprak, yeni yerler ke\u015ffetmeyi \u00e7ok seviyor.[\/vc_column_text][\/vc_column][\/vc_row][vc_row full_width=&#8221;stretch_row&#8221; css=&#8221;.vc_custom_1614419641251{background-color: #ffffff !important;}&#8221;][vc_column width=&#8221;1\/6&#8243; offset=&#8221;vc_col-lg-2&#8243;][\/vc_column][vc_column width=&#8221;2\/3&#8243; css=&#8221;.vc_custom_1614419340057{padding-right: 0px !important;padding-left: 0px !important;}&#8221; offset=&#8221;vc_col-lg-8&#8243;][vc_row_inner css=&#8221;.vc_custom_1511348683940{padding-top: 100px !important;padding-bottom: 100px !important;}&#8221;][vc_column_inner offset=&#8221;vc_col-lg-12 vc_col-md-12&#8243;][vc_custom_heading text=&#8221;Finansal ipu\u00e7lar\u0131, vergilerinizin son \u00f6deme tarihleri ve di\u011fer vergi stratejileri i\u00e7in b\u00fcltenimize abone olun&#8221; font_container=&#8221;tag:h3|font_size:23px%20!important|text_align:center|line_height:44px&#8221; use_theme_fonts=&#8221;yes&#8221; css_animation=&#8221;fadeIn&#8221; css=&#8221;.vc_custom_1617487578282{margin-bottom: 0px !important;}&#8221;][vc_empty_space height=&#8221;20px&#8221;][vc_raw_js]JTNDc2NyaXB0JTIwY2hhcnNldCUzRCUyMnV0Zi04JTIyJTIwdHlwZSUzRCUyMnRleHQlMkZqYXZhc2NyaXB0JTIyJTIwc3JjJTNEJTIyJTJGJTJGanMuaHNmb3Jtcy5uZXQlMkZmb3JtcyUyRnYyLmpzJTIyJTNFJTNDJTJGc2NyaXB0JTNFJTBBJTNDc2NyaXB0JTNFJTBBJTIwJTIwaGJzcHQuZm9ybXMuY3JlYXRlJTI4JTdCJTBBJTIwJTIwJTIwJTIwcmVnaW9uJTNBJTIwJTIybmExJTIyJTJDJTBBJTIwJTIwJTIwJTIwcG9ydGFsSWQlM0ElMjAlMjI2ODU1Njc0JTIyJTJDJTBBJTIwJTIwJTIwJTIwZm9ybUlkJTNBJTIwJTIyYjZhZGFjZGQtOWQ4Ni00YWI4LWJjYjQtZWY5ZTUzMzM4ZDg2JTIyJTBBJTIwJTIwJTdEJTI5JTNCJTBBJTNDJTJGc2NyaXB0JTNF[\/vc_raw_js][\/vc_column_inner][\/vc_row_inner][\/vc_column][vc_column width=&#8221;1\/6&#8243; offset=&#8221;vc_col-lg-2&#8243;][\/vc_column][\/vc_row]<\/p>\n<\/div>","protected":false},"excerpt":{"rendered":"<p>[vc_row full_width=&#8221;stretch_row&#8221; css=&#8221;.vc_custom_1629917069344{padding-top: 100px !important;padding-bottom: 80px !important;background-image: url(https:\/\/www.manaycpa.com\/wp-content\/uploads\/2021\/02\/team-manay-1s.jpg?id=8423) !important;}&#8221;][vc_column][vc_row_inner][vc_column_inner][vc_empty_space height=&#8221;50px&#8221;][\/vc_column_inner][\/vc_row_inner][\/vc_column][\/vc_row][vc_row][vc_column width=&#8221;1\/4&#8243; offset=&#8221;vc_col-lg-1&#8243;][\/vc_column][vc_column width=&#8221;1\/4&#8243; offset=&#8221;vc_col-lg-6&#8243;][vc_empty_space height=&#8221;50px&#8221;][vc_empty_space height=&#8221;20px&#8221;][\/vc_column][vc_column width=&#8221;1\/4&#8243; offset=&#8221;vc_col-lg-4&#8243;][vc_empty_space height=&#8221;50px&#8221;][vc_single_image image=&#8221;60499&#8243; img_size=&#8221;full&#8221; style=&#8221;vc_box_shadow_border&#8221; css_animation=&#8221;fadeInLeft&#8221; css=&#8221;&#8221;][\/vc_column][vc_column width=&#8221;1\/4&#8243;][\/vc_column][\/vc_row][vc_row css=&#8221;.vc_custom_1613295464983{padding-top: 100px !important;}&#8221;][vc_column width=&#8221;1\/12&#8243; offset=&#8221;vc_col-lg-1&#8243;][\/vc_column][vc_column [&hellip;]<\/p>\n","protected":false},"author":19,"featured_media":0,"parent":9917,"menu_order":0,"comment_status":"closed","ping_status":"closed","template":"","meta":{"footnotes":""},"class_list":["post-60560","page","type-page","status-publish","hentry"],"_links":{"self":[{"href":"https:\/\/www.manaycpa.com\/tr\/wp-json\/wp\/v2\/pages\/60560","targetHints":{"allow":["GET"]}}],"collection":[{"href":"https:\/\/www.manaycpa.com\/tr\/wp-json\/wp\/v2\/pages"}],"about":[{"href":"https:\/\/www.manaycpa.com\/tr\/wp-json\/wp\/v2\/types\/page"}],"author":[{"embeddable":true,"href":"https:\/\/www.manaycpa.com\/tr\/wp-json\/wp\/v2\/users\/19"}],"replies":[{"embeddable":true,"href":"https:\/\/www.manaycpa.com\/tr\/wp-json\/wp\/v2\/comments?post=60560"}],"version-history":[{"count":5,"href":"https:\/\/www.manaycpa.com\/tr\/wp-json\/wp\/v2\/pages\/60560\/revisions"}],"predecessor-version":[{"id":61476,"href":"https:\/\/www.manaycpa.com\/tr\/wp-json\/wp\/v2\/pages\/60560\/revisions\/61476"}],"up":[{"embeddable":true,"href":"https:\/\/www.manaycpa.com\/tr\/wp-json\/wp\/v2\/pages\/9917"}],"wp:attachment":[{"href":"https:\/\/www.manaycpa.com\/tr\/wp-json\/wp\/v2\/media?parent=60560"}],"curies":[{"name":"wp","href":"https:\/\/api.w.org\/{rel}","templated":true}]}}