{"id":61272,"date":"2025-04-03T15:05:35","date_gmt":"2025-04-03T15:05:35","guid":{"rendered":"https:\/\/www.manaycpa.com\/hakkimizda\/ekibimiz\/rocio-elise-brandau\/"},"modified":"2026-01-15T09:34:01","modified_gmt":"2026-01-15T13:34:01","slug":"rocio-elise-brandau","status":"publish","type":"page","link":"https:\/\/www.manaycpa.com\/tr\/hakkimizda\/ekibimiz\/rocio-elise-brandau\/","title":{"rendered":"Rocio Elise Brandau"},"content":{"rendered":"<div class=\"wpb-content-wrapper\"><p>[vc_row full_width=&#8221;stretch_row&#8221; css=&#8221;.vc_custom_1629917069344{padding-top: 100px !important;padding-bottom: 80px !important;background-image: url(https:\/\/www.manaycpa.com\/wp-content\/uploads\/2021\/02\/team-manay-1s.jpg?id=8423) !important;}&#8221;][vc_column][vc_row_inner][vc_column_inner][vc_empty_space height=&#8221;50px&#8221;]<header class=\"kd-section-title col-lg-12 text-center  kd-animated fadeIn   vc_custom_1743693200686\" data-animation-delay=200><h2 class=\"separator_off\" style=\"color: #ffffff;font-size: 46px !important;\">\u0130\u015fimiz De\u011fil, Tutkumuz<\/h2><h6 class=\"subtitle \" style=\"color: #ffffff;\">Manay CPA, tamam\u0131 profesyonellerden olu\u015fan m\u00fckemmel bir ekibe sahip.<br \/>\nD\u00f6rt farkl\u0131 dil bilen ekibimiz sayesinde,<br \/>\ndil bariyerini ortadan kald\u0131rarak uluslararas\u0131 d\u00fczeyde hizmet sa\u011fl\u0131yoruz!<\/h6><\/header>[\/vc_column_inner][\/vc_row_inner][\/vc_column][\/vc_row][vc_row][vc_column width=&#8221;1\/4&#8243; offset=&#8221;vc_col-lg-1&#8243;][\/vc_column][vc_column width=&#8221;1\/4&#8243; offset=&#8221;vc_col-lg-6&#8243;][vc_empty_space height=&#8221;50px&#8221;]<header class=\"kd-section-title col-lg-12 text-left  kd-animated fadeIn  \" data-animation-delay=200><h1 class=\"separator_off\" style=\"font-size: 37px !important;line-height: 44px;\">Rocio Elise Brandau<\/h1><\/header><header class=\"kd-section-title col-lg-12 text-left  kd-animated fadeIn  \" data-animation-delay=200><h2 class=\"separator_off\" style=\"font-size: 22px !important;line-height: 44px;\">Director of Sales &amp; Business Development<\/h2><\/header>[vc_empty_space height=&#8221;20px&#8221;]<a href=\"https:\/\/www.linkedin.com\/in\/rocioelisebrandau\/\" target=\"_blank\" title=\"https:\/\/www.linkedin.com\/in\/rocioelisebrandau\/\" class=\"tt_button tt_primary_button btn_primary_color  pull-left button-action-link\" rel=\"nofollow noopener\"><span class=\"prim_text\">L\u0131nkedIn<\/span><\/a>[\/vc_column][vc_column width=&#8221;1\/4&#8243; offset=&#8221;vc_col-lg-4&#8243;][vc_empty_space height=&#8221;50px&#8221;][vc_single_image image=&#8221;61264&#8243; img_size=&#8221;full&#8221; style=&#8221;vc_box_shadow_border&#8221; css_animation=&#8221;fadeInLeft&#8221; css=&#8221;&#8221;][\/vc_column][vc_column width=&#8221;1\/4&#8243;][\/vc_column][\/vc_row][vc_row css=&#8221;.vc_custom_1613295464983{padding-top: 100px !important;}&#8221;][vc_column width=&#8221;1\/12&#8243; offset=&#8221;vc_col-lg-1&#8243;][\/vc_column][vc_column width=&#8221;2\/3&#8243; css=&#8221;.vc_custom_1614418963997{padding-right: 25px !important;}&#8221; offset=&#8221;vc_col-lg-8 vc_col-md-12 vc_col-xs-12&#8243;][vc_column_text css=&#8221;&#8221;]<\/p>\n<h3><b>Profesyonel Deneyim\u00a0<\/b><\/h3>\n<p data-start=\"55\" data-end=\"675\">Sat\u0131\u015f ve i\u015f geli\u015ftirme alan\u0131nda on y\u0131l\u0131 a\u015fk\u0131n deneyime sahip olan Rocio, kurumlar\u0131n yaln\u0131zca gelir hedeflerine ula\u015fmalar\u0131na de\u011fil, bu hedefleri a\u015fmalar\u0131na da yard\u0131mc\u0131 olmaya kendini adam\u0131\u015ft\u0131r. G\u00fc\u00e7l\u00fc i\u015f ili\u015fkilerinin de\u011ferine inanan Rocio, b\u00fcy\u00fcmeyi destekleyen yenilik\u00e7i sat\u0131\u015f stratejileri geli\u015ftirme konusunda uzmand\u0131r ve ayn\u0131 zamanda i\u015f birli\u011fine dayal\u0131, y\u00fcksek performansl\u0131 bir ekip k\u00fclt\u00fcr\u00fcn\u00fc te\u015fvik eder. Anlaml\u0131 ve kal\u0131c\u0131 ba\u011flar kurmaya duydu\u011fu ger\u00e7ek tutkuyla, C-level y\u00f6neticiler ve kilit payda\u015flarla yak\u0131n \u00e7al\u0131\u015farak etkili \u00e7\u00f6z\u00fcmler sunar; her zaman uzun vadeli ba\u015far\u0131y\u0131 ve s\u00fcrd\u00fcr\u00fclebilir b\u00fcy\u00fcmeyi \u00f6n planda tutar.<\/p>\n<h3><b>Manay CPA&#8217;deki Rol\u00fc<\/b><\/h3>\n<p data-start=\"702\" data-end=\"1451\">Manay CPA\u2019da Sat\u0131\u015f ve \u0130\u015f Geli\u015ftirme Direkt\u00f6r\u00fc olarak g\u00f6rev yapan Rocio, yeni i\u015f f\u0131rsatlar\u0131n\u0131 belirleyip hayata ge\u00e7irerek b\u00fcy\u00fcmeyi destekleyen stratejik giri\u015fimlere liderlik etmektedir. Pazarlama ekibiyle yak\u0131n i\u015f birli\u011fi i\u00e7inde \u00e7al\u0131\u015farak, y\u00fcksek kaliteli potansiyel m\u00fc\u015fteriler yaratmaya ve markan\u0131n pazardaki varl\u0131\u011f\u0131n\u0131 geni\u015fletmeye y\u00f6nelik veri odakl\u0131 stratejiler geli\u015ftirir. \u0130ddial\u0131 hedefler belirleyip derinlemesine pazar analizlerinden faydalanarak, kilit payda\u015flar ve kurum i\u00e7i ekiplerle kurdu\u011fu g\u00fc\u00e7l\u00fc ili\u015fkiler sayesinde s\u00fcrd\u00fcr\u00fclebilir ba\u015far\u0131y\u0131 garanti alt\u0131na al\u0131r. Ayr\u0131ca sekt\u00f6rel etkinliklerde firmay\u0131 temsil eder, etkileyici sunumlar ger\u00e7ekle\u015ftirir ve i\u015f geli\u015ftirme faaliyetlerini g\u00fc\u00e7lendiren fonksiyonlar aras\u0131 inisiyatiflere liderlik eder.<\/p>\n<h3><b>Ki\u015fisel \u0130lgi Alanlar\u0131<\/b><\/h3>\n<div class=\"flex flex-col text-sm pb-25\">\n<article class=\"text-token-text-primary w-full focus:outline-none [--shadow-height:45px] has-data-writing-block:pointer-events-none has-data-writing-block:-mt-(--shadow-height) has-data-writing-block:pt-(--shadow-height) [&amp;:has([data-writing-block])&gt;*]:pointer-events-auto [content-visibility:auto] supports-[content-visibility:auto]:[contain-intrinsic-size:auto_100lvh] scroll-mt-[calc(var(--header-height)+min(200px,max(70px,20svh)))]\" dir=\"auto\" tabindex=\"-1\" data-turn-id=\"227a18ff-1e5a-4f70-989f-6780730c5158\" data-testid=\"conversation-turn-2\" data-scroll-anchor=\"true\" data-turn=\"assistant\">\n<div class=\"text-base my-auto mx-auto pb-10 [--thread-content-margin:--spacing(4)] @w-sm\/main:[--thread-content-margin:--spacing(6)] @w-lg\/main:[--thread-content-margin:--spacing(16)] px-(--thread-content-margin)\">\n<div class=\"[--thread-content-max-width:40rem] @w-lg\/main:[--thread-content-max-width:48rem] mx-auto max-w-(--thread-content-max-width) flex-1 group\/turn-messages focus-visible:outline-hidden relative flex w-full min-w-0 flex-col agent-turn\" tabindex=\"-1\">\n<div class=\"flex max-w-full flex-col grow\">\n<div class=\"min-h-8 text-message relative flex w-full flex-col items-end gap-2 text-start break-words whitespace-normal [.text-message+&amp;]:mt-1\" dir=\"auto\" data-message-author-role=\"assistant\" data-message-id=\"1b526e17-60db-4922-b025-d5aaa0ce7eb3\" data-message-model-slug=\"gpt-5-2\">\n<div class=\"flex w-full flex-col gap-1 empty:hidden first:pt-[1px]\">\n<div class=\"markdown prose dark:prose-invert w-full break-words light markdown-new-styling\">\n<p data-start=\"1480\" data-end=\"1913\" data-is-last-node=\"\" data-is-only-node=\"\">Aslen Atlanta, Georgia\u2019l\u0131 olan ve d\u00f6rt y\u0131l boyunca Kosta Rika\u2019da ya\u015fam\u0131\u015f olan Rocio; \u0130ngilizceye ak\u0131c\u0131, \u0130spanyolcaya ileri d\u00fczeyde h\u00e2kimdir ve temel seviyede \u0130talyanca bilgisine sahiptir. Topluma katk\u0131 sa\u011flamaya b\u00fcy\u00fck \u00f6nem verir; ba\u015fkalar\u0131na mentorluk yapmaktan ve ya\u015fad\u0131\u011f\u0131 toplulu\u011fa hizmet etmekten keyif al\u0131r. Do\u011fa y\u00fcr\u00fcy\u00fc\u015f\u00fc, foto\u011fraf\u00e7\u0131l\u0131k ve East Cobb\u2019daki evinde evcil hayvanlar\u0131yla vakit ge\u00e7irmek en sevdi\u011fi u\u011fra\u015flar aras\u0131ndad\u0131r.<\/p>\n<\/div>\n<\/div>\n<\/div>\n<\/div>\n<\/div>\n<\/div>\n<\/article>\n<\/div>\n<p>[\/vc_column_text][\/vc_column][\/vc_row][vc_row full_width=&#8221;stretch_row&#8221; css=&#8221;.vc_custom_1614419641251{background-color: #ffffff !important;}&#8221;][vc_column width=&#8221;1\/6&#8243; offset=&#8221;vc_col-lg-2&#8243;][\/vc_column][vc_column width=&#8221;2\/3&#8243; css=&#8221;.vc_custom_1614419340057{padding-right: 0px !important;padding-left: 0px !important;}&#8221; offset=&#8221;vc_col-lg-8&#8243;][vc_row_inner css=&#8221;.vc_custom_1511348683940{padding-top: 100px !important;padding-bottom: 100px !important;}&#8221;][vc_column_inner offset=&#8221;vc_col-lg-12 vc_col-md-12&#8243;][vc_custom_heading text=&#8221;Finansal ipu\u00e7lar\u0131, vergilerinizin son \u00f6deme tarihleri ve di\u011fer vergi stratejileri i\u00e7in b\u00fcltenimize abone olun&#8221; font_container=&#8221;tag:h3|font_size:23px%20!important|text_align:center|line_height:44px&#8221; use_theme_fonts=&#8221;yes&#8221; css_animation=&#8221;fadeIn&#8221; css=&#8221;.vc_custom_1617487578282{margin-bottom: 0px !important;}&#8221;][vc_empty_space height=&#8221;20px&#8221;][vc_raw_js]JTNDc2NyaXB0JTIwY2hhcnNldCUzRCUyMnV0Zi04JTIyJTIwdHlwZSUzRCUyMnRleHQlMkZqYXZhc2NyaXB0JTIyJTIwc3JjJTNEJTIyJTJGJTJGanMuaHNmb3Jtcy5uZXQlMkZmb3JtcyUyRnYyLmpzJTIyJTNFJTNDJTJGc2NyaXB0JTNFJTBBJTNDc2NyaXB0JTNFJTBBJTIwJTIwaGJzcHQuZm9ybXMuY3JlYXRlJTI4JTdCJTBBJTIwJTIwJTIwJTIwcmVnaW9uJTNBJTIwJTIybmExJTIyJTJDJTBBJTIwJTIwJTIwJTIwcG9ydGFsSWQlM0ElMjAlMjI2ODU1Njc0JTIyJTJDJTBBJTIwJTIwJTIwJTIwZm9ybUlkJTNBJTIwJTIyYjZhZGFjZGQtOWQ4Ni00YWI4LWJjYjQtZWY5ZTUzMzM4ZDg2JTIyJTBBJTIwJTIwJTdEJTI5JTNCJTBBJTNDJTJGc2NyaXB0JTNF[\/vc_raw_js][\/vc_column_inner][\/vc_row_inner][\/vc_column][vc_column width=&#8221;1\/6&#8243; offset=&#8221;vc_col-lg-2&#8243;][\/vc_column][\/vc_row]<\/p>\n<\/div>","protected":false},"excerpt":{"rendered":"<p>[vc_row full_width=&#8221;stretch_row&#8221; css=&#8221;.vc_custom_1629917069344{padding-top: 100px !important;padding-bottom: 80px !important;background-image: url(https:\/\/www.manaycpa.com\/wp-content\/uploads\/2021\/02\/team-manay-1s.jpg?id=8423) !important;}&#8221;][vc_column][vc_row_inner][vc_column_inner][vc_empty_space height=&#8221;50px&#8221;][\/vc_column_inner][\/vc_row_inner][\/vc_column][\/vc_row][vc_row][vc_column width=&#8221;1\/4&#8243; offset=&#8221;vc_col-lg-1&#8243;][\/vc_column][vc_column width=&#8221;1\/4&#8243; offset=&#8221;vc_col-lg-6&#8243;][vc_empty_space height=&#8221;50px&#8221;][vc_empty_space height=&#8221;20px&#8221;][\/vc_column][vc_column width=&#8221;1\/4&#8243; offset=&#8221;vc_col-lg-4&#8243;][vc_empty_space height=&#8221;50px&#8221;][vc_single_image image=&#8221;61264&#8243; img_size=&#8221;full&#8221; style=&#8221;vc_box_shadow_border&#8221; css_animation=&#8221;fadeInLeft&#8221; css=&#8221;&#8221;][\/vc_column][vc_column width=&#8221;1\/4&#8243;][\/vc_column][\/vc_row][vc_row css=&#8221;.vc_custom_1613295464983{padding-top: 100px !important;}&#8221;][vc_column width=&#8221;1\/12&#8243; offset=&#8221;vc_col-lg-1&#8243;][\/vc_column][vc_column [&hellip;]<\/p>\n","protected":false},"author":19,"featured_media":0,"parent":9917,"menu_order":0,"comment_status":"closed","ping_status":"closed","template":"","meta":{"footnotes":""},"class_list":["post-61272","page","type-page","status-publish","hentry"],"_links":{"self":[{"href":"https:\/\/www.manaycpa.com\/tr\/wp-json\/wp\/v2\/pages\/61272","targetHints":{"allow":["GET"]}}],"collection":[{"href":"https:\/\/www.manaycpa.com\/tr\/wp-json\/wp\/v2\/pages"}],"about":[{"href":"https:\/\/www.manaycpa.com\/tr\/wp-json\/wp\/v2\/types\/page"}],"author":[{"embeddable":true,"href":"https:\/\/www.manaycpa.com\/tr\/wp-json\/wp\/v2\/users\/19"}],"replies":[{"embeddable":true,"href":"https:\/\/www.manaycpa.com\/tr\/wp-json\/wp\/v2\/comments?post=61272"}],"version-history":[{"count":7,"href":"https:\/\/www.manaycpa.com\/tr\/wp-json\/wp\/v2\/pages\/61272\/revisions"}],"predecessor-version":[{"id":64573,"href":"https:\/\/www.manaycpa.com\/tr\/wp-json\/wp\/v2\/pages\/61272\/revisions\/64573"}],"up":[{"embeddable":true,"href":"https:\/\/www.manaycpa.com\/tr\/wp-json\/wp\/v2\/pages\/9917"}],"wp:attachment":[{"href":"https:\/\/www.manaycpa.com\/tr\/wp-json\/wp\/v2\/media?parent=61272"}],"curies":[{"name":"wp","href":"https:\/\/api.w.org\/{rel}","templated":true}]}}