{"id":61446,"date":"2025-04-28T14:48:40","date_gmt":"2025-04-28T14:48:40","guid":{"rendered":"https:\/\/www.manaycpa.com\/hakkimizda\/ekibimiz\/abdullah-yorulmaz\/"},"modified":"2025-04-28T15:45:56","modified_gmt":"2025-04-28T15:45:56","slug":"abdullah-yorulmaz","status":"publish","type":"page","link":"https:\/\/www.manaycpa.com\/tr\/hakkimizda\/ekibimiz\/abdullah-yorulmaz\/","title":{"rendered":"Abdullah Yorulmaz"},"content":{"rendered":"<div class=\"wpb-content-wrapper\"><p>[vc_row full_width=&#8221;stretch_row&#8221; css=&#8221;.vc_custom_1629917069344{padding-top: 100px !important;padding-bottom: 80px !important;background-image: url(https:\/\/www.manaycpa.com\/wp-content\/uploads\/2021\/02\/team-manay-1s.jpg?id=8423) !important;}&#8221;][vc_column][vc_row_inner][vc_column_inner][vc_empty_space height=&#8221;50px&#8221;]<header class=\"kd-section-title col-lg-12 text-center  kd-animated fadeIn   vc_custom_1745852125305\" data-animation-delay=200><h2 class=\"separator_off\" style=\"color: #ffffff;font-size: 46px !important;\">\u0130\u015fimiz De\u011fil, Tutkumuz<\/h2><h6 class=\"subtitle \" style=\"color: #ffffff;\">Manay CPA, tamam\u0131 profesyonellerden olu\u015fan m\u00fckemmel bir ekibe sahip. D\u00f6rt farkl\u0131 dil bilen ekibimiz sayesinde, dil bariyerini ortadan kald\u0131rarak uluslararas\u0131 d\u00fczeyde hizmet sa\u011fl\u0131yoruz!<\/h6><\/header>[\/vc_column_inner][\/vc_row_inner][\/vc_column][\/vc_row][vc_row][vc_column width=&#8221;1\/4&#8243; offset=&#8221;vc_col-lg-1&#8243;][\/vc_column][vc_column width=&#8221;1\/4&#8243; offset=&#8221;vc_col-lg-6&#8243;][vc_empty_space height=&#8221;50px&#8221;]<header class=\"kd-section-title col-lg-12 text-left  kd-animated fadeIn  \" data-animation-delay=200><h1 class=\"separator_off\" style=\"font-size: 37px !important;line-height: 44px;\">Abdullah Yorulmaz<\/h1><\/header><header class=\"kd-section-title col-lg-12 text-left  kd-animated fadeIn  \" data-animation-delay=200><h2 class=\"separator_off\" style=\"font-size: 22px !important;line-height: 44px;\">Associate<\/h2><\/header>[vc_empty_space height=&#8221;20px&#8221;]<a href=\"https:\/\/www.linkedin.com\/in\/abdullah-yorulmaz-581550204\/\" target=\"_blank\" title=\"https:\/\/www.linkedin.com\/in\/abdullah-yorulmaz-581550204\/\" class=\"tt_button tt_primary_button btn_primary_color  pull-left button-action-link\" rel=\"nofollow noopener\"><span class=\"prim_text\">L\u0131nkedIn<\/span><\/a>[\/vc_column][vc_column width=&#8221;1\/4&#8243; offset=&#8221;vc_col-lg-4&#8243;][vc_empty_space height=&#8221;50px&#8221;][vc_single_image image=&#8221;61440&#8243; img_size=&#8221;full&#8221; style=&#8221;vc_box_shadow_border&#8221; css_animation=&#8221;fadeInLeft&#8221; css=&#8221;&#8221;][\/vc_column][vc_column width=&#8221;1\/4&#8243;][\/vc_column][\/vc_row][vc_row css=&#8221;.vc_custom_1613295464983{padding-top: 100px !important;}&#8221;][vc_column width=&#8221;1\/12&#8243; offset=&#8221;vc_col-lg-1&#8243;][\/vc_column][vc_column width=&#8221;2\/3&#8243; css=&#8221;.vc_custom_1614418963997{padding-right: 25px !important;}&#8221; offset=&#8221;vc_col-lg-8 vc_col-md-12 vc_col-xs-12&#8243;][vc_column_text css=&#8221;&#8221;]<\/p>\n<h3><b>Profesyonel Deneyim<\/b><\/h3>\n<p>Abdullah muhasebe ve denetim alanlarinda 8 y\u0131l\u0131 a\u015fk\u0131n bir deneyime sahiptir. Kariyerine 2014 y\u0131l\u0131nda bir muhasebe ofisinde ticaret lisesi stajyeri olarak ba\u015flamistir. Abdullah , Muhasebe ve Vergi Uygulamalari (\u00d6nlisans Derecesi) ve Maliye (Lisans Derecesi) olmak \u00fczere iki diplomaya sahiptir. Abdullah 2024 y\u0131l\u0131nda SGS s\u0131nav\u0131n\u0131 kazanm\u0131\u015f ve bir mali m\u00fc\u015favir aday\u0131d\u0131r. 2021 y\u0131l\u0131nda \u0130ngilizce \u00f6\u011frenmek i\u00e7in Polonya&#8217;ya ta\u015f\u0131nm\u0131\u015ft\u0131r ve \u0130ngilizce e\u011fitimini tamamlad\u0131ktan sonra \u00fclkesine geri d\u00f6nm\u00fc\u015ft\u00fcr. Bu deneyim Abdullah&#8217;\u0131n daha geni\u015f bir vizyon kazanmas\u0131na yard\u0131mc\u0131 oldu ve ona insanlarla \u00e7al\u0131\u015f\u0131rken esnek ve a\u00e7\u0131k fikirli olman\u0131n \u00f6nemini \u00f6\u011fretti.<\/p>\n<h3><b>Manay CPA&#8217;daki Rol\u00fc<\/b><\/h3>\n<p>Abdullah yak\u0131n zamanda Manay CPA Muhasebe ve Vergi Hizmetleri ailesine Accounting Associate olarak kat\u0131lm\u0131\u015ft\u0131r . Abdullah&#8217;\u0131n muhasebe ve denetim alan\u0131nda sa\u011flam bir ge\u00e7mi\u015fi var. Uzmanl\u0131k alanlar\u0131 aras\u0131nda; Faturalama, Defter tutmak ve Bordrolama i\u015flemleri yer almaktad\u0131r. Abdullah ayr\u0131ca \u00e7al\u0131\u015fma f\u0131rsat\u0131 konusunda \u00e7ok hevesli ve b\u00f6ylesine b\u00fcy\u00fck bir firmada de\u011ferli deneyimler kazanmaktan mutluluk duyuyor. \u015eirketin e\u011fitim ve \u00f6\u011fretim dahil olmak \u00fczere kariyer geli\u015fimini desteklemesini bekliyor. Keyifli bir \u00e7al\u0131\u015fma ortam\u0131na sahip olman\u0131n, yetenekli insanlarla \u00e7al\u0131\u015fman\u0131n, adil \u00fccretler alman\u0131n, i\u015f-ya\u015fam dengesini sa\u011flaman\u0131n ve vizyon ve k\u00fclt\u00fcre uyum sa\u011flaman\u0131n \u00f6nemli oldu\u011funa inan\u0131yor.<\/p>\n<h3><b>Ki\u015fisel \u0130lgi Alanlar\u0131<\/b><\/h3>\n<p>Abdullah, i\u015finin \u00f6tesinde yemek yapmay\u0131, do\u011fada kamp yapmay\u0131 ve seyahat etmeyi seviyor. Abdullah kendini geli\u015ftirmeyi seviyor ve \u00e7evrimi\u00e7i e\u011fitim kurslar\u0131na kat\u0131l\u0131yor. Son olarak, y\u00fczme bo\u015f zamanlar\u0131nda en sevdi\u011fi hobisidir.[\/vc_column_text][\/vc_column][\/vc_row][vc_row full_width=&#8221;stretch_row&#8221; css=&#8221;.vc_custom_1614419641251{background-color: #ffffff !important;}&#8221;][vc_column width=&#8221;1\/6&#8243; offset=&#8221;vc_col-lg-2&#8243;][\/vc_column][vc_column width=&#8221;2\/3&#8243; css=&#8221;.vc_custom_1614419340057{padding-right: 0px !important;padding-left: 0px !important;}&#8221; offset=&#8221;vc_col-lg-8&#8243;][vc_row_inner css=&#8221;.vc_custom_1511348683940{padding-top: 100px !important;padding-bottom: 100px !important;}&#8221;][vc_column_inner offset=&#8221;vc_col-lg-12 vc_col-md-12&#8243;][vc_custom_heading text=&#8221;Finansal ipu\u00e7lar\u0131, vergilerinizin son \u00f6deme tarihleri ve di\u011fer vergi stratejileri i\u00e7in b\u00fcltenimize abone olun&#8221; font_container=&#8221;tag:h3|font_size:23px%20!important|text_align:center|line_height:44px&#8221; use_theme_fonts=&#8221;yes&#8221; css_animation=&#8221;fadeIn&#8221; css=&#8221;.vc_custom_1617487578282{margin-bottom: 0px !important;}&#8221;][vc_empty_space height=&#8221;20px&#8221;][vc_raw_js]JTNDc2NyaXB0JTIwY2hhcnNldCUzRCUyMnV0Zi04JTIyJTIwdHlwZSUzRCUyMnRleHQlMkZqYXZhc2NyaXB0JTIyJTIwc3JjJTNEJTIyJTJGJTJGanMuaHNmb3Jtcy5uZXQlMkZmb3JtcyUyRnYyLmpzJTIyJTNFJTNDJTJGc2NyaXB0JTNFJTBBJTNDc2NyaXB0JTNFJTBBJTIwJTIwaGJzcHQuZm9ybXMuY3JlYXRlJTI4JTdCJTBBJTIwJTIwJTIwJTIwcmVnaW9uJTNBJTIwJTIybmExJTIyJTJDJTBBJTIwJTIwJTIwJTIwcG9ydGFsSWQlM0ElMjAlMjI2ODU1Njc0JTIyJTJDJTBBJTIwJTIwJTIwJTIwZm9ybUlkJTNBJTIwJTIyYjZhZGFjZGQtOWQ4Ni00YWI4LWJjYjQtZWY5ZTUzMzM4ZDg2JTIyJTBBJTIwJTIwJTdEJTI5JTNCJTBBJTNDJTJGc2NyaXB0JTNF[\/vc_raw_js][\/vc_column_inner][\/vc_row_inner][\/vc_column][vc_column width=&#8221;1\/6&#8243; offset=&#8221;vc_col-lg-2&#8243;][\/vc_column][\/vc_row]<\/p>\n<\/div>","protected":false},"excerpt":{"rendered":"<p>[vc_row full_width=&#8221;stretch_row&#8221; css=&#8221;.vc_custom_1629917069344{padding-top: 100px !important;padding-bottom: 80px !important;background-image: url(https:\/\/www.manaycpa.com\/wp-content\/uploads\/2021\/02\/team-manay-1s.jpg?id=8423) !important;}&#8221;][vc_column][vc_row_inner][vc_column_inner][vc_empty_space height=&#8221;50px&#8221;][\/vc_column_inner][\/vc_row_inner][\/vc_column][\/vc_row][vc_row][vc_column width=&#8221;1\/4&#8243; offset=&#8221;vc_col-lg-1&#8243;][\/vc_column][vc_column width=&#8221;1\/4&#8243; offset=&#8221;vc_col-lg-6&#8243;][vc_empty_space height=&#8221;50px&#8221;][vc_empty_space height=&#8221;20px&#8221;][\/vc_column][vc_column width=&#8221;1\/4&#8243; offset=&#8221;vc_col-lg-4&#8243;][vc_empty_space height=&#8221;50px&#8221;][vc_single_image image=&#8221;61440&#8243; img_size=&#8221;full&#8221; style=&#8221;vc_box_shadow_border&#8221; css_animation=&#8221;fadeInLeft&#8221; css=&#8221;&#8221;][\/vc_column][vc_column width=&#8221;1\/4&#8243;][\/vc_column][\/vc_row][vc_row css=&#8221;.vc_custom_1613295464983{padding-top: 100px !important;}&#8221;][vc_column width=&#8221;1\/12&#8243; offset=&#8221;vc_col-lg-1&#8243;][\/vc_column][vc_column [&hellip;]<\/p>\n","protected":false},"author":19,"featured_media":0,"parent":9917,"menu_order":0,"comment_status":"closed","ping_status":"closed","template":"","meta":{"footnotes":""},"class_list":["post-61446","page","type-page","status-publish","hentry"],"_links":{"self":[{"href":"https:\/\/www.manaycpa.com\/tr\/wp-json\/wp\/v2\/pages\/61446","targetHints":{"allow":["GET"]}}],"collection":[{"href":"https:\/\/www.manaycpa.com\/tr\/wp-json\/wp\/v2\/pages"}],"about":[{"href":"https:\/\/www.manaycpa.com\/tr\/wp-json\/wp\/v2\/types\/page"}],"author":[{"embeddable":true,"href":"https:\/\/www.manaycpa.com\/tr\/wp-json\/wp\/v2\/users\/19"}],"replies":[{"embeddable":true,"href":"https:\/\/www.manaycpa.com\/tr\/wp-json\/wp\/v2\/comments?post=61446"}],"version-history":[{"count":5,"href":"https:\/\/www.manaycpa.com\/tr\/wp-json\/wp\/v2\/pages\/61446\/revisions"}],"predecessor-version":[{"id":61471,"href":"https:\/\/www.manaycpa.com\/tr\/wp-json\/wp\/v2\/pages\/61446\/revisions\/61471"}],"up":[{"embeddable":true,"href":"https:\/\/www.manaycpa.com\/tr\/wp-json\/wp\/v2\/pages\/9917"}],"wp:attachment":[{"href":"https:\/\/www.manaycpa.com\/tr\/wp-json\/wp\/v2\/media?parent=61446"}],"curies":[{"name":"wp","href":"https:\/\/api.w.org\/{rel}","templated":true}]}}