{"id":61566,"date":"2025-05-19T19:23:20","date_gmt":"2025-05-19T19:23:20","guid":{"rendered":"https:\/\/www.manaycpa.com\/?page_id=61566"},"modified":"2025-05-19T20:14:41","modified_gmt":"2025-05-19T20:14:41","slug":"ersin-guven","status":"publish","type":"page","link":"https:\/\/www.manaycpa.com\/tr\/hakkimizda\/ekibimiz\/ersin-guven\/","title":{"rendered":"Ersin Guven"},"content":{"rendered":"<div class=\"wpb-content-wrapper\"><p>[vc_row full_width=&#8221;stretch_row&#8221; css=&#8221;.vc_custom_1629917069344{padding-top: 100px !important;padding-bottom: 80px !important;background-image: url(https:\/\/www.manaycpa.com\/wp-content\/uploads\/2021\/02\/team-manay-1s.jpg?id=8423) !important;}&#8221;][vc_column][vc_row_inner][vc_column_inner][vc_empty_space height=&#8221;50px&#8221;]<header class=\"kd-section-title col-lg-12 text-center  kd-animated fadeIn   vc_custom_1747680150627\" data-animation-delay=200><h2 class=\"separator_off\" style=\"color: #ffffff;font-size: 46px !important;\">Our Team<\/h2><h6 class=\"subtitle \" style=\"color: #ffffff;\">Meet Our Team<\/h6><\/header>[\/vc_column_inner][\/vc_row_inner][\/vc_column][\/vc_row][vc_row][vc_column width=&#8221;1\/4&#8243; offset=&#8221;vc_col-lg-1&#8243;][\/vc_column][vc_column width=&#8221;1\/4&#8243; offset=&#8221;vc_col-lg-6&#8243;][vc_empty_space height=&#8221;50px&#8221;]<header class=\"kd-section-title col-lg-12 text-left  kd-animated fadeIn  \" data-animation-delay=200><h1 class=\"separator_off\" style=\"font-size: 37px !important;line-height: 44px;\">Ersin G\u00fcven<\/h1><\/header><header class=\"kd-section-title col-lg-12 text-left  kd-animated fadeIn  \" data-animation-delay=200><h2 class=\"separator_off\" style=\"font-size: 22px !important;line-height: 44px;\">Jr. Associate<\/h2><\/header>[vc_empty_space height=&#8221;20px&#8221;]<a href=\"https:\/\/www.linkedin.com\/in\/ersing%C3%BCven\/\" target=\"_blank\" title=\"https:\/\/www.linkedin.com\/in\/ersing%C3%BCven\/\" class=\"tt_button tt_primary_button btn_primary_color  pull-left button-action-link\" rel=\"nofollow noopener\"><span class=\"prim_text\">L\u0131nkedIn<\/span><\/a>[\/vc_column][vc_column width=&#8221;1\/4&#8243; offset=&#8221;vc_col-lg-4&#8243;][vc_empty_space height=&#8221;50px&#8221;][vc_single_image image=&#8221;61559&#8243; img_size=&#8221;full&#8221; style=&#8221;vc_box_shadow_border&#8221; css_animation=&#8221;fadeInLeft&#8221; css=&#8221;&#8221;][\/vc_column][vc_column width=&#8221;1\/4&#8243;][\/vc_column][\/vc_row][vc_row css=&#8221;.vc_custom_1613295464983{padding-top: 100px !important;}&#8221;][vc_column width=&#8221;1\/12&#8243; offset=&#8221;vc_col-lg-1&#8243;][\/vc_column][vc_column width=&#8221;2\/3&#8243; css=&#8221;.vc_custom_1614418963997{padding-right: 25px !important;}&#8221; offset=&#8221;vc_col-lg-8 vc_col-md-12 vc_col-xs-12&#8243;][vc_column_text css=&#8221;&#8221;]<\/p>\n<h3><b>Profesyonel Deneyim\u00a0<\/b><\/h3>\n<p>Ersin, TOBB Ekonomi ve Teknoloji \u00dcniversitesi \u0130\u015fletme b\u00f6lu\u0308mu\u0308nden mezun olmu\u015f ve ayn\u0131 u\u0308niversitede Finans ve Veri Analiti\u011fi odakl\u0131 MBA program\u0131n\u0131 tamamlam\u0131\u015ft\u0131r.\u00a0\u00dcniversite y\u0131llar\u0131nda \u00f6zel ve kamu sekt\u00f6rlerinde olmak u\u0308zere u\u0308\u00e7 uzun d\u00f6nem staj yaparak vergi denetimi, bu\u0308t\u00e7eleme ve finansal raporlama gibi alanlarda deneyim kazanm\u0131\u015ft\u0131r.\u00a0Mezuniyet sonras\u0131 farkl\u0131 finans pozisyonlar\u0131nda g\u00f6rev alm\u0131\u015f, bir gir\u015fim sermayesi fonunda ve uluslararas\u0131 bir STK\u2019da bu\u0308t\u00e7e ve raporlama su\u0308re\u00e7lerini yu\u0308ru\u0308tmu\u0308\u015ftu\u0308r. Hibe\u00a0projeleri kapsam\u0131nda bu\u0308t\u00e7e kontrolu\u0308, uluslararas\u0131 fon sa\u011flay\u0131c\u0131larla koordinasyon ve\u00a0raporlama alanlar\u0131nda aktif rol alm\u0131\u015ft\u0131r.<\/p>\n<h3><b>Manay CPA&#8217;deki Rol\u00fc<\/b><\/h3>\n<p>Manay CPA\u2019de Jr. Associate olarak g\u00f6rev yapan Ersin; mu\u0308\u015fteri onboarding\u00a0su\u0308re\u00e7lerinden ayl\u0131k muhasebe i\u015flemlerine, GAAP&#8217;e uygun finansal tablo haz\u0131rl\u0131klar\u0131ndan bireysel ve kurumsal vergi beyanlar\u0131na kadar geni\u015f bir yelpazede sorumluluk\u00a0u\u0308stlenmektedir. Raporlama su\u0308re\u00e7lerinin iyile\u015ftirilmesine katk\u0131 sa\u011flamakta ve\u00a0departmanlar aras\u0131 destek sunmaktad\u0131r. Ersin, Manay CPA\u2019nin uluslararas\u0131 ve \u00e7ok\u00a0ku\u0308ltu\u0308rlu\u0308 yap\u0131s\u0131nda yer almaktan heyecan duymakta; ABD muhasebe sistemleri, vergi\u00a0mevzuat\u0131 ve uluslararas\u0131 uyum konular\u0131nda bilgi birikimini art\u0131rmay\u0131 hedeflemektedir.\u00a0Uzun vadeli hedefi, CPA lisans\u0131n\u0131 alarak firmada daha ileri pozisyonlara ula\u015fmakt\u0131r.<\/p>\n<h3><b>Ki\u015fisel \u0130lgi Alanlar\u0131<\/b><\/h3>\n<p>Ersin\u2019in en bu\u0308yu\u0308k hobisi k\u00f6pe\u011fiyle vakit ge\u00e7irmektir. Onunla birlikte uzun\u00a0yu\u0308ru\u0308yu\u0308\u015fler yapmak ve yeni yerler ke\u015ffetmekten bu\u0308yu\u0308k keyif al\u0131r. Bunun d\u0131\u015f\u0131nda amat\u00f6r\u00a0olarak sokak foto\u011fraf\u00e7\u0131l\u0131\u011f\u0131yla ilgilenmektedir ve \u015fehir hayat\u0131n\u0131n spontane anlar\u0131n\u0131\u00a0foto\u011fraflamaktan ho\u015flan\u0131r. Ayr\u0131ca dijital illu\u0308strasyonlar olu\u015fturmak ve tasar\u0131m\u00a0\u00e7al\u0131\u015fmalar\u0131 yapmak Ersin\u2019in yarat\u0131c\u0131l\u0131\u011f\u0131n\u0131 ifade etme yollar\u0131 aras\u0131ndad\u0131r.[\/vc_column_text][\/vc_column][\/vc_row][vc_row full_width=&#8221;stretch_row&#8221; css=&#8221;.vc_custom_1614419641251{background-color: #ffffff !important;}&#8221;][vc_column width=&#8221;1\/6&#8243; offset=&#8221;vc_col-lg-2&#8243;][\/vc_column][vc_column width=&#8221;2\/3&#8243; css=&#8221;.vc_custom_1614419340057{padding-right: 0px !important;padding-left: 0px !important;}&#8221; offset=&#8221;vc_col-lg-8&#8243;][vc_row_inner css=&#8221;.vc_custom_1511348683940{padding-top: 100px !important;padding-bottom: 100px !important;}&#8221;][vc_column_inner offset=&#8221;vc_col-lg-12 vc_col-md-12&#8243;][vc_custom_heading text=&#8221;Finansal ipu\u00e7lar\u0131, vergilerinizin son \u00f6deme tarihleri ve di\u011fer vergi stratejileri i\u00e7in b\u00fcltenimize abone olun&#8221; font_container=&#8221;tag:h3|font_size:23px%20!important|text_align:center|line_height:44px&#8221; use_theme_fonts=&#8221;yes&#8221; css_animation=&#8221;fadeIn&#8221; css=&#8221;.vc_custom_1617487578282{margin-bottom: 0px !important;}&#8221;][vc_empty_space height=&#8221;20px&#8221;][vc_raw_js]JTNDc2NyaXB0JTIwY2hhcnNldCUzRCUyMnV0Zi04JTIyJTIwdHlwZSUzRCUyMnRleHQlMkZqYXZhc2NyaXB0JTIyJTIwc3JjJTNEJTIyJTJGJTJGanMuaHNmb3Jtcy5uZXQlMkZmb3JtcyUyRnYyLmpzJTIyJTNFJTNDJTJGc2NyaXB0JTNFJTBBJTNDc2NyaXB0JTNFJTBBJTIwJTIwaGJzcHQuZm9ybXMuY3JlYXRlJTI4JTdCJTBBJTIwJTIwJTIwJTIwcmVnaW9uJTNBJTIwJTIybmExJTIyJTJDJTBBJTIwJTIwJTIwJTIwcG9ydGFsSWQlM0ElMjAlMjI2ODU1Njc0JTIyJTJDJTBBJTIwJTIwJTIwJTIwZm9ybUlkJTNBJTIwJTIyYjZhZGFjZGQtOWQ4Ni00YWI4LWJjYjQtZWY5ZTUzMzM4ZDg2JTIyJTBBJTIwJTIwJTdEJTI5JTNCJTBBJTNDJTJGc2NyaXB0JTNF[\/vc_raw_js][\/vc_column_inner][\/vc_row_inner][\/vc_column][vc_column width=&#8221;1\/6&#8243; offset=&#8221;vc_col-lg-2&#8243;][\/vc_column][\/vc_row]<\/p>\n<\/div>","protected":false},"excerpt":{"rendered":"<p>[vc_row full_width=&#8221;stretch_row&#8221; css=&#8221;.vc_custom_1629917069344{padding-top: 100px !important;padding-bottom: 80px !important;background-image: url(https:\/\/www.manaycpa.com\/wp-content\/uploads\/2021\/02\/team-manay-1s.jpg?id=8423) !important;}&#8221;][vc_column][vc_row_inner][vc_column_inner][vc_empty_space height=&#8221;50px&#8221;][\/vc_column_inner][\/vc_row_inner][\/vc_column][\/vc_row][vc_row][vc_column width=&#8221;1\/4&#8243; offset=&#8221;vc_col-lg-1&#8243;][\/vc_column][vc_column width=&#8221;1\/4&#8243; offset=&#8221;vc_col-lg-6&#8243;][vc_empty_space height=&#8221;50px&#8221;][vc_empty_space height=&#8221;20px&#8221;][\/vc_column][vc_column width=&#8221;1\/4&#8243; offset=&#8221;vc_col-lg-4&#8243;][vc_empty_space height=&#8221;50px&#8221;][vc_single_image image=&#8221;61559&#8243; img_size=&#8221;full&#8221; style=&#8221;vc_box_shadow_border&#8221; css_animation=&#8221;fadeInLeft&#8221; css=&#8221;&#8221;][\/vc_column][vc_column width=&#8221;1\/4&#8243;][\/vc_column][\/vc_row][vc_row css=&#8221;.vc_custom_1613295464983{padding-top: 100px !important;}&#8221;][vc_column width=&#8221;1\/12&#8243; offset=&#8221;vc_col-lg-1&#8243;][\/vc_column][vc_column [&hellip;]<\/p>\n","protected":false},"author":19,"featured_media":0,"parent":9917,"menu_order":0,"comment_status":"closed","ping_status":"closed","template":"","meta":{"footnotes":""},"class_list":["post-61566","page","type-page","status-publish","hentry"],"_links":{"self":[{"href":"https:\/\/www.manaycpa.com\/tr\/wp-json\/wp\/v2\/pages\/61566","targetHints":{"allow":["GET"]}}],"collection":[{"href":"https:\/\/www.manaycpa.com\/tr\/wp-json\/wp\/v2\/pages"}],"about":[{"href":"https:\/\/www.manaycpa.com\/tr\/wp-json\/wp\/v2\/types\/page"}],"author":[{"embeddable":true,"href":"https:\/\/www.manaycpa.com\/tr\/wp-json\/wp\/v2\/users\/19"}],"replies":[{"embeddable":true,"href":"https:\/\/www.manaycpa.com\/tr\/wp-json\/wp\/v2\/comments?post=61566"}],"version-history":[{"count":3,"href":"https:\/\/www.manaycpa.com\/tr\/wp-json\/wp\/v2\/pages\/61566\/revisions"}],"predecessor-version":[{"id":61576,"href":"https:\/\/www.manaycpa.com\/tr\/wp-json\/wp\/v2\/pages\/61566\/revisions\/61576"}],"up":[{"embeddable":true,"href":"https:\/\/www.manaycpa.com\/tr\/wp-json\/wp\/v2\/pages\/9917"}],"wp:attachment":[{"href":"https:\/\/www.manaycpa.com\/tr\/wp-json\/wp\/v2\/media?parent=61566"}],"curies":[{"name":"wp","href":"https:\/\/api.w.org\/{rel}","templated":true}]}}