{"id":62195,"date":"2025-08-07T11:43:38","date_gmt":"2025-08-07T15:43:38","guid":{"rendered":"https:\/\/www.manaycpa.com\/?page_id=62195"},"modified":"2025-08-07T11:43:38","modified_gmt":"2025-08-07T15:43:38","slug":"yusuf-canak","status":"publish","type":"page","link":"https:\/\/www.manaycpa.com\/tr\/hakkimizda\/ekibimiz\/yusuf-canak\/","title":{"rendered":"Yusuf \u00c7anak"},"content":{"rendered":"<div class=\"wpb-content-wrapper\"><p>[vc_row full_width=&#8221;stretch_row&#8221; css=&#8221;.vc_custom_1629917069344{padding-top: 100px !important;padding-bottom: 80px !important;background-image: url(https:\/\/www.manaycpa.com\/wp-content\/uploads\/2021\/02\/team-manay-1s.jpg?id=8423) !important;}&#8221;][vc_column][vc_row_inner][vc_column_inner][vc_empty_space height=&#8221;50px&#8221;]<header class=\"kd-section-title col-lg-12 text-center  kd-animated fadeIn   vc_custom_1750090336699\" data-animation-delay=200><h2 class=\"separator_off\" style=\"color: #ffffff;font-size: 46px !important;\">Manay CPA Ekibi<\/h2><h6 class=\"subtitle \" style=\"color: #ffffff;\">\u0130\u015f d\u00fcnyas\u0131ndaki uzun y\u0131llard\u0131r s\u00fcregelen uzmanl\u0131\u011f\u0131m\u0131z ile her zaman size yard\u0131m etmeye haz\u0131r\u0131z.<\/h6><\/header>[\/vc_column_inner][\/vc_row_inner][\/vc_column][\/vc_row][vc_row][vc_column width=&#8221;1\/4&#8243; offset=&#8221;vc_col-lg-1&#8243;][\/vc_column][vc_column width=&#8221;1\/4&#8243; offset=&#8221;vc_col-lg-6&#8243;][vc_empty_space height=&#8221;50px&#8221;]<header class=\"kd-section-title col-lg-12 text-left  kd-animated fadeIn  \" data-animation-delay=200><h1 class=\"separator_off\" style=\"font-size: 37px !important;line-height: 44px;\">Yusuf \u00c7anak<\/h1><\/header><header class=\"kd-section-title col-lg-12 text-left  kd-animated fadeIn  \" data-animation-delay=200><h2 class=\"separator_off\" style=\"font-size: 22px !important;line-height: 44px;\">Jr. Accounting Associate<\/h2><\/header>[vc_empty_space height=&#8221;20px&#8221;]<a href=\"https:\/\/www.linkedin.com\/in\/yusufcanakk\/\" target=\"_blank\" title=\"https:\/\/www.linkedin.com\/in\/yusufcanakk\/\" class=\"tt_button tt_primary_button btn_primary_color  pull-left button-action-link\" rel=\"nofollow noopener\"><span class=\"prim_text\">L\u0131nkedIn<\/span><\/a>[\/vc_column][vc_column width=&#8221;1\/4&#8243; offset=&#8221;vc_col-lg-4&#8243;][vc_empty_space height=&#8221;50px&#8221;][vc_single_image image=&#8221;62257&#8243; img_size=&#8221;full&#8221; style=&#8221;vc_box_shadow_border&#8221; css_animation=&#8221;fadeInLeft&#8221; css=&#8221;&#8221;][\/vc_column][vc_column width=&#8221;1\/4&#8243;][\/vc_column][\/vc_row][vc_row css=&#8221;.vc_custom_1613295464983{padding-top: 100px !important;}&#8221;][vc_column width=&#8221;1\/12&#8243; offset=&#8221;vc_col-lg-1&#8243;][\/vc_column][vc_column width=&#8221;2\/3&#8243; css=&#8221;.vc_custom_1614418963997{padding-right: 25px !important;}&#8221; offset=&#8221;vc_col-lg-8 vc_col-md-12 vc_col-xs-12&#8243;][vc_column_text css=&#8221;&#8221;]<\/p>\n<h2>Profesyonel Deneyim<\/h2>\n<p>Yusuf \u00c7anak, Anadolu \u00dcniversitesi \u0130ktisat B\u00f6l\u00fcm\u00fc mezunudur ve ayr\u0131ca \u0130talya\u2019daki Padova<br \/>\n\u00dcniversitesi\u2019nde Uygulamal\u0131 Ekonomi \u00fczerine lisans\u00fcst\u00fc e\u011fitim alm\u0131\u015ft\u0131r. Finansal operasyonlar,<br \/>\nm\u00fc\u015fteri ili\u015fkileri y\u00f6netimi ve veri analizi alanlar\u0131nda g\u00fc\u00e7l\u00fc bir altyap\u0131ya sahiptir. Manay CPA\u2019den<br \/>\n\u00f6nce \u00e7e\u015fitli muhasebe ve finans s\u00fcre\u00e7lerinde g\u00f6rev alm\u0131\u015f; muhasebe kay\u0131tlar\u0131, hesap<br \/>\nmutabakatlar\u0131 ve raporlama gibi alanlarda pratik deneyim kazanm\u0131\u015ft\u0131r. \u0130\u015f yakla\u015f\u0131m\u0131nda<br \/>\ndo\u011frulu\u011fu, verimlili\u011fi ve m\u00fc\u015fteri ihtiya\u00e7lar\u0131n\u0131 anlamay\u0131 \u00f6n planda tutar.<\/p>\n<h2>Manay CPA\u2019deki Rol\u00fc<\/h2>\n<p>Manay CPA\u2019de Yusuf, Jr. Accounting Associate olarak muhasebe ve finans s\u00fcre\u00e7lerinin bir\u00e7ok<br \/>\nalan\u0131nda destek vermektedir. G\u00f6revleri aras\u0131nda m\u00fc\u015fteri onboarding s\u00fcrecine katk\u0131 sa\u011flamak,<br \/>\nfinansal kay\u0131tlar\u0131 do\u011fru \u015fekilde tutmak, hesap mutabakatlar\u0131 yapmak ve ayl\u0131k raporlar ile<br \/>\nanalizlerin haz\u0131rlanmas\u0131na destek olmak yer almaktad\u0131r. Ayr\u0131ca alacak\/bor\u00e7 y\u00f6netimi<br \/>\ns\u00fcre\u00e7lerinde aktif rol al\u0131r; 1099 formlar\u0131 ve sat\u0131\u015f vergisi beyannameleri dahil olmak \u00fczere<br \/>\nkurumsal ve bireysel vergi belgelerinin haz\u0131rlanmas\u0131na katk\u0131da bulunur. Yusuf, ABD GAAP<br \/>\nsistemine dair bilgisini geli\u015ftirmekte olup, bordro, amortisman tablolar\u0131 ve denetim haz\u0131rl\u0131klar\u0131<br \/>\ngibi konularda uygulamal\u0131 deneyim kazanmaya isteklidir.<\/p>\n<h2>Ki\u015fisel \u0130lgi Alanlar\u0131<\/h2>\n<p>\u0130\u015f d\u0131\u015f\u0131nda Yusuf, tenis oynamaktan, mant\u0131k bulmacalar\u0131 \u00e7\u00f6zmekten ve yeni k\u00fclt\u00fcrler tan\u0131mak i\u00e7in<br \/>\nseyahat etmekten keyif al\u0131r. Bu hobiler, onun odaklanma becerisini ve merak\u0131n\u0131 canl\u0131 tutar.<br \/>\nAyr\u0131ca fintech alan\u0131ndaki geli\u015fmeleri yak\u0131ndan takip eder; finans ve teknoloji kesi\u015fimindeki<br \/>\nyenilikleri hem ki\u015fisel ilgisi hem de mesleki hedefleri do\u011frultusunda de\u011ferlendirir.[\/vc_column_text][\/vc_column][\/vc_row][vc_row full_width=&#8221;stretch_row&#8221; css=&#8221;.vc_custom_1614419641251{background-color: #ffffff !important;}&#8221;][vc_column width=&#8221;1\/6&#8243; offset=&#8221;vc_col-lg-2&#8243;][\/vc_column][vc_column width=&#8221;2\/3&#8243; css=&#8221;.vc_custom_1614419340057{padding-right: 0px !important;padding-left: 0px !important;}&#8221; offset=&#8221;vc_col-lg-8&#8243;][vc_row_inner css=&#8221;.vc_custom_1511348683940{padding-top: 100px !important;padding-bottom: 100px !important;}&#8221;][vc_column_inner offset=&#8221;vc_col-lg-12 vc_col-md-12&#8243;][vc_custom_heading text=&#8221;Finansal ipu\u00e7lar\u0131, vergilerinizin son \u00f6deme tarihleri ve di\u011fer vergi stratejileri i\u00e7in b\u00fcltenimize abone olun&#8221; font_container=&#8221;tag:h3|font_size:23px%20!important|text_align:center|line_height:44px&#8221; use_theme_fonts=&#8221;yes&#8221; css_animation=&#8221;fadeIn&#8221; css=&#8221;.vc_custom_1617487578282{margin-bottom: 0px !important;}&#8221;][vc_empty_space height=&#8221;20px&#8221;][vc_raw_js]JTNDc2NyaXB0JTIwY2hhcnNldCUzRCUyMnV0Zi04JTIyJTIwdHlwZSUzRCUyMnRleHQlMkZqYXZhc2NyaXB0JTIyJTIwc3JjJTNEJTIyJTJGJTJGanMuaHNmb3Jtcy5uZXQlMkZmb3JtcyUyRnYyLmpzJTIyJTNFJTNDJTJGc2NyaXB0JTNFJTBBJTNDc2NyaXB0JTNFJTBBJTIwJTIwaGJzcHQuZm9ybXMuY3JlYXRlJTI4JTdCJTBBJTIwJTIwJTIwJTIwcmVnaW9uJTNBJTIwJTIybmExJTIyJTJDJTBBJTIwJTIwJTIwJTIwcG9ydGFsSWQlM0ElMjAlMjI2ODU1Njc0JTIyJTJDJTBBJTIwJTIwJTIwJTIwZm9ybUlkJTNBJTIwJTIyYjZhZGFjZGQtOWQ4Ni00YWI4LWJjYjQtZWY5ZTUzMzM4ZDg2JTIyJTBBJTIwJTIwJTdEJTI5JTNCJTBBJTNDJTJGc2NyaXB0JTNF[\/vc_raw_js][\/vc_column_inner][\/vc_row_inner][\/vc_column][vc_column width=&#8221;1\/6&#8243; offset=&#8221;vc_col-lg-2&#8243;][\/vc_column][\/vc_row]<\/p>\n<\/div>","protected":false},"excerpt":{"rendered":"<p>[vc_row full_width=&#8221;stretch_row&#8221; css=&#8221;.vc_custom_1629917069344{padding-top: 100px !important;padding-bottom: 80px !important;background-image: url(https:\/\/www.manaycpa.com\/wp-content\/uploads\/2021\/02\/team-manay-1s.jpg?id=8423) !important;}&#8221;][vc_column][vc_row_inner][vc_column_inner][vc_empty_space height=&#8221;50px&#8221;][\/vc_column_inner][\/vc_row_inner][\/vc_column][\/vc_row][vc_row][vc_column width=&#8221;1\/4&#8243; offset=&#8221;vc_col-lg-1&#8243;][\/vc_column][vc_column width=&#8221;1\/4&#8243; offset=&#8221;vc_col-lg-6&#8243;][vc_empty_space height=&#8221;50px&#8221;][vc_empty_space height=&#8221;20px&#8221;][\/vc_column][vc_column width=&#8221;1\/4&#8243; offset=&#8221;vc_col-lg-4&#8243;][vc_empty_space height=&#8221;50px&#8221;][vc_single_image image=&#8221;62257&#8243; img_size=&#8221;full&#8221; style=&#8221;vc_box_shadow_border&#8221; css_animation=&#8221;fadeInLeft&#8221; css=&#8221;&#8221;][\/vc_column][vc_column width=&#8221;1\/4&#8243;][\/vc_column][\/vc_row][vc_row css=&#8221;.vc_custom_1613295464983{padding-top: 100px !important;}&#8221;][vc_column width=&#8221;1\/12&#8243; offset=&#8221;vc_col-lg-1&#8243;][\/vc_column][vc_column [&hellip;]<\/p>\n","protected":false},"author":19,"featured_media":0,"parent":9917,"menu_order":0,"comment_status":"closed","ping_status":"closed","template":"","meta":{"footnotes":""},"class_list":["post-62195","page","type-page","status-publish","hentry"],"_links":{"self":[{"href":"https:\/\/www.manaycpa.com\/tr\/wp-json\/wp\/v2\/pages\/62195","targetHints":{"allow":["GET"]}}],"collection":[{"href":"https:\/\/www.manaycpa.com\/tr\/wp-json\/wp\/v2\/pages"}],"about":[{"href":"https:\/\/www.manaycpa.com\/tr\/wp-json\/wp\/v2\/types\/page"}],"author":[{"embeddable":true,"href":"https:\/\/www.manaycpa.com\/tr\/wp-json\/wp\/v2\/users\/19"}],"replies":[{"embeddable":true,"href":"https:\/\/www.manaycpa.com\/tr\/wp-json\/wp\/v2\/comments?post=62195"}],"version-history":[{"count":5,"href":"https:\/\/www.manaycpa.com\/tr\/wp-json\/wp\/v2\/pages\/62195\/revisions"}],"predecessor-version":[{"id":62260,"href":"https:\/\/www.manaycpa.com\/tr\/wp-json\/wp\/v2\/pages\/62195\/revisions\/62260"}],"up":[{"embeddable":true,"href":"https:\/\/www.manaycpa.com\/tr\/wp-json\/wp\/v2\/pages\/9917"}],"wp:attachment":[{"href":"https:\/\/www.manaycpa.com\/tr\/wp-json\/wp\/v2\/media?parent=62195"}],"curies":[{"name":"wp","href":"https:\/\/api.w.org\/{rel}","templated":true}]}}