{"id":62388,"date":"2025-08-04T16:53:33","date_gmt":"2025-08-04T20:53:33","guid":{"rendered":"https:\/\/www.manaycpa.com\/?page_id=62388"},"modified":"2025-08-04T17:08:26","modified_gmt":"2025-08-04T21:08:26","slug":"sevda-duman","status":"publish","type":"page","link":"https:\/\/www.manaycpa.com\/tr\/hakkimizda\/ekibimiz\/sevda-duman\/","title":{"rendered":"Sevda Duman"},"content":{"rendered":"<div class=\"wpb-content-wrapper\"><p>[vc_row full_width=&#8221;stretch_row&#8221; css=&#8221;.vc_custom_1629917069344{padding-top: 100px !important;padding-bottom: 80px !important;background-image: url(https:\/\/www.manaycpa.com\/wp-content\/uploads\/2021\/02\/team-manay-1s.jpg?id=8423) !important;}&#8221;][vc_column][vc_row_inner][vc_column_inner][vc_empty_space height=&#8221;50px&#8221;]<header class=\"kd-section-title col-lg-12 text-center  kd-animated fadeIn   vc_custom_1750090336699\" data-animation-delay=200><h2 class=\"separator_off\" style=\"color: #ffffff;font-size: 46px !important;\">Manay CPA Ekibi<\/h2><h6 class=\"subtitle \" style=\"color: #ffffff;\">\u0130\u015f d\u00fcnyas\u0131ndaki uzun y\u0131llard\u0131r s\u00fcregelen uzmanl\u0131\u011f\u0131m\u0131z ile her zaman size yard\u0131m etmeye haz\u0131r\u0131z.<\/h6><\/header>[\/vc_column_inner][\/vc_row_inner][\/vc_column][\/vc_row][vc_row][vc_column width=&#8221;1\/4&#8243; offset=&#8221;vc_col-lg-1&#8243;][\/vc_column][vc_column width=&#8221;1\/4&#8243; offset=&#8221;vc_col-lg-6&#8243;][vc_empty_space height=&#8221;50px&#8221;]<header class=\"kd-section-title col-lg-12 text-left  kd-animated fadeIn  \" data-animation-delay=200><h1 class=\"separator_off\" style=\"font-size: 37px !important;line-height: 44px;\">Sevda Duman<\/h1><\/header><header class=\"kd-section-title col-lg-12 text-left  kd-animated fadeIn  \" data-animation-delay=200><h2 class=\"separator_off\" style=\"font-size: 22px !important;line-height: 44px;\">Accounting Associate<\/h2><\/header>[vc_empty_space height=&#8221;20px&#8221;]<a href=\"https:\/\/www.linkedin.com\/in\/sevdaduman\/\" target=\"_blank\" title=\"\" class=\"tt_button tt_primary_button btn_primary_color  pull-left button-action-link\" rel=\"nofollow noopener\"><span class=\"prim_text\">L\u0131nkedIn<\/span><\/a>[\/vc_column][vc_column width=&#8221;1\/4&#8243; offset=&#8221;vc_col-lg-4&#8243;][vc_empty_space height=&#8221;50px&#8221;][vc_single_image image=&#8221;62389&#8243; img_size=&#8221;full&#8221; style=&#8221;vc_box_shadow_border&#8221; css_animation=&#8221;fadeInLeft&#8221; css=&#8221;&#8221;][\/vc_column][vc_column width=&#8221;1\/4&#8243;][\/vc_column][\/vc_row][vc_row css=&#8221;.vc_custom_1613295464983{padding-top: 100px !important;}&#8221;][vc_column width=&#8221;1\/12&#8243; offset=&#8221;vc_col-lg-1&#8243;][\/vc_column][vc_column width=&#8221;2\/3&#8243; css=&#8221;.vc_custom_1614418963997{padding-right: 25px !important;}&#8221; offset=&#8221;vc_col-lg-8 vc_col-md-12 vc_col-xs-12&#8243;][vc_column_text css=&#8221;&#8221;]<\/p>\n<h3><b>Profesyonel Deneyim<\/b><\/h3>\n<p>Sevda Duman, muhasebe ve finans alan\u0131nda sekiz y\u0131l\u0131 a\u015fk\u0131n deneyime sahip lisansl\u0131 bir muhasebecidir. \u00dcretim ve yarat\u0131c\u0131 end\u00fcstriler de dahil olmak \u00fczere \u00e7e\u015fitli sekt\u00f6rlerde \u00e7al\u0131\u015fm\u0131\u015f, stratejik karar alma s\u00fcre\u00e7lerini desteklemi\u015ftir. Kurumsal rollerine ek olarak, ailesine ait end\u00fcstriyel at\u0131k ya\u011f geri d\u00f6n\u00fc\u015f\u00fcm firmas\u0131nda lisans &amp; belgelendirme projelerine liderlik etmi\u015f; \u00e7evresel ve operasyonel izinleri ba\u015far\u0131yla alm\u0131\u015f ve akredite bir laboratuvar kurmu\u015ftur. Finansal operasyonlar ve proje liderli\u011fi alan\u0131ndaki ge\u00e7mi\u015fi, \u00e7ok y\u00f6nl\u00fc ve proaktif bir profesyonel bak\u0131\u015f a\u00e7\u0131s\u0131n\u0131 yans\u0131tmaktad\u0131r.<\/p>\n<h3><b><\/b><b style=\"font-size: 16px;\">Manay CPA&#8217;deki Rol\u00fc<\/b><\/h3>\n<p>Manay CPA b\u00fcnyesinde Sevda, Muhasebe Uzman\u0131 olarak g\u00f6rev yapmaktad\u0131r. Sorumluluklar\u0131 aras\u0131nda muhasebe kay\u0131tlar\u0131n\u0131n tutulmas\u0131, mutabakatlar\u0131n yap\u0131lmas\u0131, m\u00fc\u015fteri kay\u0131tlar\u0131n\u0131n do\u011fru \u015fekilde s\u00fcrd\u00fcr\u00fclmesi ve yerel ile uluslararas\u0131 standartlara uygun finansal raporlamaya katk\u0131 sa\u011flanmas\u0131 yer almaktad\u0131r. Sonu\u00e7 odakl\u0131 yakla\u015f\u0131m\u0131yla, y\u00fcksek kaliteli hizmet sunulmas\u0131nda ve detaylara dikkat ederek ekibini desteklemede \u00f6nemli bir rol oynamaktad\u0131r.<\/p>\n<h3><b>Ki\u015fisel \u0130lgi Alanlar\u0131<\/b><\/h3>\n<p>\u0130\u015f d\u0131\u015f\u0131nda, Sevda do\u011fayla vakit ge\u00e7irmeyi; y\u00fcr\u00fcy\u00fc\u015f yapmay\u0131 ve kamp yapmay\u0131 sevmektedir. Ayn\u0131 zamanda seyahat etmeyi sever ve gezileri s\u0131ras\u0131nda dikkatini \u00e7eken yerleri ve anlar\u0131 foto\u011fraflamaktan keyif alir. A\u00e7\u0131k hava aktivitelerine ek olarak, psikolojiye \u00f6zel bir ilgisi vard\u0131r; \u00f6zellikle ili\u015fki dinamikleri ve \u00f6z fark\u0131ndal\u0131k alanlar\u0131nda. Psikolojik perspektifler \u00fczerine okumay\u0131 ve d\u00fc\u015f\u00fcnmeyi sever; Carl Jung, Engin Ge\u00e7tan ve \u00d6zge Orbay\u2019\u0131n fikirlerinden \u00f6zellikle ilham al\u0131r. Yurt d\u0131\u015f\u0131nda ya\u015famak, ona farkl\u0131 ya\u015fam tarzlar\u0131n\u0131 deneyimleme f\u0131rsat\u0131 sunmu\u015ftur ve g\u00fcnl\u00fck etkile\u015fimler ile seyahatler yoluyla yeni k\u00fclt\u00fcrleri ke\u015ffetmekten keyif al\u0131r.[\/vc_column_text][\/vc_column][\/vc_row][vc_row full_width=&#8221;stretch_row&#8221; css=&#8221;.vc_custom_1614419641251{background-color: #ffffff !important;}&#8221;][vc_column width=&#8221;1\/6&#8243; offset=&#8221;vc_col-lg-2&#8243;][\/vc_column][vc_column width=&#8221;2\/3&#8243; css=&#8221;.vc_custom_1614419340057{padding-right: 0px !important;padding-left: 0px !important;}&#8221; offset=&#8221;vc_col-lg-8&#8243;][vc_row_inner css=&#8221;.vc_custom_1511348683940{padding-top: 100px !important;padding-bottom: 100px !important;}&#8221;][vc_column_inner offset=&#8221;vc_col-lg-12 vc_col-md-12&#8243;][vc_custom_heading text=&#8221;Finansal ipu\u00e7lar\u0131, vergilerinizin son \u00f6deme tarihleri ve di\u011fer vergi stratejileri i\u00e7in b\u00fcltenimize abone olun&#8221; font_container=&#8221;tag:h3|font_size:23px%20!important|text_align:center|line_height:44px&#8221; use_theme_fonts=&#8221;yes&#8221; css_animation=&#8221;fadeIn&#8221; css=&#8221;.vc_custom_1617487578282{margin-bottom: 0px !important;}&#8221;][vc_empty_space height=&#8221;20px&#8221;][vc_raw_js]JTNDc2NyaXB0JTIwY2hhcnNldCUzRCUyMnV0Zi04JTIyJTIwdHlwZSUzRCUyMnRleHQlMkZqYXZhc2NyaXB0JTIyJTIwc3JjJTNEJTIyJTJGJTJGanMuaHNmb3Jtcy5uZXQlMkZmb3JtcyUyRnYyLmpzJTIyJTNFJTNDJTJGc2NyaXB0JTNFJTBBJTNDc2NyaXB0JTNFJTBBJTIwJTIwaGJzcHQuZm9ybXMuY3JlYXRlJTI4JTdCJTBBJTIwJTIwJTIwJTIwcmVnaW9uJTNBJTIwJTIybmExJTIyJTJDJTBBJTIwJTIwJTIwJTIwcG9ydGFsSWQlM0ElMjAlMjI2ODU1Njc0JTIyJTJDJTBBJTIwJTIwJTIwJTIwZm9ybUlkJTNBJTIwJTIyYjZhZGFjZGQtOWQ4Ni00YWI4LWJjYjQtZWY5ZTUzMzM4ZDg2JTIyJTBBJTIwJTIwJTdEJTI5JTNCJTBBJTNDJTJGc2NyaXB0JTNF[\/vc_raw_js][\/vc_column_inner][\/vc_row_inner][\/vc_column][vc_column width=&#8221;1\/6&#8243; offset=&#8221;vc_col-lg-2&#8243;][\/vc_column][\/vc_row]<\/p>\n<\/div>","protected":false},"excerpt":{"rendered":"<p>[vc_row full_width=&#8221;stretch_row&#8221; css=&#8221;.vc_custom_1629917069344{padding-top: 100px !important;padding-bottom: 80px !important;background-image: url(https:\/\/www.manaycpa.com\/wp-content\/uploads\/2021\/02\/team-manay-1s.jpg?id=8423) !important;}&#8221;][vc_column][vc_row_inner][vc_column_inner][vc_empty_space height=&#8221;50px&#8221;][\/vc_column_inner][\/vc_row_inner][\/vc_column][\/vc_row][vc_row][vc_column width=&#8221;1\/4&#8243; offset=&#8221;vc_col-lg-1&#8243;][\/vc_column][vc_column width=&#8221;1\/4&#8243; offset=&#8221;vc_col-lg-6&#8243;][vc_empty_space height=&#8221;50px&#8221;][vc_empty_space height=&#8221;20px&#8221;][\/vc_column][vc_column width=&#8221;1\/4&#8243; offset=&#8221;vc_col-lg-4&#8243;][vc_empty_space height=&#8221;50px&#8221;][vc_single_image image=&#8221;62389&#8243; img_size=&#8221;full&#8221; style=&#8221;vc_box_shadow_border&#8221; css_animation=&#8221;fadeInLeft&#8221; css=&#8221;&#8221;][\/vc_column][vc_column width=&#8221;1\/4&#8243;][\/vc_column][\/vc_row][vc_row css=&#8221;.vc_custom_1613295464983{padding-top: 100px !important;}&#8221;][vc_column width=&#8221;1\/12&#8243; offset=&#8221;vc_col-lg-1&#8243;][\/vc_column][vc_column [&hellip;]<\/p>\n","protected":false},"author":19,"featured_media":0,"parent":9917,"menu_order":0,"comment_status":"closed","ping_status":"closed","template":"","meta":{"footnotes":""},"class_list":["post-62388","page","type-page","status-publish","hentry"],"_links":{"self":[{"href":"https:\/\/www.manaycpa.com\/tr\/wp-json\/wp\/v2\/pages\/62388","targetHints":{"allow":["GET"]}}],"collection":[{"href":"https:\/\/www.manaycpa.com\/tr\/wp-json\/wp\/v2\/pages"}],"about":[{"href":"https:\/\/www.manaycpa.com\/tr\/wp-json\/wp\/v2\/types\/page"}],"author":[{"embeddable":true,"href":"https:\/\/www.manaycpa.com\/tr\/wp-json\/wp\/v2\/users\/19"}],"replies":[{"embeddable":true,"href":"https:\/\/www.manaycpa.com\/tr\/wp-json\/wp\/v2\/comments?post=62388"}],"version-history":[{"count":4,"href":"https:\/\/www.manaycpa.com\/tr\/wp-json\/wp\/v2\/pages\/62388\/revisions"}],"predecessor-version":[{"id":62397,"href":"https:\/\/www.manaycpa.com\/tr\/wp-json\/wp\/v2\/pages\/62388\/revisions\/62397"}],"up":[{"embeddable":true,"href":"https:\/\/www.manaycpa.com\/tr\/wp-json\/wp\/v2\/pages\/9917"}],"wp:attachment":[{"href":"https:\/\/www.manaycpa.com\/tr\/wp-json\/wp\/v2\/media?parent=62388"}],"curies":[{"name":"wp","href":"https:\/\/api.w.org\/{rel}","templated":true}]}}