{"id":62432,"date":"2025-08-07T10:16:59","date_gmt":"2025-08-07T14:16:59","guid":{"rendered":"https:\/\/www.manaycpa.com\/?page_id=62432"},"modified":"2025-08-07T10:16:59","modified_gmt":"2025-08-07T14:16:59","slug":"melike-aydogan","status":"publish","type":"page","link":"https:\/\/www.manaycpa.com\/tr\/hakkimizda\/ekibimiz\/melike-aydogan\/","title":{"rendered":"Melike Aydo\u011fan"},"content":{"rendered":"<div class=\"wpb-content-wrapper\"><p>[vc_row full_width=&#8221;stretch_row&#8221; css=&#8221;.vc_custom_1629917069344{padding-top: 100px !important;padding-bottom: 80px !important;background-image: url(https:\/\/www.manaycpa.com\/wp-content\/uploads\/2021\/02\/team-manay-1s.jpg?id=8423) !important;}&#8221;][vc_column][vc_row_inner][vc_column_inner][vc_empty_space height=&#8221;50px&#8221;]<header class=\"kd-section-title col-lg-12 text-center  kd-animated fadeIn   vc_custom_1754574791597\" data-animation-delay=200><h2 class=\"separator_off\" style=\"color: #ffffff;font-size: 46px !important;\">Manay CPA Ekibi<\/h2><h6 class=\"subtitle \" style=\"color: #ffffff;\">\u0130\u015f d\u00fcnyas\u0131ndaki uzun y\u0131llard\u0131r s\u00fcregelen uzmanl\u0131\u011f\u0131m\u0131z ile her zaman size yard\u0131m etmeye haz\u0131r\u0131z.<\/h6><\/header>[\/vc_column_inner][\/vc_row_inner][\/vc_column][\/vc_row][vc_row][vc_column width=&#8221;1\/4&#8243; offset=&#8221;vc_col-lg-1&#8243;][\/vc_column][vc_column width=&#8221;1\/4&#8243; offset=&#8221;vc_col-lg-6&#8243;][vc_empty_space height=&#8221;50px&#8221;]<header class=\"kd-section-title col-lg-12 text-left  kd-animated fadeIn  \" data-animation-delay=200><h1 class=\"separator_off\" style=\"font-size: 37px !important;line-height: 44px;\">Melike Aydo\u011fan<\/h1><\/header><header class=\"kd-section-title col-lg-12 text-left  kd-animated fadeIn  \" data-animation-delay=200><h2 class=\"separator_off\" style=\"font-size: 22px !important;line-height: 44px;\">Jr. Accounting Associate<\/h2><\/header>[vc_empty_space height=&#8221;20px&#8221;]<a href=\"https:\/\/www.linkedin.com\/in\/melikeaydoanbusiness\/\" target=\"_blank\" title=\"https:\/\/www.linkedin.com\/in\/melikeaydoanbusiness\/\" class=\"tt_button tt_primary_button btn_primary_color  pull-left button-action-link\" rel=\"nofollow noopener\"><span class=\"prim_text\">L\u0131nkedIn<\/span><\/a>[\/vc_column][vc_column width=&#8221;1\/4&#8243; offset=&#8221;vc_col-lg-4&#8243;][vc_empty_space height=&#8221;50px&#8221;][vc_single_image image=&#8221;62427&#8243; img_size=&#8221;full&#8221; style=&#8221;vc_box_shadow_border&#8221; css_animation=&#8221;fadeInLeft&#8221; css=&#8221;&#8221;][\/vc_column][vc_column width=&#8221;1\/4&#8243;][\/vc_column][\/vc_row][vc_row css=&#8221;.vc_custom_1613295464983{padding-top: 100px !important;}&#8221;][vc_column width=&#8221;1\/12&#8243; offset=&#8221;vc_col-lg-1&#8243;][\/vc_column][vc_column width=&#8221;2\/3&#8243; css=&#8221;.vc_custom_1614418963997{padding-right: 25px !important;}&#8221; offset=&#8221;vc_col-lg-8 vc_col-md-12 vc_col-xs-12&#8243;][vc_column_text css=&#8221;&#8221;]<\/p>\n<h3><b>Profesyonel Deneyim<br \/>\n<\/b><\/h3>\n<p>Melike, lisans e\u011fitimini \u00c7ankaya \u00dcniversitesi&#8217;nde Ekonomi b\u00f6l\u00fcm\u00fcnde tamamlad\u0131. \u0130ki yaz boyunca ABD&#8217;de Work and Travel program\u0131na kat\u0131larak hizmet sekt\u00f6r\u00fcnde deneyim kazand\u0131. Kariyerine Campusedu&#8217;da Sat\u0131\u015f Uzman\u0131 olarak ba\u015flad\u0131; burada \u00f6\u011frencilere uluslararas\u0131 de\u011fi\u015fim programlar\u0131 hakk\u0131nda dan\u0131\u015fmanl\u0131k yapt\u0131 ve ABD sponsorlar\u0131yla koordinasyonu sa\u011flad\u0131. G\u00fcney Kore&#8217;deki Incheon National University&#8217;de MBA program\u0131n\u0131 tamamlad\u0131 ve bu s\u00fcre\u00e7te R, SQL, SPSS ve Microsoft Office kullanarak veri analizi becerilerini geli\u015ftirdi. Kore&#8217;de Songdo K\u00fclt\u00fcr M\u00fczesi&#8217;nde K\u00fclt\u00fcrel E\u011fitim Koordinat\u00f6r\u00fc olarak \u00e7al\u0131\u015ft\u0131 ve iki dilli e\u011fitim programlar\u0131 geli\u015ftirdi. Son olarak Seul\u2019de Gmoney Trans \u015firketinde Pazarlama Uzman\u0131 olarak \u00e7al\u0131\u015ft\u0131; pazarlama kampanyalar\u0131n\u0131 y\u00f6netti ve markan\u0131n dijital varl\u0131\u011f\u0131n\u0131 s\u00fcrd\u00fcrd\u00fc. \u00c7e\u015fitli akademik ve profesyonel deneyimleri, kendisine \u00e7ok k\u00fclt\u00fcrl\u00fc ortamlarda g\u00fc\u00e7l\u00fc ileti\u015fim, analiz ve organizasyon becerileri kazand\u0131rd\u0131.<\/p>\n<h3><b><\/b><b style=\"font-size: 16px;\">Manay CPA\u2019deki Rol\u00fc<br \/>\n<\/b><\/h3>\n<p>Melike, Manay CPA\u2019de Junior Associate (Gen\u00e7 Uzman) olarak \u00e7al\u0131\u015fmaktad\u0131r. M\u00fc\u015fteri kat\u0131l\u0131m\u0131, \u015firket kurulu\u015fu, fatura d\u00fczenleme, mali tablo haz\u0131rl\u0131\u011f\u0131 ve vergiyle ilgili hizmetler gibi kilit alanlarda destek sa\u011flar. Ayr\u0131ca bordro i\u015flemlerinin y\u00f6netimine de yard\u0131mc\u0131 olur. Melike, Manay CPA ekibinin s\u0131cak, aile benzeri bir atmosfer yaratt\u0131\u011f\u0131n\u0131 d\u00fc\u015f\u00fcn\u00fcyor ve b\u00f6yle samimi ve destekleyici bir ortam\u0131n par\u00e7as\u0131 olmaktan b\u00fcy\u00fck keyif al\u0131yor. Ekibin sundu\u011fu geli\u015fim f\u0131rsatlar\u0131n\u0131 da kariyer yolculu\u011funun \u00f6nemli bir par\u00e7as\u0131 olarak g\u00f6r\u00fcyor.<\/p>\n<h3><b>Ki\u015fisel \u0130lgi Alanlar\u0131<br \/>\n<\/b><\/h3>\n<p>Melike, hip-hop ve Latin danslar\u0131nda hem keyif hem de \u00f6zg\u00fcrl\u00fck buluyor; bu danslar onun i\u00e7in stres atman\u0131n ve kendini ifade etmenin favori yollar\u0131. Yeni diller \u00f6\u011frenmeyi ve farkl\u0131 k\u00fclt\u00fcrleri tan\u0131may\u0131 seviyor. Seyahat etmek ise ona b\u00fcy\u00fck bir mutluluk veriyor, \u00e7\u00fcnk\u00fc hayat\u0131 farkl\u0131 bak\u0131\u015f a\u00e7\u0131lar\u0131ndan deneyimlemesine olanak tan\u0131yor.[\/vc_column_text][\/vc_column][\/vc_row][vc_row full_width=&#8221;stretch_row&#8221; css=&#8221;.vc_custom_1614419641251{background-color: #ffffff !important;}&#8221;][vc_column width=&#8221;1\/6&#8243; offset=&#8221;vc_col-lg-2&#8243;][\/vc_column][vc_column width=&#8221;2\/3&#8243; css=&#8221;.vc_custom_1614419340057{padding-right: 0px !important;padding-left: 0px !important;}&#8221; offset=&#8221;vc_col-lg-8&#8243;][vc_row_inner css=&#8221;.vc_custom_1511348683940{padding-top: 100px !important;padding-bottom: 100px !important;}&#8221;][vc_column_inner offset=&#8221;vc_col-lg-12 vc_col-md-12&#8243;][vc_custom_heading text=&#8221;Subscribe to our newsletter, receive financial tips, tax due dates, and tax strategies in your inbox&#8221; font_container=&#8221;tag:h3|font_size:23px%20!important|text_align:center|line_height:44px&#8221; use_theme_fonts=&#8221;yes&#8221; css_animation=&#8221;fadeIn&#8221; css=&#8221;.vc_custom_1614419247765{margin-bottom: 0px !important;}&#8221;][vc_empty_space height=&#8221;20px&#8221;][vc_raw_js]JTNDc2NyaXB0JTIwY2hhcnNldCUzRCUyMnV0Zi04JTIyJTIwdHlwZSUzRCUyMnRleHQlMkZqYXZhc2NyaXB0JTIyJTIwc3JjJTNEJTIyJTJGJTJGanMuaHNmb3Jtcy5uZXQlMkZmb3JtcyUyRnYyLmpzJTIyJTNFJTNDJTJGc2NyaXB0JTNFJTBBJTNDc2NyaXB0JTNFJTBBJTIwJTIwaGJzcHQuZm9ybXMuY3JlYXRlJTI4JTdCJTBBJTIwJTIwJTIwJTIwcmVnaW9uJTNBJTIwJTIybmExJTIyJTJDJTBBJTIwJTIwJTIwJTIwcG9ydGFsSWQlM0ElMjAlMjI2ODU1Njc0JTIyJTJDJTBBJTIwJTIwJTIwJTIwZm9ybUlkJTNBJTIwJTIyOGI4OTIyNzEtZDZiZC00ZjM5LTkxMTgtYmZkMWRhMGZlYTBhJTIyJTBBJTIwJTIwJTdEJTI5JTNCJTBBJTNDJTJGc2NyaXB0JTNF[\/vc_raw_js][\/vc_column_inner][\/vc_row_inner][\/vc_column][vc_column width=&#8221;1\/6&#8243; offset=&#8221;vc_col-lg-2&#8243;][\/vc_column][\/vc_row]<\/p>\n<\/div>","protected":false},"excerpt":{"rendered":"<p>[vc_row full_width=&#8221;stretch_row&#8221; css=&#8221;.vc_custom_1629917069344{padding-top: 100px !important;padding-bottom: 80px !important;background-image: url(https:\/\/www.manaycpa.com\/wp-content\/uploads\/2021\/02\/team-manay-1s.jpg?id=8423) !important;}&#8221;][vc_column][vc_row_inner][vc_column_inner][vc_empty_space height=&#8221;50px&#8221;][\/vc_column_inner][\/vc_row_inner][\/vc_column][\/vc_row][vc_row][vc_column width=&#8221;1\/4&#8243; offset=&#8221;vc_col-lg-1&#8243;][\/vc_column][vc_column width=&#8221;1\/4&#8243; offset=&#8221;vc_col-lg-6&#8243;][vc_empty_space height=&#8221;50px&#8221;][vc_empty_space height=&#8221;20px&#8221;][\/vc_column][vc_column width=&#8221;1\/4&#8243; offset=&#8221;vc_col-lg-4&#8243;][vc_empty_space height=&#8221;50px&#8221;][vc_single_image image=&#8221;62427&#8243; img_size=&#8221;full&#8221; style=&#8221;vc_box_shadow_border&#8221; css_animation=&#8221;fadeInLeft&#8221; css=&#8221;&#8221;][\/vc_column][vc_column width=&#8221;1\/4&#8243;][\/vc_column][\/vc_row][vc_row css=&#8221;.vc_custom_1613295464983{padding-top: 100px !important;}&#8221;][vc_column width=&#8221;1\/12&#8243; offset=&#8221;vc_col-lg-1&#8243;][\/vc_column][vc_column [&hellip;]<\/p>\n","protected":false},"author":19,"featured_media":0,"parent":9917,"menu_order":0,"comment_status":"closed","ping_status":"closed","template":"","meta":{"footnotes":""},"class_list":["post-62432","page","type-page","status-publish","hentry"],"_links":{"self":[{"href":"https:\/\/www.manaycpa.com\/tr\/wp-json\/wp\/v2\/pages\/62432","targetHints":{"allow":["GET"]}}],"collection":[{"href":"https:\/\/www.manaycpa.com\/tr\/wp-json\/wp\/v2\/pages"}],"about":[{"href":"https:\/\/www.manaycpa.com\/tr\/wp-json\/wp\/v2\/types\/page"}],"author":[{"embeddable":true,"href":"https:\/\/www.manaycpa.com\/tr\/wp-json\/wp\/v2\/users\/19"}],"replies":[{"embeddable":true,"href":"https:\/\/www.manaycpa.com\/tr\/wp-json\/wp\/v2\/comments?post=62432"}],"version-history":[{"count":3,"href":"https:\/\/www.manaycpa.com\/tr\/wp-json\/wp\/v2\/pages\/62432\/revisions"}],"predecessor-version":[{"id":62435,"href":"https:\/\/www.manaycpa.com\/tr\/wp-json\/wp\/v2\/pages\/62432\/revisions\/62435"}],"up":[{"embeddable":true,"href":"https:\/\/www.manaycpa.com\/tr\/wp-json\/wp\/v2\/pages\/9917"}],"wp:attachment":[{"href":"https:\/\/www.manaycpa.com\/tr\/wp-json\/wp\/v2\/media?parent=62432"}],"curies":[{"name":"wp","href":"https:\/\/api.w.org\/{rel}","templated":true}]}}