{"id":63073,"date":"2025-09-18T05:57:28","date_gmt":"2025-09-18T09:57:28","guid":{"rendered":"https:\/\/www.manaycpa.com\/?page_id=63073"},"modified":"2025-10-07T11:13:17","modified_gmt":"2025-10-07T15:13:17","slug":"webinar-15-ekim-uzatma-surecindeki-2024-vergi-beyanlari","status":"publish","type":"page","link":"https:\/\/www.manaycpa.com\/tr\/webinar-15-ekim-uzatma-surecindeki-2024-vergi-beyanlari\/","title":{"rendered":"Son G\u00fcn 15 Ekim! Uzatma S\u00fcrecindeki 2024 Vergi Beyanlar\u0131 \u0130\u00e7in Detayl\u0131 Rehber"},"content":{"rendered":"<div class=\"wpb-content-wrapper\"><p>[vc_row full_width=&#8221;stretch_row&#8221; content_placement=&#8221;middle&#8221; css=&#8221;.vc_custom_1725908848263{margin-top: 10px !important;padding-top: 100px !important;padding-bottom: 40px !important;background-color: #eeeeee !important;}&#8221; el_class=&#8221;okan_test&#8221;][vc_column width=&#8221;1\/2&#8243; offset=&#8221;vc_col-lg-6 vc_col-md-12&#8243;][vc_row_inner css=&#8221;.vc_custom_1539591907369{margin-top: 30px !important;}&#8221;][vc_column_inner css=&#8221;.vc_custom_1707937967671{padding-right: 0px !important;padding-left: 0px !important;}&#8221; offset=&#8221;vc_col-lg-offset-0 vc_col-lg-12 vc_col-md-offset-1 vc_col-md-12 vc_col-sm-offset-0&#8243;][vc_single_image image=&#8221;63088&#8243; img_size=&#8221;full&#8221; alignment=&#8221;center&#8221; css_animation=&#8221;fadeIn&#8221; css=&#8221;.vc_custom_1758191014476{margin-bottom: 0px !important;}&#8221;][\/vc_column_inner][\/vc_row_inner][\/vc_column][vc_column width=&#8221;1\/2&#8243; css=&#8221;.vc_custom_1539591979391{padding-left: 0px !important;}&#8221; offset=&#8221;vc_col-lg-6 vc_col-md-12&#8243;][vc_row_inner content_placement=&#8221;middle&#8221; css=&#8221;.vc_custom_1707938103074{padding-top: 100px !important;}&#8221;][vc_column_inner width=&#8221;5\/6&#8243; css=&#8221;.vc_custom_1707938047102{padding-right: 0px !important;padding-left: 0px !important;}&#8221; offset=&#8221;vc_col-lg-offset-2 vc_col-lg-10 vc_col-md-offset-2 vc_col-md-10&#8243;]<header class=\"kd-section-title col-lg-12 text-left  kd-animated fadeIn  \" data-animation-delay=200><h2 class=\"separator_off\" >Webinara Kat\u0131lmak i\u00e7in Formu Doldurun<\/h2><\/header>[vc_raw_js]JTNDc2NyaXB0JTIwY2hhcnNldCUzRCUyMnV0Zi04JTIyJTIwdHlwZSUzRCUyMnRleHQlMkZqYXZhc2NyaXB0JTIyJTIwc3JjJTNEJTIyJTJGJTJGanMuaHNmb3Jtcy5uZXQlMkZmb3JtcyUyRmVtYmVkJTJGdjIuanMlMjIlM0UlM0MlMkZzY3JpcHQlM0UlMEElM0NzY3JpcHQlM0UlMEElMjAlMjBoYnNwdC5mb3Jtcy5jcmVhdGUlMjglN0IlMEElMjAlMjAlMjAlMjBwb3J0YWxJZCUzQSUyMCUyMjY4NTU2NzQlMjIlMkMlMEElMjAlMjAlMjAlMjBmb3JtSWQlM0ElMjAlMjJhZmZiZGQwMi1mZjlmLTRlOGYtODJmMi01Nzg5NjkyZmM2MTQlMjIlMkMlMEElMjAlMjAlMjAlMjByZWdpb24lM0ElMjAlMjJuYTElMjIlMEElMjAlMjAlN0QlMjklM0IlMEElM0MlMkZzY3JpcHQlM0U=[\/vc_raw_js][\/vc_column_inner][\/vc_row_inner][\/vc_column][\/vc_row][vc_row full_width=&#8221;stretch_row&#8221; css=&#8221;.vc_custom_1707938357558{padding-top: 40px !important;padding-bottom: 40px !important;}&#8221;][vc_column width=&#8221;1\/2&#8243; offset=&#8221;vc_col-lg-12 vc_col-md-12&#8243;][vc_row_inner css=&#8221;.vc_custom_1539591907369{margin-top: 30px !important;}&#8221;][vc_column_inner css=&#8221;.vc_custom_1707936513652{padding-right: 0px !important;padding-left: 0px !important;}&#8221; offset=&#8221;vc_col-lg-offset-0 vc_col-lg-12 vc_col-md-offset-1 vc_col-md-12 vc_col-sm-offset-0&#8243;][\/vc_column_inner][\/vc_row_inner][vc_row_inner css=&#8221;.vc_custom_1513613877158{margin-top: 10px !important;margin-bottom: 35px !important;}&#8221;][vc_column_inner css=&#8221;.vc_custom_1707936191448{padding-left: 0px !important;}&#8221; offset=&#8221;vc_col-lg-offset-0 vc_col-lg-12 vc_col-md-offset-1 vc_col-md-12 vc_col-xs-12&#8243;][vc_column_text css=&#8221;&#8221;]<\/p>\n<h1 aria-level=\"3\"><b><span data-contrast=\"none\">\ud83c\udf93 Son G\u00fcn 15 Ekim! Uzatma S\u00fcrecindeki 2024 Vergi Beyanlar\u0131 \u0130\u00e7in Detayl\u0131 Rehber<\/span><\/b><span data-ccp-props=\"{&quot;134245418&quot;:false,&quot;134245529&quot;:false,&quot;335559738&quot;:280,&quot;335559739&quot;:80}\">\u00a0<\/span><\/h1>\n<h2><b><span data-contrast=\"auto\">15 Ekim 2025 son tarihine haz\u0131r m\u0131s\u0131n\u0131z?<\/span><\/b><span data-ccp-props=\"{&quot;335559738&quot;:240,&quot;335559739&quot;:240}\">\u00a0<\/span><\/h2>\n<p><span data-contrast=\"auto\">Uzatma talebinde bulunan vergi y\u00fck\u00fcml\u00fcleri i\u00e7in do\u011fru, eksiksiz ve zaman\u0131nda beyan s\u00fcrecine dair t\u00fcm kritik bilgileri ele alaca\u011f\u0131m\u0131z bu \u00fccretsiz webinarda yerinizi ay\u0131rt\u0131n!<\/span><span data-ccp-props=\"{&quot;335559738&quot;:240,&quot;335559739&quot;:240}\">\u00a0<\/span><\/p>\n<p><span data-contrast=\"auto\">\ud83d\udcc5 <\/span><b><span data-contrast=\"auto\">Tarih:<\/span><\/b><span data-contrast=\"auto\"> 2 Ekim 2025, Per\u015fembe<\/span><br \/>\n<span data-contrast=\"auto\">\ud83d\udd51 <\/span><b><span data-contrast=\"auto\">Saat:<\/span><\/b><span data-contrast=\"auto\"> 16:00 (T\u00fcrkiye Saati) \/ 09:00 AM (ET)<\/span><span data-ccp-props=\"{&quot;335559738&quot;:240,&quot;335559739&quot;:240}\">\u00a0<\/span><\/p>\n<h3 aria-level=\"3\"><b><span data-contrast=\"none\">\ud83c\udfa4 Konu\u015fmac\u0131lar:<\/span><\/b><span data-ccp-props=\"{&quot;134245418&quot;:false,&quot;134245529&quot;:false,&quot;335559738&quot;:280,&quot;335559739&quot;:80}\">\u00a0<\/span><\/h3>\n<ul>\n<li aria-setsize=\"-1\" data-leveltext=\"\u25cf\" data-font=\"\" data-listid=\"2\" data-list-defn-props=\"{&quot;335552541&quot;:1,&quot;335559685&quot;:720,&quot;335559991&quot;:360,&quot;469769242&quot;:[8226],&quot;469777803&quot;:&quot;left&quot;,&quot;469777804&quot;:&quot;\u25cf&quot;,&quot;469777815&quot;:&quot;multilevel&quot;}\" data-aria-posinset=\"1\" data-aria-level=\"1\"><a href=\"https:\/\/www.manaycpa.com\/tr\/hakkimizda\/ekibimiz\/burak-inam\/\"><span data-contrast=\"auto\">Burak Inam \u2013 Manay CPA Ekip Lider<\/span><\/a><\/li>\n<\/ul>\n<ul>\n<li aria-setsize=\"-1\" data-leveltext=\"\u25cf\" data-font=\"\" data-listid=\"2\" data-list-defn-props=\"{&quot;335552541&quot;:1,&quot;335559685&quot;:720,&quot;335559991&quot;:360,&quot;469769242&quot;:[8226],&quot;469777803&quot;:&quot;left&quot;,&quot;469777804&quot;:&quot;\u25cf&quot;,&quot;469777815&quot;:&quot;multilevel&quot;}\" data-aria-posinset=\"2\" data-aria-level=\"1\"><span data-contrast=\"auto\">Moderat\u00f6r<\/span><b><span data-contrast=\"auto\">:<\/span><\/b><a href=\"https:\/\/www.manaycpa.com\/tr\/hakkimizda\/ekibimiz\/meltem-cerci\/\"><span data-contrast=\"auto\"> Meltem \u00c7er\u00e7i \u2013 Manay CPA Sat\u0131\u015f Uzman\u0131<\/span><\/a><span data-ccp-props=\"{&quot;335559739&quot;:240}\">\u00a0<\/span><\/li>\n<\/ul>\n<h2 aria-level=\"3\"><b><span data-contrast=\"none\">\ud83d\udccc Webinarda Neler \u00d6\u011freneceksiniz?<\/span><\/b><span data-ccp-props=\"{&quot;134245418&quot;:false,&quot;134245529&quot;:false,&quot;335559738&quot;:280,&quot;335559739&quot;:80}\">\u00a0<\/span><\/h2>\n<p><span data-contrast=\"auto\">\u23f3 <\/span><b><span data-contrast=\"auto\">15 Ekim Beyan S\u00fcrecini Sorunsuz Tamamlaman\u0131n Yollar\u0131<\/span><\/b><br \/>\n<span data-contrast=\"auto\">Beyan\u0131n\u0131z\u0131 do\u011fru, eksiksiz ve yasal uyumlulu\u011fa uygun \u015fekilde tamamlamak i\u00e7in son ad\u0131mlar\u0131 \u00f6\u011frenin.<\/span><span data-ccp-props=\"{&quot;335559738&quot;:240,&quot;335559739&quot;:240}\">\u00a0<\/span><\/p>\n<p><span data-contrast=\"auto\">\ud83d\udcc5 <\/span><b><span data-contrast=\"auto\">Kritik Son G\u00fcn ve Gecikmenin Riskleri<\/span><\/b><br \/>\n<span data-contrast=\"auto\">15 Ekim yakla\u015f\u0131rken, zaman\u0131nda beyan edilmeyen vergilerin yol a\u00e7abilece\u011fi sonu\u00e7lar\u0131 g\u00f6zden ge\u00e7irin.<\/span><span data-ccp-props=\"{&quot;335559738&quot;:240,&quot;335559739&quot;:240}\">\u00a0<\/span><\/p>\n<p><span data-contrast=\"auto\">\ud83d\udcc4 <\/span><b><span data-contrast=\"auto\">Uzatma S\u00fcrecinde Dikkat Edilmesi Gerekenler<\/span><\/b><br \/>\n<span data-contrast=\"auto\">Daha \u00f6nce ek s\u00fcre ald\u0131ysan\u0131z, son g\u00fcn\u00fc sorunsuz atlatman\u0131z i\u00e7in bilmeniz gerekenleri ke\u015ffedin.<\/span><span data-ccp-props=\"{&quot;335559738&quot;:240,&quot;335559739&quot;:240}\">\u00a0<\/span><\/p>\n<p><span data-contrast=\"auto\">\u2705 <\/span><b><span data-contrast=\"auto\">Bireyler ve \u015eirketler \u0130\u00e7in Vergi Avantajlar\u0131<\/span><\/b><br \/>\n<span data-contrast=\"auto\">Vergi y\u00fck\u00fcn\u00fcz\u00fc azaltman\u0131n yollar\u0131n\u0131 \u00f6\u011frenin: mevcut kesinti ve te\u015fviklerden en iyi \u015fekilde faydalan\u0131n.<\/span><span data-ccp-props=\"{&quot;335559738&quot;:240,&quot;335559739&quot;:240}\">\u00a0<\/span><\/p>\n<p><span data-contrast=\"auto\">\ud83d\uddfd <\/span><b><span data-contrast=\"auto\">Yayg\u0131n Hatalar ve Ka\u00e7\u0131nma Y\u00f6ntemleri<\/span><\/b><br \/>\n<span data-contrast=\"auto\">15 Ekim \u00f6ncesinde vergi y\u00fck\u00fcml\u00fclerinin en s\u0131k yapt\u0131\u011f\u0131 hatalar\u0131 \u00f6\u011frenin ve bu hatalardan nas\u0131l ka\u00e7\u0131nabilece\u011finizi ke\u015ffedin.<\/span><span data-ccp-props=\"{&quot;335559738&quot;:240,&quot;335559739&quot;:240}\">\u00a0<\/span><\/p>\n<p><span data-contrast=\"auto\">\ud83d\udc68\ud83c\udffb\u200d\ud83d\udcbb <\/span><b><span data-contrast=\"auto\">Uzman G\u00f6r\u00fc\u015f\u00fc ile Canl\u0131 Soru-Cevap Oturumu<\/span><\/b><br \/>\n<span data-contrast=\"auto\">T\u00fcm sorular\u0131n\u0131z\u0131 do\u011frudan <\/span><b><span data-contrast=\"auto\">Manay CPA Ekip Lideri Burak Inam<\/span><\/b><span data-contrast=\"auto\">\u2019a ileterek uzman deste\u011fi al\u0131n.<\/span><span data-ccp-props=\"{&quot;335559738&quot;:240,&quot;335559739&quot;:240}\">\u00a0<\/span><\/p>\n<h2 aria-level=\"3\"><b><span data-contrast=\"none\">\ud83d\udc65 Kimler Kat\u0131lmal\u0131?<\/span><\/b><span data-ccp-props=\"{&quot;134245418&quot;:false,&quot;134245529&quot;:false,&quot;335559738&quot;:280,&quot;335559739&quot;:80}\">\u00a0<\/span><\/h2>\n<ul>\n<li aria-setsize=\"-1\" data-leveltext=\"\u25cf\" data-font=\"\" data-listid=\"1\" data-list-defn-props=\"{&quot;335552541&quot;:1,&quot;335559685&quot;:720,&quot;335559991&quot;:360,&quot;469769242&quot;:[8226],&quot;469777803&quot;:&quot;left&quot;,&quot;469777804&quot;:&quot;\u25cf&quot;,&quot;469777815&quot;:&quot;multilevel&quot;}\" data-aria-posinset=\"1\" data-aria-level=\"1\"><span data-contrast=\"auto\">Vergi y\u00fck\u00fcml\u00fcl\u00fcklerini son dakikada panik yapmadan y\u00f6netmek isteyenler<\/span><span data-ccp-props=\"{&quot;335559738&quot;:240}\">\u00a0<\/span><\/li>\n<\/ul>\n<ul>\n<li aria-setsize=\"-1\" data-leveltext=\"\u25cf\" data-font=\"\" data-listid=\"1\" data-list-defn-props=\"{&quot;335552541&quot;:1,&quot;335559685&quot;:720,&quot;335559991&quot;:360,&quot;469769242&quot;:[8226],&quot;469777803&quot;:&quot;left&quot;,&quot;469777804&quot;:&quot;\u25cf&quot;,&quot;469777815&quot;:&quot;multilevel&quot;}\" data-aria-posinset=\"2\" data-aria-level=\"1\"><span data-contrast=\"auto\">\u0130\u015fletmesini b\u00fcy\u00fct\u00fcrken vergi s\u00fcre\u00e7lerini de do\u011fru planlamak isteyen giri\u015fimciler<\/span><span data-ccp-props=\"{}\">\u00a0<\/span><\/li>\n<\/ul>\n<ul>\n<li aria-setsize=\"-1\" data-leveltext=\"\u25cf\" data-font=\"\" data-listid=\"1\" data-list-defn-props=\"{&quot;335552541&quot;:1,&quot;335559685&quot;:720,&quot;335559991&quot;:360,&quot;469769242&quot;:[8226],&quot;469777803&quot;:&quot;left&quot;,&quot;469777804&quot;:&quot;\u25cf&quot;,&quot;469777815&quot;:&quot;multilevel&quot;}\" data-aria-posinset=\"3\" data-aria-level=\"1\"><span data-contrast=\"auto\">Vergi risklerini azalt\u0131p finansal avantajlar\u0131n\u0131 art\u0131rmak isteyen profesyoneller<\/span><span data-ccp-props=\"{}\">\u00a0<\/span><\/li>\n<\/ul>\n<ul>\n<li aria-setsize=\"-1\" data-leveltext=\"\u25cf\" data-font=\"\" data-listid=\"1\" data-list-defn-props=\"{&quot;335552541&quot;:1,&quot;335559685&quot;:720,&quot;335559991&quot;:360,&quot;469769242&quot;:[8226],&quot;469777803&quot;:&quot;left&quot;,&quot;469777804&quot;:&quot;\u25cf&quot;,&quot;469777815&quot;:&quot;multilevel&quot;}\" data-aria-posinset=\"4\" data-aria-level=\"1\"><span data-contrast=\"auto\">Amerika\u2019daki vergi avantajlar\u0131ndan maksimum fayda sa\u011flamak isteyen herkes<\/span><span data-ccp-props=\"{&quot;335559739&quot;:240}\">\u00a0<\/span><\/li>\n<\/ul>\n<p>[\/vc_column_text][\/vc_column_inner][\/vc_row_inner][\/vc_column][\/vc_row]<\/p>\n<\/div>","protected":false},"excerpt":{"rendered":"<p>[vc_row full_width=&#8221;stretch_row&#8221; content_placement=&#8221;middle&#8221; css=&#8221;.vc_custom_1725908848263{margin-top: 10px !important;padding-top: 100px !important;padding-bottom: 40px !important;background-color: #eeeeee !important;}&#8221; el_class=&#8221;okan_test&#8221;][vc_column width=&#8221;1\/2&#8243; offset=&#8221;vc_col-lg-6 vc_col-md-12&#8243;][vc_row_inner css=&#8221;.vc_custom_1539591907369{margin-top: 30px !important;}&#8221;][vc_column_inner css=&#8221;.vc_custom_1707937967671{padding-right: 0px !important;padding-left: 0px !important;}&#8221; offset=&#8221;vc_col-lg-offset-0 vc_col-lg-12 vc_col-md-offset-1 vc_col-md-12 vc_col-sm-offset-0&#8243;][vc_single_image image=&#8221;63088&#8243; [&hellip;]<\/p>\n","protected":false},"author":19,"featured_media":0,"parent":0,"menu_order":0,"comment_status":"closed","ping_status":"closed","template":"","meta":{"footnotes":""},"class_list":["post-63073","page","type-page","status-publish","hentry"],"_links":{"self":[{"href":"https:\/\/www.manaycpa.com\/tr\/wp-json\/wp\/v2\/pages\/63073","targetHints":{"allow":["GET"]}}],"collection":[{"href":"https:\/\/www.manaycpa.com\/tr\/wp-json\/wp\/v2\/pages"}],"about":[{"href":"https:\/\/www.manaycpa.com\/tr\/wp-json\/wp\/v2\/types\/page"}],"author":[{"embeddable":true,"href":"https:\/\/www.manaycpa.com\/tr\/wp-json\/wp\/v2\/users\/19"}],"replies":[{"embeddable":true,"href":"https:\/\/www.manaycpa.com\/tr\/wp-json\/wp\/v2\/comments?post=63073"}],"version-history":[{"count":10,"href":"https:\/\/www.manaycpa.com\/tr\/wp-json\/wp\/v2\/pages\/63073\/revisions"}],"predecessor-version":[{"id":63503,"href":"https:\/\/www.manaycpa.com\/tr\/wp-json\/wp\/v2\/pages\/63073\/revisions\/63503"}],"wp:attachment":[{"href":"https:\/\/www.manaycpa.com\/tr\/wp-json\/wp\/v2\/media?parent=63073"}],"curies":[{"name":"wp","href":"https:\/\/api.w.org\/{rel}","templated":true}]}}