{"id":63839,"date":"2025-10-23T11:28:50","date_gmt":"2025-10-23T15:28:50","guid":{"rendered":"https:\/\/www.manaycpa.com\/?page_id=63839"},"modified":"2025-10-23T15:55:04","modified_gmt":"2025-10-23T19:55:04","slug":"catch-up-bookkeeping-ile-yil-sonu-hazirligi-vergi-planlamasi-ve-ipuclari","status":"publish","type":"page","link":"https:\/\/www.manaycpa.com\/tr\/catch-up-bookkeeping-ile-yil-sonu-hazirligi-vergi-planlamasi-ve-ipuclari\/","title":{"rendered":"Catch-Up Bookkeeping ile Y\u0131l Sonu Haz\u0131rl\u0131\u011f\u0131: Vergi Planlamas\u0131 ve \u0130pu\u00e7lar\u0131"},"content":{"rendered":"<div class=\"wpb-content-wrapper\"><p>[vc_row full_width=&#8221;stretch_row&#8221; content_placement=&#8221;middle&#8221; css=&#8221;.vc_custom_1707940799286{padding-top: 40px !important;padding-bottom: 40px !important;background-color: #eeeeee !important;}&#8221; el_class=&#8221;okan_test&#8221;][vc_column width=&#8221;1\/2&#8243; offset=&#8221;vc_col-lg-6 vc_col-md-12&#8243;][vc_row_inner css=&#8221;.vc_custom_1539591907369{margin-top: 30px !important;}&#8221;][vc_column_inner css=&#8221;.vc_custom_1761233083994{padding-top: 40px !important;padding-right: 0px !important;padding-left: 0px !important;}&#8221; offset=&#8221;vc_col-lg-offset-0 vc_col-lg-12 vc_col-md-offset-1 vc_col-md-12 vc_col-sm-offset-0&#8243;][vc_single_image image=&#8221;63854&#8243; img_size=&#8221;full&#8221; alignment=&#8221;center&#8221; css_animation=&#8221;fadeIn&#8221; css=&#8221;.vc_custom_1761233061687{margin-bottom: 0px !important;}&#8221;][\/vc_column_inner][\/vc_row_inner][\/vc_column][vc_column width=&#8221;1\/2&#8243; css=&#8221;.vc_custom_1539591979391{padding-left: 0px !important;}&#8221; offset=&#8221;vc_col-lg-6 vc_col-md-12&#8243;][vc_row_inner content_placement=&#8221;middle&#8221; css=&#8221;.vc_custom_1707938103074{padding-top: 100px !important;}&#8221;][vc_column_inner width=&#8221;5\/6&#8243; css=&#8221;.vc_custom_1707938047102{padding-right: 0px !important;padding-left: 0px !important;}&#8221; offset=&#8221;vc_col-lg-offset-2 vc_col-lg-10 vc_col-md-offset-2 vc_col-md-10&#8243;]<header class=\"kd-section-title col-lg-12 text-left  kd-animated fadeIn  \" data-animation-delay=200><h2 class=\"separator_off\" >\u0130zlemek \u0130\u00e7in Formu Doldurun<\/h2><\/header>[vc_raw_js]JTNDc2NyaXB0JTIwY2hhcnNldCUzRCUyMnV0Zi04JTIyJTIwdHlwZSUzRCUyMnRleHQlMkZqYXZhc2NyaXB0JTIyJTIwc3JjJTNEJTIyJTJGJTJGanMuaHNmb3Jtcy5uZXQlMkZmb3JtcyUyRmVtYmVkJTJGdjIuanMlMjIlM0UlM0MlMkZzY3JpcHQlM0UlMEElM0NzY3JpcHQlM0UlMEElMjAlMjBoYnNwdC5mb3Jtcy5jcmVhdGUlMjglN0IlMEElMjAlMjAlMjAlMjBwb3J0YWxJZCUzQSUyMCUyMjY4NTU2NzQlMjIlMkMlMEElMjAlMjAlMjAlMjBmb3JtSWQlM0ElMjAlMjIwMjZhMDI2NS1kYjY4LTRlNGYtOWQwOS0xYmEyNDc3Mjc2OWMlMjIlMkMlMEElMjAlMjAlMjAlMjByZWdpb24lM0ElMjAlMjJuYTElMjIlMEElMjAlMjAlN0QlMjklM0IlMEElM0MlMkZzY3JpcHQlM0U=[\/vc_raw_js][\/vc_column_inner][\/vc_row_inner][\/vc_column][\/vc_row][vc_row full_width=&#8221;stretch_row&#8221; css=&#8221;.vc_custom_1707938357558{padding-top: 40px !important;padding-bottom: 40px !important;}&#8221;][vc_column width=&#8221;1\/2&#8243; offset=&#8221;vc_col-lg-12 vc_col-md-12&#8243;][vc_row_inner css=&#8221;.vc_custom_1539591907369{margin-top: 30px !important;}&#8221;][vc_column_inner css=&#8221;.vc_custom_1707936513652{padding-right: 0px !important;padding-left: 0px !important;}&#8221; offset=&#8221;vc_col-lg-offset-0 vc_col-lg-12 vc_col-md-offset-1 vc_col-md-12 vc_col-sm-offset-0&#8243;]<header class=\"kd-section-title col-lg-12 text-left  kd-animated fadeIn  \" data-animation-delay=200><h2 class=\"separator_off\" >Catch-Up Bookkeeping ile Y\u0131l Sonu Haz\u0131rl\u0131\u011f\u0131: Vergi Planlamas\u0131 ve \u0130pu\u00e7lar\u0131<\/h2><\/header>[\/vc_column_inner][\/vc_row_inner][vc_row_inner css=&#8221;.vc_custom_1513613877158{margin-top: 10px !important;margin-bottom: 35px !important;}&#8221;][vc_column_inner css=&#8221;.vc_custom_1707936191448{padding-left: 0px !important;}&#8221; offset=&#8221;vc_col-lg-offset-0 vc_col-lg-12 vc_col-md-offset-1 vc_col-md-12 vc_col-xs-12&#8243;][vc_column_text css_animation=&#8221;fadeIn&#8221; css=&#8221;&#8221;]<\/p>\n<h2 aria-level=\"2\"><span data-contrast=\"none\">Y\u0131l Sonu Yakla\u015f\u0131yor!<\/span><span data-ccp-props=\"{&quot;134245418&quot;:true,&quot;134245529&quot;:true,&quot;335559738&quot;:160,&quot;335559739&quot;:80}\">\u00a0<\/span><\/h2>\n<p><span data-contrast=\"auto\">Y\u0131l sonu vergi haz\u0131rl\u0131klar\u0131n\u0131z\u0131 daha kolay ve do\u011fru bir \u015fekilde yapabilmeniz i\u00e7in t\u00fcm kritik bilgileri payla\u015faca\u011f\u0131m\u0131z webinar\u0131m\u0131za davetlisiniz. Meltem \u00c7erci ve Bar\u0131\u015f Day\u2019\u0131n rehberli\u011finde, Catch-Up Bookkeeping s\u00fcrecini nas\u0131l verimli bir \u015fekilde y\u00f6netebilece\u011finizi ve y\u0131l sonu vergi planlaman\u0131z\u0131 nas\u0131l optimize edebilece\u011finizi \u00f6\u011freneceksiniz. Vergi y\u00fck\u00fcml\u00fcl\u00fcklerinizi eksiksiz ve do\u011fru bir \u015fekilde yerine getirebilmeniz i\u00e7in ihtiyac\u0131n\u0131z olan t\u00fcm bilgileri sunacak bu \u00fccretsiz webinarda yerinizi ay\u0131rt\u0131n!\u00a0<\/span><span data-ccp-props=\"{}\">\u00a0<\/span><\/p>\n<p><span data-ccp-props=\"{}\">\u00a0<\/span><\/p>\n<p><b><span data-contrast=\"auto\">\ud83d\udcc5<\/span><\/b><b><span data-contrast=\"auto\"> Tarih:<\/span><\/b><span data-contrast=\"auto\"> 20 Kas\u0131m 2025<\/span><br \/>\n<b><span data-contrast=\"auto\">\ud83d\udd51<\/span><\/b><b><span data-contrast=\"auto\"> Saat:<\/span><\/b><span data-contrast=\"auto\"> 20:00 (T\u00fcrkiye Saati) \/ 12:00 PM (EST)<\/span><span data-ccp-props=\"{}\">\u00a0<\/span><\/p>\n<p><b><span data-contrast=\"auto\">\ud83c\udfa4<\/span><\/b><b><span data-contrast=\"auto\"> Konu\u015fmac\u0131lar:<\/span><\/b><span data-ccp-props=\"{}\">\u00a0<\/span><\/p>\n<ul>\n<li aria-setsize=\"-1\" data-leveltext=\"\uf0b7\" data-font=\"Symbol\" data-listid=\"1\" data-list-defn-props=\"{&quot;335552541&quot;:1,&quot;335559685&quot;:720,&quot;335559991&quot;:360,&quot;469769226&quot;:&quot;Symbol&quot;,&quot;469769242&quot;:[8226],&quot;469777803&quot;:&quot;left&quot;,&quot;469777804&quot;:&quot;\uf0b7&quot;,&quot;469777815&quot;:&quot;multilevel&quot;}\" data-aria-posinset=\"1\" data-aria-level=\"1\"><b><span data-contrast=\"auto\">Meltem \u00c7erci<\/span><\/b><span data-contrast=\"auto\"> \u2013Manay CPA, K\u0131demli Sat\u0131\u015f Uzman\u0131<\/span><span data-ccp-props=\"{}\">\u00a0<\/span><\/li>\n<\/ul>\n<ul>\n<li aria-setsize=\"-1\" data-leveltext=\"\uf0b7\" data-font=\"Symbol\" data-listid=\"1\" data-list-defn-props=\"{&quot;335552541&quot;:1,&quot;335559685&quot;:720,&quot;335559991&quot;:360,&quot;469769226&quot;:&quot;Symbol&quot;,&quot;469769242&quot;:[8226],&quot;469777803&quot;:&quot;left&quot;,&quot;469777804&quot;:&quot;\uf0b7&quot;,&quot;469777815&quot;:&quot;multilevel&quot;}\" data-aria-posinset=\"2\" data-aria-level=\"1\"><b><span data-contrast=\"auto\">Bar\u0131\u015f Day<\/span><\/b><span data-contrast=\"auto\"> \u2013 Manay CPA, K\u0131demli Ekip Lideri<\/span><span data-ccp-props=\"{}\">\u00a0<\/span><\/li>\n<\/ul>\n<p><span data-ccp-props=\"{}\">\u00a0<\/span><\/p>\n<p><b><span data-contrast=\"auto\">Webinarda Neler \u00d6\u011freneceksiniz?<\/span><\/b><span data-ccp-props=\"{}\">\u00a0<\/span><\/p>\n<ul>\n<li aria-setsize=\"-1\" data-leveltext=\"\uf0b7\" data-font=\"Symbol\" data-listid=\"2\" data-list-defn-props=\"{&quot;335552541&quot;:1,&quot;335559685&quot;:720,&quot;335559991&quot;:360,&quot;469769226&quot;:&quot;Symbol&quot;,&quot;469769242&quot;:[8226],&quot;469777803&quot;:&quot;left&quot;,&quot;469777804&quot;:&quot;\uf0b7&quot;,&quot;469777815&quot;:&quot;multilevel&quot;}\" data-aria-posinset=\"1\" data-aria-level=\"1\"><b><span data-contrast=\"auto\">Catch-Up Bookkeeping Nedir ve Neden \u00d6nemlidir?<\/span><\/b><br \/>\n<span data-contrast=\"auto\">Y\u0131l sonu vergi y\u00fck\u00fcml\u00fcl\u00fcklerinizi do\u011fru \u015fekilde yerine getirmek i\u00e7in Catch-Up Bookkeeping s\u00fcrecinin nas\u0131l i\u015fledi\u011fini ve bunun neden kritik oldu\u011funu ke\u015ffedin.<\/span><span data-ccp-props=\"{}\">\u00a0<\/span><\/li>\n<\/ul>\n<ul>\n<li aria-setsize=\"-1\" data-leveltext=\"\uf0b7\" data-font=\"Symbol\" data-listid=\"2\" data-list-defn-props=\"{&quot;335552541&quot;:1,&quot;335559685&quot;:720,&quot;335559991&quot;:360,&quot;469769226&quot;:&quot;Symbol&quot;,&quot;469769242&quot;:[8226],&quot;469777803&quot;:&quot;left&quot;,&quot;469777804&quot;:&quot;\uf0b7&quot;,&quot;469777815&quot;:&quot;multilevel&quot;}\" data-aria-posinset=\"2\" data-aria-level=\"1\"><b><span data-contrast=\"auto\">Y\u0131l Sonu Vergi Planlamas\u0131nda Yap\u0131lmas\u0131 Gereken Son Ad\u0131mlar<\/span><\/b><br \/>\n<span data-contrast=\"auto\">Catch-Up Bookkeeping ile y\u0131l sonuna yakla\u015f\u0131rken, vergi y\u00fck\u00fcml\u00fcl\u00fcklerinizi eksiksiz ve do\u011fru \u015fekilde tamamlamak i\u00e7in yapman\u0131z gerekenleri \u00f6\u011frenin.<\/span><span data-ccp-props=\"{}\">\u00a0<\/span><\/li>\n<\/ul>\n<ul>\n<li aria-setsize=\"-1\" data-leveltext=\"\uf0b7\" data-font=\"Symbol\" data-listid=\"2\" data-list-defn-props=\"{&quot;335552541&quot;:1,&quot;335559685&quot;:720,&quot;335559991&quot;:360,&quot;469769226&quot;:&quot;Symbol&quot;,&quot;469769242&quot;:[8226],&quot;469777803&quot;:&quot;left&quot;,&quot;469777804&quot;:&quot;\uf0b7&quot;,&quot;469777815&quot;:&quot;multilevel&quot;}\" data-aria-posinset=\"3\" data-aria-level=\"1\"><b><span data-contrast=\"auto\">Vergi Planlamas\u0131 i\u00e7in \u0130pu\u00e7lar\u0131 ve Stratejiler<\/span><\/b><br \/>\n<span data-contrast=\"auto\">\u0130\u015fletmeniz i\u00e7in en verimli vergi planlamas\u0131 stratejilerini belirleyin, vergi avantajlar\u0131ndan nas\u0131l yararlanabilece\u011finizi \u00f6\u011frenin.<\/span><span data-ccp-props=\"{}\">\u00a0<\/span><\/li>\n<\/ul>\n<ul>\n<li aria-setsize=\"-1\" data-leveltext=\"\uf0b7\" data-font=\"Symbol\" data-listid=\"2\" data-list-defn-props=\"{&quot;335552541&quot;:1,&quot;335559685&quot;:720,&quot;335559991&quot;:360,&quot;469769226&quot;:&quot;Symbol&quot;,&quot;469769242&quot;:[8226],&quot;469777803&quot;:&quot;left&quot;,&quot;469777804&quot;:&quot;\uf0b7&quot;,&quot;469777815&quot;:&quot;multilevel&quot;}\" data-aria-posinset=\"4\" data-aria-level=\"1\"><b><span data-contrast=\"auto\">Y\u0131l Sonu Raporlamas\u0131nda Dikkat Edilmesi Gerekenler<\/span><\/b><br \/>\n<span data-contrast=\"auto\">Y\u0131l sonu kapan\u0131\u015f i\u015flemleri s\u0131ras\u0131nda yap\u0131lmas\u0131 gereken kritik hesaplamalar\u0131 ve raporlar\u0131 ad\u0131m ad\u0131m ele al\u0131n.<\/span><span data-ccp-props=\"{}\">\u00a0<\/span><\/li>\n<\/ul>\n<ul>\n<li aria-setsize=\"-1\" data-leveltext=\"\uf0b7\" data-font=\"Symbol\" data-listid=\"2\" data-list-defn-props=\"{&quot;335552541&quot;:1,&quot;335559685&quot;:720,&quot;335559991&quot;:360,&quot;469769226&quot;:&quot;Symbol&quot;,&quot;469769242&quot;:[8226],&quot;469777803&quot;:&quot;left&quot;,&quot;469777804&quot;:&quot;\uf0b7&quot;,&quot;469777815&quot;:&quot;multilevel&quot;}\" data-aria-posinset=\"5\" data-aria-level=\"1\"><b><span data-contrast=\"auto\">Y\u0131l Sonu \u00d6ncesi Vergi Risklerini Azaltma Y\u00f6ntemleri<\/span><\/b><br \/>\n<span data-contrast=\"auto\">Catch-Up Bookkeeping ile vergisel risklerinizi nas\u0131l minimize edebilece\u011finizi ve olas\u0131 cezalar\u0131n \u00f6n\u00fcne ge\u00e7ebilece\u011finizi \u00f6\u011frenin.<\/span><span data-ccp-props=\"{}\">\u00a0<\/span><\/li>\n<\/ul>\n<ul>\n<li aria-setsize=\"-1\" data-leveltext=\"\uf0b7\" data-font=\"Symbol\" data-listid=\"2\" data-list-defn-props=\"{&quot;335552541&quot;:1,&quot;335559685&quot;:720,&quot;335559991&quot;:360,&quot;469769226&quot;:&quot;Symbol&quot;,&quot;469769242&quot;:[8226],&quot;469777803&quot;:&quot;left&quot;,&quot;469777804&quot;:&quot;\uf0b7&quot;,&quot;469777815&quot;:&quot;multilevel&quot;}\" data-aria-posinset=\"6\" data-aria-level=\"1\"><b><span data-contrast=\"auto\">Bireysel ve \u015eirket Vergi Avantajlar\u0131<\/span><\/b><br \/>\n<span data-contrast=\"auto\">Y\u0131l sonu vergi avantajlar\u0131ndan nas\u0131l faydalanabilece\u011finizi ke\u015ffedin ve vergi y\u00fck\u00fcn\u00fcz\u00fc azaltman\u0131n yollar\u0131n\u0131 \u00f6\u011frenin.<\/span><span data-ccp-props=\"{}\">\u00a0<\/span><\/li>\n<\/ul>\n<ul>\n<li aria-setsize=\"-1\" data-leveltext=\"\uf0b7\" data-font=\"Symbol\" data-listid=\"2\" data-list-defn-props=\"{&quot;335552541&quot;:1,&quot;335559685&quot;:720,&quot;335559991&quot;:360,&quot;469769226&quot;:&quot;Symbol&quot;,&quot;469769242&quot;:[8226],&quot;469777803&quot;:&quot;left&quot;,&quot;469777804&quot;:&quot;\uf0b7&quot;,&quot;469777815&quot;:&quot;multilevel&quot;}\" data-aria-posinset=\"7\" data-aria-level=\"1\"><b><span data-contrast=\"auto\">Canl\u0131 Soru-Cevap Oturumu<\/span><\/b><br \/>\n<span data-contrast=\"auto\">Manay CPA K\u0131demli Ekip Lideri Bar\u0131\u015f Day\u2019a t\u00fcm sorular\u0131n\u0131z\u0131 sorarak uzman deste\u011fi al\u0131n.<\/span><span data-ccp-props=\"{}\">\u00a0<\/span><\/li>\n<\/ul>\n<p><span data-ccp-props=\"{}\">\u00a0<\/span><\/p>\n<p><b><span data-contrast=\"auto\">Kimler Kat\u0131lmal\u0131?<\/span><\/b><span data-ccp-props=\"{}\">\u00a0<\/span><\/p>\n<ul>\n<li aria-setsize=\"-1\" data-leveltext=\"\uf0b7\" data-font=\"Symbol\" data-listid=\"3\" data-list-defn-props=\"{&quot;335552541&quot;:1,&quot;335559685&quot;:720,&quot;335559991&quot;:360,&quot;469769226&quot;:&quot;Symbol&quot;,&quot;469769242&quot;:[8226],&quot;469777803&quot;:&quot;left&quot;,&quot;469777804&quot;:&quot;\uf0b7&quot;,&quot;469777815&quot;:&quot;multilevel&quot;}\" data-aria-posinset=\"1\" data-aria-level=\"1\"><span data-contrast=\"auto\">Y\u0131l sonu vergi haz\u0131rl\u0131klar\u0131n\u0131 zaman\u0131nda ve eksiksiz yapmak isteyen herkes<\/span><span data-ccp-props=\"{}\">\u00a0<\/span><\/li>\n<\/ul>\n<ul>\n<li aria-setsize=\"-1\" data-leveltext=\"\uf0b7\" data-font=\"Symbol\" data-listid=\"3\" data-list-defn-props=\"{&quot;335552541&quot;:1,&quot;335559685&quot;:720,&quot;335559991&quot;:360,&quot;469769226&quot;:&quot;Symbol&quot;,&quot;469769242&quot;:[8226],&quot;469777803&quot;:&quot;left&quot;,&quot;469777804&quot;:&quot;\uf0b7&quot;,&quot;469777815&quot;:&quot;multilevel&quot;}\" data-aria-posinset=\"2\" data-aria-level=\"1\"><span data-contrast=\"auto\">\u0130\u015fletmelerinde Catch-Up Bookkeeping s\u00fcrecini nas\u0131l d\u00fczg\u00fcn i\u015fletece\u011fini \u00f6\u011frenmek isteyen giri\u015fimciler<\/span><span data-ccp-props=\"{}\">\u00a0<\/span><\/li>\n<\/ul>\n<ul>\n<li aria-setsize=\"-1\" data-leveltext=\"\uf0b7\" data-font=\"Symbol\" data-listid=\"3\" data-list-defn-props=\"{&quot;335552541&quot;:1,&quot;335559685&quot;:720,&quot;335559991&quot;:360,&quot;469769226&quot;:&quot;Symbol&quot;,&quot;469769242&quot;:[8226],&quot;469777803&quot;:&quot;left&quot;,&quot;469777804&quot;:&quot;\uf0b7&quot;,&quot;469777815&quot;:&quot;multilevel&quot;}\" data-aria-posinset=\"3\" data-aria-level=\"1\"><span data-contrast=\"auto\">Vergi y\u00fck\u00fcml\u00fcl\u00fcklerini minimuma indirirken finansal avantajlar sa\u011flamay\u0131 hedefleyen profesyoneller<\/span><span data-ccp-props=\"{}\">\u00a0<\/span><\/li>\n<\/ul>\n<ul>\n<li aria-setsize=\"-1\" data-leveltext=\"\uf0b7\" data-font=\"Symbol\" data-listid=\"3\" data-list-defn-props=\"{&quot;335552541&quot;:1,&quot;335559685&quot;:720,&quot;335559991&quot;:360,&quot;469769226&quot;:&quot;Symbol&quot;,&quot;469769242&quot;:[8226],&quot;469777803&quot;:&quot;left&quot;,&quot;469777804&quot;:&quot;\uf0b7&quot;,&quot;469777815&quot;:&quot;multilevel&quot;}\" data-aria-posinset=\"4\" data-aria-level=\"1\"><span data-contrast=\"auto\">Y\u0131l sonu kapan\u0131\u015f i\u015flemlerini do\u011fru ve verimli \u015fekilde yapmak isteyen i\u015fletme sahipleri<\/span><span data-ccp-props=\"{}\">\u00a0<\/span><\/li>\n<\/ul>\n<p>[\/vc_column_text][\/vc_column_inner][\/vc_row_inner][\/vc_column][\/vc_row][vc_row][vc_column][\/vc_column][\/vc_row]<\/p>\n<\/div>","protected":false},"excerpt":{"rendered":"<p>[vc_row full_width=&#8221;stretch_row&#8221; content_placement=&#8221;middle&#8221; css=&#8221;.vc_custom_1707940799286{padding-top: 40px !important;padding-bottom: 40px !important;background-color: #eeeeee !important;}&#8221; el_class=&#8221;okan_test&#8221;][vc_column width=&#8221;1\/2&#8243; offset=&#8221;vc_col-lg-6 vc_col-md-12&#8243;][vc_row_inner css=&#8221;.vc_custom_1539591907369{margin-top: 30px !important;}&#8221;][vc_column_inner css=&#8221;.vc_custom_1761233083994{padding-top: 40px !important;padding-right: 0px !important;padding-left: 0px !important;}&#8221; offset=&#8221;vc_col-lg-offset-0 vc_col-lg-12 vc_col-md-offset-1 vc_col-md-12 vc_col-sm-offset-0&#8243;][vc_single_image image=&#8221;63854&#8243; [&hellip;]<\/p>\n","protected":false},"author":19,"featured_media":0,"parent":0,"menu_order":0,"comment_status":"closed","ping_status":"closed","template":"","meta":{"footnotes":""},"class_list":["post-63839","page","type-page","status-publish","hentry"],"_links":{"self":[{"href":"https:\/\/www.manaycpa.com\/tr\/wp-json\/wp\/v2\/pages\/63839","targetHints":{"allow":["GET"]}}],"collection":[{"href":"https:\/\/www.manaycpa.com\/tr\/wp-json\/wp\/v2\/pages"}],"about":[{"href":"https:\/\/www.manaycpa.com\/tr\/wp-json\/wp\/v2\/types\/page"}],"author":[{"embeddable":true,"href":"https:\/\/www.manaycpa.com\/tr\/wp-json\/wp\/v2\/users\/19"}],"replies":[{"embeddable":true,"href":"https:\/\/www.manaycpa.com\/tr\/wp-json\/wp\/v2\/comments?post=63839"}],"version-history":[{"count":12,"href":"https:\/\/www.manaycpa.com\/tr\/wp-json\/wp\/v2\/pages\/63839\/revisions"}],"predecessor-version":[{"id":63870,"href":"https:\/\/www.manaycpa.com\/tr\/wp-json\/wp\/v2\/pages\/63839\/revisions\/63870"}],"wp:attachment":[{"href":"https:\/\/www.manaycpa.com\/tr\/wp-json\/wp\/v2\/media?parent=63839"}],"curies":[{"name":"wp","href":"https:\/\/api.w.org\/{rel}","templated":true}]}}