{"id":64171,"date":"2025-11-26T12:43:34","date_gmt":"2025-11-26T16:43:34","guid":{"rendered":"https:\/\/www.manaycpa.com\/?page_id=64171"},"modified":"2025-11-26T12:43:34","modified_gmt":"2025-11-26T16:43:34","slug":"yil-sonu-vergi-ipuclari","status":"publish","type":"page","link":"https:\/\/www.manaycpa.com\/tr\/webinar\/yil-sonu-vergi-ipuclari\/","title":{"rendered":"Y\u0131l Sonu Vergi \u0130pu\u00e7lar\u0131: Amerika&#8217;da Vergi Beyan\u0131 Hakk\u0131nda Bilmeniz Gereken Her \u015eey"},"content":{"rendered":"<div class=\"wpb-content-wrapper\"><p>[vc_row full_width=&#8221;stretch_row&#8221; content_placement=&#8221;middle&#8221; css=&#8221;.vc_custom_1707940799286{padding-top: 40px !important;padding-bottom: 40px !important;background-color: #eeeeee !important;}&#8221; el_class=&#8221;okan_test&#8221;][vc_column width=&#8221;1\/2&#8243; offset=&#8221;vc_col-lg-6 vc_col-md-12&#8243;][vc_row_inner css=&#8221;.vc_custom_1539591907369{margin-top: 30px !important;}&#8221;][vc_column_inner css=&#8221;.vc_custom_1761233083994{padding-top: 40px !important;padding-right: 0px !important;padding-left: 0px !important;}&#8221; offset=&#8221;vc_col-lg-offset-0 vc_col-lg-12 vc_col-md-offset-1 vc_col-md-12 vc_col-sm-offset-0&#8243;][vc_single_image image=&#8221;64159&#8243; img_size=&#8221;full&#8221; alignment=&#8221;center&#8221; css_animation=&#8221;fadeIn&#8221; css=&#8221;.vc_custom_1764172457272{margin-bottom: 0px !important;}&#8221;][\/vc_column_inner][\/vc_row_inner][\/vc_column][vc_column width=&#8221;1\/2&#8243; css=&#8221;.vc_custom_1539591979391{padding-left: 0px !important;}&#8221; offset=&#8221;vc_col-lg-6 vc_col-md-12&#8243;][vc_row_inner content_placement=&#8221;middle&#8221; css=&#8221;.vc_custom_1707938103074{padding-top: 100px !important;}&#8221;][vc_column_inner width=&#8221;5\/6&#8243; css=&#8221;.vc_custom_1707938047102{padding-right: 0px !important;padding-left: 0px !important;}&#8221; offset=&#8221;vc_col-lg-offset-2 vc_col-lg-10 vc_col-md-offset-2 vc_col-md-10&#8243;]<header class=\"kd-section-title col-lg-12 text-left  kd-animated fadeIn  \" data-animation-delay=200><h2 class=\"separator_off\" >\u0130zlemek \u0130\u00e7in Formu Doldurun<\/h2><\/header>[vc_raw_js]JTNDc2NyaXB0JTIwY2hhcnNldCUzRCUyMnV0Zi04JTIyJTIwdHlwZSUzRCUyMnRleHQlMkZqYXZhc2NyaXB0JTIyJTIwc3JjJTNEJTIyJTJGJTJGanMuaHNmb3Jtcy5uZXQlMkZmb3JtcyUyRmVtYmVkJTJGdjIuanMlMjIlM0UlM0MlMkZzY3JpcHQlM0UlMEElM0NzY3JpcHQlM0UlMEElMjAlMjBoYnNwdC5mb3Jtcy5jcmVhdGUlMjglN0IlMEElMjAlMjAlMjAlMjBwb3J0YWxJZCUzQSUyMCUyMjY4NTU2NzQlMjIlMkMlMEElMjAlMjAlMjAlMjBmb3JtSWQlM0ElMjAlMjIyMjE0ZmFlYy0xY2E1LTRhZDgtYTIyMi05ZGZhYWExN2U3ODIlMjIlMkMlMEElMjAlMjAlMjAlMjByZWdpb24lM0ElMjAlMjJuYTElMjIlMEElMjAlMjAlN0QlMjklM0IlMEElM0MlMkZzY3JpcHQlM0U=[\/vc_raw_js][\/vc_column_inner][\/vc_row_inner][\/vc_column][\/vc_row][vc_row full_width=&#8221;stretch_row&#8221; css=&#8221;.vc_custom_1707938357558{padding-top: 40px !important;padding-bottom: 40px !important;}&#8221;][vc_column width=&#8221;1\/2&#8243; offset=&#8221;vc_col-lg-12 vc_col-md-12&#8243;][vc_row_inner css=&#8221;.vc_custom_1539591907369{margin-top: 30px !important;}&#8221;][vc_column_inner css=&#8221;.vc_custom_1707936513652{padding-right: 0px !important;padding-left: 0px !important;}&#8221; offset=&#8221;vc_col-lg-offset-0 vc_col-lg-12 vc_col-md-offset-1 vc_col-md-12 vc_col-sm-offset-0&#8243;]<header class=\"kd-section-title col-lg-12 text-left  kd-animated fadeIn  \" data-animation-delay=200><h2 class=\"separator_off\" >Y\u0131l Sonu Vergi \u0130pu\u00e7lar\u0131: Amerika'da Vergi Beyan\u0131 Hakk\u0131nda Bilmeniz Gereken Her \u015eey<\/h2><\/header>[\/vc_column_inner][\/vc_row_inner][vc_row_inner css=&#8221;.vc_custom_1764174807017{margin-top: 10px !important;margin-right: 10px !important;margin-bottom: 35px !important;}&#8221;][vc_column_inner css=&#8221;.vc_custom_1707936191448{padding-left: 0px !important;}&#8221; offset=&#8221;vc_col-lg-offset-0 vc_col-lg-12 vc_col-md-offset-1 vc_col-md-12 vc_col-xs-12&#8243;][vc_column_text css_animation=&#8221;fadeIn&#8221; css=&#8221;&#8221;]<\/p>\n<p aria-level=\"2\"><strong>ABD\u2019de\u00a0yeni\u00a0vergi\u00a0sezonu\u00a0yakla\u015f\u0131yor!\u00a0<\/strong><\/p>\n<p>Y\u0131l bitmeden harekete ge\u00e7meniz gereken kritik vergi stratejilerini canl\u0131 webinar\u0131m\u0131zda sizlerle birlikte ele al\u0131yoruz. Meltem \u00c7erci ve Z\u00fcbeyde Kaya\u2019n\u0131n rehberli\u011finde, yeni vergi sezonunu maksimum verimle ge\u00e7irmek ve y\u0131l bitmeden harekete ge\u00e7meniz gereken kritik ipu\u00e7lar\u0131n\u0131 \u00f6\u011frenmek i\u00e7in bu f\u0131rsat\u0131 ka\u00e7\u0131rmay\u0131n! Vergi y\u00fck\u00fcml\u00fcl\u00fcklerinizi eksiksiz ve do\u011fru bir \u015fekilde yerine getirebilmeniz i\u00e7in ihtiyac\u0131n\u0131z olan t\u00fcm bilgileri sunacak bu \u00fccretsiz webinarda yerinizi ay\u0131rt\u0131n!<\/p>\n<p><b><span data-contrast=\"none\">\ud83d\udcc5<\/span><\/b><b><span data-contrast=\"none\">\u00a0Tarih:<\/span><\/b><span data-contrast=\"none\">\u00a018\u00a0Aral\u0131k\u00a02025<\/span><br \/>\n<b><span data-contrast=\"none\">\ud83d\udd51<\/span><\/b><b><span data-contrast=\"none\">\u00a0Saat:<\/span><\/b><span data-contrast=\"none\">\u00a020:00 (T\u00fcrkiye Saati) \/ 12:00 PM (EST)<\/span><span data-ccp-props=\"{}\">\u00a0<\/span><\/p>\n<p><b><span data-contrast=\"none\">\ud83c\udfa4<\/span><\/b><b><span data-contrast=\"none\">\u00a0Konu\u015fmac\u0131lar:<\/span><\/b><span data-ccp-props=\"{}\">\u00a0<\/span><\/p>\n<ul>\n<li aria-setsize=\"-1\" data-leveltext=\"\uf0b7\" data-font=\"Symbol\" data-listid=\"1\" data-list-defn-props=\"{&quot;335552541&quot;:1,&quot;335559685&quot;:720,&quot;335559991&quot;:360,&quot;469769226&quot;:&quot;Symbol&quot;,&quot;469769242&quot;:[8226],&quot;469777803&quot;:&quot;left&quot;,&quot;469777804&quot;:&quot;\uf0b7&quot;,&quot;469777815&quot;:&quot;multilevel&quot;}\" data-aria-posinset=\"1\" data-aria-level=\"1\"><b><span data-contrast=\"none\">Meltem\u00a0\u00c7erci<\/span><\/b><span data-contrast=\"none\">\u00a0\u2013Manay CPA,\u00a0K\u0131demli\u00a0Sat\u0131\u015f\u00a0Uzman\u0131<\/span><span data-ccp-props=\"{}\">\u00a0<\/span><\/li>\n<\/ul>\n<ul>\n<li aria-setsize=\"-1\" data-leveltext=\"\uf0b7\" data-font=\"Symbol\" data-listid=\"1\" data-list-defn-props=\"{&quot;335552541&quot;:1,&quot;335559685&quot;:720,&quot;335559991&quot;:360,&quot;469769226&quot;:&quot;Symbol&quot;,&quot;469769242&quot;:[8226],&quot;469777803&quot;:&quot;left&quot;,&quot;469777804&quot;:&quot;\uf0b7&quot;,&quot;469777815&quot;:&quot;multilevel&quot;}\" data-aria-posinset=\"2\" data-aria-level=\"1\"><b><span data-contrast=\"none\">Z\u00fcbeyde Kaya\u00a0<\/span><\/b><span data-contrast=\"none\">\u2013 Manay CPA,\u00a0K\u0131demli\u00a0Ekip\u00a0Lideri<\/span><span data-ccp-props=\"{}\">\u00a0<\/span><\/li>\n<\/ul>\n<h2><b><span data-contrast=\"none\">Webinarda\u00a0Neler\u00a0\u00d6\u011freneceksiniz?<\/span><\/b><span data-ccp-props=\"{}\">\u00a0<\/span><\/h2>\n<ul>\n<li aria-setsize=\"-1\" data-leveltext=\"\uf0b7\" data-font=\"Symbol\" data-listid=\"2\" data-list-defn-props=\"{&quot;335552541&quot;:1,&quot;335559685&quot;:720,&quot;335559991&quot;:360,&quot;469769226&quot;:&quot;Symbol&quot;,&quot;469769242&quot;:[8226],&quot;469777803&quot;:&quot;left&quot;,&quot;469777804&quot;:&quot;\uf0b7&quot;,&quot;469777815&quot;:&quot;multilevel&quot;}\" data-aria-posinset=\"1\" data-aria-level=\"1\"><b><span data-contrast=\"none\">Y\u0131l\u00a0Sonu Vergi\u00a0Planlamas\u0131nda\u00a0Yap\u0131lmas\u0131\u00a0Gereken\u00a0Son Ad\u0131mlar<\/span><\/b><br \/>\n<span data-contrast=\"none\">Yeni\u00a0vergi\u00a0sezonu\u00a0yakla\u015f\u0131rken,\u00a0vergi\u00a0y\u00fck\u00fcml\u00fcl\u00fcklerinizi\u00a0eksiksiz\u00a0ve\u00a0do\u011fru\u00a0\u015fekilde\u00a0tamamlamak\u00a0i\u00e7in\u00a0yapman\u0131z\u00a0gerekenleri\u00a0\u00f6\u011frenin.<\/span><span data-ccp-props=\"{}\">\u00a0<\/span><\/li>\n<\/ul>\n<ul>\n<li aria-setsize=\"-1\" data-leveltext=\"\uf0b7\" data-font=\"Symbol\" data-listid=\"2\" data-list-defn-props=\"{&quot;335552541&quot;:1,&quot;335559685&quot;:720,&quot;335559991&quot;:360,&quot;469769226&quot;:&quot;Symbol&quot;,&quot;469769242&quot;:[8226],&quot;469777803&quot;:&quot;left&quot;,&quot;469777804&quot;:&quot;\uf0b7&quot;,&quot;469777815&quot;:&quot;multilevel&quot;}\" data-aria-posinset=\"2\" data-aria-level=\"1\"><b><span data-contrast=\"none\">Vergi\u00a0Planlamas\u0131\u00a0i\u00e7in\u00a0\u0130pu\u00e7lar\u0131\u00a0ve\u00a0Stratejiler<\/span><\/b><br \/>\n<span data-contrast=\"none\">\u0130\u015fletmeniz\u00a0veya\u00a0bireysel\u00a0vergi\u00a0beyan\u0131n\u0131z\u00a0i\u00e7in\u00a0en\u00a0verimli\u00a0vergi\u00a0planlamas\u0131\u00a0stratejilerini\u00a0belirleyin,\u00a0vergi\u00a0avantajlar\u0131ndan\u00a0nas\u0131l\u00a0yararlanabilece\u011finizi\u00a0\u00f6\u011frenin.<\/span><span data-ccp-props=\"{}\">\u00a0<\/span><\/li>\n<\/ul>\n<ul>\n<li aria-setsize=\"-1\" data-leveltext=\"\uf0b7\" data-font=\"Symbol\" data-listid=\"2\" data-list-defn-props=\"{&quot;335552541&quot;:1,&quot;335559685&quot;:720,&quot;335559991&quot;:360,&quot;469769226&quot;:&quot;Symbol&quot;,&quot;469769242&quot;:[8226],&quot;469777803&quot;:&quot;left&quot;,&quot;469777804&quot;:&quot;\uf0b7&quot;,&quot;469777815&quot;:&quot;multilevel&quot;}\" data-aria-posinset=\"3\" data-aria-level=\"1\"><strong>Y\u0131l\u00a0Sonu\u00a0Raporlamas\u0131nda\u00a0Dikkat\u00a0Edilmesi\u00a0Gerekenler<\/strong><br \/>\n<span data-contrast=\"none\">Y\u0131l\u00a0sonu\u00a0kapan\u0131\u015f\u00a0i\u015flemleri\u00a0s\u0131ras\u0131nda\u00a0yap\u0131lmas\u0131\u00a0gereken\u00a0kritik\u00a0hesaplamalar\u0131\u00a0ve\u00a0raporlar\u0131\u00a0ad\u0131m\u00a0ad\u0131m\u00a0ele\u00a0al\u0131n.<\/span><span data-ccp-props=\"{}\">\u00a0<\/span><\/li>\n<\/ul>\n<ul>\n<li aria-setsize=\"-1\" data-leveltext=\"\uf0b7\" data-font=\"Symbol\" data-listid=\"2\" data-list-defn-props=\"{&quot;335552541&quot;:1,&quot;335559685&quot;:720,&quot;335559991&quot;:360,&quot;469769226&quot;:&quot;Symbol&quot;,&quot;469769242&quot;:[8226],&quot;469777803&quot;:&quot;left&quot;,&quot;469777804&quot;:&quot;\uf0b7&quot;,&quot;469777815&quot;:&quot;multilevel&quot;}\" data-aria-posinset=\"4\" data-aria-level=\"1\"><b><span data-contrast=\"none\">Y\u0131l\u00a0Sonu\u00a0\u00d6ncesi\u00a0Vergi\u00a0Risklerini\u00a0Azaltma\u00a0Y\u00f6ntemleri<\/span><\/b><br \/>\n<span data-contrast=\"none\">Y\u0131l\u00a0kapanmadan\u00a0uygulaman\u0131z\u00a0gereken\u00a0stratejiler\u00a0ile\u00a0vergisel\u00a0risklerinizi\u00a0nas\u0131l\u00a0minimize\u00a0edebilece\u011finizi\u00a0ve\u00a0olas\u0131\u00a0cezalar\u0131n\u00a0\u00f6n\u00fcne\u00a0ge\u00e7ebilece\u011finizi\u00a0\u00f6\u011frenin.<\/span><span data-ccp-props=\"{}\">\u00a0<\/span><\/li>\n<\/ul>\n<ul>\n<li aria-setsize=\"-1\" data-leveltext=\"\uf0b7\" data-font=\"Symbol\" data-listid=\"2\" data-list-defn-props=\"{&quot;335552541&quot;:1,&quot;335559685&quot;:720,&quot;335559991&quot;:360,&quot;469769226&quot;:&quot;Symbol&quot;,&quot;469769242&quot;:[8226],&quot;469777803&quot;:&quot;left&quot;,&quot;469777804&quot;:&quot;\uf0b7&quot;,&quot;469777815&quot;:&quot;multilevel&quot;}\" data-aria-posinset=\"5\" data-aria-level=\"1\"><b><span data-contrast=\"none\">Bireysel\u00a0ve\u00a0\u015eirket\u00a0Vergi Avantajlar\u0131<\/span><\/b><br \/>\n<span data-contrast=\"none\">Y\u0131l\u00a0sonu\u00a0vergi\u00a0avantajlar\u0131ndan\u00a0nas\u0131l\u00a0faydalanabilece\u011finizi\u00a0ke\u015ffedin\u00a0ve\u00a0vergi\u00a0y\u00fck\u00fcn\u00fcz\u00fc\u00a0azaltman\u0131n\u00a0yollar\u0131n\u0131\u00a0\u00f6\u011frenin.<\/span><span data-ccp-props=\"{}\">\u00a0<\/span><\/li>\n<\/ul>\n<ul>\n<li aria-setsize=\"-1\" data-leveltext=\"\uf0b7\" data-font=\"Symbol\" data-listid=\"2\" data-list-defn-props=\"{&quot;335552541&quot;:1,&quot;335559685&quot;:720,&quot;335559991&quot;:360,&quot;469769226&quot;:&quot;Symbol&quot;,&quot;469769242&quot;:[8226],&quot;469777803&quot;:&quot;left&quot;,&quot;469777804&quot;:&quot;\uf0b7&quot;,&quot;469777815&quot;:&quot;multilevel&quot;}\" data-aria-posinset=\"6\" data-aria-level=\"1\"><b><span data-contrast=\"none\">Canl\u0131\u00a0Soru-Cevap\u00a0Oturumu<\/span><\/b><br \/>\n<span data-contrast=\"none\">Manay CPA\u00a0K\u0131demli\u00a0Ekip\u00a0Lideri\u00a0Z\u00fcbeyde\u00a0Kaya\u2019ya\u00a0t\u00fcm\u00a0sorular\u0131n\u0131z\u0131\u00a0sorarak\u00a0uzman\u00a0deste\u011fi\u00a0al\u0131n.<\/span><span data-ccp-props=\"{}\">\u00a0<\/span><\/li>\n<\/ul>\n<h2><b><span data-contrast=\"none\">Kimler\u00a0Kat\u0131lmal\u0131?<\/span><\/b><span data-ccp-props=\"{}\">\u00a0<\/span><\/h2>\n<ul>\n<li aria-setsize=\"-1\" data-leveltext=\"\uf0b7\" data-font=\"Symbol\" data-listid=\"3\" data-list-defn-props=\"{&quot;335552541&quot;:1,&quot;335559685&quot;:720,&quot;335559991&quot;:360,&quot;469769226&quot;:&quot;Symbol&quot;,&quot;469769242&quot;:[8226],&quot;469777803&quot;:&quot;left&quot;,&quot;469777804&quot;:&quot;\uf0b7&quot;,&quot;469777815&quot;:&quot;multilevel&quot;}\" data-aria-posinset=\"1\" data-aria-level=\"1\"><span data-contrast=\"none\">Y\u0131l\u00a0sonu\u00a0vergi\u00a0haz\u0131rl\u0131klar\u0131n\u0131\u00a0zaman\u0131nda\u00a0ve\u00a0eksiksiz\u00a0yapmak\u00a0isteyen\u00a0herkes<\/span><span data-ccp-props=\"{}\">\u00a0<\/span><\/li>\n<li aria-setsize=\"-1\" data-leveltext=\"\uf0b7\" data-font=\"Symbol\" data-listid=\"3\" data-list-defn-props=\"{&quot;335552541&quot;:1,&quot;335559685&quot;:720,&quot;335559991&quot;:360,&quot;469769226&quot;:&quot;Symbol&quot;,&quot;469769242&quot;:[8226],&quot;469777803&quot;:&quot;left&quot;,&quot;469777804&quot;:&quot;\uf0b7&quot;,&quot;469777815&quot;:&quot;multilevel&quot;}\" data-aria-posinset=\"1\" data-aria-level=\"1\"><span data-contrast=\"none\">Vergi\u00a0y\u00fck\u00fcml\u00fcl\u00fcklerini\u00a0minimuma\u00a0indirirken\u00a0finansal\u00a0avantajlar\u00a0sa\u011flamay\u0131\u00a0hedefleyen\u00a0profesyoneller<\/span><span data-ccp-props=\"{}\">\u00a0<\/span><\/li>\n<li aria-setsize=\"-1\" data-leveltext=\"\uf0b7\" data-font=\"Symbol\" data-listid=\"3\" data-list-defn-props=\"{&quot;335552541&quot;:1,&quot;335559685&quot;:720,&quot;335559991&quot;:360,&quot;469769226&quot;:&quot;Symbol&quot;,&quot;469769242&quot;:[8226],&quot;469777803&quot;:&quot;left&quot;,&quot;469777804&quot;:&quot;\uf0b7&quot;,&quot;469777815&quot;:&quot;multilevel&quot;}\" data-aria-posinset=\"1\" data-aria-level=\"1\"><span data-contrast=\"none\">Y\u0131l\u00a0sonu\u00a0kapan\u0131\u015f\u00a0i\u015flemlerini\u00a0do\u011fru\u00a0ve\u00a0verimli\u00a0\u015fekilde\u00a0yapmak\u00a0isteyen\u00a0i\u015fletme\u00a0sahipleri<\/span><span data-ccp-props=\"{}\">\u00a0<\/span><\/li>\n<\/ul>\n<p>[\/vc_column_text][\/vc_column_inner][\/vc_row_inner][\/vc_column][\/vc_row][vc_row][vc_column][\/vc_column][\/vc_row]<\/p>\n<\/div>","protected":false},"excerpt":{"rendered":"<p>[vc_row full_width=&#8221;stretch_row&#8221; content_placement=&#8221;middle&#8221; css=&#8221;.vc_custom_1707940799286{padding-top: 40px !important;padding-bottom: 40px !important;background-color: #eeeeee !important;}&#8221; el_class=&#8221;okan_test&#8221;][vc_column width=&#8221;1\/2&#8243; offset=&#8221;vc_col-lg-6 vc_col-md-12&#8243;][vc_row_inner css=&#8221;.vc_custom_1539591907369{margin-top: 30px !important;}&#8221;][vc_column_inner css=&#8221;.vc_custom_1761233083994{padding-top: 40px !important;padding-right: 0px !important;padding-left: 0px !important;}&#8221; offset=&#8221;vc_col-lg-offset-0 vc_col-lg-12 vc_col-md-offset-1 vc_col-md-12 vc_col-sm-offset-0&#8243;][vc_single_image image=&#8221;64159&#8243; [&hellip;]<\/p>\n","protected":false},"author":19,"featured_media":0,"parent":57104,"menu_order":0,"comment_status":"closed","ping_status":"closed","template":"","meta":{"footnotes":""},"class_list":["post-64171","page","type-page","status-publish","hentry"],"_links":{"self":[{"href":"https:\/\/www.manaycpa.com\/tr\/wp-json\/wp\/v2\/pages\/64171","targetHints":{"allow":["GET"]}}],"collection":[{"href":"https:\/\/www.manaycpa.com\/tr\/wp-json\/wp\/v2\/pages"}],"about":[{"href":"https:\/\/www.manaycpa.com\/tr\/wp-json\/wp\/v2\/types\/page"}],"author":[{"embeddable":true,"href":"https:\/\/www.manaycpa.com\/tr\/wp-json\/wp\/v2\/users\/19"}],"replies":[{"embeddable":true,"href":"https:\/\/www.manaycpa.com\/tr\/wp-json\/wp\/v2\/comments?post=64171"}],"version-history":[{"count":2,"href":"https:\/\/www.manaycpa.com\/tr\/wp-json\/wp\/v2\/pages\/64171\/revisions"}],"predecessor-version":[{"id":64173,"href":"https:\/\/www.manaycpa.com\/tr\/wp-json\/wp\/v2\/pages\/64171\/revisions\/64173"}],"up":[{"embeddable":true,"href":"https:\/\/www.manaycpa.com\/tr\/wp-json\/wp\/v2\/pages\/57104"}],"wp:attachment":[{"href":"https:\/\/www.manaycpa.com\/tr\/wp-json\/wp\/v2\/media?parent=64171"}],"curies":[{"name":"wp","href":"https:\/\/api.w.org\/{rel}","templated":true}]}}