{"id":64180,"date":"2025-12-03T09:55:19","date_gmt":"2025-12-03T13:55:19","guid":{"rendered":"https:\/\/www.manaycpa.com\/?page_id=64180"},"modified":"2025-12-03T09:55:21","modified_gmt":"2025-12-03T13:55:21","slug":"begum-suran","status":"publish","type":"page","link":"https:\/\/www.manaycpa.com\/tr\/hakkimizda\/ekibimiz\/begum-suran\/","title":{"rendered":"Beg\u00fcm Suran"},"content":{"rendered":"<div class=\"wpb-content-wrapper\"><p>[vc_row full_width=&#8221;stretch_row&#8221; css=&#8221;.vc_custom_1629917069344{padding-top: 100px !important;padding-bottom: 80px !important;background-image: url(https:\/\/www.manaycpa.com\/wp-content\/uploads\/2021\/02\/team-manay-1s.jpg?id=8423) !important;}&#8221;][vc_column][vc_row_inner][vc_column_inner][vc_empty_space height=&#8221;50px&#8221;]<header class=\"kd-section-title col-lg-12 text-center  kd-animated fadeIn   vc_custom_1757535776003\" data-animation-delay=200><h2 class=\"separator_off\" style=\"color: #ffffff;font-size: 46px !important;\">Our Team<\/h2><h6 class=\"subtitle \" style=\"color: #ffffff;\">Get to know our team<\/h6><\/header>[\/vc_column_inner][\/vc_row_inner][\/vc_column][\/vc_row][vc_row][vc_column width=&#8221;1\/4&#8243; offset=&#8221;vc_col-lg-1&#8243;][\/vc_column][vc_column width=&#8221;1\/4&#8243; offset=&#8221;vc_col-lg-6&#8243;][vc_empty_space height=&#8221;50px&#8221;]<header class=\"kd-section-title col-lg-12 text-left  kd-animated fadeIn  \" data-animation-delay=200><h1 class=\"separator_off\" style=\"font-size: 37px !important;line-height: 44px;\">Beg\u00fcm S\u00fcran<\/h1><\/header><header class=\"kd-section-title col-lg-12 text-left  kd-animated fadeIn  \" data-animation-delay=200><h2 class=\"separator_off\" style=\"font-size: 22px !important;line-height: 44px;\">Associate<\/h2><\/header>[vc_empty_space height=&#8221;20px&#8221;]<a href=\"http:\/\/www.linkedin.com\/in\/begumsuran\" target=\"_blank\" title=\"www.linkedin.com\/in\/begumsuran\" class=\"tt_button tt_primary_button btn_primary_color  pull-left button-action-link\" rel=\"nofollow noopener\"><span class=\"prim_text\">L\u0131nkedIn<\/span><\/a>[\/vc_column][vc_column width=&#8221;1\/4&#8243; offset=&#8221;vc_col-lg-4&#8243;][vc_empty_space height=&#8221;50px&#8221;][vc_single_image image=&#8221;64208&#8243; img_size=&#8221;full&#8221; style=&#8221;vc_box_shadow_border&#8221; css_animation=&#8221;fadeInLeft&#8221; css=&#8221;&#8221;][\/vc_column][vc_column width=&#8221;1\/4&#8243;][\/vc_column][\/vc_row][vc_row css=&#8221;.vc_custom_1613295464983{padding-top: 100px !important;}&#8221;][vc_column width=&#8221;1\/12&#8243; offset=&#8221;vc_col-lg-1&#8243;][\/vc_column][vc_column width=&#8221;2\/3&#8243; css=&#8221;.vc_custom_1614418963997{padding-right: 25px !important;}&#8221; offset=&#8221;vc_col-lg-8 vc_col-md-12 vc_col-xs-12&#8243;][vc_column_text css=&#8221;&#8221;]<\/p>\n<h3>Profesyonel Deneyim<\/h3>\n<p>Beg\u00fcm Suran, Ege \u00dcniversitesi \u0130ktisat B\u00f6l\u00fcm\u00fc\u2019nden mezun olmu\u015f ve Erasmus Program\u0131 ile Universit\u00e4t Hamburg\u2019da e\u011fitim alm\u0131\u015ft\u0131r. Kariyerine Deloitte T\u00fcrkiye\u2019de D\u0131\u015f Denet\u00e7i olarak ba\u015flam\u0131\u015f; enerji, geri d\u00f6n\u00fc\u015f\u00fcm, turizm ve \u00fcretim sekt\u00f6rlerinde denetim deneyimi kazanm\u0131\u015ft\u0131r. Bu s\u00fcre\u00e7te IFRS raporlama, i\u00e7 kontroller ve finansal tablo denetimleri konusunda bilgi edinmi\u015f, farkl\u0131 sekt\u00f6rlerden m\u00fc\u015fteri ekipleriyle \u00e7al\u0131\u015farak pratik \u00e7\u00f6z\u00fcmler \u00fcretme becerisi geli\u015ftirmi\u015ftir.<\/p>\n<h3><b><\/b>Manay CPA\u2019deki Rol\u00fc<\/h3>\n<p>Beg\u00fcm, Manay CPA\u2019de Associate olarak g\u00f6rev yapmaktad\u0131r. M\u00fc\u015fterilere muhasebe ve vergi s\u00fcre\u00e7lerinde destek olmakta, finansal tablolar\u0131n haz\u0131rlanmas\u0131na katk\u0131 sa\u011flamakta ve raporlama gerekliliklerine uyumu g\u00f6zetmektedir. Denetim ge\u00e7mi\u015finden gelen titizlik ve detayc\u0131l\u0131kla, belgelerin ve raporlar\u0131n y\u00fcksek standartlarda olmas\u0131na \u00f6nem verir. \u0130\u015fbirlik\u00e7i bir ortamda \u00e7al\u0131\u015fmaktan keyif al\u0131r ve etkin m\u00fc\u015fteri hizmetine katk\u0131da bulunur.<\/p>\n<h3>Ki\u015fisel \u0130lgi Alanlar\u0131<\/h3>\n<div class=\"form-element about.about col-md-Full ng-star-inserted\">\n<div id=\"display-value-about-about_about\" class=\"flx align-center hyphenate\">\n<div class=\"form-element about.about col-md-Full ng-star-inserted\">\n<div id=\"display-value-about-about_about\" class=\"flx align-center hyphenate\">\n<p>\u0130\u015f d\u0131\u015f\u0131nda Beg\u00fcm tenis oynamaktan, aktif kalmaktan ve seyahat etmekten ho\u015flan\u0131r. Yeni yerler ke\u015ffetmek ve farkl\u0131 k\u00fclt\u00fcrleri deneyimlemek bo\u015f zamanlar\u0131n\u0131 de\u011ferlendirdi\u011fi keyifli alanlardand\u0131r.<\/p>\n<\/div>\n<\/div>\n<\/div>\n<\/div>\n<p>[\/vc_column_text][\/vc_column][\/vc_row][vc_row full_width=&#8221;stretch_row&#8221; css=&#8221;.vc_custom_1614419641251{background-color: #ffffff !important;}&#8221;][vc_column width=&#8221;1\/6&#8243; offset=&#8221;vc_col-lg-2&#8243;][\/vc_column][vc_column width=&#8221;2\/3&#8243; css=&#8221;.vc_custom_1614419340057{padding-right: 0px !important;padding-left: 0px !important;}&#8221; offset=&#8221;vc_col-lg-8&#8243;][vc_row_inner css=&#8221;.vc_custom_1511348683940{padding-top: 100px !important;padding-bottom: 100px !important;}&#8221;][vc_column_inner offset=&#8221;vc_col-lg-12 vc_col-md-12&#8243;][vc_custom_heading text=&#8221;Subscribe to our newsletter, receive financial tips, tax due dates, and tax strategies in your inbox&#8221; font_container=&#8221;tag:h3|font_size:23px%20!important|text_align:center|line_height:44px&#8221; use_theme_fonts=&#8221;yes&#8221; css_animation=&#8221;fadeIn&#8221; css=&#8221;.vc_custom_1614419247765{margin-bottom: 0px !important;}&#8221;][vc_empty_space height=&#8221;20px&#8221;][vc_raw_js]JTNDc2NyaXB0JTIwY2hhcnNldCUzRCUyMnV0Zi04JTIyJTIwdHlwZSUzRCUyMnRleHQlMkZqYXZhc2NyaXB0JTIyJTIwc3JjJTNEJTIyJTJGJTJGanMuaHNmb3Jtcy5uZXQlMkZmb3JtcyUyRnYyLmpzJTIyJTNFJTNDJTJGc2NyaXB0JTNFJTBBJTNDc2NyaXB0JTNFJTBBJTIwJTIwaGJzcHQuZm9ybXMuY3JlYXRlJTI4JTdCJTBBJTIwJTIwJTIwJTIwcmVnaW9uJTNBJTIwJTIybmExJTIyJTJDJTBBJTIwJTIwJTIwJTIwcG9ydGFsSWQlM0ElMjAlMjI2ODU1Njc0JTIyJTJDJTBBJTIwJTIwJTIwJTIwZm9ybUlkJTNBJTIwJTIyOGI4OTIyNzEtZDZiZC00ZjM5LTkxMTgtYmZkMWRhMGZlYTBhJTIyJTBBJTIwJTIwJTdEJTI5JTNCJTBBJTNDJTJGc2NyaXB0JTNF[\/vc_raw_js][\/vc_column_inner][\/vc_row_inner][\/vc_column][vc_column width=&#8221;1\/6&#8243; offset=&#8221;vc_col-lg-2&#8243;][\/vc_column][\/vc_row]<\/p>\n<\/div>","protected":false},"excerpt":{"rendered":"<p>[vc_row full_width=&#8221;stretch_row&#8221; css=&#8221;.vc_custom_1629917069344{padding-top: 100px !important;padding-bottom: 80px !important;background-image: url(https:\/\/www.manaycpa.com\/wp-content\/uploads\/2021\/02\/team-manay-1s.jpg?id=8423) !important;}&#8221;][vc_column][vc_row_inner][vc_column_inner][vc_empty_space height=&#8221;50px&#8221;][\/vc_column_inner][\/vc_row_inner][\/vc_column][\/vc_row][vc_row][vc_column width=&#8221;1\/4&#8243; offset=&#8221;vc_col-lg-1&#8243;][\/vc_column][vc_column width=&#8221;1\/4&#8243; offset=&#8221;vc_col-lg-6&#8243;][vc_empty_space height=&#8221;50px&#8221;][vc_empty_space height=&#8221;20px&#8221;][\/vc_column][vc_column width=&#8221;1\/4&#8243; offset=&#8221;vc_col-lg-4&#8243;][vc_empty_space height=&#8221;50px&#8221;][vc_single_image image=&#8221;64208&#8243; img_size=&#8221;full&#8221; style=&#8221;vc_box_shadow_border&#8221; css_animation=&#8221;fadeInLeft&#8221; css=&#8221;&#8221;][\/vc_column][vc_column width=&#8221;1\/4&#8243;][\/vc_column][\/vc_row][vc_row css=&#8221;.vc_custom_1613295464983{padding-top: 100px !important;}&#8221;][vc_column width=&#8221;1\/12&#8243; offset=&#8221;vc_col-lg-1&#8243;][\/vc_column][vc_column [&hellip;]<\/p>\n","protected":false},"author":19,"featured_media":0,"parent":9917,"menu_order":0,"comment_status":"closed","ping_status":"closed","template":"","meta":{"footnotes":""},"class_list":["post-64180","page","type-page","status-publish","hentry"],"_links":{"self":[{"href":"https:\/\/www.manaycpa.com\/tr\/wp-json\/wp\/v2\/pages\/64180","targetHints":{"allow":["GET"]}}],"collection":[{"href":"https:\/\/www.manaycpa.com\/tr\/wp-json\/wp\/v2\/pages"}],"about":[{"href":"https:\/\/www.manaycpa.com\/tr\/wp-json\/wp\/v2\/types\/page"}],"author":[{"embeddable":true,"href":"https:\/\/www.manaycpa.com\/tr\/wp-json\/wp\/v2\/users\/19"}],"replies":[{"embeddable":true,"href":"https:\/\/www.manaycpa.com\/tr\/wp-json\/wp\/v2\/comments?post=64180"}],"version-history":[{"count":3,"href":"https:\/\/www.manaycpa.com\/tr\/wp-json\/wp\/v2\/pages\/64180\/revisions"}],"predecessor-version":[{"id":64211,"href":"https:\/\/www.manaycpa.com\/tr\/wp-json\/wp\/v2\/pages\/64180\/revisions\/64211"}],"up":[{"embeddable":true,"href":"https:\/\/www.manaycpa.com\/tr\/wp-json\/wp\/v2\/pages\/9917"}],"wp:attachment":[{"href":"https:\/\/www.manaycpa.com\/tr\/wp-json\/wp\/v2\/media?parent=64180"}],"curies":[{"name":"wp","href":"https:\/\/api.w.org\/{rel}","templated":true}]}}