{"id":64474,"date":"2025-12-26T16:15:50","date_gmt":"2025-12-26T20:15:50","guid":{"rendered":"https:\/\/www.manaycpa.com\/?page_id=64474"},"modified":"2026-01-05T11:19:09","modified_gmt":"2026-01-05T15:19:09","slug":"amerikada-sirket-kurma-yolculugu-eyalet-karsilastirmasi","status":"publish","type":"page","link":"https:\/\/www.manaycpa.com\/tr\/webinar\/amerikada-sirket-kurma-yolculugu-eyalet-karsilastirmasi\/","title":{"rendered":"Amerika&#8217;da \u015eirket Kurma Yolculu\u011fu: Eyalet Kar\u015f\u0131la\u015ft\u0131rmalar\u0131 ve Vergi Avantajlar\u0131"},"content":{"rendered":"<div class=\"wpb-content-wrapper\"><p>[vc_row full_width=&#8221;stretch_row&#8221; content_placement=&#8221;middle&#8221; css=&#8221;.vc_custom_1707940799286{padding-top: 40px !important;padding-bottom: 40px !important;background-color: #eeeeee !important;}&#8221; el_class=&#8221;okan_test&#8221;][vc_column width=&#8221;1\/2&#8243; offset=&#8221;vc_col-lg-6 vc_col-md-12&#8243;][vc_row_inner css=&#8221;.vc_custom_1767626344722{padding-top: 70px !important;}&#8221;][vc_column_inner css=&#8221;.vc_custom_1761233083994{padding-top: 40px !important;padding-right: 0px !important;padding-left: 0px !important;}&#8221; offset=&#8221;vc_col-lg-offset-0 vc_col-lg-12 vc_col-md-offset-1 vc_col-md-12 vc_col-sm-offset-0&#8243;][vc_single_image image=&#8221;64476&#8243; img_size=&#8221;full&#8221; alignment=&#8221;center&#8221; css_animation=&#8221;fadeIn&#8221; css=&#8221;.vc_custom_1766779648229{margin-bottom: 0px !important;}&#8221;][\/vc_column_inner][\/vc_row_inner][\/vc_column][vc_column width=&#8221;1\/2&#8243; css=&#8221;.vc_custom_1539591979391{padding-left: 0px !important;}&#8221; offset=&#8221;vc_col-lg-6 vc_col-md-12&#8243;][vc_row_inner content_placement=&#8221;middle&#8221; css=&#8221;.vc_custom_1767626265048{padding-top: 100px !important;}&#8221;][vc_column_inner width=&#8221;5\/6&#8243; css=&#8221;.vc_custom_1707938047102{padding-right: 0px !important;padding-left: 0px !important;}&#8221; offset=&#8221;vc_col-lg-offset-2 vc_col-lg-10 vc_col-md-offset-2 vc_col-md-10&#8243;]<header class=\"kd-section-title col-lg-12 text-left  kd-animated fadeIn  \" data-animation-delay=200><h2 class=\"separator_off\" >\u0130zlemek \u0130\u00e7in Formu Doldurun<\/h2><\/header>[vc_raw_js]JTNDc2NyaXB0JTIwY2hhcnNldCUzRCUyMnV0Zi04JTIyJTIwdHlwZSUzRCUyMnRleHQlMkZqYXZhc2NyaXB0JTIyJTIwc3JjJTNEJTIyJTJGJTJGanMuaHNmb3Jtcy5uZXQlMkZmb3JtcyUyRmVtYmVkJTJGdjIuanMlMjIlM0UlM0MlMkZzY3JpcHQlM0UlMEElM0NzY3JpcHQlM0UlMEElMjAlMjBoYnNwdC5mb3Jtcy5jcmVhdGUlMjglN0IlMEElMjAlMjAlMjAlMjBwb3J0YWxJZCUzQSUyMCUyMjY4NTU2NzQlMjIlMkMlMEElMjAlMjAlMjAlMjBmb3JtSWQlM0ElMjAlMjJhODZlNTNkOC0zYzY4LTQ3YTYtYjJkOC04MzEyZTFhMjdkZmUlMjIlMkMlMEElMjAlMjAlMjAlMjByZWdpb24lM0ElMjAlMjJuYTElMjIlMEElMjAlMjAlN0QlMjklM0IlMEElM0MlMkZzY3JpcHQlM0U=[\/vc_raw_js][\/vc_column_inner][\/vc_row_inner][\/vc_column][\/vc_row][vc_row full_width=&#8221;stretch_row&#8221; css=&#8221;.vc_custom_1707938357558{padding-top: 40px !important;padding-bottom: 40px !important;}&#8221;][vc_column width=&#8221;1\/2&#8243; offset=&#8221;vc_col-lg-12 vc_col-md-12&#8243;][vc_row_inner css=&#8221;.vc_custom_1539591907369{margin-top: 30px !important;}&#8221;][vc_column_inner css=&#8221;.vc_custom_1707936513652{padding-right: 0px !important;padding-left: 0px !important;}&#8221; offset=&#8221;vc_col-lg-offset-0 vc_col-lg-12 vc_col-md-offset-1 vc_col-md-12 vc_col-sm-offset-0&#8243;]<header class=\"kd-section-title col-lg-12 text-left  kd-animated fadeIn  \" data-animation-delay=200><h2 class=\"separator_off\" >Amerika'da \u015eirket Kurma Yolculu\u011fu: Eyalet Kar\u015f\u0131la\u015ft\u0131rmalar\u0131 ve Vergi Avantajlar\u0131<\/h2><\/header>[\/vc_column_inner][\/vc_row_inner][vc_row_inner css=&#8221;.vc_custom_1764174807017{margin-top: 10px !important;margin-right: 10px !important;margin-bottom: 35px !important;}&#8221;][vc_column_inner css=&#8221;.vc_custom_1707936191448{padding-left: 0px !important;}&#8221; offset=&#8221;vc_col-lg-offset-0 vc_col-lg-12 vc_col-md-offset-1 vc_col-md-12 vc_col-xs-12&#8243;][vc_column_text css_animation=&#8221;fadeIn&#8221; css=&#8221;&#8221;]<\/p>\n<p aria-level=\"2\"><strong>ABD\u2019de\u00a0yeni\u00a0vergi\u00a0sezonu\u00a0yakla\u015f\u0131yor!\u00a0<\/strong><\/p>\n<p data-start=\"405\" data-end=\"691\">Amerika\u2019da \u015firket kurmak isteyen giri\u015fimciler ve yat\u0131r\u0131mc\u0131lar i\u00e7in en kritik kararlardan biri <strong data-start=\"499\" data-end=\"538\">hangi eyalette \u015firket kurulaca\u011f\u0131d\u0131r<\/strong>. Yanl\u0131\u015f eyalet se\u00e7imi, gereksiz vergi y\u00fckleri ve operasyonel maliyetlere yol a\u00e7abilirken; do\u011fru eyalet se\u00e7imi uzun vadede ciddi avantajlar sa\u011flayabilir.<\/p>\n<p data-start=\"693\" data-end=\"1053\">Manay CPA uzmanl\u0131\u011f\u0131yla d\u00fczenlenen bu <strong data-start=\"730\" data-end=\"758\">\u00fccretsiz canl\u0131 webinarda<\/strong>, Amerika\u2019da \u015firket kurma s\u00fcrecini u\u00e7tan uca ele al\u0131yor; pop\u00fcler eyaletleri vergi, maliyet ve operasyonel a\u00e7\u0131dan kar\u015f\u0131la\u015ft\u0131r\u0131yoruz. Hangi eyaletin hangi i\u015f modeli i\u00e7in daha avantajl\u0131 oldu\u011funu, bireysel ve \u015firket baz\u0131nda vergisel etkileriyle birlikte net bir \u015fekilde \u00f6\u011frenme f\u0131rsat\u0131 bulacaks\u0131n\u0131z.<\/p>\n<p data-start=\"1055\" data-end=\"1174\">Amerika\u2019da i\u015finizi sa\u011flam temeller \u00fczerine kurmak ve do\u011fru eyaletle yola \u00e7\u0131kmak istiyorsan\u0131z, bu webinar tam size g\u00f6re.<\/p>\n<p><b><span data-contrast=\"none\">\ud83d\udcc5<\/span><\/b><b><span data-contrast=\"none\">\u00a0Tarih:<\/span><\/b><span data-contrast=\"none\"> 15 Ocak 2026<\/span><br \/>\n<b><span data-contrast=\"none\">\ud83d\udd51<\/span><\/b><b><span data-contrast=\"none\">\u00a0Saat:<\/span><\/b><span data-contrast=\"none\">\u00a020:00 (T\u00fcrkiye Saati) \/ 12:00 PM (EST)<\/span><span data-ccp-props=\"{}\">\u00a0<\/span><\/p>\n<p><b><span data-contrast=\"none\">\ud83c\udfa4<\/span><\/b><b><span data-contrast=\"none\">\u00a0Konu\u015fmac\u0131lar:<\/span><\/b><span data-ccp-props=\"{}\">\u00a0<\/span><\/p>\n<ul>\n<li aria-setsize=\"-1\" data-leveltext=\"\uf0b7\" data-font=\"Symbol\" data-listid=\"1\" data-list-defn-props=\"{&quot;335552541&quot;:1,&quot;335559685&quot;:720,&quot;335559991&quot;:360,&quot;469769226&quot;:&quot;Symbol&quot;,&quot;469769242&quot;:[8226],&quot;469777803&quot;:&quot;left&quot;,&quot;469777804&quot;:&quot;\uf0b7&quot;,&quot;469777815&quot;:&quot;multilevel&quot;}\" data-aria-posinset=\"1\" data-aria-level=\"1\"><b><span data-contrast=\"none\">Meltem\u00a0\u00c7erci<\/span><\/b><span data-contrast=\"none\">\u00a0\u2013Manay CPA,\u00a0K\u0131demli\u00a0Sat\u0131\u015f\u00a0Uzman\u0131<\/span><span data-ccp-props=\"{}\">\u00a0<\/span><\/li>\n<\/ul>\n<ul>\n<li aria-setsize=\"-1\" data-leveltext=\"\uf0b7\" data-font=\"Symbol\" data-listid=\"1\" data-list-defn-props=\"{&quot;335552541&quot;:1,&quot;335559685&quot;:720,&quot;335559991&quot;:360,&quot;469769226&quot;:&quot;Symbol&quot;,&quot;469769242&quot;:[8226],&quot;469777803&quot;:&quot;left&quot;,&quot;469777804&quot;:&quot;\uf0b7&quot;,&quot;469777815&quot;:&quot;multilevel&quot;}\" data-aria-posinset=\"2\" data-aria-level=\"1\"><b><span data-contrast=\"none\">Ayberk Yavuz <\/span><\/b><span data-contrast=\"none\">\u2013 Manay CPA, K\u0131demli Muhasebe Uzman\u0131<\/span><\/li>\n<\/ul>\n<h2><b><span data-contrast=\"none\">Webinarda\u00a0Neler\u00a0\u00d6\u011freneceksiniz?<\/span><\/b><span data-ccp-props=\"{}\">\u00a0<\/span><\/h2>\n<ul>\n<li data-start=\"1444\" data-end=\"1592\"><strong data-start=\"1444\" data-end=\"1492\">Amerika\u2019da \u015eirket Kurma S\u00fcrecine Genel Bak\u0131\u015f<\/strong><br data-start=\"1492\" data-end=\"1495\" \/>\u015eirket t\u00fcrleri, temel yasal gereklilikler ve s\u00fcrecin ba\u015flang\u0131\u00e7tan faaliyete kadar olan a\u015famalar\u0131.<\/li>\n<li data-start=\"1594\" data-end=\"1762\"><strong data-start=\"1594\" data-end=\"1633\">Pop\u00fcler Eyaletlerin Kar\u015f\u0131la\u015ft\u0131rmas\u0131<\/strong><br data-start=\"1633\" data-end=\"1636\" \/>Delaware, Wyoming, Florida, Texas ve di\u011fer \u00f6ne \u00e7\u0131kan eyaletlerin vergi yap\u0131lar\u0131, y\u0131ll\u0131k maliyetleri ve avantaj\/dezavantajlar\u0131.<\/li>\n<li data-start=\"1764\" data-end=\"1890\"><strong data-start=\"1764\" data-end=\"1798\">Eyalet Bazl\u0131 Vergi Avantajlar\u0131<\/strong><br data-start=\"1798\" data-end=\"1801\" \/>Gelir vergisi, franchise tax, sales tax ve di\u011fer vergisel farklar\u0131n \u015firketinize etkileri.<\/li>\n<li data-start=\"1892\" data-end=\"2040\"><strong data-start=\"1892\" data-end=\"1932\">\u0130\u015f Modeline G\u00f6re Do\u011fru Eyalet Se\u00e7imi<\/strong><br data-start=\"1932\" data-end=\"1935\" \/>E-ticaret, hizmet, dan\u0131\u015fmanl\u0131k, SaaS ve uluslararas\u0131 faaliyet g\u00f6steren \u015firketler i\u00e7in en uygun eyaletler.<\/li>\n<li data-start=\"2042\" data-end=\"2189\"><strong data-start=\"2042\" data-end=\"2099\">Yayg\u0131n Yap\u0131lan Hatalar ve Ka\u00e7\u0131n\u0131lmas\u0131 Gereken Riskler<\/strong><br data-start=\"2099\" data-end=\"2102\" \/>\u015eirket kurulu\u015funda s\u0131k yap\u0131lan yanl\u0131\u015flar ve uzun vadede sorun yaratan eyalet se\u00e7imleri.<\/li>\n<li data-start=\"2191\" data-end=\"2353\"><strong data-start=\"2191\" data-end=\"2221\">Canl\u0131 Soru \u2013 Cevap Oturumu<\/strong><br data-start=\"2221\" data-end=\"2224\" \/>Manay CPA <span data-contrast=\"none\">K\u0131demli Muhasebe Uzman\u0131<\/span> Ayberk Yavuz&#8217;a \u015firket kurulu\u015fu ve eyalet se\u00e7imiyle ilgili t\u00fcm sorular\u0131n\u0131z\u0131 do\u011frudan sorma f\u0131rsat\u0131.<\/li>\n<\/ul>\n<h2><b><span data-contrast=\"none\">Kimler\u00a0Kat\u0131lmal\u0131?<\/span><\/b><span data-ccp-props=\"{}\">\u00a0<\/span><\/h2>\n<ul>\n<li aria-setsize=\"-1\" data-leveltext=\"\uf0b7\" data-font=\"Symbol\" data-listid=\"3\" data-list-defn-props=\"{&quot;335552541&quot;:1,&quot;335559685&quot;:720,&quot;335559991&quot;:360,&quot;469769226&quot;:&quot;Symbol&quot;,&quot;469769242&quot;:[8226],&quot;469777803&quot;:&quot;left&quot;,&quot;469777804&quot;:&quot;\uf0b7&quot;,&quot;469777815&quot;:&quot;multilevel&quot;}\" data-aria-posinset=\"1\" data-aria-level=\"1\">Amerika\u2019da \u015firket kurmay\u0131 planlayan giri\u015fimciler<\/li>\n<li aria-setsize=\"-1\" data-leveltext=\"\uf0b7\" data-font=\"Symbol\" data-listid=\"3\" data-list-defn-props=\"{&quot;335552541&quot;:1,&quot;335559685&quot;:720,&quot;335559991&quot;:360,&quot;469769226&quot;:&quot;Symbol&quot;,&quot;469769242&quot;:[8226],&quot;469777803&quot;:&quot;left&quot;,&quot;469777804&quot;:&quot;\uf0b7&quot;,&quot;469777815&quot;:&quot;multilevel&quot;}\" data-aria-posinset=\"1\" data-aria-level=\"1\">Mevcut ABD \u015firketini farkl\u0131 bir eyalette yap\u0131land\u0131rmay\u0131 d\u00fc\u015f\u00fcnenler<\/li>\n<li aria-setsize=\"-1\" data-leveltext=\"\uf0b7\" data-font=\"Symbol\" data-listid=\"3\" data-list-defn-props=\"{&quot;335552541&quot;:1,&quot;335559685&quot;:720,&quot;335559991&quot;:360,&quot;469769226&quot;:&quot;Symbol&quot;,&quot;469769242&quot;:[8226],&quot;469777803&quot;:&quot;left&quot;,&quot;469777804&quot;:&quot;\uf0b7&quot;,&quot;469777815&quot;:&quot;multilevel&quot;}\" data-aria-posinset=\"1\" data-aria-level=\"1\">Vergi avantajlar\u0131n\u0131 do\u011fru eyalet se\u00e7imiyle optimize etmek isteyenler<\/li>\n<li aria-setsize=\"-1\" data-leveltext=\"\uf0b7\" data-font=\"Symbol\" data-listid=\"3\" data-list-defn-props=\"{&quot;335552541&quot;:1,&quot;335559685&quot;:720,&quot;335559991&quot;:360,&quot;469769226&quot;:&quot;Symbol&quot;,&quot;469769242&quot;:[8226],&quot;469777803&quot;:&quot;left&quot;,&quot;469777804&quot;:&quot;\uf0b7&quot;,&quot;469777815&quot;:&quot;multilevel&quot;}\" data-aria-posinset=\"1\" data-aria-level=\"1\">ABD pazar\u0131na girmeyi hedefleyen T\u00fcrk yat\u0131r\u0131mc\u0131lar ve i\u015fletme sahipleri<\/li>\n<\/ul>\n<p>[\/vc_column_text][\/vc_column_inner][\/vc_row_inner][\/vc_column][\/vc_row][vc_row][vc_column][\/vc_column][\/vc_row]<\/p>\n<\/div>","protected":false},"excerpt":{"rendered":"<p>[vc_row full_width=&#8221;stretch_row&#8221; content_placement=&#8221;middle&#8221; css=&#8221;.vc_custom_1707940799286{padding-top: 40px !important;padding-bottom: 40px !important;background-color: #eeeeee !important;}&#8221; el_class=&#8221;okan_test&#8221;][vc_column width=&#8221;1\/2&#8243; offset=&#8221;vc_col-lg-6 vc_col-md-12&#8243;][vc_row_inner css=&#8221;.vc_custom_1767626344722{padding-top: 70px !important;}&#8221;][vc_column_inner css=&#8221;.vc_custom_1761233083994{padding-top: 40px !important;padding-right: 0px !important;padding-left: 0px !important;}&#8221; offset=&#8221;vc_col-lg-offset-0 vc_col-lg-12 vc_col-md-offset-1 vc_col-md-12 vc_col-sm-offset-0&#8243;][vc_single_image image=&#8221;64476&#8243; [&hellip;]<\/p>\n","protected":false},"author":19,"featured_media":0,"parent":57104,"menu_order":0,"comment_status":"closed","ping_status":"closed","template":"","meta":{"footnotes":""},"class_list":["post-64474","page","type-page","status-publish","hentry"],"_links":{"self":[{"href":"https:\/\/www.manaycpa.com\/tr\/wp-json\/wp\/v2\/pages\/64474","targetHints":{"allow":["GET"]}}],"collection":[{"href":"https:\/\/www.manaycpa.com\/tr\/wp-json\/wp\/v2\/pages"}],"about":[{"href":"https:\/\/www.manaycpa.com\/tr\/wp-json\/wp\/v2\/types\/page"}],"author":[{"embeddable":true,"href":"https:\/\/www.manaycpa.com\/tr\/wp-json\/wp\/v2\/users\/19"}],"replies":[{"embeddable":true,"href":"https:\/\/www.manaycpa.com\/tr\/wp-json\/wp\/v2\/comments?post=64474"}],"version-history":[{"count":9,"href":"https:\/\/www.manaycpa.com\/tr\/wp-json\/wp\/v2\/pages\/64474\/revisions"}],"predecessor-version":[{"id":64550,"href":"https:\/\/www.manaycpa.com\/tr\/wp-json\/wp\/v2\/pages\/64474\/revisions\/64550"}],"up":[{"embeddable":true,"href":"https:\/\/www.manaycpa.com\/tr\/wp-json\/wp\/v2\/pages\/57104"}],"wp:attachment":[{"href":"https:\/\/www.manaycpa.com\/tr\/wp-json\/wp\/v2\/media?parent=64474"}],"curies":[{"name":"wp","href":"https:\/\/api.w.org\/{rel}","templated":true}]}}