{"id":64577,"date":"2026-01-15T16:35:25","date_gmt":"2026-01-15T20:35:25","guid":{"rendered":"https:\/\/www.manaycpa.com\/?page_id=64577"},"modified":"2026-01-15T17:33:37","modified_gmt":"2026-01-15T21:33:37","slug":"amerikada-eyaletler-arasi-vergi-uyumu-nexus-ve-vergi-yukumlulukleri","status":"publish","type":"page","link":"https:\/\/www.manaycpa.com\/tr\/webinar\/amerikada-eyaletler-arasi-vergi-uyumu-nexus-ve-vergi-yukumlulukleri\/","title":{"rendered":"Amerika\u2019da Eyaletler Aras\u0131 Vergi Uyumu: Nexus ve Vergi Y\u00fck\u00fcml\u00fcl\u00fckleri"},"content":{"rendered":"<div class=\"wpb-content-wrapper\"><p>[vc_row full_width=&#8221;stretch_row&#8221; content_placement=&#8221;middle&#8221; css=&#8221;.vc_custom_1707940799286{padding-top: 40px !important;padding-bottom: 40px !important;background-color: #eeeeee !important;}&#8221; el_class=&#8221;okan_test&#8221;][vc_column width=&#8221;1\/2&#8243; offset=&#8221;vc_col-lg-6 vc_col-md-12&#8243;][vc_row_inner css=&#8221;.vc_custom_1767626344722{padding-top: 70px !important;}&#8221;][vc_column_inner css=&#8221;.vc_custom_1761233083994{padding-top: 40px !important;padding-right: 0px !important;padding-left: 0px !important;}&#8221; offset=&#8221;vc_col-lg-offset-0 vc_col-lg-12 vc_col-md-offset-1 vc_col-md-12 vc_col-sm-offset-0&#8243;][vc_single_image image=&#8221;64579&#8243; img_size=&#8221;full&#8221; alignment=&#8221;center&#8221; css_animation=&#8221;fadeIn&#8221; css=&#8221;.vc_custom_1768512812757{margin-bottom: 0px !important;}&#8221;][\/vc_column_inner][\/vc_row_inner][\/vc_column][vc_column width=&#8221;1\/2&#8243; css=&#8221;.vc_custom_1539591979391{padding-left: 0px !important;}&#8221; offset=&#8221;vc_col-lg-6 vc_col-md-12&#8243;][vc_row_inner content_placement=&#8221;middle&#8221; css=&#8221;.vc_custom_1767626265048{padding-top: 100px !important;}&#8221;][vc_column_inner width=&#8221;5\/6&#8243; css=&#8221;.vc_custom_1707938047102{padding-right: 0px !important;padding-left: 0px !important;}&#8221; offset=&#8221;vc_col-lg-offset-2 vc_col-lg-10 vc_col-md-offset-2 vc_col-md-10&#8243;]<header class=\"kd-section-title col-lg-12 text-left  kd-animated fadeIn  \" data-animation-delay=200><h2 class=\"separator_off\" >\u0130zlemek \u0130\u00e7in Formu Doldurun<\/h2><\/header>[vc_raw_js]JTNDc2NyaXB0JTIwY2hhcnNldCUzRCUyMnV0Zi04JTIyJTIwdHlwZSUzRCUyMnRleHQlMkZqYXZhc2NyaXB0JTIyJTIwc3JjJTNEJTIyJTJGJTJGanMuaHNmb3Jtcy5uZXQlMkZmb3JtcyUyRmVtYmVkJTJGdjIuanMlMjIlM0UlM0MlMkZzY3JpcHQlM0UlMEElM0NzY3JpcHQlM0UlMEElMjAlMjBoYnNwdC5mb3Jtcy5jcmVhdGUlMjglN0IlMEElMjAlMjAlMjAlMjBwb3J0YWxJZCUzQSUyMCUyMjY4NTU2NzQlMjIlMkMlMEElMjAlMjAlMjAlMjBmb3JtSWQlM0ElMjAlMjIwOWExY2I5YS04YWEwLTQ0NmEtODU2ZS1jYjkxY2JiMjM4ZTYlMjIlMkMlMEElMjAlMjAlMjAlMjByZWdpb24lM0ElMjAlMjJuYTElMjIlMEElMjAlMjAlN0QlMjklM0IlMEElM0MlMkZzY3JpcHQlM0U=[\/vc_raw_js][\/vc_column_inner][\/vc_row_inner][\/vc_column][\/vc_row][vc_row full_width=&#8221;stretch_row&#8221; css=&#8221;.vc_custom_1707938357558{padding-top: 40px !important;padding-bottom: 40px !important;}&#8221;][vc_column width=&#8221;1\/2&#8243; offset=&#8221;vc_col-lg-12 vc_col-md-12&#8243;][vc_row_inner css=&#8221;.vc_custom_1539591907369{margin-top: 30px !important;}&#8221;][vc_column_inner css=&#8221;.vc_custom_1707936513652{padding-right: 0px !important;padding-left: 0px !important;}&#8221; offset=&#8221;vc_col-lg-offset-0 vc_col-lg-12 vc_col-md-offset-1 vc_col-md-12 vc_col-sm-offset-0&#8243;]<header class=\"kd-section-title col-lg-12 text-left  kd-animated fadeIn  \" data-animation-delay=200><h2 class=\"separator_off\" >Amerika\u2019da Eyaletler Aras\u0131 Vergi Uyumu: Nexus ve Vergi Y\u00fck\u00fcml\u00fcl\u00fckleri<\/h2><\/header>[\/vc_column_inner][\/vc_row_inner][vc_row_inner css=&#8221;.vc_custom_1764174807017{margin-top: 10px !important;margin-right: 10px !important;margin-bottom: 35px !important;}&#8221;][vc_column_inner css=&#8221;.vc_custom_1707936191448{padding-left: 0px !important;}&#8221; offset=&#8221;vc_col-lg-offset-0 vc_col-lg-12 vc_col-md-offset-1 vc_col-md-12 vc_col-xs-12&#8243;][vc_column_text css_animation=&#8221;fadeIn&#8221; css=&#8221;&#8221;]<\/p>\n<p aria-level=\"2\"><strong>ABD\u2019de\u00a0yeni\u00a0vergi\u00a0sezonu\u00a0yakla\u015f\u0131yor!\u00a0<\/strong><\/p>\n<p data-start=\"175\" data-end=\"518\">Amerika\u2019da birden fazla eyalette faaliyet g\u00f6steren ya da faaliyet g\u00f6stermeyi planlayan i\u015fletmeler i\u00e7in en kritik konulardan biri <strong data-start=\"304\" data-end=\"343\">eyaletler aras\u0131 vergi uyumu (Nexus)<\/strong> ve buna ba\u011fl\u0131 do\u011fan vergi y\u00fck\u00fcml\u00fcl\u00fckleridir. Nexus\u2019un do\u011fru analiz edilmemesi, beklenmedik vergi bor\u00e7lar\u0131, cezalar ve uyum riskleriyle kar\u015f\u0131 kar\u015f\u0131ya kalman\u0131za neden olabilir.<\/p>\n<p data-start=\"520\" data-end=\"877\">Manay CPA uzmanl\u0131\u011f\u0131yla d\u00fczenlenen bu <strong data-start=\"557\" data-end=\"585\">\u00fccretsiz canl\u0131 webinarda<\/strong>, Amerika\u2019da eyaletler aras\u0131 faaliyet g\u00f6steren i\u015fletmeler i\u00e7in nexus kavram\u0131n\u0131 t\u00fcm y\u00f6nleriyle ele al\u0131yoruz. Fiziksel ve ekonomik nexus\u2019un ne anlama geldi\u011fini, hangi durumlarda hangi eyaletlerde vergi y\u00fck\u00fcml\u00fcl\u00fc\u011f\u00fc do\u011fdu\u011funu ve bu y\u00fck\u00fcml\u00fcl\u00fcklerin nas\u0131l y\u00f6netilece\u011fini net \u00f6rneklerle a\u00e7\u0131kl\u0131yoruz.<\/p>\n<p data-start=\"879\" data-end=\"1043\">Amerika\u2019da vergi risklerinizi do\u011fru y\u00f6netmek, eyalet bazl\u0131 y\u00fck\u00fcml\u00fcl\u00fcklerinizi \u00f6nceden g\u00f6rmek ve uyumlu bir \u015fekilde ilerlemek istiyorsan\u0131z, bu webinar tam size g\u00f6re.<\/p>\n<p><b><span data-contrast=\"none\">\ud83d\udcc5<\/span><\/b><b><span data-contrast=\"none\">\u00a0Tarih:<\/span><\/b><span data-contrast=\"none\"> 5 \u015eubat 2026<\/span><br \/>\n<b><span data-contrast=\"none\">\ud83d\udd51<\/span><\/b><b><span data-contrast=\"none\">\u00a0Saat:<\/span><\/b><span data-contrast=\"none\">\u00a020:00 (T\u00fcrkiye Saati) \/ 12:00 PM (EST)<\/span><span data-ccp-props=\"{}\">\u00a0<\/span><\/p>\n<p><b><span data-contrast=\"none\">\ud83c\udfa4<\/span><\/b><b><span data-contrast=\"none\">\u00a0Konu\u015fmac\u0131lar:<\/span><\/b><span data-ccp-props=\"{}\">\u00a0<\/span><\/p>\n<ul>\n<li aria-setsize=\"-1\" data-leveltext=\"\uf0b7\" data-font=\"Symbol\" data-listid=\"1\" data-list-defn-props=\"{&quot;335552541&quot;:1,&quot;335559685&quot;:720,&quot;335559991&quot;:360,&quot;469769226&quot;:&quot;Symbol&quot;,&quot;469769242&quot;:[8226],&quot;469777803&quot;:&quot;left&quot;,&quot;469777804&quot;:&quot;\uf0b7&quot;,&quot;469777815&quot;:&quot;multilevel&quot;}\" data-aria-posinset=\"1\" data-aria-level=\"1\"><b><span data-contrast=\"none\">Meltem\u00a0\u00c7erci<\/span><\/b><span data-contrast=\"none\">\u00a0\u2013Manay CPA,\u00a0K\u0131demli\u00a0Sat\u0131\u015f\u00a0Uzman\u0131<\/span><span data-ccp-props=\"{}\">\u00a0<\/span><\/li>\n<\/ul>\n<ul>\n<li aria-setsize=\"-1\" data-leveltext=\"\uf0b7\" data-font=\"Symbol\" data-listid=\"1\" data-list-defn-props=\"{&quot;335552541&quot;:1,&quot;335559685&quot;:720,&quot;335559991&quot;:360,&quot;469769226&quot;:&quot;Symbol&quot;,&quot;469769242&quot;:[8226],&quot;469777803&quot;:&quot;left&quot;,&quot;469777804&quot;:&quot;\uf0b7&quot;,&quot;469777815&quot;:&quot;multilevel&quot;}\" data-aria-posinset=\"2\" data-aria-level=\"1\"><b><span data-contrast=\"none\">Tuana Bekira\u011fao\u011flu <\/span><\/b><span data-contrast=\"none\">\u2013 Manay CPA, K\u0131demli Muhasebe Uzman\u0131<\/span><\/li>\n<\/ul>\n<h2><b><span data-contrast=\"none\">Webinarda\u00a0Neler\u00a0\u00d6\u011freneceksiniz?<\/span><\/b><span data-ccp-props=\"{}\">\u00a0<\/span><\/h2>\n<ul>\n<li data-start=\"1302\" data-end=\"1415\"><strong data-start=\"1302\" data-end=\"1333\">Nexus Kavram\u0131na Genel Bak\u0131\u015f<\/strong><br data-start=\"1333\" data-end=\"1336\" \/>Fiziksel nexus, ekonomik nexus ve eyaletlere g\u00f6re farkl\u0131l\u0131k g\u00f6steren kriterler.<\/li>\n<li data-start=\"1417\" data-end=\"1543\"><strong data-start=\"1417\" data-end=\"1457\">Eyaletler Aras\u0131 Vergi Y\u00fck\u00fcml\u00fcl\u00fckleri<\/strong><br data-start=\"1457\" data-end=\"1460\" \/>Gelir vergisi, sales tax ve di\u011fer eyalet bazl\u0131 vergilerin hangi durumlarda do\u011fdu\u011fu.<\/li>\n<li data-start=\"1545\" data-end=\"1679\"><strong data-start=\"1545\" data-end=\"1584\">Faaliyet T\u00fcr\u00fcne G\u00f6re Nexus Riskleri<\/strong><br data-start=\"1584\" data-end=\"1587\" \/>E-ticaret, hizmet, dan\u0131\u015fmanl\u0131k, SaaS ve uzaktan \u00e7al\u0131\u015fan ekiplerin nexus \u00fczerindeki etkileri.<\/li>\n<li data-start=\"1681\" data-end=\"1798\"><strong data-start=\"1681\" data-end=\"1724\">Yayg\u0131n Yap\u0131lan Hatalar ve Uyum Riskleri<\/strong><br data-start=\"1724\" data-end=\"1727\" \/>\u0130\u015fletmelerin en s\u0131k d\u00fc\u015ft\u00fc\u011f\u00fc hatalar ve cezaya yol a\u00e7an kritik noktalar.<\/li>\n<li data-start=\"1800\" data-end=\"1990\"><strong data-start=\"1800\" data-end=\"1830\">Canl\u0131 Soru \u2013 Cevap Oturumu<\/strong><br data-start=\"1830\" data-end=\"1833\" \/>Manay CPA K\u0131demli Muhasebe Uzman\u0131 <strong data-start=\"1867\" data-end=\"1892\">Tuana Bekira\u011fao\u011flu\u2019na<\/strong>, nexus ve eyaletler aras\u0131 vergi y\u00fck\u00fcml\u00fcl\u00fckleriyle ilgili sorular\u0131n\u0131z\u0131 canl\u0131 olarak sorma f\u0131rsat\u0131.<\/li>\n<\/ul>\n<h2><b><span data-contrast=\"none\">Kimler\u00a0Kat\u0131lmal\u0131?<\/span><\/b><span data-ccp-props=\"{}\">\u00a0<\/span><\/h2>\n<ul>\n<li>Amerika\u2019da birden fazla eyalette faaliyet g\u00f6steren i\u015fletme sahipleri<\/li>\n<li>E-ticaret ve online sat\u0131\u015f yapan giri\u015fimciler<\/li>\n<li>ABD\u2019de b\u00fcy\u00fcmeyi planlayan \u015firketler<\/li>\n<li>Eyaletler aras\u0131 vergi risklerini do\u011fru y\u00f6netmek isteyen yat\u0131r\u0131mc\u0131lar<\/li>\n<\/ul>\n<p>[\/vc_column_text][\/vc_column_inner][\/vc_row_inner][\/vc_column][\/vc_row][vc_row][vc_column][\/vc_column][\/vc_row]<\/p>\n<\/div>","protected":false},"excerpt":{"rendered":"<p>[vc_row full_width=&#8221;stretch_row&#8221; content_placement=&#8221;middle&#8221; css=&#8221;.vc_custom_1707940799286{padding-top: 40px !important;padding-bottom: 40px !important;background-color: #eeeeee !important;}&#8221; el_class=&#8221;okan_test&#8221;][vc_column width=&#8221;1\/2&#8243; offset=&#8221;vc_col-lg-6 vc_col-md-12&#8243;][vc_row_inner css=&#8221;.vc_custom_1767626344722{padding-top: 70px !important;}&#8221;][vc_column_inner css=&#8221;.vc_custom_1761233083994{padding-top: 40px !important;padding-right: 0px !important;padding-left: 0px !important;}&#8221; offset=&#8221;vc_col-lg-offset-0 vc_col-lg-12 vc_col-md-offset-1 vc_col-md-12 vc_col-sm-offset-0&#8243;][vc_single_image image=&#8221;64579&#8243; [&hellip;]<\/p>\n","protected":false},"author":19,"featured_media":0,"parent":57104,"menu_order":0,"comment_status":"closed","ping_status":"closed","template":"","meta":{"footnotes":""},"class_list":["post-64577","page","type-page","status-publish","hentry"],"_links":{"self":[{"href":"https:\/\/www.manaycpa.com\/tr\/wp-json\/wp\/v2\/pages\/64577","targetHints":{"allow":["GET"]}}],"collection":[{"href":"https:\/\/www.manaycpa.com\/tr\/wp-json\/wp\/v2\/pages"}],"about":[{"href":"https:\/\/www.manaycpa.com\/tr\/wp-json\/wp\/v2\/types\/page"}],"author":[{"embeddable":true,"href":"https:\/\/www.manaycpa.com\/tr\/wp-json\/wp\/v2\/users\/19"}],"replies":[{"embeddable":true,"href":"https:\/\/www.manaycpa.com\/tr\/wp-json\/wp\/v2\/comments?post=64577"}],"version-history":[{"count":5,"href":"https:\/\/www.manaycpa.com\/tr\/wp-json\/wp\/v2\/pages\/64577\/revisions"}],"predecessor-version":[{"id":64592,"href":"https:\/\/www.manaycpa.com\/tr\/wp-json\/wp\/v2\/pages\/64577\/revisions\/64592"}],"up":[{"embeddable":true,"href":"https:\/\/www.manaycpa.com\/tr\/wp-json\/wp\/v2\/pages\/57104"}],"wp:attachment":[{"href":"https:\/\/www.manaycpa.com\/tr\/wp-json\/wp\/v2\/media?parent=64577"}],"curies":[{"name":"wp","href":"https:\/\/api.w.org\/{rel}","templated":true}]}}