{"id":64720,"date":"2026-01-29T15:35:21","date_gmt":"2026-01-29T19:35:21","guid":{"rendered":"https:\/\/www.manaycpa.com\/?page_id=64720"},"modified":"2026-01-29T15:35:21","modified_gmt":"2026-01-29T19:35:21","slug":"aslihan-aksoy","status":"publish","type":"page","link":"https:\/\/www.manaycpa.com\/tr\/hakkimizda\/ekibimiz\/aslihan-aksoy\/","title":{"rendered":"Asl\u0131han Aksoy"},"content":{"rendered":"<div class=\"wpb-content-wrapper\"><p>[vc_row full_width=&#8221;stretch_row&#8221; css=&#8221;.vc_custom_1629917069344{padding-top: 100px !important;padding-bottom: 80px !important;background-image: url(https:\/\/www.manaycpa.com\/wp-content\/uploads\/2021\/02\/team-manay-1s.jpg?id=8423) !important;}&#8221;][vc_column][vc_row_inner][vc_column_inner][vc_empty_space height=&#8221;50px&#8221;]<header class=\"kd-section-title col-lg-12 text-center  kd-animated fadeIn   vc_custom_1769714433473\" data-animation-delay=200><h2 class=\"separator_off\" style=\"color: #ffffff;font-size: 46px !important;\">Manay CPA Ekibi<\/h2><h6 class=\"subtitle \" style=\"color: #ffffff;\">\u0130\u015f d\u00fcnyas\u0131ndaki uzun y\u0131llard\u0131r s\u00fcregelen uzmanl\u0131\u011f\u0131m\u0131z ile her zaman size yard\u0131m etmeye haz\u0131r\u0131z.<\/h6><\/header>[\/vc_column_inner][\/vc_row_inner][\/vc_column][\/vc_row][vc_row][vc_column width=&#8221;1\/4&#8243; offset=&#8221;vc_col-lg-1&#8243;][\/vc_column][vc_column width=&#8221;1\/4&#8243; offset=&#8221;vc_col-lg-6&#8243;][vc_empty_space height=&#8221;50px&#8221;]<header class=\"kd-section-title col-lg-12 text-left  kd-animated fadeIn  \" data-animation-delay=200><h1 class=\"separator_off\" style=\"font-size: 37px !important;line-height: 44px;\">Aslihan Aksoy<\/h1><\/header><header class=\"kd-section-title col-lg-12 text-left  kd-animated fadeIn  \" data-animation-delay=200><h2 class=\"separator_off\" style=\"font-size: 22px !important;line-height: 44px;\">Accounting Jr. Associate<\/h2><\/header>[vc_empty_space height=&#8221;20px&#8221;]<a href=\"https:\/\/www.linkedin.com\/in\/asl%C4%B1hanaks0y\/\" target=\"_blank\" title=\"https:\/\/www.linkedin.com\/in\/asl%C4%B1hanaks0y\/\" class=\"tt_button tt_primary_button btn_primary_color  pull-left button-action-link\" rel=\"nofollow noopener\"><span class=\"prim_text\">L\u0131nkedIn<\/span><\/a>[\/vc_column][vc_column width=&#8221;1\/4&#8243; offset=&#8221;vc_col-lg-4&#8243;][vc_empty_space height=&#8221;50px&#8221;][vc_single_image image=&#8221;63689&#8243; img_size=&#8221;full&#8221; style=&#8221;vc_box_shadow_border&#8221; css_animation=&#8221;fadeInLeft&#8221; css=&#8221;&#8221;][\/vc_column][vc_column width=&#8221;1\/4&#8243;][\/vc_column][\/vc_row][vc_row css=&#8221;.vc_custom_1613295464983{padding-top: 100px !important;}&#8221;][vc_column width=&#8221;1\/12&#8243; offset=&#8221;vc_col-lg-1&#8243;][\/vc_column][vc_column width=&#8221;2\/3&#8243; css=&#8221;.vc_custom_1614418963997{padding-right: 25px !important;}&#8221; offset=&#8221;vc_col-lg-8 vc_col-md-12 vc_col-xs-12&#8243;][vc_column_text css=&#8221;&#8221;]<span style=\"font-family: georgia, palatino, serif;\"><b><span style=\"font-size: 13.5pt;\">Profesyonel Deneyim<\/span><\/b><\/span><\/p>\n<div class=\"form-element about.about col-md-Full ng-star-inserted\">\n<div id=\"display-value-about-about_about\" class=\"flx align-center hyphenate\">\n<p class=\"xmsonormal\"><span style=\"font-family: georgia, palatino, serif;\">Asl\u0131han, Anadolu \u00dcniversitesi \u0130ngilizce \u0130ktisat b\u00f6l\u00fcm\u00fcnden mezun olmu\u015f ve Erasmus+ program\u0131 kapsam\u0131nda \u0130talya\u2019daki Gabriele D\u2019Annunzio \u00dcniversitesi\u2019nde e\u011fitim g\u00f6rm\u00fc\u015ft\u00fcr. Halen Ankara Hac\u0131 Bayram Veli \u00dcniversitesi\u2019nde \u0130\u015fletme Y\u00fcksek Lisans\u0131 ve Ankara \u00dcniversitesi\u2019nde \u0130statistik Y\u00fcksek Lisans\u0131 yapmaktad\u0131r. Nihat \u00c7uhadar Mali M\u00fc\u015favirlik\u2019te yapt\u0131\u011f\u0131 stajda vergi beyannameleri ve muhasebe s\u00fcre\u00e7lerinde deneyim kazanm\u0131\u015ft\u0131r. Ayr\u0131ca Bilkent Holding\u2019e ba\u011fl\u0131 Tepe Prefabrik A.\u015e. &#8216;de staj yaparak i\u015f geli\u015ftirme ve s\u00f6zle\u015fmeler, proje dok\u00fcmantasyonu ve m\u00fc\u015fteri ili\u015fkilerine katk\u0131da bulunmu\u015ftur.<\/span><\/p>\n<p class=\"xmsonormal\"><span style=\"font-family: georgia, palatino, serif;\"><b><span style=\"font-size: 13.5pt;\">Manay CPA\u2019deki Rol\u00fc<\/span><\/b><\/span><\/p>\n<p class=\"xmsonormal\"><span style=\"font-family: georgia, palatino, serif;\">Manay CPA\u2019de Asl\u0131han, Muhasebe Operasyonlar\u0131 ekibinde g\u00f6rev almakta ve temel finansal alanlarda kapsaml\u0131 muhasebe deste\u011fi sa\u011flamaktad\u0131r. Sorumluluklar\u0131 aras\u0131nda yeni m\u00fc\u015fterilerin onboarding s\u00fcreci, \u015firket kurulu\u015f i\u015flemleri, fatura d\u00fczenleme, amortisman \u00e7izelgelerinin haz\u0131rlanmas\u0131 ve GAAP standartlar\u0131na uygun finansal tablolar\u0131n olu\u015fturulmas\u0131 yer almaktad\u0131r. Ayr\u0131ca \u00e7e\u015fitli vergi beyannamelerinin haz\u0131rlanmas\u0131, vergi ara\u015ft\u0131rmas\u0131 ve dan\u0131\u015fmanl\u0131\u011f\u0131, bireysel ve kurumsal m\u00fc\u015fteriler i\u00e7in bordro i\u015flemlerinin y\u00f6netimi gibi g\u00f6revleri \u00fcstlenmektedir.<\/span><\/p>\n<p class=\"xmsonormal\"><span style=\"font-family: georgia, palatino, serif;\"><b><span style=\"font-size: 13.5pt;\">Ki\u015fisel \u0130lgi Alanlar\u0131<\/span><\/b><\/span><\/p>\n<p class=\"xmsonormal\"><span style=\"font-family: georgia, palatino, serif;\">Asl\u0131han, profesyonel ya\u015fam\u0131n\u0131n d\u0131\u015f\u0131nda yarat\u0131c\u0131l\u0131\u011f\u0131n\u0131 ve \u00f6\u011frenme tutkusunu besleyen aktivitelerle ilgilenir. Dijital \u00e7izim, foto\u011fraf\u00e7\u0131l\u0131k ve yeni diller \u00f6\u011frenmek en \u00f6nemli hobileri aras\u0131ndad\u0131r. \u0130ngilizceyi ileri d\u00fczeyde bilmekte, \u0130talyanca konusunda bilgi sahibi olup Korece \u00f6\u011frenmektedir.<\/span><\/p>\n<\/div>\n<\/div>\n<p>[\/vc_column_text][\/vc_column][\/vc_row][vc_row full_width=&#8221;stretch_row&#8221; css=&#8221;.vc_custom_1614419641251{background-color: #ffffff !important;}&#8221;][vc_column width=&#8221;1\/6&#8243; offset=&#8221;vc_col-lg-2&#8243;][\/vc_column][vc_column width=&#8221;2\/3&#8243; css=&#8221;.vc_custom_1614419340057{padding-right: 0px !important;padding-left: 0px !important;}&#8221; offset=&#8221;vc_col-lg-8&#8243;][vc_row_inner css=&#8221;.vc_custom_1511348683940{padding-top: 100px !important;padding-bottom: 100px !important;}&#8221;][vc_column_inner offset=&#8221;vc_col-lg-12 vc_col-md-12&#8243;][vc_custom_heading text=&#8221;Finansal ipu\u00e7lar\u0131, vergilerinizin son \u00f6deme tarihleri ve di\u011fer vergi stratejileri i\u00e7in b\u00fcltenimize abone olun&#8221; font_container=&#8221;tag:h3|font_size:23px%20!important|text_align:center|line_height:44px&#8221; use_theme_fonts=&#8221;yes&#8221; css_animation=&#8221;fadeIn&#8221; css=&#8221;.vc_custom_1617487578282{margin-bottom: 0px !important;}&#8221;][vc_empty_space height=&#8221;20px&#8221;][vc_raw_js]JTNDc2NyaXB0JTIwY2hhcnNldCUzRCUyMnV0Zi04JTIyJTIwdHlwZSUzRCUyMnRleHQlMkZqYXZhc2NyaXB0JTIyJTIwc3JjJTNEJTIyJTJGJTJGanMuaHNmb3Jtcy5uZXQlMkZmb3JtcyUyRnYyLmpzJTIyJTNFJTNDJTJGc2NyaXB0JTNFJTBBJTNDc2NyaXB0JTNFJTBBJTIwJTIwaGJzcHQuZm9ybXMuY3JlYXRlJTI4JTdCJTBBJTIwJTIwJTIwJTIwcmVnaW9uJTNBJTIwJTIybmExJTIyJTJDJTBBJTIwJTIwJTIwJTIwcG9ydGFsSWQlM0ElMjAlMjI2ODU1Njc0JTIyJTJDJTBBJTIwJTIwJTIwJTIwZm9ybUlkJTNBJTIwJTIyYjZhZGFjZGQtOWQ4Ni00YWI4LWJjYjQtZWY5ZTUzMzM4ZDg2JTIyJTBBJTIwJTIwJTdEJTI5JTNCJTBBJTNDJTJGc2NyaXB0JTNF[\/vc_raw_js][\/vc_column_inner][\/vc_row_inner][\/vc_column][vc_column width=&#8221;1\/6&#8243; offset=&#8221;vc_col-lg-2&#8243;][\/vc_column][\/vc_row]<\/p>\n<\/div>","protected":false},"excerpt":{"rendered":"<p>[vc_row full_width=&#8221;stretch_row&#8221; css=&#8221;.vc_custom_1629917069344{padding-top: 100px !important;padding-bottom: 80px !important;background-image: url(https:\/\/www.manaycpa.com\/wp-content\/uploads\/2021\/02\/team-manay-1s.jpg?id=8423) !important;}&#8221;][vc_column][vc_row_inner][vc_column_inner][vc_empty_space height=&#8221;50px&#8221;][\/vc_column_inner][\/vc_row_inner][\/vc_column][\/vc_row][vc_row][vc_column width=&#8221;1\/4&#8243; offset=&#8221;vc_col-lg-1&#8243;][\/vc_column][vc_column width=&#8221;1\/4&#8243; offset=&#8221;vc_col-lg-6&#8243;][vc_empty_space height=&#8221;50px&#8221;][vc_empty_space height=&#8221;20px&#8221;][\/vc_column][vc_column width=&#8221;1\/4&#8243; offset=&#8221;vc_col-lg-4&#8243;][vc_empty_space height=&#8221;50px&#8221;][vc_single_image image=&#8221;63689&#8243; img_size=&#8221;full&#8221; style=&#8221;vc_box_shadow_border&#8221; css_animation=&#8221;fadeInLeft&#8221; css=&#8221;&#8221;][\/vc_column][vc_column width=&#8221;1\/4&#8243;][\/vc_column][\/vc_row][vc_row css=&#8221;.vc_custom_1613295464983{padding-top: 100px !important;}&#8221;][vc_column width=&#8221;1\/12&#8243; offset=&#8221;vc_col-lg-1&#8243;][\/vc_column][vc_column [&hellip;]<\/p>\n","protected":false},"author":19,"featured_media":0,"parent":9917,"menu_order":0,"comment_status":"closed","ping_status":"closed","template":"","meta":{"footnotes":""},"class_list":["post-64720","page","type-page","status-publish","hentry"],"_links":{"self":[{"href":"https:\/\/www.manaycpa.com\/tr\/wp-json\/wp\/v2\/pages\/64720","targetHints":{"allow":["GET"]}}],"collection":[{"href":"https:\/\/www.manaycpa.com\/tr\/wp-json\/wp\/v2\/pages"}],"about":[{"href":"https:\/\/www.manaycpa.com\/tr\/wp-json\/wp\/v2\/types\/page"}],"author":[{"embeddable":true,"href":"https:\/\/www.manaycpa.com\/tr\/wp-json\/wp\/v2\/users\/19"}],"replies":[{"embeddable":true,"href":"https:\/\/www.manaycpa.com\/tr\/wp-json\/wp\/v2\/comments?post=64720"}],"version-history":[{"count":3,"href":"https:\/\/www.manaycpa.com\/tr\/wp-json\/wp\/v2\/pages\/64720\/revisions"}],"predecessor-version":[{"id":64723,"href":"https:\/\/www.manaycpa.com\/tr\/wp-json\/wp\/v2\/pages\/64720\/revisions\/64723"}],"up":[{"embeddable":true,"href":"https:\/\/www.manaycpa.com\/tr\/wp-json\/wp\/v2\/pages\/9917"}],"wp:attachment":[{"href":"https:\/\/www.manaycpa.com\/tr\/wp-json\/wp\/v2\/media?parent=64720"}],"curies":[{"name":"wp","href":"https:\/\/api.w.org\/{rel}","templated":true}]}}